{"id":8909,"date":"2025-06-18T11:16:17","date_gmt":"2025-06-18T03:16:17","guid":{"rendered":"https:\/\/www.hsymachinery.com\/?post_type=product&#038;p=8909"},"modified":"2025-06-25T20:25:23","modified_gmt":"2025-06-25T12:25:23","slug":"maskin-for-skarning-av-armeringsjarn-gq40a-platt-kniv","status":"publish","type":"product","link":"https:\/\/www.hsymachinery.com\/sv\/produkt\/maskin-for-skarning-av-armeringsjarn-gq40a-platt-kniv\/","title":{"rendered":"Armeringssk\u00e4rningsmaskin GQ40A (platt kniv)"},"content":{"rendered":"<h3 data-start=\"285\" data-end=\"362\">L\u00f6sning f\u00f6r h\u00f6gprecisionssk\u00e4rning av armeringsj\u00e4rn f\u00f6r kr\u00e4vande byggprojekt<\/h3>\n<h3 data-start=\"369\" data-end=\"421\">Produkt\u00f6versikt: Byggd f\u00f6r daglig prestanda<\/h3>\n<p data-start=\"423\" data-end=\"831\">Den <strong data-start=\"427\" data-end=\"471\">Armeringssk\u00e4rningsmaskin GQ40A (platt kniv)<\/strong> \u00e4r en professionell st\u00e5lst\u00e5ngsavbitare som \u00e4r utformad f\u00f6r att m\u00f6ta de dagliga kraven i bygg- och st\u00e5ltillverkningsprojekt. Som en f\u00f6rb\u00e4ttrad version av GQ40-modellen kombinerar den kraftfull prestanda, h\u00f6g precision och enast\u00e5ende h\u00e5llbarhet. Entrepren\u00f6rer \u00f6ver hela v\u00e4rlden anv\u00e4nder den i projekt som v\u00e4gar, broar, tunnlar och byggnader i armerad betong.<\/p>\n<h3 data-start=\"838\" data-end=\"885\">Effektiv sk\u00e4rning med platt knivdesign<\/h3>\n<p data-start=\"887\" data-end=\"1302\">K\u00e4rnan i denna maskin \u00e4r dess <strong data-start=\"924\" data-end=\"953\">sk\u00e4rsystem med platt kniv<\/strong>vilket ger ett rent och j\u00e4mnt snitt f\u00f6r st\u00e5lst\u00e4nger. Konstruktionen ger ett j\u00e4mnt tryck under varje arbetsmoment, vilket f\u00f6rhindrar att armeringsj\u00e4rnen deformeras och minimerar materialf\u00f6rlusten. Den <strong data-start=\"1126\" data-end=\"1170\">Armeringssk\u00e4rningsmaskin GQ40A (platt kniv)<\/strong> kan enkelt hantera st\u00e5lst\u00e4nger med diametrar fr\u00e5n <strong data-start=\"1228\" data-end=\"1243\">6 mm till 32 mm<\/strong>, inklusive rundst\u00e5l, ribbad st\u00e5ng och l\u00e5gkolhaltigt st\u00e5l.<\/p>\n<p data-start=\"1304\" data-end=\"1493\">Dessutom \u00e4r den platta kniven enkel att underh\u00e5lla och byta ut, vilket ger minimal stillest\u00e5ndstid p\u00e5 arbetsplatserna. Den \u00f6verl\u00e4gsna klippf\u00f6rm\u00e5gan f\u00f6rb\u00e4ttrar arbetseffektiviteten och minskar f\u00f6rarens tr\u00f6tthet.<\/p>\n<h3 data-start=\"1500\" data-end=\"1549\">Kraftfull motor och smidig v\u00e4xell\u00e5da<\/h3>\n<p data-start=\"1551\" data-end=\"1837\">Denna modell anv\u00e4nder en <strong data-start=\"1569\" data-end=\"1602\">h\u00f6gpresterande kopparmotor<\/strong> som ger ett starkt vridmoment med l\u00e5g energif\u00f6rbrukning. Den g\u00e5r mjukt med minimalt buller och vibrationer, vilket g\u00f6r den l\u00e4mplig f\u00f6r kontinuerlig anv\u00e4ndning. Den precisionsbearbetade v\u00e4xell\u00e5dan s\u00e4kerst\u00e4ller stabil transmission, \u00e4ven under tung arbetsbelastning.<\/p>\n<p data-start=\"1839\" data-end=\"1979\">Resultatet \u00e4r att maskinen bibeh\u00e5ller sk\u00e4rprecisionen under tusentals operationer, vilket f\u00f6rl\u00e4nger livsl\u00e4ngden p\u00e5 b\u00e5de motor och sk\u00e4rblad.<\/p>\n<h3 data-start=\"1986\" data-end=\"2036\">\u00a0Stark struktur och anv\u00e4ndarv\u00e4nlig mobilitet<\/h3>\n<p data-start=\"2038\" data-end=\"2272\">Maskinkroppen har f\u00f6ljande egenskaper <strong data-start=\"2064\" data-end=\"2101\">konstruktion av h\u00f6gv\u00e4rdigt gjutj\u00e4rn<\/strong>vilket garanterar styrka och vibrationsmotst\u00e5nd. Dessutom \u00e4r den kompakta designen och <strong data-start=\"2188\" data-end=\"2207\">inbyggda hjul<\/strong> g\u00f6r den l\u00e4tt att transportera och flytta, \u00e4ven p\u00e5 oj\u00e4mna ytor.<\/p>\n<p data-start=\"2274\" data-end=\"2456\">Den \u00f6ppningsbara toppluckan ger snabb \u00e5tkomst f\u00f6r underh\u00e5ll och bladbyte. Samtidigt g\u00f6r den manuella spaken att anv\u00e4ndaren kan styra varje snitt med precision och s\u00e4kerhet.<\/p>\n<h3 data-start=\"2463\" data-end=\"2493\">S\u00e4kerhet och anpassningsf\u00f6rm\u00e5ga<\/h3>\n<p data-start=\"2495\" data-end=\"2727\">Den <strong data-start=\"2499\" data-end=\"2543\">Armeringssk\u00e4rningsmaskin GQ40A (platt kniv)<\/strong> har inbyggda s\u00e4kerhetsskydd f\u00f6r att f\u00f6rhindra oavsiktlig kontakt med r\u00f6rliga delar. Man\u00f6vermekanismen \u00e4r enkel, vilket g\u00f6r den idealisk f\u00f6r b\u00e5de kvalificerade arbetare och nyb\u00f6rjare.<\/p>\n<p data-start=\"2729\" data-end=\"2959\">Dessutom st\u00f6der maskinen <strong data-start=\"2760\" data-end=\"2816\">anpassade sp\u00e4nningskonfigurationer (220V\/380V, 50Hz\/60Hz)<\/strong> f\u00f6r kompatibilitet med globala energistandarder. Detta g\u00f6r den mycket l\u00e4mplig f\u00f6r internationella ink\u00f6pare och distribut\u00f6rer av byggutrustning.<\/p>\n<h3 data-start=\"2966\" data-end=\"3013\">\u00a0Varf\u00f6r v\u00e4lja GQ40A Flat Knife Rebar Cutter?<\/h3>\n<ul data-start=\"3015\" data-end=\"3260\">\n<li data-start=\"3015\" data-end=\"3067\">\n<p data-start=\"3017\" data-end=\"3067\">Ger rena, konsekventa snitt f\u00f6r 6-32 mm armeringsj\u00e4rn<\/p>\n<\/li>\n<li data-start=\"3068\" data-end=\"3120\">\n<p data-start=\"3070\" data-end=\"3120\">Stark motor med tillf\u00f6rlitligt vridmoment och h\u00f6g verkningsgrad<\/p>\n<\/li>\n<li data-start=\"3121\" data-end=\"3169\">\n<p data-start=\"3123\" data-end=\"3169\">L\u00e4tt att underh\u00e5lla med snabbt bladbyte<\/p>\n<\/li>\n<li data-start=\"3170\" data-end=\"3218\">\n<p data-start=\"3172\" data-end=\"3218\">Mobil, kompakt och robust f\u00f6r anv\u00e4ndning p\u00e5 byggarbetsplatser<\/p>\n<\/li>\n<li data-start=\"3219\" data-end=\"3260\">\n<p data-start=\"3221\" data-end=\"3260\">Exportf\u00e4rdig med anpassning av sp\u00e4nning<\/p>\n<\/li>\n<\/ul>\n<p data-start=\"3262\" data-end=\"3479\">Oavsett om du arbetar med storskalig infrastruktur eller rutinm\u00e4ssig st\u00e5lbearbetning \u00e4r <strong data-start=\"3349\" data-end=\"3393\"><a href=\"https:\/\/www.hsymachinery.com\/sv\/produkter\/maskin-for-skarning-av-armeringsjarn\/\" target=\"_blank\" rel=\"noopener\">Maskin f\u00f6r sk\u00e4rning av armeringsj\u00e4rn<\/a> GQ40A (platt kniv)<\/strong> ger dig en p\u00e5litlig l\u00f6sning f\u00f6r h\u00f6ghastighetssk\u00e4rning som ger merv\u00e4rde till varje projekt.<\/p>\n<p><iframe title=\"#konstruktion #konstruktionsarbetare #rebar maskin #rebar sk\u00e4rmaskin #rebar sk\u00e4rmaskin #rebar sk\u00e4rmaskin #rebar\" width=\"720\" height=\"405\" src=\"https:\/\/www.youtube.com\/embed\/tdc4TA5-zRc?feature=oembed\" frameborder=\"0\" allow=\"accelerometer; autoplay; clipboard-write; encrypted-media; gyroscope; picture-in-picture; web-share\" referrerpolicy=\"strict-origin-when-cross-origin\" allowfullscreen><\/iframe><\/p>","protected":false},"excerpt":{"rendered":"<p>GQ40A Rebar Cutter med platt kniv ger snabba, j\u00e4mna snitt f\u00f6r 6-32 mm st\u00e5lst\u00e4nger. Idealisk f\u00f6r daglig anv\u00e4ndning p\u00e5 byggarbetsplatser och exportmarknader.<\/p>","protected":false},"featured_media":8910,"template":"","meta":{"_kad_post_transparent":"default","_kad_post_title":"","_kad_post_layout":"default","_kad_post_sidebar_id":"","_kad_post_content_style":"default","_kad_post_vertical_padding":"default","_kad_post_feature":"","_kad_post_feature_position":"","_kad_post_header":false,"_kad_post_footer":false},"product_brand":[],"product_cat":[51],"product_tag":[988,992,990,989,993,985,994,987,984,991,986],"class_list":{"0":"post-8909","1":"product","2":"type-product","3":"status-publish","4":"has-post-thumbnail","6":"product_cat-rebar-cutting-machine","7":"product_tag-automatic-rebar-cutter","8":"product_tag-construction-steel-bar-cutter","9":"product_tag-electric-rebar-cutting-tool","10":"product_tag-hydraulic-rebar-cutting-machine","11":"product_tag-portable-rebar-cutting-machine","12":"product_tag-rebar-cutter","13":"product_tag-rebar-cutting-machine","14":"product_tag-reinforcement-bar-cutter","15":"product_tag-steel-bar-cutting-machine","16":"product_tag-steel-rod-cutter-machine","17":"product_tag-tmt-bar-cutting-machine","19":"first","20":"instock","21":"shipping-taxable","22":"product-type-simple","23":"entry","24":"content-bg","25":"loop-entry"},"yoast_head":"<!-- This site is optimized with the Yoast SEO plugin v25.3.1 - https:\/\/yoast.com\/wordpress\/plugins\/seo\/ -->\n<title>Rebar Cutting Machine GQ40A (Flat knife) - HSY Construction Machinery<\/title>\n<meta name=\"description\" content=\"The Rebar Cutting Machine GQ40A (Flat Knife) cuts 6\u201332mm rebar cleanly and efficiently. Designed for high-volume construction and global export.\" \/>\n<meta name=\"robots\" content=\"index, follow, max-snippet:-1, max-image-preview:large, max-video-preview:-1\" \/>\n<link rel=\"canonical\" href=\"https:\/\/www.hsymachinery.com\/sv\/produkt\/maskin-for-skarning-av-armeringsjarn-gq40a-platt-kniv\/\" \/>\n<meta property=\"og:locale\" content=\"sv_SE\" \/>\n<meta property=\"og:type\" content=\"article\" \/>\n<meta property=\"og:title\" content=\"Rebar Cutting Machine GQ40A (Flat knife) - HSY Construction Machinery\" \/>\n<meta property=\"og:description\" content=\"The Rebar Cutting Machine GQ40A (Flat Knife) cuts 6\u201332mm rebar cleanly and efficiently. Designed for high-volume construction and global export.\" \/>\n<meta property=\"og:url\" content=\"https:\/\/www.hsymachinery.com\/sv\/produkt\/maskin-for-skarning-av-armeringsjarn-gq40a-platt-kniv\/\" \/>\n<meta property=\"og:site_name\" content=\"HSY Construction Machinery\" \/>\n<meta property=\"article:modified_time\" content=\"2025-06-25T12:25:23+00:00\" \/>\n<meta property=\"og:image\" content=\"https:\/\/www.hsymachinery.com\/wp-content\/uploads\/2025\/06\/Rebar-Cutting-Machine-GQ40A-Flat-knife.jpg\" \/>\n\t<meta property=\"og:image:width\" content=\"600\" \/>\n\t<meta property=\"og:image:height\" content=\"600\" \/>\n\t<meta property=\"og:image:type\" content=\"image\/jpeg\" \/>\n<meta name=\"twitter:card\" content=\"summary_large_image\" \/>\n<meta name=\"twitter:label1\" content=\"Ber\u00e4knad l\u00e4stid\" \/>\n\t<meta name=\"twitter:data1\" content=\"3 minuter\" \/>\n<script type=\"application\/ld+json\" class=\"yoast-schema-graph\">{\"@context\":\"https:\/\/schema.org\",\"@graph\":[{\"@type\":\"WebPage\",\"@id\":\"https:\/\/www.hsymachinery.com\/product\/rebar-cutting-machine-gq40a-flat-knife\/\",\"url\":\"https:\/\/www.hsymachinery.com\/product\/rebar-cutting-machine-gq40a-flat-knife\/\",\"name\":\"Rebar Cutting Machine GQ40A (Flat knife) - HSY Construction Machinery\",\"isPartOf\":{\"@id\":\"https:\/\/www.hsymachinery.com\/#website\"},\"primaryImageOfPage\":{\"@id\":\"https:\/\/www.hsymachinery.com\/product\/rebar-cutting-machine-gq40a-flat-knife\/#primaryimage\"},\"image\":{\"@id\":\"https:\/\/www.hsymachinery.com\/product\/rebar-cutting-machine-gq40a-flat-knife\/#primaryimage\"},\"thumbnailUrl\":\"https:\/\/www.hsymachinery.com\/wp-content\/uploads\/2025\/06\/Rebar-Cutting-Machine-GQ40A-Flat-knife.jpg\",\"datePublished\":\"2025-06-18T03:16:17+00:00\",\"dateModified\":\"2025-06-25T12:25:23+00:00\",\"description\":\"The Rebar Cutting Machine GQ40A (Flat Knife) cuts 6\u201332mm rebar cleanly and efficiently. Designed for high-volume construction and global export.\",\"breadcrumb\":{\"@id\":\"https:\/\/www.hsymachinery.com\/product\/rebar-cutting-machine-gq40a-flat-knife\/#breadcrumb\"},\"inLanguage\":\"sv-SE\",\"potentialAction\":[{\"@type\":\"ReadAction\",\"target\":[\"https:\/\/www.hsymachinery.com\/product\/rebar-cutting-machine-gq40a-flat-knife\/\"]}]},{\"@type\":\"ImageObject\",\"inLanguage\":\"sv-SE\",\"@id\":\"https:\/\/www.hsymachinery.com\/product\/rebar-cutting-machine-gq40a-flat-knife\/#primaryimage\",\"url\":\"https:\/\/www.hsymachinery.com\/wp-content\/uploads\/2025\/06\/Rebar-Cutting-Machine-GQ40A-Flat-knife.jpg\",\"contentUrl\":\"https:\/\/www.hsymachinery.com\/wp-content\/uploads\/2025\/06\/Rebar-Cutting-Machine-GQ40A-Flat-knife.jpg\",\"width\":600,\"height\":600},{\"@type\":\"BreadcrumbList\",\"@id\":\"https:\/\/www.hsymachinery.com\/product\/rebar-cutting-machine-gq40a-flat-knife\/#breadcrumb\",\"itemListElement\":[{\"@type\":\"ListItem\",\"position\":1,\"name\":\"home\",\"item\":\"https:\/\/www.hsymachinery.com\/\"},{\"@type\":\"ListItem\",\"position\":2,\"name\":\"products\",\"item\":\"https:\/\/www.hsymachinery.com\/products\/\"},{\"@type\":\"ListItem\",\"position\":3,\"name\":\"Rebar Cutting Machine GQ40A (Flat knife)\"}]},{\"@type\":\"WebSite\",\"@id\":\"https:\/\/www.hsymachinery.com\/#website\",\"url\":\"https:\/\/www.hsymachinery.com\/\",\"name\":\"HSY Construction Machinery\",\"description\":\"HSY Machinery \u2013 A leading China construction machinery supplier, offering a wide range of light construction equipment. Our main products include Rebar Cutting Machine, Rebar Bending Machine, Rebar Stirrup Bending Machine, Rebar Arc Bending Machine, Rebar Straightening Machine, Five-Head Rebar Stirrup Bending Machine, Tamping Rammer, Plate Compactor, Concrete Cutter, Power Trowel, and other construction machinery. We are equipped with advanced CNC machines, and we enforce strict quality inspection standards along with comprehensive after-sales service. If you are interested in our products or services, we warmly welcome your inquiries via message.\",\"publisher\":{\"@id\":\"https:\/\/www.hsymachinery.com\/#organization\"},\"potentialAction\":[{\"@type\":\"SearchAction\",\"target\":{\"@type\":\"EntryPoint\",\"urlTemplate\":\"https:\/\/www.hsymachinery.com\/?s={search_term_string}\"},\"query-input\":{\"@type\":\"PropertyValueSpecification\",\"valueRequired\":true,\"valueName\":\"search_term_string\"}}],\"inLanguage\":\"sv-SE\"},{\"@type\":\"Organization\",\"@id\":\"https:\/\/www.hsymachinery.com\/#organization\",\"name\":\"HSY Construction Machinery\",\"url\":\"https:\/\/www.hsymachinery.com\/\",\"logo\":{\"@type\":\"ImageObject\",\"inLanguage\":\"sv-SE\",\"@id\":\"https:\/\/www.hsymachinery.com\/#\/schema\/logo\/image\/\",\"url\":\"https:\/\/www.hsymachinery.com\/wp-content\/uploads\/2025\/06\/cropped-HSY-machinery.png\",\"contentUrl\":\"https:\/\/www.hsymachinery.com\/wp-content\/uploads\/2025\/06\/cropped-HSY-machinery.png\",\"width\":600,\"height\":240,\"caption\":\"HSY Construction Machinery\"},\"image\":{\"@id\":\"https:\/\/www.hsymachinery.com\/#\/schema\/logo\/image\/\"}}]}<\/script>\n<!-- \/ Yoast SEO plugin. -->","yoast_head_json":{"title":"Armeringssk\u00e4rningsmaskin GQ40A (platt kniv) - HSY Anl\u00e4ggningsmaskiner","description":"Armeringssk\u00e4rningsmaskinen GQ40A (platt kniv) sk\u00e4r 6-32 mm armeringsj\u00e4rn rent och effektivt. Utformad f\u00f6r byggnation av stora volymer och global export.","robots":{"index":"index","follow":"follow","max-snippet":"max-snippet:-1","max-image-preview":"max-image-preview:large","max-video-preview":"max-video-preview:-1"},"canonical":"https:\/\/www.hsymachinery.com\/sv\/produkt\/maskin-for-skarning-av-armeringsjarn-gq40a-platt-kniv\/","og_locale":"sv_SE","og_type":"article","og_title":"Rebar Cutting Machine GQ40A (Flat knife) - HSY Construction Machinery","og_description":"The Rebar Cutting Machine GQ40A (Flat Knife) cuts 6\u201332mm rebar cleanly and efficiently. Designed for high-volume construction and global export.","og_url":"https:\/\/www.hsymachinery.com\/sv\/produkt\/maskin-for-skarning-av-armeringsjarn-gq40a-platt-kniv\/","og_site_name":"HSY Construction Machinery","article_modified_time":"2025-06-25T12:25:23+00:00","og_image":[{"width":600,"height":600,"url":"https:\/\/www.hsymachinery.com\/wp-content\/uploads\/2025\/06\/Rebar-Cutting-Machine-GQ40A-Flat-knife.jpg","type":"image\/jpeg"}],"twitter_card":"summary_large_image","twitter_misc":{"Ber\u00e4knad l\u00e4stid":"3 minuter"},"schema":{"@context":"https:\/\/schema.org","@graph":[{"@type":"WebPage","@id":"https:\/\/www.hsymachinery.com\/product\/rebar-cutting-machine-gq40a-flat-knife\/","url":"https:\/\/www.hsymachinery.com\/product\/rebar-cutting-machine-gq40a-flat-knife\/","name":"Armeringssk\u00e4rningsmaskin GQ40A (platt kniv) - HSY Anl\u00e4ggningsmaskiner","isPartOf":{"@id":"https:\/\/www.hsymachinery.com\/#website"},"primaryImageOfPage":{"@id":"https:\/\/www.hsymachinery.com\/product\/rebar-cutting-machine-gq40a-flat-knife\/#primaryimage"},"image":{"@id":"https:\/\/www.hsymachinery.com\/product\/rebar-cutting-machine-gq40a-flat-knife\/#primaryimage"},"thumbnailUrl":"https:\/\/www.hsymachinery.com\/wp-content\/uploads\/2025\/06\/Rebar-Cutting-Machine-GQ40A-Flat-knife.jpg","datePublished":"2025-06-18T03:16:17+00:00","dateModified":"2025-06-25T12:25:23+00:00","description":"Armeringssk\u00e4rningsmaskinen GQ40A (platt kniv) sk\u00e4r 6-32 mm armeringsj\u00e4rn rent och effektivt. Utformad f\u00f6r byggnation av stora volymer och global export.","breadcrumb":{"@id":"https:\/\/www.hsymachinery.com\/product\/rebar-cutting-machine-gq40a-flat-knife\/#breadcrumb"},"inLanguage":"sv-SE","potentialAction":[{"@type":"ReadAction","target":["https:\/\/www.hsymachinery.com\/product\/rebar-cutting-machine-gq40a-flat-knife\/"]}]},{"@type":"ImageObject","inLanguage":"sv-SE","@id":"https:\/\/www.hsymachinery.com\/product\/rebar-cutting-machine-gq40a-flat-knife\/#primaryimage","url":"https:\/\/www.hsymachinery.com\/wp-content\/uploads\/2025\/06\/Rebar-Cutting-Machine-GQ40A-Flat-knife.jpg","contentUrl":"https:\/\/www.hsymachinery.com\/wp-content\/uploads\/2025\/06\/Rebar-Cutting-Machine-GQ40A-Flat-knife.jpg","width":600,"height":600},{"@type":"BreadcrumbList","@id":"https:\/\/www.hsymachinery.com\/product\/rebar-cutting-machine-gq40a-flat-knife\/#breadcrumb","itemListElement":[{"@type":"ListItem","position":1,"name":"home","item":"https:\/\/www.hsymachinery.com\/"},{"@type":"ListItem","position":2,"name":"products","item":"https:\/\/www.hsymachinery.com\/products\/"},{"@type":"ListItem","position":3,"name":"Rebar Cutting Machine GQ40A (Flat knife)"}]},{"@type":"WebSite","@id":"https:\/\/www.hsymachinery.com\/#website","url":"https:\/\/www.hsymachinery.com\/","name":"HSY Anl\u00e4ggningsmaskiner","description":"HSY Machinery - En ledande leverant\u00f6r av byggmaskiner i Kina som erbjuder ett brett utbud av l\u00e4tt byggutrustning. V\u00e5ra huvudprodukter inkluderar sk\u00e4rmaskin f\u00f6r armering, bockningsmaskin f\u00f6r armering, bockningsmaskin f\u00f6r armeringsj\u00e4rn, bockningsmaskin f\u00f6r armeringsb\u00e5ge, bockningsmaskin f\u00f6r armering, bockningsmaskin f\u00f6r armeringsj\u00e4rn med fem huvuden, stampstamp, plattkomprimator, betongsk\u00e4rare, murspade och andra byggmaskiner. Vi \u00e4r utrustade med avancerade CNC-maskiner och vi till\u00e4mpar strikta kvalitetsinspektionsstandarder tillsammans med omfattande kundservice. Om du \u00e4r intresserad av v\u00e5ra produkter eller tj\u00e4nster, v\u00e4lkomnar vi varmt dina f\u00f6rfr\u00e5gningar via meddelande.","publisher":{"@id":"https:\/\/www.hsymachinery.com\/#organization"},"potentialAction":[{"@type":"SearchAction","target":{"@type":"EntryPoint","urlTemplate":"https:\/\/www.hsymachinery.com\/?s={search_term_string}"},"query-input":{"@type":"PropertyValueSpecification","valueRequired":true,"valueName":"search_term_string"}}],"inLanguage":"sv-SE"},{"@type":"Organization","@id":"https:\/\/www.hsymachinery.com\/#organization","name":"HSY Anl\u00e4ggningsmaskiner","url":"https:\/\/www.hsymachinery.com\/","logo":{"@type":"ImageObject","inLanguage":"sv-SE","@id":"https:\/\/www.hsymachinery.com\/#\/schema\/logo\/image\/","url":"https:\/\/www.hsymachinery.com\/wp-content\/uploads\/2025\/06\/cropped-HSY-machinery.png","contentUrl":"https:\/\/www.hsymachinery.com\/wp-content\/uploads\/2025\/06\/cropped-HSY-machinery.png","width":600,"height":240,"caption":"HSY Construction Machinery"},"image":{"@id":"https:\/\/www.hsymachinery.com\/#\/schema\/logo\/image\/"}}]}},"_links":{"self":[{"href":"https:\/\/www.hsymachinery.com\/sv\/wp-json\/wp\/v2\/product\/8909","targetHints":{"allow":["GET"]}}],"collection":[{"href":"https:\/\/www.hsymachinery.com\/sv\/wp-json\/wp\/v2\/product"}],"about":[{"href":"https:\/\/www.hsymachinery.com\/sv\/wp-json\/wp\/v2\/types\/product"}],"version-history":[{"count":4,"href":"https:\/\/www.hsymachinery.com\/sv\/wp-json\/wp\/v2\/product\/8909\/revisions"}],"predecessor-version":[{"id":9320,"href":"https:\/\/www.hsymachinery.com\/sv\/wp-json\/wp\/v2\/product\/8909\/revisions\/9320"}],"wp:featuredmedia":[{"embeddable":true,"href":"https:\/\/www.hsymachinery.com\/sv\/wp-json\/wp\/v2\/media\/8910"}],"wp:attachment":[{"href":"https:\/\/www.hsymachinery.com\/sv\/wp-json\/wp\/v2\/media?parent=8909"}],"wp:term":[{"taxonomy":"product_brand","embeddable":true,"href":"https:\/\/www.hsymachinery.com\/sv\/wp-json\/wp\/v2\/product_brand?post=8909"},{"taxonomy":"product_cat","embeddable":true,"href":"https:\/\/www.hsymachinery.com\/sv\/wp-json\/wp\/v2\/product_cat?post=8909"},{"taxonomy":"product_tag","embeddable":true,"href":"https:\/\/www.hsymachinery.com\/sv\/wp-json\/wp\/v2\/product_tag?post=8909"}],"curies":[{"name":"wp","href":"https:\/\/api.w.org\/{rel}","templated":true}]}}