{"id":9229,"date":"2025-06-18T21:17:54","date_gmt":"2025-06-18T13:17:54","guid":{"rendered":"https:\/\/www.hsymachinery.com\/?post_type=product&#038;p=9229"},"modified":"2025-06-28T23:48:37","modified_gmt":"2025-06-28T15:48:37","slug":"motorova-lopatka-s-pojazdom-ptr-l100","status":"publish","type":"product","link":"https:\/\/www.hsymachinery.com\/sk\/produkt\/motorova-lopatka-s-pojazdom-ptr-l100\/","title":{"rendered":"Jazdn\u00e1 elektrick\u00e1 lopatka PTR-L100"},"content":{"rendered":"<h2 data-start=\"139\" data-end=\"176\">Jazdn\u00e1 elektrick\u00e1 lopatka PTR-L100<\/h2>\n<h3 data-start=\"177\" data-end=\"289\">PTR-L100 pojazdn\u00e1 bet\u00f3nov\u00e1 stierka s motorom Longxin | Dokon\u010dovacie pr\u00e1ce s ve\u013ek\u00fdm priemerom pre projekty priemyseln\u00fdch dosiek<\/h3>\n<h3 data-start=\"296\" data-end=\"398\">Popis produktu - Longxin-Driven Ride-On Trowel for Efficient Large Slab Concrete Finishing<a href=\"https:\/\/www.hsymachinery.com\/sk\/produkty\/jazda-na-elektrickej-lopatke\/\" target=\"_blank\" rel=\"noopener\"><img fetchpriority=\"high\" decoding=\"async\" class=\"wp-image-9616 alignright\" src=\"https:\/\/www.hsymachinery.com\/wp-content\/uploads\/2025\/06\/Sitting-Type-Power-Trowel-209x300.jpg\" alt=\"\" width=\"451\" height=\"647\" srcset=\"https:\/\/www.hsymachinery.com\/wp-content\/uploads\/2025\/06\/Sitting-Type-Power-Trowel-209x300.jpg 209w, https:\/\/www.hsymachinery.com\/wp-content\/uploads\/2025\/06\/Sitting-Type-Power-Trowel-713x1024.jpg 713w, https:\/\/www.hsymachinery.com\/wp-content\/uploads\/2025\/06\/Sitting-Type-Power-Trowel-768x1103.jpg 768w, https:\/\/www.hsymachinery.com\/wp-content\/uploads\/2025\/06\/Sitting-Type-Power-Trowel-600x862.jpg 600w, https:\/\/www.hsymachinery.com\/wp-content\/uploads\/2025\/06\/Sitting-Type-Power-Trowel.jpg 800w\" sizes=\"(max-width: 451px) 100vw, 451px\" \/><\/a><\/h3>\n<p data-start=\"400\" data-end=\"713\">Str\u00e1nka <strong data-start=\"404\" data-end=\"437\">PTR-L100 pojazdn\u00e1 elektrick\u00e1 lopatka<\/strong> je stroj na \u00fapravu bet\u00f3nu s ve\u013ek\u00fdm priemerom, poh\u00e1\u0148an\u00fd spo\u013eahliv\u00fdm benz\u00ednov\u00fdm motorom Longxin. V\u010faka roz\u0161\u00edren\u00e9mu z\u00e1beru a lep\u0161ej man\u00e9vrovate\u013enosti je tento model ide\u00e1lny pre dod\u00e1vate\u013eov pracuj\u00facich na ve\u013ek\u00fdch ploch\u00e1ch, kde je najd\u00f4le\u017eitej\u0161ia efekt\u00edvnos\u0165 a d\u00f4slednos\u0165.<\/p>\n<p data-start=\"715\" data-end=\"1068\">Stroj je vybaven\u00fd 100 cm syst\u00e9mom dvoch kot\u00fa\u010dov, ktor\u00fd umo\u017e\u0148uje \u0161ir\u0161ie pokrytie pri men\u0161om po\u010dte prejazdov. To nielen skracuje pracovn\u00fd \u010das, ale aj zabezpe\u010duje hladk\u00fd a rovn\u00fd bet\u00f3nov\u00fd povrch. Ovl\u00e1dac\u00ed syst\u00e9m s mo\u017enos\u0165ou jazdy poskytuje lep\u0161\u00ed komfort a vidite\u013enos\u0165, zatia\u013e \u010do kompaktn\u00e1 kon\u0161trukcia riadenia zlep\u0161uje manipul\u00e1ciu na \u0161irok\u00fdch bet\u00f3nov\u00fdch \u00fasekoch.<\/p>\n<p data-start=\"1070\" data-end=\"1467\">V\u010faka motoru Longxin m\u00e1 PTR-L100 stabiln\u00fd chod a siln\u00fd kr\u00fatiaci moment s vynikaj\u00facou spotrebou paliva. Obsluha m\u00f4\u017ee jednoducho nastavi\u0165 sklon no\u017ea a prep\u00edna\u0165 medzi pl\u00e1vaj\u00facim a le\u0161tiacim sp\u00f4sobom v z\u00e1vislosti od stavu dosky. Robustn\u00fd oce\u013eov\u00fd r\u00e1m stroja, prevodovka s vysokou z\u00e1\u0165a\u017eou a antivibra\u010dn\u00e9 sedadlo medzit\u00fdm pom\u00e1haj\u00fa udr\u017eiava\u0165 stabilitu obsluhy a zni\u017euj\u00fa opotrebovanie.<\/p>\n<p data-start=\"1469\" data-end=\"1651\">T\u00e1to pojazdn\u00e1 stierka je ide\u00e1lna na kone\u010dn\u00fa \u00fapravu podl\u00e1h v tov\u00e1r\u0148ach, ve\u013ek\u00fdch skladoch a na komer\u010dn\u00fdch ploch\u00e1ch a zaru\u010duje profesion\u00e1lny v\u00fdsledok na ka\u017edom \u0161tvorcovom metri bet\u00f3nu.<\/p>\n<h3 data-start=\"1658\" data-end=\"1711\">K\u013e\u00fa\u010dov\u00e9 vlastnosti elektrickej stierky na bet\u00f3n PTR-L100<\/h3>\n<ul data-start=\"1713\" data-end=\"2098\">\n<li data-start=\"1713\" data-end=\"1773\">\n<p data-start=\"1715\" data-end=\"1773\">Priemer \u010depele 100 cm na r\u00fdchle a efekt\u00edvne dokon\u010dovanie dosiek<\/p>\n<\/li>\n<li data-start=\"1774\" data-end=\"1842\">\n<p data-start=\"1776\" data-end=\"1842\">Benz\u00ednov\u00fd motor Longxin pon\u00faka siln\u00fd a spo\u013eahliv\u00fd v\u00fdkon<\/p>\n<\/li>\n<li data-start=\"1843\" data-end=\"1899\">\n<p data-start=\"1845\" data-end=\"1899\">Jazdn\u00fd dizajn zvy\u0161uje pohodlie a zni\u017euje \u00fanavu<\/p>\n<\/li>\n<li data-start=\"1900\" data-end=\"1968\">\n<p data-start=\"1902\" data-end=\"1968\">Nastavite\u013en\u00e9 rozstupy no\u017eov umo\u017e\u0148uj\u00fa lep\u0161iu kontrolu kvality povrchovej \u00fapravy<\/p>\n<\/li>\n<li data-start=\"1969\" data-end=\"2033\">\n<p data-start=\"1971\" data-end=\"2033\">Odoln\u00fd r\u00e1m a zosilnen\u00e1 prevodovka pre dlh\u0161iu \u017eivotnos\u0165<\/p>\n<\/li>\n<li data-start=\"2034\" data-end=\"2098\">\n<p data-start=\"2036\" data-end=\"2098\">Vhodn\u00fd na ve\u013ek\u00e9 \u00falohy t\u00fdkaj\u00face sa bet\u00f3nov\u00fdch podl\u00e1h v interi\u00e9ri alebo exteri\u00e9ri<\/p>\n<\/li>\n<\/ul>\n<h3 data-start=\"2105\" data-end=\"2198\">Pou\u017eitie - ur\u010den\u00e9 pre priemyseln\u00e9 sklady, dielne a ve\u013ek\u00e9 bet\u00f3nov\u00e9 plochy<\/h3>\n<p data-start=\"2200\" data-end=\"2428\">PTR-L100 je ide\u00e1lny pre profesion\u00e1lov pracuj\u00facich na priemyseln\u00fdch podlah\u00e1ch, gar\u00e1\u017eov\u00fdch dosk\u00e1ch a parkovac\u00edch podla\u017eiach. V\u010faka vyv\u00e1\u017eenosti v\u00fdkonu, ve\u013ekosti a komfortu obsluhy je to stroj, ktor\u00fd sa hod\u00ed na ve\u013ekoplo\u0161n\u00e9 \u00fapravy bet\u00f3nu.<\/p>\n<p><iframe title=\"elektrick\u00e1 stierka, elektrick\u00e1 stierka s pojazdom, ru\u010dn\u00e1 elektrick\u00e1 stierka, stierka, bet\u00f3n\" width=\"720\" height=\"405\" src=\"https:\/\/www.youtube.com\/embed\/f6bzSaqMaws?feature=oembed\" frameborder=\"0\" allow=\"accelerometer; autoplay; clipboard-write; encrypted-media; gyroscope; picture-in-picture; web-share\" referrerpolicy=\"strict-origin-when-cross-origin\" allowfullscreen><\/iframe><\/p>","protected":false},"excerpt":{"rendered":"<p>PTR-L100 s motorom Longxin poskytuje \u0161irok\u00fd 100 cm z\u00e1ber a efekt\u00edvny v\u00fdkon pre ve\u013ek\u00e9 bet\u00f3nov\u00e9 dosky. Spo\u013eahliv\u00e1 vo\u013eba pre komer\u010dn\u00e9 podlahy.<\/p>","protected":false},"featured_media":9230,"template":"","meta":{"_kad_post_transparent":"default","_kad_post_title":"","_kad_post_layout":"default","_kad_post_sidebar_id":"","_kad_post_content_style":"default","_kad_post_vertical_padding":"default","_kad_post_feature":"","_kad_post_feature_position":"","_kad_post_header":false,"_kad_post_footer":false},"product_brand":[],"product_cat":[58],"product_tag":[1093,1094,1098,1091,1096,1092,1097,1099,1095,1100],"class_list":{"0":"post-9229","1":"product","2":"type-product","3":"status-publish","4":"has-post-thumbnail","6":"product_cat-ride-on-power-trowel","7":"product_tag-concrete-ride-on-trowel","8":"product_tag-concrete-ride-on-trowel-machine","9":"product_tag-concrete-surface-finishing-trowel","10":"product_tag-double-disc-ride-on-power-trowel","11":"product_tag-double-rotor-power-trowel","12":"product_tag-gasoline-ride-on-power-trowel","13":"product_tag-heavy-duty-ride-on-trowel","14":"product_tag-hydraulic-ride-on-trowel","15":"product_tag-ride-on-concrete-finishing-machine","16":"product_tag-ride-on-floor-trowel","18":"first","19":"instock","20":"shipping-taxable","21":"product-type-simple","22":"entry","23":"content-bg","24":"loop-entry"},"yoast_head":"<!-- This site is optimized with the Yoast SEO plugin v25.3.1 - https:\/\/yoast.com\/wordpress\/plugins\/seo\/ -->\n<title>Ride-On Power Trowel PTR-L100 - HSY Construction Machinery<\/title>\n<meta name=\"description\" content=\"PTR-L100 ride-on concrete trowel features a Longxin engine and 100 cm dual disc for fast, consistent finishing on industrial concrete floors.Ride-On Power Trowel PTR-L100\" \/>\n<meta name=\"robots\" content=\"index, follow, max-snippet:-1, max-image-preview:large, max-video-preview:-1\" \/>\n<link rel=\"canonical\" href=\"https:\/\/www.hsymachinery.com\/sk\/produkt\/motorova-lopatka-s-pojazdom-ptr-l100\/\" \/>\n<meta property=\"og:locale\" content=\"sk_SK\" \/>\n<meta property=\"og:type\" content=\"article\" \/>\n<meta property=\"og:title\" content=\"Ride-On Power Trowel PTR-L100 - HSY Construction Machinery\" \/>\n<meta property=\"og:description\" content=\"PTR-L100 ride-on concrete trowel features a Longxin engine and 100 cm dual disc for fast, consistent finishing on industrial concrete floors.Ride-On Power Trowel PTR-L100\" \/>\n<meta property=\"og:url\" content=\"https:\/\/www.hsymachinery.com\/sk\/produkt\/motorova-lopatka-s-pojazdom-ptr-l100\/\" \/>\n<meta property=\"og:site_name\" content=\"HSY Construction Machinery\" \/>\n<meta property=\"article:modified_time\" content=\"2025-06-28T15:48:37+00:00\" \/>\n<meta property=\"og:image\" content=\"https:\/\/www.hsymachinery.com\/wp-content\/uploads\/2025\/06\/Ride-On-Power-Trowel-PTR-L100.jpg\" \/>\n\t<meta property=\"og:image:width\" content=\"800\" \/>\n\t<meta property=\"og:image:height\" content=\"800\" \/>\n\t<meta property=\"og:image:type\" content=\"image\/jpeg\" \/>\n<meta name=\"twitter:card\" content=\"summary_large_image\" \/>\n<meta name=\"twitter:label1\" content=\"Predpokladan\u00fd \u010das \u010d\u00edtania\" \/>\n\t<meta name=\"twitter:data1\" content=\"2 min\u00faty\" \/>\n<script type=\"application\/ld+json\" class=\"yoast-schema-graph\">{\"@context\":\"https:\/\/schema.org\",\"@graph\":[{\"@type\":\"WebPage\",\"@id\":\"https:\/\/www.hsymachinery.com\/product\/ride-on-power-trowel-ptr-l100\/\",\"url\":\"https:\/\/www.hsymachinery.com\/product\/ride-on-power-trowel-ptr-l100\/\",\"name\":\"Ride-On Power Trowel PTR-L100 - HSY Construction Machinery\",\"isPartOf\":{\"@id\":\"https:\/\/www.hsymachinery.com\/#website\"},\"primaryImageOfPage\":{\"@id\":\"https:\/\/www.hsymachinery.com\/product\/ride-on-power-trowel-ptr-l100\/#primaryimage\"},\"image\":{\"@id\":\"https:\/\/www.hsymachinery.com\/product\/ride-on-power-trowel-ptr-l100\/#primaryimage\"},\"thumbnailUrl\":\"https:\/\/www.hsymachinery.com\/wp-content\/uploads\/2025\/06\/Ride-On-Power-Trowel-PTR-L100.jpg\",\"datePublished\":\"2025-06-18T13:17:54+00:00\",\"dateModified\":\"2025-06-28T15:48:37+00:00\",\"description\":\"PTR-L100 ride-on concrete trowel features a Longxin engine and 100 cm dual disc for fast, consistent finishing on industrial concrete floors.Ride-On Power Trowel PTR-L100\",\"breadcrumb\":{\"@id\":\"https:\/\/www.hsymachinery.com\/product\/ride-on-power-trowel-ptr-l100\/#breadcrumb\"},\"inLanguage\":\"sk-SK\",\"potentialAction\":[{\"@type\":\"ReadAction\",\"target\":[\"https:\/\/www.hsymachinery.com\/product\/ride-on-power-trowel-ptr-l100\/\"]}]},{\"@type\":\"ImageObject\",\"inLanguage\":\"sk-SK\",\"@id\":\"https:\/\/www.hsymachinery.com\/product\/ride-on-power-trowel-ptr-l100\/#primaryimage\",\"url\":\"https:\/\/www.hsymachinery.com\/wp-content\/uploads\/2025\/06\/Ride-On-Power-Trowel-PTR-L100.jpg\",\"contentUrl\":\"https:\/\/www.hsymachinery.com\/wp-content\/uploads\/2025\/06\/Ride-On-Power-Trowel-PTR-L100.jpg\",\"width\":800,\"height\":800},{\"@type\":\"BreadcrumbList\",\"@id\":\"https:\/\/www.hsymachinery.com\/product\/ride-on-power-trowel-ptr-l100\/#breadcrumb\",\"itemListElement\":[{\"@type\":\"ListItem\",\"position\":1,\"name\":\"home\",\"item\":\"https:\/\/www.hsymachinery.com\/\"},{\"@type\":\"ListItem\",\"position\":2,\"name\":\"products\",\"item\":\"https:\/\/www.hsymachinery.com\/products\/\"},{\"@type\":\"ListItem\",\"position\":3,\"name\":\"Ride-On Power Trowel PTR-L100\"}]},{\"@type\":\"WebSite\",\"@id\":\"https:\/\/www.hsymachinery.com\/#website\",\"url\":\"https:\/\/www.hsymachinery.com\/\",\"name\":\"HSY Construction Machinery\",\"description\":\"HSY Machinery \u2013 A leading China construction machinery supplier, offering a wide range of light construction equipment. Our main products include Rebar Cutting Machine, Rebar Bending Machine, Rebar Stirrup Bending Machine, Rebar Arc Bending Machine, Rebar Straightening Machine, Five-Head Rebar Stirrup Bending Machine, Tamping Rammer, Plate Compactor, Concrete Cutter, Power Trowel, and other construction machinery. We are equipped with advanced CNC machines, and we enforce strict quality inspection standards along with comprehensive after-sales service. If you are interested in our products or services, we warmly welcome your inquiries via message.\",\"publisher\":{\"@id\":\"https:\/\/www.hsymachinery.com\/#organization\"},\"potentialAction\":[{\"@type\":\"SearchAction\",\"target\":{\"@type\":\"EntryPoint\",\"urlTemplate\":\"https:\/\/www.hsymachinery.com\/?s={search_term_string}\"},\"query-input\":{\"@type\":\"PropertyValueSpecification\",\"valueRequired\":true,\"valueName\":\"search_term_string\"}}],\"inLanguage\":\"sk-SK\"},{\"@type\":\"Organization\",\"@id\":\"https:\/\/www.hsymachinery.com\/#organization\",\"name\":\"HSY Construction Machinery\",\"url\":\"https:\/\/www.hsymachinery.com\/\",\"logo\":{\"@type\":\"ImageObject\",\"inLanguage\":\"sk-SK\",\"@id\":\"https:\/\/www.hsymachinery.com\/#\/schema\/logo\/image\/\",\"url\":\"https:\/\/www.hsymachinery.com\/wp-content\/uploads\/2025\/06\/cropped-HSY-machinery.png\",\"contentUrl\":\"https:\/\/www.hsymachinery.com\/wp-content\/uploads\/2025\/06\/cropped-HSY-machinery.png\",\"width\":600,\"height\":240,\"caption\":\"HSY Construction Machinery\"},\"image\":{\"@id\":\"https:\/\/www.hsymachinery.com\/#\/schema\/logo\/image\/\"}}]}<\/script>\n<!-- \/ Yoast SEO plugin. -->","yoast_head_json":{"title":"Jazdn\u00e1 elektrick\u00e1 lopatka PTR-L100 - Stavebn\u00e9 stroje HSY","description":"Model PTR-L100 je vybaven\u00fd motorom Longxin a 100 cm dvojit\u00fdm kot\u00fa\u010dom na r\u00fdchle a konzistentn\u00e9 dokon\u010dovacie pr\u00e1ce na priemyseln\u00fdch bet\u00f3nov\u00fdch podlah\u00e1ch.Model PTR-L100","robots":{"index":"index","follow":"follow","max-snippet":"max-snippet:-1","max-image-preview":"max-image-preview:large","max-video-preview":"max-video-preview:-1"},"canonical":"https:\/\/www.hsymachinery.com\/sk\/produkt\/motorova-lopatka-s-pojazdom-ptr-l100\/","og_locale":"sk_SK","og_type":"article","og_title":"Ride-On Power Trowel PTR-L100 - HSY Construction Machinery","og_description":"PTR-L100 ride-on concrete trowel features a Longxin engine and 100 cm dual disc for fast, consistent finishing on industrial concrete floors.Ride-On Power Trowel PTR-L100","og_url":"https:\/\/www.hsymachinery.com\/sk\/produkt\/motorova-lopatka-s-pojazdom-ptr-l100\/","og_site_name":"HSY Construction Machinery","article_modified_time":"2025-06-28T15:48:37+00:00","og_image":[{"width":800,"height":800,"url":"https:\/\/www.hsymachinery.com\/wp-content\/uploads\/2025\/06\/Ride-On-Power-Trowel-PTR-L100.jpg","type":"image\/jpeg"}],"twitter_card":"summary_large_image","twitter_misc":{"Predpokladan\u00fd \u010das \u010d\u00edtania":"2 min\u00faty"},"schema":{"@context":"https:\/\/schema.org","@graph":[{"@type":"WebPage","@id":"https:\/\/www.hsymachinery.com\/product\/ride-on-power-trowel-ptr-l100\/","url":"https:\/\/www.hsymachinery.com\/product\/ride-on-power-trowel-ptr-l100\/","name":"Jazdn\u00e1 elektrick\u00e1 lopatka PTR-L100 - Stavebn\u00e9 stroje HSY","isPartOf":{"@id":"https:\/\/www.hsymachinery.com\/#website"},"primaryImageOfPage":{"@id":"https:\/\/www.hsymachinery.com\/product\/ride-on-power-trowel-ptr-l100\/#primaryimage"},"image":{"@id":"https:\/\/www.hsymachinery.com\/product\/ride-on-power-trowel-ptr-l100\/#primaryimage"},"thumbnailUrl":"https:\/\/www.hsymachinery.com\/wp-content\/uploads\/2025\/06\/Ride-On-Power-Trowel-PTR-L100.jpg","datePublished":"2025-06-18T13:17:54+00:00","dateModified":"2025-06-28T15:48:37+00:00","description":"Model PTR-L100 je vybaven\u00fd motorom Longxin a 100 cm dvojit\u00fdm kot\u00fa\u010dom na r\u00fdchle a konzistentn\u00e9 dokon\u010dovacie pr\u00e1ce na priemyseln\u00fdch bet\u00f3nov\u00fdch podlah\u00e1ch.Model PTR-L100","breadcrumb":{"@id":"https:\/\/www.hsymachinery.com\/product\/ride-on-power-trowel-ptr-l100\/#breadcrumb"},"inLanguage":"sk-SK","potentialAction":[{"@type":"ReadAction","target":["https:\/\/www.hsymachinery.com\/product\/ride-on-power-trowel-ptr-l100\/"]}]},{"@type":"ImageObject","inLanguage":"sk-SK","@id":"https:\/\/www.hsymachinery.com\/product\/ride-on-power-trowel-ptr-l100\/#primaryimage","url":"https:\/\/www.hsymachinery.com\/wp-content\/uploads\/2025\/06\/Ride-On-Power-Trowel-PTR-L100.jpg","contentUrl":"https:\/\/www.hsymachinery.com\/wp-content\/uploads\/2025\/06\/Ride-On-Power-Trowel-PTR-L100.jpg","width":800,"height":800},{"@type":"BreadcrumbList","@id":"https:\/\/www.hsymachinery.com\/product\/ride-on-power-trowel-ptr-l100\/#breadcrumb","itemListElement":[{"@type":"ListItem","position":1,"name":"home","item":"https:\/\/www.hsymachinery.com\/"},{"@type":"ListItem","position":2,"name":"products","item":"https:\/\/www.hsymachinery.com\/products\/"},{"@type":"ListItem","position":3,"name":"Ride-On Power Trowel PTR-L100"}]},{"@type":"WebSite","@id":"https:\/\/www.hsymachinery.com\/#website","url":"https:\/\/www.hsymachinery.com\/","name":"Stavebn\u00e9 stroje HSY","description":"HSY Machinery - popredn\u00fd dod\u00e1vate\u013e stavebn\u00fdch strojov v \u010c\u00edne, ktor\u00fd pon\u00faka \u0161irok\u00fd sortiment \u013eahk\u00fdch stavebn\u00fdch strojov. Medzi na\u0161e hlavn\u00e9 produkty patr\u00ed stroj na rezanie ty\u010d\u00ed, stroj na oh\u00fdbanie ty\u010d\u00ed, stroj na oh\u00fdbanie ty\u010d\u00ed, stroj na oh\u00fdbanie obl\u00fakov ty\u010d\u00ed, stroj na rovnanie ty\u010d\u00ed, p\u00e4\u0165hlav\u0148ov\u00fd stroj na oh\u00fdbanie ty\u010d\u00ed, podb\u00edja\u010dka, zhut\u0148ova\u010d dosiek, fr\u00e9za na bet\u00f3n, elektrick\u00e1 stierka a \u010fal\u0161ie stavebn\u00e9 stroje. Sme vybaven\u00ed modern\u00fdmi CNC strojmi a presadzujeme pr\u00edsne normy kontroly kvality spolu s komplexn\u00fdm popredajn\u00fdm servisom. Ak m\u00e1te z\u00e1ujem o na\u0161e v\u00fdrobky alebo slu\u017eby, srde\u010dne priv\u00edtame va\u0161e ot\u00e1zky prostredn\u00edctvom spr\u00e1vy.","publisher":{"@id":"https:\/\/www.hsymachinery.com\/#organization"},"potentialAction":[{"@type":"SearchAction","target":{"@type":"EntryPoint","urlTemplate":"https:\/\/www.hsymachinery.com\/?s={search_term_string}"},"query-input":{"@type":"PropertyValueSpecification","valueRequired":true,"valueName":"search_term_string"}}],"inLanguage":"sk-SK"},{"@type":"Organization","@id":"https:\/\/www.hsymachinery.com\/#organization","name":"Stavebn\u00e9 stroje HSY","url":"https:\/\/www.hsymachinery.com\/","logo":{"@type":"ImageObject","inLanguage":"sk-SK","@id":"https:\/\/www.hsymachinery.com\/#\/schema\/logo\/image\/","url":"https:\/\/www.hsymachinery.com\/wp-content\/uploads\/2025\/06\/cropped-HSY-machinery.png","contentUrl":"https:\/\/www.hsymachinery.com\/wp-content\/uploads\/2025\/06\/cropped-HSY-machinery.png","width":600,"height":240,"caption":"HSY Construction Machinery"},"image":{"@id":"https:\/\/www.hsymachinery.com\/#\/schema\/logo\/image\/"}}]}},"_links":{"self":[{"href":"https:\/\/www.hsymachinery.com\/sk\/wp-json\/wp\/v2\/product\/9229","targetHints":{"allow":["GET"]}}],"collection":[{"href":"https:\/\/www.hsymachinery.com\/sk\/wp-json\/wp\/v2\/product"}],"about":[{"href":"https:\/\/www.hsymachinery.com\/sk\/wp-json\/wp\/v2\/types\/product"}],"version-history":[{"count":2,"href":"https:\/\/www.hsymachinery.com\/sk\/wp-json\/wp\/v2\/product\/9229\/revisions"}],"predecessor-version":[{"id":9622,"href":"https:\/\/www.hsymachinery.com\/sk\/wp-json\/wp\/v2\/product\/9229\/revisions\/9622"}],"wp:featuredmedia":[{"embeddable":true,"href":"https:\/\/www.hsymachinery.com\/sk\/wp-json\/wp\/v2\/media\/9230"}],"wp:attachment":[{"href":"https:\/\/www.hsymachinery.com\/sk\/wp-json\/wp\/v2\/media?parent=9229"}],"wp:term":[{"taxonomy":"product_brand","embeddable":true,"href":"https:\/\/www.hsymachinery.com\/sk\/wp-json\/wp\/v2\/product_brand?post=9229"},{"taxonomy":"product_cat","embeddable":true,"href":"https:\/\/www.hsymachinery.com\/sk\/wp-json\/wp\/v2\/product_cat?post=9229"},{"taxonomy":"product_tag","embeddable":true,"href":"https:\/\/www.hsymachinery.com\/sk\/wp-json\/wp\/v2\/product_tag?post=9229"}],"curies":[{"name":"wp","href":"https:\/\/api.w.org\/{rel}","templated":true}]}}