{"id":9220,"date":"2025-06-18T21:12:28","date_gmt":"2025-06-18T13:12:28","guid":{"rendered":"https:\/\/www.hsymachinery.com\/?post_type=product&#038;p=9220"},"modified":"2025-06-28T23:39:09","modified_gmt":"2025-06-28T15:39:09","slug":"motorova-lopatka-s-pojazdom-ptr-l80","status":"publish","type":"product","link":"https:\/\/www.hsymachinery.com\/sk\/produkt\/motorova-lopatka-s-pojazdom-ptr-l80\/","title":{"rendered":"Jazdn\u00e1 elektrick\u00e1 lopatka PTR-L80"},"content":{"rendered":"<h2 data-start=\"139\" data-end=\"175\">Jazdn\u00e1 elektrick\u00e1 lopatka PTR-L80<\/h2>\n<h3 data-start=\"176\" data-end=\"291\">PTR-L80 pojazdn\u00e1 bet\u00f3nov\u00e1 stierka s benz\u00ednov\u00fdm motorom Longxin | Efekt\u00edvna \u00faprava podl\u00e1h pre stredne ve\u013ek\u00e9 dosky<\/h3>\n<h3 data-start=\"298\" data-end=\"395\">Popis produktu - Spo\u013eahliv\u00e9 hladidlo Longxin s pohonom na hladk\u00e9 bet\u00f3nov\u00e9 povrchy<a href=\"https:\/\/www.hsymachinery.com\/sk\/produkty\/jazda-na-elektrickej-lopatke\/\" target=\"_blank\" rel=\"noopener\"><img fetchpriority=\"high\" decoding=\"async\" class=\"wp-image-9616 alignright\" src=\"https:\/\/www.hsymachinery.com\/wp-content\/uploads\/2025\/06\/Sitting-Type-Power-Trowel-209x300.jpg\" alt=\"\" width=\"451\" height=\"647\" srcset=\"https:\/\/www.hsymachinery.com\/wp-content\/uploads\/2025\/06\/Sitting-Type-Power-Trowel-209x300.jpg 209w, https:\/\/www.hsymachinery.com\/wp-content\/uploads\/2025\/06\/Sitting-Type-Power-Trowel-713x1024.jpg 713w, https:\/\/www.hsymachinery.com\/wp-content\/uploads\/2025\/06\/Sitting-Type-Power-Trowel-768x1103.jpg 768w, https:\/\/www.hsymachinery.com\/wp-content\/uploads\/2025\/06\/Sitting-Type-Power-Trowel-600x862.jpg 600w, https:\/\/www.hsymachinery.com\/wp-content\/uploads\/2025\/06\/Sitting-Type-Power-Trowel.jpg 800w\" sizes=\"(max-width: 451px) 100vw, 451px\" \/><\/a><\/h3>\n<p data-start=\"397\" data-end=\"689\">Str\u00e1nka <strong data-start=\"401\" data-end=\"433\">PTR-L80 pojazdn\u00e1 elektrick\u00e1 lopatka<\/strong> pon\u00faka v\u00fdkonn\u00e9 a efekt\u00edvne rie\u0161enie na \u00fapravu bet\u00f3nov\u00fdch dosiek strednej ve\u013ekosti. Tento pojazdn\u00fd stierkovac\u00ed stroj poh\u00e1\u0148an\u00fd spo\u013eahliv\u00fdm benz\u00ednov\u00fdm motorom Longxin poskytuje st\u00e1ly v\u00fdkon a plynul\u00fd chod po\u010das cel\u00e9ho procesu dokon\u010dovania.<\/p>\n<p data-start=\"691\" data-end=\"1053\">Tento model je vybaven\u00fd 80 cm dvojdiskov\u00fdm hladiacim syst\u00e9mom, ktor\u00fd zabezpe\u010duje r\u00fdchle a rovnomern\u00e9 pokrytie povrchu. Kon\u0161trukcia s mo\u017enos\u0165ou jazdy zvy\u0161uje pohodlie a produktivitu obsluhy t\u00fdm, \u017ee pou\u017e\u00edvate\u013e m\u00f4\u017ee pri ovl\u00e1dan\u00ed stroja sedie\u0165, \u010d\u00edm sa zni\u017euje \u00fanava po\u010das dlh\u00fdch pracovn\u00fdch zmien. Okrem toho citliv\u00fd syst\u00e9m riadenia umo\u017e\u0148uje presn\u00e9 man\u00e9vrovanie aj v stiesnen\u00fdch priestoroch.<\/p>\n<p data-start=\"1055\" data-end=\"1379\">Okrem toho je PTR-L80 vybaven\u00fd mechanizmom nastavite\u013en\u00e9ho sklonu no\u017ea. Obsluha m\u00f4\u017ee jednoducho prep\u00edna\u0165 medzi re\u017eimami pl\u00e1vaj\u00faceho a le\u0161tiaceho rezu, \u010d\u00edm dosiahne vysokokvalitn\u00fa povrchov\u00fa \u00fapravu ka\u017ed\u00e9ho bet\u00f3nov\u00e9ho povrchu. Odoln\u00fd r\u00e1m a robustn\u00e1 prevodovka zvy\u0161uj\u00fa \u017eivotnos\u0165 stroja, v\u010faka \u010domu je spo\u013eahlivou vo\u013ebou pre stavebn\u00fdch profesion\u00e1lov.<\/p>\n<p data-start=\"1381\" data-end=\"1639\">V\u010faka svojim kompaktn\u00fdm rozmerom a \u00faspornosti je PTR-L80 ide\u00e1lny na pou\u017eitie na parkovisk\u00e1ch, v skladoch a komer\u010dn\u00fdch budov\u00e1ch. Poskytuje vynikaj\u00face v\u00fdsledky pre dod\u00e1vate\u013eov, ktor\u00ed potrebuj\u00fa rovnov\u00e1hu medzi v\u00fdkonom, presnos\u0165ou a mobilitou.<\/p>\n<h3 data-start=\"1646\" data-end=\"1697\">K\u013e\u00fa\u010dov\u00e9 vlastnosti elektrickej lopatky PTR-L80<\/h3>\n<ul data-start=\"1699\" data-end=\"2065\">\n<li data-start=\"1699\" data-end=\"1768\">\n<p data-start=\"1701\" data-end=\"1768\">Vybaven\u00fd benz\u00ednov\u00fdm motorom Longxin pre stabiln\u00fd a siln\u00fd v\u00fdkon<\/p>\n<\/li>\n<li data-start=\"1769\" data-end=\"1829\">\n<p data-start=\"1771\" data-end=\"1829\">80 cm dvojkot\u00fa\u010dov\u00fd stierkovac\u00ed syst\u00e9m na efekt\u00edvne dokon\u010dovanie<\/p>\n<\/li>\n<li data-start=\"1830\" data-end=\"1892\">\n<p data-start=\"1832\" data-end=\"1892\">Jazdn\u00fd dizajn zvy\u0161uje pohodlie obsluhy a zni\u017euje \u00fanavu<\/p>\n<\/li>\n<li data-start=\"1893\" data-end=\"1951\">\n<p data-start=\"1895\" data-end=\"1951\">Nastavite\u013en\u00fd sklon no\u017ea na v\u0161estrann\u00e9 ovl\u00e1danie dokon\u010dovac\u00edch pr\u00e1c<\/p>\n<\/li>\n<li data-start=\"1952\" data-end=\"2003\">\n<p data-start=\"1954\" data-end=\"2003\">Citliv\u00fd syst\u00e9m riadenia na presn\u00e9 ovl\u00e1danie<\/p>\n<\/li>\n<li data-start=\"2004\" data-end=\"2065\">\n<p data-start=\"2006\" data-end=\"2065\">Robustn\u00e1 kon\u0161trukcia zaru\u010duje odolnos\u0165 na n\u00e1ro\u010dn\u00fdch pracovisk\u00e1ch<\/p>\n<\/li>\n<\/ul>\n<h3 data-start=\"2072\" data-end=\"2160\">Pou\u017eitie - vhodn\u00e9 pre stredne ve\u013ek\u00e9 komer\u010dn\u00e9 a priemyseln\u00e9 bet\u00f3nov\u00e9 dosky<\/h3>\n<p data-start=\"2162\" data-end=\"2431\">PTR-L80 vynik\u00e1 v projektoch, ktor\u00e9 si vy\u017eaduj\u00fa hladk\u00e9 a konzistentn\u00e9 bet\u00f3nov\u00e9 povrchy, vr\u00e1tane komer\u010dn\u00fdch parkov\u00edsk, priemyseln\u00fdch skladov a stredne ve\u013ek\u00fdch podlahov\u00fdch dosiek. V\u010faka svojmu jednoduch\u00e9mu pou\u017e\u00edvaniu a v\u00fdkonu je ob\u013e\u00fabenou vo\u013ebou profesion\u00e1lnych dod\u00e1vate\u013eov.<\/p>\n<p><iframe title=\"elektrick\u00e1 stierka, elektrick\u00e1 stierka s pojazdom, ru\u010dn\u00e1 elektrick\u00e1 stierka, stierka, bet\u00f3n\" width=\"720\" height=\"405\" src=\"https:\/\/www.youtube.com\/embed\/f6bzSaqMaws?feature=oembed\" frameborder=\"0\" allow=\"accelerometer; autoplay; clipboard-write; encrypted-media; gyroscope; picture-in-picture; web-share\" referrerpolicy=\"strict-origin-when-cross-origin\" allowfullscreen><\/iframe><\/p>","protected":false},"excerpt":{"rendered":"<p>PTR-L80 s pojazdn\u00fdm hladidlom s motorom Longxin poskytuje efekt\u00edvne a pohodln\u00e9 dokon\u010dovanie bet\u00f3nu na stredne ve\u013ek\u00fdch dosk\u00e1ch, ide\u00e1lne pre komer\u010dn\u00e9 a priemyseln\u00e9 projekty.<\/p>","protected":false},"featured_media":9224,"template":"","meta":{"_kad_post_transparent":"default","_kad_post_title":"","_kad_post_layout":"default","_kad_post_sidebar_id":"","_kad_post_content_style":"default","_kad_post_vertical_padding":"default","_kad_post_feature":"","_kad_post_feature_position":"","_kad_post_header":false,"_kad_post_footer":false},"product_brand":[],"product_cat":[58],"product_tag":[1093,1094,1098,1091,1096,1092,1097,1099,1095,1100],"class_list":{"0":"post-9220","1":"product","2":"type-product","3":"status-publish","4":"has-post-thumbnail","6":"product_cat-ride-on-power-trowel","7":"product_tag-concrete-ride-on-trowel","8":"product_tag-concrete-ride-on-trowel-machine","9":"product_tag-concrete-surface-finishing-trowel","10":"product_tag-double-disc-ride-on-power-trowel","11":"product_tag-double-rotor-power-trowel","12":"product_tag-gasoline-ride-on-power-trowel","13":"product_tag-heavy-duty-ride-on-trowel","14":"product_tag-hydraulic-ride-on-trowel","15":"product_tag-ride-on-concrete-finishing-machine","16":"product_tag-ride-on-floor-trowel","18":"first","19":"instock","20":"shipping-taxable","21":"product-type-simple","22":"entry","23":"content-bg","24":"loop-entry"},"yoast_head":"<!-- This site is optimized with the Yoast SEO plugin v25.3.1 - https:\/\/yoast.com\/wordpress\/plugins\/seo\/ -->\n<title>Ride-On Power Trowel PTR-L80 - HSY Construction Machinery<\/title>\n<meta name=\"description\" content=\"PTR-L80 ride-on concrete trowel with Longxin gasoline engine offers reliable power and efficient finishing for medium-sized slabs. Perfect for parking lots and warehouses.\" \/>\n<meta name=\"robots\" content=\"index, follow, max-snippet:-1, max-image-preview:large, max-video-preview:-1\" \/>\n<link rel=\"canonical\" href=\"https:\/\/www.hsymachinery.com\/sk\/produkt\/motorova-lopatka-s-pojazdom-ptr-l80\/\" \/>\n<meta property=\"og:locale\" content=\"sk_SK\" \/>\n<meta property=\"og:type\" content=\"article\" \/>\n<meta property=\"og:title\" content=\"Ride-On Power Trowel PTR-L80 - HSY Construction Machinery\" \/>\n<meta property=\"og:description\" content=\"PTR-L80 ride-on concrete trowel with Longxin gasoline engine offers reliable power and efficient finishing for medium-sized slabs. Perfect for parking lots and warehouses.\" \/>\n<meta property=\"og:url\" content=\"https:\/\/www.hsymachinery.com\/sk\/produkt\/motorova-lopatka-s-pojazdom-ptr-l80\/\" \/>\n<meta property=\"og:site_name\" content=\"HSY Construction Machinery\" \/>\n<meta property=\"article:modified_time\" content=\"2025-06-28T15:39:09+00:00\" \/>\n<meta property=\"og:image\" content=\"https:\/\/www.hsymachinery.com\/wp-content\/uploads\/2025\/06\/Ride-On-Power-Trowel-PTR-L80.jpg\" \/>\n\t<meta property=\"og:image:width\" content=\"800\" \/>\n\t<meta property=\"og:image:height\" content=\"800\" \/>\n\t<meta property=\"og:image:type\" content=\"image\/jpeg\" \/>\n<meta name=\"twitter:card\" content=\"summary_large_image\" \/>\n<meta name=\"twitter:label1\" content=\"Predpokladan\u00fd \u010das \u010d\u00edtania\" \/>\n\t<meta name=\"twitter:data1\" content=\"2 min\u00faty\" \/>\n<script type=\"application\/ld+json\" class=\"yoast-schema-graph\">{\"@context\":\"https:\/\/schema.org\",\"@graph\":[{\"@type\":\"WebPage\",\"@id\":\"https:\/\/www.hsymachinery.com\/product\/ride-on-power-trowel-ptr-l80\/\",\"url\":\"https:\/\/www.hsymachinery.com\/product\/ride-on-power-trowel-ptr-l80\/\",\"name\":\"Ride-On Power Trowel PTR-L80 - HSY Construction Machinery\",\"isPartOf\":{\"@id\":\"https:\/\/www.hsymachinery.com\/#website\"},\"primaryImageOfPage\":{\"@id\":\"https:\/\/www.hsymachinery.com\/product\/ride-on-power-trowel-ptr-l80\/#primaryimage\"},\"image\":{\"@id\":\"https:\/\/www.hsymachinery.com\/product\/ride-on-power-trowel-ptr-l80\/#primaryimage\"},\"thumbnailUrl\":\"https:\/\/www.hsymachinery.com\/wp-content\/uploads\/2025\/06\/Ride-On-Power-Trowel-PTR-L80.jpg\",\"datePublished\":\"2025-06-18T13:12:28+00:00\",\"dateModified\":\"2025-06-28T15:39:09+00:00\",\"description\":\"PTR-L80 ride-on concrete trowel with Longxin gasoline engine offers reliable power and efficient finishing for medium-sized slabs. Perfect for parking lots and warehouses.\",\"breadcrumb\":{\"@id\":\"https:\/\/www.hsymachinery.com\/product\/ride-on-power-trowel-ptr-l80\/#breadcrumb\"},\"inLanguage\":\"sk-SK\",\"potentialAction\":[{\"@type\":\"ReadAction\",\"target\":[\"https:\/\/www.hsymachinery.com\/product\/ride-on-power-trowel-ptr-l80\/\"]}]},{\"@type\":\"ImageObject\",\"inLanguage\":\"sk-SK\",\"@id\":\"https:\/\/www.hsymachinery.com\/product\/ride-on-power-trowel-ptr-l80\/#primaryimage\",\"url\":\"https:\/\/www.hsymachinery.com\/wp-content\/uploads\/2025\/06\/Ride-On-Power-Trowel-PTR-L80.jpg\",\"contentUrl\":\"https:\/\/www.hsymachinery.com\/wp-content\/uploads\/2025\/06\/Ride-On-Power-Trowel-PTR-L80.jpg\",\"width\":800,\"height\":800},{\"@type\":\"BreadcrumbList\",\"@id\":\"https:\/\/www.hsymachinery.com\/product\/ride-on-power-trowel-ptr-l80\/#breadcrumb\",\"itemListElement\":[{\"@type\":\"ListItem\",\"position\":1,\"name\":\"home\",\"item\":\"https:\/\/www.hsymachinery.com\/\"},{\"@type\":\"ListItem\",\"position\":2,\"name\":\"products\",\"item\":\"https:\/\/www.hsymachinery.com\/products\/\"},{\"@type\":\"ListItem\",\"position\":3,\"name\":\"Ride-On Power Trowel PTR-L80\"}]},{\"@type\":\"WebSite\",\"@id\":\"https:\/\/www.hsymachinery.com\/#website\",\"url\":\"https:\/\/www.hsymachinery.com\/\",\"name\":\"HSY Construction Machinery\",\"description\":\"HSY Machinery \u2013 A leading China construction machinery supplier, offering a wide range of light construction equipment. Our main products include Rebar Cutting Machine, Rebar Bending Machine, Rebar Stirrup Bending Machine, Rebar Arc Bending Machine, Rebar Straightening Machine, Five-Head Rebar Stirrup Bending Machine, Tamping Rammer, Plate Compactor, Concrete Cutter, Power Trowel, and other construction machinery. We are equipped with advanced CNC machines, and we enforce strict quality inspection standards along with comprehensive after-sales service. If you are interested in our products or services, we warmly welcome your inquiries via message.\",\"publisher\":{\"@id\":\"https:\/\/www.hsymachinery.com\/#organization\"},\"potentialAction\":[{\"@type\":\"SearchAction\",\"target\":{\"@type\":\"EntryPoint\",\"urlTemplate\":\"https:\/\/www.hsymachinery.com\/?s={search_term_string}\"},\"query-input\":{\"@type\":\"PropertyValueSpecification\",\"valueRequired\":true,\"valueName\":\"search_term_string\"}}],\"inLanguage\":\"sk-SK\"},{\"@type\":\"Organization\",\"@id\":\"https:\/\/www.hsymachinery.com\/#organization\",\"name\":\"HSY Construction Machinery\",\"url\":\"https:\/\/www.hsymachinery.com\/\",\"logo\":{\"@type\":\"ImageObject\",\"inLanguage\":\"sk-SK\",\"@id\":\"https:\/\/www.hsymachinery.com\/#\/schema\/logo\/image\/\",\"url\":\"https:\/\/www.hsymachinery.com\/wp-content\/uploads\/2025\/06\/cropped-HSY-machinery.png\",\"contentUrl\":\"https:\/\/www.hsymachinery.com\/wp-content\/uploads\/2025\/06\/cropped-HSY-machinery.png\",\"width\":600,\"height\":240,\"caption\":\"HSY Construction Machinery\"},\"image\":{\"@id\":\"https:\/\/www.hsymachinery.com\/#\/schema\/logo\/image\/\"}}]}<\/script>\n<!-- \/ Yoast SEO plugin. -->","yoast_head_json":{"title":"Jazdn\u00e1 elektrick\u00e1 lopatka PTR-L80 - Stavebn\u00e9 stroje HSY","description":"PTR-L80 s benz\u00ednov\u00fdm motorom Longxin pon\u00faka spo\u013eahliv\u00fd v\u00fdkon a efekt\u00edvne dokon\u010dovacie pr\u00e1ce pre stredne ve\u013ek\u00e9 dosky. Ide\u00e1lne pre parkovisk\u00e1 a sklady.","robots":{"index":"index","follow":"follow","max-snippet":"max-snippet:-1","max-image-preview":"max-image-preview:large","max-video-preview":"max-video-preview:-1"},"canonical":"https:\/\/www.hsymachinery.com\/sk\/produkt\/motorova-lopatka-s-pojazdom-ptr-l80\/","og_locale":"sk_SK","og_type":"article","og_title":"Ride-On Power Trowel PTR-L80 - HSY Construction Machinery","og_description":"PTR-L80 ride-on concrete trowel with Longxin gasoline engine offers reliable power and efficient finishing for medium-sized slabs. Perfect for parking lots and warehouses.","og_url":"https:\/\/www.hsymachinery.com\/sk\/produkt\/motorova-lopatka-s-pojazdom-ptr-l80\/","og_site_name":"HSY Construction Machinery","article_modified_time":"2025-06-28T15:39:09+00:00","og_image":[{"width":800,"height":800,"url":"https:\/\/www.hsymachinery.com\/wp-content\/uploads\/2025\/06\/Ride-On-Power-Trowel-PTR-L80.jpg","type":"image\/jpeg"}],"twitter_card":"summary_large_image","twitter_misc":{"Predpokladan\u00fd \u010das \u010d\u00edtania":"2 min\u00faty"},"schema":{"@context":"https:\/\/schema.org","@graph":[{"@type":"WebPage","@id":"https:\/\/www.hsymachinery.com\/product\/ride-on-power-trowel-ptr-l80\/","url":"https:\/\/www.hsymachinery.com\/product\/ride-on-power-trowel-ptr-l80\/","name":"Jazdn\u00e1 elektrick\u00e1 lopatka PTR-L80 - Stavebn\u00e9 stroje HSY","isPartOf":{"@id":"https:\/\/www.hsymachinery.com\/#website"},"primaryImageOfPage":{"@id":"https:\/\/www.hsymachinery.com\/product\/ride-on-power-trowel-ptr-l80\/#primaryimage"},"image":{"@id":"https:\/\/www.hsymachinery.com\/product\/ride-on-power-trowel-ptr-l80\/#primaryimage"},"thumbnailUrl":"https:\/\/www.hsymachinery.com\/wp-content\/uploads\/2025\/06\/Ride-On-Power-Trowel-PTR-L80.jpg","datePublished":"2025-06-18T13:12:28+00:00","dateModified":"2025-06-28T15:39:09+00:00","description":"PTR-L80 s benz\u00ednov\u00fdm motorom Longxin pon\u00faka spo\u013eahliv\u00fd v\u00fdkon a efekt\u00edvne dokon\u010dovacie pr\u00e1ce pre stredne ve\u013ek\u00e9 dosky. Ide\u00e1lne pre parkovisk\u00e1 a sklady.","breadcrumb":{"@id":"https:\/\/www.hsymachinery.com\/product\/ride-on-power-trowel-ptr-l80\/#breadcrumb"},"inLanguage":"sk-SK","potentialAction":[{"@type":"ReadAction","target":["https:\/\/www.hsymachinery.com\/product\/ride-on-power-trowel-ptr-l80\/"]}]},{"@type":"ImageObject","inLanguage":"sk-SK","@id":"https:\/\/www.hsymachinery.com\/product\/ride-on-power-trowel-ptr-l80\/#primaryimage","url":"https:\/\/www.hsymachinery.com\/wp-content\/uploads\/2025\/06\/Ride-On-Power-Trowel-PTR-L80.jpg","contentUrl":"https:\/\/www.hsymachinery.com\/wp-content\/uploads\/2025\/06\/Ride-On-Power-Trowel-PTR-L80.jpg","width":800,"height":800},{"@type":"BreadcrumbList","@id":"https:\/\/www.hsymachinery.com\/product\/ride-on-power-trowel-ptr-l80\/#breadcrumb","itemListElement":[{"@type":"ListItem","position":1,"name":"home","item":"https:\/\/www.hsymachinery.com\/"},{"@type":"ListItem","position":2,"name":"products","item":"https:\/\/www.hsymachinery.com\/products\/"},{"@type":"ListItem","position":3,"name":"Ride-On Power Trowel PTR-L80"}]},{"@type":"WebSite","@id":"https:\/\/www.hsymachinery.com\/#website","url":"https:\/\/www.hsymachinery.com\/","name":"Stavebn\u00e9 stroje HSY","description":"HSY Machinery - popredn\u00fd dod\u00e1vate\u013e stavebn\u00fdch strojov v \u010c\u00edne, ktor\u00fd pon\u00faka \u0161irok\u00fd sortiment \u013eahk\u00fdch stavebn\u00fdch strojov. Medzi na\u0161e hlavn\u00e9 produkty patr\u00ed stroj na rezanie ty\u010d\u00ed, stroj na oh\u00fdbanie ty\u010d\u00ed, stroj na oh\u00fdbanie ty\u010d\u00ed, stroj na oh\u00fdbanie obl\u00fakov ty\u010d\u00ed, stroj na rovnanie ty\u010d\u00ed, p\u00e4\u0165hlav\u0148ov\u00fd stroj na oh\u00fdbanie ty\u010d\u00ed, podb\u00edja\u010dka, zhut\u0148ova\u010d dosiek, fr\u00e9za na bet\u00f3n, elektrick\u00e1 stierka a \u010fal\u0161ie stavebn\u00e9 stroje. Sme vybaven\u00ed modern\u00fdmi CNC strojmi a presadzujeme pr\u00edsne normy kontroly kvality spolu s komplexn\u00fdm popredajn\u00fdm servisom. Ak m\u00e1te z\u00e1ujem o na\u0161e v\u00fdrobky alebo slu\u017eby, srde\u010dne priv\u00edtame va\u0161e ot\u00e1zky prostredn\u00edctvom spr\u00e1vy.","publisher":{"@id":"https:\/\/www.hsymachinery.com\/#organization"},"potentialAction":[{"@type":"SearchAction","target":{"@type":"EntryPoint","urlTemplate":"https:\/\/www.hsymachinery.com\/?s={search_term_string}"},"query-input":{"@type":"PropertyValueSpecification","valueRequired":true,"valueName":"search_term_string"}}],"inLanguage":"sk-SK"},{"@type":"Organization","@id":"https:\/\/www.hsymachinery.com\/#organization","name":"Stavebn\u00e9 stroje HSY","url":"https:\/\/www.hsymachinery.com\/","logo":{"@type":"ImageObject","inLanguage":"sk-SK","@id":"https:\/\/www.hsymachinery.com\/#\/schema\/logo\/image\/","url":"https:\/\/www.hsymachinery.com\/wp-content\/uploads\/2025\/06\/cropped-HSY-machinery.png","contentUrl":"https:\/\/www.hsymachinery.com\/wp-content\/uploads\/2025\/06\/cropped-HSY-machinery.png","width":600,"height":240,"caption":"HSY Construction Machinery"},"image":{"@id":"https:\/\/www.hsymachinery.com\/#\/schema\/logo\/image\/"}}]}},"_links":{"self":[{"href":"https:\/\/www.hsymachinery.com\/sk\/wp-json\/wp\/v2\/product\/9220","targetHints":{"allow":["GET"]}}],"collection":[{"href":"https:\/\/www.hsymachinery.com\/sk\/wp-json\/wp\/v2\/product"}],"about":[{"href":"https:\/\/www.hsymachinery.com\/sk\/wp-json\/wp\/v2\/types\/product"}],"version-history":[{"count":3,"href":"https:\/\/www.hsymachinery.com\/sk\/wp-json\/wp\/v2\/product\/9220\/revisions"}],"predecessor-version":[{"id":9618,"href":"https:\/\/www.hsymachinery.com\/sk\/wp-json\/wp\/v2\/product\/9220\/revisions\/9618"}],"wp:featuredmedia":[{"embeddable":true,"href":"https:\/\/www.hsymachinery.com\/sk\/wp-json\/wp\/v2\/media\/9224"}],"wp:attachment":[{"href":"https:\/\/www.hsymachinery.com\/sk\/wp-json\/wp\/v2\/media?parent=9220"}],"wp:term":[{"taxonomy":"product_brand","embeddable":true,"href":"https:\/\/www.hsymachinery.com\/sk\/wp-json\/wp\/v2\/product_brand?post=9220"},{"taxonomy":"product_cat","embeddable":true,"href":"https:\/\/www.hsymachinery.com\/sk\/wp-json\/wp\/v2\/product_cat?post=9220"},{"taxonomy":"product_tag","embeddable":true,"href":"https:\/\/www.hsymachinery.com\/sk\/wp-json\/wp\/v2\/product_tag?post=9220"}],"curies":[{"name":"wp","href":"https:\/\/api.w.org\/{rel}","templated":true}]}}