{"id":9211,"date":"2025-06-18T20:38:34","date_gmt":"2025-06-18T12:38:34","guid":{"rendered":"https:\/\/www.hsymachinery.com\/?post_type=product&#038;p=9211"},"modified":"2025-06-28T23:14:56","modified_gmt":"2025-06-28T15:14:56","slug":"kracajuca-elektricka-lopatka-pth-l100b","status":"publish","type":"product","link":"https:\/\/www.hsymachinery.com\/sk\/produkt\/kracajuca-elektricka-lopatka-pth-l100b\/","title":{"rendered":"Elektrick\u00e1 lopatka PTH-L100B s ch\u00f4dzou za sebou"},"content":{"rendered":"<h2 data-start=\"155\" data-end=\"197\">Elektrick\u00e1 lopatka PTH-L100B s ch\u00f4dzou za sebou<\/h2>\n<h3 data-start=\"198\" data-end=\"320\">PTH-L100B Ve\u013ekorozmern\u00e1 benz\u00ednov\u00e1 bet\u00f3nov\u00e1 stierka | Motor Longxin | Vylep\u0161en\u00e1 povrchov\u00e1 \u00faprava dosiek pre vysoko\u00fa\u010dinn\u00e9 projekty<\/h3>\n<h3 data-start=\"327\" data-end=\"438\">Popis produktu - Longxin-Powered Trowel for Large Concrete Slab Smoothing with Performance Upgrades<a href=\"https:\/\/www.hsymachinery.com\/sk\/produkty\/kracajuca-elektricka-lopatka\/\" target=\"_blank\" rel=\"noopener\"><img fetchpriority=\"high\" decoding=\"async\" class=\"wp-image-9212 alignright\" src=\"https:\/\/www.hsymachinery.com\/wp-content\/uploads\/2025\/06\/Walk-Behind-Power-Trowel-PTH-L100B-244x300.jpg\" alt=\"\" width=\"451\" height=\"555\" srcset=\"https:\/\/www.hsymachinery.com\/wp-content\/uploads\/2025\/06\/Walk-Behind-Power-Trowel-PTH-L100B-244x300.jpg 244w, https:\/\/www.hsymachinery.com\/wp-content\/uploads\/2025\/06\/Walk-Behind-Power-Trowel-PTH-L100B.jpg 600w\" sizes=\"(max-width: 451px) 100vw, 451px\" \/><\/a><\/h3>\n<p data-start=\"440\" data-end=\"853\">Str\u00e1nka <strong data-start=\"444\" data-end=\"482\">PTH-L100B Elektrick\u00e1 lopatka s ch\u00f4dzou<\/strong> je benz\u00ednov\u00fd stroj na \u00fapravu bet\u00f3nu s ve\u013ek\u00fdm priemerom, ktor\u00fd je vybaven\u00fd spo\u013eahliv\u00fdm motorom Longxin. Tento model, ako vylep\u0161en\u00e1 verzia \u0161tandardn\u00fdch 100 cm hladidiel, bol navrhnut\u00fd pre vy\u0161\u0161iu odolnos\u0165, lep\u0161ie vyv\u00e1\u017eenie a presnej\u0161ie ovl\u00e1danie dokon\u010dovac\u00edch pr\u00e1c - je ide\u00e1lny pre profesion\u00e1lov, ktor\u00ed spracov\u00e1vaj\u00fa stredne ve\u013ek\u00e9 a\u017e ve\u013ek\u00e9 projekty bet\u00f3nov\u00fdch dosiek.<\/p>\n<p data-start=\"855\" data-end=\"1200\">S priemerom stierky 100 cm zvy\u0161uje PTH-L100B pokrytie na jeden prechod, \u010d\u00edm v\u00fdrazne zvy\u0161uje produktivitu na priemyseln\u00fdch podlah\u00e1ch, v skladoch a na parkovisk\u00e1ch. Okrem toho syst\u00e9m nastavite\u013enej rozte\u010de no\u017eov stroja umo\u017e\u0148uje plynul\u00fd prechod medzi pl\u00e1vaj\u00facou a fin\u00e1lnou \u00fapravou, \u010d\u00edm zabezpe\u010duje bezchybn\u00fd povrch s vysok\u00fdm leskom.<\/p>\n<p data-start=\"1202\" data-end=\"1644\">Okrem toho zosilnen\u00e1 prevodovka, vylep\u0161en\u00e9 ramen\u00e1 pav\u00faka a zdokonalen\u00fd bezpe\u010dnostn\u00fd kr\u00fa\u017eok umo\u017e\u0148uj\u00fa stroju spo\u013eahlivo pracova\u0165 v n\u00e1ro\u010dn\u00fdch podmienkach. Jeho ergonomick\u00e1 skl\u00e1pacia rukov\u00e4\u0165 obsahuje rukov\u00e4te zni\u017euj\u00face vibr\u00e1cie, ktor\u00e9 pon\u00fakaj\u00fa zv\u00fd\u0161en\u00fd komfort obsluhy po\u010das dlh\u0161ieho pou\u017e\u00edvania. Benz\u00ednov\u00fd motor Longxin poskytuje stabiln\u00fd kr\u00fatiaci moment, plynul\u00fd v\u00fdstupn\u00fd v\u00fdkon a vynikaj\u00facu palivov\u00fa \u00fa\u010dinnos\u0165, \u010do \u010dasom zni\u017euje prev\u00e1dzkov\u00e9 n\u00e1klady.<\/p>\n<p data-start=\"1646\" data-end=\"1862\">V\u010faka svojej modernizovanej kon\u0161trukcii PTH-L100B sp\u013a\u0148a nielen potreby ve\u013ek\u00fdch staven\u00edsk, ale poskytuje aj konzistentn\u00fa kvalitu, prev\u00e1dzkov\u00fa stabilitu a dlh\u00fa \u017eivotnos\u0165, a to aj v n\u00e1ro\u010dn\u00fdch podmienkach.<\/p>\n<h3 data-start=\"1869\" data-end=\"1926\">K\u013e\u00fa\u010dov\u00e9 vlastnosti elektrickej lopatky PTH-L100B<\/h3>\n<ul data-start=\"1928\" data-end=\"2358\">\n<li data-start=\"1928\" data-end=\"2000\">\n<p data-start=\"1930\" data-end=\"2000\">Pohon benz\u00ednov\u00fdm motorom Longxin pre siln\u00fd a stabiln\u00fd v\u00fdkon<\/p>\n<\/li>\n<li data-start=\"2001\" data-end=\"2074\">\n<p data-start=\"2003\" data-end=\"2074\">Priemer hladidla 100 cm zvy\u0161uje efektivitu dokon\u010dovania ve\u013ek\u00fdch dosiek<\/p>\n<\/li>\n<li data-start=\"2075\" data-end=\"2149\">\n<p data-start=\"2077\" data-end=\"2149\">Vylep\u0161en\u00e1 prevodovka a kon\u0161trukcia pre vy\u0161\u0161iu odolnos\u0165 a dlhodob\u00e9 pou\u017e\u00edvanie<\/p>\n<\/li>\n<li data-start=\"2150\" data-end=\"2227\">\n<p data-start=\"2152\" data-end=\"2227\">Nastavite\u013en\u00e1 rozte\u010d no\u017eov umo\u017e\u0148uje presn\u00e9 ovl\u00e1danie pri pl\u00e1van\u00ed alebo le\u0161ten\u00ed<\/p>\n<\/li>\n<li data-start=\"2228\" data-end=\"2287\">\n<p data-start=\"2230\" data-end=\"2287\">Skladacia antivibra\u010dn\u00e1 rukov\u00e4\u0165 zni\u017euje \u00fanavu obsluhy<\/p>\n<\/li>\n<li data-start=\"2288\" data-end=\"2358\">\n<p data-start=\"2290\" data-end=\"2358\">Ide\u00e1lne pre priemyseln\u00e9, komer\u010dn\u00e9 a komun\u00e1lne \u00fapravy bet\u00f3nu<\/p>\n<\/li>\n<\/ul>\n<h3 data-start=\"2365\" data-end=\"2451\">Pou\u017eitie - najlep\u0161ie pre ve\u013ek\u00e9 dosky, sklady, dielne a parkovacie kon\u0161trukcie<\/h3>\n<p data-start=\"2453\" data-end=\"2757\">PTH-L100B sa \u0161iroko pou\u017e\u00edva v tov\u00e1r\u0148ach, logistick\u00fdch centr\u00e1ch, na ve\u013ek\u00fdch pr\u00edjazdov\u00fdch cest\u00e1ch a v projektoch komer\u010dn\u00fdch nehnute\u013enost\u00ed. V\u010faka svojej vysoko\u00fa\u010dinnej prev\u00e1dzke a v\u00fdsledkom na profesion\u00e1lnej \u00farovni je preferovan\u00fdm n\u00e1strojom pre dod\u00e1vate\u013eov, ktor\u00ed vy\u017eaduj\u00fa v\u00fdkon, spo\u013eahlivos\u0165 a kvalitu v jednom stroji.<\/p>\n<p data-start=\"2759\" data-end=\"2889\">V\u010faka tomu je ob\u013e\u00faben\u00fd najm\u00e4 v \u010dasovo n\u00e1ro\u010dn\u00fdch stavebn\u00fdch pr\u00e1cach, pri ktor\u00fdch nemo\u017eno robi\u0165 kompromisy v oblasti krytia a kvality povrchovej \u00fapravy.<\/p>\n<p><iframe title=\"Elektrick\u00e1 stierka, ru\u010dn\u00e1 elektrick\u00e1 stierka, stierka, bet\u00f3n #stierka #powertrowe#concrete\" width=\"720\" height=\"405\" src=\"https:\/\/www.youtube.com\/embed\/pa6AuNhMrwI?feature=oembed\" frameborder=\"0\" allow=\"accelerometer; autoplay; clipboard-write; encrypted-media; gyroscope; picture-in-picture; web-share\" referrerpolicy=\"strict-origin-when-cross-origin\" allowfullscreen><\/iframe><\/p>","protected":false},"excerpt":{"rendered":"<p>PTH-L100B je benz\u00ednov\u00e9 hladidlo s motorom Longxin a priemerom 100 cm na r\u00fdchlu, odoln\u00fa a presn\u00fa \u00fapravu bet\u00f3novej dosky na ve\u013ek\u00fdch stavenisk\u00e1ch.<\/p>","protected":false},"featured_media":9212,"template":"","meta":{"_kad_post_transparent":"default","_kad_post_title":"","_kad_post_layout":"default","_kad_post_sidebar_id":"","_kad_post_content_style":"default","_kad_post_vertical_padding":"default","_kad_post_feature":"","_kad_post_feature_position":"","_kad_post_header":false,"_kad_post_footer":false},"product_brand":[],"product_cat":[55],"product_tag":[1084,1083,1087,1081,1086,1085,1089,1088,1090,1082],"class_list":{"0":"post-9211","1":"product","2":"type-product","3":"status-publish","4":"has-post-thumbnail","6":"product_cat-walk-behind-power-trowel","7":"product_tag-cement-power-trowel","8":"product_tag-concrete-finishing-trowel","9":"product_tag-concrete-floor-finishing-machine","10":"product_tag-concrete-power-trowel","11":"product_tag-electric-walk-behind-trowel","12":"product_tag-gasoline-power-trowel","13":"product_tag-hand-operated-power-trowel","14":"product_tag-manual-power-trowel","15":"product_tag-walk-behind-concrete-finishing-machine","16":"product_tag-walk-behind-trowel-machine","18":"first","19":"instock","20":"shipping-taxable","21":"product-type-simple","22":"entry","23":"content-bg","24":"loop-entry"},"yoast_head":"<!-- This site is optimized with the Yoast SEO plugin v25.3.1 - https:\/\/yoast.com\/wordpress\/plugins\/seo\/ -->\n<title>Walk-Behind Power Trowel PTH-L100B - HSY Construction Machinery<\/title>\n<meta name=\"description\" content=\"PTH-L100B walk-behind trowel with Longxin gasoline engine offers 100 cm coverage, enhanced durability, and smooth slab finishing for commercial and industrial projects.Walk-Behind Power Trowel PTH-L100B\" \/>\n<meta name=\"robots\" content=\"index, follow, max-snippet:-1, max-image-preview:large, max-video-preview:-1\" \/>\n<link rel=\"canonical\" href=\"https:\/\/www.hsymachinery.com\/sk\/produkt\/kracajuca-elektricka-lopatka-pth-l100b\/\" \/>\n<meta property=\"og:locale\" content=\"sk_SK\" \/>\n<meta property=\"og:type\" content=\"article\" \/>\n<meta property=\"og:title\" content=\"Walk-Behind Power Trowel PTH-L100B - HSY Construction Machinery\" \/>\n<meta property=\"og:description\" content=\"PTH-L100B walk-behind trowel with Longxin gasoline engine offers 100 cm coverage, enhanced durability, and smooth slab finishing for commercial and industrial projects.Walk-Behind Power Trowel PTH-L100B\" \/>\n<meta property=\"og:url\" content=\"https:\/\/www.hsymachinery.com\/sk\/produkt\/kracajuca-elektricka-lopatka-pth-l100b\/\" \/>\n<meta property=\"og:site_name\" content=\"HSY Construction Machinery\" \/>\n<meta property=\"article:modified_time\" content=\"2025-06-28T15:14:56+00:00\" \/>\n<meta property=\"og:image\" content=\"https:\/\/www.hsymachinery.com\/wp-content\/uploads\/2025\/06\/Walk-Behind-Power-Trowel-PTH-L100B.jpg\" \/>\n\t<meta property=\"og:image:width\" content=\"600\" \/>\n\t<meta property=\"og:image:height\" content=\"738\" \/>\n\t<meta property=\"og:image:type\" content=\"image\/jpeg\" \/>\n<meta name=\"twitter:card\" content=\"summary_large_image\" \/>\n<meta name=\"twitter:label1\" content=\"Predpokladan\u00fd \u010das \u010d\u00edtania\" \/>\n\t<meta name=\"twitter:data1\" content=\"2 min\u00faty\" \/>\n<script type=\"application\/ld+json\" class=\"yoast-schema-graph\">{\"@context\":\"https:\/\/schema.org\",\"@graph\":[{\"@type\":\"WebPage\",\"@id\":\"https:\/\/www.hsymachinery.com\/product\/walk-behind-power-trowel-pth-l100b\/\",\"url\":\"https:\/\/www.hsymachinery.com\/product\/walk-behind-power-trowel-pth-l100b\/\",\"name\":\"Walk-Behind Power Trowel PTH-L100B - HSY Construction Machinery\",\"isPartOf\":{\"@id\":\"https:\/\/www.hsymachinery.com\/#website\"},\"primaryImageOfPage\":{\"@id\":\"https:\/\/www.hsymachinery.com\/product\/walk-behind-power-trowel-pth-l100b\/#primaryimage\"},\"image\":{\"@id\":\"https:\/\/www.hsymachinery.com\/product\/walk-behind-power-trowel-pth-l100b\/#primaryimage\"},\"thumbnailUrl\":\"https:\/\/www.hsymachinery.com\/wp-content\/uploads\/2025\/06\/Walk-Behind-Power-Trowel-PTH-L100B.jpg\",\"datePublished\":\"2025-06-18T12:38:34+00:00\",\"dateModified\":\"2025-06-28T15:14:56+00:00\",\"description\":\"PTH-L100B walk-behind trowel with Longxin gasoline engine offers 100 cm coverage, enhanced durability, and smooth slab finishing for commercial and industrial projects.Walk-Behind Power Trowel PTH-L100B\",\"breadcrumb\":{\"@id\":\"https:\/\/www.hsymachinery.com\/product\/walk-behind-power-trowel-pth-l100b\/#breadcrumb\"},\"inLanguage\":\"sk-SK\",\"potentialAction\":[{\"@type\":\"ReadAction\",\"target\":[\"https:\/\/www.hsymachinery.com\/product\/walk-behind-power-trowel-pth-l100b\/\"]}]},{\"@type\":\"ImageObject\",\"inLanguage\":\"sk-SK\",\"@id\":\"https:\/\/www.hsymachinery.com\/product\/walk-behind-power-trowel-pth-l100b\/#primaryimage\",\"url\":\"https:\/\/www.hsymachinery.com\/wp-content\/uploads\/2025\/06\/Walk-Behind-Power-Trowel-PTH-L100B.jpg\",\"contentUrl\":\"https:\/\/www.hsymachinery.com\/wp-content\/uploads\/2025\/06\/Walk-Behind-Power-Trowel-PTH-L100B.jpg\",\"width\":600,\"height\":738},{\"@type\":\"BreadcrumbList\",\"@id\":\"https:\/\/www.hsymachinery.com\/product\/walk-behind-power-trowel-pth-l100b\/#breadcrumb\",\"itemListElement\":[{\"@type\":\"ListItem\",\"position\":1,\"name\":\"home\",\"item\":\"https:\/\/www.hsymachinery.com\/\"},{\"@type\":\"ListItem\",\"position\":2,\"name\":\"products\",\"item\":\"https:\/\/www.hsymachinery.com\/products\/\"},{\"@type\":\"ListItem\",\"position\":3,\"name\":\"Walk-Behind Power Trowel PTH-L100B\"}]},{\"@type\":\"WebSite\",\"@id\":\"https:\/\/www.hsymachinery.com\/#website\",\"url\":\"https:\/\/www.hsymachinery.com\/\",\"name\":\"HSY Construction Machinery\",\"description\":\"HSY Machinery \u2013 A leading China construction machinery supplier, offering a wide range of light construction equipment. Our main products include Rebar Cutting Machine, Rebar Bending Machine, Rebar Stirrup Bending Machine, Rebar Arc Bending Machine, Rebar Straightening Machine, Five-Head Rebar Stirrup Bending Machine, Tamping Rammer, Plate Compactor, Concrete Cutter, Power Trowel, and other construction machinery. We are equipped with advanced CNC machines, and we enforce strict quality inspection standards along with comprehensive after-sales service. If you are interested in our products or services, we warmly welcome your inquiries via message.\",\"publisher\":{\"@id\":\"https:\/\/www.hsymachinery.com\/#organization\"},\"potentialAction\":[{\"@type\":\"SearchAction\",\"target\":{\"@type\":\"EntryPoint\",\"urlTemplate\":\"https:\/\/www.hsymachinery.com\/?s={search_term_string}\"},\"query-input\":{\"@type\":\"PropertyValueSpecification\",\"valueRequired\":true,\"valueName\":\"search_term_string\"}}],\"inLanguage\":\"sk-SK\"},{\"@type\":\"Organization\",\"@id\":\"https:\/\/www.hsymachinery.com\/#organization\",\"name\":\"HSY Construction Machinery\",\"url\":\"https:\/\/www.hsymachinery.com\/\",\"logo\":{\"@type\":\"ImageObject\",\"inLanguage\":\"sk-SK\",\"@id\":\"https:\/\/www.hsymachinery.com\/#\/schema\/logo\/image\/\",\"url\":\"https:\/\/www.hsymachinery.com\/wp-content\/uploads\/2025\/06\/cropped-HSY-machinery.png\",\"contentUrl\":\"https:\/\/www.hsymachinery.com\/wp-content\/uploads\/2025\/06\/cropped-HSY-machinery.png\",\"width\":600,\"height\":240,\"caption\":\"HSY Construction Machinery\"},\"image\":{\"@id\":\"https:\/\/www.hsymachinery.com\/#\/schema\/logo\/image\/\"}}]}<\/script>\n<!-- \/ Yoast SEO plugin. -->","yoast_head_json":{"title":"Elektrick\u00e1 lopatka PTH-L100B - Stavebn\u00e9 stroje HSY","description":"Kr\u00e1\u010daj\u00faca hladi\u010dka PTH-L100B s benz\u00ednov\u00fdm motorom Longxin pon\u00faka 100 cm pokrytie, zv\u00fd\u0161en\u00fa odolnos\u0165 a hladk\u00fa povrchov\u00fa \u00fapravu dosiek pre komer\u010dn\u00e9 a priemyseln\u00e9 projekty.Kr\u00e1\u010daj\u00faca hladi\u010dka PTH-L100B","robots":{"index":"index","follow":"follow","max-snippet":"max-snippet:-1","max-image-preview":"max-image-preview:large","max-video-preview":"max-video-preview:-1"},"canonical":"https:\/\/www.hsymachinery.com\/sk\/produkt\/kracajuca-elektricka-lopatka-pth-l100b\/","og_locale":"sk_SK","og_type":"article","og_title":"Walk-Behind Power Trowel PTH-L100B - HSY Construction Machinery","og_description":"PTH-L100B walk-behind trowel with Longxin gasoline engine offers 100 cm coverage, enhanced durability, and smooth slab finishing for commercial and industrial projects.Walk-Behind Power Trowel PTH-L100B","og_url":"https:\/\/www.hsymachinery.com\/sk\/produkt\/kracajuca-elektricka-lopatka-pth-l100b\/","og_site_name":"HSY Construction Machinery","article_modified_time":"2025-06-28T15:14:56+00:00","og_image":[{"width":600,"height":738,"url":"https:\/\/www.hsymachinery.com\/wp-content\/uploads\/2025\/06\/Walk-Behind-Power-Trowel-PTH-L100B.jpg","type":"image\/jpeg"}],"twitter_card":"summary_large_image","twitter_misc":{"Predpokladan\u00fd \u010das \u010d\u00edtania":"2 min\u00faty"},"schema":{"@context":"https:\/\/schema.org","@graph":[{"@type":"WebPage","@id":"https:\/\/www.hsymachinery.com\/product\/walk-behind-power-trowel-pth-l100b\/","url":"https:\/\/www.hsymachinery.com\/product\/walk-behind-power-trowel-pth-l100b\/","name":"Elektrick\u00e1 lopatka PTH-L100B - Stavebn\u00e9 stroje HSY","isPartOf":{"@id":"https:\/\/www.hsymachinery.com\/#website"},"primaryImageOfPage":{"@id":"https:\/\/www.hsymachinery.com\/product\/walk-behind-power-trowel-pth-l100b\/#primaryimage"},"image":{"@id":"https:\/\/www.hsymachinery.com\/product\/walk-behind-power-trowel-pth-l100b\/#primaryimage"},"thumbnailUrl":"https:\/\/www.hsymachinery.com\/wp-content\/uploads\/2025\/06\/Walk-Behind-Power-Trowel-PTH-L100B.jpg","datePublished":"2025-06-18T12:38:34+00:00","dateModified":"2025-06-28T15:14:56+00:00","description":"Kr\u00e1\u010daj\u00faca hladi\u010dka PTH-L100B s benz\u00ednov\u00fdm motorom Longxin pon\u00faka 100 cm pokrytie, zv\u00fd\u0161en\u00fa odolnos\u0165 a hladk\u00fa povrchov\u00fa \u00fapravu dosiek pre komer\u010dn\u00e9 a priemyseln\u00e9 projekty.Kr\u00e1\u010daj\u00faca hladi\u010dka PTH-L100B","breadcrumb":{"@id":"https:\/\/www.hsymachinery.com\/product\/walk-behind-power-trowel-pth-l100b\/#breadcrumb"},"inLanguage":"sk-SK","potentialAction":[{"@type":"ReadAction","target":["https:\/\/www.hsymachinery.com\/product\/walk-behind-power-trowel-pth-l100b\/"]}]},{"@type":"ImageObject","inLanguage":"sk-SK","@id":"https:\/\/www.hsymachinery.com\/product\/walk-behind-power-trowel-pth-l100b\/#primaryimage","url":"https:\/\/www.hsymachinery.com\/wp-content\/uploads\/2025\/06\/Walk-Behind-Power-Trowel-PTH-L100B.jpg","contentUrl":"https:\/\/www.hsymachinery.com\/wp-content\/uploads\/2025\/06\/Walk-Behind-Power-Trowel-PTH-L100B.jpg","width":600,"height":738},{"@type":"BreadcrumbList","@id":"https:\/\/www.hsymachinery.com\/product\/walk-behind-power-trowel-pth-l100b\/#breadcrumb","itemListElement":[{"@type":"ListItem","position":1,"name":"home","item":"https:\/\/www.hsymachinery.com\/"},{"@type":"ListItem","position":2,"name":"products","item":"https:\/\/www.hsymachinery.com\/products\/"},{"@type":"ListItem","position":3,"name":"Walk-Behind Power Trowel PTH-L100B"}]},{"@type":"WebSite","@id":"https:\/\/www.hsymachinery.com\/#website","url":"https:\/\/www.hsymachinery.com\/","name":"Stavebn\u00e9 stroje HSY","description":"HSY Machinery - popredn\u00fd dod\u00e1vate\u013e stavebn\u00fdch strojov v \u010c\u00edne, ktor\u00fd pon\u00faka \u0161irok\u00fd sortiment \u013eahk\u00fdch stavebn\u00fdch strojov. Medzi na\u0161e hlavn\u00e9 produkty patr\u00ed stroj na rezanie ty\u010d\u00ed, stroj na oh\u00fdbanie ty\u010d\u00ed, stroj na oh\u00fdbanie ty\u010d\u00ed, stroj na oh\u00fdbanie obl\u00fakov ty\u010d\u00ed, stroj na rovnanie ty\u010d\u00ed, p\u00e4\u0165hlav\u0148ov\u00fd stroj na oh\u00fdbanie ty\u010d\u00ed, podb\u00edja\u010dka, zhut\u0148ova\u010d dosiek, fr\u00e9za na bet\u00f3n, elektrick\u00e1 stierka a \u010fal\u0161ie stavebn\u00e9 stroje. Sme vybaven\u00ed modern\u00fdmi CNC strojmi a presadzujeme pr\u00edsne normy kontroly kvality spolu s komplexn\u00fdm popredajn\u00fdm servisom. Ak m\u00e1te z\u00e1ujem o na\u0161e v\u00fdrobky alebo slu\u017eby, srde\u010dne priv\u00edtame va\u0161e ot\u00e1zky prostredn\u00edctvom spr\u00e1vy.","publisher":{"@id":"https:\/\/www.hsymachinery.com\/#organization"},"potentialAction":[{"@type":"SearchAction","target":{"@type":"EntryPoint","urlTemplate":"https:\/\/www.hsymachinery.com\/?s={search_term_string}"},"query-input":{"@type":"PropertyValueSpecification","valueRequired":true,"valueName":"search_term_string"}}],"inLanguage":"sk-SK"},{"@type":"Organization","@id":"https:\/\/www.hsymachinery.com\/#organization","name":"Stavebn\u00e9 stroje HSY","url":"https:\/\/www.hsymachinery.com\/","logo":{"@type":"ImageObject","inLanguage":"sk-SK","@id":"https:\/\/www.hsymachinery.com\/#\/schema\/logo\/image\/","url":"https:\/\/www.hsymachinery.com\/wp-content\/uploads\/2025\/06\/cropped-HSY-machinery.png","contentUrl":"https:\/\/www.hsymachinery.com\/wp-content\/uploads\/2025\/06\/cropped-HSY-machinery.png","width":600,"height":240,"caption":"HSY Construction Machinery"},"image":{"@id":"https:\/\/www.hsymachinery.com\/#\/schema\/logo\/image\/"}}]}},"_links":{"self":[{"href":"https:\/\/www.hsymachinery.com\/sk\/wp-json\/wp\/v2\/product\/9211","targetHints":{"allow":["GET"]}}],"collection":[{"href":"https:\/\/www.hsymachinery.com\/sk\/wp-json\/wp\/v2\/product"}],"about":[{"href":"https:\/\/www.hsymachinery.com\/sk\/wp-json\/wp\/v2\/types\/product"}],"version-history":[{"count":3,"href":"https:\/\/www.hsymachinery.com\/sk\/wp-json\/wp\/v2\/product\/9211\/revisions"}],"predecessor-version":[{"id":9606,"href":"https:\/\/www.hsymachinery.com\/sk\/wp-json\/wp\/v2\/product\/9211\/revisions\/9606"}],"wp:featuredmedia":[{"embeddable":true,"href":"https:\/\/www.hsymachinery.com\/sk\/wp-json\/wp\/v2\/media\/9212"}],"wp:attachment":[{"href":"https:\/\/www.hsymachinery.com\/sk\/wp-json\/wp\/v2\/media?parent=9211"}],"wp:term":[{"taxonomy":"product_brand","embeddable":true,"href":"https:\/\/www.hsymachinery.com\/sk\/wp-json\/wp\/v2\/product_brand?post=9211"},{"taxonomy":"product_cat","embeddable":true,"href":"https:\/\/www.hsymachinery.com\/sk\/wp-json\/wp\/v2\/product_cat?post=9211"},{"taxonomy":"product_tag","embeddable":true,"href":"https:\/\/www.hsymachinery.com\/sk\/wp-json\/wp\/v2\/product_tag?post=9211"}],"curies":[{"name":"wp","href":"https:\/\/api.w.org\/{rel}","templated":true}]}}