{"id":9202,"date":"2025-06-18T20:33:18","date_gmt":"2025-06-18T12:33:18","guid":{"rendered":"https:\/\/www.hsymachinery.com\/?post_type=product&#038;p=9202"},"modified":"2025-06-28T23:04:04","modified_gmt":"2025-06-28T15:04:04","slug":"kracajuca-elektricka-lopatka-pth-d100","status":"publish","type":"product","link":"https:\/\/www.hsymachinery.com\/sk\/produkt\/kracajuca-elektricka-lopatka-pth-d100\/","title":{"rendered":"Elektrick\u00e1 lopatka PTH-D100 s ch\u00f4dzou za sebou"},"content":{"rendered":"<h2 data-start=\"143\" data-end=\"184\">Elektrick\u00e1 lopatka PTH-D100 s ch\u00f4dzou za sebou<\/h2>\n<h3 data-start=\"185\" data-end=\"293\">PTH-D100 Elektrick\u00e1 stierka na kone\u010dn\u00fa \u00fapravu bet\u00f3nu | \u0160irokoplo\u0161n\u00e9 vyhladzovanie \u0161etrn\u00e9 k \u017eivotn\u00e9mu prostrediu pre projekty vn\u00fatorn\u00fdch dosiek<\/h3>\n<h3 data-start=\"300\" data-end=\"396\">Popis produktu - Vysoko\u00fa\u010dinn\u00e1 elektrick\u00e1 stierka na ve\u013ek\u00e9 vn\u00fatorn\u00e9 \u00fapravy bet\u00f3nu<a href=\"https:\/\/www.hsymachinery.com\/sk\/produkty\/kracajuca-elektricka-lopatka\/\" target=\"_blank\" rel=\"noopener\"><img fetchpriority=\"high\" decoding=\"async\" class=\"wp-image-9203 alignright\" src=\"https:\/\/www.hsymachinery.com\/wp-content\/uploads\/2025\/06\/Walk-Behind-Power-Trowel-PTH-D100-244x300.jpg\" alt=\"\" width=\"452\" height=\"556\" srcset=\"https:\/\/www.hsymachinery.com\/wp-content\/uploads\/2025\/06\/Walk-Behind-Power-Trowel-PTH-D100-244x300.jpg 244w, https:\/\/www.hsymachinery.com\/wp-content\/uploads\/2025\/06\/Walk-Behind-Power-Trowel-PTH-D100.jpg 600w\" sizes=\"(max-width: 452px) 100vw, 452px\" \/><\/a><\/h3>\n<p data-start=\"398\" data-end=\"764\">Str\u00e1nka <strong data-start=\"402\" data-end=\"439\">PTH-D100 Elektrick\u00e1 lopatka s ch\u00f4dzou<\/strong> je ve\u013ekopriemerov\u00fd, elektricky poh\u00e1\u0148an\u00fd stroj na kone\u010dn\u00fa \u00fapravu bet\u00f3nu ur\u010den\u00fd na ve\u013ekoobjemov\u00e9 stavebn\u00e9 aplik\u00e1cie vo vn\u00fatorn\u00fdch priestoroch. V\u010faka svojmu ekologick\u00e9mu elektromotoru pracuje \u010disto a ticho - je ide\u00e1lnou vo\u013ebou pre projekty v uzavret\u00fdch priestoroch, kde je potrebn\u00e9 minimalizova\u0165 emisie paliva a hluk.<\/p>\n<p data-start=\"766\" data-end=\"1114\">Tento stroj s ve\u013ekorys\u00fdm priemerom stierkovania 100 cm pokr\u00fdva ve\u013ek\u00e9 podlahov\u00e9 plochy s men\u0161\u00edm po\u010dtom prejazdov, \u010d\u00edm pom\u00e1ha dod\u00e1vate\u013eom dokon\u010di\u0165 pr\u00e1ce r\u00fdchlej\u0161ie a efekt\u00edvnej\u0161ie. Okrem toho syst\u00e9m regul\u00e1cie sklonu lopatiek zabezpe\u010duje plynul\u00e9 prechody medzi f\u00e1zami pl\u00e1vaj\u00facej a dokon\u010dovacej \u00fapravy, \u010d\u00edm sa pri ka\u017edom pou\u017eit\u00ed zabezpe\u010d\u00ed konzistentn\u00fd le\u0161ten\u00fd bet\u00f3nov\u00fd povrch.<\/p>\n<p data-start=\"1116\" data-end=\"1383\">Elektrick\u00fd pohon navy\u0161e zni\u017euje prev\u00e1dzkov\u00fd hluk a eliminuje v\u00fdpary, \u010d\u00edm vytv\u00e1ra zdrav\u0161\u00ed pracovn\u00fd priestor pre obsluhu. Ergonomick\u00e1 sklopn\u00e1 rukov\u00e4\u0165 je navrhnut\u00e1 tak, aby zni\u017eovala vibr\u00e1cie a \u00fanavu obsluhy a z\u00e1rove\u0148 u\u013eah\u010dovala prepravu a skladovanie.<\/p>\n<p data-start=\"1385\" data-end=\"1745\">V\u010faka zosilnenej prevodovke, odoln\u00fdm ramen\u00e1m pav\u00faka a ochrann\u00e9mu bezpe\u010dnostn\u00e9mu kr\u00fa\u017eku je PTH-D100 ve\u013emi odoln\u00fd a vydr\u017e\u00ed ka\u017edodenn\u00e9 pou\u017e\u00edvanie na n\u00e1ro\u010dn\u00fdch pracovisk\u00e1ch. Je obzvl\u00e1\u0161\u0165 vhodn\u00fd pre nemocnice, komer\u010dn\u00e9 pivnice, skladov\u00e9 haly a in\u00e9 miesta, kde je nevyhnutn\u00e1 tich\u00e1 prev\u00e1dzka bez emisi\u00ed.<\/p>\n<h3 data-start=\"1752\" data-end=\"1805\">K\u013e\u00fa\u010dov\u00e9 vlastnosti elektrickej hladi\u010dky PTH-D100<\/h3>\n<ul data-start=\"1807\" data-end=\"2193\">\n<li data-start=\"1807\" data-end=\"1877\">\n<p data-start=\"1809\" data-end=\"1877\">Poh\u00e1\u0148an\u00fd \u00fa\u010dinn\u00fdm elektromotorom pre \u010dist\u00fa a tich\u00fa prev\u00e1dzku<\/p>\n<\/li>\n<li data-start=\"1878\" data-end=\"1940\">\n<p data-start=\"1880\" data-end=\"1940\">Ve\u013ek\u00fd priemer stierky 100 cm zvy\u0161uje pokrytie povrchu<\/p>\n<\/li>\n<li data-start=\"1941\" data-end=\"1997\">\n<p data-start=\"1943\" data-end=\"1997\">Nastavite\u013en\u00fd sklon no\u017ea na presn\u00e9 ovl\u00e1danie dokon\u010dovac\u00edch pr\u00e1c<\/p>\n<\/li>\n<li data-start=\"1998\" data-end=\"2064\">\n<p data-start=\"2000\" data-end=\"2064\">Rukov\u00e4\u0165 s n\u00edzkymi vibr\u00e1ciami zni\u017euje \u00fanavu a je skladn\u00e1 na pren\u00e1\u0161anie<\/p>\n<\/li>\n<li data-start=\"2065\" data-end=\"2119\">\n<p data-start=\"2067\" data-end=\"2119\">Robustn\u00e1 prevodovka a r\u00e1m pre dlhodob\u00fa spo\u013eahlivos\u0165<\/p>\n<\/li>\n<li data-start=\"2120\" data-end=\"2193\">\n<p data-start=\"2122\" data-end=\"2193\">Vynikaj\u00face pre vn\u00fatorn\u00e9 alebo regulovan\u00e9 prostredie s obmedzeniami t\u00fdkaj\u00facimi sa paliva<\/p>\n<\/li>\n<\/ul>\n<h3 data-start=\"2200\" data-end=\"2283\">Pou\u017eitie - ide\u00e1lne pre nemocnice, gar\u00e1\u017ee, sklady a interi\u00e9rov\u00e9 projekty<\/h3>\n<p data-start=\"2285\" data-end=\"2542\">PTH-D100 sa \u0161iroko pou\u017e\u00edva vo vn\u00fatorn\u00fdch komer\u010dn\u00fdch stavb\u00e1ch vr\u00e1tane parkovac\u00edch gar\u00e1\u017e\u00ed, zdravotn\u00edckych zariaden\u00ed a obchodn\u00fdch centier. Ke\u010f\u017ee pracuje bez paliva, sp\u013a\u0148a predpisy pre uzavret\u00e9 priestory a citliv\u00e9 pracovn\u00e9 prostredia.<\/p>\n<p data-start=\"2544\" data-end=\"2699\">V\u010faka tomu m\u00f4\u017eu zhotovitelia vyu\u017e\u00edva\u0165 jeho n\u00edzke n\u00e1roky na \u00fadr\u017ebu, tich\u00fa prev\u00e1dzku a v\u00fdsledky na profesion\u00e1lnej \u00farovni, a to aj na t\u00fdch najn\u00e1ro\u010dnej\u0161\u00edch dosk\u00e1ch.<\/p>\n<p><iframe title=\"Elektrick\u00e1 stierka, ru\u010dn\u00e1 elektrick\u00e1 stierka, stierka, bet\u00f3n #stierka #powertrowe#concrete\" width=\"720\" height=\"405\" src=\"https:\/\/www.youtube.com\/embed\/pa6AuNhMrwI?feature=oembed\" frameborder=\"0\" allow=\"accelerometer; autoplay; clipboard-write; encrypted-media; gyroscope; picture-in-picture; web-share\" referrerpolicy=\"strict-origin-when-cross-origin\" allowfullscreen><\/iframe><\/p>","protected":false},"excerpt":{"rendered":"<p>Elektrick\u00e1 stierka na bet\u00f3n PTH-D100 so 100 cm \u010depe\u013eou pon\u00faka tich\u00fa a vysoko \u00fa\u010dinn\u00fa povrchov\u00fa \u00fapravu pre vn\u00fatorn\u00e9 dosky v nemocniciach, skladoch a komer\u010dn\u00fdch pivniciach.<\/p>","protected":false},"featured_media":9203,"template":"","meta":{"_kad_post_transparent":"default","_kad_post_title":"","_kad_post_layout":"default","_kad_post_sidebar_id":"","_kad_post_content_style":"default","_kad_post_vertical_padding":"default","_kad_post_feature":"","_kad_post_feature_position":"","_kad_post_header":false,"_kad_post_footer":false},"product_brand":[],"product_cat":[55],"product_tag":[1084,1083,1087,1081,1086,1085,1089,1088,1090,1082],"class_list":{"0":"post-9202","1":"product","2":"type-product","3":"status-publish","4":"has-post-thumbnail","6":"product_cat-walk-behind-power-trowel","7":"product_tag-cement-power-trowel","8":"product_tag-concrete-finishing-trowel","9":"product_tag-concrete-floor-finishing-machine","10":"product_tag-concrete-power-trowel","11":"product_tag-electric-walk-behind-trowel","12":"product_tag-gasoline-power-trowel","13":"product_tag-hand-operated-power-trowel","14":"product_tag-manual-power-trowel","15":"product_tag-walk-behind-concrete-finishing-machine","16":"product_tag-walk-behind-trowel-machine","18":"first","19":"instock","20":"shipping-taxable","21":"product-type-simple","22":"entry","23":"content-bg","24":"loop-entry"},"yoast_head":"<!-- This site is optimized with the Yoast SEO plugin v25.3.1 - https:\/\/yoast.com\/wordpress\/plugins\/seo\/ -->\n<title>Walk-Behind Power Trowel PTH-D100 - HSY Construction Machinery<\/title>\n<meta name=\"description\" content=\"PTH-D100 electric concrete power trowel delivers silent, emission-free slab finishing for indoor use. Ideal for large commercial projects and enclosed job sites.Walk-Behind Power Trowel PTH-D100\" \/>\n<meta name=\"robots\" content=\"index, follow, max-snippet:-1, max-image-preview:large, max-video-preview:-1\" \/>\n<link rel=\"canonical\" href=\"https:\/\/www.hsymachinery.com\/sk\/produkt\/kracajuca-elektricka-lopatka-pth-d100\/\" \/>\n<meta property=\"og:locale\" content=\"sk_SK\" \/>\n<meta property=\"og:type\" content=\"article\" \/>\n<meta property=\"og:title\" content=\"Walk-Behind Power Trowel PTH-D100 - HSY Construction Machinery\" \/>\n<meta property=\"og:description\" content=\"PTH-D100 electric concrete power trowel delivers silent, emission-free slab finishing for indoor use. Ideal for large commercial projects and enclosed job sites.Walk-Behind Power Trowel PTH-D100\" \/>\n<meta property=\"og:url\" content=\"https:\/\/www.hsymachinery.com\/sk\/produkt\/kracajuca-elektricka-lopatka-pth-d100\/\" \/>\n<meta property=\"og:site_name\" content=\"HSY Construction Machinery\" \/>\n<meta property=\"article:modified_time\" content=\"2025-06-28T15:04:04+00:00\" \/>\n<meta property=\"og:image\" content=\"https:\/\/www.hsymachinery.com\/wp-content\/uploads\/2025\/06\/Walk-Behind-Power-Trowel-PTH-D100.jpg\" \/>\n\t<meta property=\"og:image:width\" content=\"600\" \/>\n\t<meta property=\"og:image:height\" content=\"738\" \/>\n\t<meta property=\"og:image:type\" content=\"image\/jpeg\" \/>\n<meta name=\"twitter:card\" content=\"summary_large_image\" \/>\n<meta name=\"twitter:label1\" content=\"Predpokladan\u00fd \u010das \u010d\u00edtania\" \/>\n\t<meta name=\"twitter:data1\" content=\"2 min\u00faty\" \/>\n<script type=\"application\/ld+json\" class=\"yoast-schema-graph\">{\"@context\":\"https:\/\/schema.org\",\"@graph\":[{\"@type\":\"WebPage\",\"@id\":\"https:\/\/www.hsymachinery.com\/product\/walk-behind-power-trowel-pth-d100\/\",\"url\":\"https:\/\/www.hsymachinery.com\/product\/walk-behind-power-trowel-pth-d100\/\",\"name\":\"Walk-Behind Power Trowel PTH-D100 - HSY Construction Machinery\",\"isPartOf\":{\"@id\":\"https:\/\/www.hsymachinery.com\/#website\"},\"primaryImageOfPage\":{\"@id\":\"https:\/\/www.hsymachinery.com\/product\/walk-behind-power-trowel-pth-d100\/#primaryimage\"},\"image\":{\"@id\":\"https:\/\/www.hsymachinery.com\/product\/walk-behind-power-trowel-pth-d100\/#primaryimage\"},\"thumbnailUrl\":\"https:\/\/www.hsymachinery.com\/wp-content\/uploads\/2025\/06\/Walk-Behind-Power-Trowel-PTH-D100.jpg\",\"datePublished\":\"2025-06-18T12:33:18+00:00\",\"dateModified\":\"2025-06-28T15:04:04+00:00\",\"description\":\"PTH-D100 electric concrete power trowel delivers silent, emission-free slab finishing for indoor use. Ideal for large commercial projects and enclosed job sites.Walk-Behind Power Trowel PTH-D100\",\"breadcrumb\":{\"@id\":\"https:\/\/www.hsymachinery.com\/product\/walk-behind-power-trowel-pth-d100\/#breadcrumb\"},\"inLanguage\":\"sk-SK\",\"potentialAction\":[{\"@type\":\"ReadAction\",\"target\":[\"https:\/\/www.hsymachinery.com\/product\/walk-behind-power-trowel-pth-d100\/\"]}]},{\"@type\":\"ImageObject\",\"inLanguage\":\"sk-SK\",\"@id\":\"https:\/\/www.hsymachinery.com\/product\/walk-behind-power-trowel-pth-d100\/#primaryimage\",\"url\":\"https:\/\/www.hsymachinery.com\/wp-content\/uploads\/2025\/06\/Walk-Behind-Power-Trowel-PTH-D100.jpg\",\"contentUrl\":\"https:\/\/www.hsymachinery.com\/wp-content\/uploads\/2025\/06\/Walk-Behind-Power-Trowel-PTH-D100.jpg\",\"width\":600,\"height\":738},{\"@type\":\"BreadcrumbList\",\"@id\":\"https:\/\/www.hsymachinery.com\/product\/walk-behind-power-trowel-pth-d100\/#breadcrumb\",\"itemListElement\":[{\"@type\":\"ListItem\",\"position\":1,\"name\":\"home\",\"item\":\"https:\/\/www.hsymachinery.com\/\"},{\"@type\":\"ListItem\",\"position\":2,\"name\":\"products\",\"item\":\"https:\/\/www.hsymachinery.com\/products\/\"},{\"@type\":\"ListItem\",\"position\":3,\"name\":\"Walk-Behind Power Trowel PTH-D100\"}]},{\"@type\":\"WebSite\",\"@id\":\"https:\/\/www.hsymachinery.com\/#website\",\"url\":\"https:\/\/www.hsymachinery.com\/\",\"name\":\"HSY Construction Machinery\",\"description\":\"HSY Machinery \u2013 A leading China construction machinery supplier, offering a wide range of light construction equipment. Our main products include Rebar Cutting Machine, Rebar Bending Machine, Rebar Stirrup Bending Machine, Rebar Arc Bending Machine, Rebar Straightening Machine, Five-Head Rebar Stirrup Bending Machine, Tamping Rammer, Plate Compactor, Concrete Cutter, Power Trowel, and other construction machinery. We are equipped with advanced CNC machines, and we enforce strict quality inspection standards along with comprehensive after-sales service. If you are interested in our products or services, we warmly welcome your inquiries via message.\",\"publisher\":{\"@id\":\"https:\/\/www.hsymachinery.com\/#organization\"},\"potentialAction\":[{\"@type\":\"SearchAction\",\"target\":{\"@type\":\"EntryPoint\",\"urlTemplate\":\"https:\/\/www.hsymachinery.com\/?s={search_term_string}\"},\"query-input\":{\"@type\":\"PropertyValueSpecification\",\"valueRequired\":true,\"valueName\":\"search_term_string\"}}],\"inLanguage\":\"sk-SK\"},{\"@type\":\"Organization\",\"@id\":\"https:\/\/www.hsymachinery.com\/#organization\",\"name\":\"HSY Construction Machinery\",\"url\":\"https:\/\/www.hsymachinery.com\/\",\"logo\":{\"@type\":\"ImageObject\",\"inLanguage\":\"sk-SK\",\"@id\":\"https:\/\/www.hsymachinery.com\/#\/schema\/logo\/image\/\",\"url\":\"https:\/\/www.hsymachinery.com\/wp-content\/uploads\/2025\/06\/cropped-HSY-machinery.png\",\"contentUrl\":\"https:\/\/www.hsymachinery.com\/wp-content\/uploads\/2025\/06\/cropped-HSY-machinery.png\",\"width\":600,\"height\":240,\"caption\":\"HSY Construction Machinery\"},\"image\":{\"@id\":\"https:\/\/www.hsymachinery.com\/#\/schema\/logo\/image\/\"}}]}<\/script>\n<!-- \/ Yoast SEO plugin. -->","yoast_head_json":{"title":"Elektrick\u00e1 lopatka PTH-D100 - Stavebn\u00e9 stroje HSY","description":"Elektrick\u00e1 hladi\u010dka na bet\u00f3n PTH-D100 poskytuje tich\u00e9, bezemisn\u00e9 dokon\u010dovanie dosiek na pou\u017eitie v interi\u00e9ri. Ide\u00e1lne pre ve\u013ek\u00e9 komer\u010dn\u00e9 projekty a uzavret\u00e9 pracovisk\u00e1.","robots":{"index":"index","follow":"follow","max-snippet":"max-snippet:-1","max-image-preview":"max-image-preview:large","max-video-preview":"max-video-preview:-1"},"canonical":"https:\/\/www.hsymachinery.com\/sk\/produkt\/kracajuca-elektricka-lopatka-pth-d100\/","og_locale":"sk_SK","og_type":"article","og_title":"Walk-Behind Power Trowel PTH-D100 - HSY Construction Machinery","og_description":"PTH-D100 electric concrete power trowel delivers silent, emission-free slab finishing for indoor use. Ideal for large commercial projects and enclosed job sites.Walk-Behind Power Trowel PTH-D100","og_url":"https:\/\/www.hsymachinery.com\/sk\/produkt\/kracajuca-elektricka-lopatka-pth-d100\/","og_site_name":"HSY Construction Machinery","article_modified_time":"2025-06-28T15:04:04+00:00","og_image":[{"width":600,"height":738,"url":"https:\/\/www.hsymachinery.com\/wp-content\/uploads\/2025\/06\/Walk-Behind-Power-Trowel-PTH-D100.jpg","type":"image\/jpeg"}],"twitter_card":"summary_large_image","twitter_misc":{"Predpokladan\u00fd \u010das \u010d\u00edtania":"2 min\u00faty"},"schema":{"@context":"https:\/\/schema.org","@graph":[{"@type":"WebPage","@id":"https:\/\/www.hsymachinery.com\/product\/walk-behind-power-trowel-pth-d100\/","url":"https:\/\/www.hsymachinery.com\/product\/walk-behind-power-trowel-pth-d100\/","name":"Elektrick\u00e1 lopatka PTH-D100 - Stavebn\u00e9 stroje HSY","isPartOf":{"@id":"https:\/\/www.hsymachinery.com\/#website"},"primaryImageOfPage":{"@id":"https:\/\/www.hsymachinery.com\/product\/walk-behind-power-trowel-pth-d100\/#primaryimage"},"image":{"@id":"https:\/\/www.hsymachinery.com\/product\/walk-behind-power-trowel-pth-d100\/#primaryimage"},"thumbnailUrl":"https:\/\/www.hsymachinery.com\/wp-content\/uploads\/2025\/06\/Walk-Behind-Power-Trowel-PTH-D100.jpg","datePublished":"2025-06-18T12:33:18+00:00","dateModified":"2025-06-28T15:04:04+00:00","description":"Elektrick\u00e1 hladi\u010dka na bet\u00f3n PTH-D100 poskytuje tich\u00e9, bezemisn\u00e9 dokon\u010dovanie dosiek na pou\u017eitie v interi\u00e9ri. Ide\u00e1lne pre ve\u013ek\u00e9 komer\u010dn\u00e9 projekty a uzavret\u00e9 pracovisk\u00e1.","breadcrumb":{"@id":"https:\/\/www.hsymachinery.com\/product\/walk-behind-power-trowel-pth-d100\/#breadcrumb"},"inLanguage":"sk-SK","potentialAction":[{"@type":"ReadAction","target":["https:\/\/www.hsymachinery.com\/product\/walk-behind-power-trowel-pth-d100\/"]}]},{"@type":"ImageObject","inLanguage":"sk-SK","@id":"https:\/\/www.hsymachinery.com\/product\/walk-behind-power-trowel-pth-d100\/#primaryimage","url":"https:\/\/www.hsymachinery.com\/wp-content\/uploads\/2025\/06\/Walk-Behind-Power-Trowel-PTH-D100.jpg","contentUrl":"https:\/\/www.hsymachinery.com\/wp-content\/uploads\/2025\/06\/Walk-Behind-Power-Trowel-PTH-D100.jpg","width":600,"height":738},{"@type":"BreadcrumbList","@id":"https:\/\/www.hsymachinery.com\/product\/walk-behind-power-trowel-pth-d100\/#breadcrumb","itemListElement":[{"@type":"ListItem","position":1,"name":"home","item":"https:\/\/www.hsymachinery.com\/"},{"@type":"ListItem","position":2,"name":"products","item":"https:\/\/www.hsymachinery.com\/products\/"},{"@type":"ListItem","position":3,"name":"Walk-Behind Power Trowel PTH-D100"}]},{"@type":"WebSite","@id":"https:\/\/www.hsymachinery.com\/#website","url":"https:\/\/www.hsymachinery.com\/","name":"Stavebn\u00e9 stroje HSY","description":"HSY Machinery - popredn\u00fd dod\u00e1vate\u013e stavebn\u00fdch strojov v \u010c\u00edne, ktor\u00fd pon\u00faka \u0161irok\u00fd sortiment \u013eahk\u00fdch stavebn\u00fdch strojov. Medzi na\u0161e hlavn\u00e9 produkty patr\u00ed stroj na rezanie ty\u010d\u00ed, stroj na oh\u00fdbanie ty\u010d\u00ed, stroj na oh\u00fdbanie ty\u010d\u00ed, stroj na oh\u00fdbanie obl\u00fakov ty\u010d\u00ed, stroj na rovnanie ty\u010d\u00ed, p\u00e4\u0165hlav\u0148ov\u00fd stroj na oh\u00fdbanie ty\u010d\u00ed, podb\u00edja\u010dka, zhut\u0148ova\u010d dosiek, fr\u00e9za na bet\u00f3n, elektrick\u00e1 stierka a \u010fal\u0161ie stavebn\u00e9 stroje. Sme vybaven\u00ed modern\u00fdmi CNC strojmi a presadzujeme pr\u00edsne normy kontroly kvality spolu s komplexn\u00fdm popredajn\u00fdm servisom. Ak m\u00e1te z\u00e1ujem o na\u0161e v\u00fdrobky alebo slu\u017eby, srde\u010dne priv\u00edtame va\u0161e ot\u00e1zky prostredn\u00edctvom spr\u00e1vy.","publisher":{"@id":"https:\/\/www.hsymachinery.com\/#organization"},"potentialAction":[{"@type":"SearchAction","target":{"@type":"EntryPoint","urlTemplate":"https:\/\/www.hsymachinery.com\/?s={search_term_string}"},"query-input":{"@type":"PropertyValueSpecification","valueRequired":true,"valueName":"search_term_string"}}],"inLanguage":"sk-SK"},{"@type":"Organization","@id":"https:\/\/www.hsymachinery.com\/#organization","name":"Stavebn\u00e9 stroje HSY","url":"https:\/\/www.hsymachinery.com\/","logo":{"@type":"ImageObject","inLanguage":"sk-SK","@id":"https:\/\/www.hsymachinery.com\/#\/schema\/logo\/image\/","url":"https:\/\/www.hsymachinery.com\/wp-content\/uploads\/2025\/06\/cropped-HSY-machinery.png","contentUrl":"https:\/\/www.hsymachinery.com\/wp-content\/uploads\/2025\/06\/cropped-HSY-machinery.png","width":600,"height":240,"caption":"HSY Construction Machinery"},"image":{"@id":"https:\/\/www.hsymachinery.com\/#\/schema\/logo\/image\/"}}]}},"_links":{"self":[{"href":"https:\/\/www.hsymachinery.com\/sk\/wp-json\/wp\/v2\/product\/9202","targetHints":{"allow":["GET"]}}],"collection":[{"href":"https:\/\/www.hsymachinery.com\/sk\/wp-json\/wp\/v2\/product"}],"about":[{"href":"https:\/\/www.hsymachinery.com\/sk\/wp-json\/wp\/v2\/types\/product"}],"version-history":[{"count":3,"href":"https:\/\/www.hsymachinery.com\/sk\/wp-json\/wp\/v2\/product\/9202\/revisions"}],"predecessor-version":[{"id":9600,"href":"https:\/\/www.hsymachinery.com\/sk\/wp-json\/wp\/v2\/product\/9202\/revisions\/9600"}],"wp:featuredmedia":[{"embeddable":true,"href":"https:\/\/www.hsymachinery.com\/sk\/wp-json\/wp\/v2\/media\/9203"}],"wp:attachment":[{"href":"https:\/\/www.hsymachinery.com\/sk\/wp-json\/wp\/v2\/media?parent=9202"}],"wp:term":[{"taxonomy":"product_brand","embeddable":true,"href":"https:\/\/www.hsymachinery.com\/sk\/wp-json\/wp\/v2\/product_brand?post=9202"},{"taxonomy":"product_cat","embeddable":true,"href":"https:\/\/www.hsymachinery.com\/sk\/wp-json\/wp\/v2\/product_cat?post=9202"},{"taxonomy":"product_tag","embeddable":true,"href":"https:\/\/www.hsymachinery.com\/sk\/wp-json\/wp\/v2\/product_tag?post=9202"}],"curies":[{"name":"wp","href":"https:\/\/api.w.org\/{rel}","templated":true}]}}