{"id":9199,"date":"2025-06-18T20:30:49","date_gmt":"2025-06-18T12:30:49","guid":{"rendered":"https:\/\/www.hsymachinery.com\/?post_type=product&#038;p=9199"},"modified":"2025-06-28T22:59:07","modified_gmt":"2025-06-28T14:59:07","slug":"kracajuca-elektricka-lopatka-pth-d60-90","status":"publish","type":"product","link":"https:\/\/www.hsymachinery.com\/sk\/produkt\/kracajuca-elektricka-lopatka-pth-d60-90\/","title":{"rendered":"Elektrick\u00e1 lopatka PTH-D60\/90"},"content":{"rendered":"<h2 data-start=\"149\" data-end=\"192\">Elektrick\u00e1 lopatka PTH-D60\/90<\/h2>\n<h3 data-start=\"193\" data-end=\"293\">PTH-D60\/90 Elektrick\u00e1 hladi\u010dka | Ekologick\u00e9 a tich\u00e9 rie\u0161enie pre vn\u00fatorn\u00e9 \u00fapravy bet\u00f3nu<\/h3>\n<h3 data-start=\"300\" data-end=\"394\">Popis produktu - Kompaktn\u00e1 elektrick\u00e1 stierka na bet\u00f3n pre vn\u00fatorn\u00e9 a uzavret\u00e9 projekty<a href=\"https:\/\/www.hsymachinery.com\/sk\/produkty\/kracajuca-elektricka-lopatka\/\" target=\"_blank\" rel=\"noopener\"><img fetchpriority=\"high\" decoding=\"async\" class=\"wp-image-9200 alignright\" src=\"https:\/\/www.hsymachinery.com\/wp-content\/uploads\/2025\/06\/Walk-Behind-Power-Trowel-PTH-D60-244x300.jpg\" alt=\"\" width=\"452\" height=\"556\" srcset=\"https:\/\/www.hsymachinery.com\/wp-content\/uploads\/2025\/06\/Walk-Behind-Power-Trowel-PTH-D60-244x300.jpg 244w, https:\/\/www.hsymachinery.com\/wp-content\/uploads\/2025\/06\/Walk-Behind-Power-Trowel-PTH-D60.jpg 600w\" sizes=\"(max-width: 452px) 100vw, 452px\" \/><\/a><\/h3>\n<p data-start=\"396\" data-end=\"794\">Str\u00e1nka <strong data-start=\"400\" data-end=\"439\">PTH-D60\/90 Elektrick\u00e1 lopatka s ch\u00f4dzou<\/strong> je kompaktn\u00fd stroj na \u00fapravu bet\u00f3nov\u00fdch povrchov poh\u00e1\u0148an\u00fd elektromotorom, ktor\u00fd je ide\u00e1lny na pou\u017eitie v prostred\u00ed citlivom na hluk alebo s obmedzenou ventil\u00e1ciou. Tento model je ur\u010den\u00fd na pou\u017eitie v obytn\u00fdch aj komer\u010dn\u00fdch priestoroch a pon\u00faka spo\u013eahliv\u00fd v\u00fdkon bez emisi\u00ed, \u010do z neho rob\u00ed skvel\u00fa vo\u013ebu na kone\u010dn\u00fa \u00fapravu bet\u00f3nu v interi\u00e9ri.<\/p>\n<p data-start=\"796\" data-end=\"1174\">S priemerom hladenia 60 a\u017e 90 cm poskytuje PTH-D60\/90 univerz\u00e1lne pokrytie, ktor\u00e9 umo\u017e\u0148uje obsluhe efekt\u00edvne dokon\u010di\u0165 mal\u00e9 a\u017e stredne ve\u013ek\u00e9 dosky. Jeho nastavite\u013en\u00fd syst\u00e9m regul\u00e1cie rozstupu no\u017eov zabezpe\u010duje, \u017ee oper\u00e1tor m\u00f4\u017ee plynule prech\u00e1dza\u0165 medzi r\u00f4znymi f\u00e1zami dokon\u010dovania - od po\u010diato\u010dn\u00e9ho pl\u00e1vaj\u00faceho po kone\u010dn\u00e9 le\u0161tenie - pri zachovan\u00ed konzistencie a hladkosti povrchu.<\/p>\n<p data-start=\"1176\" data-end=\"1526\">Okrem toho elektrick\u00fd pohon pracuje ticho a s minim\u00e1lnymi vibr\u00e1ciami, \u010do zni\u017euje \u00fanavu pou\u017e\u00edvate\u013ea po\u010das dlhodobej prev\u00e1dzky. Ergonomick\u00e1 sklopn\u00e1 rukov\u00e4\u0165 \u010falej zvy\u0161uje pohodlie a u\u013eah\u010duje prepravu. Jeho zosilnen\u00e1 prevodovka, robustn\u00e9 ramen\u00e1 no\u017ea a bezpe\u010dnostn\u00fd kr\u00fa\u017eok zaru\u010duj\u00fa dlhodob\u00fa spo\u013eahlivos\u0165 aj pri ka\u017edodennom pou\u017e\u00edvan\u00ed.<\/p>\n<p data-start=\"1528\" data-end=\"1753\">Okrem toho, ke\u010f\u017ee pracuje bez paliva, je PTH-D60\/90 ide\u00e1lny do vn\u00fatorn\u00fdch priestorov, pivni\u010dn\u00fdch priestorov, komer\u010dn\u00fdch kuch\u00fd\u0148 alebo zdravotn\u00edckych stavieb, kde je rozhoduj\u00faca kvalita vzduchu a n\u00edzka hlu\u010dnos\u0165.<\/p>\n<h3 data-start=\"1760\" data-end=\"1815\">K\u013e\u00fa\u010dov\u00e9 vlastnosti elektrickej hladi\u010dky PTH-D60\/90<\/h3>\n<ul data-start=\"1817\" data-end=\"2184\">\n<li data-start=\"1817\" data-end=\"1875\">\n<p data-start=\"1819\" data-end=\"1875\">Elektrick\u00fd motor zabezpe\u010duje tich\u00fa prev\u00e1dzku bez emisi\u00ed<\/p>\n<\/li>\n<li data-start=\"1876\" data-end=\"1940\">\n<p data-start=\"1878\" data-end=\"1940\">Priemer \u010depele 60-90 cm vyva\u017euje presnos\u0165 a pokrytie plochy<\/p>\n<\/li>\n<li data-start=\"1941\" data-end=\"1995\">\n<p data-start=\"1943\" data-end=\"1995\">Nastavite\u013en\u00e1 rozte\u010d no\u017eov pre r\u00f4zne typy povrchov\u00fdch \u00faprav<\/p>\n<\/li>\n<li data-start=\"1996\" data-end=\"2062\">\n<p data-start=\"1998\" data-end=\"2062\">Ergonomick\u00e1 rukov\u00e4\u0165 zni\u017euje n\u00e1mahu obsluhy a d\u00e1 sa zlo\u017ei\u0165 na uskladnenie<\/p>\n<\/li>\n<li data-start=\"2063\" data-end=\"2120\">\n<p data-start=\"2065\" data-end=\"2120\">Prevodovka a r\u00e1m s vysokou odolnos\u0165ou zaru\u010duj\u00fa dlh\u00fa \u017eivotnos\u0165 stroja<\/p>\n<\/li>\n<li data-start=\"2121\" data-end=\"2184\">\n<p data-start=\"2123\" data-end=\"2184\">Ide\u00e1lne pre uzavret\u00e9 priestory alebo projekty s obmedzen\u00edm paliva<\/p>\n<\/li>\n<\/ul>\n<h3 data-start=\"2191\" data-end=\"2279\">Pou\u017eitie - najlep\u0161ie pre vn\u00fatorn\u00e9 projekty, nemocnice, kuchyne a podzemn\u00e9 priestory<\/h3>\n<p data-start=\"2281\" data-end=\"2558\">Dod\u00e1vatelia pou\u017e\u00edvaj\u00fa PTH-D60\/90 na bet\u00f3nov\u00e9 dosky v interi\u00e9roch vr\u00e1tane kancel\u00e1rskych budov, suter\u00e9nov, nemocn\u00edc a re\u0161taur\u00e1ci\u00ed. Ke\u010f\u017ee nevy\u017eaduje \u017eiadne palivo, sp\u013a\u0148a environment\u00e1lne a bezpe\u010dnostn\u00e9 normy tam, kde je zak\u00e1zan\u00e9 pou\u017e\u00edva\u0165 plyn alebo naftu.<\/p>\n<p data-start=\"2560\" data-end=\"2749\">V\u00fdsledkom je spo\u013eahliv\u00fd v\u00fdkon, tich\u00e1 prev\u00e1dzka a n\u00edzke n\u00e1klady na \u00fadr\u017ebu, pri\u010dom pou\u017e\u00edvatelia dosahuj\u00fa hladk\u00e9 a profesion\u00e1lne povrchov\u00e9 \u00fapravy bet\u00f3nu v uzavret\u00fdch pracovn\u00fdch z\u00f3nach.<\/p>\n<p><iframe title=\"Elektrick\u00e1 stierka, ru\u010dn\u00e1 elektrick\u00e1 stierka, stierka, bet\u00f3n #stierka #powertrowe#concrete\" width=\"720\" height=\"405\" src=\"https:\/\/www.youtube.com\/embed\/pa6AuNhMrwI?feature=oembed\" frameborder=\"0\" allow=\"accelerometer; autoplay; clipboard-write; encrypted-media; gyroscope; picture-in-picture; web-share\" referrerpolicy=\"strict-origin-when-cross-origin\" allowfullscreen><\/iframe><\/p>","protected":false},"excerpt":{"rendered":"<p>Elektrick\u00e1 hladi\u010dka PTH-D60\/90 pon\u00faka bezpe\u010dn\u00e9, tich\u00e9 a efekt\u00edvne dokon\u010dovacie pr\u00e1ce na bet\u00f3ne pre projekty v interi\u00e9ri, s n\u00edzkou \u00fadr\u017ebou a bez emisi\u00ed.<\/p>","protected":false},"featured_media":9200,"template":"","meta":{"_kad_post_transparent":"default","_kad_post_title":"","_kad_post_layout":"default","_kad_post_sidebar_id":"","_kad_post_content_style":"default","_kad_post_vertical_padding":"default","_kad_post_feature":"","_kad_post_feature_position":"","_kad_post_header":false,"_kad_post_footer":false},"product_brand":[],"product_cat":[55],"product_tag":[1084,1083,1087,1081,1086,1085,1089,1088,1090,1082],"class_list":{"0":"post-9199","1":"product","2":"type-product","3":"status-publish","4":"has-post-thumbnail","6":"product_cat-walk-behind-power-trowel","7":"product_tag-cement-power-trowel","8":"product_tag-concrete-finishing-trowel","9":"product_tag-concrete-floor-finishing-machine","10":"product_tag-concrete-power-trowel","11":"product_tag-electric-walk-behind-trowel","12":"product_tag-gasoline-power-trowel","13":"product_tag-hand-operated-power-trowel","14":"product_tag-manual-power-trowel","15":"product_tag-walk-behind-concrete-finishing-machine","16":"product_tag-walk-behind-trowel-machine","18":"first","19":"instock","20":"shipping-taxable","21":"product-type-simple","22":"entry","23":"content-bg","24":"loop-entry"},"yoast_head":"<!-- This site is optimized with the Yoast SEO plugin v25.3.1 - https:\/\/yoast.com\/wordpress\/plugins\/seo\/ -->\n<title>Walk-Behind Power Trowel PTH-D60\/90 - HSY Construction Machinery<\/title>\n<meta name=\"description\" content=\"Walk-Behind Power Trowel PTH-D60\/90 offers quiet, emission-free slab finishing for indoor spaces like hospitals, kitchens, and basements. Eco-friendly and efficient.\" \/>\n<meta name=\"robots\" content=\"index, follow, max-snippet:-1, max-image-preview:large, max-video-preview:-1\" \/>\n<link rel=\"canonical\" href=\"https:\/\/www.hsymachinery.com\/sk\/produkt\/kracajuca-elektricka-lopatka-pth-d60-90\/\" \/>\n<meta property=\"og:locale\" content=\"sk_SK\" \/>\n<meta property=\"og:type\" content=\"article\" \/>\n<meta property=\"og:title\" content=\"Walk-Behind Power Trowel PTH-D60\/90 - HSY Construction Machinery\" \/>\n<meta property=\"og:description\" content=\"Walk-Behind Power Trowel PTH-D60\/90 offers quiet, emission-free slab finishing for indoor spaces like hospitals, kitchens, and basements. Eco-friendly and efficient.\" \/>\n<meta property=\"og:url\" content=\"https:\/\/www.hsymachinery.com\/sk\/produkt\/kracajuca-elektricka-lopatka-pth-d60-90\/\" \/>\n<meta property=\"og:site_name\" content=\"HSY Construction Machinery\" \/>\n<meta property=\"article:modified_time\" content=\"2025-06-28T14:59:07+00:00\" \/>\n<meta property=\"og:image\" content=\"https:\/\/www.hsymachinery.com\/wp-content\/uploads\/2025\/06\/Walk-Behind-Power-Trowel-PTH-D60.jpg\" \/>\n\t<meta property=\"og:image:width\" content=\"600\" \/>\n\t<meta property=\"og:image:height\" content=\"738\" \/>\n\t<meta property=\"og:image:type\" content=\"image\/jpeg\" \/>\n<meta name=\"twitter:card\" content=\"summary_large_image\" \/>\n<meta name=\"twitter:label1\" content=\"Predpokladan\u00fd \u010das \u010d\u00edtania\" \/>\n\t<meta name=\"twitter:data1\" content=\"2 min\u00faty\" \/>\n<script type=\"application\/ld+json\" class=\"yoast-schema-graph\">{\"@context\":\"https:\/\/schema.org\",\"@graph\":[{\"@type\":\"WebPage\",\"@id\":\"https:\/\/www.hsymachinery.com\/product\/walk-behind-power-trowel-pth-d60-90\/\",\"url\":\"https:\/\/www.hsymachinery.com\/product\/walk-behind-power-trowel-pth-d60-90\/\",\"name\":\"Walk-Behind Power Trowel PTH-D60\/90 - HSY Construction Machinery\",\"isPartOf\":{\"@id\":\"https:\/\/www.hsymachinery.com\/#website\"},\"primaryImageOfPage\":{\"@id\":\"https:\/\/www.hsymachinery.com\/product\/walk-behind-power-trowel-pth-d60-90\/#primaryimage\"},\"image\":{\"@id\":\"https:\/\/www.hsymachinery.com\/product\/walk-behind-power-trowel-pth-d60-90\/#primaryimage\"},\"thumbnailUrl\":\"https:\/\/www.hsymachinery.com\/wp-content\/uploads\/2025\/06\/Walk-Behind-Power-Trowel-PTH-D60.jpg\",\"datePublished\":\"2025-06-18T12:30:49+00:00\",\"dateModified\":\"2025-06-28T14:59:07+00:00\",\"description\":\"Walk-Behind Power Trowel PTH-D60\/90 offers quiet, emission-free slab finishing for indoor spaces like hospitals, kitchens, and basements. Eco-friendly and efficient.\",\"breadcrumb\":{\"@id\":\"https:\/\/www.hsymachinery.com\/product\/walk-behind-power-trowel-pth-d60-90\/#breadcrumb\"},\"inLanguage\":\"sk-SK\",\"potentialAction\":[{\"@type\":\"ReadAction\",\"target\":[\"https:\/\/www.hsymachinery.com\/product\/walk-behind-power-trowel-pth-d60-90\/\"]}]},{\"@type\":\"ImageObject\",\"inLanguage\":\"sk-SK\",\"@id\":\"https:\/\/www.hsymachinery.com\/product\/walk-behind-power-trowel-pth-d60-90\/#primaryimage\",\"url\":\"https:\/\/www.hsymachinery.com\/wp-content\/uploads\/2025\/06\/Walk-Behind-Power-Trowel-PTH-D60.jpg\",\"contentUrl\":\"https:\/\/www.hsymachinery.com\/wp-content\/uploads\/2025\/06\/Walk-Behind-Power-Trowel-PTH-D60.jpg\",\"width\":600,\"height\":738},{\"@type\":\"BreadcrumbList\",\"@id\":\"https:\/\/www.hsymachinery.com\/product\/walk-behind-power-trowel-pth-d60-90\/#breadcrumb\",\"itemListElement\":[{\"@type\":\"ListItem\",\"position\":1,\"name\":\"home\",\"item\":\"https:\/\/www.hsymachinery.com\/\"},{\"@type\":\"ListItem\",\"position\":2,\"name\":\"products\",\"item\":\"https:\/\/www.hsymachinery.com\/products\/\"},{\"@type\":\"ListItem\",\"position\":3,\"name\":\"Walk-Behind Power Trowel PTH-D60\/90\"}]},{\"@type\":\"WebSite\",\"@id\":\"https:\/\/www.hsymachinery.com\/#website\",\"url\":\"https:\/\/www.hsymachinery.com\/\",\"name\":\"HSY Construction Machinery\",\"description\":\"HSY Machinery \u2013 A leading China construction machinery supplier, offering a wide range of light construction equipment. Our main products include Rebar Cutting Machine, Rebar Bending Machine, Rebar Stirrup Bending Machine, Rebar Arc Bending Machine, Rebar Straightening Machine, Five-Head Rebar Stirrup Bending Machine, Tamping Rammer, Plate Compactor, Concrete Cutter, Power Trowel, and other construction machinery. We are equipped with advanced CNC machines, and we enforce strict quality inspection standards along with comprehensive after-sales service. If you are interested in our products or services, we warmly welcome your inquiries via message.\",\"publisher\":{\"@id\":\"https:\/\/www.hsymachinery.com\/#organization\"},\"potentialAction\":[{\"@type\":\"SearchAction\",\"target\":{\"@type\":\"EntryPoint\",\"urlTemplate\":\"https:\/\/www.hsymachinery.com\/?s={search_term_string}\"},\"query-input\":{\"@type\":\"PropertyValueSpecification\",\"valueRequired\":true,\"valueName\":\"search_term_string\"}}],\"inLanguage\":\"sk-SK\"},{\"@type\":\"Organization\",\"@id\":\"https:\/\/www.hsymachinery.com\/#organization\",\"name\":\"HSY Construction Machinery\",\"url\":\"https:\/\/www.hsymachinery.com\/\",\"logo\":{\"@type\":\"ImageObject\",\"inLanguage\":\"sk-SK\",\"@id\":\"https:\/\/www.hsymachinery.com\/#\/schema\/logo\/image\/\",\"url\":\"https:\/\/www.hsymachinery.com\/wp-content\/uploads\/2025\/06\/cropped-HSY-machinery.png\",\"contentUrl\":\"https:\/\/www.hsymachinery.com\/wp-content\/uploads\/2025\/06\/cropped-HSY-machinery.png\",\"width\":600,\"height\":240,\"caption\":\"HSY Construction Machinery\"},\"image\":{\"@id\":\"https:\/\/www.hsymachinery.com\/#\/schema\/logo\/image\/\"}}]}<\/script>\n<!-- \/ Yoast SEO plugin. -->","yoast_head_json":{"title":"Elektrick\u00e1 lopatka PTH-D60\/90 - Stavebn\u00e9 stroje HSY","description":"Elektrick\u00e1 stierka PTH-D60\/90 s ch\u00f4dzou za chrbtom pon\u00faka tich\u00e9, bezemisn\u00e9 dokon\u010dovanie dosiek pre vn\u00fatorn\u00e9 priestory, ako s\u00fa nemocnice, kuchyne a pivnice. \u0160etrn\u00e9 k \u017eivotn\u00e9mu prostrediu a efekt\u00edvne.","robots":{"index":"index","follow":"follow","max-snippet":"max-snippet:-1","max-image-preview":"max-image-preview:large","max-video-preview":"max-video-preview:-1"},"canonical":"https:\/\/www.hsymachinery.com\/sk\/produkt\/kracajuca-elektricka-lopatka-pth-d60-90\/","og_locale":"sk_SK","og_type":"article","og_title":"Walk-Behind Power Trowel PTH-D60\/90 - HSY Construction Machinery","og_description":"Walk-Behind Power Trowel PTH-D60\/90 offers quiet, emission-free slab finishing for indoor spaces like hospitals, kitchens, and basements. Eco-friendly and efficient.","og_url":"https:\/\/www.hsymachinery.com\/sk\/produkt\/kracajuca-elektricka-lopatka-pth-d60-90\/","og_site_name":"HSY Construction Machinery","article_modified_time":"2025-06-28T14:59:07+00:00","og_image":[{"width":600,"height":738,"url":"https:\/\/www.hsymachinery.com\/wp-content\/uploads\/2025\/06\/Walk-Behind-Power-Trowel-PTH-D60.jpg","type":"image\/jpeg"}],"twitter_card":"summary_large_image","twitter_misc":{"Predpokladan\u00fd \u010das \u010d\u00edtania":"2 min\u00faty"},"schema":{"@context":"https:\/\/schema.org","@graph":[{"@type":"WebPage","@id":"https:\/\/www.hsymachinery.com\/product\/walk-behind-power-trowel-pth-d60-90\/","url":"https:\/\/www.hsymachinery.com\/product\/walk-behind-power-trowel-pth-d60-90\/","name":"Elektrick\u00e1 lopatka PTH-D60\/90 - Stavebn\u00e9 stroje HSY","isPartOf":{"@id":"https:\/\/www.hsymachinery.com\/#website"},"primaryImageOfPage":{"@id":"https:\/\/www.hsymachinery.com\/product\/walk-behind-power-trowel-pth-d60-90\/#primaryimage"},"image":{"@id":"https:\/\/www.hsymachinery.com\/product\/walk-behind-power-trowel-pth-d60-90\/#primaryimage"},"thumbnailUrl":"https:\/\/www.hsymachinery.com\/wp-content\/uploads\/2025\/06\/Walk-Behind-Power-Trowel-PTH-D60.jpg","datePublished":"2025-06-18T12:30:49+00:00","dateModified":"2025-06-28T14:59:07+00:00","description":"Elektrick\u00e1 stierka PTH-D60\/90 s ch\u00f4dzou za chrbtom pon\u00faka tich\u00e9, bezemisn\u00e9 dokon\u010dovanie dosiek pre vn\u00fatorn\u00e9 priestory, ako s\u00fa nemocnice, kuchyne a pivnice. \u0160etrn\u00e9 k \u017eivotn\u00e9mu prostrediu a efekt\u00edvne.","breadcrumb":{"@id":"https:\/\/www.hsymachinery.com\/product\/walk-behind-power-trowel-pth-d60-90\/#breadcrumb"},"inLanguage":"sk-SK","potentialAction":[{"@type":"ReadAction","target":["https:\/\/www.hsymachinery.com\/product\/walk-behind-power-trowel-pth-d60-90\/"]}]},{"@type":"ImageObject","inLanguage":"sk-SK","@id":"https:\/\/www.hsymachinery.com\/product\/walk-behind-power-trowel-pth-d60-90\/#primaryimage","url":"https:\/\/www.hsymachinery.com\/wp-content\/uploads\/2025\/06\/Walk-Behind-Power-Trowel-PTH-D60.jpg","contentUrl":"https:\/\/www.hsymachinery.com\/wp-content\/uploads\/2025\/06\/Walk-Behind-Power-Trowel-PTH-D60.jpg","width":600,"height":738},{"@type":"BreadcrumbList","@id":"https:\/\/www.hsymachinery.com\/product\/walk-behind-power-trowel-pth-d60-90\/#breadcrumb","itemListElement":[{"@type":"ListItem","position":1,"name":"home","item":"https:\/\/www.hsymachinery.com\/"},{"@type":"ListItem","position":2,"name":"products","item":"https:\/\/www.hsymachinery.com\/products\/"},{"@type":"ListItem","position":3,"name":"Walk-Behind Power Trowel PTH-D60\/90"}]},{"@type":"WebSite","@id":"https:\/\/www.hsymachinery.com\/#website","url":"https:\/\/www.hsymachinery.com\/","name":"Stavebn\u00e9 stroje HSY","description":"HSY Machinery - popredn\u00fd dod\u00e1vate\u013e stavebn\u00fdch strojov v \u010c\u00edne, ktor\u00fd pon\u00faka \u0161irok\u00fd sortiment \u013eahk\u00fdch stavebn\u00fdch strojov. Medzi na\u0161e hlavn\u00e9 produkty patr\u00ed stroj na rezanie ty\u010d\u00ed, stroj na oh\u00fdbanie ty\u010d\u00ed, stroj na oh\u00fdbanie ty\u010d\u00ed, stroj na oh\u00fdbanie obl\u00fakov ty\u010d\u00ed, stroj na rovnanie ty\u010d\u00ed, p\u00e4\u0165hlav\u0148ov\u00fd stroj na oh\u00fdbanie ty\u010d\u00ed, podb\u00edja\u010dka, zhut\u0148ova\u010d dosiek, fr\u00e9za na bet\u00f3n, elektrick\u00e1 stierka a \u010fal\u0161ie stavebn\u00e9 stroje. Sme vybaven\u00ed modern\u00fdmi CNC strojmi a presadzujeme pr\u00edsne normy kontroly kvality spolu s komplexn\u00fdm popredajn\u00fdm servisom. Ak m\u00e1te z\u00e1ujem o na\u0161e v\u00fdrobky alebo slu\u017eby, srde\u010dne priv\u00edtame va\u0161e ot\u00e1zky prostredn\u00edctvom spr\u00e1vy.","publisher":{"@id":"https:\/\/www.hsymachinery.com\/#organization"},"potentialAction":[{"@type":"SearchAction","target":{"@type":"EntryPoint","urlTemplate":"https:\/\/www.hsymachinery.com\/?s={search_term_string}"},"query-input":{"@type":"PropertyValueSpecification","valueRequired":true,"valueName":"search_term_string"}}],"inLanguage":"sk-SK"},{"@type":"Organization","@id":"https:\/\/www.hsymachinery.com\/#organization","name":"Stavebn\u00e9 stroje HSY","url":"https:\/\/www.hsymachinery.com\/","logo":{"@type":"ImageObject","inLanguage":"sk-SK","@id":"https:\/\/www.hsymachinery.com\/#\/schema\/logo\/image\/","url":"https:\/\/www.hsymachinery.com\/wp-content\/uploads\/2025\/06\/cropped-HSY-machinery.png","contentUrl":"https:\/\/www.hsymachinery.com\/wp-content\/uploads\/2025\/06\/cropped-HSY-machinery.png","width":600,"height":240,"caption":"HSY Construction Machinery"},"image":{"@id":"https:\/\/www.hsymachinery.com\/#\/schema\/logo\/image\/"}}]}},"_links":{"self":[{"href":"https:\/\/www.hsymachinery.com\/sk\/wp-json\/wp\/v2\/product\/9199","targetHints":{"allow":["GET"]}}],"collection":[{"href":"https:\/\/www.hsymachinery.com\/sk\/wp-json\/wp\/v2\/product"}],"about":[{"href":"https:\/\/www.hsymachinery.com\/sk\/wp-json\/wp\/v2\/types\/product"}],"version-history":[{"count":3,"href":"https:\/\/www.hsymachinery.com\/sk\/wp-json\/wp\/v2\/product\/9199\/revisions"}],"predecessor-version":[{"id":9598,"href":"https:\/\/www.hsymachinery.com\/sk\/wp-json\/wp\/v2\/product\/9199\/revisions\/9598"}],"wp:featuredmedia":[{"embeddable":true,"href":"https:\/\/www.hsymachinery.com\/sk\/wp-json\/wp\/v2\/media\/9200"}],"wp:attachment":[{"href":"https:\/\/www.hsymachinery.com\/sk\/wp-json\/wp\/v2\/media?parent=9199"}],"wp:term":[{"taxonomy":"product_brand","embeddable":true,"href":"https:\/\/www.hsymachinery.com\/sk\/wp-json\/wp\/v2\/product_brand?post=9199"},{"taxonomy":"product_cat","embeddable":true,"href":"https:\/\/www.hsymachinery.com\/sk\/wp-json\/wp\/v2\/product_cat?post=9199"},{"taxonomy":"product_tag","embeddable":true,"href":"https:\/\/www.hsymachinery.com\/sk\/wp-json\/wp\/v2\/product_tag?post=9199"}],"curies":[{"name":"wp","href":"https:\/\/api.w.org\/{rel}","templated":true}]}}