{"id":9181,"date":"2025-06-18T18:32:50","date_gmt":"2025-06-18T10:32:50","guid":{"rendered":"https:\/\/www.hsymachinery.com\/?post_type=product&#038;p=9181"},"modified":"2025-06-28T22:20:29","modified_gmt":"2025-06-28T14:20:29","slug":"kracajuca-elektricka-lopatka-pth-h80-90","status":"publish","type":"product","link":"https:\/\/www.hsymachinery.com\/sk\/produkt\/kracajuca-elektricka-lopatka-pth-h80-90\/","title":{"rendered":"Elektrick\u00e1 lopatka PTH-H80\/90 s ch\u00f4dzou za sebou"},"content":{"rendered":"<h2 data-start=\"122\" data-end=\"165\">Elektrick\u00e1 lopatka PTH-H80\/90 s ch\u00f4dzou za sebou<\/h2>\n<h3 data-start=\"166\" data-end=\"278\">PTH-H80\/90 Bet\u00f3nov\u00e1 stierka s motorom Honda | Stredne ve\u013ek\u00fd presn\u00fd fini\u0161\u00e9r na profesion\u00e1lne bet\u00f3nov\u00e9 pr\u00e1ce<\/h3>\n<h3 data-start=\"285\" data-end=\"374\">Popis produktu - \u00da\u010dinn\u00e1 hladi\u010dka na hladk\u00fa \u00fapravu bet\u00f3nu poh\u00e1\u0148an\u00e1 motorom Honda<a href=\"https:\/\/www.hsymachinery.com\/sk\/produkty\/kracajuca-elektricka-lopatka\/\" target=\"_blank\" rel=\"noopener\"><img fetchpriority=\"high\" decoding=\"async\" class=\"wp-image-9182 alignright\" src=\"https:\/\/www.hsymachinery.com\/wp-content\/uploads\/2025\/06\/Walk-Behind-Power-Trowel-PTH-H80-244x300.jpg\" alt=\"\" width=\"451\" height=\"555\" srcset=\"https:\/\/www.hsymachinery.com\/wp-content\/uploads\/2025\/06\/Walk-Behind-Power-Trowel-PTH-H80-244x300.jpg 244w, https:\/\/www.hsymachinery.com\/wp-content\/uploads\/2025\/06\/Walk-Behind-Power-Trowel-PTH-H80.jpg 600w\" sizes=\"(max-width: 451px) 100vw, 451px\" \/><\/a><\/h3>\n<p data-start=\"376\" data-end=\"743\">Str\u00e1nka <strong data-start=\"380\" data-end=\"419\">PTH-H80\/90 Elektrick\u00e1 lopatka s ch\u00f4dzou<\/strong> je navrhnut\u00fd tak, aby poskytoval v\u00fdnimo\u010dn\u00fa povrchov\u00fa \u00fapravu bet\u00f3nu pri stredne ve\u013ek\u00fdch stavebn\u00fdch projektoch. Tento stroj poh\u00e1\u0148an\u00fd spo\u013eahliv\u00fdm benz\u00ednov\u00fdm motorom Honda pon\u00faka stabiln\u00fd v\u00fdkon, presn\u00e9 ovl\u00e1danie a zv\u00fd\u0161en\u00fa odolnos\u0165, tak\u017ee je ide\u00e1lnou vo\u013ebou pre dod\u00e1vate\u013eov, ktor\u00ed h\u013eadaj\u00fa profesion\u00e1lne v\u00fdsledky.<\/p>\n<p data-start=\"745\" data-end=\"1104\">S priemerom hladenia 80 a\u017e 90 cm poskytuje PTH-H80\/90 \u0161irok\u00fd z\u00e1ber pri zachovan\u00ed vynikaj\u00facej man\u00e9vrovate\u013enosti. Jeho nastavite\u013en\u00e1 rozte\u010d no\u017eov zabezpe\u010duje konzistentn\u00e9 povrchov\u00e9 \u00fapravy od po\u010diato\u010dn\u00e9ho vyhladenia a\u017e po kone\u010dn\u00e9 le\u0161tenie. Zosilnen\u00e1 prevodovka, siln\u00e9 ramen\u00e1 no\u017ea a ochrann\u00fd bezpe\u010dnostn\u00fd kr\u00fa\u017eok pon\u00fakaj\u00fa pevnos\u0165 aj bezpe\u010dnos\u0165 obsluhy.<\/p>\n<p data-start=\"1106\" data-end=\"1264\">Toto hladidlo je ur\u010den\u00e9 na pou\u017eitie v interi\u00e9ri aj exteri\u00e9ri a je vynikaj\u00face na podlahy v skladoch, pr\u00edjazdov\u00e9 cesty, gar\u00e1\u017eov\u00e9 podlo\u017eky a komer\u010dn\u00e9 bet\u00f3nov\u00e9 dosky.<\/p>\n<h3 data-start=\"1271\" data-end=\"1332\">K\u013e\u00fa\u010dov\u00e9 vlastnosti hladidla na bet\u00f3n PTH-H80\/90<\/h3>\n<ul data-start=\"1334\" data-end=\"1706\">\n<li data-start=\"1334\" data-end=\"1404\">\n<p data-start=\"1336\" data-end=\"1404\">Pr\u00e9miov\u00fd motor Honda zaru\u010duje spo\u013eahliv\u00e9 \u0161tartovanie a \u00faspornos\u0165<\/p>\n<\/li>\n<li data-start=\"1405\" data-end=\"1463\">\n<p data-start=\"1407\" data-end=\"1463\">Priemer hladenia 80\/90 cm ide\u00e1lny na stredne ve\u013ek\u00e9 pr\u00e1ce<\/p>\n<\/li>\n<li data-start=\"1464\" data-end=\"1525\">\n<p data-start=\"1466\" data-end=\"1525\">Rozstup no\u017eov mo\u017eno nastavi\u0165 pre r\u00f4zne potreby povrchovej \u00fapravy<\/p>\n<\/li>\n<li data-start=\"1526\" data-end=\"1587\">\n<p data-start=\"1528\" data-end=\"1587\">Ergonomick\u00fd dizajn rukov\u00e4te pre pohodlie a zn\u00ed\u017eenie vibr\u00e1ci\u00ed<\/p>\n<\/li>\n<li data-start=\"1588\" data-end=\"1650\">\n<p data-start=\"1590\" data-end=\"1650\">Robustn\u00e1 kon\u0161trukcia s prevodovkou s dlhou \u017eivotnos\u0165ou a ramenami pav\u00faka<\/p>\n<\/li>\n<li data-start=\"1651\" data-end=\"1706\">\n<p data-start=\"1653\" data-end=\"1706\">Jednoduch\u00e1 \u00fadr\u017eba a vysok\u00e1 odolnos\u0165 pri ka\u017edodennom pou\u017e\u00edvan\u00ed<\/p>\n<\/li>\n<\/ul>\n<h3 data-start=\"1713\" data-end=\"1784\">Pou\u017eitie - najlep\u0161ie pre sklady, pr\u00edjazdov\u00e9 cesty, chodn\u00edky a dosky<\/h3>\n<p data-start=\"1786\" data-end=\"1991\">PTH-H80\/90 pon\u00faka dokonal\u00fa rovnov\u00e1hu medzi v\u00fdkonom a ovl\u00e1dan\u00edm, v\u010faka \u010domu je ide\u00e1lna pre dod\u00e1vate\u013eov pracuj\u00facich na komer\u010dn\u00fdch podlah\u00e1ch, interi\u00e9rov\u00fdch dosk\u00e1ch, chodn\u00edkoch a z\u00e1kladov\u00fdch podlo\u017ek\u00e1ch.<\/p>\n<p data-start=\"1993\" data-end=\"2155\">Pou\u017e\u00edvatelia d\u00f4veruj\u00fa tomuto stroju, \u017ee v\u010faka jeho konzistentnosti a pou\u017e\u00edvate\u013esky pr\u00edvetiv\u00e9mu dizajnu poh\u00e1\u0148an\u00e9mu motorom Honda dosiahnu hladk\u00fd povrch aj na nepravideln\u00fdch povrchoch.<\/p>\n<p><iframe title=\"Elektrick\u00e1 stierka, ru\u010dn\u00e1 elektrick\u00e1 stierka, stierka, bet\u00f3n #stierka #powertrowe#concrete\" width=\"720\" height=\"405\" src=\"https:\/\/www.youtube.com\/embed\/pa6AuNhMrwI?feature=oembed\" frameborder=\"0\" allow=\"accelerometer; autoplay; clipboard-write; encrypted-media; gyroscope; picture-in-picture; web-share\" referrerpolicy=\"strict-origin-when-cross-origin\" allowfullscreen><\/iframe><\/p>","protected":false},"excerpt":{"rendered":"<p>Kr\u00e1\u010daj\u00faca hladi\u010dka PTH-H80\/90 s motorom Honda poskytuje v\u00fdkonn\u00e9 a presn\u00e9 dokon\u010dovacie pr\u00e1ce s bet\u00f3nom pre stredne ve\u013ek\u00e9 stavebn\u00e9 projekty a aplik\u00e1cie s doskami.<\/p>","protected":false},"featured_media":9182,"template":"","meta":{"_kad_post_transparent":"default","_kad_post_title":"","_kad_post_layout":"default","_kad_post_sidebar_id":"","_kad_post_content_style":"default","_kad_post_vertical_padding":"default","_kad_post_feature":"","_kad_post_feature_position":"","_kad_post_header":false,"_kad_post_footer":false},"product_brand":[],"product_cat":[55],"product_tag":[1084,1083,1087,1081,1086,1085,1089,1088,1090,1082],"class_list":{"0":"post-9181","1":"product","2":"type-product","3":"status-publish","4":"has-post-thumbnail","6":"product_cat-walk-behind-power-trowel","7":"product_tag-cement-power-trowel","8":"product_tag-concrete-finishing-trowel","9":"product_tag-concrete-floor-finishing-machine","10":"product_tag-concrete-power-trowel","11":"product_tag-electric-walk-behind-trowel","12":"product_tag-gasoline-power-trowel","13":"product_tag-hand-operated-power-trowel","14":"product_tag-manual-power-trowel","15":"product_tag-walk-behind-concrete-finishing-machine","16":"product_tag-walk-behind-trowel-machine","18":"first","19":"instock","20":"shipping-taxable","21":"product-type-simple","22":"entry","23":"content-bg","24":"loop-entry"},"yoast_head":"<!-- This site is optimized with the Yoast SEO plugin v25.3.1 - https:\/\/yoast.com\/wordpress\/plugins\/seo\/ -->\n<title>Walk-Behind Power Trowel PTH-H80\/90 - HSY Construction Machinery<\/title>\n<meta name=\"description\" content=\"Walk-Behind Power Trowel PTH-H80\/90 with Honda engine ensures reliable, wide-area concrete surface finishing for driveways, factory floors, and commercial slabs.\" \/>\n<meta name=\"robots\" content=\"index, follow, max-snippet:-1, max-image-preview:large, max-video-preview:-1\" \/>\n<link rel=\"canonical\" href=\"https:\/\/www.hsymachinery.com\/sk\/produkt\/kracajuca-elektricka-lopatka-pth-h80-90\/\" \/>\n<meta property=\"og:locale\" content=\"sk_SK\" \/>\n<meta property=\"og:type\" content=\"article\" \/>\n<meta property=\"og:title\" content=\"Walk-Behind Power Trowel PTH-H80\/90 - HSY Construction Machinery\" \/>\n<meta property=\"og:description\" content=\"Walk-Behind Power Trowel PTH-H80\/90 with Honda engine ensures reliable, wide-area concrete surface finishing for driveways, factory floors, and commercial slabs.\" \/>\n<meta property=\"og:url\" content=\"https:\/\/www.hsymachinery.com\/sk\/produkt\/kracajuca-elektricka-lopatka-pth-h80-90\/\" \/>\n<meta property=\"og:site_name\" content=\"HSY Construction Machinery\" \/>\n<meta property=\"article:modified_time\" content=\"2025-06-28T14:20:29+00:00\" \/>\n<meta property=\"og:image\" content=\"https:\/\/www.hsymachinery.com\/wp-content\/uploads\/2025\/06\/Walk-Behind-Power-Trowel-PTH-H80.jpg\" \/>\n\t<meta property=\"og:image:width\" content=\"600\" \/>\n\t<meta property=\"og:image:height\" content=\"738\" \/>\n\t<meta property=\"og:image:type\" content=\"image\/jpeg\" \/>\n<meta name=\"twitter:card\" content=\"summary_large_image\" \/>\n<meta name=\"twitter:label1\" content=\"Predpokladan\u00fd \u010das \u010d\u00edtania\" \/>\n\t<meta name=\"twitter:data1\" content=\"2 min\u00faty\" \/>\n<script type=\"application\/ld+json\" class=\"yoast-schema-graph\">{\"@context\":\"https:\/\/schema.org\",\"@graph\":[{\"@type\":\"WebPage\",\"@id\":\"https:\/\/www.hsymachinery.com\/product\/walk-behind-power-trowel-pth-h80-90\/\",\"url\":\"https:\/\/www.hsymachinery.com\/product\/walk-behind-power-trowel-pth-h80-90\/\",\"name\":\"Walk-Behind Power Trowel PTH-H80\/90 - HSY Construction Machinery\",\"isPartOf\":{\"@id\":\"https:\/\/www.hsymachinery.com\/#website\"},\"primaryImageOfPage\":{\"@id\":\"https:\/\/www.hsymachinery.com\/product\/walk-behind-power-trowel-pth-h80-90\/#primaryimage\"},\"image\":{\"@id\":\"https:\/\/www.hsymachinery.com\/product\/walk-behind-power-trowel-pth-h80-90\/#primaryimage\"},\"thumbnailUrl\":\"https:\/\/www.hsymachinery.com\/wp-content\/uploads\/2025\/06\/Walk-Behind-Power-Trowel-PTH-H80.jpg\",\"datePublished\":\"2025-06-18T10:32:50+00:00\",\"dateModified\":\"2025-06-28T14:20:29+00:00\",\"description\":\"Walk-Behind Power Trowel PTH-H80\/90 with Honda engine ensures reliable, wide-area concrete surface finishing for driveways, factory floors, and commercial slabs.\",\"breadcrumb\":{\"@id\":\"https:\/\/www.hsymachinery.com\/product\/walk-behind-power-trowel-pth-h80-90\/#breadcrumb\"},\"inLanguage\":\"sk-SK\",\"potentialAction\":[{\"@type\":\"ReadAction\",\"target\":[\"https:\/\/www.hsymachinery.com\/product\/walk-behind-power-trowel-pth-h80-90\/\"]}]},{\"@type\":\"ImageObject\",\"inLanguage\":\"sk-SK\",\"@id\":\"https:\/\/www.hsymachinery.com\/product\/walk-behind-power-trowel-pth-h80-90\/#primaryimage\",\"url\":\"https:\/\/www.hsymachinery.com\/wp-content\/uploads\/2025\/06\/Walk-Behind-Power-Trowel-PTH-H80.jpg\",\"contentUrl\":\"https:\/\/www.hsymachinery.com\/wp-content\/uploads\/2025\/06\/Walk-Behind-Power-Trowel-PTH-H80.jpg\",\"width\":600,\"height\":738},{\"@type\":\"BreadcrumbList\",\"@id\":\"https:\/\/www.hsymachinery.com\/product\/walk-behind-power-trowel-pth-h80-90\/#breadcrumb\",\"itemListElement\":[{\"@type\":\"ListItem\",\"position\":1,\"name\":\"home\",\"item\":\"https:\/\/www.hsymachinery.com\/\"},{\"@type\":\"ListItem\",\"position\":2,\"name\":\"products\",\"item\":\"https:\/\/www.hsymachinery.com\/products\/\"},{\"@type\":\"ListItem\",\"position\":3,\"name\":\"Walk-Behind Power Trowel PTH-H80\/90\"}]},{\"@type\":\"WebSite\",\"@id\":\"https:\/\/www.hsymachinery.com\/#website\",\"url\":\"https:\/\/www.hsymachinery.com\/\",\"name\":\"HSY Construction Machinery\",\"description\":\"HSY Machinery \u2013 A leading China construction machinery supplier, offering a wide range of light construction equipment. Our main products include Rebar Cutting Machine, Rebar Bending Machine, Rebar Stirrup Bending Machine, Rebar Arc Bending Machine, Rebar Straightening Machine, Five-Head Rebar Stirrup Bending Machine, Tamping Rammer, Plate Compactor, Concrete Cutter, Power Trowel, and other construction machinery. We are equipped with advanced CNC machines, and we enforce strict quality inspection standards along with comprehensive after-sales service. If you are interested in our products or services, we warmly welcome your inquiries via message.\",\"publisher\":{\"@id\":\"https:\/\/www.hsymachinery.com\/#organization\"},\"potentialAction\":[{\"@type\":\"SearchAction\",\"target\":{\"@type\":\"EntryPoint\",\"urlTemplate\":\"https:\/\/www.hsymachinery.com\/?s={search_term_string}\"},\"query-input\":{\"@type\":\"PropertyValueSpecification\",\"valueRequired\":true,\"valueName\":\"search_term_string\"}}],\"inLanguage\":\"sk-SK\"},{\"@type\":\"Organization\",\"@id\":\"https:\/\/www.hsymachinery.com\/#organization\",\"name\":\"HSY Construction Machinery\",\"url\":\"https:\/\/www.hsymachinery.com\/\",\"logo\":{\"@type\":\"ImageObject\",\"inLanguage\":\"sk-SK\",\"@id\":\"https:\/\/www.hsymachinery.com\/#\/schema\/logo\/image\/\",\"url\":\"https:\/\/www.hsymachinery.com\/wp-content\/uploads\/2025\/06\/cropped-HSY-machinery.png\",\"contentUrl\":\"https:\/\/www.hsymachinery.com\/wp-content\/uploads\/2025\/06\/cropped-HSY-machinery.png\",\"width\":600,\"height\":240,\"caption\":\"HSY Construction Machinery\"},\"image\":{\"@id\":\"https:\/\/www.hsymachinery.com\/#\/schema\/logo\/image\/\"}}]}<\/script>\n<!-- \/ Yoast SEO plugin. -->","yoast_head_json":{"title":"Elektrick\u00e1 lopatka PTH-H80\/90 - Stavebn\u00e9 stroje HSY","description":"Kr\u00e1\u010daj\u00faca elektrick\u00e1 lopatka PTH-H80\/90 s motorom Honda zabezpe\u010duje spo\u013eahliv\u00fa povrchov\u00fa \u00fapravu bet\u00f3nov\u00fdch pl\u00f4ch na ve\u013ek\u00fdch ploch\u00e1ch, ako s\u00fa pr\u00edjazdov\u00e9 cesty, tov\u00e1rensk\u00e9 podlahy a komer\u010dn\u00e9 dosky.","robots":{"index":"index","follow":"follow","max-snippet":"max-snippet:-1","max-image-preview":"max-image-preview:large","max-video-preview":"max-video-preview:-1"},"canonical":"https:\/\/www.hsymachinery.com\/sk\/produkt\/kracajuca-elektricka-lopatka-pth-h80-90\/","og_locale":"sk_SK","og_type":"article","og_title":"Walk-Behind Power Trowel PTH-H80\/90 - HSY Construction Machinery","og_description":"Walk-Behind Power Trowel PTH-H80\/90 with Honda engine ensures reliable, wide-area concrete surface finishing for driveways, factory floors, and commercial slabs.","og_url":"https:\/\/www.hsymachinery.com\/sk\/produkt\/kracajuca-elektricka-lopatka-pth-h80-90\/","og_site_name":"HSY Construction Machinery","article_modified_time":"2025-06-28T14:20:29+00:00","og_image":[{"width":600,"height":738,"url":"https:\/\/www.hsymachinery.com\/wp-content\/uploads\/2025\/06\/Walk-Behind-Power-Trowel-PTH-H80.jpg","type":"image\/jpeg"}],"twitter_card":"summary_large_image","twitter_misc":{"Predpokladan\u00fd \u010das \u010d\u00edtania":"2 min\u00faty"},"schema":{"@context":"https:\/\/schema.org","@graph":[{"@type":"WebPage","@id":"https:\/\/www.hsymachinery.com\/product\/walk-behind-power-trowel-pth-h80-90\/","url":"https:\/\/www.hsymachinery.com\/product\/walk-behind-power-trowel-pth-h80-90\/","name":"Elektrick\u00e1 lopatka PTH-H80\/90 - Stavebn\u00e9 stroje HSY","isPartOf":{"@id":"https:\/\/www.hsymachinery.com\/#website"},"primaryImageOfPage":{"@id":"https:\/\/www.hsymachinery.com\/product\/walk-behind-power-trowel-pth-h80-90\/#primaryimage"},"image":{"@id":"https:\/\/www.hsymachinery.com\/product\/walk-behind-power-trowel-pth-h80-90\/#primaryimage"},"thumbnailUrl":"https:\/\/www.hsymachinery.com\/wp-content\/uploads\/2025\/06\/Walk-Behind-Power-Trowel-PTH-H80.jpg","datePublished":"2025-06-18T10:32:50+00:00","dateModified":"2025-06-28T14:20:29+00:00","description":"Kr\u00e1\u010daj\u00faca elektrick\u00e1 lopatka PTH-H80\/90 s motorom Honda zabezpe\u010duje spo\u013eahliv\u00fa povrchov\u00fa \u00fapravu bet\u00f3nov\u00fdch pl\u00f4ch na ve\u013ek\u00fdch ploch\u00e1ch, ako s\u00fa pr\u00edjazdov\u00e9 cesty, tov\u00e1rensk\u00e9 podlahy a komer\u010dn\u00e9 dosky.","breadcrumb":{"@id":"https:\/\/www.hsymachinery.com\/product\/walk-behind-power-trowel-pth-h80-90\/#breadcrumb"},"inLanguage":"sk-SK","potentialAction":[{"@type":"ReadAction","target":["https:\/\/www.hsymachinery.com\/product\/walk-behind-power-trowel-pth-h80-90\/"]}]},{"@type":"ImageObject","inLanguage":"sk-SK","@id":"https:\/\/www.hsymachinery.com\/product\/walk-behind-power-trowel-pth-h80-90\/#primaryimage","url":"https:\/\/www.hsymachinery.com\/wp-content\/uploads\/2025\/06\/Walk-Behind-Power-Trowel-PTH-H80.jpg","contentUrl":"https:\/\/www.hsymachinery.com\/wp-content\/uploads\/2025\/06\/Walk-Behind-Power-Trowel-PTH-H80.jpg","width":600,"height":738},{"@type":"BreadcrumbList","@id":"https:\/\/www.hsymachinery.com\/product\/walk-behind-power-trowel-pth-h80-90\/#breadcrumb","itemListElement":[{"@type":"ListItem","position":1,"name":"home","item":"https:\/\/www.hsymachinery.com\/"},{"@type":"ListItem","position":2,"name":"products","item":"https:\/\/www.hsymachinery.com\/products\/"},{"@type":"ListItem","position":3,"name":"Walk-Behind Power Trowel PTH-H80\/90"}]},{"@type":"WebSite","@id":"https:\/\/www.hsymachinery.com\/#website","url":"https:\/\/www.hsymachinery.com\/","name":"Stavebn\u00e9 stroje HSY","description":"HSY Machinery - popredn\u00fd dod\u00e1vate\u013e stavebn\u00fdch strojov v \u010c\u00edne, ktor\u00fd pon\u00faka \u0161irok\u00fd sortiment \u013eahk\u00fdch stavebn\u00fdch strojov. Medzi na\u0161e hlavn\u00e9 produkty patr\u00ed stroj na rezanie ty\u010d\u00ed, stroj na oh\u00fdbanie ty\u010d\u00ed, stroj na oh\u00fdbanie ty\u010d\u00ed, stroj na oh\u00fdbanie obl\u00fakov ty\u010d\u00ed, stroj na rovnanie ty\u010d\u00ed, p\u00e4\u0165hlav\u0148ov\u00fd stroj na oh\u00fdbanie ty\u010d\u00ed, podb\u00edja\u010dka, zhut\u0148ova\u010d dosiek, fr\u00e9za na bet\u00f3n, elektrick\u00e1 stierka a \u010fal\u0161ie stavebn\u00e9 stroje. Sme vybaven\u00ed modern\u00fdmi CNC strojmi a presadzujeme pr\u00edsne normy kontroly kvality spolu s komplexn\u00fdm popredajn\u00fdm servisom. Ak m\u00e1te z\u00e1ujem o na\u0161e v\u00fdrobky alebo slu\u017eby, srde\u010dne priv\u00edtame va\u0161e ot\u00e1zky prostredn\u00edctvom spr\u00e1vy.","publisher":{"@id":"https:\/\/www.hsymachinery.com\/#organization"},"potentialAction":[{"@type":"SearchAction","target":{"@type":"EntryPoint","urlTemplate":"https:\/\/www.hsymachinery.com\/?s={search_term_string}"},"query-input":{"@type":"PropertyValueSpecification","valueRequired":true,"valueName":"search_term_string"}}],"inLanguage":"sk-SK"},{"@type":"Organization","@id":"https:\/\/www.hsymachinery.com\/#organization","name":"Stavebn\u00e9 stroje HSY","url":"https:\/\/www.hsymachinery.com\/","logo":{"@type":"ImageObject","inLanguage":"sk-SK","@id":"https:\/\/www.hsymachinery.com\/#\/schema\/logo\/image\/","url":"https:\/\/www.hsymachinery.com\/wp-content\/uploads\/2025\/06\/cropped-HSY-machinery.png","contentUrl":"https:\/\/www.hsymachinery.com\/wp-content\/uploads\/2025\/06\/cropped-HSY-machinery.png","width":600,"height":240,"caption":"HSY Construction Machinery"},"image":{"@id":"https:\/\/www.hsymachinery.com\/#\/schema\/logo\/image\/"}}]}},"_links":{"self":[{"href":"https:\/\/www.hsymachinery.com\/sk\/wp-json\/wp\/v2\/product\/9181","targetHints":{"allow":["GET"]}}],"collection":[{"href":"https:\/\/www.hsymachinery.com\/sk\/wp-json\/wp\/v2\/product"}],"about":[{"href":"https:\/\/www.hsymachinery.com\/sk\/wp-json\/wp\/v2\/types\/product"}],"version-history":[{"count":3,"href":"https:\/\/www.hsymachinery.com\/sk\/wp-json\/wp\/v2\/product\/9181\/revisions"}],"predecessor-version":[{"id":9585,"href":"https:\/\/www.hsymachinery.com\/sk\/wp-json\/wp\/v2\/product\/9181\/revisions\/9585"}],"wp:featuredmedia":[{"embeddable":true,"href":"https:\/\/www.hsymachinery.com\/sk\/wp-json\/wp\/v2\/media\/9182"}],"wp:attachment":[{"href":"https:\/\/www.hsymachinery.com\/sk\/wp-json\/wp\/v2\/media?parent=9181"}],"wp:term":[{"taxonomy":"product_brand","embeddable":true,"href":"https:\/\/www.hsymachinery.com\/sk\/wp-json\/wp\/v2\/product_brand?post=9181"},{"taxonomy":"product_cat","embeddable":true,"href":"https:\/\/www.hsymachinery.com\/sk\/wp-json\/wp\/v2\/product_cat?post=9181"},{"taxonomy":"product_tag","embeddable":true,"href":"https:\/\/www.hsymachinery.com\/sk\/wp-json\/wp\/v2\/product_tag?post=9181"}],"curies":[{"name":"wp","href":"https:\/\/api.w.org\/{rel}","templated":true}]}}