{"id":9178,"date":"2025-06-18T18:31:27","date_gmt":"2025-06-18T10:31:27","guid":{"rendered":"https:\/\/www.hsymachinery.com\/?post_type=product&#038;p=9178"},"modified":"2025-06-28T22:14:22","modified_gmt":"2025-06-28T14:14:22","slug":"kracajuca-elektricka-lopatka-pth-h60-70","status":"publish","type":"product","link":"https:\/\/www.hsymachinery.com\/sk\/produkt\/kracajuca-elektricka-lopatka-pth-h60-70\/","title":{"rendered":"Elektrick\u00e1 lopatka PTH-H60\/70"},"content":{"rendered":"<h2 data-start=\"124\" data-end=\"167\">Elektrick\u00e1 lopatka PTH-H60\/70<\/h2>\n<h3 data-start=\"168\" data-end=\"271\">PTH-H60\/70 Motorov\u00e1 stierka na bet\u00f3n Honda | Kompaktn\u00e9 elektrick\u00e9 dokon\u010dovacie n\u00e1radie pre aplik\u00e1cie v tesn\u00fdch priestoroch<\/h3>\n<h3 data-start=\"278\" data-end=\"369\">Popis produktu - Spo\u013eahliv\u00e1 \u00faprava bet\u00f3nu v malom meradle s v\u00fdkonom Honda<a href=\"https:\/\/www.hsymachinery.com\/sk\/produkty\/kracajuca-elektricka-lopatka\/\" target=\"_blank\" rel=\"noopener\"><img fetchpriority=\"high\" decoding=\"async\" class=\"wp-image-9179 alignright\" src=\"https:\/\/www.hsymachinery.com\/wp-content\/uploads\/2025\/06\/Walk-Behind-Power-Trowel-PTH-H60-244x300.jpg\" alt=\"\" width=\"452\" height=\"556\" srcset=\"https:\/\/www.hsymachinery.com\/wp-content\/uploads\/2025\/06\/Walk-Behind-Power-Trowel-PTH-H60-244x300.jpg 244w, https:\/\/www.hsymachinery.com\/wp-content\/uploads\/2025\/06\/Walk-Behind-Power-Trowel-PTH-H60.jpg 600w\" sizes=\"(max-width: 452px) 100vw, 452px\" \/><\/a><\/h3>\n<p data-start=\"371\" data-end=\"761\">Str\u00e1nka <strong data-start=\"375\" data-end=\"414\">PTH-H60\/70 Elektrick\u00e1 lopatka s ch\u00f4dzou<\/strong> je kompaktn\u00fd a obratn\u00fd stroj na kone\u010dn\u00fa \u00fapravu bet\u00f3nu poh\u00e1\u0148an\u00fd vysokokvalitn\u00fdm benz\u00ednov\u00fdm motorom Honda. Je navrhnut\u00fd na pou\u017eitie v stiesnen\u00fdch priestoroch a v reziden\u010dn\u00fdch projektoch a kombinuje spo\u013eahliv\u00fd v\u00fdkon motora s \u013eahkou man\u00e9vrovate\u013enos\u0165ou, tak\u017ee je ide\u00e1lny na chodn\u00edky, verandy, podlahy v interi\u00e9ri a in\u00e9 z\u00f3ny s obmedzen\u00fdm pr\u00edstupom.<\/p>\n<p data-start=\"763\" data-end=\"1093\">Napriek men\u0161\u00edm rozmerom poskytuje PTH-H60\/70 konzistentn\u00e9 vyhladzovanie povrchu v\u010faka presn\u00e9mu ovl\u00e1daniu sklonu no\u017ea, stabiln\u00e9mu ochrann\u00e9mu kr\u00fa\u017eku a zosilnenej prevodovke. Kon\u0161trukcia hladidla uprednost\u0148uje pohodlie obsluhy a vyzna\u010duje sa ergonomickou sklopnou rukov\u00e4\u0165ou, n\u00edzkymi vibr\u00e1ciami a \u013eahkou kon\u0161trukciou.<\/p>\n<p data-start=\"1095\" data-end=\"1243\">Pre dod\u00e1vate\u013eov, ktor\u00ed h\u013eadaj\u00fa spo\u013eahlivos\u0165 na \u00farovni Hondy, efekt\u00edvnu spotrebu paliva a profesion\u00e1lnu kvalitu, tento stroj sp\u013a\u0148a v\u0161etky po\u017eiadavky.<\/p>\n<h3 data-start=\"1250\" data-end=\"1305\">K\u013e\u00fa\u010dov\u00e9 vlastnosti elektrickej hladi\u010dky na bet\u00f3n PTH-H60\/70<\/h3>\n<ul data-start=\"1307\" data-end=\"1636\">\n<li data-start=\"1307\" data-end=\"1357\">\n<p data-start=\"1309\" data-end=\"1357\">Vybaven\u00fd spo\u013eahliv\u00fdm benz\u00ednov\u00fdm motorom Honda<\/p>\n<\/li>\n<li data-start=\"1358\" data-end=\"1415\">\n<p data-start=\"1360\" data-end=\"1415\">Priemer hladidla 60-70 cm pre aplik\u00e1cie v tesn\u00fdch priestoroch<\/p>\n<\/li>\n<li data-start=\"1416\" data-end=\"1470\">\n<p data-start=\"1418\" data-end=\"1470\">Nastavite\u013en\u00e1 rozte\u010d no\u017eov pre r\u00f4zne text\u00fary povrchu<\/p>\n<\/li>\n<li data-start=\"1471\" data-end=\"1520\">\n<p data-start=\"1473\" data-end=\"1520\">Skladacia a vibr\u00e1ciami tlmen\u00e1 kon\u0161trukcia rukov\u00e4te<\/p>\n<\/li>\n<li data-start=\"1521\" data-end=\"1581\">\n<p data-start=\"1523\" data-end=\"1581\">Robustn\u00e1 prevodovka a zostava pav\u00faka pre dlh\u00fa \u017eivotnos\u0165<\/p>\n<\/li>\n<li data-start=\"1582\" data-end=\"1636\">\n<p data-start=\"1584\" data-end=\"1636\">\u013dahk\u00fd, ale odoln\u00fd na jednoduch\u00fa prepravu a pou\u017e\u00edvanie<\/p>\n<\/li>\n<\/ul>\n<h3 data-start=\"1643\" data-end=\"1726\">Pou\u017eitie - ide\u00e1lne pre chodn\u00edky, mal\u00e9 dosky, gar\u00e1\u017ee a vn\u00fatorn\u00e9 podlahy<\/h3>\n<p data-start=\"1728\" data-end=\"1994\">Model PTH-H60\/70 je \u0161peci\u00e1lne skon\u0161truovan\u00fd na \u00fapravu bet\u00f3nu na mal\u00fdch ploch\u00e1ch, najm\u00e4 tam, kde je obmedzen\u00fd priestor a vy\u017eaduje sa presnos\u0165. Mimoriadne dobre sa osved\u010duje na obytn\u00fdch podlah\u00e1ch, gar\u00e1\u017eov\u00fdch podlo\u017ek\u00e1ch, schodiskov\u00fdch podest\u00e1ch a \u00fazkych obvodov\u00fdch dosk\u00e1ch.<\/p>\n<p data-start=\"1996\" data-end=\"2149\">Dod\u00e1vatelia uprednost\u0148uj\u00fa tento model, ke\u010f potrebuj\u00fa spo\u013eahliv\u00fd v\u00fdkon, vynikaj\u00facu \u00fasporu paliva a \u013eahk\u00fa ovl\u00e1date\u013enos\u0165 v stiesnen\u00fdch podmienkach staveniska.<\/p>\n<p><iframe title=\"Elektrick\u00e1 stierka, ru\u010dn\u00e1 elektrick\u00e1 stierka, stierka, bet\u00f3n #stierka #powertrowe#concrete\" width=\"720\" height=\"405\" src=\"https:\/\/www.youtube.com\/embed\/pa6AuNhMrwI?feature=oembed\" frameborder=\"0\" allow=\"accelerometer; autoplay; clipboard-write; encrypted-media; gyroscope; picture-in-picture; web-share\" referrerpolicy=\"strict-origin-when-cross-origin\" allowfullscreen><\/iframe><\/p>","protected":false},"excerpt":{"rendered":"<p>Stierka na bet\u00f3n PTH-H60\/70 poh\u00e1\u0148an\u00e1 motorom Honda pon\u00faka presnos\u0165 a ovl\u00e1danie na hladk\u00e9 dokon\u010denie v mal\u00fdch a \u00fazkych bet\u00f3nov\u00fdch oblastiach.<\/p>","protected":false},"featured_media":9179,"template":"","meta":{"_kad_post_transparent":"default","_kad_post_title":"","_kad_post_layout":"default","_kad_post_sidebar_id":"","_kad_post_content_style":"default","_kad_post_vertical_padding":"default","_kad_post_feature":"","_kad_post_feature_position":"","_kad_post_header":false,"_kad_post_footer":false},"product_brand":[],"product_cat":[55],"product_tag":[1084,1083,1087,1081,1086,1085,1089,1088,1090,1082],"class_list":{"0":"post-9178","1":"product","2":"type-product","3":"status-publish","4":"has-post-thumbnail","6":"product_cat-walk-behind-power-trowel","7":"product_tag-cement-power-trowel","8":"product_tag-concrete-finishing-trowel","9":"product_tag-concrete-floor-finishing-machine","10":"product_tag-concrete-power-trowel","11":"product_tag-electric-walk-behind-trowel","12":"product_tag-gasoline-power-trowel","13":"product_tag-hand-operated-power-trowel","14":"product_tag-manual-power-trowel","15":"product_tag-walk-behind-concrete-finishing-machine","16":"product_tag-walk-behind-trowel-machine","18":"first","19":"instock","20":"shipping-taxable","21":"product-type-simple","22":"entry","23":"content-bg","24":"loop-entry"},"yoast_head":"<!-- This site is optimized with the Yoast SEO plugin v25.3.1 - https:\/\/yoast.com\/wordpress\/plugins\/seo\/ -->\n<title>Walk-Behind Power Trowel PTH-H60\/70 - HSY Construction Machinery<\/title>\n<meta name=\"description\" content=\"Walk-Behind Power Trowel PTH-H60\/70 with Honda engine offers precise, efficient concrete finishing in small slabs, walkways, and confined construction zones.\" \/>\n<meta name=\"robots\" content=\"index, follow, max-snippet:-1, max-image-preview:large, max-video-preview:-1\" \/>\n<link rel=\"canonical\" href=\"https:\/\/www.hsymachinery.com\/sk\/produkt\/kracajuca-elektricka-lopatka-pth-h60-70\/\" \/>\n<meta property=\"og:locale\" content=\"sk_SK\" \/>\n<meta property=\"og:type\" content=\"article\" \/>\n<meta property=\"og:title\" content=\"Walk-Behind Power Trowel PTH-H60\/70 - HSY Construction Machinery\" \/>\n<meta property=\"og:description\" content=\"Walk-Behind Power Trowel PTH-H60\/70 with Honda engine offers precise, efficient concrete finishing in small slabs, walkways, and confined construction zones.\" \/>\n<meta property=\"og:url\" content=\"https:\/\/www.hsymachinery.com\/sk\/produkt\/kracajuca-elektricka-lopatka-pth-h60-70\/\" \/>\n<meta property=\"og:site_name\" content=\"HSY Construction Machinery\" \/>\n<meta property=\"article:modified_time\" content=\"2025-06-28T14:14:22+00:00\" \/>\n<meta property=\"og:image\" content=\"https:\/\/www.hsymachinery.com\/wp-content\/uploads\/2025\/06\/Walk-Behind-Power-Trowel-PTH-H60.jpg\" \/>\n\t<meta property=\"og:image:width\" content=\"600\" \/>\n\t<meta property=\"og:image:height\" content=\"738\" \/>\n\t<meta property=\"og:image:type\" content=\"image\/jpeg\" \/>\n<meta name=\"twitter:card\" content=\"summary_large_image\" \/>\n<meta name=\"twitter:label1\" content=\"Predpokladan\u00fd \u010das \u010d\u00edtania\" \/>\n\t<meta name=\"twitter:data1\" content=\"2 min\u00faty\" \/>\n<script type=\"application\/ld+json\" class=\"yoast-schema-graph\">{\"@context\":\"https:\/\/schema.org\",\"@graph\":[{\"@type\":\"WebPage\",\"@id\":\"https:\/\/www.hsymachinery.com\/product\/walk-behind-power-trowel-pth-h60-70\/\",\"url\":\"https:\/\/www.hsymachinery.com\/product\/walk-behind-power-trowel-pth-h60-70\/\",\"name\":\"Walk-Behind Power Trowel PTH-H60\/70 - HSY Construction Machinery\",\"isPartOf\":{\"@id\":\"https:\/\/www.hsymachinery.com\/#website\"},\"primaryImageOfPage\":{\"@id\":\"https:\/\/www.hsymachinery.com\/product\/walk-behind-power-trowel-pth-h60-70\/#primaryimage\"},\"image\":{\"@id\":\"https:\/\/www.hsymachinery.com\/product\/walk-behind-power-trowel-pth-h60-70\/#primaryimage\"},\"thumbnailUrl\":\"https:\/\/www.hsymachinery.com\/wp-content\/uploads\/2025\/06\/Walk-Behind-Power-Trowel-PTH-H60.jpg\",\"datePublished\":\"2025-06-18T10:31:27+00:00\",\"dateModified\":\"2025-06-28T14:14:22+00:00\",\"description\":\"Walk-Behind Power Trowel PTH-H60\/70 with Honda engine offers precise, efficient concrete finishing in small slabs, walkways, and confined construction zones.\",\"breadcrumb\":{\"@id\":\"https:\/\/www.hsymachinery.com\/product\/walk-behind-power-trowel-pth-h60-70\/#breadcrumb\"},\"inLanguage\":\"sk-SK\",\"potentialAction\":[{\"@type\":\"ReadAction\",\"target\":[\"https:\/\/www.hsymachinery.com\/product\/walk-behind-power-trowel-pth-h60-70\/\"]}]},{\"@type\":\"ImageObject\",\"inLanguage\":\"sk-SK\",\"@id\":\"https:\/\/www.hsymachinery.com\/product\/walk-behind-power-trowel-pth-h60-70\/#primaryimage\",\"url\":\"https:\/\/www.hsymachinery.com\/wp-content\/uploads\/2025\/06\/Walk-Behind-Power-Trowel-PTH-H60.jpg\",\"contentUrl\":\"https:\/\/www.hsymachinery.com\/wp-content\/uploads\/2025\/06\/Walk-Behind-Power-Trowel-PTH-H60.jpg\",\"width\":600,\"height\":738},{\"@type\":\"BreadcrumbList\",\"@id\":\"https:\/\/www.hsymachinery.com\/product\/walk-behind-power-trowel-pth-h60-70\/#breadcrumb\",\"itemListElement\":[{\"@type\":\"ListItem\",\"position\":1,\"name\":\"home\",\"item\":\"https:\/\/www.hsymachinery.com\/\"},{\"@type\":\"ListItem\",\"position\":2,\"name\":\"products\",\"item\":\"https:\/\/www.hsymachinery.com\/products\/\"},{\"@type\":\"ListItem\",\"position\":3,\"name\":\"Walk-Behind Power Trowel PTH-H60\/70\"}]},{\"@type\":\"WebSite\",\"@id\":\"https:\/\/www.hsymachinery.com\/#website\",\"url\":\"https:\/\/www.hsymachinery.com\/\",\"name\":\"HSY Construction Machinery\",\"description\":\"HSY Machinery \u2013 A leading China construction machinery supplier, offering a wide range of light construction equipment. Our main products include Rebar Cutting Machine, Rebar Bending Machine, Rebar Stirrup Bending Machine, Rebar Arc Bending Machine, Rebar Straightening Machine, Five-Head Rebar Stirrup Bending Machine, Tamping Rammer, Plate Compactor, Concrete Cutter, Power Trowel, and other construction machinery. We are equipped with advanced CNC machines, and we enforce strict quality inspection standards along with comprehensive after-sales service. If you are interested in our products or services, we warmly welcome your inquiries via message.\",\"publisher\":{\"@id\":\"https:\/\/www.hsymachinery.com\/#organization\"},\"potentialAction\":[{\"@type\":\"SearchAction\",\"target\":{\"@type\":\"EntryPoint\",\"urlTemplate\":\"https:\/\/www.hsymachinery.com\/?s={search_term_string}\"},\"query-input\":{\"@type\":\"PropertyValueSpecification\",\"valueRequired\":true,\"valueName\":\"search_term_string\"}}],\"inLanguage\":\"sk-SK\"},{\"@type\":\"Organization\",\"@id\":\"https:\/\/www.hsymachinery.com\/#organization\",\"name\":\"HSY Construction Machinery\",\"url\":\"https:\/\/www.hsymachinery.com\/\",\"logo\":{\"@type\":\"ImageObject\",\"inLanguage\":\"sk-SK\",\"@id\":\"https:\/\/www.hsymachinery.com\/#\/schema\/logo\/image\/\",\"url\":\"https:\/\/www.hsymachinery.com\/wp-content\/uploads\/2025\/06\/cropped-HSY-machinery.png\",\"contentUrl\":\"https:\/\/www.hsymachinery.com\/wp-content\/uploads\/2025\/06\/cropped-HSY-machinery.png\",\"width\":600,\"height\":240,\"caption\":\"HSY Construction Machinery\"},\"image\":{\"@id\":\"https:\/\/www.hsymachinery.com\/#\/schema\/logo\/image\/\"}}]}<\/script>\n<!-- \/ Yoast SEO plugin. -->","yoast_head_json":{"title":"Elektrick\u00e1 lopatka PTH-H60\/70 - Stavebn\u00e9 stroje HSY","description":"Kr\u00e1\u010daj\u00faca elektrick\u00e1 lopatka PTH-H60\/70 s motorom Honda pon\u00faka presn\u00e9 a efekt\u00edvne dokon\u010dovacie pr\u00e1ce s bet\u00f3nom na mal\u00fdch dosk\u00e1ch, chodn\u00edkoch a v obmedzen\u00fdch stavebn\u00fdch z\u00f3nach.","robots":{"index":"index","follow":"follow","max-snippet":"max-snippet:-1","max-image-preview":"max-image-preview:large","max-video-preview":"max-video-preview:-1"},"canonical":"https:\/\/www.hsymachinery.com\/sk\/produkt\/kracajuca-elektricka-lopatka-pth-h60-70\/","og_locale":"sk_SK","og_type":"article","og_title":"Walk-Behind Power Trowel PTH-H60\/70 - HSY Construction Machinery","og_description":"Walk-Behind Power Trowel PTH-H60\/70 with Honda engine offers precise, efficient concrete finishing in small slabs, walkways, and confined construction zones.","og_url":"https:\/\/www.hsymachinery.com\/sk\/produkt\/kracajuca-elektricka-lopatka-pth-h60-70\/","og_site_name":"HSY Construction Machinery","article_modified_time":"2025-06-28T14:14:22+00:00","og_image":[{"width":600,"height":738,"url":"https:\/\/www.hsymachinery.com\/wp-content\/uploads\/2025\/06\/Walk-Behind-Power-Trowel-PTH-H60.jpg","type":"image\/jpeg"}],"twitter_card":"summary_large_image","twitter_misc":{"Predpokladan\u00fd \u010das \u010d\u00edtania":"2 min\u00faty"},"schema":{"@context":"https:\/\/schema.org","@graph":[{"@type":"WebPage","@id":"https:\/\/www.hsymachinery.com\/product\/walk-behind-power-trowel-pth-h60-70\/","url":"https:\/\/www.hsymachinery.com\/product\/walk-behind-power-trowel-pth-h60-70\/","name":"Elektrick\u00e1 lopatka PTH-H60\/70 - Stavebn\u00e9 stroje HSY","isPartOf":{"@id":"https:\/\/www.hsymachinery.com\/#website"},"primaryImageOfPage":{"@id":"https:\/\/www.hsymachinery.com\/product\/walk-behind-power-trowel-pth-h60-70\/#primaryimage"},"image":{"@id":"https:\/\/www.hsymachinery.com\/product\/walk-behind-power-trowel-pth-h60-70\/#primaryimage"},"thumbnailUrl":"https:\/\/www.hsymachinery.com\/wp-content\/uploads\/2025\/06\/Walk-Behind-Power-Trowel-PTH-H60.jpg","datePublished":"2025-06-18T10:31:27+00:00","dateModified":"2025-06-28T14:14:22+00:00","description":"Kr\u00e1\u010daj\u00faca elektrick\u00e1 lopatka PTH-H60\/70 s motorom Honda pon\u00faka presn\u00e9 a efekt\u00edvne dokon\u010dovacie pr\u00e1ce s bet\u00f3nom na mal\u00fdch dosk\u00e1ch, chodn\u00edkoch a v obmedzen\u00fdch stavebn\u00fdch z\u00f3nach.","breadcrumb":{"@id":"https:\/\/www.hsymachinery.com\/product\/walk-behind-power-trowel-pth-h60-70\/#breadcrumb"},"inLanguage":"sk-SK","potentialAction":[{"@type":"ReadAction","target":["https:\/\/www.hsymachinery.com\/product\/walk-behind-power-trowel-pth-h60-70\/"]}]},{"@type":"ImageObject","inLanguage":"sk-SK","@id":"https:\/\/www.hsymachinery.com\/product\/walk-behind-power-trowel-pth-h60-70\/#primaryimage","url":"https:\/\/www.hsymachinery.com\/wp-content\/uploads\/2025\/06\/Walk-Behind-Power-Trowel-PTH-H60.jpg","contentUrl":"https:\/\/www.hsymachinery.com\/wp-content\/uploads\/2025\/06\/Walk-Behind-Power-Trowel-PTH-H60.jpg","width":600,"height":738},{"@type":"BreadcrumbList","@id":"https:\/\/www.hsymachinery.com\/product\/walk-behind-power-trowel-pth-h60-70\/#breadcrumb","itemListElement":[{"@type":"ListItem","position":1,"name":"home","item":"https:\/\/www.hsymachinery.com\/"},{"@type":"ListItem","position":2,"name":"products","item":"https:\/\/www.hsymachinery.com\/products\/"},{"@type":"ListItem","position":3,"name":"Walk-Behind Power Trowel PTH-H60\/70"}]},{"@type":"WebSite","@id":"https:\/\/www.hsymachinery.com\/#website","url":"https:\/\/www.hsymachinery.com\/","name":"Stavebn\u00e9 stroje HSY","description":"HSY Machinery - popredn\u00fd dod\u00e1vate\u013e stavebn\u00fdch strojov v \u010c\u00edne, ktor\u00fd pon\u00faka \u0161irok\u00fd sortiment \u013eahk\u00fdch stavebn\u00fdch strojov. Medzi na\u0161e hlavn\u00e9 produkty patr\u00ed stroj na rezanie ty\u010d\u00ed, stroj na oh\u00fdbanie ty\u010d\u00ed, stroj na oh\u00fdbanie ty\u010d\u00ed, stroj na oh\u00fdbanie obl\u00fakov ty\u010d\u00ed, stroj na rovnanie ty\u010d\u00ed, p\u00e4\u0165hlav\u0148ov\u00fd stroj na oh\u00fdbanie ty\u010d\u00ed, podb\u00edja\u010dka, zhut\u0148ova\u010d dosiek, fr\u00e9za na bet\u00f3n, elektrick\u00e1 stierka a \u010fal\u0161ie stavebn\u00e9 stroje. Sme vybaven\u00ed modern\u00fdmi CNC strojmi a presadzujeme pr\u00edsne normy kontroly kvality spolu s komplexn\u00fdm popredajn\u00fdm servisom. Ak m\u00e1te z\u00e1ujem o na\u0161e v\u00fdrobky alebo slu\u017eby, srde\u010dne priv\u00edtame va\u0161e ot\u00e1zky prostredn\u00edctvom spr\u00e1vy.","publisher":{"@id":"https:\/\/www.hsymachinery.com\/#organization"},"potentialAction":[{"@type":"SearchAction","target":{"@type":"EntryPoint","urlTemplate":"https:\/\/www.hsymachinery.com\/?s={search_term_string}"},"query-input":{"@type":"PropertyValueSpecification","valueRequired":true,"valueName":"search_term_string"}}],"inLanguage":"sk-SK"},{"@type":"Organization","@id":"https:\/\/www.hsymachinery.com\/#organization","name":"Stavebn\u00e9 stroje HSY","url":"https:\/\/www.hsymachinery.com\/","logo":{"@type":"ImageObject","inLanguage":"sk-SK","@id":"https:\/\/www.hsymachinery.com\/#\/schema\/logo\/image\/","url":"https:\/\/www.hsymachinery.com\/wp-content\/uploads\/2025\/06\/cropped-HSY-machinery.png","contentUrl":"https:\/\/www.hsymachinery.com\/wp-content\/uploads\/2025\/06\/cropped-HSY-machinery.png","width":600,"height":240,"caption":"HSY Construction Machinery"},"image":{"@id":"https:\/\/www.hsymachinery.com\/#\/schema\/logo\/image\/"}}]}},"_links":{"self":[{"href":"https:\/\/www.hsymachinery.com\/sk\/wp-json\/wp\/v2\/product\/9178","targetHints":{"allow":["GET"]}}],"collection":[{"href":"https:\/\/www.hsymachinery.com\/sk\/wp-json\/wp\/v2\/product"}],"about":[{"href":"https:\/\/www.hsymachinery.com\/sk\/wp-json\/wp\/v2\/types\/product"}],"version-history":[{"count":3,"href":"https:\/\/www.hsymachinery.com\/sk\/wp-json\/wp\/v2\/product\/9178\/revisions"}],"predecessor-version":[{"id":9583,"href":"https:\/\/www.hsymachinery.com\/sk\/wp-json\/wp\/v2\/product\/9178\/revisions\/9583"}],"wp:featuredmedia":[{"embeddable":true,"href":"https:\/\/www.hsymachinery.com\/sk\/wp-json\/wp\/v2\/media\/9179"}],"wp:attachment":[{"href":"https:\/\/www.hsymachinery.com\/sk\/wp-json\/wp\/v2\/media?parent=9178"}],"wp:term":[{"taxonomy":"product_brand","embeddable":true,"href":"https:\/\/www.hsymachinery.com\/sk\/wp-json\/wp\/v2\/product_brand?post=9178"},{"taxonomy":"product_cat","embeddable":true,"href":"https:\/\/www.hsymachinery.com\/sk\/wp-json\/wp\/v2\/product_cat?post=9178"},{"taxonomy":"product_tag","embeddable":true,"href":"https:\/\/www.hsymachinery.com\/sk\/wp-json\/wp\/v2\/product_tag?post=9178"}],"curies":[{"name":"wp","href":"https:\/\/api.w.org\/{rel}","templated":true}]}}