{"id":9175,"date":"2025-06-18T18:30:12","date_gmt":"2025-06-18T10:30:12","guid":{"rendered":"https:\/\/www.hsymachinery.com\/?post_type=product&#038;p=9175"},"modified":"2025-06-28T22:08:48","modified_gmt":"2025-06-28T14:08:48","slug":"kracajuca-elektricka-lopatka-pth-l100a","status":"publish","type":"product","link":"https:\/\/www.hsymachinery.com\/sk\/produkt\/kracajuca-elektricka-lopatka-pth-l100a\/","title":{"rendered":"Elektrick\u00e1 lopatka PTH-L100A s ch\u00f4dzou za sebou"},"content":{"rendered":"<h2 data-start=\"125\" data-end=\"167\">Elektrick\u00e1 lopatka PTH-L100A s ch\u00f4dzou za sebou<\/h2>\n<h3 data-start=\"168\" data-end=\"272\">PTH-L100A Modernizovan\u00e1 hladi\u010dka na bet\u00f3n s motorom Loncin | Presn\u00e9 ovl\u00e1danie na hladk\u00e9 dokon\u010denie ve\u013ek\u00fdch pl\u00f4ch<\/h3>\n<h3 data-start=\"279\" data-end=\"381\">Popis produktu - Vylep\u0161en\u00e1 stierka s pohonom Loncin pre maxim\u00e1lnu efektivitu a kvalitu povrchu<a href=\"https:\/\/www.hsymachinery.com\/sk\/produkty\/kracajuca-elektricka-lopatka\/\" target=\"_blank\" rel=\"noopener\"><img fetchpriority=\"high\" decoding=\"async\" class=\"wp-image-9176 alignright\" src=\"https:\/\/www.hsymachinery.com\/wp-content\/uploads\/2025\/06\/Walk-Behind-Power-Trowel-PTH-L100A-244x300.jpg\" alt=\"\" width=\"451\" height=\"555\" srcset=\"https:\/\/www.hsymachinery.com\/wp-content\/uploads\/2025\/06\/Walk-Behind-Power-Trowel-PTH-L100A-244x300.jpg 244w, https:\/\/www.hsymachinery.com\/wp-content\/uploads\/2025\/06\/Walk-Behind-Power-Trowel-PTH-L100A.jpg 600w\" sizes=\"(max-width: 451px) 100vw, 451px\" \/><\/a><\/h3>\n<p data-start=\"383\" data-end=\"770\">Str\u00e1nka <strong data-start=\"387\" data-end=\"425\">PTH-L100A Elektrick\u00e1 lopatka s ch\u00f4dzou<\/strong> vych\u00e1dza z pevn\u00e9ho z\u00e1kladu \u0161tandardn\u00e9ho modelu PTH-L100 a pon\u00faka vylep\u0161en\u00fa presnos\u0165 prev\u00e1dzky a modernizovan\u00fd benz\u00ednov\u00fd motor Longxin (Loncin). Tento stroj, ur\u010den\u00fd na ve\u013ekoplo\u0161n\u00e9 \u00fapravy bet\u00f3nov\u00fdch povrchov, poskytuje \u0161irok\u00e9 pokrytie aj jemn\u00fa kontrolu, v\u010faka \u010domu je ob\u013e\u00faben\u00fd medzi profesion\u00e1lnymi dod\u00e1vate\u013emi bet\u00f3nu.<\/p>\n<p data-start=\"772\" data-end=\"1090\">V\u010faka pracovn\u00e9mu priemeru 100 cm a syst\u00e9mu nastavite\u013enej rozte\u010de no\u017eov zabezpe\u010duje PTH-L100A vynikaj\u00face v\u00fdsledky pri dokon\u010dovan\u00ed rozsiahlych dosiek. Zosilnen\u00e1 prevodovka stroja, odoln\u00fd bezpe\u010dnostn\u00fd kr\u00fa\u017eok a odoln\u00e1 zostava ramien pav\u00faka umo\u017e\u0148uj\u00fa zvl\u00e1dnu\u0165 ve\u013ek\u00e9 za\u0165a\u017eenie a dlh\u00e9 pracovn\u00e9 zmeny.<\/p>\n<p data-start=\"1092\" data-end=\"1348\">Jeho sklopn\u00e1 rukov\u00e4\u0165 s kon\u0161trukciou tlmiacou vibr\u00e1cie zlep\u0161uje pohodlie obsluhy a ovl\u00e1danie aj pri dlh\u0161\u00edch projektoch. V\u010faka \u00fasporn\u00e9mu motoru je prev\u00e1dzka PTH-L100A aj \u00fasporn\u00e1, preto\u017ee pon\u00faka vysok\u00fd v\u00fdkon pri ni\u017e\u0161\u00edch n\u00e1kladoch na palivo.<\/p>\n<h3 data-start=\"1355\" data-end=\"1406\">K\u013e\u00fa\u010dov\u00e9 vlastnosti hladidla PTH-L100A<\/h3>\n<ul data-start=\"1408\" data-end=\"1811\">\n<li data-start=\"1408\" data-end=\"1468\">\n<p data-start=\"1410\" data-end=\"1468\">Modernizovan\u00fd benz\u00ednov\u00fd motor Loncin pre vy\u0161\u0161\u00ed v\u00fdkon<\/p>\n<\/li>\n<li data-start=\"1469\" data-end=\"1539\">\n<p data-start=\"1471\" data-end=\"1539\">Priemer hladidla 100 cm zvy\u0161uje pokrytie povrchu a produktivitu<\/p>\n<\/li>\n<li data-start=\"1540\" data-end=\"1604\">\n<p data-start=\"1542\" data-end=\"1604\">Jemne vyladen\u00e1 regul\u00e1cia sklonu no\u017eov na presn\u00e9 dokon\u010denie<\/p>\n<\/li>\n<li data-start=\"1605\" data-end=\"1664\">\n<p data-start=\"1607\" data-end=\"1664\">Odoln\u00e1 prevodovka a ramen\u00e1 no\u017eov zabezpe\u010duj\u00fa dlh\u00fa \u017eivotnos\u0165<\/p>\n<\/li>\n<li data-start=\"1665\" data-end=\"1740\">\n<p data-start=\"1667\" data-end=\"1740\">Skladacia ergonomick\u00e1 rukov\u00e4\u0165 zni\u017euje \u00fanavu a zlep\u0161uje ovl\u00e1date\u013enos\u0165<\/p>\n<\/li>\n<li data-start=\"1741\" data-end=\"1811\">\n<p data-start=\"1743\" data-end=\"1811\">Prev\u00e1dzka s n\u00edzkymi vibr\u00e1ciami a spo\u013eahliv\u00e9 spustenie aj v chladnom po\u010das\u00ed<\/p>\n<\/li>\n<\/ul>\n<h3 data-start=\"1818\" data-end=\"1907\">Pou\u017eitie - ide\u00e1lne pre sklady, letiskov\u00e9 podlahy, bet\u00f3nov\u00e9 podlo\u017eky a parkovacie plochy<\/h3>\n<p data-start=\"1909\" data-end=\"2258\">Model PTH-L100A je preferovanou vo\u013ebou pre ve\u013ek\u00e9 komer\u010dn\u00e9 a priemyseln\u00e9 bet\u00f3nov\u00e9 pr\u00e1ce vr\u00e1tane skladov, letiskov\u00fdch termin\u00e1lov, podlahov\u00fdch dosiek a viacpodla\u017en\u00fdch gar\u00e1\u017e\u00ed. V\u010faka zdokonalen\u00e9mu syst\u00e9mu nap\u00e1jania a schopnosti hladk\u00e9ho hladenia je ide\u00e1lnym n\u00e1strojom pre dod\u00e1vate\u013eov, ktor\u00ed po\u017eaduj\u00fa r\u00fdchlos\u0165, kontrolu a konzistenciu pri dokon\u010dovan\u00ed povrchu.<\/p>\n<p data-start=\"2260\" data-end=\"2423\">Profesion\u00e1li si tento model vyberaj\u00fa pre jeho odolnos\u0165, ve\u013ek\u00e9 pokrytie a rafinovan\u00e9 v\u00fdsledky dokon\u010dovania, a to aj v stavebn\u00fdch prostrediach s vysokou intenzitou prev\u00e1dzky.<\/p>","protected":false},"excerpt":{"rendered":"<p>Kr\u00e1\u010daj\u00faca motorov\u00e1 p\u00e4tka PTH-L100A je vybaven\u00e1 modernizovan\u00fdm motorom Loncin a \u0161irok\u00fdm 100 cm z\u00e1berom na hladk\u00fa a presn\u00fa \u00fapravu bet\u00f3nov\u00e9ho povrchu na ve\u013ek\u00fdch stavenisk\u00e1ch.<\/p>","protected":false},"featured_media":9176,"template":"","meta":{"_kad_post_transparent":"default","_kad_post_title":"","_kad_post_layout":"default","_kad_post_sidebar_id":"","_kad_post_content_style":"default","_kad_post_vertical_padding":"default","_kad_post_feature":"","_kad_post_feature_position":"","_kad_post_header":false,"_kad_post_footer":false},"product_brand":[],"product_cat":[55],"product_tag":[1084,1083,1087,1081,1086,1085,1089,1088,1090,1082],"class_list":{"0":"post-9175","1":"product","2":"type-product","3":"status-publish","4":"has-post-thumbnail","6":"product_cat-walk-behind-power-trowel","7":"product_tag-cement-power-trowel","8":"product_tag-concrete-finishing-trowel","9":"product_tag-concrete-floor-finishing-machine","10":"product_tag-concrete-power-trowel","11":"product_tag-electric-walk-behind-trowel","12":"product_tag-gasoline-power-trowel","13":"product_tag-hand-operated-power-trowel","14":"product_tag-manual-power-trowel","15":"product_tag-walk-behind-concrete-finishing-machine","16":"product_tag-walk-behind-trowel-machine","18":"first","19":"instock","20":"shipping-taxable","21":"product-type-simple","22":"entry","23":"content-bg","24":"loop-entry"},"yoast_head":"<!-- This site is optimized with the Yoast SEO plugin v25.3.1 - https:\/\/yoast.com\/wordpress\/plugins\/seo\/ -->\n<title>Walk-Behind Power Trowel PTH-L100A - HSY Construction Machinery<\/title>\n<meta name=\"description\" content=\"Walk-Behind Power Trowel PTH-L100A with upgraded Loncin engine delivers efficient, wide-area finishing for slabs and industrial floors. Reliable, precise, and fuel-saving.\" \/>\n<meta name=\"robots\" content=\"index, follow, max-snippet:-1, max-image-preview:large, max-video-preview:-1\" \/>\n<link rel=\"canonical\" href=\"https:\/\/www.hsymachinery.com\/sk\/produkt\/kracajuca-elektricka-lopatka-pth-l100a\/\" \/>\n<meta property=\"og:locale\" content=\"sk_SK\" \/>\n<meta property=\"og:type\" content=\"article\" \/>\n<meta property=\"og:title\" content=\"Walk-Behind Power Trowel PTH-L100A - HSY Construction Machinery\" \/>\n<meta property=\"og:description\" content=\"Walk-Behind Power Trowel PTH-L100A with upgraded Loncin engine delivers efficient, wide-area finishing for slabs and industrial floors. Reliable, precise, and fuel-saving.\" \/>\n<meta property=\"og:url\" content=\"https:\/\/www.hsymachinery.com\/sk\/produkt\/kracajuca-elektricka-lopatka-pth-l100a\/\" \/>\n<meta property=\"og:site_name\" content=\"HSY Construction Machinery\" \/>\n<meta property=\"article:modified_time\" content=\"2025-06-28T14:08:48+00:00\" \/>\n<meta property=\"og:image\" content=\"https:\/\/www.hsymachinery.com\/wp-content\/uploads\/2025\/06\/Walk-Behind-Power-Trowel-PTH-L100A.jpg\" \/>\n\t<meta property=\"og:image:width\" content=\"600\" \/>\n\t<meta property=\"og:image:height\" content=\"738\" \/>\n\t<meta property=\"og:image:type\" content=\"image\/jpeg\" \/>\n<meta name=\"twitter:card\" content=\"summary_large_image\" \/>\n<meta name=\"twitter:label1\" content=\"Predpokladan\u00fd \u010das \u010d\u00edtania\" \/>\n\t<meta name=\"twitter:data1\" content=\"2 min\u00faty\" \/>\n<script type=\"application\/ld+json\" class=\"yoast-schema-graph\">{\"@context\":\"https:\/\/schema.org\",\"@graph\":[{\"@type\":\"WebPage\",\"@id\":\"https:\/\/www.hsymachinery.com\/product\/walk-behind-power-trowel-pth-l100a\/\",\"url\":\"https:\/\/www.hsymachinery.com\/product\/walk-behind-power-trowel-pth-l100a\/\",\"name\":\"Walk-Behind Power Trowel PTH-L100A - HSY Construction Machinery\",\"isPartOf\":{\"@id\":\"https:\/\/www.hsymachinery.com\/#website\"},\"primaryImageOfPage\":{\"@id\":\"https:\/\/www.hsymachinery.com\/product\/walk-behind-power-trowel-pth-l100a\/#primaryimage\"},\"image\":{\"@id\":\"https:\/\/www.hsymachinery.com\/product\/walk-behind-power-trowel-pth-l100a\/#primaryimage\"},\"thumbnailUrl\":\"https:\/\/www.hsymachinery.com\/wp-content\/uploads\/2025\/06\/Walk-Behind-Power-Trowel-PTH-L100A.jpg\",\"datePublished\":\"2025-06-18T10:30:12+00:00\",\"dateModified\":\"2025-06-28T14:08:48+00:00\",\"description\":\"Walk-Behind Power Trowel PTH-L100A with upgraded Loncin engine delivers efficient, wide-area finishing for slabs and industrial floors. Reliable, precise, and fuel-saving.\",\"breadcrumb\":{\"@id\":\"https:\/\/www.hsymachinery.com\/product\/walk-behind-power-trowel-pth-l100a\/#breadcrumb\"},\"inLanguage\":\"sk-SK\",\"potentialAction\":[{\"@type\":\"ReadAction\",\"target\":[\"https:\/\/www.hsymachinery.com\/product\/walk-behind-power-trowel-pth-l100a\/\"]}]},{\"@type\":\"ImageObject\",\"inLanguage\":\"sk-SK\",\"@id\":\"https:\/\/www.hsymachinery.com\/product\/walk-behind-power-trowel-pth-l100a\/#primaryimage\",\"url\":\"https:\/\/www.hsymachinery.com\/wp-content\/uploads\/2025\/06\/Walk-Behind-Power-Trowel-PTH-L100A.jpg\",\"contentUrl\":\"https:\/\/www.hsymachinery.com\/wp-content\/uploads\/2025\/06\/Walk-Behind-Power-Trowel-PTH-L100A.jpg\",\"width\":600,\"height\":738},{\"@type\":\"BreadcrumbList\",\"@id\":\"https:\/\/www.hsymachinery.com\/product\/walk-behind-power-trowel-pth-l100a\/#breadcrumb\",\"itemListElement\":[{\"@type\":\"ListItem\",\"position\":1,\"name\":\"home\",\"item\":\"https:\/\/www.hsymachinery.com\/\"},{\"@type\":\"ListItem\",\"position\":2,\"name\":\"products\",\"item\":\"https:\/\/www.hsymachinery.com\/products\/\"},{\"@type\":\"ListItem\",\"position\":3,\"name\":\"Walk-Behind Power Trowel PTH-L100A\"}]},{\"@type\":\"WebSite\",\"@id\":\"https:\/\/www.hsymachinery.com\/#website\",\"url\":\"https:\/\/www.hsymachinery.com\/\",\"name\":\"HSY Construction Machinery\",\"description\":\"HSY Machinery \u2013 A leading China construction machinery supplier, offering a wide range of light construction equipment. Our main products include Rebar Cutting Machine, Rebar Bending Machine, Rebar Stirrup Bending Machine, Rebar Arc Bending Machine, Rebar Straightening Machine, Five-Head Rebar Stirrup Bending Machine, Tamping Rammer, Plate Compactor, Concrete Cutter, Power Trowel, and other construction machinery. We are equipped with advanced CNC machines, and we enforce strict quality inspection standards along with comprehensive after-sales service. If you are interested in our products or services, we warmly welcome your inquiries via message.\",\"publisher\":{\"@id\":\"https:\/\/www.hsymachinery.com\/#organization\"},\"potentialAction\":[{\"@type\":\"SearchAction\",\"target\":{\"@type\":\"EntryPoint\",\"urlTemplate\":\"https:\/\/www.hsymachinery.com\/?s={search_term_string}\"},\"query-input\":{\"@type\":\"PropertyValueSpecification\",\"valueRequired\":true,\"valueName\":\"search_term_string\"}}],\"inLanguage\":\"sk-SK\"},{\"@type\":\"Organization\",\"@id\":\"https:\/\/www.hsymachinery.com\/#organization\",\"name\":\"HSY Construction Machinery\",\"url\":\"https:\/\/www.hsymachinery.com\/\",\"logo\":{\"@type\":\"ImageObject\",\"inLanguage\":\"sk-SK\",\"@id\":\"https:\/\/www.hsymachinery.com\/#\/schema\/logo\/image\/\",\"url\":\"https:\/\/www.hsymachinery.com\/wp-content\/uploads\/2025\/06\/cropped-HSY-machinery.png\",\"contentUrl\":\"https:\/\/www.hsymachinery.com\/wp-content\/uploads\/2025\/06\/cropped-HSY-machinery.png\",\"width\":600,\"height\":240,\"caption\":\"HSY Construction Machinery\"},\"image\":{\"@id\":\"https:\/\/www.hsymachinery.com\/#\/schema\/logo\/image\/\"}}]}<\/script>\n<!-- \/ Yoast SEO plugin. -->","yoast_head_json":{"title":"Elektrick\u00e1 lopatka PTH-L100A - Stavebn\u00e9 stroje HSY","description":"Kr\u00e1\u010daj\u00faca elektrick\u00e1 stierka PTH-L100A s vylep\u0161en\u00fdm motorom Loncin poskytuje efekt\u00edvne a plo\u0161n\u00e9 dokon\u010dovacie pr\u00e1ce na dosk\u00e1ch a priemyseln\u00fdch podlah\u00e1ch. Spo\u013eahliv\u00e9, presn\u00e9 a \u00fasporn\u00e9.","robots":{"index":"index","follow":"follow","max-snippet":"max-snippet:-1","max-image-preview":"max-image-preview:large","max-video-preview":"max-video-preview:-1"},"canonical":"https:\/\/www.hsymachinery.com\/sk\/produkt\/kracajuca-elektricka-lopatka-pth-l100a\/","og_locale":"sk_SK","og_type":"article","og_title":"Walk-Behind Power Trowel PTH-L100A - HSY Construction Machinery","og_description":"Walk-Behind Power Trowel PTH-L100A with upgraded Loncin engine delivers efficient, wide-area finishing for slabs and industrial floors. Reliable, precise, and fuel-saving.","og_url":"https:\/\/www.hsymachinery.com\/sk\/produkt\/kracajuca-elektricka-lopatka-pth-l100a\/","og_site_name":"HSY Construction Machinery","article_modified_time":"2025-06-28T14:08:48+00:00","og_image":[{"width":600,"height":738,"url":"https:\/\/www.hsymachinery.com\/wp-content\/uploads\/2025\/06\/Walk-Behind-Power-Trowel-PTH-L100A.jpg","type":"image\/jpeg"}],"twitter_card":"summary_large_image","twitter_misc":{"Predpokladan\u00fd \u010das \u010d\u00edtania":"2 min\u00faty"},"schema":{"@context":"https:\/\/schema.org","@graph":[{"@type":"WebPage","@id":"https:\/\/www.hsymachinery.com\/product\/walk-behind-power-trowel-pth-l100a\/","url":"https:\/\/www.hsymachinery.com\/product\/walk-behind-power-trowel-pth-l100a\/","name":"Elektrick\u00e1 lopatka PTH-L100A - Stavebn\u00e9 stroje HSY","isPartOf":{"@id":"https:\/\/www.hsymachinery.com\/#website"},"primaryImageOfPage":{"@id":"https:\/\/www.hsymachinery.com\/product\/walk-behind-power-trowel-pth-l100a\/#primaryimage"},"image":{"@id":"https:\/\/www.hsymachinery.com\/product\/walk-behind-power-trowel-pth-l100a\/#primaryimage"},"thumbnailUrl":"https:\/\/www.hsymachinery.com\/wp-content\/uploads\/2025\/06\/Walk-Behind-Power-Trowel-PTH-L100A.jpg","datePublished":"2025-06-18T10:30:12+00:00","dateModified":"2025-06-28T14:08:48+00:00","description":"Kr\u00e1\u010daj\u00faca elektrick\u00e1 stierka PTH-L100A s vylep\u0161en\u00fdm motorom Loncin poskytuje efekt\u00edvne a plo\u0161n\u00e9 dokon\u010dovacie pr\u00e1ce na dosk\u00e1ch a priemyseln\u00fdch podlah\u00e1ch. Spo\u013eahliv\u00e9, presn\u00e9 a \u00fasporn\u00e9.","breadcrumb":{"@id":"https:\/\/www.hsymachinery.com\/product\/walk-behind-power-trowel-pth-l100a\/#breadcrumb"},"inLanguage":"sk-SK","potentialAction":[{"@type":"ReadAction","target":["https:\/\/www.hsymachinery.com\/product\/walk-behind-power-trowel-pth-l100a\/"]}]},{"@type":"ImageObject","inLanguage":"sk-SK","@id":"https:\/\/www.hsymachinery.com\/product\/walk-behind-power-trowel-pth-l100a\/#primaryimage","url":"https:\/\/www.hsymachinery.com\/wp-content\/uploads\/2025\/06\/Walk-Behind-Power-Trowel-PTH-L100A.jpg","contentUrl":"https:\/\/www.hsymachinery.com\/wp-content\/uploads\/2025\/06\/Walk-Behind-Power-Trowel-PTH-L100A.jpg","width":600,"height":738},{"@type":"BreadcrumbList","@id":"https:\/\/www.hsymachinery.com\/product\/walk-behind-power-trowel-pth-l100a\/#breadcrumb","itemListElement":[{"@type":"ListItem","position":1,"name":"home","item":"https:\/\/www.hsymachinery.com\/"},{"@type":"ListItem","position":2,"name":"products","item":"https:\/\/www.hsymachinery.com\/products\/"},{"@type":"ListItem","position":3,"name":"Walk-Behind Power Trowel PTH-L100A"}]},{"@type":"WebSite","@id":"https:\/\/www.hsymachinery.com\/#website","url":"https:\/\/www.hsymachinery.com\/","name":"Stavebn\u00e9 stroje HSY","description":"HSY Machinery - popredn\u00fd dod\u00e1vate\u013e stavebn\u00fdch strojov v \u010c\u00edne, ktor\u00fd pon\u00faka \u0161irok\u00fd sortiment \u013eahk\u00fdch stavebn\u00fdch strojov. Medzi na\u0161e hlavn\u00e9 produkty patr\u00ed stroj na rezanie ty\u010d\u00ed, stroj na oh\u00fdbanie ty\u010d\u00ed, stroj na oh\u00fdbanie ty\u010d\u00ed, stroj na oh\u00fdbanie obl\u00fakov ty\u010d\u00ed, stroj na rovnanie ty\u010d\u00ed, p\u00e4\u0165hlav\u0148ov\u00fd stroj na oh\u00fdbanie ty\u010d\u00ed, podb\u00edja\u010dka, zhut\u0148ova\u010d dosiek, fr\u00e9za na bet\u00f3n, elektrick\u00e1 stierka a \u010fal\u0161ie stavebn\u00e9 stroje. Sme vybaven\u00ed modern\u00fdmi CNC strojmi a presadzujeme pr\u00edsne normy kontroly kvality spolu s komplexn\u00fdm popredajn\u00fdm servisom. Ak m\u00e1te z\u00e1ujem o na\u0161e v\u00fdrobky alebo slu\u017eby, srde\u010dne priv\u00edtame va\u0161e ot\u00e1zky prostredn\u00edctvom spr\u00e1vy.","publisher":{"@id":"https:\/\/www.hsymachinery.com\/#organization"},"potentialAction":[{"@type":"SearchAction","target":{"@type":"EntryPoint","urlTemplate":"https:\/\/www.hsymachinery.com\/?s={search_term_string}"},"query-input":{"@type":"PropertyValueSpecification","valueRequired":true,"valueName":"search_term_string"}}],"inLanguage":"sk-SK"},{"@type":"Organization","@id":"https:\/\/www.hsymachinery.com\/#organization","name":"Stavebn\u00e9 stroje HSY","url":"https:\/\/www.hsymachinery.com\/","logo":{"@type":"ImageObject","inLanguage":"sk-SK","@id":"https:\/\/www.hsymachinery.com\/#\/schema\/logo\/image\/","url":"https:\/\/www.hsymachinery.com\/wp-content\/uploads\/2025\/06\/cropped-HSY-machinery.png","contentUrl":"https:\/\/www.hsymachinery.com\/wp-content\/uploads\/2025\/06\/cropped-HSY-machinery.png","width":600,"height":240,"caption":"HSY Construction Machinery"},"image":{"@id":"https:\/\/www.hsymachinery.com\/#\/schema\/logo\/image\/"}}]}},"_links":{"self":[{"href":"https:\/\/www.hsymachinery.com\/sk\/wp-json\/wp\/v2\/product\/9175","targetHints":{"allow":["GET"]}}],"collection":[{"href":"https:\/\/www.hsymachinery.com\/sk\/wp-json\/wp\/v2\/product"}],"about":[{"href":"https:\/\/www.hsymachinery.com\/sk\/wp-json\/wp\/v2\/types\/product"}],"version-history":[{"count":3,"href":"https:\/\/www.hsymachinery.com\/sk\/wp-json\/wp\/v2\/product\/9175\/revisions"}],"predecessor-version":[{"id":9581,"href":"https:\/\/www.hsymachinery.com\/sk\/wp-json\/wp\/v2\/product\/9175\/revisions\/9581"}],"wp:featuredmedia":[{"embeddable":true,"href":"https:\/\/www.hsymachinery.com\/sk\/wp-json\/wp\/v2\/media\/9176"}],"wp:attachment":[{"href":"https:\/\/www.hsymachinery.com\/sk\/wp-json\/wp\/v2\/media?parent=9175"}],"wp:term":[{"taxonomy":"product_brand","embeddable":true,"href":"https:\/\/www.hsymachinery.com\/sk\/wp-json\/wp\/v2\/product_brand?post=9175"},{"taxonomy":"product_cat","embeddable":true,"href":"https:\/\/www.hsymachinery.com\/sk\/wp-json\/wp\/v2\/product_cat?post=9175"},{"taxonomy":"product_tag","embeddable":true,"href":"https:\/\/www.hsymachinery.com\/sk\/wp-json\/wp\/v2\/product_tag?post=9175"}],"curies":[{"name":"wp","href":"https:\/\/api.w.org\/{rel}","templated":true}]}}