{"id":9172,"date":"2025-06-18T18:29:14","date_gmt":"2025-06-18T10:29:14","guid":{"rendered":"https:\/\/www.hsymachinery.com\/?post_type=product&#038;p=9172"},"modified":"2025-06-28T22:05:02","modified_gmt":"2025-06-28T14:05:02","slug":"kracajuca-elektricka-lopatka-pth-l100","status":"publish","type":"product","link":"https:\/\/www.hsymachinery.com\/sk\/produkt\/kracajuca-elektricka-lopatka-pth-l100\/","title":{"rendered":"Elektrick\u00e1 lopatka PTH-L100 s ch\u00f4dzou za sebou"},"content":{"rendered":"<h2 data-start=\"119\" data-end=\"160\">Elektrick\u00e1 lopatka PTH-L100 s ch\u00f4dzou za sebou<\/h2>\n<h3 data-start=\"161\" data-end=\"265\">PTH-L100 Motorov\u00e1 stierka na bet\u00f3n Longxin | \u0160irok\u00e9 pokrytie stierky na povrchov\u00fa \u00fapravu ve\u013ek\u00fdch bet\u00f3nov\u00fdch podl\u00e1h<\/h3>\n<h3 data-start=\"272\" data-end=\"370\">Popis produktu - Profesion\u00e1lne rie\u0161enie na stierkovanie pre ve\u013ekoplo\u0161n\u00e9 bet\u00f3nov\u00e9 aplik\u00e1cie<a href=\"https:\/\/www.hsymachinery.com\/sk\/produkty\/kracajuca-elektricka-lopatka\/\" target=\"_blank\" rel=\"noopener\"><img fetchpriority=\"high\" decoding=\"async\" class=\"wp-image-9173 alignright\" src=\"https:\/\/www.hsymachinery.com\/wp-content\/uploads\/2025\/06\/Walk-Behind-Power-Trowel-PTH-L100-244x300.jpg\" alt=\"\" width=\"453\" height=\"557\" srcset=\"https:\/\/www.hsymachinery.com\/wp-content\/uploads\/2025\/06\/Walk-Behind-Power-Trowel-PTH-L100-244x300.jpg 244w, https:\/\/www.hsymachinery.com\/wp-content\/uploads\/2025\/06\/Walk-Behind-Power-Trowel-PTH-L100.jpg 600w\" sizes=\"(max-width: 453px) 100vw, 453px\" \/><\/a><\/h3>\n<p data-start=\"372\" data-end=\"739\">Str\u00e1nka <strong data-start=\"376\" data-end=\"413\">PTH-L100 Elektrick\u00e1 lopatka s ch\u00f4dzou<\/strong> je vysokov\u00fdkonn\u00fd stroj na \u00fapravu bet\u00f3nu, ktor\u00fd je skon\u0161truovan\u00fd tak, aby \u013eahko a presne zvl\u00e1dol ve\u013ek\u00e9 plochy. Tento model poh\u00e1\u0148an\u00fd odoln\u00fdm benz\u00ednov\u00fdm motorom Longxin poskytuje v\u00fdkon a ovl\u00e1danie, ktor\u00e9 dod\u00e1vatelia vy\u017eaduj\u00fa na n\u00e1ro\u010dn\u00fdch stavb\u00e1ch, ako s\u00fa sklady, priemyseln\u00e9 podlahy a ve\u013ek\u00e9 stavebn\u00e9 plochy.<\/p>\n<p data-start=\"741\" data-end=\"1054\">S priemerom hladidla 100 cm pokr\u00fdva PTH-L100 v\u00e4\u010d\u0161iu plochu na jeden prechod, \u010d\u00edm zvy\u0161uje efektivitu pr\u00e1ce bez toho, aby sa zn\u00ed\u017eila hladkos\u0165. Jeho rozstup no\u017eov sa d\u00e1 \u013eahko nastavi\u0165, \u010do umo\u017e\u0148uje obsluhe zdokonali\u0165 povrchov\u00fa \u00fapravu od hrubej a\u017e po le\u0161ten\u00fa, \u010d\u00edm sa zabezpe\u010dia jednotn\u00e9 v\u00fdsledky na celom povrchu bet\u00f3nu.<\/p>\n<p data-start=\"1056\" data-end=\"1233\">Stroj je vybaven\u00fd robustnou prevodovkou, vysokopevnostn\u00fdmi ramenami pav\u00faka a rukov\u00e4\u0165ou zni\u017euj\u00facou vibr\u00e1cie, \u010do zaru\u010duje plynul\u00fa prev\u00e1dzku, vy\u0161\u0161iu bezpe\u010dnos\u0165 a dlh\u00fa \u017eivotnos\u0165.<\/p>\n<h3 data-start=\"1240\" data-end=\"1293\">\u00a0K\u013e\u00fa\u010dov\u00e9 vlastnosti elektrickej stierky na bet\u00f3n PTH-L100<\/h3>\n<ul data-start=\"1295\" data-end=\"1661\">\n<li data-start=\"1295\" data-end=\"1360\">\n<p data-start=\"1297\" data-end=\"1360\">Benz\u00ednov\u00fd motor Longxin poskytuje spo\u013eahliv\u00fd a siln\u00fd v\u00fdkon<\/p>\n<\/li>\n<li data-start=\"1361\" data-end=\"1424\">\n<p data-start=\"1363\" data-end=\"1424\">\u0160irok\u00fd priemer hladenia 100 cm na r\u00fdchlej\u0161iu \u00fapravu povrchu<\/p>\n<\/li>\n<li data-start=\"1425\" data-end=\"1479\">\n<p data-start=\"1427\" data-end=\"1479\">Nastavite\u013en\u00e1 rozte\u010d no\u017eov pre variabiln\u00fa kvalitu povrchovej \u00fapravy<\/p>\n<\/li>\n<li data-start=\"1480\" data-end=\"1542\">\n<p data-start=\"1482\" data-end=\"1542\">Zosilnen\u00fd bezpe\u010dnostn\u00fd kr\u00fa\u017eok a odoln\u00e1 kon\u0161trukcia prevodovky<\/p>\n<\/li>\n<li data-start=\"1543\" data-end=\"1603\">\n<p data-start=\"1545\" data-end=\"1603\">Skladacia rukov\u00e4\u0165 s ergonomickou rukov\u00e4\u0165ou pre pohodlie obsluhy<\/p>\n<\/li>\n<li data-start=\"1604\" data-end=\"1661\">\n<p data-start=\"1606\" data-end=\"1661\">Nen\u00e1ro\u010dn\u00e1 \u00fadr\u017eba a n\u00edzka spotreba paliva pri dlh\u00fdch pracovn\u00fdch hodin\u00e1ch<\/p>\n<\/li>\n<\/ul>\n<h3 data-start=\"1668\" data-end=\"1750\">Pou\u017eitie - ide\u00e1lne pre sklady, ve\u013ek\u00e9 dosky a priemyseln\u00e9 projekty<\/h3>\n<p data-start=\"1752\" data-end=\"2056\">Model PTH-L100 je ur\u010den\u00fd na vysoko v\u00fdkonn\u00fa povrchov\u00fa \u00fapravu vo ve\u013ek\u00fdch stavebn\u00fdch z\u00f3nach vr\u00e1tane tov\u00e1rn\u00ed, logistick\u00fdch centier, parkovac\u00edch suter\u00e9nov a bet\u00f3nov\u00fdch plo\u0161\u00edn. Jeho \u0161irok\u00e1 pracovn\u00e1 plocha a stabiln\u00e1 kon\u0161trukcia pom\u00e1haj\u00fa t\u00edmom \u0161etri\u0165 \u010das a z\u00e1rove\u0148 dosiahnu\u0165 rovnomern\u00fd, hladk\u00fd povrch.<\/p>\n<p data-start=\"2058\" data-end=\"2209\">Profesion\u00e1li v stavebn\u00edctve d\u00f4veruj\u00fa tomuto modelu pre jeho robustn\u00fa kon\u0161trukciu, dlh\u00fd \u010das prev\u00e1dzky a schopnos\u0165 zvl\u00e1dnu\u0165 nepretr\u017eit\u00e9 pou\u017e\u00edvanie v n\u00e1ro\u010dn\u00fdch podmienkach.<\/p>\n<p><iframe title=\"Elektrick\u00e1 stierka, elektrick\u00e1 stierka s pojazdom, ru\u010dn\u00e1 elektrick\u00e1 stierka, stierka, bet\u00f3n #trowel#powertrowel\" width=\"720\" height=\"405\" src=\"https:\/\/www.youtube.com\/embed\/VGFIPDTiUYI?feature=oembed\" frameborder=\"0\" allow=\"accelerometer; autoplay; clipboard-write; encrypted-media; gyroscope; picture-in-picture; web-share\" referrerpolicy=\"strict-origin-when-cross-origin\" allowfullscreen><\/iframe><\/p>","protected":false},"excerpt":{"rendered":"<p>Kr\u00e1\u010daj\u00faca hladi\u010dka na bet\u00f3n PTH-L100 s motorom Longxin je ide\u00e1lna na dokon\u010dovanie ve\u013ek\u00fdch dosiek, pon\u00faka \u0161irok\u00e9 pokrytie a nastavite\u013en\u00e9 ovl\u00e1danie \u010depele pre dokonal\u00fd povrch.<\/p>","protected":false},"featured_media":9173,"template":"","meta":{"_kad_post_transparent":"default","_kad_post_title":"","_kad_post_layout":"default","_kad_post_sidebar_id":"","_kad_post_content_style":"default","_kad_post_vertical_padding":"default","_kad_post_feature":"","_kad_post_feature_position":"","_kad_post_header":false,"_kad_post_footer":false},"product_brand":[],"product_cat":[55],"product_tag":[1084,1083,1087,1081,1086,1085,1089,1088,1090,1082],"class_list":{"0":"post-9172","1":"product","2":"type-product","3":"status-publish","4":"has-post-thumbnail","6":"product_cat-walk-behind-power-trowel","7":"product_tag-cement-power-trowel","8":"product_tag-concrete-finishing-trowel","9":"product_tag-concrete-floor-finishing-machine","10":"product_tag-concrete-power-trowel","11":"product_tag-electric-walk-behind-trowel","12":"product_tag-gasoline-power-trowel","13":"product_tag-hand-operated-power-trowel","14":"product_tag-manual-power-trowel","15":"product_tag-walk-behind-concrete-finishing-machine","16":"product_tag-walk-behind-trowel-machine","18":"first","19":"instock","20":"shipping-taxable","21":"product-type-simple","22":"entry","23":"content-bg","24":"loop-entry"},"yoast_head":"<!-- This site is optimized with the Yoast SEO plugin v25.3.1 - https:\/\/yoast.com\/wordpress\/plugins\/seo\/ -->\n<title>Walk-Behind Power Trowel PTH-L100 - HSY Construction Machinery<\/title>\n<meta name=\"description\" content=\"PTH-L100 walk-behind concrete power trowel with Loncin engine ensures efficient wide-area finishing for industrial floors and slabs. Rugged, powerful, and operator-friendly.\" \/>\n<meta name=\"robots\" content=\"index, follow, max-snippet:-1, max-image-preview:large, max-video-preview:-1\" \/>\n<link rel=\"canonical\" href=\"https:\/\/www.hsymachinery.com\/sk\/produkt\/kracajuca-elektricka-lopatka-pth-l100\/\" \/>\n<meta property=\"og:locale\" content=\"sk_SK\" \/>\n<meta property=\"og:type\" content=\"article\" \/>\n<meta property=\"og:title\" content=\"Walk-Behind Power Trowel PTH-L100 - HSY Construction Machinery\" \/>\n<meta property=\"og:description\" content=\"PTH-L100 walk-behind concrete power trowel with Loncin engine ensures efficient wide-area finishing for industrial floors and slabs. Rugged, powerful, and operator-friendly.\" \/>\n<meta property=\"og:url\" content=\"https:\/\/www.hsymachinery.com\/sk\/produkt\/kracajuca-elektricka-lopatka-pth-l100\/\" \/>\n<meta property=\"og:site_name\" content=\"HSY Construction Machinery\" \/>\n<meta property=\"article:modified_time\" content=\"2025-06-28T14:05:02+00:00\" \/>\n<meta property=\"og:image\" content=\"https:\/\/www.hsymachinery.com\/wp-content\/uploads\/2025\/06\/Walk-Behind-Power-Trowel-PTH-L100.jpg\" \/>\n\t<meta property=\"og:image:width\" content=\"600\" \/>\n\t<meta property=\"og:image:height\" content=\"738\" \/>\n\t<meta property=\"og:image:type\" content=\"image\/jpeg\" \/>\n<meta name=\"twitter:card\" content=\"summary_large_image\" \/>\n<meta name=\"twitter:label1\" content=\"Predpokladan\u00fd \u010das \u010d\u00edtania\" \/>\n\t<meta name=\"twitter:data1\" content=\"2 min\u00faty\" \/>\n<script type=\"application\/ld+json\" class=\"yoast-schema-graph\">{\"@context\":\"https:\/\/schema.org\",\"@graph\":[{\"@type\":\"WebPage\",\"@id\":\"https:\/\/www.hsymachinery.com\/product\/walk-behind-power-trowel-pth-l100\/\",\"url\":\"https:\/\/www.hsymachinery.com\/product\/walk-behind-power-trowel-pth-l100\/\",\"name\":\"Walk-Behind Power Trowel PTH-L100 - HSY Construction Machinery\",\"isPartOf\":{\"@id\":\"https:\/\/www.hsymachinery.com\/#website\"},\"primaryImageOfPage\":{\"@id\":\"https:\/\/www.hsymachinery.com\/product\/walk-behind-power-trowel-pth-l100\/#primaryimage\"},\"image\":{\"@id\":\"https:\/\/www.hsymachinery.com\/product\/walk-behind-power-trowel-pth-l100\/#primaryimage\"},\"thumbnailUrl\":\"https:\/\/www.hsymachinery.com\/wp-content\/uploads\/2025\/06\/Walk-Behind-Power-Trowel-PTH-L100.jpg\",\"datePublished\":\"2025-06-18T10:29:14+00:00\",\"dateModified\":\"2025-06-28T14:05:02+00:00\",\"description\":\"PTH-L100 walk-behind concrete power trowel with Loncin engine ensures efficient wide-area finishing for industrial floors and slabs. Rugged, powerful, and operator-friendly.\",\"breadcrumb\":{\"@id\":\"https:\/\/www.hsymachinery.com\/product\/walk-behind-power-trowel-pth-l100\/#breadcrumb\"},\"inLanguage\":\"sk-SK\",\"potentialAction\":[{\"@type\":\"ReadAction\",\"target\":[\"https:\/\/www.hsymachinery.com\/product\/walk-behind-power-trowel-pth-l100\/\"]}]},{\"@type\":\"ImageObject\",\"inLanguage\":\"sk-SK\",\"@id\":\"https:\/\/www.hsymachinery.com\/product\/walk-behind-power-trowel-pth-l100\/#primaryimage\",\"url\":\"https:\/\/www.hsymachinery.com\/wp-content\/uploads\/2025\/06\/Walk-Behind-Power-Trowel-PTH-L100.jpg\",\"contentUrl\":\"https:\/\/www.hsymachinery.com\/wp-content\/uploads\/2025\/06\/Walk-Behind-Power-Trowel-PTH-L100.jpg\",\"width\":600,\"height\":738},{\"@type\":\"BreadcrumbList\",\"@id\":\"https:\/\/www.hsymachinery.com\/product\/walk-behind-power-trowel-pth-l100\/#breadcrumb\",\"itemListElement\":[{\"@type\":\"ListItem\",\"position\":1,\"name\":\"home\",\"item\":\"https:\/\/www.hsymachinery.com\/\"},{\"@type\":\"ListItem\",\"position\":2,\"name\":\"products\",\"item\":\"https:\/\/www.hsymachinery.com\/products\/\"},{\"@type\":\"ListItem\",\"position\":3,\"name\":\"Walk-Behind Power Trowel PTH-L100\"}]},{\"@type\":\"WebSite\",\"@id\":\"https:\/\/www.hsymachinery.com\/#website\",\"url\":\"https:\/\/www.hsymachinery.com\/\",\"name\":\"HSY Construction Machinery\",\"description\":\"HSY Machinery \u2013 A leading China construction machinery supplier, offering a wide range of light construction equipment. Our main products include Rebar Cutting Machine, Rebar Bending Machine, Rebar Stirrup Bending Machine, Rebar Arc Bending Machine, Rebar Straightening Machine, Five-Head Rebar Stirrup Bending Machine, Tamping Rammer, Plate Compactor, Concrete Cutter, Power Trowel, and other construction machinery. We are equipped with advanced CNC machines, and we enforce strict quality inspection standards along with comprehensive after-sales service. If you are interested in our products or services, we warmly welcome your inquiries via message.\",\"publisher\":{\"@id\":\"https:\/\/www.hsymachinery.com\/#organization\"},\"potentialAction\":[{\"@type\":\"SearchAction\",\"target\":{\"@type\":\"EntryPoint\",\"urlTemplate\":\"https:\/\/www.hsymachinery.com\/?s={search_term_string}\"},\"query-input\":{\"@type\":\"PropertyValueSpecification\",\"valueRequired\":true,\"valueName\":\"search_term_string\"}}],\"inLanguage\":\"sk-SK\"},{\"@type\":\"Organization\",\"@id\":\"https:\/\/www.hsymachinery.com\/#organization\",\"name\":\"HSY Construction Machinery\",\"url\":\"https:\/\/www.hsymachinery.com\/\",\"logo\":{\"@type\":\"ImageObject\",\"inLanguage\":\"sk-SK\",\"@id\":\"https:\/\/www.hsymachinery.com\/#\/schema\/logo\/image\/\",\"url\":\"https:\/\/www.hsymachinery.com\/wp-content\/uploads\/2025\/06\/cropped-HSY-machinery.png\",\"contentUrl\":\"https:\/\/www.hsymachinery.com\/wp-content\/uploads\/2025\/06\/cropped-HSY-machinery.png\",\"width\":600,\"height\":240,\"caption\":\"HSY Construction Machinery\"},\"image\":{\"@id\":\"https:\/\/www.hsymachinery.com\/#\/schema\/logo\/image\/\"}}]}<\/script>\n<!-- \/ Yoast SEO plugin. -->","yoast_head_json":{"title":"Elektrick\u00e1 lopatka PTH-L100 s ch\u00f4dzou za sebou - Stavebn\u00e9 stroje HSY","description":"Kr\u00e1\u010daj\u00faca motorov\u00e1 hladi\u010dka na bet\u00f3n PTH-L100 s motorom Loncin zabezpe\u010duje efekt\u00edvne plo\u0161n\u00e9 \u00fapravy priemyseln\u00fdch podl\u00e1h a dosiek. Robustn\u00e1, v\u00fdkonn\u00e1 a jednoduch\u00e1 obsluha.","robots":{"index":"index","follow":"follow","max-snippet":"max-snippet:-1","max-image-preview":"max-image-preview:large","max-video-preview":"max-video-preview:-1"},"canonical":"https:\/\/www.hsymachinery.com\/sk\/produkt\/kracajuca-elektricka-lopatka-pth-l100\/","og_locale":"sk_SK","og_type":"article","og_title":"Walk-Behind Power Trowel PTH-L100 - HSY Construction Machinery","og_description":"PTH-L100 walk-behind concrete power trowel with Loncin engine ensures efficient wide-area finishing for industrial floors and slabs. Rugged, powerful, and operator-friendly.","og_url":"https:\/\/www.hsymachinery.com\/sk\/produkt\/kracajuca-elektricka-lopatka-pth-l100\/","og_site_name":"HSY Construction Machinery","article_modified_time":"2025-06-28T14:05:02+00:00","og_image":[{"width":600,"height":738,"url":"https:\/\/www.hsymachinery.com\/wp-content\/uploads\/2025\/06\/Walk-Behind-Power-Trowel-PTH-L100.jpg","type":"image\/jpeg"}],"twitter_card":"summary_large_image","twitter_misc":{"Predpokladan\u00fd \u010das \u010d\u00edtania":"2 min\u00faty"},"schema":{"@context":"https:\/\/schema.org","@graph":[{"@type":"WebPage","@id":"https:\/\/www.hsymachinery.com\/product\/walk-behind-power-trowel-pth-l100\/","url":"https:\/\/www.hsymachinery.com\/product\/walk-behind-power-trowel-pth-l100\/","name":"Elektrick\u00e1 lopatka PTH-L100 s ch\u00f4dzou za sebou - Stavebn\u00e9 stroje HSY","isPartOf":{"@id":"https:\/\/www.hsymachinery.com\/#website"},"primaryImageOfPage":{"@id":"https:\/\/www.hsymachinery.com\/product\/walk-behind-power-trowel-pth-l100\/#primaryimage"},"image":{"@id":"https:\/\/www.hsymachinery.com\/product\/walk-behind-power-trowel-pth-l100\/#primaryimage"},"thumbnailUrl":"https:\/\/www.hsymachinery.com\/wp-content\/uploads\/2025\/06\/Walk-Behind-Power-Trowel-PTH-L100.jpg","datePublished":"2025-06-18T10:29:14+00:00","dateModified":"2025-06-28T14:05:02+00:00","description":"Kr\u00e1\u010daj\u00faca motorov\u00e1 hladi\u010dka na bet\u00f3n PTH-L100 s motorom Loncin zabezpe\u010duje efekt\u00edvne plo\u0161n\u00e9 \u00fapravy priemyseln\u00fdch podl\u00e1h a dosiek. Robustn\u00e1, v\u00fdkonn\u00e1 a jednoduch\u00e1 obsluha.","breadcrumb":{"@id":"https:\/\/www.hsymachinery.com\/product\/walk-behind-power-trowel-pth-l100\/#breadcrumb"},"inLanguage":"sk-SK","potentialAction":[{"@type":"ReadAction","target":["https:\/\/www.hsymachinery.com\/product\/walk-behind-power-trowel-pth-l100\/"]}]},{"@type":"ImageObject","inLanguage":"sk-SK","@id":"https:\/\/www.hsymachinery.com\/product\/walk-behind-power-trowel-pth-l100\/#primaryimage","url":"https:\/\/www.hsymachinery.com\/wp-content\/uploads\/2025\/06\/Walk-Behind-Power-Trowel-PTH-L100.jpg","contentUrl":"https:\/\/www.hsymachinery.com\/wp-content\/uploads\/2025\/06\/Walk-Behind-Power-Trowel-PTH-L100.jpg","width":600,"height":738},{"@type":"BreadcrumbList","@id":"https:\/\/www.hsymachinery.com\/product\/walk-behind-power-trowel-pth-l100\/#breadcrumb","itemListElement":[{"@type":"ListItem","position":1,"name":"home","item":"https:\/\/www.hsymachinery.com\/"},{"@type":"ListItem","position":2,"name":"products","item":"https:\/\/www.hsymachinery.com\/products\/"},{"@type":"ListItem","position":3,"name":"Walk-Behind Power Trowel PTH-L100"}]},{"@type":"WebSite","@id":"https:\/\/www.hsymachinery.com\/#website","url":"https:\/\/www.hsymachinery.com\/","name":"Stavebn\u00e9 stroje HSY","description":"HSY Machinery - popredn\u00fd dod\u00e1vate\u013e stavebn\u00fdch strojov v \u010c\u00edne, ktor\u00fd pon\u00faka \u0161irok\u00fd sortiment \u013eahk\u00fdch stavebn\u00fdch strojov. Medzi na\u0161e hlavn\u00e9 produkty patr\u00ed stroj na rezanie ty\u010d\u00ed, stroj na oh\u00fdbanie ty\u010d\u00ed, stroj na oh\u00fdbanie ty\u010d\u00ed, stroj na oh\u00fdbanie obl\u00fakov ty\u010d\u00ed, stroj na rovnanie ty\u010d\u00ed, p\u00e4\u0165hlav\u0148ov\u00fd stroj na oh\u00fdbanie ty\u010d\u00ed, podb\u00edja\u010dka, zhut\u0148ova\u010d dosiek, fr\u00e9za na bet\u00f3n, elektrick\u00e1 stierka a \u010fal\u0161ie stavebn\u00e9 stroje. Sme vybaven\u00ed modern\u00fdmi CNC strojmi a presadzujeme pr\u00edsne normy kontroly kvality spolu s komplexn\u00fdm popredajn\u00fdm servisom. Ak m\u00e1te z\u00e1ujem o na\u0161e v\u00fdrobky alebo slu\u017eby, srde\u010dne priv\u00edtame va\u0161e ot\u00e1zky prostredn\u00edctvom spr\u00e1vy.","publisher":{"@id":"https:\/\/www.hsymachinery.com\/#organization"},"potentialAction":[{"@type":"SearchAction","target":{"@type":"EntryPoint","urlTemplate":"https:\/\/www.hsymachinery.com\/?s={search_term_string}"},"query-input":{"@type":"PropertyValueSpecification","valueRequired":true,"valueName":"search_term_string"}}],"inLanguage":"sk-SK"},{"@type":"Organization","@id":"https:\/\/www.hsymachinery.com\/#organization","name":"Stavebn\u00e9 stroje HSY","url":"https:\/\/www.hsymachinery.com\/","logo":{"@type":"ImageObject","inLanguage":"sk-SK","@id":"https:\/\/www.hsymachinery.com\/#\/schema\/logo\/image\/","url":"https:\/\/www.hsymachinery.com\/wp-content\/uploads\/2025\/06\/cropped-HSY-machinery.png","contentUrl":"https:\/\/www.hsymachinery.com\/wp-content\/uploads\/2025\/06\/cropped-HSY-machinery.png","width":600,"height":240,"caption":"HSY Construction Machinery"},"image":{"@id":"https:\/\/www.hsymachinery.com\/#\/schema\/logo\/image\/"}}]}},"_links":{"self":[{"href":"https:\/\/www.hsymachinery.com\/sk\/wp-json\/wp\/v2\/product\/9172","targetHints":{"allow":["GET"]}}],"collection":[{"href":"https:\/\/www.hsymachinery.com\/sk\/wp-json\/wp\/v2\/product"}],"about":[{"href":"https:\/\/www.hsymachinery.com\/sk\/wp-json\/wp\/v2\/types\/product"}],"version-history":[{"count":3,"href":"https:\/\/www.hsymachinery.com\/sk\/wp-json\/wp\/v2\/product\/9172\/revisions"}],"predecessor-version":[{"id":9579,"href":"https:\/\/www.hsymachinery.com\/sk\/wp-json\/wp\/v2\/product\/9172\/revisions\/9579"}],"wp:featuredmedia":[{"embeddable":true,"href":"https:\/\/www.hsymachinery.com\/sk\/wp-json\/wp\/v2\/media\/9173"}],"wp:attachment":[{"href":"https:\/\/www.hsymachinery.com\/sk\/wp-json\/wp\/v2\/media?parent=9172"}],"wp:term":[{"taxonomy":"product_brand","embeddable":true,"href":"https:\/\/www.hsymachinery.com\/sk\/wp-json\/wp\/v2\/product_brand?post=9172"},{"taxonomy":"product_cat","embeddable":true,"href":"https:\/\/www.hsymachinery.com\/sk\/wp-json\/wp\/v2\/product_cat?post=9172"},{"taxonomy":"product_tag","embeddable":true,"href":"https:\/\/www.hsymachinery.com\/sk\/wp-json\/wp\/v2\/product_tag?post=9172"}],"curies":[{"name":"wp","href":"https:\/\/api.w.org\/{rel}","templated":true}]}}