{"id":9145,"date":"2025-06-18T18:03:14","date_gmt":"2025-06-18T10:03:14","guid":{"rendered":"https:\/\/www.hsymachinery.com\/?post_type=product&#038;p=9145"},"modified":"2025-06-28T21:03:53","modified_gmt":"2025-06-28T13:03:53","slug":"freza-na-beton-hq-c400a","status":"publish","type":"product","link":"https:\/\/www.hsymachinery.com\/sk\/produkt\/freza-na-beton-hq-c400a\/","title":{"rendered":"Fr\u00e9za na bet\u00f3n HQ-C400A"},"content":{"rendered":"<h2 data-start=\"121\" data-end=\"153\">Fr\u00e9za na bet\u00f3n HQ-C400A<\/h2>\n<h3 data-start=\"154\" data-end=\"265\">HQ-C400A Dieselov\u00e1 p\u00edla na bet\u00f3n | Modernizovan\u00e1 dieselov\u00e1 p\u00edla s hlbok\u00fdm rezom na cesty, asfalt a priemyseln\u00e9 stavby<\/h3>\n<h3 data-start=\"272\" data-end=\"356\">Popis produktu - Vylep\u0161en\u00fd dieselov\u00fd rezac\u00ed stroj pre n\u00e1ro\u010dn\u00e9 pracovisk\u00e1<a href=\"https:\/\/www.hsymachinery.com\/sk\/produkty\/freza-na-beton\/\" target=\"_blank\" rel=\"noopener\"><img fetchpriority=\"high\" decoding=\"async\" class=\"wp-image-9557 alignright\" src=\"https:\/\/www.hsymachinery.com\/wp-content\/uploads\/2025\/06\/Walk-Behind-Concrete-Cutter-146x300.jpg\" alt=\"\" width=\"450\" height=\"924\" srcset=\"https:\/\/www.hsymachinery.com\/wp-content\/uploads\/2025\/06\/Walk-Behind-Concrete-Cutter-146x300.jpg 146w, https:\/\/www.hsymachinery.com\/wp-content\/uploads\/2025\/06\/Walk-Behind-Concrete-Cutter-749x1536.jpg 749w, https:\/\/www.hsymachinery.com\/wp-content\/uploads\/2025\/06\/Walk-Behind-Concrete-Cutter-600x1230.jpg 600w, https:\/\/www.hsymachinery.com\/wp-content\/uploads\/2025\/06\/Walk-Behind-Concrete-Cutter.jpg 800w\" sizes=\"(max-width: 450px) 100vw, 450px\" \/><\/a><\/h3>\n<p data-start=\"358\" data-end=\"747\">Str\u00e1nka <strong data-start=\"362\" data-end=\"390\">Fr\u00e9za na bet\u00f3n HQ-C400A<\/strong> je modernizovan\u00e1 p\u00edla na bet\u00f3n s dieselov\u00fdm pohonom, ur\u010den\u00e1 pre dod\u00e1vate\u013eov, ktor\u00ed vy\u017eaduj\u00fa v\u00e4\u010d\u0161iu h\u013abku rezu, lep\u0161iu stabilitu r\u00e1mu a dlh\u0161\u00ed prev\u00e1dzkov\u00fd v\u00fdkon na n\u00e1ro\u010dn\u00fdch stavb\u00e1ch. P\u00edla HQ-C400A poh\u00e1\u0148an\u00e1 vysoko\u00fa\u010dinn\u00fdm dieselov\u00fdm motorom si \u013eahko porad\u00ed s hrub\u00fdmi bet\u00f3nov\u00fdmi doskami, asfaltov\u00fdmi dla\u017ebami a priemyseln\u00fdmi podlahami.<\/p>\n<p data-start=\"749\" data-end=\"1018\">Vylep\u0161en\u00fd podvozok a zv\u00fd\u0161en\u00e1 odolnos\u0165 proti vibr\u00e1ci\u00e1m umo\u017e\u0148uj\u00fa plynul\u00e9 sledovanie po\u010das dlh\u00fdch, rovn\u00fdch rezov. Jeho syst\u00e9m nastavenia h\u013abky umo\u017e\u0148uje presn\u00e9 a opakovate\u013en\u00e9 v\u00fdsledky aj pri rezan\u00ed cez \u017eelezobet\u00f3n alebo viacvrstvov\u00e9 kon\u0161trukcie vozovky.<\/p>\n<p data-start=\"1020\" data-end=\"1212\">Na zabezpe\u010denie bezpe\u010dn\u00e9ho a konzistentn\u00e9ho v\u00fdkonu no\u017ea je HQ-C400A vybaven\u00fd ve\u013ekokapacitnou n\u00e1dr\u017eou na vodu, ktor\u00e1 zabezpe\u010duje spo\u013eahliv\u00e9 chladenie no\u017ea a regul\u00e1ciu pra\u0161nosti po\u010das nepretr\u017eit\u00e9ho rezania.<\/p>\n<h3 data-start=\"1219\" data-end=\"1266\">K\u013e\u00fa\u010dov\u00e9 vlastnosti fr\u00e9zy na bet\u00f3n HQ-C400A<\/h3>\n<ul data-start=\"1268\" data-end=\"1658\">\n<li data-start=\"1268\" data-end=\"1335\">\n<p data-start=\"1270\" data-end=\"1335\">Pohon spo\u013eahliv\u00fdm dieselov\u00fdm motorom so zv\u00fd\u0161en\u00fdm kr\u00fatiacim momentom<\/p>\n<\/li>\n<li data-start=\"1336\" data-end=\"1407\">\n<p data-start=\"1338\" data-end=\"1407\">Zosilnen\u00fd r\u00e1m a syst\u00e9m kolies pre lep\u0161ie ovl\u00e1danie a odolnos\u0165<\/p>\n<\/li>\n<li data-start=\"1408\" data-end=\"1465\">\n<p data-start=\"1410\" data-end=\"1465\">Presn\u00e9 nastavenie h\u013abky na hlb\u0161ie a rovnej\u0161ie rezy<\/p>\n<\/li>\n<li data-start=\"1466\" data-end=\"1530\">\n<p data-start=\"1468\" data-end=\"1530\">Ide\u00e1lne na bet\u00f3nov\u00e9 cesty, asfaltov\u00e9 vrstvy a podlahy v tov\u00e1r\u0148ach<\/p>\n<\/li>\n<li data-start=\"1531\" data-end=\"1595\">\n<p data-start=\"1533\" data-end=\"1595\">Integrovan\u00e1 n\u00e1dr\u017e na vodu na potla\u010denie prachu a chladenie lopatiek<\/p>\n<\/li>\n<li data-start=\"1596\" data-end=\"1658\">\n<p data-start=\"1598\" data-end=\"1658\">Navrhnut\u00e9 na dlh\u00e9 pracovn\u00e9 hodiny a n\u00e1ro\u010dn\u00e9 stavebn\u00e9 pou\u017eitie<\/p>\n<\/li>\n<\/ul>\n<h3 data-start=\"1665\" data-end=\"1733\">Najlep\u0161ie na opravy dia\u013enic, priemyseln\u00e9 podlahy a hlbok\u00e9 v\u00fdkopy<\/h3>\n<p data-start=\"1735\" data-end=\"2051\">V\u010faka zlep\u0161enej kvalite kon\u0161trukcie sa HQ-C400A \u0161iroko pou\u017e\u00edva pri \u00fadr\u017ebe dia\u013enic, komer\u010dn\u00fdch stavb\u00e1ch a pri rezan\u00ed v\u00fdkopov v komun\u00e1lnej sf\u00e9re. Jeho dieselov\u00fd palivov\u00fd syst\u00e9m zabezpe\u010duje pred\u013a\u017een\u00fd \u010das prev\u00e1dzky, v\u010faka \u010domu je n\u00e1kladovo efekt\u00edvnou vo\u013ebou pre projekty vo vidieckych oblastiach alebo neelektrifikovan\u00fdch prostrediach.<\/p>\n<p data-start=\"2053\" data-end=\"2301\">Dod\u00e1vatelia si tento model vyberaj\u00fa pre jeho konzistentnos\u0165 rezania, zn\u00ed\u017een\u00fa potrebu \u00fadr\u017eby a vysok\u00fa n\u00e1vratnos\u0165 prev\u00e1dzkovej efekt\u00edvnosti. \u010ci u\u017e sa pou\u017e\u00edva v in\u017einierskych stavb\u00e1ch alebo pri v\u00fdkopoch in\u017einierskych siet\u00ed, zaka\u017ed\u00fdm zaru\u010duje vynikaj\u00face v\u00fdsledky.<\/p>\n<p><iframe title=\"fr\u00e9za na bet\u00f3n, rezanie bet\u00f3nu, motorov\u00e1 fr\u00e9za, fr\u00e9za na bet\u00f3n\" width=\"720\" height=\"405\" src=\"https:\/\/www.youtube.com\/embed\/egJcI18gCcg?feature=oembed\" frameborder=\"0\" allow=\"accelerometer; autoplay; clipboard-write; encrypted-media; gyroscope; picture-in-picture; web-share\" referrerpolicy=\"strict-origin-when-cross-origin\" allowfullscreen><\/iframe><\/p>","protected":false},"excerpt":{"rendered":"<p>Modernizovan\u00e1 dieselov\u00e1 fr\u00e9za na bet\u00f3n HQ-C400A pon\u00faka hlb\u0161ie a r\u00fdchlej\u0161ie rezy so zv\u00fd\u0161enou odolnos\u0165ou proti vibr\u00e1ci\u00e1m, ide\u00e1lna na cesty, v\u00fdkopy a priemyseln\u00e9 bet\u00f3nov\u00e9 stavby.<\/p>","protected":false},"featured_media":9146,"template":"","meta":{"_kad_post_transparent":"default","_kad_post_title":"","_kad_post_layout":"default","_kad_post_sidebar_id":"","_kad_post_content_style":"default","_kad_post_vertical_padding":"default","_kad_post_feature":"","_kad_post_feature_position":"","_kad_post_header":false,"_kad_post_footer":false},"product_brand":[],"product_cat":[57],"product_tag":[1073,1071,1080,1076,1078,1074,1077,1079,1072,1075],"class_list":{"0":"post-9145","1":"product","2":"type-product","3":"status-publish","4":"has-post-thumbnail","6":"product_cat-concrete-cutter","7":"product_tag-asphalt-cutter","8":"product_tag-concrete-cutting-machine","9":"product_tag-concrete-groove-cutting-machine","10":"product_tag-diesel-concrete-cutter","11":"product_tag-electric-concrete-cutter","12":"product_tag-floor-saw-machine","13":"product_tag-gasoline-concrete-cutter","14":"product_tag-pavement-cutter-machine","15":"product_tag-road-cutting-machine","16":"product_tag-walk-behind-concrete-cutter","18":"first","19":"instock","20":"featured","21":"shipping-taxable","22":"product-type-simple","23":"entry","24":"content-bg","25":"loop-entry"},"yoast_head":"<!-- This site is optimized with the Yoast SEO plugin v25.3.1 - https:\/\/yoast.com\/wordpress\/plugins\/seo\/ -->\n<title>Concrete Cutter HQ-C400A - HSY Construction Machinery<\/title>\n<meta name=\"description\" content=\"HQ-C400A diesel concrete cutter delivers deep, stable cutting performance with improved frame and cooling system. Built for road repairs, industrial flooring, and trenching.\" \/>\n<meta name=\"robots\" content=\"index, follow, max-snippet:-1, max-image-preview:large, max-video-preview:-1\" \/>\n<link rel=\"canonical\" href=\"https:\/\/www.hsymachinery.com\/sk\/produkt\/freza-na-beton-hq-c400a\/\" \/>\n<meta property=\"og:locale\" content=\"sk_SK\" \/>\n<meta property=\"og:type\" content=\"article\" \/>\n<meta property=\"og:title\" content=\"Concrete Cutter HQ-C400A - HSY Construction Machinery\" \/>\n<meta property=\"og:description\" content=\"HQ-C400A diesel concrete cutter delivers deep, stable cutting performance with improved frame and cooling system. Built for road repairs, industrial flooring, and trenching.\" \/>\n<meta property=\"og:url\" content=\"https:\/\/www.hsymachinery.com\/sk\/produkt\/freza-na-beton-hq-c400a\/\" \/>\n<meta property=\"og:site_name\" content=\"HSY Construction Machinery\" \/>\n<meta property=\"article:modified_time\" content=\"2025-06-28T13:03:53+00:00\" \/>\n<meta property=\"og:image\" content=\"https:\/\/www.hsymachinery.com\/wp-content\/uploads\/2025\/06\/Concrete-Cutter-HQ-C400A.jpg\" \/>\n\t<meta property=\"og:image:width\" content=\"600\" \/>\n\t<meta property=\"og:image:height\" content=\"600\" \/>\n\t<meta property=\"og:image:type\" content=\"image\/jpeg\" \/>\n<meta name=\"twitter:card\" content=\"summary_large_image\" \/>\n<meta name=\"twitter:label1\" content=\"Predpokladan\u00fd \u010das \u010d\u00edtania\" \/>\n\t<meta name=\"twitter:data1\" content=\"2 min\u00faty\" \/>\n<script type=\"application\/ld+json\" class=\"yoast-schema-graph\">{\"@context\":\"https:\/\/schema.org\",\"@graph\":[{\"@type\":\"WebPage\",\"@id\":\"https:\/\/www.hsymachinery.com\/product\/concrete-cutter-hq-c400a\/\",\"url\":\"https:\/\/www.hsymachinery.com\/product\/concrete-cutter-hq-c400a\/\",\"name\":\"Concrete Cutter HQ-C400A - HSY Construction Machinery\",\"isPartOf\":{\"@id\":\"https:\/\/www.hsymachinery.com\/#website\"},\"primaryImageOfPage\":{\"@id\":\"https:\/\/www.hsymachinery.com\/product\/concrete-cutter-hq-c400a\/#primaryimage\"},\"image\":{\"@id\":\"https:\/\/www.hsymachinery.com\/product\/concrete-cutter-hq-c400a\/#primaryimage\"},\"thumbnailUrl\":\"https:\/\/www.hsymachinery.com\/wp-content\/uploads\/2025\/06\/Concrete-Cutter-HQ-C400A.jpg\",\"datePublished\":\"2025-06-18T10:03:14+00:00\",\"dateModified\":\"2025-06-28T13:03:53+00:00\",\"description\":\"HQ-C400A diesel concrete cutter delivers deep, stable cutting performance with improved frame and cooling system. Built for road repairs, industrial flooring, and trenching.\",\"breadcrumb\":{\"@id\":\"https:\/\/www.hsymachinery.com\/product\/concrete-cutter-hq-c400a\/#breadcrumb\"},\"inLanguage\":\"sk-SK\",\"potentialAction\":[{\"@type\":\"ReadAction\",\"target\":[\"https:\/\/www.hsymachinery.com\/product\/concrete-cutter-hq-c400a\/\"]}]},{\"@type\":\"ImageObject\",\"inLanguage\":\"sk-SK\",\"@id\":\"https:\/\/www.hsymachinery.com\/product\/concrete-cutter-hq-c400a\/#primaryimage\",\"url\":\"https:\/\/www.hsymachinery.com\/wp-content\/uploads\/2025\/06\/Concrete-Cutter-HQ-C400A.jpg\",\"contentUrl\":\"https:\/\/www.hsymachinery.com\/wp-content\/uploads\/2025\/06\/Concrete-Cutter-HQ-C400A.jpg\",\"width\":600,\"height\":600},{\"@type\":\"BreadcrumbList\",\"@id\":\"https:\/\/www.hsymachinery.com\/product\/concrete-cutter-hq-c400a\/#breadcrumb\",\"itemListElement\":[{\"@type\":\"ListItem\",\"position\":1,\"name\":\"home\",\"item\":\"https:\/\/www.hsymachinery.com\/\"},{\"@type\":\"ListItem\",\"position\":2,\"name\":\"products\",\"item\":\"https:\/\/www.hsymachinery.com\/products\/\"},{\"@type\":\"ListItem\",\"position\":3,\"name\":\"Concrete Cutter HQ-C400A\"}]},{\"@type\":\"WebSite\",\"@id\":\"https:\/\/www.hsymachinery.com\/#website\",\"url\":\"https:\/\/www.hsymachinery.com\/\",\"name\":\"HSY Construction Machinery\",\"description\":\"HSY Machinery \u2013 A leading China construction machinery supplier, offering a wide range of light construction equipment. Our main products include Rebar Cutting Machine, Rebar Bending Machine, Rebar Stirrup Bending Machine, Rebar Arc Bending Machine, Rebar Straightening Machine, Five-Head Rebar Stirrup Bending Machine, Tamping Rammer, Plate Compactor, Concrete Cutter, Power Trowel, and other construction machinery. We are equipped with advanced CNC machines, and we enforce strict quality inspection standards along with comprehensive after-sales service. If you are interested in our products or services, we warmly welcome your inquiries via message.\",\"publisher\":{\"@id\":\"https:\/\/www.hsymachinery.com\/#organization\"},\"potentialAction\":[{\"@type\":\"SearchAction\",\"target\":{\"@type\":\"EntryPoint\",\"urlTemplate\":\"https:\/\/www.hsymachinery.com\/?s={search_term_string}\"},\"query-input\":{\"@type\":\"PropertyValueSpecification\",\"valueRequired\":true,\"valueName\":\"search_term_string\"}}],\"inLanguage\":\"sk-SK\"},{\"@type\":\"Organization\",\"@id\":\"https:\/\/www.hsymachinery.com\/#organization\",\"name\":\"HSY Construction Machinery\",\"url\":\"https:\/\/www.hsymachinery.com\/\",\"logo\":{\"@type\":\"ImageObject\",\"inLanguage\":\"sk-SK\",\"@id\":\"https:\/\/www.hsymachinery.com\/#\/schema\/logo\/image\/\",\"url\":\"https:\/\/www.hsymachinery.com\/wp-content\/uploads\/2025\/06\/cropped-HSY-machinery.png\",\"contentUrl\":\"https:\/\/www.hsymachinery.com\/wp-content\/uploads\/2025\/06\/cropped-HSY-machinery.png\",\"width\":600,\"height\":240,\"caption\":\"HSY Construction Machinery\"},\"image\":{\"@id\":\"https:\/\/www.hsymachinery.com\/#\/schema\/logo\/image\/\"}}]}<\/script>\n<!-- \/ Yoast SEO plugin. -->","yoast_head_json":{"title":"Fr\u00e9za na bet\u00f3n HQ-C400A - Stavebn\u00e9 stroje HSY","description":"Dieselov\u00e1 fr\u00e9za na bet\u00f3n HQ-C400A poskytuje hlbok\u00fd a stabiln\u00fd rezn\u00fd v\u00fdkon s vylep\u0161en\u00fdm r\u00e1mom a chladiacim syst\u00e9mom. Skon\u0161truovan\u00e1 na opravy ciest, priemyseln\u00e9 podlahy a v\u00fdkopy.","robots":{"index":"index","follow":"follow","max-snippet":"max-snippet:-1","max-image-preview":"max-image-preview:large","max-video-preview":"max-video-preview:-1"},"canonical":"https:\/\/www.hsymachinery.com\/sk\/produkt\/freza-na-beton-hq-c400a\/","og_locale":"sk_SK","og_type":"article","og_title":"Concrete Cutter HQ-C400A - HSY Construction Machinery","og_description":"HQ-C400A diesel concrete cutter delivers deep, stable cutting performance with improved frame and cooling system. Built for road repairs, industrial flooring, and trenching.","og_url":"https:\/\/www.hsymachinery.com\/sk\/produkt\/freza-na-beton-hq-c400a\/","og_site_name":"HSY Construction Machinery","article_modified_time":"2025-06-28T13:03:53+00:00","og_image":[{"width":600,"height":600,"url":"https:\/\/www.hsymachinery.com\/wp-content\/uploads\/2025\/06\/Concrete-Cutter-HQ-C400A.jpg","type":"image\/jpeg"}],"twitter_card":"summary_large_image","twitter_misc":{"Predpokladan\u00fd \u010das \u010d\u00edtania":"2 min\u00faty"},"schema":{"@context":"https:\/\/schema.org","@graph":[{"@type":"WebPage","@id":"https:\/\/www.hsymachinery.com\/product\/concrete-cutter-hq-c400a\/","url":"https:\/\/www.hsymachinery.com\/product\/concrete-cutter-hq-c400a\/","name":"Fr\u00e9za na bet\u00f3n HQ-C400A - Stavebn\u00e9 stroje HSY","isPartOf":{"@id":"https:\/\/www.hsymachinery.com\/#website"},"primaryImageOfPage":{"@id":"https:\/\/www.hsymachinery.com\/product\/concrete-cutter-hq-c400a\/#primaryimage"},"image":{"@id":"https:\/\/www.hsymachinery.com\/product\/concrete-cutter-hq-c400a\/#primaryimage"},"thumbnailUrl":"https:\/\/www.hsymachinery.com\/wp-content\/uploads\/2025\/06\/Concrete-Cutter-HQ-C400A.jpg","datePublished":"2025-06-18T10:03:14+00:00","dateModified":"2025-06-28T13:03:53+00:00","description":"Dieselov\u00e1 fr\u00e9za na bet\u00f3n HQ-C400A poskytuje hlbok\u00fd a stabiln\u00fd rezn\u00fd v\u00fdkon s vylep\u0161en\u00fdm r\u00e1mom a chladiacim syst\u00e9mom. Skon\u0161truovan\u00e1 na opravy ciest, priemyseln\u00e9 podlahy a v\u00fdkopy.","breadcrumb":{"@id":"https:\/\/www.hsymachinery.com\/product\/concrete-cutter-hq-c400a\/#breadcrumb"},"inLanguage":"sk-SK","potentialAction":[{"@type":"ReadAction","target":["https:\/\/www.hsymachinery.com\/product\/concrete-cutter-hq-c400a\/"]}]},{"@type":"ImageObject","inLanguage":"sk-SK","@id":"https:\/\/www.hsymachinery.com\/product\/concrete-cutter-hq-c400a\/#primaryimage","url":"https:\/\/www.hsymachinery.com\/wp-content\/uploads\/2025\/06\/Concrete-Cutter-HQ-C400A.jpg","contentUrl":"https:\/\/www.hsymachinery.com\/wp-content\/uploads\/2025\/06\/Concrete-Cutter-HQ-C400A.jpg","width":600,"height":600},{"@type":"BreadcrumbList","@id":"https:\/\/www.hsymachinery.com\/product\/concrete-cutter-hq-c400a\/#breadcrumb","itemListElement":[{"@type":"ListItem","position":1,"name":"home","item":"https:\/\/www.hsymachinery.com\/"},{"@type":"ListItem","position":2,"name":"products","item":"https:\/\/www.hsymachinery.com\/products\/"},{"@type":"ListItem","position":3,"name":"Concrete Cutter HQ-C400A"}]},{"@type":"WebSite","@id":"https:\/\/www.hsymachinery.com\/#website","url":"https:\/\/www.hsymachinery.com\/","name":"Stavebn\u00e9 stroje HSY","description":"HSY Machinery - popredn\u00fd dod\u00e1vate\u013e stavebn\u00fdch strojov v \u010c\u00edne, ktor\u00fd pon\u00faka \u0161irok\u00fd sortiment \u013eahk\u00fdch stavebn\u00fdch strojov. Medzi na\u0161e hlavn\u00e9 produkty patr\u00ed stroj na rezanie ty\u010d\u00ed, stroj na oh\u00fdbanie ty\u010d\u00ed, stroj na oh\u00fdbanie ty\u010d\u00ed, stroj na oh\u00fdbanie obl\u00fakov ty\u010d\u00ed, stroj na rovnanie ty\u010d\u00ed, p\u00e4\u0165hlav\u0148ov\u00fd stroj na oh\u00fdbanie ty\u010d\u00ed, podb\u00edja\u010dka, zhut\u0148ova\u010d dosiek, fr\u00e9za na bet\u00f3n, elektrick\u00e1 stierka a \u010fal\u0161ie stavebn\u00e9 stroje. Sme vybaven\u00ed modern\u00fdmi CNC strojmi a presadzujeme pr\u00edsne normy kontroly kvality spolu s komplexn\u00fdm popredajn\u00fdm servisom. Ak m\u00e1te z\u00e1ujem o na\u0161e v\u00fdrobky alebo slu\u017eby, srde\u010dne priv\u00edtame va\u0161e ot\u00e1zky prostredn\u00edctvom spr\u00e1vy.","publisher":{"@id":"https:\/\/www.hsymachinery.com\/#organization"},"potentialAction":[{"@type":"SearchAction","target":{"@type":"EntryPoint","urlTemplate":"https:\/\/www.hsymachinery.com\/?s={search_term_string}"},"query-input":{"@type":"PropertyValueSpecification","valueRequired":true,"valueName":"search_term_string"}}],"inLanguage":"sk-SK"},{"@type":"Organization","@id":"https:\/\/www.hsymachinery.com\/#organization","name":"Stavebn\u00e9 stroje HSY","url":"https:\/\/www.hsymachinery.com\/","logo":{"@type":"ImageObject","inLanguage":"sk-SK","@id":"https:\/\/www.hsymachinery.com\/#\/schema\/logo\/image\/","url":"https:\/\/www.hsymachinery.com\/wp-content\/uploads\/2025\/06\/cropped-HSY-machinery.png","contentUrl":"https:\/\/www.hsymachinery.com\/wp-content\/uploads\/2025\/06\/cropped-HSY-machinery.png","width":600,"height":240,"caption":"HSY Construction Machinery"},"image":{"@id":"https:\/\/www.hsymachinery.com\/#\/schema\/logo\/image\/"}}]}},"_links":{"self":[{"href":"https:\/\/www.hsymachinery.com\/sk\/wp-json\/wp\/v2\/product\/9145","targetHints":{"allow":["GET"]}}],"collection":[{"href":"https:\/\/www.hsymachinery.com\/sk\/wp-json\/wp\/v2\/product"}],"about":[{"href":"https:\/\/www.hsymachinery.com\/sk\/wp-json\/wp\/v2\/types\/product"}],"version-history":[{"count":3,"href":"https:\/\/www.hsymachinery.com\/sk\/wp-json\/wp\/v2\/product\/9145\/revisions"}],"predecessor-version":[{"id":9561,"href":"https:\/\/www.hsymachinery.com\/sk\/wp-json\/wp\/v2\/product\/9145\/revisions\/9561"}],"wp:featuredmedia":[{"embeddable":true,"href":"https:\/\/www.hsymachinery.com\/sk\/wp-json\/wp\/v2\/media\/9146"}],"wp:attachment":[{"href":"https:\/\/www.hsymachinery.com\/sk\/wp-json\/wp\/v2\/media?parent=9145"}],"wp:term":[{"taxonomy":"product_brand","embeddable":true,"href":"https:\/\/www.hsymachinery.com\/sk\/wp-json\/wp\/v2\/product_brand?post=9145"},{"taxonomy":"product_cat","embeddable":true,"href":"https:\/\/www.hsymachinery.com\/sk\/wp-json\/wp\/v2\/product_cat?post=9145"},{"taxonomy":"product_tag","embeddable":true,"href":"https:\/\/www.hsymachinery.com\/sk\/wp-json\/wp\/v2\/product_tag?post=9145"}],"curies":[{"name":"wp","href":"https:\/\/api.w.org\/{rel}","templated":true}]}}