{"id":9139,"date":"2025-06-18T18:00:19","date_gmt":"2025-06-18T10:00:19","guid":{"rendered":"https:\/\/www.hsymachinery.com\/?post_type=product&#038;p=9139"},"modified":"2025-06-28T20:46:32","modified_gmt":"2025-06-28T12:46:32","slug":"freza-na-beton-hq-l400a","status":"publish","type":"product","link":"https:\/\/www.hsymachinery.com\/sk\/produkt\/freza-na-beton-hq-l400a\/","title":{"rendered":"Fr\u00e9za na bet\u00f3n HQ-L400A"},"content":{"rendered":"<h2 data-start=\"91\" data-end=\"123\">Fr\u00e9za na bet\u00f3n HQ-L400A<\/h2>\n<h3 data-start=\"124\" data-end=\"235\">HQ-L400A Longxin Benz\u00ednov\u00e1 fr\u00e9za na bet\u00f3n | Modernizovan\u00e1 p\u00edla na bet\u00f3n pre projekty rezania ciest, mostov a podl\u00e1h<\/h3>\n<h3 data-start=\"242\" data-end=\"332\">Popis produktu - Vylep\u0161en\u00e1 \u017eivotnos\u0165 a \u00fa\u010dinnos\u0165 rezania s motorom Longxin<a href=\"https:\/\/www.hsymachinery.com\/sk\/produkty\/freza-na-beton\/\" target=\"_blank\" rel=\"noopener\"><img fetchpriority=\"high\" decoding=\"async\" class=\"wp-image-9548 alignright\" src=\"https:\/\/www.hsymachinery.com\/wp-content\/uploads\/2025\/06\/Floor-Saw-Machine-146x300.jpg\" alt=\"\" width=\"450\" height=\"925\" srcset=\"https:\/\/www.hsymachinery.com\/wp-content\/uploads\/2025\/06\/Floor-Saw-Machine-146x300.jpg 146w, https:\/\/www.hsymachinery.com\/wp-content\/uploads\/2025\/06\/Floor-Saw-Machine-768x1581.jpg 768w, https:\/\/www.hsymachinery.com\/wp-content\/uploads\/2025\/06\/Floor-Saw-Machine-600x1235.jpg 600w, https:\/\/www.hsymachinery.com\/wp-content\/uploads\/2025\/06\/Floor-Saw-Machine.jpg 800w\" sizes=\"(max-width: 450px) 100vw, 450px\" \/><\/a><\/h3>\n<p data-start=\"334\" data-end=\"724\">Str\u00e1nka <strong data-start=\"338\" data-end=\"366\">Fr\u00e9za na bet\u00f3n HQ-L400A<\/strong> je vylep\u0161enou verziou modelu HQ-L400, poh\u00e1\u0148anou benz\u00ednov\u00fdm motorom Longxin a ur\u010denou na \u0165a\u017e\u0161ie rezacie \u00falohy. V\u010faka zv\u00fd\u0161enej stabilite, zosilnen\u00e9mu r\u00e1mu a vylep\u0161en\u00e9mu ovl\u00e1daniu h\u013abky rezu poskytuje tento model vynikaj\u00faci v\u00fdkon pri rezan\u00ed cestn\u00fdch povrchov, rezan\u00ed dilata\u010dn\u00fdch \u0161k\u00e1r na podlah\u00e1ch a spracovan\u00ed mostoviek.<\/p>\n<p data-start=\"726\" data-end=\"897\">T\u00e1to fr\u00e9za kombinuje siln\u00fd kr\u00fatiaci moment s dokonalou man\u00e9vrovate\u013enos\u0165ou, v\u010faka \u010domu m\u00e1 obsluha lep\u0161iu kontrolu aj pri hlbok\u00fdch, nepretr\u017eit\u00fdch rezoch na tvrd\u00fdch bet\u00f3nov\u00fdch alebo asfaltov\u00fdch povrchoch.<\/p>\n<h3 data-start=\"904\" data-end=\"950\">K\u013e\u00fa\u010dov\u00e9 funkcie a v\u00fdhody v\u00fdkonu<\/h3>\n<ul data-start=\"952\" data-end=\"1312\">\n<li data-start=\"952\" data-end=\"1012\">\n<p data-start=\"954\" data-end=\"1012\">Vybaven\u00fd vysokov\u00fdkonn\u00fdm benz\u00ednov\u00fdm motorom Longxin<\/p>\n<\/li>\n<li data-start=\"1013\" data-end=\"1076\">\n<p data-start=\"1015\" data-end=\"1076\">Vylep\u0161en\u00fd podvozok a tlmenie vibr\u00e1ci\u00ed pre stabiln\u00fa prev\u00e1dzku<\/p>\n<\/li>\n<li data-start=\"1077\" data-end=\"1122\">\n<p data-start=\"1079\" data-end=\"1122\">Presn\u00fd syst\u00e9m nastavenia h\u013abky rezu<\/p>\n<\/li>\n<li data-start=\"1123\" data-end=\"1190\">\n<p data-start=\"1125\" data-end=\"1190\">Vhodn\u00e9 na s\u00favisl\u00e9 rezy do bet\u00f3nu, asfaltu a dla\u017eby<\/p>\n<\/li>\n<li data-start=\"1191\" data-end=\"1252\">\n<p data-start=\"1193\" data-end=\"1252\">\u0164a\u017ek\u00e9 oce\u013eov\u00e9 telo odol\u00e1va intenz\u00edvnym podmienkam v ter\u00e9ne<\/p>\n<\/li>\n<li data-start=\"1253\" data-end=\"1312\">\n<p data-start=\"1255\" data-end=\"1312\">Kompaktn\u00e9 a ergonomick\u00e9 pre plynulej\u0161ie vedenie a ovl\u00e1danie<\/p>\n<\/li>\n<\/ul>\n<h3 data-start=\"1319\" data-end=\"1396\">Spo\u013eahlivos\u0165 pre mestsk\u00e9 cesty, stavenisk\u00e1 a moderniz\u00e1ciu infra\u0161trukt\u00fary<\/h3>\n<p data-start=\"1398\" data-end=\"1673\">HQ-L400A vynik\u00e1 v profesion\u00e1lnom prostred\u00ed, od \u00fadr\u017eby obecn\u00fdch ciest a\u017e po obnovu povrchu parkov\u00edsk a renov\u00e1ciu komer\u010dn\u00fdch dosiek. V\u010faka pred\u013a\u017een\u00e9mu \u010dasu prev\u00e1dzky a robustnej kon\u0161trukcii je preferovanou vo\u013ebou pre dlh\u00e9 zmeny a n\u00e1ro\u010dn\u00e9 rezn\u00e9 vzory.<\/p>\n<p data-start=\"1675\" data-end=\"1817\">Tento stroj zais\u0165uje v\u017edy \u010dist\u00e9, rovn\u00e9 a bezpe\u010dn\u00e9 rezy, \u010di u\u017e ide o rezanie dilata\u010dn\u00fdch \u0161k\u00e1r, kanaliza\u010dn\u00fdch v\u00fdkopov alebo in\u017einierskych siet\u00ed.<\/p>\n<p><iframe title=\"fr\u00e9za na bet\u00f3n, rezanie bet\u00f3nu, motorov\u00e1 fr\u00e9za, fr\u00e9za na bet\u00f3n\" width=\"720\" height=\"405\" src=\"https:\/\/www.youtube.com\/embed\/egJcI18gCcg?feature=oembed\" frameborder=\"0\" allow=\"accelerometer; autoplay; clipboard-write; encrypted-media; gyroscope; picture-in-picture; web-share\" referrerpolicy=\"strict-origin-when-cross-origin\" allowfullscreen><\/iframe><\/p>","protected":false},"excerpt":{"rendered":"<p>Fr\u00e9za na bet\u00f3n HQ-L400A Longxin m\u00e1 vylep\u0161en\u00fa kontrolu h\u013abky a stabilitu, je ide\u00e1lna na \u0165a\u017ek\u00fa pr\u00e1cu pri rezan\u00ed bet\u00f3nu, ciest a dilata\u010dn\u00fdch \u0161k\u00e1r.<\/p>","protected":false},"featured_media":9140,"template":"","meta":{"_kad_post_transparent":"default","_kad_post_title":"","_kad_post_layout":"default","_kad_post_sidebar_id":"","_kad_post_content_style":"default","_kad_post_vertical_padding":"default","_kad_post_feature":"","_kad_post_feature_position":"","_kad_post_header":false,"_kad_post_footer":false},"product_brand":[],"product_cat":[57],"product_tag":[1073,1071,1080,1076,1078,1074,1077,1079,1072,1075],"class_list":{"0":"post-9139","1":"product","2":"type-product","3":"status-publish","4":"has-post-thumbnail","6":"product_cat-concrete-cutter","7":"product_tag-asphalt-cutter","8":"product_tag-concrete-cutting-machine","9":"product_tag-concrete-groove-cutting-machine","10":"product_tag-diesel-concrete-cutter","11":"product_tag-electric-concrete-cutter","12":"product_tag-floor-saw-machine","13":"product_tag-gasoline-concrete-cutter","14":"product_tag-pavement-cutter-machine","15":"product_tag-road-cutting-machine","16":"product_tag-walk-behind-concrete-cutter","18":"first","19":"instock","20":"shipping-taxable","21":"product-type-simple","22":"entry","23":"content-bg","24":"loop-entry"},"yoast_head":"<!-- This site is optimized with the Yoast SEO plugin v25.3.1 - https:\/\/yoast.com\/wordpress\/plugins\/seo\/ -->\n<title>Concrete Cutter HQ-L400A - HSY Construction Machinery<\/title>\n<meta name=\"description\" content=\"HQ-L400A Longxin concrete cutter offers deep, precise cuts with upgraded stability for roads, bridge decks, and floor joints. Reliable for tough construction projects.\" \/>\n<meta name=\"robots\" content=\"index, follow, max-snippet:-1, max-image-preview:large, max-video-preview:-1\" \/>\n<link rel=\"canonical\" href=\"https:\/\/www.hsymachinery.com\/sk\/produkt\/freza-na-beton-hq-l400a\/\" \/>\n<meta property=\"og:locale\" content=\"sk_SK\" \/>\n<meta property=\"og:type\" content=\"article\" \/>\n<meta property=\"og:title\" content=\"Concrete Cutter HQ-L400A - HSY Construction Machinery\" \/>\n<meta property=\"og:description\" content=\"HQ-L400A Longxin concrete cutter offers deep, precise cuts with upgraded stability for roads, bridge decks, and floor joints. Reliable for tough construction projects.\" \/>\n<meta property=\"og:url\" content=\"https:\/\/www.hsymachinery.com\/sk\/produkt\/freza-na-beton-hq-l400a\/\" \/>\n<meta property=\"og:site_name\" content=\"HSY Construction Machinery\" \/>\n<meta property=\"article:modified_time\" content=\"2025-06-28T12:46:32+00:00\" \/>\n<meta property=\"og:image\" content=\"https:\/\/www.hsymachinery.com\/wp-content\/uploads\/2025\/06\/Concrete-Cutter-HQ-L400A.jpg\" \/>\n\t<meta property=\"og:image:width\" content=\"600\" \/>\n\t<meta property=\"og:image:height\" content=\"600\" \/>\n\t<meta property=\"og:image:type\" content=\"image\/jpeg\" \/>\n<meta name=\"twitter:card\" content=\"summary_large_image\" \/>\n<meta name=\"twitter:label1\" content=\"Predpokladan\u00fd \u010das \u010d\u00edtania\" \/>\n\t<meta name=\"twitter:data1\" content=\"2 min\u00faty\" \/>\n<script type=\"application\/ld+json\" class=\"yoast-schema-graph\">{\"@context\":\"https:\/\/schema.org\",\"@graph\":[{\"@type\":\"WebPage\",\"@id\":\"https:\/\/www.hsymachinery.com\/product\/concrete-cutter-hq-l400a\/\",\"url\":\"https:\/\/www.hsymachinery.com\/product\/concrete-cutter-hq-l400a\/\",\"name\":\"Concrete Cutter HQ-L400A - HSY Construction Machinery\",\"isPartOf\":{\"@id\":\"https:\/\/www.hsymachinery.com\/#website\"},\"primaryImageOfPage\":{\"@id\":\"https:\/\/www.hsymachinery.com\/product\/concrete-cutter-hq-l400a\/#primaryimage\"},\"image\":{\"@id\":\"https:\/\/www.hsymachinery.com\/product\/concrete-cutter-hq-l400a\/#primaryimage\"},\"thumbnailUrl\":\"https:\/\/www.hsymachinery.com\/wp-content\/uploads\/2025\/06\/Concrete-Cutter-HQ-L400A.jpg\",\"datePublished\":\"2025-06-18T10:00:19+00:00\",\"dateModified\":\"2025-06-28T12:46:32+00:00\",\"description\":\"HQ-L400A Longxin concrete cutter offers deep, precise cuts with upgraded stability for roads, bridge decks, and floor joints. Reliable for tough construction projects.\",\"breadcrumb\":{\"@id\":\"https:\/\/www.hsymachinery.com\/product\/concrete-cutter-hq-l400a\/#breadcrumb\"},\"inLanguage\":\"sk-SK\",\"potentialAction\":[{\"@type\":\"ReadAction\",\"target\":[\"https:\/\/www.hsymachinery.com\/product\/concrete-cutter-hq-l400a\/\"]}]},{\"@type\":\"ImageObject\",\"inLanguage\":\"sk-SK\",\"@id\":\"https:\/\/www.hsymachinery.com\/product\/concrete-cutter-hq-l400a\/#primaryimage\",\"url\":\"https:\/\/www.hsymachinery.com\/wp-content\/uploads\/2025\/06\/Concrete-Cutter-HQ-L400A.jpg\",\"contentUrl\":\"https:\/\/www.hsymachinery.com\/wp-content\/uploads\/2025\/06\/Concrete-Cutter-HQ-L400A.jpg\",\"width\":600,\"height\":600},{\"@type\":\"BreadcrumbList\",\"@id\":\"https:\/\/www.hsymachinery.com\/product\/concrete-cutter-hq-l400a\/#breadcrumb\",\"itemListElement\":[{\"@type\":\"ListItem\",\"position\":1,\"name\":\"home\",\"item\":\"https:\/\/www.hsymachinery.com\/\"},{\"@type\":\"ListItem\",\"position\":2,\"name\":\"products\",\"item\":\"https:\/\/www.hsymachinery.com\/products\/\"},{\"@type\":\"ListItem\",\"position\":3,\"name\":\"Concrete Cutter HQ-L400A\"}]},{\"@type\":\"WebSite\",\"@id\":\"https:\/\/www.hsymachinery.com\/#website\",\"url\":\"https:\/\/www.hsymachinery.com\/\",\"name\":\"HSY Construction Machinery\",\"description\":\"HSY Machinery \u2013 A leading China construction machinery supplier, offering a wide range of light construction equipment. Our main products include Rebar Cutting Machine, Rebar Bending Machine, Rebar Stirrup Bending Machine, Rebar Arc Bending Machine, Rebar Straightening Machine, Five-Head Rebar Stirrup Bending Machine, Tamping Rammer, Plate Compactor, Concrete Cutter, Power Trowel, and other construction machinery. We are equipped with advanced CNC machines, and we enforce strict quality inspection standards along with comprehensive after-sales service. If you are interested in our products or services, we warmly welcome your inquiries via message.\",\"publisher\":{\"@id\":\"https:\/\/www.hsymachinery.com\/#organization\"},\"potentialAction\":[{\"@type\":\"SearchAction\",\"target\":{\"@type\":\"EntryPoint\",\"urlTemplate\":\"https:\/\/www.hsymachinery.com\/?s={search_term_string}\"},\"query-input\":{\"@type\":\"PropertyValueSpecification\",\"valueRequired\":true,\"valueName\":\"search_term_string\"}}],\"inLanguage\":\"sk-SK\"},{\"@type\":\"Organization\",\"@id\":\"https:\/\/www.hsymachinery.com\/#organization\",\"name\":\"HSY Construction Machinery\",\"url\":\"https:\/\/www.hsymachinery.com\/\",\"logo\":{\"@type\":\"ImageObject\",\"inLanguage\":\"sk-SK\",\"@id\":\"https:\/\/www.hsymachinery.com\/#\/schema\/logo\/image\/\",\"url\":\"https:\/\/www.hsymachinery.com\/wp-content\/uploads\/2025\/06\/cropped-HSY-machinery.png\",\"contentUrl\":\"https:\/\/www.hsymachinery.com\/wp-content\/uploads\/2025\/06\/cropped-HSY-machinery.png\",\"width\":600,\"height\":240,\"caption\":\"HSY Construction Machinery\"},\"image\":{\"@id\":\"https:\/\/www.hsymachinery.com\/#\/schema\/logo\/image\/\"}}]}<\/script>\n<!-- \/ Yoast SEO plugin. -->","yoast_head_json":{"title":"Fr\u00e9za na bet\u00f3n HQ-L400A - Stavebn\u00e9 stroje HSY","description":"Fr\u00e9za na bet\u00f3n HQ-L400A Longxin pon\u00faka hlbok\u00e9 a presn\u00e9 rezy s vylep\u0161enou stabilitou pre cesty, mostn\u00e9 paluby a podlahov\u00e9 \u0161k\u00e1ry. Spo\u013eahliv\u00e1 pre n\u00e1ro\u010dn\u00e9 stavebn\u00e9 projekty.","robots":{"index":"index","follow":"follow","max-snippet":"max-snippet:-1","max-image-preview":"max-image-preview:large","max-video-preview":"max-video-preview:-1"},"canonical":"https:\/\/www.hsymachinery.com\/sk\/produkt\/freza-na-beton-hq-l400a\/","og_locale":"sk_SK","og_type":"article","og_title":"Concrete Cutter HQ-L400A - HSY Construction Machinery","og_description":"HQ-L400A Longxin concrete cutter offers deep, precise cuts with upgraded stability for roads, bridge decks, and floor joints. Reliable for tough construction projects.","og_url":"https:\/\/www.hsymachinery.com\/sk\/produkt\/freza-na-beton-hq-l400a\/","og_site_name":"HSY Construction Machinery","article_modified_time":"2025-06-28T12:46:32+00:00","og_image":[{"width":600,"height":600,"url":"https:\/\/www.hsymachinery.com\/wp-content\/uploads\/2025\/06\/Concrete-Cutter-HQ-L400A.jpg","type":"image\/jpeg"}],"twitter_card":"summary_large_image","twitter_misc":{"Predpokladan\u00fd \u010das \u010d\u00edtania":"2 min\u00faty"},"schema":{"@context":"https:\/\/schema.org","@graph":[{"@type":"WebPage","@id":"https:\/\/www.hsymachinery.com\/product\/concrete-cutter-hq-l400a\/","url":"https:\/\/www.hsymachinery.com\/product\/concrete-cutter-hq-l400a\/","name":"Fr\u00e9za na bet\u00f3n HQ-L400A - Stavebn\u00e9 stroje HSY","isPartOf":{"@id":"https:\/\/www.hsymachinery.com\/#website"},"primaryImageOfPage":{"@id":"https:\/\/www.hsymachinery.com\/product\/concrete-cutter-hq-l400a\/#primaryimage"},"image":{"@id":"https:\/\/www.hsymachinery.com\/product\/concrete-cutter-hq-l400a\/#primaryimage"},"thumbnailUrl":"https:\/\/www.hsymachinery.com\/wp-content\/uploads\/2025\/06\/Concrete-Cutter-HQ-L400A.jpg","datePublished":"2025-06-18T10:00:19+00:00","dateModified":"2025-06-28T12:46:32+00:00","description":"Fr\u00e9za na bet\u00f3n HQ-L400A Longxin pon\u00faka hlbok\u00e9 a presn\u00e9 rezy s vylep\u0161enou stabilitou pre cesty, mostn\u00e9 paluby a podlahov\u00e9 \u0161k\u00e1ry. Spo\u013eahliv\u00e1 pre n\u00e1ro\u010dn\u00e9 stavebn\u00e9 projekty.","breadcrumb":{"@id":"https:\/\/www.hsymachinery.com\/product\/concrete-cutter-hq-l400a\/#breadcrumb"},"inLanguage":"sk-SK","potentialAction":[{"@type":"ReadAction","target":["https:\/\/www.hsymachinery.com\/product\/concrete-cutter-hq-l400a\/"]}]},{"@type":"ImageObject","inLanguage":"sk-SK","@id":"https:\/\/www.hsymachinery.com\/product\/concrete-cutter-hq-l400a\/#primaryimage","url":"https:\/\/www.hsymachinery.com\/wp-content\/uploads\/2025\/06\/Concrete-Cutter-HQ-L400A.jpg","contentUrl":"https:\/\/www.hsymachinery.com\/wp-content\/uploads\/2025\/06\/Concrete-Cutter-HQ-L400A.jpg","width":600,"height":600},{"@type":"BreadcrumbList","@id":"https:\/\/www.hsymachinery.com\/product\/concrete-cutter-hq-l400a\/#breadcrumb","itemListElement":[{"@type":"ListItem","position":1,"name":"home","item":"https:\/\/www.hsymachinery.com\/"},{"@type":"ListItem","position":2,"name":"products","item":"https:\/\/www.hsymachinery.com\/products\/"},{"@type":"ListItem","position":3,"name":"Concrete Cutter HQ-L400A"}]},{"@type":"WebSite","@id":"https:\/\/www.hsymachinery.com\/#website","url":"https:\/\/www.hsymachinery.com\/","name":"Stavebn\u00e9 stroje HSY","description":"HSY Machinery - popredn\u00fd dod\u00e1vate\u013e stavebn\u00fdch strojov v \u010c\u00edne, ktor\u00fd pon\u00faka \u0161irok\u00fd sortiment \u013eahk\u00fdch stavebn\u00fdch strojov. Medzi na\u0161e hlavn\u00e9 produkty patr\u00ed stroj na rezanie ty\u010d\u00ed, stroj na oh\u00fdbanie ty\u010d\u00ed, stroj na oh\u00fdbanie ty\u010d\u00ed, stroj na oh\u00fdbanie obl\u00fakov ty\u010d\u00ed, stroj na rovnanie ty\u010d\u00ed, p\u00e4\u0165hlav\u0148ov\u00fd stroj na oh\u00fdbanie ty\u010d\u00ed, podb\u00edja\u010dka, zhut\u0148ova\u010d dosiek, fr\u00e9za na bet\u00f3n, elektrick\u00e1 stierka a \u010fal\u0161ie stavebn\u00e9 stroje. Sme vybaven\u00ed modern\u00fdmi CNC strojmi a presadzujeme pr\u00edsne normy kontroly kvality spolu s komplexn\u00fdm popredajn\u00fdm servisom. Ak m\u00e1te z\u00e1ujem o na\u0161e v\u00fdrobky alebo slu\u017eby, srde\u010dne priv\u00edtame va\u0161e ot\u00e1zky prostredn\u00edctvom spr\u00e1vy.","publisher":{"@id":"https:\/\/www.hsymachinery.com\/#organization"},"potentialAction":[{"@type":"SearchAction","target":{"@type":"EntryPoint","urlTemplate":"https:\/\/www.hsymachinery.com\/?s={search_term_string}"},"query-input":{"@type":"PropertyValueSpecification","valueRequired":true,"valueName":"search_term_string"}}],"inLanguage":"sk-SK"},{"@type":"Organization","@id":"https:\/\/www.hsymachinery.com\/#organization","name":"Stavebn\u00e9 stroje HSY","url":"https:\/\/www.hsymachinery.com\/","logo":{"@type":"ImageObject","inLanguage":"sk-SK","@id":"https:\/\/www.hsymachinery.com\/#\/schema\/logo\/image\/","url":"https:\/\/www.hsymachinery.com\/wp-content\/uploads\/2025\/06\/cropped-HSY-machinery.png","contentUrl":"https:\/\/www.hsymachinery.com\/wp-content\/uploads\/2025\/06\/cropped-HSY-machinery.png","width":600,"height":240,"caption":"HSY Construction Machinery"},"image":{"@id":"https:\/\/www.hsymachinery.com\/#\/schema\/logo\/image\/"}}]}},"_links":{"self":[{"href":"https:\/\/www.hsymachinery.com\/sk\/wp-json\/wp\/v2\/product\/9139","targetHints":{"allow":["GET"]}}],"collection":[{"href":"https:\/\/www.hsymachinery.com\/sk\/wp-json\/wp\/v2\/product"}],"about":[{"href":"https:\/\/www.hsymachinery.com\/sk\/wp-json\/wp\/v2\/types\/product"}],"version-history":[{"count":3,"href":"https:\/\/www.hsymachinery.com\/sk\/wp-json\/wp\/v2\/product\/9139\/revisions"}],"predecessor-version":[{"id":9554,"href":"https:\/\/www.hsymachinery.com\/sk\/wp-json\/wp\/v2\/product\/9139\/revisions\/9554"}],"wp:featuredmedia":[{"embeddable":true,"href":"https:\/\/www.hsymachinery.com\/sk\/wp-json\/wp\/v2\/media\/9140"}],"wp:attachment":[{"href":"https:\/\/www.hsymachinery.com\/sk\/wp-json\/wp\/v2\/media?parent=9139"}],"wp:term":[{"taxonomy":"product_brand","embeddable":true,"href":"https:\/\/www.hsymachinery.com\/sk\/wp-json\/wp\/v2\/product_brand?post=9139"},{"taxonomy":"product_cat","embeddable":true,"href":"https:\/\/www.hsymachinery.com\/sk\/wp-json\/wp\/v2\/product_cat?post=9139"},{"taxonomy":"product_tag","embeddable":true,"href":"https:\/\/www.hsymachinery.com\/sk\/wp-json\/wp\/v2\/product_tag?post=9139"}],"curies":[{"name":"wp","href":"https:\/\/api.w.org\/{rel}","templated":true}]}}