{"id":9121,"date":"2025-06-18T17:06:02","date_gmt":"2025-06-18T09:06:02","guid":{"rendered":"https:\/\/www.hsymachinery.com\/?post_type=product&#038;p=9121"},"modified":"2025-06-28T20:03:48","modified_gmt":"2025-06-28T12:03:48","slug":"zhutnovac-dosiek-ph-l250a","status":"publish","type":"product","link":"https:\/\/www.hsymachinery.com\/sk\/produkt\/zhutnovac-dosiek-ph-l250a\/","title":{"rendered":"Tanierov\u00fd zhut\u0148ova\u010d PH-L250A"},"content":{"rendered":"<h2 data-start=\"115\" data-end=\"147\">Tanierov\u00fd zhut\u0148ova\u010d PH-L250A<\/h2>\n<h3 data-start=\"148\" data-end=\"274\">PH-L250A Loncin Benz\u00ednov\u00fd zhut\u0148ova\u010d | Modernizovan\u00fd zhut\u0148ova\u010d strednej ve\u013ekosti pre projekty v\u00fdstavby chodn\u00edkov, z\u00e1kladov a asfaltu<\/h3>\n<h3 data-start=\"281\" data-end=\"372\">Preh\u013ead produktu - Vylep\u0161en\u00fd motor a doska Loncin pre zv\u00fd\u0161en\u00e9 zhutnenie<a href=\"https:\/\/www.hsymachinery.com\/sk\/produkty\/zhutnovac-dosiek\/\" target=\"_blank\" rel=\"noopener\"><img fetchpriority=\"high\" decoding=\"async\" class=\"wp-image-9122 alignright\" src=\"https:\/\/www.hsymachinery.com\/wp-content\/uploads\/2025\/06\/Plate-Compactor-PH-L250A-300x300.jpg\" alt=\"\" width=\"461\" height=\"461\" srcset=\"https:\/\/www.hsymachinery.com\/wp-content\/uploads\/2025\/06\/Plate-Compactor-PH-L250A-300x300.jpg 300w, https:\/\/www.hsymachinery.com\/wp-content\/uploads\/2025\/06\/Plate-Compactor-PH-L250A-150x150.jpg 150w, https:\/\/www.hsymachinery.com\/wp-content\/uploads\/2025\/06\/Plate-Compactor-PH-L250A-100x100.jpg 100w, https:\/\/www.hsymachinery.com\/wp-content\/uploads\/2025\/06\/Plate-Compactor-PH-L250A.jpg 600w\" sizes=\"(max-width: 461px) 100vw, 461px\" \/><\/a><\/h3>\n<p data-start=\"374\" data-end=\"751\">Str\u00e1nka <strong data-start=\"378\" data-end=\"406\">Tanierov\u00fd zhut\u0148ova\u010d PH-L250A<\/strong> je vylep\u0161enou verziou \u0161tandardn\u00e9ho modelu PH-L250 so zosilnenou oce\u013eovou doskou a \u00fa\u010dinn\u00fdm \u0161tvortaktn\u00fdm benz\u00ednov\u00fdm motorom Loncin. T\u00e1to vylep\u0161en\u00e1 kon\u0161trukcia poskytuje v\u00e4\u010d\u0161ie pokrytie povrchu, vy\u0161\u0161iu silu n\u00e1razu a lep\u0161iu kontrolu vibr\u00e1ci\u00ed pri pr\u00edprave podkladu ciest, oprav\u00e1ch vozoviek a pr\u00e1cach na z\u00e1kladoch.<\/p>\n<p data-start=\"753\" data-end=\"895\">Tento model je ide\u00e1lny pre dod\u00e1vate\u013eov, ktor\u00ed vy\u017eaduj\u00fa rovnov\u00e1hu medzi v\u00fdkonom a jednoduchou obsluhou, a je ide\u00e1lny pre stredn\u00e9 a\u017e ve\u013ek\u00e9 projekty.<\/p>\n<h3 data-start=\"902\" data-end=\"964\">V\u00fdkonn\u00fd motor, \u0161ir\u0161ia doska a pohodln\u00e1 obsluha<\/h3>\n<p data-start=\"966\" data-end=\"1337\">Motor Loncin modelu PH-L250A pon\u00faka spo\u013eahliv\u00fd \u0161tart, stabiln\u00fd v\u00fdkon a zn\u00ed\u017een\u00fa spotrebu paliva. Roz\u0161\u00edren\u00e1 zhut\u0148ovacia doska zabezpe\u010duje, \u017ee pri ka\u017edom prejazde sa pokryje viac p\u00f4dy, \u010d\u00edm sa zvy\u0161uje celkov\u00e1 produktivita. Ergonomicky navrhnut\u00e1 antivibra\u010dn\u00e1 rukov\u00e4\u0165 zvy\u0161uje pohodlie pri dlhodobom pou\u017e\u00edvan\u00ed, zatia\u013e \u010do r\u00e1m s n\u00edzkymi n\u00e1rokmi na \u00fadr\u017ebu pom\u00e1ha skr\u00e1ti\u0165 prestoje.<\/p>\n<p data-start=\"1339\" data-end=\"1437\">Jeho odoln\u00e1 kon\u0161trukcia vydr\u017e\u00ed \u010dast\u00fa prepravu a dlh\u0161ie zmeny na n\u00e1ro\u010dn\u00fdch stavb\u00e1ch.<\/p>\n<h3 data-start=\"1444\" data-end=\"1502\">Vytvoren\u00e9 pre efekt\u00edvnos\u0165 a opakovate\u013en\u00e9 v\u00fdsledky na stavenisku<\/h3>\n<p data-start=\"1504\" data-end=\"1750\">PH-L250A si \u013eahko porad\u00ed s r\u00f4znymi materi\u00e1lmi, od asfaltov\u00fdch prekladov a\u017e po \u0161trkov\u00e9 podlo\u017eky a \u0161truktur\u00e1lne z\u00e1sypy. Jeho optimalizovan\u00e1 geometria dosky a vysokofrekven\u010dn\u00e9 vibr\u00e1cie zabezpe\u010duj\u00fa konzistentn\u00e9, rovn\u00e9 povrchov\u00e9 \u00fapravy aj na nerovnom povrchu.<\/p>\n<p data-start=\"1752\" data-end=\"1906\">Tento model je vhodn\u00fd najm\u00e4 pre dod\u00e1vate\u013eov, komun\u00e1lne pos\u00e1dky a prenajat\u00e9 vozov\u00e9 parky, ktor\u00e9 oce\u0148uj\u00fa n\u00e1kladov\u00fa efekt\u00edvnos\u0165 bez toho, aby obetovali v\u00fdkon.<\/p>\n<h3 data-start=\"1913\" data-end=\"1959\">K\u013e\u00fa\u010dov\u00e9 vlastnosti tanierov\u00e9ho zhut\u0148ova\u010da PH-L250A<\/h3>\n<ul data-start=\"1961\" data-end=\"2254\">\n<li data-start=\"1961\" data-end=\"2025\">\n<p data-start=\"1963\" data-end=\"2025\">Vylep\u0161en\u00e1 \u0161irokou oce\u013eovou doskou na r\u00fdchlej\u0161ie pokrytie povrchu<\/p>\n<\/li>\n<li data-start=\"2026\" data-end=\"2082\">\n<p data-start=\"2028\" data-end=\"2082\">Poh\u00e1\u0148an\u00fd spo\u013eahliv\u00fdm \u0161tvortaktn\u00fdm benz\u00ednov\u00fdm motorom Loncin<\/p>\n<\/li>\n<li data-start=\"2083\" data-end=\"2148\">\n<p data-start=\"2085\" data-end=\"2148\">Ide\u00e1lne na zhut\u0148ovanie asfaltu, chodn\u00edkov a kon\u0161trukci\u00ed<\/p>\n<\/li>\n<li data-start=\"2149\" data-end=\"2195\">\n<p data-start=\"2151\" data-end=\"2195\">Antivibra\u010dn\u00e1 rukov\u00e4\u0165 pre pohodlie obsluhy<\/p>\n<\/li>\n<li data-start=\"2196\" data-end=\"2254\">\n<p data-start=\"2198\" data-end=\"2254\">Navrhnut\u00e9 na \u010dast\u00e9 pou\u017e\u00edvanie s jednoduch\u00fdm pr\u00edstupom na \u00fadr\u017ebu<\/p>\n<\/li>\n<\/ul>","protected":false},"excerpt":{"rendered":"<p>Plo\u0161n\u00fd zhut\u0148ova\u010d PH-L250A s motorom Loncin poskytuje zv\u00fd\u0161en\u00fa \u0161\u00edrku zhutnenia a \u00fa\u010dinnos\u0165 pre asfaltov\u00e9, z\u00e1kladov\u00e9 a cestn\u00e9 projekty. Siln\u00fd, spo\u013eahliv\u00fd a \u013eahko ovl\u00e1date\u013en\u00fd.<\/p>","protected":false},"featured_media":9122,"template":"","meta":{"_kad_post_transparent":"default","_kad_post_title":"","_kad_post_layout":"default","_kad_post_sidebar_id":"","_kad_post_content_style":"default","_kad_post_vertical_padding":"default","_kad_post_feature":"","_kad_post_feature_position":"","_kad_post_header":false,"_kad_post_footer":false},"product_brand":[],"product_cat":[59],"product_tag":[1066,1062,1065,1070,1069,1063,1067,1064,1061,1068],"class_list":{"0":"post-9121","1":"product","2":"type-product","3":"status-publish","4":"has-post-thumbnail","6":"product_cat-plate-compactor","7":"product_tag-diesel-plate-compactor","8":"product_tag-forward-plate-compactor","9":"product_tag-gasoline-plate-compactor","10":"product_tag-heavy-duty-plate-compactor","11":"product_tag-plate-compactor-for-asphalt","12":"product_tag-reversible-plate-compactor","13":"product_tag-road-construction-compactor","14":"product_tag-soil-plate-compactor","15":"product_tag-vibratory-plate-compactor","16":"product_tag-walk-behind-plate-compactor","18":"first","19":"instock","20":"shipping-taxable","21":"product-type-simple","22":"entry","23":"content-bg","24":"loop-entry"},"yoast_head":"<!-- This site is optimized with the Yoast SEO plugin v25.3.1 - https:\/\/yoast.com\/wordpress\/plugins\/seo\/ -->\n<title>Plate Compactor PH-L250A - HSY Construction Machinery<\/title>\n<meta name=\"description\" content=\"PH-L250A Loncin Plate Compactor provides wider and more powerful soil compaction for roads, foundations, and asphalt repair. Built for performance and jobsite efficiency.\" \/>\n<meta name=\"robots\" content=\"index, follow, max-snippet:-1, max-image-preview:large, max-video-preview:-1\" \/>\n<link rel=\"canonical\" href=\"https:\/\/www.hsymachinery.com\/sk\/produkt\/zhutnovac-dosiek-ph-l250a\/\" \/>\n<meta property=\"og:locale\" content=\"sk_SK\" \/>\n<meta property=\"og:type\" content=\"article\" \/>\n<meta property=\"og:title\" content=\"Plate Compactor PH-L250A - HSY Construction Machinery\" \/>\n<meta property=\"og:description\" content=\"PH-L250A Loncin Plate Compactor provides wider and more powerful soil compaction for roads, foundations, and asphalt repair. Built for performance and jobsite efficiency.\" \/>\n<meta property=\"og:url\" content=\"https:\/\/www.hsymachinery.com\/sk\/produkt\/zhutnovac-dosiek-ph-l250a\/\" \/>\n<meta property=\"og:site_name\" content=\"HSY Construction Machinery\" \/>\n<meta property=\"article:modified_time\" content=\"2025-06-28T12:03:48+00:00\" \/>\n<meta property=\"og:image\" content=\"https:\/\/www.hsymachinery.com\/wp-content\/uploads\/2025\/06\/Plate-Compactor-PH-L250A.jpg\" \/>\n\t<meta property=\"og:image:width\" content=\"600\" \/>\n\t<meta property=\"og:image:height\" content=\"600\" \/>\n\t<meta property=\"og:image:type\" content=\"image\/jpeg\" \/>\n<meta name=\"twitter:card\" content=\"summary_large_image\" \/>\n<meta name=\"twitter:label1\" content=\"Predpokladan\u00fd \u010das \u010d\u00edtania\" \/>\n\t<meta name=\"twitter:data1\" content=\"2 min\u00faty\" \/>\n<script type=\"application\/ld+json\" class=\"yoast-schema-graph\">{\"@context\":\"https:\/\/schema.org\",\"@graph\":[{\"@type\":\"WebPage\",\"@id\":\"https:\/\/www.hsymachinery.com\/product\/plate-compactor-ph-l250a\/\",\"url\":\"https:\/\/www.hsymachinery.com\/product\/plate-compactor-ph-l250a\/\",\"name\":\"Plate Compactor PH-L250A - HSY Construction Machinery\",\"isPartOf\":{\"@id\":\"https:\/\/www.hsymachinery.com\/#website\"},\"primaryImageOfPage\":{\"@id\":\"https:\/\/www.hsymachinery.com\/product\/plate-compactor-ph-l250a\/#primaryimage\"},\"image\":{\"@id\":\"https:\/\/www.hsymachinery.com\/product\/plate-compactor-ph-l250a\/#primaryimage\"},\"thumbnailUrl\":\"https:\/\/www.hsymachinery.com\/wp-content\/uploads\/2025\/06\/Plate-Compactor-PH-L250A.jpg\",\"datePublished\":\"2025-06-18T09:06:02+00:00\",\"dateModified\":\"2025-06-28T12:03:48+00:00\",\"description\":\"PH-L250A Loncin Plate Compactor provides wider and more powerful soil compaction for roads, foundations, and asphalt repair. Built for performance and jobsite efficiency.\",\"breadcrumb\":{\"@id\":\"https:\/\/www.hsymachinery.com\/product\/plate-compactor-ph-l250a\/#breadcrumb\"},\"inLanguage\":\"sk-SK\",\"potentialAction\":[{\"@type\":\"ReadAction\",\"target\":[\"https:\/\/www.hsymachinery.com\/product\/plate-compactor-ph-l250a\/\"]}]},{\"@type\":\"ImageObject\",\"inLanguage\":\"sk-SK\",\"@id\":\"https:\/\/www.hsymachinery.com\/product\/plate-compactor-ph-l250a\/#primaryimage\",\"url\":\"https:\/\/www.hsymachinery.com\/wp-content\/uploads\/2025\/06\/Plate-Compactor-PH-L250A.jpg\",\"contentUrl\":\"https:\/\/www.hsymachinery.com\/wp-content\/uploads\/2025\/06\/Plate-Compactor-PH-L250A.jpg\",\"width\":600,\"height\":600},{\"@type\":\"BreadcrumbList\",\"@id\":\"https:\/\/www.hsymachinery.com\/product\/plate-compactor-ph-l250a\/#breadcrumb\",\"itemListElement\":[{\"@type\":\"ListItem\",\"position\":1,\"name\":\"home\",\"item\":\"https:\/\/www.hsymachinery.com\/\"},{\"@type\":\"ListItem\",\"position\":2,\"name\":\"products\",\"item\":\"https:\/\/www.hsymachinery.com\/products\/\"},{\"@type\":\"ListItem\",\"position\":3,\"name\":\"Plate Compactor PH-L250A\"}]},{\"@type\":\"WebSite\",\"@id\":\"https:\/\/www.hsymachinery.com\/#website\",\"url\":\"https:\/\/www.hsymachinery.com\/\",\"name\":\"HSY Construction Machinery\",\"description\":\"HSY Machinery \u2013 A leading China construction machinery supplier, offering a wide range of light construction equipment. Our main products include Rebar Cutting Machine, Rebar Bending Machine, Rebar Stirrup Bending Machine, Rebar Arc Bending Machine, Rebar Straightening Machine, Five-Head Rebar Stirrup Bending Machine, Tamping Rammer, Plate Compactor, Concrete Cutter, Power Trowel, and other construction machinery. We are equipped with advanced CNC machines, and we enforce strict quality inspection standards along with comprehensive after-sales service. If you are interested in our products or services, we warmly welcome your inquiries via message.\",\"publisher\":{\"@id\":\"https:\/\/www.hsymachinery.com\/#organization\"},\"potentialAction\":[{\"@type\":\"SearchAction\",\"target\":{\"@type\":\"EntryPoint\",\"urlTemplate\":\"https:\/\/www.hsymachinery.com\/?s={search_term_string}\"},\"query-input\":{\"@type\":\"PropertyValueSpecification\",\"valueRequired\":true,\"valueName\":\"search_term_string\"}}],\"inLanguage\":\"sk-SK\"},{\"@type\":\"Organization\",\"@id\":\"https:\/\/www.hsymachinery.com\/#organization\",\"name\":\"HSY Construction Machinery\",\"url\":\"https:\/\/www.hsymachinery.com\/\",\"logo\":{\"@type\":\"ImageObject\",\"inLanguage\":\"sk-SK\",\"@id\":\"https:\/\/www.hsymachinery.com\/#\/schema\/logo\/image\/\",\"url\":\"https:\/\/www.hsymachinery.com\/wp-content\/uploads\/2025\/06\/cropped-HSY-machinery.png\",\"contentUrl\":\"https:\/\/www.hsymachinery.com\/wp-content\/uploads\/2025\/06\/cropped-HSY-machinery.png\",\"width\":600,\"height\":240,\"caption\":\"HSY Construction Machinery\"},\"image\":{\"@id\":\"https:\/\/www.hsymachinery.com\/#\/schema\/logo\/image\/\"}}]}<\/script>\n<!-- \/ Yoast SEO plugin. -->","yoast_head_json":{"title":"Tanierov\u00fd zhut\u0148ova\u010d PH-L250A - Stavebn\u00e9 stroje HSY","description":"Tanierov\u00fd zhut\u0148ova\u010d PH-L250A Loncin poskytuje \u0161ir\u0161ie a v\u00fdkonnej\u0161ie zhut\u0148ovanie p\u00f4dy na cesty, z\u00e1klady a opravy asfaltu. Skon\u0161truovan\u00fd pre v\u00fdkon a efektivitu na stavenisku.","robots":{"index":"index","follow":"follow","max-snippet":"max-snippet:-1","max-image-preview":"max-image-preview:large","max-video-preview":"max-video-preview:-1"},"canonical":"https:\/\/www.hsymachinery.com\/sk\/produkt\/zhutnovac-dosiek-ph-l250a\/","og_locale":"sk_SK","og_type":"article","og_title":"Plate Compactor PH-L250A - HSY Construction Machinery","og_description":"PH-L250A Loncin Plate Compactor provides wider and more powerful soil compaction for roads, foundations, and asphalt repair. Built for performance and jobsite efficiency.","og_url":"https:\/\/www.hsymachinery.com\/sk\/produkt\/zhutnovac-dosiek-ph-l250a\/","og_site_name":"HSY Construction Machinery","article_modified_time":"2025-06-28T12:03:48+00:00","og_image":[{"width":600,"height":600,"url":"https:\/\/www.hsymachinery.com\/wp-content\/uploads\/2025\/06\/Plate-Compactor-PH-L250A.jpg","type":"image\/jpeg"}],"twitter_card":"summary_large_image","twitter_misc":{"Predpokladan\u00fd \u010das \u010d\u00edtania":"2 min\u00faty"},"schema":{"@context":"https:\/\/schema.org","@graph":[{"@type":"WebPage","@id":"https:\/\/www.hsymachinery.com\/product\/plate-compactor-ph-l250a\/","url":"https:\/\/www.hsymachinery.com\/product\/plate-compactor-ph-l250a\/","name":"Tanierov\u00fd zhut\u0148ova\u010d PH-L250A - Stavebn\u00e9 stroje HSY","isPartOf":{"@id":"https:\/\/www.hsymachinery.com\/#website"},"primaryImageOfPage":{"@id":"https:\/\/www.hsymachinery.com\/product\/plate-compactor-ph-l250a\/#primaryimage"},"image":{"@id":"https:\/\/www.hsymachinery.com\/product\/plate-compactor-ph-l250a\/#primaryimage"},"thumbnailUrl":"https:\/\/www.hsymachinery.com\/wp-content\/uploads\/2025\/06\/Plate-Compactor-PH-L250A.jpg","datePublished":"2025-06-18T09:06:02+00:00","dateModified":"2025-06-28T12:03:48+00:00","description":"Tanierov\u00fd zhut\u0148ova\u010d PH-L250A Loncin poskytuje \u0161ir\u0161ie a v\u00fdkonnej\u0161ie zhut\u0148ovanie p\u00f4dy na cesty, z\u00e1klady a opravy asfaltu. Skon\u0161truovan\u00fd pre v\u00fdkon a efektivitu na stavenisku.","breadcrumb":{"@id":"https:\/\/www.hsymachinery.com\/product\/plate-compactor-ph-l250a\/#breadcrumb"},"inLanguage":"sk-SK","potentialAction":[{"@type":"ReadAction","target":["https:\/\/www.hsymachinery.com\/product\/plate-compactor-ph-l250a\/"]}]},{"@type":"ImageObject","inLanguage":"sk-SK","@id":"https:\/\/www.hsymachinery.com\/product\/plate-compactor-ph-l250a\/#primaryimage","url":"https:\/\/www.hsymachinery.com\/wp-content\/uploads\/2025\/06\/Plate-Compactor-PH-L250A.jpg","contentUrl":"https:\/\/www.hsymachinery.com\/wp-content\/uploads\/2025\/06\/Plate-Compactor-PH-L250A.jpg","width":600,"height":600},{"@type":"BreadcrumbList","@id":"https:\/\/www.hsymachinery.com\/product\/plate-compactor-ph-l250a\/#breadcrumb","itemListElement":[{"@type":"ListItem","position":1,"name":"home","item":"https:\/\/www.hsymachinery.com\/"},{"@type":"ListItem","position":2,"name":"products","item":"https:\/\/www.hsymachinery.com\/products\/"},{"@type":"ListItem","position":3,"name":"Plate Compactor PH-L250A"}]},{"@type":"WebSite","@id":"https:\/\/www.hsymachinery.com\/#website","url":"https:\/\/www.hsymachinery.com\/","name":"Stavebn\u00e9 stroje HSY","description":"HSY Machinery - popredn\u00fd dod\u00e1vate\u013e stavebn\u00fdch strojov v \u010c\u00edne, ktor\u00fd pon\u00faka \u0161irok\u00fd sortiment \u013eahk\u00fdch stavebn\u00fdch strojov. Medzi na\u0161e hlavn\u00e9 produkty patr\u00ed stroj na rezanie ty\u010d\u00ed, stroj na oh\u00fdbanie ty\u010d\u00ed, stroj na oh\u00fdbanie ty\u010d\u00ed, stroj na oh\u00fdbanie obl\u00fakov ty\u010d\u00ed, stroj na rovnanie ty\u010d\u00ed, p\u00e4\u0165hlav\u0148ov\u00fd stroj na oh\u00fdbanie ty\u010d\u00ed, podb\u00edja\u010dka, zhut\u0148ova\u010d dosiek, fr\u00e9za na bet\u00f3n, elektrick\u00e1 stierka a \u010fal\u0161ie stavebn\u00e9 stroje. Sme vybaven\u00ed modern\u00fdmi CNC strojmi a presadzujeme pr\u00edsne normy kontroly kvality spolu s komplexn\u00fdm popredajn\u00fdm servisom. Ak m\u00e1te z\u00e1ujem o na\u0161e v\u00fdrobky alebo slu\u017eby, srde\u010dne priv\u00edtame va\u0161e ot\u00e1zky prostredn\u00edctvom spr\u00e1vy.","publisher":{"@id":"https:\/\/www.hsymachinery.com\/#organization"},"potentialAction":[{"@type":"SearchAction","target":{"@type":"EntryPoint","urlTemplate":"https:\/\/www.hsymachinery.com\/?s={search_term_string}"},"query-input":{"@type":"PropertyValueSpecification","valueRequired":true,"valueName":"search_term_string"}}],"inLanguage":"sk-SK"},{"@type":"Organization","@id":"https:\/\/www.hsymachinery.com\/#organization","name":"Stavebn\u00e9 stroje HSY","url":"https:\/\/www.hsymachinery.com\/","logo":{"@type":"ImageObject","inLanguage":"sk-SK","@id":"https:\/\/www.hsymachinery.com\/#\/schema\/logo\/image\/","url":"https:\/\/www.hsymachinery.com\/wp-content\/uploads\/2025\/06\/cropped-HSY-machinery.png","contentUrl":"https:\/\/www.hsymachinery.com\/wp-content\/uploads\/2025\/06\/cropped-HSY-machinery.png","width":600,"height":240,"caption":"HSY Construction Machinery"},"image":{"@id":"https:\/\/www.hsymachinery.com\/#\/schema\/logo\/image\/"}}]}},"_links":{"self":[{"href":"https:\/\/www.hsymachinery.com\/sk\/wp-json\/wp\/v2\/product\/9121","targetHints":{"allow":["GET"]}}],"collection":[{"href":"https:\/\/www.hsymachinery.com\/sk\/wp-json\/wp\/v2\/product"}],"about":[{"href":"https:\/\/www.hsymachinery.com\/sk\/wp-json\/wp\/v2\/types\/product"}],"version-history":[{"count":3,"href":"https:\/\/www.hsymachinery.com\/sk\/wp-json\/wp\/v2\/product\/9121\/revisions"}],"predecessor-version":[{"id":9537,"href":"https:\/\/www.hsymachinery.com\/sk\/wp-json\/wp\/v2\/product\/9121\/revisions\/9537"}],"wp:featuredmedia":[{"embeddable":true,"href":"https:\/\/www.hsymachinery.com\/sk\/wp-json\/wp\/v2\/media\/9122"}],"wp:attachment":[{"href":"https:\/\/www.hsymachinery.com\/sk\/wp-json\/wp\/v2\/media?parent=9121"}],"wp:term":[{"taxonomy":"product_brand","embeddable":true,"href":"https:\/\/www.hsymachinery.com\/sk\/wp-json\/wp\/v2\/product_brand?post=9121"},{"taxonomy":"product_cat","embeddable":true,"href":"https:\/\/www.hsymachinery.com\/sk\/wp-json\/wp\/v2\/product_cat?post=9121"},{"taxonomy":"product_tag","embeddable":true,"href":"https:\/\/www.hsymachinery.com\/sk\/wp-json\/wp\/v2\/product_tag?post=9121"}],"curies":[{"name":"wp","href":"https:\/\/api.w.org\/{rel}","templated":true}]}}