{"id":9103,"date":"2025-06-18T16:50:53","date_gmt":"2025-06-18T08:50:53","guid":{"rendered":"https:\/\/www.hsymachinery.com\/?post_type=product&#038;p=9103"},"modified":"2025-06-28T19:39:25","modified_gmt":"2025-06-28T11:39:25","slug":"zhutnovac-dosiek-ph-h90","status":"publish","type":"product","link":"https:\/\/www.hsymachinery.com\/sk\/produkt\/zhutnovac-dosiek-ph-h90\/","title":{"rendered":"Tanierov\u00fd zhut\u0148ova\u010d PH-H90"},"content":{"rendered":"<h2 data-start=\"96\" data-end=\"126\">Tanierov\u00fd zhut\u0148ova\u010d PH-H90<\/h2>\n<h3 data-start=\"127\" data-end=\"243\">PH-H90 Honda Benz\u00ednov\u00fd zhut\u0148ova\u010d | Kompaktn\u00fd a odoln\u00fd zhut\u0148ova\u010d p\u00f4dy na chodn\u00edky, z\u00e1platy a ter\u00e9nne \u00fapravy<\/h3>\n<h3 data-start=\"250\" data-end=\"322\">Preh\u013ead produktov - v\u00fdkon Honda pre spo\u013eahliv\u00e9 zhut\u0148ovanie pri \u013eahk\u00fdch v\u00fdkonoch<a href=\"https:\/\/www.hsymachinery.com\/sk\/produkty\/zhutnovac-dosiek\/\" target=\"_blank\" rel=\"noopener\"><img fetchpriority=\"high\" decoding=\"async\" class=\"wp-image-9110 alignright\" src=\"https:\/\/www.hsymachinery.com\/wp-content\/uploads\/2025\/06\/Plate-Compactor-PH-H90-1-e1750237264210-300x300.jpg\" alt=\"\" width=\"459\" height=\"459\" srcset=\"https:\/\/www.hsymachinery.com\/wp-content\/uploads\/2025\/06\/Plate-Compactor-PH-H90-1-e1750237264210-300x300.jpg 300w, https:\/\/www.hsymachinery.com\/wp-content\/uploads\/2025\/06\/Plate-Compactor-PH-H90-1-e1750237264210-150x150.jpg 150w, https:\/\/www.hsymachinery.com\/wp-content\/uploads\/2025\/06\/Plate-Compactor-PH-H90-1-e1750237264210-100x100.jpg 100w, https:\/\/www.hsymachinery.com\/wp-content\/uploads\/2025\/06\/Plate-Compactor-PH-H90-1-e1750237264210.jpg 600w\" sizes=\"(max-width: 459px) 100vw, 459px\" \/><\/a><\/h3>\n<p data-start=\"324\" data-end=\"700\">Str\u00e1nka <strong data-start=\"328\" data-end=\"354\">Tanierov\u00fd zhut\u0148ova\u010d PH-H90<\/strong> je vybaven\u00fd \u0161tvortaktn\u00fdm benz\u00ednov\u00fdm motorom Honda GX160, ktor\u00fd poskytuje spo\u013eahliv\u00fd a konzistentn\u00fd zhut\u0148ovac\u00ed v\u00fdkon pre \u013eahk\u00e9 a\u017e stredne \u0165a\u017ek\u00e9 aplik\u00e1cie. Je ide\u00e1lny na opravu dla\u017eby, in\u0161tal\u00e1ciu chodn\u00edkov, z\u00e1hradn\u00e9 projekty a bytov\u00fa v\u00fdstavbu, najm\u00e4 v oblastiach, kde je d\u00f4le\u017eit\u00e1 spo\u013eahlivos\u0165 a n\u00edzke emisie.<\/p>\n<p data-start=\"702\" data-end=\"859\">V\u010faka kompaktnej kon\u0161trukcii a osved\u010den\u00e9mu motoru Honda si model PH-H90 ob\u013e\u00fabili dod\u00e1vatelia, ktor\u00ed vy\u017eaduj\u00fa efekt\u00edvnos\u0165, mobilitu a odolnos\u0165 na \u00farovni zna\u010dky.<\/p>\n<h3 data-start=\"866\" data-end=\"933\">Hladk\u00e1 prev\u00e1dzka, dlh\u00e1 \u017eivotnos\u0165 motora a u\u017e\u00edvate\u013esky pr\u00edvetiv\u00fd dizajn<\/h3>\n<p data-start=\"935\" data-end=\"1232\">Motor Honda GX160 pon\u00faka jednoduch\u00e9 \u0161tartovanie s nav\u00edjan\u00edm, n\u00edzku hlu\u010dnos\u0165 a vynikaj\u00facu \u00fasporu paliva, v\u010faka \u010domu je tento model vhodn\u00fd na ka\u017edodenn\u00e9 pou\u017e\u00edvanie na akomko\u013evek pracovisku. Jeho zosilnen\u00e1 oce\u013eov\u00e1 z\u00e1kladov\u00e1 doska zabezpe\u010duje rovnomern\u00e9 zhut\u0148ovanie, zatia\u013e \u010do ergonomick\u00e1 rukov\u00e4\u0165 zni\u017euje \u00fanavu obsluhy po\u010das dlh\u00fdch pracovn\u00fdch zmien.<\/p>\n<p data-start=\"1234\" data-end=\"1337\">\u00dadr\u017eba je jednoduch\u00e1 a glob\u00e1lna podpora spolo\u010dnosti Honda umo\u017e\u0148uje \u0161irok\u00fa dostupnos\u0165 n\u00e1hradn\u00fdch dielov a servisu.<\/p>\n<h3 data-start=\"1344\" data-end=\"1396\">Perfektne sa hod\u00ed na mal\u00e9 stavby a presn\u00e9 pr\u00e1ce<\/h3>\n<p data-start=\"1398\" data-end=\"1670\">Model PH-H90 je navrhnut\u00fd na pohyb v \u00fazkych stavebn\u00fdch z\u00f3nach, \u013eahko sa prepravuje a obsluhuje na okrajoch chodn\u00edkov, pr\u00edjazdov\u00fdch cest\u00e1ch a v \u00fazkych v\u00fdkopoch. Napriek kompaktn\u00fdm rozmerom poskytuje siln\u00fa silu \u00faderu, \u010d\u00edm zaka\u017ed\u00fdm zabezpe\u010d\u00ed hladk\u00fd a stabiln\u00fd povrch.<\/p>\n<p data-start=\"1672\" data-end=\"1801\">Tento stroj poskytuje v\u00fdkon, na ktor\u00fd sa m\u00f4\u017eete spo\u013eahn\u00fa\u0165, bez oh\u013eadu na to, \u010di pracujete v obytnej z\u00e1stavbe alebo pri moderniz\u00e1cii mesta.<\/p>\n<h3 data-start=\"1808\" data-end=\"1852\">K\u013e\u00fa\u010dov\u00e9 vlastnosti tanierov\u00e9ho zhut\u0148ova\u010da PH-H90<\/h3>\n<ul data-start=\"1854\" data-end=\"2153\">\n<li data-start=\"1854\" data-end=\"1907\">\n<p data-start=\"1856\" data-end=\"1907\">Pohon spo\u013eahliv\u00fdm benz\u00ednov\u00fdm motorom Honda GX160<\/p>\n<\/li>\n<li data-start=\"1908\" data-end=\"1971\">\n<p data-start=\"1910\" data-end=\"1971\">Zabezpe\u010duje rovnomern\u00e9 zhutnenie \u013eahkej a\u017e stredne hustej p\u00f4dy<\/p>\n<\/li>\n<li data-start=\"1972\" data-end=\"2038\">\n<p data-start=\"1974\" data-end=\"2038\">Ide\u00e1lne na drobn\u00e9 stavebn\u00e9 pr\u00e1ce, ter\u00e9nne \u00fapravy a opravy chodn\u00edkov<\/p>\n<\/li>\n<li data-start=\"2039\" data-end=\"2093\">\n<p data-start=\"2041\" data-end=\"2093\">N\u00edzke vibr\u00e1cie a tich\u00e1 prev\u00e1dzka pre pohodlie pou\u017e\u00edvate\u013ea<\/p>\n<\/li>\n<li data-start=\"2094\" data-end=\"2153\">\n<p data-start=\"2096\" data-end=\"2153\">Odoln\u00e9 a kompaktn\u00e9 na jednoduch\u00fa prepravu a skladovanie na stavenisku<\/p>\n<\/li>\n<\/ul>\n<p><iframe title=\"kompaktor, podb\u00edja\u010dka, podb\u00edja\u010dka, doskov\u00fd kompaktor, stavebn\u00e9 vibr\u00e1cie, kompaktorov\u00fd stroj.#tamping\" width=\"720\" height=\"405\" src=\"https:\/\/www.youtube.com\/embed\/kHw7Cpv12Zs?feature=oembed\" frameborder=\"0\" allow=\"accelerometer; autoplay; clipboard-write; encrypted-media; gyroscope; picture-in-picture; web-share\" referrerpolicy=\"strict-origin-when-cross-origin\" allowfullscreen><\/iframe><\/p>","protected":false},"excerpt":{"rendered":"<p>Doskov\u00fd zhut\u0148ova\u010d PH-H90 s motorom Honda GX160 poskytuje efekt\u00edvne, tich\u00e9 a konzistentn\u00e9 zhut\u0148ovanie. Ide\u00e1lny na ter\u00e9nne \u00fapravy, opravy chodn\u00edkov a mal\u00e9 stavebn\u00e9 projekty.<\/p>","protected":false},"featured_media":9110,"template":"","meta":{"_kad_post_transparent":"default","_kad_post_title":"","_kad_post_layout":"default","_kad_post_sidebar_id":"","_kad_post_content_style":"default","_kad_post_vertical_padding":"default","_kad_post_feature":"","_kad_post_feature_position":"","_kad_post_header":false,"_kad_post_footer":false},"product_brand":[],"product_cat":[59],"product_tag":[1066,1062,1065,1070,1069,1063,1067,1064,1061,1068],"class_list":{"0":"post-9103","1":"product","2":"type-product","3":"status-publish","4":"has-post-thumbnail","6":"product_cat-plate-compactor","7":"product_tag-diesel-plate-compactor","8":"product_tag-forward-plate-compactor","9":"product_tag-gasoline-plate-compactor","10":"product_tag-heavy-duty-plate-compactor","11":"product_tag-plate-compactor-for-asphalt","12":"product_tag-reversible-plate-compactor","13":"product_tag-road-construction-compactor","14":"product_tag-soil-plate-compactor","15":"product_tag-vibratory-plate-compactor","16":"product_tag-walk-behind-plate-compactor","18":"first","19":"instock","20":"featured","21":"shipping-taxable","22":"product-type-simple","23":"entry","24":"content-bg","25":"loop-entry"},"yoast_head":"<!-- This site is optimized with the Yoast SEO plugin v25.3.1 - https:\/\/yoast.com\/wordpress\/plugins\/seo\/ -->\n<title>Plate Compactor PH-H90 - HSY Construction Machinery<\/title>\n<meta name=\"description\" content=\"PH-H90 Honda Plate Compactor offers reliable and quiet soil compaction. Ideal for sidewalks, driveways, and light-duty construction. Powered by a GX160 engine.\" \/>\n<meta name=\"robots\" content=\"index, follow, max-snippet:-1, max-image-preview:large, max-video-preview:-1\" \/>\n<link rel=\"canonical\" href=\"https:\/\/www.hsymachinery.com\/sk\/produkt\/zhutnovac-dosiek-ph-h90\/\" \/>\n<meta property=\"og:locale\" content=\"sk_SK\" \/>\n<meta property=\"og:type\" content=\"article\" \/>\n<meta property=\"og:title\" content=\"Plate Compactor PH-H90 - HSY Construction Machinery\" \/>\n<meta property=\"og:description\" content=\"PH-H90 Honda Plate Compactor offers reliable and quiet soil compaction. Ideal for sidewalks, driveways, and light-duty construction. Powered by a GX160 engine.\" \/>\n<meta property=\"og:url\" content=\"https:\/\/www.hsymachinery.com\/sk\/produkt\/zhutnovac-dosiek-ph-h90\/\" \/>\n<meta property=\"og:site_name\" content=\"HSY Construction Machinery\" \/>\n<meta property=\"article:modified_time\" content=\"2025-06-28T11:39:25+00:00\" \/>\n<meta property=\"og:image\" content=\"https:\/\/www.hsymachinery.com\/wp-content\/uploads\/2025\/06\/Plate-Compactor-PH-H90-1-e1750237264210.jpg\" \/>\n\t<meta property=\"og:image:width\" content=\"600\" \/>\n\t<meta property=\"og:image:height\" content=\"600\" \/>\n\t<meta property=\"og:image:type\" content=\"image\/jpeg\" \/>\n<meta name=\"twitter:card\" content=\"summary_large_image\" \/>\n<meta name=\"twitter:label1\" content=\"Predpokladan\u00fd \u010das \u010d\u00edtania\" \/>\n\t<meta name=\"twitter:data1\" content=\"2 min\u00faty\" \/>\n<script type=\"application\/ld+json\" class=\"yoast-schema-graph\">{\"@context\":\"https:\/\/schema.org\",\"@graph\":[{\"@type\":\"WebPage\",\"@id\":\"https:\/\/www.hsymachinery.com\/product\/plate-compactor-ph-h90\/\",\"url\":\"https:\/\/www.hsymachinery.com\/product\/plate-compactor-ph-h90\/\",\"name\":\"Plate Compactor PH-H90 - HSY Construction Machinery\",\"isPartOf\":{\"@id\":\"https:\/\/www.hsymachinery.com\/#website\"},\"primaryImageOfPage\":{\"@id\":\"https:\/\/www.hsymachinery.com\/product\/plate-compactor-ph-h90\/#primaryimage\"},\"image\":{\"@id\":\"https:\/\/www.hsymachinery.com\/product\/plate-compactor-ph-h90\/#primaryimage\"},\"thumbnailUrl\":\"https:\/\/www.hsymachinery.com\/wp-content\/uploads\/2025\/06\/Plate-Compactor-PH-H90-1-e1750237264210.jpg\",\"datePublished\":\"2025-06-18T08:50:53+00:00\",\"dateModified\":\"2025-06-28T11:39:25+00:00\",\"description\":\"PH-H90 Honda Plate Compactor offers reliable and quiet soil compaction. Ideal for sidewalks, driveways, and light-duty construction. Powered by a GX160 engine.\",\"breadcrumb\":{\"@id\":\"https:\/\/www.hsymachinery.com\/product\/plate-compactor-ph-h90\/#breadcrumb\"},\"inLanguage\":\"sk-SK\",\"potentialAction\":[{\"@type\":\"ReadAction\",\"target\":[\"https:\/\/www.hsymachinery.com\/product\/plate-compactor-ph-h90\/\"]}]},{\"@type\":\"ImageObject\",\"inLanguage\":\"sk-SK\",\"@id\":\"https:\/\/www.hsymachinery.com\/product\/plate-compactor-ph-h90\/#primaryimage\",\"url\":\"https:\/\/www.hsymachinery.com\/wp-content\/uploads\/2025\/06\/Plate-Compactor-PH-H90-1-e1750237264210.jpg\",\"contentUrl\":\"https:\/\/www.hsymachinery.com\/wp-content\/uploads\/2025\/06\/Plate-Compactor-PH-H90-1-e1750237264210.jpg\",\"width\":600,\"height\":600},{\"@type\":\"BreadcrumbList\",\"@id\":\"https:\/\/www.hsymachinery.com\/product\/plate-compactor-ph-h90\/#breadcrumb\",\"itemListElement\":[{\"@type\":\"ListItem\",\"position\":1,\"name\":\"home\",\"item\":\"https:\/\/www.hsymachinery.com\/\"},{\"@type\":\"ListItem\",\"position\":2,\"name\":\"products\",\"item\":\"https:\/\/www.hsymachinery.com\/products\/\"},{\"@type\":\"ListItem\",\"position\":3,\"name\":\"Plate Compactor PH-H90\"}]},{\"@type\":\"WebSite\",\"@id\":\"https:\/\/www.hsymachinery.com\/#website\",\"url\":\"https:\/\/www.hsymachinery.com\/\",\"name\":\"HSY Construction Machinery\",\"description\":\"HSY Machinery \u2013 A leading China construction machinery supplier, offering a wide range of light construction equipment. Our main products include Rebar Cutting Machine, Rebar Bending Machine, Rebar Stirrup Bending Machine, Rebar Arc Bending Machine, Rebar Straightening Machine, Five-Head Rebar Stirrup Bending Machine, Tamping Rammer, Plate Compactor, Concrete Cutter, Power Trowel, and other construction machinery. We are equipped with advanced CNC machines, and we enforce strict quality inspection standards along with comprehensive after-sales service. If you are interested in our products or services, we warmly welcome your inquiries via message.\",\"publisher\":{\"@id\":\"https:\/\/www.hsymachinery.com\/#organization\"},\"potentialAction\":[{\"@type\":\"SearchAction\",\"target\":{\"@type\":\"EntryPoint\",\"urlTemplate\":\"https:\/\/www.hsymachinery.com\/?s={search_term_string}\"},\"query-input\":{\"@type\":\"PropertyValueSpecification\",\"valueRequired\":true,\"valueName\":\"search_term_string\"}}],\"inLanguage\":\"sk-SK\"},{\"@type\":\"Organization\",\"@id\":\"https:\/\/www.hsymachinery.com\/#organization\",\"name\":\"HSY Construction Machinery\",\"url\":\"https:\/\/www.hsymachinery.com\/\",\"logo\":{\"@type\":\"ImageObject\",\"inLanguage\":\"sk-SK\",\"@id\":\"https:\/\/www.hsymachinery.com\/#\/schema\/logo\/image\/\",\"url\":\"https:\/\/www.hsymachinery.com\/wp-content\/uploads\/2025\/06\/cropped-HSY-machinery.png\",\"contentUrl\":\"https:\/\/www.hsymachinery.com\/wp-content\/uploads\/2025\/06\/cropped-HSY-machinery.png\",\"width\":600,\"height\":240,\"caption\":\"HSY Construction Machinery\"},\"image\":{\"@id\":\"https:\/\/www.hsymachinery.com\/#\/schema\/logo\/image\/\"}}]}<\/script>\n<!-- \/ Yoast SEO plugin. -->","yoast_head_json":{"title":"Tanierov\u00fd zhut\u0148ova\u010d PH-H90 - Stavebn\u00e9 stroje HSY","description":"Tanierov\u00fd zhut\u0148ova\u010d PH-H90 Honda pon\u00faka spo\u013eahliv\u00e9 a tich\u00e9 zhut\u0148ovanie p\u00f4dy. Ide\u00e1lny na chodn\u00edky, pr\u00edjazdov\u00e9 cesty a nen\u00e1ro\u010dn\u00e9 stavby. Poh\u00e1\u0148an\u00fd motorom GX160.","robots":{"index":"index","follow":"follow","max-snippet":"max-snippet:-1","max-image-preview":"max-image-preview:large","max-video-preview":"max-video-preview:-1"},"canonical":"https:\/\/www.hsymachinery.com\/sk\/produkt\/zhutnovac-dosiek-ph-h90\/","og_locale":"sk_SK","og_type":"article","og_title":"Plate Compactor PH-H90 - HSY Construction Machinery","og_description":"PH-H90 Honda Plate Compactor offers reliable and quiet soil compaction. Ideal for sidewalks, driveways, and light-duty construction. Powered by a GX160 engine.","og_url":"https:\/\/www.hsymachinery.com\/sk\/produkt\/zhutnovac-dosiek-ph-h90\/","og_site_name":"HSY Construction Machinery","article_modified_time":"2025-06-28T11:39:25+00:00","og_image":[{"width":600,"height":600,"url":"https:\/\/www.hsymachinery.com\/wp-content\/uploads\/2025\/06\/Plate-Compactor-PH-H90-1-e1750237264210.jpg","type":"image\/jpeg"}],"twitter_card":"summary_large_image","twitter_misc":{"Predpokladan\u00fd \u010das \u010d\u00edtania":"2 min\u00faty"},"schema":{"@context":"https:\/\/schema.org","@graph":[{"@type":"WebPage","@id":"https:\/\/www.hsymachinery.com\/product\/plate-compactor-ph-h90\/","url":"https:\/\/www.hsymachinery.com\/product\/plate-compactor-ph-h90\/","name":"Tanierov\u00fd zhut\u0148ova\u010d PH-H90 - Stavebn\u00e9 stroje HSY","isPartOf":{"@id":"https:\/\/www.hsymachinery.com\/#website"},"primaryImageOfPage":{"@id":"https:\/\/www.hsymachinery.com\/product\/plate-compactor-ph-h90\/#primaryimage"},"image":{"@id":"https:\/\/www.hsymachinery.com\/product\/plate-compactor-ph-h90\/#primaryimage"},"thumbnailUrl":"https:\/\/www.hsymachinery.com\/wp-content\/uploads\/2025\/06\/Plate-Compactor-PH-H90-1-e1750237264210.jpg","datePublished":"2025-06-18T08:50:53+00:00","dateModified":"2025-06-28T11:39:25+00:00","description":"Tanierov\u00fd zhut\u0148ova\u010d PH-H90 Honda pon\u00faka spo\u013eahliv\u00e9 a tich\u00e9 zhut\u0148ovanie p\u00f4dy. Ide\u00e1lny na chodn\u00edky, pr\u00edjazdov\u00e9 cesty a nen\u00e1ro\u010dn\u00e9 stavby. Poh\u00e1\u0148an\u00fd motorom GX160.","breadcrumb":{"@id":"https:\/\/www.hsymachinery.com\/product\/plate-compactor-ph-h90\/#breadcrumb"},"inLanguage":"sk-SK","potentialAction":[{"@type":"ReadAction","target":["https:\/\/www.hsymachinery.com\/product\/plate-compactor-ph-h90\/"]}]},{"@type":"ImageObject","inLanguage":"sk-SK","@id":"https:\/\/www.hsymachinery.com\/product\/plate-compactor-ph-h90\/#primaryimage","url":"https:\/\/www.hsymachinery.com\/wp-content\/uploads\/2025\/06\/Plate-Compactor-PH-H90-1-e1750237264210.jpg","contentUrl":"https:\/\/www.hsymachinery.com\/wp-content\/uploads\/2025\/06\/Plate-Compactor-PH-H90-1-e1750237264210.jpg","width":600,"height":600},{"@type":"BreadcrumbList","@id":"https:\/\/www.hsymachinery.com\/product\/plate-compactor-ph-h90\/#breadcrumb","itemListElement":[{"@type":"ListItem","position":1,"name":"home","item":"https:\/\/www.hsymachinery.com\/"},{"@type":"ListItem","position":2,"name":"products","item":"https:\/\/www.hsymachinery.com\/products\/"},{"@type":"ListItem","position":3,"name":"Plate Compactor PH-H90"}]},{"@type":"WebSite","@id":"https:\/\/www.hsymachinery.com\/#website","url":"https:\/\/www.hsymachinery.com\/","name":"Stavebn\u00e9 stroje HSY","description":"HSY Machinery - popredn\u00fd dod\u00e1vate\u013e stavebn\u00fdch strojov v \u010c\u00edne, ktor\u00fd pon\u00faka \u0161irok\u00fd sortiment \u013eahk\u00fdch stavebn\u00fdch strojov. Medzi na\u0161e hlavn\u00e9 produkty patr\u00ed stroj na rezanie ty\u010d\u00ed, stroj na oh\u00fdbanie ty\u010d\u00ed, stroj na oh\u00fdbanie ty\u010d\u00ed, stroj na oh\u00fdbanie obl\u00fakov ty\u010d\u00ed, stroj na rovnanie ty\u010d\u00ed, p\u00e4\u0165hlav\u0148ov\u00fd stroj na oh\u00fdbanie ty\u010d\u00ed, podb\u00edja\u010dka, zhut\u0148ova\u010d dosiek, fr\u00e9za na bet\u00f3n, elektrick\u00e1 stierka a \u010fal\u0161ie stavebn\u00e9 stroje. Sme vybaven\u00ed modern\u00fdmi CNC strojmi a presadzujeme pr\u00edsne normy kontroly kvality spolu s komplexn\u00fdm popredajn\u00fdm servisom. Ak m\u00e1te z\u00e1ujem o na\u0161e v\u00fdrobky alebo slu\u017eby, srde\u010dne priv\u00edtame va\u0161e ot\u00e1zky prostredn\u00edctvom spr\u00e1vy.","publisher":{"@id":"https:\/\/www.hsymachinery.com\/#organization"},"potentialAction":[{"@type":"SearchAction","target":{"@type":"EntryPoint","urlTemplate":"https:\/\/www.hsymachinery.com\/?s={search_term_string}"},"query-input":{"@type":"PropertyValueSpecification","valueRequired":true,"valueName":"search_term_string"}}],"inLanguage":"sk-SK"},{"@type":"Organization","@id":"https:\/\/www.hsymachinery.com\/#organization","name":"Stavebn\u00e9 stroje HSY","url":"https:\/\/www.hsymachinery.com\/","logo":{"@type":"ImageObject","inLanguage":"sk-SK","@id":"https:\/\/www.hsymachinery.com\/#\/schema\/logo\/image\/","url":"https:\/\/www.hsymachinery.com\/wp-content\/uploads\/2025\/06\/cropped-HSY-machinery.png","contentUrl":"https:\/\/www.hsymachinery.com\/wp-content\/uploads\/2025\/06\/cropped-HSY-machinery.png","width":600,"height":240,"caption":"HSY Construction Machinery"},"image":{"@id":"https:\/\/www.hsymachinery.com\/#\/schema\/logo\/image\/"}}]}},"_links":{"self":[{"href":"https:\/\/www.hsymachinery.com\/sk\/wp-json\/wp\/v2\/product\/9103","targetHints":{"allow":["GET"]}}],"collection":[{"href":"https:\/\/www.hsymachinery.com\/sk\/wp-json\/wp\/v2\/product"}],"about":[{"href":"https:\/\/www.hsymachinery.com\/sk\/wp-json\/wp\/v2\/types\/product"}],"version-history":[{"count":3,"href":"https:\/\/www.hsymachinery.com\/sk\/wp-json\/wp\/v2\/product\/9103\/revisions"}],"predecessor-version":[{"id":9527,"href":"https:\/\/www.hsymachinery.com\/sk\/wp-json\/wp\/v2\/product\/9103\/revisions\/9527"}],"wp:featuredmedia":[{"embeddable":true,"href":"https:\/\/www.hsymachinery.com\/sk\/wp-json\/wp\/v2\/media\/9110"}],"wp:attachment":[{"href":"https:\/\/www.hsymachinery.com\/sk\/wp-json\/wp\/v2\/media?parent=9103"}],"wp:term":[{"taxonomy":"product_brand","embeddable":true,"href":"https:\/\/www.hsymachinery.com\/sk\/wp-json\/wp\/v2\/product_brand?post=9103"},{"taxonomy":"product_cat","embeddable":true,"href":"https:\/\/www.hsymachinery.com\/sk\/wp-json\/wp\/v2\/product_cat?post=9103"},{"taxonomy":"product_tag","embeddable":true,"href":"https:\/\/www.hsymachinery.com\/sk\/wp-json\/wp\/v2\/product_tag?post=9103"}],"curies":[{"name":"wp","href":"https:\/\/api.w.org\/{rel}","templated":true}]}}