{"id":9091,"date":"2025-06-18T16:31:39","date_gmt":"2025-06-18T08:31:39","guid":{"rendered":"https:\/\/www.hsymachinery.com\/?post_type=product&#038;p=9091"},"modified":"2025-06-28T15:46:29","modified_gmt":"2025-06-28T07:46:29","slug":"podbijacka-ch-h125","status":"publish","type":"product","link":"https:\/\/www.hsymachinery.com\/sk\/produkt\/podbijacka-ch-h125\/","title":{"rendered":"Podb\u00edja\u010dka CH-H125"},"content":{"rendered":"<h2 data-start=\"111\" data-end=\"141\">Podb\u00edja\u010dka CH-H125<\/h2>\n<h3 data-start=\"142\" data-end=\"267\">CH-H125 Benz\u00ednov\u00e1 podb\u00edja\u010dka Honda | Vysoko\u00fa\u010dinn\u00fd zhut\u0148ova\u010d p\u00f4dy pre intenz\u00edvne stavebn\u00e9 a infra\u0161trukt\u00farne projekty<\/h3>\n<h3 data-start=\"274\" data-end=\"355\">Preh\u013ead produktu - Pr\u00e9miov\u00fd v\u00fdkon a stabilita pre profesion\u00e1lne zemn\u00e9 pr\u00e1ce<img fetchpriority=\"high\" decoding=\"async\" class=\"wp-image-9092 alignright\" src=\"https:\/\/www.hsymachinery.com\/wp-content\/uploads\/2025\/06\/Tamping-Rammer-CH-H125-300x300.jpg\" alt=\"\" width=\"470\" height=\"470\" srcset=\"https:\/\/www.hsymachinery.com\/wp-content\/uploads\/2025\/06\/Tamping-Rammer-CH-H125-300x300.jpg 300w, https:\/\/www.hsymachinery.com\/wp-content\/uploads\/2025\/06\/Tamping-Rammer-CH-H125-150x150.jpg 150w, https:\/\/www.hsymachinery.com\/wp-content\/uploads\/2025\/06\/Tamping-Rammer-CH-H125-768x768.jpg 768w, https:\/\/www.hsymachinery.com\/wp-content\/uploads\/2025\/06\/Tamping-Rammer-CH-H125-600x600.jpg 600w, https:\/\/www.hsymachinery.com\/wp-content\/uploads\/2025\/06\/Tamping-Rammer-CH-H125-100x100.jpg 100w, https:\/\/www.hsymachinery.com\/wp-content\/uploads\/2025\/06\/Tamping-Rammer-CH-H125.jpg 800w\" sizes=\"(max-width: 470px) 100vw, 470px\" \/><\/h3>\n<p data-start=\"357\" data-end=\"728\">Str\u00e1nka <strong data-start=\"361\" data-end=\"387\">CH-H125 Podb\u00edja\u010dka<\/strong> je vybaven\u00fd v\u00fdkonn\u00fdm benz\u00ednov\u00fdm motorom Honda GX160, ktor\u00fd je zn\u00e1my svojou v\u00fdnimo\u010dnou odolnos\u0165ou a plynul\u00fdm v\u00fdkonom. Tento model je navrhnut\u00fd na n\u00e1ro\u010dn\u00e9 zhut\u0148ovanie zeminy, spo\u013eahlivo funguje pri pr\u00e1cach na z\u00e1kladoch, oprav\u00e1ch ciest, zasyp\u00e1van\u00ed priekop a pr\u00edprave ter\u00e9nu a pon\u00faka \u0161pi\u010dkov\u00e9 rie\u0161enie pre n\u00e1ro\u010dn\u00e9 prostredie.<\/p>\n<p data-start=\"730\" data-end=\"846\">V\u010faka vysokej sile \u00faderu a vyv\u00e1\u017eenej kon\u0161trukcii zaru\u010duje CH-H125 efekt\u00edvne v\u00fdsledky pri minim\u00e1lnej \u00fanave obsluhy.<\/p>\n<h3 data-start=\"853\" data-end=\"914\">Rovnomern\u00e1 sila, n\u00edzke vibr\u00e1cie a dlh\u00e1 \u017eivotnos\u0165<\/h3>\n<p data-start=\"916\" data-end=\"1241\">Motor Honda modelu CH-H125 poskytuje siln\u00fd kr\u00fatiaci moment a plynul\u00fa akceler\u00e1ciu, \u010d\u00edm pom\u00e1ha udr\u017eiava\u0165 stabiln\u00fa ub\u00edjaciu silu aj na zhutnenej \u00edlovitej alebo zrnitej p\u00f4de. Stroj obsahuje zosilnen\u00fa podb\u00edjaciu p\u00e4tku, robustn\u00fd podvozok a syst\u00e9m rukov\u00e4te tlmenej n\u00e1razmi, \u010do zaru\u010duje pohodlie a kontrolu po\u010das dlh\u0161ieho pou\u017e\u00edvania.<\/p>\n<p data-start=\"1243\" data-end=\"1392\">Jeho nav\u00edjac\u00ed \u0161tart, optimalizovan\u00e9 chladenie vzduchom a \u00fasporn\u00fd v\u00fdkon mu umo\u017e\u0148uj\u00fa pracova\u0165 tvrdo, de\u0148 \u010do de\u0148, s minim\u00e1lnou potrebou servisu.<\/p>\n<h3 data-start=\"1399\" data-end=\"1460\">Vhodn\u00e9 pre rozsiahle a dlhodob\u00e9 prev\u00e1dzky na stavenisku<\/h3>\n<p data-start=\"1462\" data-end=\"1739\">Tento model je ide\u00e1lny pre komun\u00e1lnu techniku, stavebn\u00e9 pr\u00e1ce a \u00fadr\u017ebu ciest, najm\u00e4 na pracovisk\u00e1ch vy\u017eaduj\u00facich dlh\u0161ie zmeny alebo vysok\u00fa spo\u013eahlivos\u0165. Model CH-H125 je spo\u013eahliv\u00fd a odoln\u00fd, \u010di u\u017e ide o vzdialen\u00e9 projekty alebo mestsk\u00e9 oblasti s vysokou intenzitou dopravy.<\/p>\n<p data-start=\"1741\" data-end=\"1824\">Glob\u00e1lna sie\u0165 podpory spolo\u010dnosti Honda zabezpe\u010duje pr\u00edstup k n\u00e1hradn\u00fdm dielom a servisu takmer kdeko\u013evek.<\/p>\n<h3 data-start=\"1831\" data-end=\"1884\">K\u013e\u00fa\u010dov\u00e9 vlastnosti benz\u00ednov\u00e9ho podb\u00edjacieho kladiva CH-H125<\/h3>\n<ul data-start=\"1886\" data-end=\"2198\">\n<li data-start=\"1886\" data-end=\"1948\">\n<p data-start=\"1888\" data-end=\"1948\">Vybaven\u00fd motorom Honda GX160 pre prvotriednu spo\u013eahlivos\u0165<\/p>\n<\/li>\n<li data-start=\"1949\" data-end=\"1997\">\n<p data-start=\"1951\" data-end=\"1997\">Zabezpe\u010duje d\u00f4sledn\u00e9 a hlbok\u00e9 zhutnenie p\u00f4dy<\/p>\n<\/li>\n<li data-start=\"1998\" data-end=\"2069\">\n<p data-start=\"2000\" data-end=\"2069\">Siln\u00fd podvozok so syst\u00e9mom tlmenia vibr\u00e1ci\u00ed pre pohodlie obsluhy<\/p>\n<\/li>\n<li data-start=\"2070\" data-end=\"2131\">\n<p data-start=\"2072\" data-end=\"2131\">Ide\u00e1lne pre projekty v\u00fdkopov, z\u00e1kladov a infra\u0161trukt\u00fary<\/p>\n<\/li>\n<li data-start=\"2132\" data-end=\"2198\">\n<p data-start=\"2134\" data-end=\"2198\">Kon\u0161trukcia s dlhou \u017eivotnos\u0165ou a celosvetovo podporovanou dostupnos\u0165ou dielov<\/p>\n<\/li>\n<\/ul>\n<p><iframe title=\"kompaktor, podb\u00edja\u010dka, podb\u00edja\u010dka, doskov\u00fd kompaktor, stavebn\u00e9 vibr\u00e1cie, kompaktorov\u00fd stroj.#tamping\" width=\"720\" height=\"540\" src=\"https:\/\/www.youtube.com\/embed\/j8Nod6Mcz9w?feature=oembed\" frameborder=\"0\" allow=\"accelerometer; autoplay; clipboard-write; encrypted-media; gyroscope; picture-in-picture; web-share\" referrerpolicy=\"strict-origin-when-cross-origin\" allowfullscreen><\/iframe><\/p>","protected":false},"excerpt":{"rendered":"<p>Podb\u00edja\u010dka CH-H125 vyu\u017e\u00edva motor Honda GX160 na zabezpe\u010denie h\u013abkov\u00e9ho a stabiln\u00e9ho zhut\u0148ovania na n\u00e1ro\u010dn\u00fdch stavb\u00e1ch. Spo\u013eahliv\u00e9, efekt\u00edvne a skon\u0161truovan\u00e9 na ka\u017edodenn\u00e9 pou\u017e\u00edvanie.<\/p>","protected":false},"featured_media":9092,"template":"","meta":{"_kad_post_transparent":"default","_kad_post_title":"","_kad_post_layout":"default","_kad_post_sidebar_id":"","_kad_post_content_style":"default","_kad_post_vertical_padding":"default","_kad_post_feature":"","_kad_post_feature_position":"","_kad_post_header":false,"_kad_post_footer":false},"product_brand":[],"product_cat":[83],"product_tag":[1060,1057,1058,1059,1051,1052,1056,1053,1055,1054],"class_list":{"0":"post-9091","1":"product","2":"type-product","3":"status-publish","4":"has-post-thumbnail","6":"product_cat-tamping-rammer","7":"product_tag-backfill-compactor-machine","8":"product_tag-diesel-tamping-rammer","9":"product_tag-earth-tamping-machine","10":"product_tag-handheld-tamping-rammer","11":"product_tag-impact-rammer","12":"product_tag-jumping-jack-compactor","13":"product_tag-petrol-tamping-rammer","14":"product_tag-plate-tamping-rammer","15":"product_tag-soil-compaction-rammer","16":"product_tag-vibratory-tamping-rammer","18":"first","19":"instock","20":"featured","21":"shipping-taxable","22":"product-type-simple","23":"entry","24":"content-bg","25":"loop-entry"},"yoast_head":"<!-- This site is optimized with the Yoast SEO plugin v25.3.1 - https:\/\/yoast.com\/wordpress\/plugins\/seo\/ -->\n<title>Tamping Rammer CH-H125 - HSY Construction Machinery<\/title>\n<meta name=\"description\" content=\"CH-H125 Honda Tamping Rammer delivers powerful soil compaction with durable performance for trench, foundation, and roadwork. Ideal for professionals.\" \/>\n<meta name=\"robots\" content=\"index, follow, max-snippet:-1, max-image-preview:large, max-video-preview:-1\" \/>\n<link rel=\"canonical\" href=\"https:\/\/www.hsymachinery.com\/sk\/produkt\/podbijacka-ch-h125\/\" \/>\n<meta property=\"og:locale\" content=\"sk_SK\" \/>\n<meta property=\"og:type\" content=\"article\" \/>\n<meta property=\"og:title\" content=\"Tamping Rammer CH-H125 - HSY Construction Machinery\" \/>\n<meta property=\"og:description\" content=\"CH-H125 Honda Tamping Rammer delivers powerful soil compaction with durable performance for trench, foundation, and roadwork. Ideal for professionals.\" \/>\n<meta property=\"og:url\" content=\"https:\/\/www.hsymachinery.com\/sk\/produkt\/podbijacka-ch-h125\/\" \/>\n<meta property=\"og:site_name\" content=\"HSY Construction Machinery\" \/>\n<meta property=\"article:modified_time\" content=\"2025-06-28T07:46:29+00:00\" \/>\n<meta property=\"og:image\" content=\"https:\/\/www.hsymachinery.com\/wp-content\/uploads\/2025\/06\/Tamping-Rammer-CH-H125.jpg\" \/>\n\t<meta property=\"og:image:width\" content=\"800\" \/>\n\t<meta property=\"og:image:height\" content=\"800\" \/>\n\t<meta property=\"og:image:type\" content=\"image\/jpeg\" \/>\n<meta name=\"twitter:card\" content=\"summary_large_image\" \/>\n<meta name=\"twitter:label1\" content=\"Predpokladan\u00fd \u010das \u010d\u00edtania\" \/>\n\t<meta name=\"twitter:data1\" content=\"2 min\u00faty\" \/>\n<script type=\"application\/ld+json\" class=\"yoast-schema-graph\">{\"@context\":\"https:\/\/schema.org\",\"@graph\":[{\"@type\":\"WebPage\",\"@id\":\"https:\/\/www.hsymachinery.com\/product\/tamping-rammer-ch-h125\/\",\"url\":\"https:\/\/www.hsymachinery.com\/product\/tamping-rammer-ch-h125\/\",\"name\":\"Tamping Rammer CH-H125 - HSY Construction Machinery\",\"isPartOf\":{\"@id\":\"https:\/\/www.hsymachinery.com\/#website\"},\"primaryImageOfPage\":{\"@id\":\"https:\/\/www.hsymachinery.com\/product\/tamping-rammer-ch-h125\/#primaryimage\"},\"image\":{\"@id\":\"https:\/\/www.hsymachinery.com\/product\/tamping-rammer-ch-h125\/#primaryimage\"},\"thumbnailUrl\":\"https:\/\/www.hsymachinery.com\/wp-content\/uploads\/2025\/06\/Tamping-Rammer-CH-H125.jpg\",\"datePublished\":\"2025-06-18T08:31:39+00:00\",\"dateModified\":\"2025-06-28T07:46:29+00:00\",\"description\":\"CH-H125 Honda Tamping Rammer delivers powerful soil compaction with durable performance for trench, foundation, and roadwork. Ideal for professionals.\",\"breadcrumb\":{\"@id\":\"https:\/\/www.hsymachinery.com\/product\/tamping-rammer-ch-h125\/#breadcrumb\"},\"inLanguage\":\"sk-SK\",\"potentialAction\":[{\"@type\":\"ReadAction\",\"target\":[\"https:\/\/www.hsymachinery.com\/product\/tamping-rammer-ch-h125\/\"]}]},{\"@type\":\"ImageObject\",\"inLanguage\":\"sk-SK\",\"@id\":\"https:\/\/www.hsymachinery.com\/product\/tamping-rammer-ch-h125\/#primaryimage\",\"url\":\"https:\/\/www.hsymachinery.com\/wp-content\/uploads\/2025\/06\/Tamping-Rammer-CH-H125.jpg\",\"contentUrl\":\"https:\/\/www.hsymachinery.com\/wp-content\/uploads\/2025\/06\/Tamping-Rammer-CH-H125.jpg\",\"width\":800,\"height\":800},{\"@type\":\"BreadcrumbList\",\"@id\":\"https:\/\/www.hsymachinery.com\/product\/tamping-rammer-ch-h125\/#breadcrumb\",\"itemListElement\":[{\"@type\":\"ListItem\",\"position\":1,\"name\":\"home\",\"item\":\"https:\/\/www.hsymachinery.com\/\"},{\"@type\":\"ListItem\",\"position\":2,\"name\":\"products\",\"item\":\"https:\/\/www.hsymachinery.com\/products\/\"},{\"@type\":\"ListItem\",\"position\":3,\"name\":\"Tamping Rammer CH-H125\"}]},{\"@type\":\"WebSite\",\"@id\":\"https:\/\/www.hsymachinery.com\/#website\",\"url\":\"https:\/\/www.hsymachinery.com\/\",\"name\":\"HSY Construction Machinery\",\"description\":\"HSY Machinery \u2013 A leading China construction machinery supplier, offering a wide range of light construction equipment. Our main products include Rebar Cutting Machine, Rebar Bending Machine, Rebar Stirrup Bending Machine, Rebar Arc Bending Machine, Rebar Straightening Machine, Five-Head Rebar Stirrup Bending Machine, Tamping Rammer, Plate Compactor, Concrete Cutter, Power Trowel, and other construction machinery. We are equipped with advanced CNC machines, and we enforce strict quality inspection standards along with comprehensive after-sales service. If you are interested in our products or services, we warmly welcome your inquiries via message.\",\"publisher\":{\"@id\":\"https:\/\/www.hsymachinery.com\/#organization\"},\"potentialAction\":[{\"@type\":\"SearchAction\",\"target\":{\"@type\":\"EntryPoint\",\"urlTemplate\":\"https:\/\/www.hsymachinery.com\/?s={search_term_string}\"},\"query-input\":{\"@type\":\"PropertyValueSpecification\",\"valueRequired\":true,\"valueName\":\"search_term_string\"}}],\"inLanguage\":\"sk-SK\"},{\"@type\":\"Organization\",\"@id\":\"https:\/\/www.hsymachinery.com\/#organization\",\"name\":\"HSY Construction Machinery\",\"url\":\"https:\/\/www.hsymachinery.com\/\",\"logo\":{\"@type\":\"ImageObject\",\"inLanguage\":\"sk-SK\",\"@id\":\"https:\/\/www.hsymachinery.com\/#\/schema\/logo\/image\/\",\"url\":\"https:\/\/www.hsymachinery.com\/wp-content\/uploads\/2025\/06\/cropped-HSY-machinery.png\",\"contentUrl\":\"https:\/\/www.hsymachinery.com\/wp-content\/uploads\/2025\/06\/cropped-HSY-machinery.png\",\"width\":600,\"height\":240,\"caption\":\"HSY Construction Machinery\"},\"image\":{\"@id\":\"https:\/\/www.hsymachinery.com\/#\/schema\/logo\/image\/\"}}]}<\/script>\n<!-- \/ Yoast SEO plugin. -->","yoast_head_json":{"title":"Podb\u00edja\u010dka CH-H125 - Stavebn\u00e9 stroje HSY","description":"Podb\u00edja\u010dka CH-H125 Honda poskytuje siln\u00e9 zhut\u0148ovanie p\u00f4dy s odoln\u00fdm v\u00fdkonom pri pr\u00e1cach vo v\u00fdkopoch, pri zakladan\u00ed stavieb a pri v\u00fdstavbe ciest. Ide\u00e1lne pre profesion\u00e1lov.","robots":{"index":"index","follow":"follow","max-snippet":"max-snippet:-1","max-image-preview":"max-image-preview:large","max-video-preview":"max-video-preview:-1"},"canonical":"https:\/\/www.hsymachinery.com\/sk\/produkt\/podbijacka-ch-h125\/","og_locale":"sk_SK","og_type":"article","og_title":"Tamping Rammer CH-H125 - HSY Construction Machinery","og_description":"CH-H125 Honda Tamping Rammer delivers powerful soil compaction with durable performance for trench, foundation, and roadwork. Ideal for professionals.","og_url":"https:\/\/www.hsymachinery.com\/sk\/produkt\/podbijacka-ch-h125\/","og_site_name":"HSY Construction Machinery","article_modified_time":"2025-06-28T07:46:29+00:00","og_image":[{"width":800,"height":800,"url":"https:\/\/www.hsymachinery.com\/wp-content\/uploads\/2025\/06\/Tamping-Rammer-CH-H125.jpg","type":"image\/jpeg"}],"twitter_card":"summary_large_image","twitter_misc":{"Predpokladan\u00fd \u010das \u010d\u00edtania":"2 min\u00faty"},"schema":{"@context":"https:\/\/schema.org","@graph":[{"@type":"WebPage","@id":"https:\/\/www.hsymachinery.com\/product\/tamping-rammer-ch-h125\/","url":"https:\/\/www.hsymachinery.com\/product\/tamping-rammer-ch-h125\/","name":"Podb\u00edja\u010dka CH-H125 - Stavebn\u00e9 stroje HSY","isPartOf":{"@id":"https:\/\/www.hsymachinery.com\/#website"},"primaryImageOfPage":{"@id":"https:\/\/www.hsymachinery.com\/product\/tamping-rammer-ch-h125\/#primaryimage"},"image":{"@id":"https:\/\/www.hsymachinery.com\/product\/tamping-rammer-ch-h125\/#primaryimage"},"thumbnailUrl":"https:\/\/www.hsymachinery.com\/wp-content\/uploads\/2025\/06\/Tamping-Rammer-CH-H125.jpg","datePublished":"2025-06-18T08:31:39+00:00","dateModified":"2025-06-28T07:46:29+00:00","description":"Podb\u00edja\u010dka CH-H125 Honda poskytuje siln\u00e9 zhut\u0148ovanie p\u00f4dy s odoln\u00fdm v\u00fdkonom pri pr\u00e1cach vo v\u00fdkopoch, pri zakladan\u00ed stavieb a pri v\u00fdstavbe ciest. Ide\u00e1lne pre profesion\u00e1lov.","breadcrumb":{"@id":"https:\/\/www.hsymachinery.com\/product\/tamping-rammer-ch-h125\/#breadcrumb"},"inLanguage":"sk-SK","potentialAction":[{"@type":"ReadAction","target":["https:\/\/www.hsymachinery.com\/product\/tamping-rammer-ch-h125\/"]}]},{"@type":"ImageObject","inLanguage":"sk-SK","@id":"https:\/\/www.hsymachinery.com\/product\/tamping-rammer-ch-h125\/#primaryimage","url":"https:\/\/www.hsymachinery.com\/wp-content\/uploads\/2025\/06\/Tamping-Rammer-CH-H125.jpg","contentUrl":"https:\/\/www.hsymachinery.com\/wp-content\/uploads\/2025\/06\/Tamping-Rammer-CH-H125.jpg","width":800,"height":800},{"@type":"BreadcrumbList","@id":"https:\/\/www.hsymachinery.com\/product\/tamping-rammer-ch-h125\/#breadcrumb","itemListElement":[{"@type":"ListItem","position":1,"name":"home","item":"https:\/\/www.hsymachinery.com\/"},{"@type":"ListItem","position":2,"name":"products","item":"https:\/\/www.hsymachinery.com\/products\/"},{"@type":"ListItem","position":3,"name":"Tamping Rammer CH-H125"}]},{"@type":"WebSite","@id":"https:\/\/www.hsymachinery.com\/#website","url":"https:\/\/www.hsymachinery.com\/","name":"Stavebn\u00e9 stroje HSY","description":"HSY Machinery - popredn\u00fd dod\u00e1vate\u013e stavebn\u00fdch strojov v \u010c\u00edne, ktor\u00fd pon\u00faka \u0161irok\u00fd sortiment \u013eahk\u00fdch stavebn\u00fdch strojov. Medzi na\u0161e hlavn\u00e9 produkty patr\u00ed stroj na rezanie ty\u010d\u00ed, stroj na oh\u00fdbanie ty\u010d\u00ed, stroj na oh\u00fdbanie ty\u010d\u00ed, stroj na oh\u00fdbanie obl\u00fakov ty\u010d\u00ed, stroj na rovnanie ty\u010d\u00ed, p\u00e4\u0165hlav\u0148ov\u00fd stroj na oh\u00fdbanie ty\u010d\u00ed, podb\u00edja\u010dka, zhut\u0148ova\u010d dosiek, fr\u00e9za na bet\u00f3n, elektrick\u00e1 stierka a \u010fal\u0161ie stavebn\u00e9 stroje. Sme vybaven\u00ed modern\u00fdmi CNC strojmi a presadzujeme pr\u00edsne normy kontroly kvality spolu s komplexn\u00fdm popredajn\u00fdm servisom. Ak m\u00e1te z\u00e1ujem o na\u0161e v\u00fdrobky alebo slu\u017eby, srde\u010dne priv\u00edtame va\u0161e ot\u00e1zky prostredn\u00edctvom spr\u00e1vy.","publisher":{"@id":"https:\/\/www.hsymachinery.com\/#organization"},"potentialAction":[{"@type":"SearchAction","target":{"@type":"EntryPoint","urlTemplate":"https:\/\/www.hsymachinery.com\/?s={search_term_string}"},"query-input":{"@type":"PropertyValueSpecification","valueRequired":true,"valueName":"search_term_string"}}],"inLanguage":"sk-SK"},{"@type":"Organization","@id":"https:\/\/www.hsymachinery.com\/#organization","name":"Stavebn\u00e9 stroje HSY","url":"https:\/\/www.hsymachinery.com\/","logo":{"@type":"ImageObject","inLanguage":"sk-SK","@id":"https:\/\/www.hsymachinery.com\/#\/schema\/logo\/image\/","url":"https:\/\/www.hsymachinery.com\/wp-content\/uploads\/2025\/06\/cropped-HSY-machinery.png","contentUrl":"https:\/\/www.hsymachinery.com\/wp-content\/uploads\/2025\/06\/cropped-HSY-machinery.png","width":600,"height":240,"caption":"HSY Construction Machinery"},"image":{"@id":"https:\/\/www.hsymachinery.com\/#\/schema\/logo\/image\/"}}]}},"_links":{"self":[{"href":"https:\/\/www.hsymachinery.com\/sk\/wp-json\/wp\/v2\/product\/9091","targetHints":{"allow":["GET"]}}],"collection":[{"href":"https:\/\/www.hsymachinery.com\/sk\/wp-json\/wp\/v2\/product"}],"about":[{"href":"https:\/\/www.hsymachinery.com\/sk\/wp-json\/wp\/v2\/types\/product"}],"version-history":[{"count":3,"href":"https:\/\/www.hsymachinery.com\/sk\/wp-json\/wp\/v2\/product\/9091\/revisions"}],"predecessor-version":[{"id":9513,"href":"https:\/\/www.hsymachinery.com\/sk\/wp-json\/wp\/v2\/product\/9091\/revisions\/9513"}],"wp:featuredmedia":[{"embeddable":true,"href":"https:\/\/www.hsymachinery.com\/sk\/wp-json\/wp\/v2\/media\/9092"}],"wp:attachment":[{"href":"https:\/\/www.hsymachinery.com\/sk\/wp-json\/wp\/v2\/media?parent=9091"}],"wp:term":[{"taxonomy":"product_brand","embeddable":true,"href":"https:\/\/www.hsymachinery.com\/sk\/wp-json\/wp\/v2\/product_brand?post=9091"},{"taxonomy":"product_cat","embeddable":true,"href":"https:\/\/www.hsymachinery.com\/sk\/wp-json\/wp\/v2\/product_cat?post=9091"},{"taxonomy":"product_tag","embeddable":true,"href":"https:\/\/www.hsymachinery.com\/sk\/wp-json\/wp\/v2\/product_tag?post=9091"}],"curies":[{"name":"wp","href":"https:\/\/api.w.org\/{rel}","templated":true}]}}