{"id":9082,"date":"2025-06-18T16:28:16","date_gmt":"2025-06-18T08:28:16","guid":{"rendered":"https:\/\/www.hsymachinery.com\/?post_type=product&#038;p=9082"},"modified":"2025-06-28T15:36:07","modified_gmt":"2025-06-28T07:36:07","slug":"podbijacka-ch-h110","status":"publish","type":"product","link":"https:\/\/www.hsymachinery.com\/sk\/produkt\/podbijacka-ch-h110\/","title":{"rendered":"Podb\u00edja\u010dka CH-H110"},"content":{"rendered":"<h2 data-start=\"99\" data-end=\"129\">Podb\u00edja\u010dka CH-H110<\/h2>\n<h3 data-start=\"130\" data-end=\"238\">CH-H110 Benz\u00ednov\u00e1 podb\u00edja\u010dka Honda | Kompaktn\u00fd a spo\u013eahliv\u00fd zhut\u0148ova\u010d p\u00f4dy pre n\u00e1ro\u010dn\u00e9 mestsk\u00e9 pracovisk\u00e1<\/h3>\n<h3 data-start=\"245\" data-end=\"317\">Preh\u013ead produktu - skon\u0161truovan\u00fd pre odolnos\u0165, d\u00f4veryhodn\u00fd pre profesion\u00e1lov<a href=\"https:\/\/www.hsymachinery.com\/sk\/produkty\/ubijacie-kladivo\/\" target=\"_blank\" rel=\"noopener\"><img fetchpriority=\"high\" decoding=\"async\" class=\"wp-image-9083 alignright\" src=\"https:\/\/www.hsymachinery.com\/wp-content\/uploads\/2025\/06\/Tamping-Rammer-CH-H110-300x300.jpg\" alt=\"\" width=\"470\" height=\"470\" srcset=\"https:\/\/www.hsymachinery.com\/wp-content\/uploads\/2025\/06\/Tamping-Rammer-CH-H110-300x300.jpg 300w, https:\/\/www.hsymachinery.com\/wp-content\/uploads\/2025\/06\/Tamping-Rammer-CH-H110-150x150.jpg 150w, https:\/\/www.hsymachinery.com\/wp-content\/uploads\/2025\/06\/Tamping-Rammer-CH-H110-768x768.jpg 768w, https:\/\/www.hsymachinery.com\/wp-content\/uploads\/2025\/06\/Tamping-Rammer-CH-H110-600x600.jpg 600w, https:\/\/www.hsymachinery.com\/wp-content\/uploads\/2025\/06\/Tamping-Rammer-CH-H110-100x100.jpg 100w, https:\/\/www.hsymachinery.com\/wp-content\/uploads\/2025\/06\/Tamping-Rammer-CH-H110.jpg 800w\" sizes=\"(max-width: 470px) 100vw, 470px\" \/><\/a><\/h3>\n<p data-start=\"319\" data-end=\"672\">Str\u00e1nka <strong data-start=\"323\" data-end=\"349\">CH-H110 Podb\u00edja\u010dka<\/strong> kombinuje kompaktn\u00e9 rozmery zb\u00edja\u010dky strednej triedy s v\u00fdnimo\u010dnou spo\u013eahlivos\u0165ou \u0161tvortaktn\u00e9ho motora Honda GX160. Tento model je ur\u010den\u00fd na mestsk\u00fa v\u00fdstavbu, \u00fadr\u017ebu v\u00fdkopov, zhut\u0148ovanie z\u00e1kladov a obnovu chodn\u00edkov a poskytuje konzistentn\u00fd v\u00fdkon v stiesnen\u00fdch priestoroch alebo v prostred\u00ed ka\u017edodenn\u00e9ho pou\u017e\u00edvania.<\/p>\n<p data-start=\"674\" data-end=\"846\">Poskytuje stabiln\u00fa ub\u00edjaciu silu, tich\u00fd prev\u00e1dzkov\u00fd profil a dlh\u00fa \u017eivotnos\u0165 motora, \u010do z neho rob\u00ed ide\u00e1lny n\u00e1stroj pre dod\u00e1vate\u013eov, ktor\u00ed vy\u017eaduj\u00fa mobilitu aj v\u00fdkon.<\/p>\n<h3 data-start=\"853\" data-end=\"904\">Hladk\u00fd \u0161tart, vysok\u00fd n\u00e1raz a jednoduch\u00e1 manipul\u00e1cia<\/h3>\n<p data-start=\"906\" data-end=\"1160\">V\u010faka motoru Honda GX160 sa model CH-H110 \u0161tartuje bez n\u00e1mahy a udr\u017eiava si stabiln\u00fd rozsah ot\u00e1\u010dok, ktor\u00fd zabezpe\u010duje rovnomern\u00e9 zhut\u0148ovanie. Jeho n\u00e1razuvzdorn\u00fd syst\u00e9m rukov\u00e4te a zosilnen\u00e1 oce\u013eov\u00e1 podb\u00edjacia doska minimalizuj\u00fa sp\u00e4tn\u00fd r\u00e1z a z\u00e1rove\u0148 maximalizuj\u00fa h\u013abku na jeden z\u00e1sah.<\/p>\n<p data-start=\"1162\" data-end=\"1288\">Obsluha profituje zo zn\u00ed\u017een\u00fdch vibr\u00e1ci\u00ed a \u013eahk\u00e9ho man\u00e9vrovania, a to aj po\u010das dlhodobej pr\u00e1ce na nerovnom alebo hrbo\u013eatom ter\u00e9ne.<\/p>\n<h3 data-start=\"1295\" data-end=\"1351\">Spo\u013eahlivos\u0165 pre mestsk\u00e9, obytn\u00e9 a vzdialen\u00e9 \u00falohy<\/h3>\n<p data-start=\"1353\" data-end=\"1632\">V\u010faka \u00fazkemu r\u00e1mu a vyv\u00e1\u017eenej hmotnosti sa modelu CH-H110 dar\u00ed na miestach s vysokou n\u00e1v\u0161tevnos\u0165ou a obmedzen\u00fdm priestorom. \u010ci u\u017e zhut\u0148ujete v mestsk\u00fdch chodn\u00edkoch, tesn\u00fdch v\u00fdkopoch alebo pri moderniz\u00e1cii infra\u0161trukt\u00fary, tento model poskytuje konzistentn\u00e9 v\u00fdsledky pri n\u00edzkej spotrebe paliva.<\/p>\n<p data-start=\"1634\" data-end=\"1730\">Okrem toho je motor Honda celosvetovo uzn\u00e1van\u00fd pre svoju spo\u013eahlivos\u0165 a nen\u00e1ro\u010dn\u00fa \u00fadr\u017ebu.<\/p>\n<h3 data-start=\"1737\" data-end=\"1790\">K\u013e\u00fa\u010dov\u00e9 vlastnosti benz\u00ednov\u00e9ho b\u00faracieho kladiva CH-H110<\/h3>\n<ul data-start=\"1792\" data-end=\"2096\">\n<li data-start=\"1792\" data-end=\"1852\">\n<p data-start=\"1794\" data-end=\"1852\">Motor Honda GX160 zaru\u010duje dlh\u00fa \u017eivotnos\u0165 a vysok\u00fa \u00fa\u010dinnos\u0165<\/p>\n<\/li>\n<li data-start=\"1853\" data-end=\"1921\">\n<p data-start=\"1855\" data-end=\"1921\">Ide\u00e1lne na tesn\u00e9 v\u00fdkopy, chodn\u00edky a projekty v interi\u00e9ri a exteri\u00e9ri<\/p>\n<\/li>\n<li data-start=\"1922\" data-end=\"1981\">\n<p data-start=\"1924\" data-end=\"1981\">Kompaktn\u00fd, ergonomick\u00fd dizajn so syst\u00e9mom zn\u00ed\u017een\u00fdch vibr\u00e1ci\u00ed<\/p>\n<\/li>\n<li data-start=\"1982\" data-end=\"2040\">\n<p data-start=\"1984\" data-end=\"2040\">Odoln\u00e1 oce\u013eov\u00e1 zatl\u00e1\u010dacia doska na konzistentn\u00fd a hlbok\u00fd \u00fader<\/p>\n<\/li>\n<li data-start=\"2041\" data-end=\"2096\">\n<p data-start=\"2043\" data-end=\"2096\">Ide\u00e1lne pre profesion\u00e1lne a komun\u00e1lne aplik\u00e1cie<\/p>\n<\/li>\n<\/ul>","protected":false},"excerpt":{"rendered":"<p>Podb\u00edja\u010dka CH-H110 je vybaven\u00e1 motorom Honda GX160 a kompaktn\u00fdm telom na zhut\u0148ovanie mestsk\u00fdch priekop, chodn\u00edkov a z\u00e1kladov. Siln\u00e9, tich\u00e9 a vysoko spo\u013eahliv\u00e9.<\/p>","protected":false},"featured_media":9083,"template":"","meta":{"_kad_post_transparent":"default","_kad_post_title":"","_kad_post_layout":"default","_kad_post_sidebar_id":"","_kad_post_content_style":"default","_kad_post_vertical_padding":"default","_kad_post_feature":"","_kad_post_feature_position":"","_kad_post_header":false,"_kad_post_footer":false},"product_brand":[],"product_cat":[83],"product_tag":[1060,1057,1058,1059,1051,1052,1056,1053,1055,1054],"class_list":{"0":"post-9082","1":"product","2":"type-product","3":"status-publish","4":"has-post-thumbnail","6":"product_cat-tamping-rammer","7":"product_tag-backfill-compactor-machine","8":"product_tag-diesel-tamping-rammer","9":"product_tag-earth-tamping-machine","10":"product_tag-handheld-tamping-rammer","11":"product_tag-impact-rammer","12":"product_tag-jumping-jack-compactor","13":"product_tag-petrol-tamping-rammer","14":"product_tag-plate-tamping-rammer","15":"product_tag-soil-compaction-rammer","16":"product_tag-vibratory-tamping-rammer","18":"first","19":"instock","20":"shipping-taxable","21":"product-type-simple","22":"entry","23":"content-bg","24":"loop-entry"},"yoast_head":"<!-- This site is optimized with the Yoast SEO plugin v25.3.1 - https:\/\/yoast.com\/wordpress\/plugins\/seo\/ -->\n<title>Tamping Rammer CH-H110 - HSY Construction Machinery<\/title>\n<meta name=\"description\" content=\"CH-H110 Tamping Rammer runs on a Honda GX160 engine, offering strong soil compaction in compact spaces. Ideal for city jobsites, trenches, and pavement repairs.\" \/>\n<meta name=\"robots\" content=\"index, follow, max-snippet:-1, max-image-preview:large, max-video-preview:-1\" \/>\n<link rel=\"canonical\" href=\"https:\/\/www.hsymachinery.com\/sk\/produkt\/podbijacka-ch-h110\/\" \/>\n<meta property=\"og:locale\" content=\"sk_SK\" \/>\n<meta property=\"og:type\" content=\"article\" \/>\n<meta property=\"og:title\" content=\"Tamping Rammer CH-H110 - HSY Construction Machinery\" \/>\n<meta property=\"og:description\" content=\"CH-H110 Tamping Rammer runs on a Honda GX160 engine, offering strong soil compaction in compact spaces. Ideal for city jobsites, trenches, and pavement repairs.\" \/>\n<meta property=\"og:url\" content=\"https:\/\/www.hsymachinery.com\/sk\/produkt\/podbijacka-ch-h110\/\" \/>\n<meta property=\"og:site_name\" content=\"HSY Construction Machinery\" \/>\n<meta property=\"article:modified_time\" content=\"2025-06-28T07:36:07+00:00\" \/>\n<meta property=\"og:image\" content=\"https:\/\/www.hsymachinery.com\/wp-content\/uploads\/2025\/06\/Tamping-Rammer-CH-H110.jpg\" \/>\n\t<meta property=\"og:image:width\" content=\"800\" \/>\n\t<meta property=\"og:image:height\" content=\"800\" \/>\n\t<meta property=\"og:image:type\" content=\"image\/jpeg\" \/>\n<meta name=\"twitter:card\" content=\"summary_large_image\" \/>\n<meta name=\"twitter:label1\" content=\"Predpokladan\u00fd \u010das \u010d\u00edtania\" \/>\n\t<meta name=\"twitter:data1\" content=\"2 min\u00faty\" \/>\n<script type=\"application\/ld+json\" class=\"yoast-schema-graph\">{\"@context\":\"https:\/\/schema.org\",\"@graph\":[{\"@type\":\"WebPage\",\"@id\":\"https:\/\/www.hsymachinery.com\/product\/tamping-rammer-ch-h110\/\",\"url\":\"https:\/\/www.hsymachinery.com\/product\/tamping-rammer-ch-h110\/\",\"name\":\"Tamping Rammer CH-H110 - HSY Construction Machinery\",\"isPartOf\":{\"@id\":\"https:\/\/www.hsymachinery.com\/#website\"},\"primaryImageOfPage\":{\"@id\":\"https:\/\/www.hsymachinery.com\/product\/tamping-rammer-ch-h110\/#primaryimage\"},\"image\":{\"@id\":\"https:\/\/www.hsymachinery.com\/product\/tamping-rammer-ch-h110\/#primaryimage\"},\"thumbnailUrl\":\"https:\/\/www.hsymachinery.com\/wp-content\/uploads\/2025\/06\/Tamping-Rammer-CH-H110.jpg\",\"datePublished\":\"2025-06-18T08:28:16+00:00\",\"dateModified\":\"2025-06-28T07:36:07+00:00\",\"description\":\"CH-H110 Tamping Rammer runs on a Honda GX160 engine, offering strong soil compaction in compact spaces. Ideal for city jobsites, trenches, and pavement repairs.\",\"breadcrumb\":{\"@id\":\"https:\/\/www.hsymachinery.com\/product\/tamping-rammer-ch-h110\/#breadcrumb\"},\"inLanguage\":\"sk-SK\",\"potentialAction\":[{\"@type\":\"ReadAction\",\"target\":[\"https:\/\/www.hsymachinery.com\/product\/tamping-rammer-ch-h110\/\"]}]},{\"@type\":\"ImageObject\",\"inLanguage\":\"sk-SK\",\"@id\":\"https:\/\/www.hsymachinery.com\/product\/tamping-rammer-ch-h110\/#primaryimage\",\"url\":\"https:\/\/www.hsymachinery.com\/wp-content\/uploads\/2025\/06\/Tamping-Rammer-CH-H110.jpg\",\"contentUrl\":\"https:\/\/www.hsymachinery.com\/wp-content\/uploads\/2025\/06\/Tamping-Rammer-CH-H110.jpg\",\"width\":800,\"height\":800},{\"@type\":\"BreadcrumbList\",\"@id\":\"https:\/\/www.hsymachinery.com\/product\/tamping-rammer-ch-h110\/#breadcrumb\",\"itemListElement\":[{\"@type\":\"ListItem\",\"position\":1,\"name\":\"home\",\"item\":\"https:\/\/www.hsymachinery.com\/\"},{\"@type\":\"ListItem\",\"position\":2,\"name\":\"products\",\"item\":\"https:\/\/www.hsymachinery.com\/products\/\"},{\"@type\":\"ListItem\",\"position\":3,\"name\":\"Tamping Rammer CH-H110\"}]},{\"@type\":\"WebSite\",\"@id\":\"https:\/\/www.hsymachinery.com\/#website\",\"url\":\"https:\/\/www.hsymachinery.com\/\",\"name\":\"HSY Construction Machinery\",\"description\":\"HSY Machinery \u2013 A leading China construction machinery supplier, offering a wide range of light construction equipment. Our main products include Rebar Cutting Machine, Rebar Bending Machine, Rebar Stirrup Bending Machine, Rebar Arc Bending Machine, Rebar Straightening Machine, Five-Head Rebar Stirrup Bending Machine, Tamping Rammer, Plate Compactor, Concrete Cutter, Power Trowel, and other construction machinery. We are equipped with advanced CNC machines, and we enforce strict quality inspection standards along with comprehensive after-sales service. If you are interested in our products or services, we warmly welcome your inquiries via message.\",\"publisher\":{\"@id\":\"https:\/\/www.hsymachinery.com\/#organization\"},\"potentialAction\":[{\"@type\":\"SearchAction\",\"target\":{\"@type\":\"EntryPoint\",\"urlTemplate\":\"https:\/\/www.hsymachinery.com\/?s={search_term_string}\"},\"query-input\":{\"@type\":\"PropertyValueSpecification\",\"valueRequired\":true,\"valueName\":\"search_term_string\"}}],\"inLanguage\":\"sk-SK\"},{\"@type\":\"Organization\",\"@id\":\"https:\/\/www.hsymachinery.com\/#organization\",\"name\":\"HSY Construction Machinery\",\"url\":\"https:\/\/www.hsymachinery.com\/\",\"logo\":{\"@type\":\"ImageObject\",\"inLanguage\":\"sk-SK\",\"@id\":\"https:\/\/www.hsymachinery.com\/#\/schema\/logo\/image\/\",\"url\":\"https:\/\/www.hsymachinery.com\/wp-content\/uploads\/2025\/06\/cropped-HSY-machinery.png\",\"contentUrl\":\"https:\/\/www.hsymachinery.com\/wp-content\/uploads\/2025\/06\/cropped-HSY-machinery.png\",\"width\":600,\"height\":240,\"caption\":\"HSY Construction Machinery\"},\"image\":{\"@id\":\"https:\/\/www.hsymachinery.com\/#\/schema\/logo\/image\/\"}}]}<\/script>\n<!-- \/ Yoast SEO plugin. -->","yoast_head_json":{"title":"Podb\u00edja\u010dka CH-H110 - Stavebn\u00e9 stroje HSY","description":"Podb\u00edja\u010dka CH-H110 je poh\u00e1\u0148an\u00e1 motorom Honda GX160 a pon\u00faka siln\u00e9 zhutnenie p\u00f4dy v kompaktn\u00fdch priestoroch. Ide\u00e1lne pre mestsk\u00e9 pracovisk\u00e1, v\u00fdkopy a opravy chodn\u00edkov.","robots":{"index":"index","follow":"follow","max-snippet":"max-snippet:-1","max-image-preview":"max-image-preview:large","max-video-preview":"max-video-preview:-1"},"canonical":"https:\/\/www.hsymachinery.com\/sk\/produkt\/podbijacka-ch-h110\/","og_locale":"sk_SK","og_type":"article","og_title":"Tamping Rammer CH-H110 - HSY Construction Machinery","og_description":"CH-H110 Tamping Rammer runs on a Honda GX160 engine, offering strong soil compaction in compact spaces. Ideal for city jobsites, trenches, and pavement repairs.","og_url":"https:\/\/www.hsymachinery.com\/sk\/produkt\/podbijacka-ch-h110\/","og_site_name":"HSY Construction Machinery","article_modified_time":"2025-06-28T07:36:07+00:00","og_image":[{"width":800,"height":800,"url":"https:\/\/www.hsymachinery.com\/wp-content\/uploads\/2025\/06\/Tamping-Rammer-CH-H110.jpg","type":"image\/jpeg"}],"twitter_card":"summary_large_image","twitter_misc":{"Predpokladan\u00fd \u010das \u010d\u00edtania":"2 min\u00faty"},"schema":{"@context":"https:\/\/schema.org","@graph":[{"@type":"WebPage","@id":"https:\/\/www.hsymachinery.com\/product\/tamping-rammer-ch-h110\/","url":"https:\/\/www.hsymachinery.com\/product\/tamping-rammer-ch-h110\/","name":"Podb\u00edja\u010dka CH-H110 - Stavebn\u00e9 stroje HSY","isPartOf":{"@id":"https:\/\/www.hsymachinery.com\/#website"},"primaryImageOfPage":{"@id":"https:\/\/www.hsymachinery.com\/product\/tamping-rammer-ch-h110\/#primaryimage"},"image":{"@id":"https:\/\/www.hsymachinery.com\/product\/tamping-rammer-ch-h110\/#primaryimage"},"thumbnailUrl":"https:\/\/www.hsymachinery.com\/wp-content\/uploads\/2025\/06\/Tamping-Rammer-CH-H110.jpg","datePublished":"2025-06-18T08:28:16+00:00","dateModified":"2025-06-28T07:36:07+00:00","description":"Podb\u00edja\u010dka CH-H110 je poh\u00e1\u0148an\u00e1 motorom Honda GX160 a pon\u00faka siln\u00e9 zhutnenie p\u00f4dy v kompaktn\u00fdch priestoroch. Ide\u00e1lne pre mestsk\u00e9 pracovisk\u00e1, v\u00fdkopy a opravy chodn\u00edkov.","breadcrumb":{"@id":"https:\/\/www.hsymachinery.com\/product\/tamping-rammer-ch-h110\/#breadcrumb"},"inLanguage":"sk-SK","potentialAction":[{"@type":"ReadAction","target":["https:\/\/www.hsymachinery.com\/product\/tamping-rammer-ch-h110\/"]}]},{"@type":"ImageObject","inLanguage":"sk-SK","@id":"https:\/\/www.hsymachinery.com\/product\/tamping-rammer-ch-h110\/#primaryimage","url":"https:\/\/www.hsymachinery.com\/wp-content\/uploads\/2025\/06\/Tamping-Rammer-CH-H110.jpg","contentUrl":"https:\/\/www.hsymachinery.com\/wp-content\/uploads\/2025\/06\/Tamping-Rammer-CH-H110.jpg","width":800,"height":800},{"@type":"BreadcrumbList","@id":"https:\/\/www.hsymachinery.com\/product\/tamping-rammer-ch-h110\/#breadcrumb","itemListElement":[{"@type":"ListItem","position":1,"name":"home","item":"https:\/\/www.hsymachinery.com\/"},{"@type":"ListItem","position":2,"name":"products","item":"https:\/\/www.hsymachinery.com\/products\/"},{"@type":"ListItem","position":3,"name":"Tamping Rammer CH-H110"}]},{"@type":"WebSite","@id":"https:\/\/www.hsymachinery.com\/#website","url":"https:\/\/www.hsymachinery.com\/","name":"Stavebn\u00e9 stroje HSY","description":"HSY Machinery - popredn\u00fd dod\u00e1vate\u013e stavebn\u00fdch strojov v \u010c\u00edne, ktor\u00fd pon\u00faka \u0161irok\u00fd sortiment \u013eahk\u00fdch stavebn\u00fdch strojov. Medzi na\u0161e hlavn\u00e9 produkty patr\u00ed stroj na rezanie ty\u010d\u00ed, stroj na oh\u00fdbanie ty\u010d\u00ed, stroj na oh\u00fdbanie ty\u010d\u00ed, stroj na oh\u00fdbanie obl\u00fakov ty\u010d\u00ed, stroj na rovnanie ty\u010d\u00ed, p\u00e4\u0165hlav\u0148ov\u00fd stroj na oh\u00fdbanie ty\u010d\u00ed, podb\u00edja\u010dka, zhut\u0148ova\u010d dosiek, fr\u00e9za na bet\u00f3n, elektrick\u00e1 stierka a \u010fal\u0161ie stavebn\u00e9 stroje. Sme vybaven\u00ed modern\u00fdmi CNC strojmi a presadzujeme pr\u00edsne normy kontroly kvality spolu s komplexn\u00fdm popredajn\u00fdm servisom. Ak m\u00e1te z\u00e1ujem o na\u0161e v\u00fdrobky alebo slu\u017eby, srde\u010dne priv\u00edtame va\u0161e ot\u00e1zky prostredn\u00edctvom spr\u00e1vy.","publisher":{"@id":"https:\/\/www.hsymachinery.com\/#organization"},"potentialAction":[{"@type":"SearchAction","target":{"@type":"EntryPoint","urlTemplate":"https:\/\/www.hsymachinery.com\/?s={search_term_string}"},"query-input":{"@type":"PropertyValueSpecification","valueRequired":true,"valueName":"search_term_string"}}],"inLanguage":"sk-SK"},{"@type":"Organization","@id":"https:\/\/www.hsymachinery.com\/#organization","name":"Stavebn\u00e9 stroje HSY","url":"https:\/\/www.hsymachinery.com\/","logo":{"@type":"ImageObject","inLanguage":"sk-SK","@id":"https:\/\/www.hsymachinery.com\/#\/schema\/logo\/image\/","url":"https:\/\/www.hsymachinery.com\/wp-content\/uploads\/2025\/06\/cropped-HSY-machinery.png","contentUrl":"https:\/\/www.hsymachinery.com\/wp-content\/uploads\/2025\/06\/cropped-HSY-machinery.png","width":600,"height":240,"caption":"HSY Construction Machinery"},"image":{"@id":"https:\/\/www.hsymachinery.com\/#\/schema\/logo\/image\/"}}]}},"_links":{"self":[{"href":"https:\/\/www.hsymachinery.com\/sk\/wp-json\/wp\/v2\/product\/9082","targetHints":{"allow":["GET"]}}],"collection":[{"href":"https:\/\/www.hsymachinery.com\/sk\/wp-json\/wp\/v2\/product"}],"about":[{"href":"https:\/\/www.hsymachinery.com\/sk\/wp-json\/wp\/v2\/types\/product"}],"version-history":[{"count":3,"href":"https:\/\/www.hsymachinery.com\/sk\/wp-json\/wp\/v2\/product\/9082\/revisions"}],"predecessor-version":[{"id":9507,"href":"https:\/\/www.hsymachinery.com\/sk\/wp-json\/wp\/v2\/product\/9082\/revisions\/9507"}],"wp:featuredmedia":[{"embeddable":true,"href":"https:\/\/www.hsymachinery.com\/sk\/wp-json\/wp\/v2\/media\/9083"}],"wp:attachment":[{"href":"https:\/\/www.hsymachinery.com\/sk\/wp-json\/wp\/v2\/media?parent=9082"}],"wp:term":[{"taxonomy":"product_brand","embeddable":true,"href":"https:\/\/www.hsymachinery.com\/sk\/wp-json\/wp\/v2\/product_brand?post=9082"},{"taxonomy":"product_cat","embeddable":true,"href":"https:\/\/www.hsymachinery.com\/sk\/wp-json\/wp\/v2\/product_cat?post=9082"},{"taxonomy":"product_tag","embeddable":true,"href":"https:\/\/www.hsymachinery.com\/sk\/wp-json\/wp\/v2\/product_tag?post=9082"}],"curies":[{"name":"wp","href":"https:\/\/api.w.org\/{rel}","templated":true}]}}