{"id":9079,"date":"2025-06-18T16:26:19","date_gmt":"2025-06-18T08:26:19","guid":{"rendered":"https:\/\/www.hsymachinery.com\/?post_type=product&#038;p=9079"},"modified":"2025-06-28T15:32:17","modified_gmt":"2025-06-28T07:32:17","slug":"podbijacka-ch-l110","status":"publish","type":"product","link":"https:\/\/www.hsymachinery.com\/sk\/produkt\/podbijacka-ch-l110\/","title":{"rendered":"Podb\u00edja\u010dka CH-L110"},"content":{"rendered":"<h2 data-start=\"113\" data-end=\"143\">Podb\u00edja\u010dka CH-L110<\/h2>\n<h3 data-start=\"144\" data-end=\"257\">CH-L110 Benz\u00ednov\u00e1 podb\u00edja\u010dka s motorom Loncin | \u013dahk\u00fd zhut\u0148ova\u010d p\u00f4dy na v\u00fdkopy, chodn\u00edky a opravy<\/h3>\n<h3 data-start=\"264\" data-end=\"335\">Preh\u013ead produktu - Prenosn\u00e9 a \u00fa\u010dinn\u00e9 zhut\u0148ovanie na plynov\u00fd pohon<a href=\"https:\/\/www.hsymachinery.com\/sk\/produkty\/ubijacie-kladivo\/\" target=\"_blank\" rel=\"noopener\"><img fetchpriority=\"high\" decoding=\"async\" class=\"wp-image-9080 alignright\" src=\"https:\/\/www.hsymachinery.com\/wp-content\/uploads\/2025\/06\/Tamping-Rammer-CH-L110-300x300.jpg\" alt=\"\" width=\"470\" height=\"470\" srcset=\"https:\/\/www.hsymachinery.com\/wp-content\/uploads\/2025\/06\/Tamping-Rammer-CH-L110-300x300.jpg 300w, https:\/\/www.hsymachinery.com\/wp-content\/uploads\/2025\/06\/Tamping-Rammer-CH-L110-150x150.jpg 150w, https:\/\/www.hsymachinery.com\/wp-content\/uploads\/2025\/06\/Tamping-Rammer-CH-L110-768x768.jpg 768w, https:\/\/www.hsymachinery.com\/wp-content\/uploads\/2025\/06\/Tamping-Rammer-CH-L110-600x600.jpg 600w, https:\/\/www.hsymachinery.com\/wp-content\/uploads\/2025\/06\/Tamping-Rammer-CH-L110-100x100.jpg 100w, https:\/\/www.hsymachinery.com\/wp-content\/uploads\/2025\/06\/Tamping-Rammer-CH-L110.jpg 800w\" sizes=\"(max-width: 470px) 100vw, 470px\" \/><\/a><\/h3>\n<p data-start=\"337\" data-end=\"740\">Str\u00e1nka <strong data-start=\"341\" data-end=\"367\">CH-L110 Podb\u00edja\u010dka<\/strong> je \u013eahk\u00fd, obratn\u00fd kompaktor vybaven\u00fd spo\u013eahliv\u00fdm benz\u00ednov\u00fdm motorom Loncin, ide\u00e1lny pre dod\u00e1vate\u013eov, ktor\u00ed h\u013eadaj\u00fa rovnov\u00e1hu medzi prenosnos\u0165ou a v\u00fdkonom. Je ur\u010den\u00fd na pr\u00e1ce vo v\u00fdkopoch, opravy chodn\u00edkov, ter\u00e9nne \u00fapravy a \u00fazke mestsk\u00e9 stavebn\u00e9 z\u00f3ny a pon\u00faka spo\u013eahliv\u00e9 zhut\u0148ovanie na \u0165a\u017eko pr\u00edstupn\u00fdch miestach, kde s\u00fa \u0165a\u017e\u0161ie stroje nepraktick\u00e9.<\/p>\n<p data-start=\"742\" data-end=\"887\">Jeho kompaktn\u00e9 rozmery v kombin\u00e1cii so sol\u00eddnou silou pri ub\u00edjan\u00ed z neho robia univerz\u00e1lne rie\u0161enie pre v\u0161eobecn\u00e9 stavebn\u00e9 \u010daty a t\u00edmy \u00fadr\u017eby in\u017einierskych siet\u00ed.<\/p>\n<h3 data-start=\"894\" data-end=\"956\">Jednoduch\u00e9 \u0161tartovanie, \u00fasporn\u00e1 prev\u00e1dzka a plynul\u00fd v\u00fdkon<\/h3>\n<p data-start=\"958\" data-end=\"1209\">\u0160tvortaktn\u00fd vzduchom chladen\u00fd motor Loncin modelu CH-L110 \u0161tartuje hladko a poskytuje st\u00e1ly v\u00fdkon. Odoln\u00e1 pr\u00edklepov\u00e1 doska spolu s n\u00edzkovibra\u010dn\u00fdm syst\u00e9mom uchytenia n\u00e1razov zabezpe\u010duje siln\u00fa silu \u00faderu bez toho, aby sa zn\u00ed\u017eil komfort obsluhy.<\/p>\n<p data-start=\"1211\" data-end=\"1371\">Uzavret\u00e1 palivov\u00e1 n\u00e1dr\u017e a syst\u00e9m vzduchov\u00e9ho filtra s\u00fa navrhnut\u00e9 tak, aby dobre fungovali v pra\u0161n\u00fdch alebo vysokoteplotn\u00fdch lokalit\u00e1ch, \u010d\u00edm sa skracuj\u00fa prestoje a zabezpe\u010duje \u010dist\u00e9 spa\u013eovanie.<\/p>\n<h3 data-start=\"1378\" data-end=\"1435\">Perfektne sa hod\u00ed pre mal\u00e9 lokality a \u010dast\u00fa prepravu<\/h3>\n<p data-start=\"1437\" data-end=\"1713\">V\u010faka \u013eahk\u00e9mu r\u00e1mu a ergonomickej kon\u0161trukcii rukov\u00e4te sa CH-L110 \u013eahko naklad\u00e1, vyklad\u00e1 a man\u00e9vruje medzi pracoviskami. Je obzvl\u00e1\u0161\u0165 vhodn\u00fd na opravy obecn\u00fdch chodn\u00edkov, v\u00fdkopy v obytn\u00fdch domoch a z\u00e1hradn\u00fa dla\u017ebu, kde je d\u00f4le\u017eit\u00e1 presnos\u0165 a kompaktnos\u0165.<\/p>\n<p data-start=\"1715\" data-end=\"1844\">\u00dadr\u017eba je jednoduch\u00e1 a \u0161irok\u00e1 dostupnos\u0165 servisu spolo\u010dnosti Loncin rob\u00ed z modelu CH-L110 praktick\u00fa vo\u013ebu pre medzin\u00e1rodn\u00fdch dod\u00e1vate\u013eov.<\/p>\n<h3 data-start=\"1851\" data-end=\"1904\">K\u013e\u00fa\u010dov\u00e9 vlastnosti benz\u00ednov\u00e9ho podb\u00edjacieho kladiva CH-L110<\/h3>\n<ul data-start=\"1906\" data-end=\"2172\">\n<li data-start=\"1906\" data-end=\"1958\">\n<p data-start=\"1908\" data-end=\"1958\">Pohon \u00fasporn\u00fdm benz\u00ednov\u00fdm motorom Loncin<\/p>\n<\/li>\n<li data-start=\"1959\" data-end=\"2021\">\n<p data-start=\"1961\" data-end=\"2021\">Kompaktn\u00e9 telo ide\u00e1lne pre stiesnen\u00e9 priestory a \u010dast\u00fa prepravu<\/p>\n<\/li>\n<li data-start=\"2022\" data-end=\"2078\">\n<p data-start=\"2024\" data-end=\"2078\">Spo\u013eahliv\u00e1 ub\u00edjacia sila na mal\u00e9 a\u017e stredn\u00e9 stavebn\u00e9 pr\u00e1ce<\/p>\n<\/li>\n<li data-start=\"2079\" data-end=\"2125\">\n<p data-start=\"2081\" data-end=\"2125\">N\u00edzke vibr\u00e1cie so zosilnenou sabot\u00e1\u017enou doskou<\/p>\n<\/li>\n<li data-start=\"2126\" data-end=\"2172\">\n<p data-start=\"2128\" data-end=\"2172\">R\u00fdchly \u0161tart a \u013eahko udr\u017eiavate\u013en\u00e1 \u0161trukt\u00fara<\/p>\n<\/li>\n<\/ul>\n<p><iframe title=\"kompaktor, podb\u00edja\u010dka, podb\u00edja\u010dka, doskov\u00fd kompaktor, stavebn\u00e9 vibr\u00e1cie, kompaktorov\u00fd stroj.#tamping\" width=\"720\" height=\"540\" src=\"https:\/\/www.youtube.com\/embed\/j8Nod6Mcz9w?feature=oembed\" frameborder=\"0\" allow=\"accelerometer; autoplay; clipboard-write; encrypted-media; gyroscope; picture-in-picture; web-share\" referrerpolicy=\"strict-origin-when-cross-origin\" allowfullscreen><\/iframe><\/p>","protected":false},"excerpt":{"rendered":"<p>Benz\u00ednov\u00e1 podb\u00edja\u010dka CH-L110 pon\u00faka \u013eahk\u00e9 a efekt\u00edvne zhut\u0148ovanie s motorom Loncin. Ide\u00e1lne na v\u00fdkopy, opravy chodn\u00edkov a drobn\u00e9 stavebn\u00e9 pr\u00e1ce.<\/p>","protected":false},"featured_media":9080,"template":"","meta":{"_kad_post_transparent":"default","_kad_post_title":"","_kad_post_layout":"default","_kad_post_sidebar_id":"","_kad_post_content_style":"default","_kad_post_vertical_padding":"default","_kad_post_feature":"","_kad_post_feature_position":"","_kad_post_header":false,"_kad_post_footer":false},"product_brand":[],"product_cat":[83],"product_tag":[1060,1057,1058,1059,1051,1052,1056,1053,1055,1054],"class_list":{"0":"post-9079","1":"product","2":"type-product","3":"status-publish","4":"has-post-thumbnail","6":"product_cat-tamping-rammer","7":"product_tag-backfill-compactor-machine","8":"product_tag-diesel-tamping-rammer","9":"product_tag-earth-tamping-machine","10":"product_tag-handheld-tamping-rammer","11":"product_tag-impact-rammer","12":"product_tag-jumping-jack-compactor","13":"product_tag-petrol-tamping-rammer","14":"product_tag-plate-tamping-rammer","15":"product_tag-soil-compaction-rammer","16":"product_tag-vibratory-tamping-rammer","18":"first","19":"instock","20":"shipping-taxable","21":"product-type-simple","22":"entry","23":"content-bg","24":"loop-entry"},"yoast_head":"<!-- This site is optimized with the Yoast SEO plugin v25.3.1 - https:\/\/yoast.com\/wordpress\/plugins\/seo\/ -->\n<title>Tamping Rammer CH-L110 - HSY Construction Machinery<\/title>\n<meta name=\"description\" content=\"CH-L110 Tamping Rammer uses a Loncin engine for efficient, lightweight soil compaction. Great for trench work, footpaths, and confined urban construction areas.\" \/>\n<meta name=\"robots\" content=\"index, follow, max-snippet:-1, max-image-preview:large, max-video-preview:-1\" \/>\n<link rel=\"canonical\" href=\"https:\/\/www.hsymachinery.com\/sk\/produkt\/podbijacka-ch-l110\/\" \/>\n<meta property=\"og:locale\" content=\"sk_SK\" \/>\n<meta property=\"og:type\" content=\"article\" \/>\n<meta property=\"og:title\" content=\"Tamping Rammer CH-L110 - HSY Construction Machinery\" \/>\n<meta property=\"og:description\" content=\"CH-L110 Tamping Rammer uses a Loncin engine for efficient, lightweight soil compaction. Great for trench work, footpaths, and confined urban construction areas.\" \/>\n<meta property=\"og:url\" content=\"https:\/\/www.hsymachinery.com\/sk\/produkt\/podbijacka-ch-l110\/\" \/>\n<meta property=\"og:site_name\" content=\"HSY Construction Machinery\" \/>\n<meta property=\"article:modified_time\" content=\"2025-06-28T07:32:17+00:00\" \/>\n<meta property=\"og:image\" content=\"https:\/\/www.hsymachinery.com\/wp-content\/uploads\/2025\/06\/Tamping-Rammer-CH-L110.jpg\" \/>\n\t<meta property=\"og:image:width\" content=\"800\" \/>\n\t<meta property=\"og:image:height\" content=\"800\" \/>\n\t<meta property=\"og:image:type\" content=\"image\/jpeg\" \/>\n<meta name=\"twitter:card\" content=\"summary_large_image\" \/>\n<meta name=\"twitter:label1\" content=\"Predpokladan\u00fd \u010das \u010d\u00edtania\" \/>\n\t<meta name=\"twitter:data1\" content=\"2 min\u00faty\" \/>\n<script type=\"application\/ld+json\" class=\"yoast-schema-graph\">{\"@context\":\"https:\/\/schema.org\",\"@graph\":[{\"@type\":\"WebPage\",\"@id\":\"https:\/\/www.hsymachinery.com\/product\/tamping-rammer-ch-l110\/\",\"url\":\"https:\/\/www.hsymachinery.com\/product\/tamping-rammer-ch-l110\/\",\"name\":\"Tamping Rammer CH-L110 - HSY Construction Machinery\",\"isPartOf\":{\"@id\":\"https:\/\/www.hsymachinery.com\/#website\"},\"primaryImageOfPage\":{\"@id\":\"https:\/\/www.hsymachinery.com\/product\/tamping-rammer-ch-l110\/#primaryimage\"},\"image\":{\"@id\":\"https:\/\/www.hsymachinery.com\/product\/tamping-rammer-ch-l110\/#primaryimage\"},\"thumbnailUrl\":\"https:\/\/www.hsymachinery.com\/wp-content\/uploads\/2025\/06\/Tamping-Rammer-CH-L110.jpg\",\"datePublished\":\"2025-06-18T08:26:19+00:00\",\"dateModified\":\"2025-06-28T07:32:17+00:00\",\"description\":\"CH-L110 Tamping Rammer uses a Loncin engine for efficient, lightweight soil compaction. Great for trench work, footpaths, and confined urban construction areas.\",\"breadcrumb\":{\"@id\":\"https:\/\/www.hsymachinery.com\/product\/tamping-rammer-ch-l110\/#breadcrumb\"},\"inLanguage\":\"sk-SK\",\"potentialAction\":[{\"@type\":\"ReadAction\",\"target\":[\"https:\/\/www.hsymachinery.com\/product\/tamping-rammer-ch-l110\/\"]}]},{\"@type\":\"ImageObject\",\"inLanguage\":\"sk-SK\",\"@id\":\"https:\/\/www.hsymachinery.com\/product\/tamping-rammer-ch-l110\/#primaryimage\",\"url\":\"https:\/\/www.hsymachinery.com\/wp-content\/uploads\/2025\/06\/Tamping-Rammer-CH-L110.jpg\",\"contentUrl\":\"https:\/\/www.hsymachinery.com\/wp-content\/uploads\/2025\/06\/Tamping-Rammer-CH-L110.jpg\",\"width\":800,\"height\":800},{\"@type\":\"BreadcrumbList\",\"@id\":\"https:\/\/www.hsymachinery.com\/product\/tamping-rammer-ch-l110\/#breadcrumb\",\"itemListElement\":[{\"@type\":\"ListItem\",\"position\":1,\"name\":\"home\",\"item\":\"https:\/\/www.hsymachinery.com\/\"},{\"@type\":\"ListItem\",\"position\":2,\"name\":\"products\",\"item\":\"https:\/\/www.hsymachinery.com\/products\/\"},{\"@type\":\"ListItem\",\"position\":3,\"name\":\"Tamping Rammer CH-L110\"}]},{\"@type\":\"WebSite\",\"@id\":\"https:\/\/www.hsymachinery.com\/#website\",\"url\":\"https:\/\/www.hsymachinery.com\/\",\"name\":\"HSY Construction Machinery\",\"description\":\"HSY Machinery \u2013 A leading China construction machinery supplier, offering a wide range of light construction equipment. Our main products include Rebar Cutting Machine, Rebar Bending Machine, Rebar Stirrup Bending Machine, Rebar Arc Bending Machine, Rebar Straightening Machine, Five-Head Rebar Stirrup Bending Machine, Tamping Rammer, Plate Compactor, Concrete Cutter, Power Trowel, and other construction machinery. We are equipped with advanced CNC machines, and we enforce strict quality inspection standards along with comprehensive after-sales service. If you are interested in our products or services, we warmly welcome your inquiries via message.\",\"publisher\":{\"@id\":\"https:\/\/www.hsymachinery.com\/#organization\"},\"potentialAction\":[{\"@type\":\"SearchAction\",\"target\":{\"@type\":\"EntryPoint\",\"urlTemplate\":\"https:\/\/www.hsymachinery.com\/?s={search_term_string}\"},\"query-input\":{\"@type\":\"PropertyValueSpecification\",\"valueRequired\":true,\"valueName\":\"search_term_string\"}}],\"inLanguage\":\"sk-SK\"},{\"@type\":\"Organization\",\"@id\":\"https:\/\/www.hsymachinery.com\/#organization\",\"name\":\"HSY Construction Machinery\",\"url\":\"https:\/\/www.hsymachinery.com\/\",\"logo\":{\"@type\":\"ImageObject\",\"inLanguage\":\"sk-SK\",\"@id\":\"https:\/\/www.hsymachinery.com\/#\/schema\/logo\/image\/\",\"url\":\"https:\/\/www.hsymachinery.com\/wp-content\/uploads\/2025\/06\/cropped-HSY-machinery.png\",\"contentUrl\":\"https:\/\/www.hsymachinery.com\/wp-content\/uploads\/2025\/06\/cropped-HSY-machinery.png\",\"width\":600,\"height\":240,\"caption\":\"HSY Construction Machinery\"},\"image\":{\"@id\":\"https:\/\/www.hsymachinery.com\/#\/schema\/logo\/image\/\"}}]}<\/script>\n<!-- \/ Yoast SEO plugin. -->","yoast_head_json":{"title":"Podb\u00edja\u010dka CH-L110 - Stavebn\u00e9 stroje HSY","description":"Podb\u00edja\u010dka CH-L110 vyu\u017e\u00edva motor Loncin na efekt\u00edvne a \u013eahk\u00e9 zhut\u0148ovanie p\u00f4dy. V\u00fdborne sa hod\u00ed na pr\u00e1ce vo v\u00fdkopoch, na chodn\u00edkoch a v obmedzen\u00fdch mestsk\u00fdch stavebn\u00fdch oblastiach.","robots":{"index":"index","follow":"follow","max-snippet":"max-snippet:-1","max-image-preview":"max-image-preview:large","max-video-preview":"max-video-preview:-1"},"canonical":"https:\/\/www.hsymachinery.com\/sk\/produkt\/podbijacka-ch-l110\/","og_locale":"sk_SK","og_type":"article","og_title":"Tamping Rammer CH-L110 - HSY Construction Machinery","og_description":"CH-L110 Tamping Rammer uses a Loncin engine for efficient, lightweight soil compaction. Great for trench work, footpaths, and confined urban construction areas.","og_url":"https:\/\/www.hsymachinery.com\/sk\/produkt\/podbijacka-ch-l110\/","og_site_name":"HSY Construction Machinery","article_modified_time":"2025-06-28T07:32:17+00:00","og_image":[{"width":800,"height":800,"url":"https:\/\/www.hsymachinery.com\/wp-content\/uploads\/2025\/06\/Tamping-Rammer-CH-L110.jpg","type":"image\/jpeg"}],"twitter_card":"summary_large_image","twitter_misc":{"Predpokladan\u00fd \u010das \u010d\u00edtania":"2 min\u00faty"},"schema":{"@context":"https:\/\/schema.org","@graph":[{"@type":"WebPage","@id":"https:\/\/www.hsymachinery.com\/product\/tamping-rammer-ch-l110\/","url":"https:\/\/www.hsymachinery.com\/product\/tamping-rammer-ch-l110\/","name":"Podb\u00edja\u010dka CH-L110 - Stavebn\u00e9 stroje HSY","isPartOf":{"@id":"https:\/\/www.hsymachinery.com\/#website"},"primaryImageOfPage":{"@id":"https:\/\/www.hsymachinery.com\/product\/tamping-rammer-ch-l110\/#primaryimage"},"image":{"@id":"https:\/\/www.hsymachinery.com\/product\/tamping-rammer-ch-l110\/#primaryimage"},"thumbnailUrl":"https:\/\/www.hsymachinery.com\/wp-content\/uploads\/2025\/06\/Tamping-Rammer-CH-L110.jpg","datePublished":"2025-06-18T08:26:19+00:00","dateModified":"2025-06-28T07:32:17+00:00","description":"Podb\u00edja\u010dka CH-L110 vyu\u017e\u00edva motor Loncin na efekt\u00edvne a \u013eahk\u00e9 zhut\u0148ovanie p\u00f4dy. V\u00fdborne sa hod\u00ed na pr\u00e1ce vo v\u00fdkopoch, na chodn\u00edkoch a v obmedzen\u00fdch mestsk\u00fdch stavebn\u00fdch oblastiach.","breadcrumb":{"@id":"https:\/\/www.hsymachinery.com\/product\/tamping-rammer-ch-l110\/#breadcrumb"},"inLanguage":"sk-SK","potentialAction":[{"@type":"ReadAction","target":["https:\/\/www.hsymachinery.com\/product\/tamping-rammer-ch-l110\/"]}]},{"@type":"ImageObject","inLanguage":"sk-SK","@id":"https:\/\/www.hsymachinery.com\/product\/tamping-rammer-ch-l110\/#primaryimage","url":"https:\/\/www.hsymachinery.com\/wp-content\/uploads\/2025\/06\/Tamping-Rammer-CH-L110.jpg","contentUrl":"https:\/\/www.hsymachinery.com\/wp-content\/uploads\/2025\/06\/Tamping-Rammer-CH-L110.jpg","width":800,"height":800},{"@type":"BreadcrumbList","@id":"https:\/\/www.hsymachinery.com\/product\/tamping-rammer-ch-l110\/#breadcrumb","itemListElement":[{"@type":"ListItem","position":1,"name":"home","item":"https:\/\/www.hsymachinery.com\/"},{"@type":"ListItem","position":2,"name":"products","item":"https:\/\/www.hsymachinery.com\/products\/"},{"@type":"ListItem","position":3,"name":"Tamping Rammer CH-L110"}]},{"@type":"WebSite","@id":"https:\/\/www.hsymachinery.com\/#website","url":"https:\/\/www.hsymachinery.com\/","name":"Stavebn\u00e9 stroje HSY","description":"HSY Machinery - popredn\u00fd dod\u00e1vate\u013e stavebn\u00fdch strojov v \u010c\u00edne, ktor\u00fd pon\u00faka \u0161irok\u00fd sortiment \u013eahk\u00fdch stavebn\u00fdch strojov. Medzi na\u0161e hlavn\u00e9 produkty patr\u00ed stroj na rezanie ty\u010d\u00ed, stroj na oh\u00fdbanie ty\u010d\u00ed, stroj na oh\u00fdbanie ty\u010d\u00ed, stroj na oh\u00fdbanie obl\u00fakov ty\u010d\u00ed, stroj na rovnanie ty\u010d\u00ed, p\u00e4\u0165hlav\u0148ov\u00fd stroj na oh\u00fdbanie ty\u010d\u00ed, podb\u00edja\u010dka, zhut\u0148ova\u010d dosiek, fr\u00e9za na bet\u00f3n, elektrick\u00e1 stierka a \u010fal\u0161ie stavebn\u00e9 stroje. Sme vybaven\u00ed modern\u00fdmi CNC strojmi a presadzujeme pr\u00edsne normy kontroly kvality spolu s komplexn\u00fdm popredajn\u00fdm servisom. Ak m\u00e1te z\u00e1ujem o na\u0161e v\u00fdrobky alebo slu\u017eby, srde\u010dne priv\u00edtame va\u0161e ot\u00e1zky prostredn\u00edctvom spr\u00e1vy.","publisher":{"@id":"https:\/\/www.hsymachinery.com\/#organization"},"potentialAction":[{"@type":"SearchAction","target":{"@type":"EntryPoint","urlTemplate":"https:\/\/www.hsymachinery.com\/?s={search_term_string}"},"query-input":{"@type":"PropertyValueSpecification","valueRequired":true,"valueName":"search_term_string"}}],"inLanguage":"sk-SK"},{"@type":"Organization","@id":"https:\/\/www.hsymachinery.com\/#organization","name":"Stavebn\u00e9 stroje HSY","url":"https:\/\/www.hsymachinery.com\/","logo":{"@type":"ImageObject","inLanguage":"sk-SK","@id":"https:\/\/www.hsymachinery.com\/#\/schema\/logo\/image\/","url":"https:\/\/www.hsymachinery.com\/wp-content\/uploads\/2025\/06\/cropped-HSY-machinery.png","contentUrl":"https:\/\/www.hsymachinery.com\/wp-content\/uploads\/2025\/06\/cropped-HSY-machinery.png","width":600,"height":240,"caption":"HSY Construction Machinery"},"image":{"@id":"https:\/\/www.hsymachinery.com\/#\/schema\/logo\/image\/"}}]}},"_links":{"self":[{"href":"https:\/\/www.hsymachinery.com\/sk\/wp-json\/wp\/v2\/product\/9079","targetHints":{"allow":["GET"]}}],"collection":[{"href":"https:\/\/www.hsymachinery.com\/sk\/wp-json\/wp\/v2\/product"}],"about":[{"href":"https:\/\/www.hsymachinery.com\/sk\/wp-json\/wp\/v2\/types\/product"}],"version-history":[{"count":4,"href":"https:\/\/www.hsymachinery.com\/sk\/wp-json\/wp\/v2\/product\/9079\/revisions"}],"predecessor-version":[{"id":9505,"href":"https:\/\/www.hsymachinery.com\/sk\/wp-json\/wp\/v2\/product\/9079\/revisions\/9505"}],"wp:featuredmedia":[{"embeddable":true,"href":"https:\/\/www.hsymachinery.com\/sk\/wp-json\/wp\/v2\/media\/9080"}],"wp:attachment":[{"href":"https:\/\/www.hsymachinery.com\/sk\/wp-json\/wp\/v2\/media?parent=9079"}],"wp:term":[{"taxonomy":"product_brand","embeddable":true,"href":"https:\/\/www.hsymachinery.com\/sk\/wp-json\/wp\/v2\/product_brand?post=9079"},{"taxonomy":"product_cat","embeddable":true,"href":"https:\/\/www.hsymachinery.com\/sk\/wp-json\/wp\/v2\/product_cat?post=9079"},{"taxonomy":"product_tag","embeddable":true,"href":"https:\/\/www.hsymachinery.com\/sk\/wp-json\/wp\/v2\/product_tag?post=9079"}],"curies":[{"name":"wp","href":"https:\/\/api.w.org\/{rel}","templated":true}]}}