{"id":9073,"date":"2025-06-18T16:23:56","date_gmt":"2025-06-18T08:23:56","guid":{"rendered":"https:\/\/www.hsymachinery.com\/?post_type=product&#038;p=9073"},"modified":"2025-06-28T15:24:41","modified_gmt":"2025-06-28T07:24:41","slug":"podbijacka-ch-h100","status":"publish","type":"product","link":"https:\/\/www.hsymachinery.com\/sk\/produkt\/podbijacka-ch-h100\/","title":{"rendered":"Podb\u00edja\u010dka CH-H100"},"content":{"rendered":"<h2 data-start=\"115\" data-end=\"145\">Podb\u00edja\u010dka CH-H100<\/h2>\n<h3 data-start=\"146\" data-end=\"261\">CH-H100 Benz\u00ednov\u00e1 podb\u00edja\u010dka Honda | Spo\u013eahliv\u00fd a v\u00fdkonn\u00fd zhut\u0148ova\u010d p\u00f4dy na profesion\u00e1lne stavebn\u00e9 pr\u00e1ce<\/h3>\n<h3 data-start=\"268\" data-end=\"342\">Preh\u013ead produktu - pr\u00e9miov\u00e9 zhut\u0148ovanie so spo\u013eahliv\u00fdm motorom Honda<a href=\"https:\/\/www.hsymachinery.com\/sk\/produkty\/ubijacie-kladivo\/\" target=\"_blank\" rel=\"noopener\"><img fetchpriority=\"high\" decoding=\"async\" class=\"wp-image-9074 alignright\" src=\"https:\/\/www.hsymachinery.com\/wp-content\/uploads\/2025\/06\/Tamping-Rammer-CH-H100-300x300.jpg\" alt=\"\" width=\"476\" height=\"476\" srcset=\"https:\/\/www.hsymachinery.com\/wp-content\/uploads\/2025\/06\/Tamping-Rammer-CH-H100-300x300.jpg 300w, https:\/\/www.hsymachinery.com\/wp-content\/uploads\/2025\/06\/Tamping-Rammer-CH-H100-150x150.jpg 150w, https:\/\/www.hsymachinery.com\/wp-content\/uploads\/2025\/06\/Tamping-Rammer-CH-H100-768x768.jpg 768w, https:\/\/www.hsymachinery.com\/wp-content\/uploads\/2025\/06\/Tamping-Rammer-CH-H100-600x600.jpg 600w, https:\/\/www.hsymachinery.com\/wp-content\/uploads\/2025\/06\/Tamping-Rammer-CH-H100-100x100.jpg 100w, https:\/\/www.hsymachinery.com\/wp-content\/uploads\/2025\/06\/Tamping-Rammer-CH-H100.jpg 800w\" sizes=\"(max-width: 476px) 100vw, 476px\" \/><\/a><\/h3>\n<p data-start=\"344\" data-end=\"644\">Str\u00e1nka <strong data-start=\"348\" data-end=\"374\">CH-H100 Podb\u00edja\u010dka<\/strong> je vybaven\u00fd celosvetovo osved\u010den\u00fdm benz\u00ednov\u00fdm motorom Honda GX160, ktor\u00fd zabezpe\u010duje stabiln\u00e9, vysoko\u00fa\u010dinn\u00e9 zhut\u0148ovanie r\u00f4znych typov p\u00f4dy. Tento model je ob\u013e\u00faben\u00fd medzi dod\u00e1vate\u013emi, ktor\u00ed uprednost\u0148uj\u00fa spo\u013eahlivos\u0165 motora, jednoduch\u00fa \u00fadr\u017ebu a dlh\u00fa \u017eivotnos\u0165.<\/p>\n<p data-start=\"646\" data-end=\"808\">V\u00fdnimo\u010dne dobre sa osved\u010duje pri v\u00fdkopov\u00fdch pr\u00e1cach, pr\u00e1cach na z\u00e1kladoch, asfaltovan\u00ed a mestskej v\u00fdstavbe, najm\u00e4 vo vonkaj\u0161om alebo \u010diasto\u010dne vzdialenom prostred\u00ed.<\/p>\n<h3 data-start=\"815\" data-end=\"864\">Vyroben\u00e9 pre odolnos\u0165 a v\u00fdkon v ter\u00e9ne<\/h3>\n<p data-start=\"866\" data-end=\"1194\">Motor Honda GX160 pon\u00faka \u013eahk\u00e9 \u0161tartovanie \u0165ahom, n\u00edzku spotrebu paliva a siln\u00fd kr\u00fatiaci moment, v\u010faka \u010domu je model CH-H100 vhodn\u00fd pre pieso\u010dnat\u00e9 aj s\u00fadr\u017en\u00e9 p\u00f4dy. Zosilnen\u00fd syst\u00e9m uchytenia stroja tlmiaci n\u00e1razy minimalizuje \u00fanavu obsluhy, zatia\u013e \u010do podb\u00edjacia doska z vysokopevnostnej ocele zaru\u010duje dlhodob\u00fa \u017eivotnos\u0165.<\/p>\n<p data-start=\"1196\" data-end=\"1291\">Jeho kompaktn\u00fd r\u00e1m umo\u017e\u0148uje pr\u00edstup do \u00fazkych priestorov bez zn\u00ed\u017eenia v\u00fdkonu alebo stability.<\/p>\n<h3 data-start=\"1298\" data-end=\"1348\">Spo\u013eahliv\u00e9 pre n\u00e1ro\u010dn\u00e9 podmienky na stavenisku<\/h3>\n<p data-start=\"1350\" data-end=\"1580\">Model CH-H100 zvl\u00e1dne nepretr\u017eit\u00fa prev\u00e1dzku v n\u00e1ro\u010dn\u00fdch vonkaj\u0161\u00edch podmienkach, od komun\u00e1lnych opr\u00e1v a\u017e po moderniz\u00e1ciu infra\u0161trukt\u00fary. V\u010faka glob\u00e1lnej sieti podpory n\u00e1hradn\u00fdch dielov spolo\u010dnosti Honda je \u00fadr\u017eba jednoduch\u00e1 a servisovate\u013en\u00e1 kdeko\u013evek na svete.<\/p>\n<p data-start=\"1582\" data-end=\"1702\">Tento model zaka\u017ed\u00fdm poskytuje v\u00fdsledky na profesion\u00e1lnej \u00farovni, \u010di u\u017e zhut\u0148ujete v stiesnen\u00fdch priestoroch alebo po\u010das dlh\u00fdch hod\u00edn.<\/p>\n<h3 data-start=\"1709\" data-end=\"1762\">K\u013e\u00fa\u010dov\u00e9 vlastnosti benz\u00ednov\u00e9ho b\u00faracieho kladiva CH-H100<\/h3>\n<ul data-start=\"1764\" data-end=\"2081\">\n<li data-start=\"1764\" data-end=\"1817\">\n<p data-start=\"1766\" data-end=\"1817\">Poh\u00e1\u0148an\u00fd 4-taktn\u00fdm benz\u00ednov\u00fdm motorom Honda GX160<\/p>\n<\/li>\n<li data-start=\"1818\" data-end=\"1877\">\n<p data-start=\"1820\" data-end=\"1877\">Vysok\u00e1 ub\u00edjacia sila s \u00faspornou a tichou prev\u00e1dzkou<\/p>\n<\/li>\n<li data-start=\"1878\" data-end=\"1944\">\n<p data-start=\"1880\" data-end=\"1944\">Ide\u00e1lne na v\u00fdkopy, z\u00e1klady, opravy asfaltu a pr\u00edpravu staveniska<\/p>\n<\/li>\n<li data-start=\"1945\" data-end=\"2014\">\n<p data-start=\"1947\" data-end=\"2014\">Vynikaj\u00faca spo\u013eahlivos\u0165 a dlh\u00e1 \u017eivotnos\u0165 s celosvetovou dostupnos\u0165ou dielov<\/p>\n<\/li>\n<li data-start=\"2015\" data-end=\"2081\">\n<p data-start=\"2017\" data-end=\"2081\">Zosilnen\u00e1 oce\u013eov\u00e1 z\u00e1klad\u0148a a ergonomick\u00fd syst\u00e9m redukcie vibr\u00e1ci\u00ed<\/p>\n<\/li>\n<\/ul>\n<p><iframe title=\"kompaktor, podb\u00edja\u010dka, podb\u00edja\u010dka, doskov\u00fd kompaktor, stavebn\u00e9 vibr\u00e1cie, kompaktorov\u00fd stroj.#tamping\" width=\"720\" height=\"540\" src=\"https:\/\/www.youtube.com\/embed\/j8Nod6Mcz9w?feature=oembed\" frameborder=\"0\" allow=\"accelerometer; autoplay; clipboard-write; encrypted-media; gyroscope; picture-in-picture; web-share\" referrerpolicy=\"strict-origin-when-cross-origin\" allowfullscreen><\/iframe><\/p>","protected":false},"excerpt":{"rendered":"<p>Podb\u00edja\u010dka CH-H100 vyu\u017e\u00edva motor Honda GX160 na v\u00fdkonn\u00e9 a konzistentn\u00e9 zhut\u0148ovanie p\u00f4dy. Spo\u013eahliv\u00fd v\u00fdkon pre n\u00e1ro\u010dn\u00e9 profesion\u00e1lne aplik\u00e1cie.<\/p>","protected":false},"featured_media":9074,"template":"","meta":{"_kad_post_transparent":"default","_kad_post_title":"","_kad_post_layout":"default","_kad_post_sidebar_id":"","_kad_post_content_style":"default","_kad_post_vertical_padding":"default","_kad_post_feature":"","_kad_post_feature_position":"","_kad_post_header":false,"_kad_post_footer":false},"product_brand":[],"product_cat":[83],"product_tag":[1060,1057,1058,1059,1051,1052,1056,1053,1055,1054],"class_list":{"0":"post-9073","1":"product","2":"type-product","3":"status-publish","4":"has-post-thumbnail","6":"product_cat-tamping-rammer","7":"product_tag-backfill-compactor-machine","8":"product_tag-diesel-tamping-rammer","9":"product_tag-earth-tamping-machine","10":"product_tag-handheld-tamping-rammer","11":"product_tag-impact-rammer","12":"product_tag-jumping-jack-compactor","13":"product_tag-petrol-tamping-rammer","14":"product_tag-plate-tamping-rammer","15":"product_tag-soil-compaction-rammer","16":"product_tag-vibratory-tamping-rammer","18":"first","19":"instock","20":"shipping-taxable","21":"product-type-simple","22":"entry","23":"content-bg","24":"loop-entry"},"yoast_head":"<!-- This site is optimized with the Yoast SEO plugin v25.3.1 - https:\/\/yoast.com\/wordpress\/plugins\/seo\/ -->\n<title>Tamping Rammer CH-H100 - HSY Construction Machinery<\/title>\n<meta name=\"description\" content=\"CH-H100 Honda Tamping Rammer offers high-performance compaction with a GX160 engine. Built for trench, road, and foundation work. Durable and globally serviceable.\" \/>\n<meta name=\"robots\" content=\"index, follow, max-snippet:-1, max-image-preview:large, max-video-preview:-1\" \/>\n<link rel=\"canonical\" href=\"https:\/\/www.hsymachinery.com\/sk\/produkt\/podbijacka-ch-h100\/\" \/>\n<meta property=\"og:locale\" content=\"sk_SK\" \/>\n<meta property=\"og:type\" content=\"article\" \/>\n<meta property=\"og:title\" content=\"Tamping Rammer CH-H100 - HSY Construction Machinery\" \/>\n<meta property=\"og:description\" content=\"CH-H100 Honda Tamping Rammer offers high-performance compaction with a GX160 engine. Built for trench, road, and foundation work. Durable and globally serviceable.\" \/>\n<meta property=\"og:url\" content=\"https:\/\/www.hsymachinery.com\/sk\/produkt\/podbijacka-ch-h100\/\" \/>\n<meta property=\"og:site_name\" content=\"HSY Construction Machinery\" \/>\n<meta property=\"article:modified_time\" content=\"2025-06-28T07:24:41+00:00\" \/>\n<meta property=\"og:image\" content=\"https:\/\/www.hsymachinery.com\/wp-content\/uploads\/2025\/06\/Tamping-Rammer-CH-H100.jpg\" \/>\n\t<meta property=\"og:image:width\" content=\"800\" \/>\n\t<meta property=\"og:image:height\" content=\"800\" \/>\n\t<meta property=\"og:image:type\" content=\"image\/jpeg\" \/>\n<meta name=\"twitter:card\" content=\"summary_large_image\" \/>\n<meta name=\"twitter:label1\" content=\"Predpokladan\u00fd \u010das \u010d\u00edtania\" \/>\n\t<meta name=\"twitter:data1\" content=\"2 min\u00faty\" \/>\n<script type=\"application\/ld+json\" class=\"yoast-schema-graph\">{\"@context\":\"https:\/\/schema.org\",\"@graph\":[{\"@type\":\"WebPage\",\"@id\":\"https:\/\/www.hsymachinery.com\/product\/tamping-rammer-ch-h100\/\",\"url\":\"https:\/\/www.hsymachinery.com\/product\/tamping-rammer-ch-h100\/\",\"name\":\"Tamping Rammer CH-H100 - HSY Construction Machinery\",\"isPartOf\":{\"@id\":\"https:\/\/www.hsymachinery.com\/#website\"},\"primaryImageOfPage\":{\"@id\":\"https:\/\/www.hsymachinery.com\/product\/tamping-rammer-ch-h100\/#primaryimage\"},\"image\":{\"@id\":\"https:\/\/www.hsymachinery.com\/product\/tamping-rammer-ch-h100\/#primaryimage\"},\"thumbnailUrl\":\"https:\/\/www.hsymachinery.com\/wp-content\/uploads\/2025\/06\/Tamping-Rammer-CH-H100.jpg\",\"datePublished\":\"2025-06-18T08:23:56+00:00\",\"dateModified\":\"2025-06-28T07:24:41+00:00\",\"description\":\"CH-H100 Honda Tamping Rammer offers high-performance compaction with a GX160 engine. Built for trench, road, and foundation work. Durable and globally serviceable.\",\"breadcrumb\":{\"@id\":\"https:\/\/www.hsymachinery.com\/product\/tamping-rammer-ch-h100\/#breadcrumb\"},\"inLanguage\":\"sk-SK\",\"potentialAction\":[{\"@type\":\"ReadAction\",\"target\":[\"https:\/\/www.hsymachinery.com\/product\/tamping-rammer-ch-h100\/\"]}]},{\"@type\":\"ImageObject\",\"inLanguage\":\"sk-SK\",\"@id\":\"https:\/\/www.hsymachinery.com\/product\/tamping-rammer-ch-h100\/#primaryimage\",\"url\":\"https:\/\/www.hsymachinery.com\/wp-content\/uploads\/2025\/06\/Tamping-Rammer-CH-H100.jpg\",\"contentUrl\":\"https:\/\/www.hsymachinery.com\/wp-content\/uploads\/2025\/06\/Tamping-Rammer-CH-H100.jpg\",\"width\":800,\"height\":800},{\"@type\":\"BreadcrumbList\",\"@id\":\"https:\/\/www.hsymachinery.com\/product\/tamping-rammer-ch-h100\/#breadcrumb\",\"itemListElement\":[{\"@type\":\"ListItem\",\"position\":1,\"name\":\"home\",\"item\":\"https:\/\/www.hsymachinery.com\/\"},{\"@type\":\"ListItem\",\"position\":2,\"name\":\"products\",\"item\":\"https:\/\/www.hsymachinery.com\/products\/\"},{\"@type\":\"ListItem\",\"position\":3,\"name\":\"Tamping Rammer CH-H100\"}]},{\"@type\":\"WebSite\",\"@id\":\"https:\/\/www.hsymachinery.com\/#website\",\"url\":\"https:\/\/www.hsymachinery.com\/\",\"name\":\"HSY Construction Machinery\",\"description\":\"HSY Machinery \u2013 A leading China construction machinery supplier, offering a wide range of light construction equipment. Our main products include Rebar Cutting Machine, Rebar Bending Machine, Rebar Stirrup Bending Machine, Rebar Arc Bending Machine, Rebar Straightening Machine, Five-Head Rebar Stirrup Bending Machine, Tamping Rammer, Plate Compactor, Concrete Cutter, Power Trowel, and other construction machinery. We are equipped with advanced CNC machines, and we enforce strict quality inspection standards along with comprehensive after-sales service. If you are interested in our products or services, we warmly welcome your inquiries via message.\",\"publisher\":{\"@id\":\"https:\/\/www.hsymachinery.com\/#organization\"},\"potentialAction\":[{\"@type\":\"SearchAction\",\"target\":{\"@type\":\"EntryPoint\",\"urlTemplate\":\"https:\/\/www.hsymachinery.com\/?s={search_term_string}\"},\"query-input\":{\"@type\":\"PropertyValueSpecification\",\"valueRequired\":true,\"valueName\":\"search_term_string\"}}],\"inLanguage\":\"sk-SK\"},{\"@type\":\"Organization\",\"@id\":\"https:\/\/www.hsymachinery.com\/#organization\",\"name\":\"HSY Construction Machinery\",\"url\":\"https:\/\/www.hsymachinery.com\/\",\"logo\":{\"@type\":\"ImageObject\",\"inLanguage\":\"sk-SK\",\"@id\":\"https:\/\/www.hsymachinery.com\/#\/schema\/logo\/image\/\",\"url\":\"https:\/\/www.hsymachinery.com\/wp-content\/uploads\/2025\/06\/cropped-HSY-machinery.png\",\"contentUrl\":\"https:\/\/www.hsymachinery.com\/wp-content\/uploads\/2025\/06\/cropped-HSY-machinery.png\",\"width\":600,\"height\":240,\"caption\":\"HSY Construction Machinery\"},\"image\":{\"@id\":\"https:\/\/www.hsymachinery.com\/#\/schema\/logo\/image\/\"}}]}<\/script>\n<!-- \/ Yoast SEO plugin. -->","yoast_head_json":{"title":"Podb\u00edja\u010dka CH-H100 - Stavebn\u00e9 stroje HSY","description":"Zhut\u0148ova\u010d CH-H100 Honda pon\u00faka vysoko v\u00fdkonn\u00e9 zhut\u0148ovanie s motorom GX160. Skon\u0161truovan\u00e9 na pr\u00e1ce vo v\u00fdkopoch, na cest\u00e1ch a pri zakladan\u00ed stavieb. Odoln\u00e9 a celosvetovo servisovate\u013en\u00e9.","robots":{"index":"index","follow":"follow","max-snippet":"max-snippet:-1","max-image-preview":"max-image-preview:large","max-video-preview":"max-video-preview:-1"},"canonical":"https:\/\/www.hsymachinery.com\/sk\/produkt\/podbijacka-ch-h100\/","og_locale":"sk_SK","og_type":"article","og_title":"Tamping Rammer CH-H100 - HSY Construction Machinery","og_description":"CH-H100 Honda Tamping Rammer offers high-performance compaction with a GX160 engine. Built for trench, road, and foundation work. Durable and globally serviceable.","og_url":"https:\/\/www.hsymachinery.com\/sk\/produkt\/podbijacka-ch-h100\/","og_site_name":"HSY Construction Machinery","article_modified_time":"2025-06-28T07:24:41+00:00","og_image":[{"width":800,"height":800,"url":"https:\/\/www.hsymachinery.com\/wp-content\/uploads\/2025\/06\/Tamping-Rammer-CH-H100.jpg","type":"image\/jpeg"}],"twitter_card":"summary_large_image","twitter_misc":{"Predpokladan\u00fd \u010das \u010d\u00edtania":"2 min\u00faty"},"schema":{"@context":"https:\/\/schema.org","@graph":[{"@type":"WebPage","@id":"https:\/\/www.hsymachinery.com\/product\/tamping-rammer-ch-h100\/","url":"https:\/\/www.hsymachinery.com\/product\/tamping-rammer-ch-h100\/","name":"Podb\u00edja\u010dka CH-H100 - Stavebn\u00e9 stroje HSY","isPartOf":{"@id":"https:\/\/www.hsymachinery.com\/#website"},"primaryImageOfPage":{"@id":"https:\/\/www.hsymachinery.com\/product\/tamping-rammer-ch-h100\/#primaryimage"},"image":{"@id":"https:\/\/www.hsymachinery.com\/product\/tamping-rammer-ch-h100\/#primaryimage"},"thumbnailUrl":"https:\/\/www.hsymachinery.com\/wp-content\/uploads\/2025\/06\/Tamping-Rammer-CH-H100.jpg","datePublished":"2025-06-18T08:23:56+00:00","dateModified":"2025-06-28T07:24:41+00:00","description":"Zhut\u0148ova\u010d CH-H100 Honda pon\u00faka vysoko v\u00fdkonn\u00e9 zhut\u0148ovanie s motorom GX160. Skon\u0161truovan\u00e9 na pr\u00e1ce vo v\u00fdkopoch, na cest\u00e1ch a pri zakladan\u00ed stavieb. Odoln\u00e9 a celosvetovo servisovate\u013en\u00e9.","breadcrumb":{"@id":"https:\/\/www.hsymachinery.com\/product\/tamping-rammer-ch-h100\/#breadcrumb"},"inLanguage":"sk-SK","potentialAction":[{"@type":"ReadAction","target":["https:\/\/www.hsymachinery.com\/product\/tamping-rammer-ch-h100\/"]}]},{"@type":"ImageObject","inLanguage":"sk-SK","@id":"https:\/\/www.hsymachinery.com\/product\/tamping-rammer-ch-h100\/#primaryimage","url":"https:\/\/www.hsymachinery.com\/wp-content\/uploads\/2025\/06\/Tamping-Rammer-CH-H100.jpg","contentUrl":"https:\/\/www.hsymachinery.com\/wp-content\/uploads\/2025\/06\/Tamping-Rammer-CH-H100.jpg","width":800,"height":800},{"@type":"BreadcrumbList","@id":"https:\/\/www.hsymachinery.com\/product\/tamping-rammer-ch-h100\/#breadcrumb","itemListElement":[{"@type":"ListItem","position":1,"name":"home","item":"https:\/\/www.hsymachinery.com\/"},{"@type":"ListItem","position":2,"name":"products","item":"https:\/\/www.hsymachinery.com\/products\/"},{"@type":"ListItem","position":3,"name":"Tamping Rammer CH-H100"}]},{"@type":"WebSite","@id":"https:\/\/www.hsymachinery.com\/#website","url":"https:\/\/www.hsymachinery.com\/","name":"Stavebn\u00e9 stroje HSY","description":"HSY Machinery - popredn\u00fd dod\u00e1vate\u013e stavebn\u00fdch strojov v \u010c\u00edne, ktor\u00fd pon\u00faka \u0161irok\u00fd sortiment \u013eahk\u00fdch stavebn\u00fdch strojov. Medzi na\u0161e hlavn\u00e9 produkty patr\u00ed stroj na rezanie ty\u010d\u00ed, stroj na oh\u00fdbanie ty\u010d\u00ed, stroj na oh\u00fdbanie ty\u010d\u00ed, stroj na oh\u00fdbanie obl\u00fakov ty\u010d\u00ed, stroj na rovnanie ty\u010d\u00ed, p\u00e4\u0165hlav\u0148ov\u00fd stroj na oh\u00fdbanie ty\u010d\u00ed, podb\u00edja\u010dka, zhut\u0148ova\u010d dosiek, fr\u00e9za na bet\u00f3n, elektrick\u00e1 stierka a \u010fal\u0161ie stavebn\u00e9 stroje. Sme vybaven\u00ed modern\u00fdmi CNC strojmi a presadzujeme pr\u00edsne normy kontroly kvality spolu s komplexn\u00fdm popredajn\u00fdm servisom. Ak m\u00e1te z\u00e1ujem o na\u0161e v\u00fdrobky alebo slu\u017eby, srde\u010dne priv\u00edtame va\u0161e ot\u00e1zky prostredn\u00edctvom spr\u00e1vy.","publisher":{"@id":"https:\/\/www.hsymachinery.com\/#organization"},"potentialAction":[{"@type":"SearchAction","target":{"@type":"EntryPoint","urlTemplate":"https:\/\/www.hsymachinery.com\/?s={search_term_string}"},"query-input":{"@type":"PropertyValueSpecification","valueRequired":true,"valueName":"search_term_string"}}],"inLanguage":"sk-SK"},{"@type":"Organization","@id":"https:\/\/www.hsymachinery.com\/#organization","name":"Stavebn\u00e9 stroje HSY","url":"https:\/\/www.hsymachinery.com\/","logo":{"@type":"ImageObject","inLanguage":"sk-SK","@id":"https:\/\/www.hsymachinery.com\/#\/schema\/logo\/image\/","url":"https:\/\/www.hsymachinery.com\/wp-content\/uploads\/2025\/06\/cropped-HSY-machinery.png","contentUrl":"https:\/\/www.hsymachinery.com\/wp-content\/uploads\/2025\/06\/cropped-HSY-machinery.png","width":600,"height":240,"caption":"HSY Construction Machinery"},"image":{"@id":"https:\/\/www.hsymachinery.com\/#\/schema\/logo\/image\/"}}]}},"_links":{"self":[{"href":"https:\/\/www.hsymachinery.com\/sk\/wp-json\/wp\/v2\/product\/9073","targetHints":{"allow":["GET"]}}],"collection":[{"href":"https:\/\/www.hsymachinery.com\/sk\/wp-json\/wp\/v2\/product"}],"about":[{"href":"https:\/\/www.hsymachinery.com\/sk\/wp-json\/wp\/v2\/types\/product"}],"version-history":[{"count":4,"href":"https:\/\/www.hsymachinery.com\/sk\/wp-json\/wp\/v2\/product\/9073\/revisions"}],"predecessor-version":[{"id":9500,"href":"https:\/\/www.hsymachinery.com\/sk\/wp-json\/wp\/v2\/product\/9073\/revisions\/9500"}],"wp:featuredmedia":[{"embeddable":true,"href":"https:\/\/www.hsymachinery.com\/sk\/wp-json\/wp\/v2\/media\/9074"}],"wp:attachment":[{"href":"https:\/\/www.hsymachinery.com\/sk\/wp-json\/wp\/v2\/media?parent=9073"}],"wp:term":[{"taxonomy":"product_brand","embeddable":true,"href":"https:\/\/www.hsymachinery.com\/sk\/wp-json\/wp\/v2\/product_brand?post=9073"},{"taxonomy":"product_cat","embeddable":true,"href":"https:\/\/www.hsymachinery.com\/sk\/wp-json\/wp\/v2\/product_cat?post=9073"},{"taxonomy":"product_tag","embeddable":true,"href":"https:\/\/www.hsymachinery.com\/sk\/wp-json\/wp\/v2\/product_tag?post=9073"}],"curies":[{"name":"wp","href":"https:\/\/api.w.org\/{rel}","templated":true}]}}