{"id":9058,"date":"2025-06-18T16:14:34","date_gmt":"2025-06-18T08:14:34","guid":{"rendered":"https:\/\/www.hsymachinery.com\/?post_type=product&#038;p=9058"},"modified":"2025-06-28T14:59:29","modified_gmt":"2025-06-28T06:59:29","slug":"podbijacka-ch-d100","status":"publish","type":"product","link":"https:\/\/www.hsymachinery.com\/sk\/produkt\/podbijacka-ch-d100\/","title":{"rendered":"Podb\u00edja\u010dka CH-D100"},"content":{"rendered":"<h2 data-start=\"112\" data-end=\"142\">Podb\u00edja\u010dka CH-D100<\/h2>\n<h3 data-start=\"143\" data-end=\"244\">CH-D100 Elektrick\u00e1 motorov\u00e1 podb\u00edja\u010dka | Vysoko\u00fa\u010dinn\u00e9 zhut\u0148ovacie zariadenie pre p\u00f4du a asfalt<\/h3>\n<h3 data-start=\"251\" data-end=\"332\">Preh\u013ead produktov - Efekt\u00edvna elektrick\u00e1 energia pre spo\u013eahliv\u00e9 zhut\u0148ovanie p\u00f4dy<a href=\"https:\/\/www.hsymachinery.com\/sk\/produkty\/ubijacie-kladivo\/\" target=\"_blank\" rel=\"noopener\"><img fetchpriority=\"high\" decoding=\"async\" class=\"wp-image-9060 alignright\" src=\"https:\/\/www.hsymachinery.com\/wp-content\/uploads\/2025\/06\/Tamping-Rammer-CH-D100-1-300x300.jpg\" alt=\"\" width=\"499\" height=\"499\" srcset=\"https:\/\/www.hsymachinery.com\/wp-content\/uploads\/2025\/06\/Tamping-Rammer-CH-D100-1-300x300.jpg 300w, https:\/\/www.hsymachinery.com\/wp-content\/uploads\/2025\/06\/Tamping-Rammer-CH-D100-1-150x150.jpg 150w, https:\/\/www.hsymachinery.com\/wp-content\/uploads\/2025\/06\/Tamping-Rammer-CH-D100-1-768x768.jpg 768w, https:\/\/www.hsymachinery.com\/wp-content\/uploads\/2025\/06\/Tamping-Rammer-CH-D100-1-600x600.jpg 600w, https:\/\/www.hsymachinery.com\/wp-content\/uploads\/2025\/06\/Tamping-Rammer-CH-D100-1-100x100.jpg 100w, https:\/\/www.hsymachinery.com\/wp-content\/uploads\/2025\/06\/Tamping-Rammer-CH-D100-1.jpg 800w\" sizes=\"(max-width: 499px) 100vw, 499px\" \/><\/a><\/h3>\n<p data-start=\"334\" data-end=\"689\">Str\u00e1nka <strong data-start=\"338\" data-end=\"373\">CH-D100 Elektrick\u00e1 podb\u00edja\u010dka<\/strong> je v\u00fdkonn\u00fd a ekologick\u00fd zhut\u0148ovac\u00ed stroj ur\u010den\u00fd na \u0161irok\u00fa \u0161k\u00e1lu pr\u00e1c s p\u00f4dou a asfaltom. Poh\u00e1\u0148an\u00fd elektromotorom s vysok\u00fdm kr\u00fatiacim momentom poskytuje konzistentn\u00fa ub\u00edjaciu silu so zn\u00ed\u017eenou hlu\u010dnos\u0165ou a nulov\u00fdmi emisiami - ide\u00e1lny pre uzavret\u00e9 prostredia a mestsk\u00e9 projekty s obmedzeniami hluku alebo v\u00fdfukov\u00fdch plynov.<\/p>\n<p data-start=\"691\" data-end=\"894\">Model CH-D100 je ide\u00e1lny na zhut\u0148ovanie s\u00fadr\u017enej zeminy, zasyp\u00e1vanie v\u00fdkopov, z\u00e1kladov\u00fdch j\u00e1m a opravy ciest a pon\u00faka profesion\u00e1lom v stavebn\u00edctve vyv\u00e1\u017een\u00fd v\u00fdkon, spo\u013eahlivos\u0165 a energetick\u00fa \u00fa\u010dinnos\u0165.<\/p>\n<h3 data-start=\"901\" data-end=\"960\">Hladk\u00e1 prev\u00e1dzka, odoln\u00e1 kon\u0161trukcia a nen\u00e1ro\u010dn\u00e1 \u00fadr\u017eba<\/h3>\n<p data-start=\"962\" data-end=\"1304\">Na rozdiel od benz\u00ednov\u00fdch alebo naftov\u00fdch podb\u00edja\u010diek nevy\u017eaduje CH-D100 \u017eiadne doplnenie paliva, \u010d\u00edm sa minimalizuj\u00fa prev\u00e1dzkov\u00e9 n\u00e1klady a riziko po\u017eiaru. Jeho elektrick\u00fd motor sa sp\u00fa\u0161\u0165a okam\u017eite, \u010do zaru\u010duje spo\u013eahliv\u00fa prev\u00e1dzku za v\u0161etk\u00fdch poveternostn\u00fdch podmienok. Stroj je vybaven\u00fd siln\u00fdm pru\u017einov\u00fdm syst\u00e9mom, ktor\u00fd maximalizuje silu n\u00e1razu a z\u00e1rove\u0148 pohlcuje vibr\u00e1cie na ochranu obsluhy.<\/p>\n<p data-start=\"1306\" data-end=\"1451\">V\u010faka robustn\u00e9mu \u0161tvorbodov\u00e9mu dr\u017eiaku, zosilnenej obj\u00edmke a kompaktn\u00e9mu telu si kamera CH-D100 dobre vedie aj v stiesnen\u00fdch pracovn\u00fdch priestoroch.<\/p>\n<h3 data-start=\"1458\" data-end=\"1508\">Ide\u00e1lne na pou\u017eitie v interi\u00e9ri a v mestskej v\u00fdstavbe<\/h3>\n<p data-start=\"1510\" data-end=\"1780\">Model CH-D100 vynik\u00e1 svojou kompatibilitou s prostred\u00edm. Neprodukuje \u017eiadne v\u00fdfukov\u00e9 emisie a pracuje pri ni\u017e\u0161ej \u00farovni decibelov, tak\u017ee je ide\u00e1lny pre podzemn\u00e9 stavby, pr\u00e1ce v tuneloch a na stavenisk\u00e1ch, kde z\u00e1le\u017e\u00ed na kvalite ovzdu\u0161ia a hluku.<\/p>\n<p data-start=\"1782\" data-end=\"1936\">V\u010faka jednoduchej kon\u0161trukcii a n\u00edzkym n\u00e1rokom na \u00fadr\u017ebu je t\u00e1to elektrick\u00e1 podb\u00edja\u010dka dlhodobou invest\u00edciou pre modern\u00fdch dod\u00e1vate\u013eov.<\/p>\n<h3 data-start=\"1943\" data-end=\"1996\">K\u013e\u00fa\u010dov\u00e9 vlastnosti elektrick\u00e9ho podb\u00edjacieho kladiva CH-D100<\/h3>\n<ul data-start=\"1998\" data-end=\"2300\">\n<li data-start=\"1998\" data-end=\"2068\">\n<p data-start=\"2000\" data-end=\"2068\">Vybaven\u00fd odoln\u00fdm elektromotorom, ide\u00e1lny na pou\u017eitie v interi\u00e9ri\/mieste<\/p>\n<\/li>\n<li data-start=\"2069\" data-end=\"2131\">\n<p data-start=\"2071\" data-end=\"2131\">Poskytuje siln\u00fa zhut\u0148ovaciu silu bez paliva a emisi\u00ed<\/p>\n<\/li>\n<li data-start=\"2132\" data-end=\"2182\">\n<p data-start=\"2134\" data-end=\"2182\">R\u00fdchle spustenie prev\u00e1dzky s minim\u00e1lnou \u00fadr\u017ebou<\/p>\n<\/li>\n<li data-start=\"2183\" data-end=\"2241\">\n<p data-start=\"2185\" data-end=\"2241\">Zosilnen\u00e1 sabot\u00e1\u017ena doska a antivibra\u010dn\u00fd dr\u017eiak<\/p>\n<\/li>\n<li data-start=\"2242\" data-end=\"2300\">\n<p data-start=\"2244\" data-end=\"2300\">Vhodn\u00e9 do v\u00fdkopov, z\u00e1kladov a stiesnen\u00fdch priestorov<\/p>\n<\/li>\n<\/ul>\n<p><iframe title=\"kompaktor, podb\u00edja\u010dka, podb\u00edja\u010dka, doskov\u00fd kompaktor, stavebn\u00e9 vibr\u00e1cie, kompaktorov\u00fd stroj.#tamping\" width=\"720\" height=\"540\" src=\"https:\/\/www.youtube.com\/embed\/j8Nod6Mcz9w?feature=oembed\" frameborder=\"0\" allow=\"accelerometer; autoplay; clipboard-write; encrypted-media; gyroscope; picture-in-picture; web-share\" referrerpolicy=\"strict-origin-when-cross-origin\" allowfullscreen><\/iframe><\/p>","protected":false},"excerpt":{"rendered":"<p>Elektrick\u00e1 podb\u00edja\u010dka CH-D100 pon\u00faka bez paliva a bez emisi\u00ed zhut\u0148ovanie p\u00f4dy pre v\u00fdkopy, z\u00e1klady a mestsk\u00e9 pracovisk\u00e1. Je tich\u00fd, \u010dist\u00fd a skon\u0161truovan\u00fd na dlhodob\u00e9 pou\u017e\u00edvanie.<\/p>","protected":false},"featured_media":9060,"template":"","meta":{"_kad_post_transparent":"default","_kad_post_title":"","_kad_post_layout":"default","_kad_post_sidebar_id":"","_kad_post_content_style":"default","_kad_post_vertical_padding":"default","_kad_post_feature":"","_kad_post_feature_position":"","_kad_post_header":false,"_kad_post_footer":false},"product_brand":[],"product_cat":[83],"product_tag":[1060,1057,1058,1059,1051,1052,1056,1053,1055,1054],"class_list":{"0":"post-9058","1":"product","2":"type-product","3":"status-publish","4":"has-post-thumbnail","6":"product_cat-tamping-rammer","7":"product_tag-backfill-compactor-machine","8":"product_tag-diesel-tamping-rammer","9":"product_tag-earth-tamping-machine","10":"product_tag-handheld-tamping-rammer","11":"product_tag-impact-rammer","12":"product_tag-jumping-jack-compactor","13":"product_tag-petrol-tamping-rammer","14":"product_tag-plate-tamping-rammer","15":"product_tag-soil-compaction-rammer","16":"product_tag-vibratory-tamping-rammer","18":"first","19":"instock","20":"shipping-taxable","21":"product-type-simple","22":"entry","23":"content-bg","24":"loop-entry"},"yoast_head":"<!-- This site is optimized with the Yoast SEO plugin v25.3.1 - https:\/\/yoast.com\/wordpress\/plugins\/seo\/ -->\n<title>Tamping Rammer CH-D100 - HSY Construction Machinery<\/title>\n<meta name=\"description\" content=\"CH-D100 Electric Tamping Rammer delivers clean, fuel-free soil compaction. Ideal for indoor, trench, and foundation work. Durable, quiet, and easy to maintain.\" \/>\n<meta name=\"robots\" content=\"index, follow, max-snippet:-1, max-image-preview:large, max-video-preview:-1\" \/>\n<link rel=\"canonical\" href=\"https:\/\/www.hsymachinery.com\/sk\/produkt\/podbijacka-ch-d100\/\" \/>\n<meta property=\"og:locale\" content=\"sk_SK\" \/>\n<meta property=\"og:type\" content=\"article\" \/>\n<meta property=\"og:title\" content=\"Tamping Rammer CH-D100 - HSY Construction Machinery\" \/>\n<meta property=\"og:description\" content=\"CH-D100 Electric Tamping Rammer delivers clean, fuel-free soil compaction. Ideal for indoor, trench, and foundation work. Durable, quiet, and easy to maintain.\" \/>\n<meta property=\"og:url\" content=\"https:\/\/www.hsymachinery.com\/sk\/produkt\/podbijacka-ch-d100\/\" \/>\n<meta property=\"og:site_name\" content=\"HSY Construction Machinery\" \/>\n<meta property=\"article:modified_time\" content=\"2025-06-28T06:59:29+00:00\" \/>\n<meta property=\"og:image\" content=\"https:\/\/www.hsymachinery.com\/wp-content\/uploads\/2025\/06\/Tamping-Rammer-CH-D100-1.jpg\" \/>\n\t<meta property=\"og:image:width\" content=\"800\" \/>\n\t<meta property=\"og:image:height\" content=\"800\" \/>\n\t<meta property=\"og:image:type\" content=\"image\/jpeg\" \/>\n<meta name=\"twitter:card\" content=\"summary_large_image\" \/>\n<meta name=\"twitter:label1\" content=\"Predpokladan\u00fd \u010das \u010d\u00edtania\" \/>\n\t<meta name=\"twitter:data1\" content=\"2 min\u00faty\" \/>\n<script type=\"application\/ld+json\" class=\"yoast-schema-graph\">{\"@context\":\"https:\/\/schema.org\",\"@graph\":[{\"@type\":\"WebPage\",\"@id\":\"https:\/\/www.hsymachinery.com\/product\/tamping-rammer-ch-d100\/\",\"url\":\"https:\/\/www.hsymachinery.com\/product\/tamping-rammer-ch-d100\/\",\"name\":\"Tamping Rammer CH-D100 - HSY Construction Machinery\",\"isPartOf\":{\"@id\":\"https:\/\/www.hsymachinery.com\/#website\"},\"primaryImageOfPage\":{\"@id\":\"https:\/\/www.hsymachinery.com\/product\/tamping-rammer-ch-d100\/#primaryimage\"},\"image\":{\"@id\":\"https:\/\/www.hsymachinery.com\/product\/tamping-rammer-ch-d100\/#primaryimage\"},\"thumbnailUrl\":\"https:\/\/www.hsymachinery.com\/wp-content\/uploads\/2025\/06\/Tamping-Rammer-CH-D100-1.jpg\",\"datePublished\":\"2025-06-18T08:14:34+00:00\",\"dateModified\":\"2025-06-28T06:59:29+00:00\",\"description\":\"CH-D100 Electric Tamping Rammer delivers clean, fuel-free soil compaction. Ideal for indoor, trench, and foundation work. Durable, quiet, and easy to maintain.\",\"breadcrumb\":{\"@id\":\"https:\/\/www.hsymachinery.com\/product\/tamping-rammer-ch-d100\/#breadcrumb\"},\"inLanguage\":\"sk-SK\",\"potentialAction\":[{\"@type\":\"ReadAction\",\"target\":[\"https:\/\/www.hsymachinery.com\/product\/tamping-rammer-ch-d100\/\"]}]},{\"@type\":\"ImageObject\",\"inLanguage\":\"sk-SK\",\"@id\":\"https:\/\/www.hsymachinery.com\/product\/tamping-rammer-ch-d100\/#primaryimage\",\"url\":\"https:\/\/www.hsymachinery.com\/wp-content\/uploads\/2025\/06\/Tamping-Rammer-CH-D100-1.jpg\",\"contentUrl\":\"https:\/\/www.hsymachinery.com\/wp-content\/uploads\/2025\/06\/Tamping-Rammer-CH-D100-1.jpg\",\"width\":800,\"height\":800},{\"@type\":\"BreadcrumbList\",\"@id\":\"https:\/\/www.hsymachinery.com\/product\/tamping-rammer-ch-d100\/#breadcrumb\",\"itemListElement\":[{\"@type\":\"ListItem\",\"position\":1,\"name\":\"home\",\"item\":\"https:\/\/www.hsymachinery.com\/\"},{\"@type\":\"ListItem\",\"position\":2,\"name\":\"products\",\"item\":\"https:\/\/www.hsymachinery.com\/products\/\"},{\"@type\":\"ListItem\",\"position\":3,\"name\":\"Tamping Rammer CH-D100\"}]},{\"@type\":\"WebSite\",\"@id\":\"https:\/\/www.hsymachinery.com\/#website\",\"url\":\"https:\/\/www.hsymachinery.com\/\",\"name\":\"HSY Construction Machinery\",\"description\":\"HSY Machinery \u2013 A leading China construction machinery supplier, offering a wide range of light construction equipment. Our main products include Rebar Cutting Machine, Rebar Bending Machine, Rebar Stirrup Bending Machine, Rebar Arc Bending Machine, Rebar Straightening Machine, Five-Head Rebar Stirrup Bending Machine, Tamping Rammer, Plate Compactor, Concrete Cutter, Power Trowel, and other construction machinery. We are equipped with advanced CNC machines, and we enforce strict quality inspection standards along with comprehensive after-sales service. If you are interested in our products or services, we warmly welcome your inquiries via message.\",\"publisher\":{\"@id\":\"https:\/\/www.hsymachinery.com\/#organization\"},\"potentialAction\":[{\"@type\":\"SearchAction\",\"target\":{\"@type\":\"EntryPoint\",\"urlTemplate\":\"https:\/\/www.hsymachinery.com\/?s={search_term_string}\"},\"query-input\":{\"@type\":\"PropertyValueSpecification\",\"valueRequired\":true,\"valueName\":\"search_term_string\"}}],\"inLanguage\":\"sk-SK\"},{\"@type\":\"Organization\",\"@id\":\"https:\/\/www.hsymachinery.com\/#organization\",\"name\":\"HSY Construction Machinery\",\"url\":\"https:\/\/www.hsymachinery.com\/\",\"logo\":{\"@type\":\"ImageObject\",\"inLanguage\":\"sk-SK\",\"@id\":\"https:\/\/www.hsymachinery.com\/#\/schema\/logo\/image\/\",\"url\":\"https:\/\/www.hsymachinery.com\/wp-content\/uploads\/2025\/06\/cropped-HSY-machinery.png\",\"contentUrl\":\"https:\/\/www.hsymachinery.com\/wp-content\/uploads\/2025\/06\/cropped-HSY-machinery.png\",\"width\":600,\"height\":240,\"caption\":\"HSY Construction Machinery\"},\"image\":{\"@id\":\"https:\/\/www.hsymachinery.com\/#\/schema\/logo\/image\/\"}}]}<\/script>\n<!-- \/ Yoast SEO plugin. -->","yoast_head_json":{"title":"Podb\u00edja\u010dka CH-D100 - Stavebn\u00e9 stroje HSY","description":"Elektrick\u00e1 podb\u00edja\u010dka CH-D100 poskytuje \u010dist\u00e9 zhut\u0148ovanie p\u00f4dy bez paliva. Ide\u00e1lne na pr\u00e1ce v interi\u00e9ri, v\u00fdkopy a z\u00e1klady. Odoln\u00e9, tich\u00e9 a jednoduch\u00e9 na \u00fadr\u017ebu.","robots":{"index":"index","follow":"follow","max-snippet":"max-snippet:-1","max-image-preview":"max-image-preview:large","max-video-preview":"max-video-preview:-1"},"canonical":"https:\/\/www.hsymachinery.com\/sk\/produkt\/podbijacka-ch-d100\/","og_locale":"sk_SK","og_type":"article","og_title":"Tamping Rammer CH-D100 - HSY Construction Machinery","og_description":"CH-D100 Electric Tamping Rammer delivers clean, fuel-free soil compaction. Ideal for indoor, trench, and foundation work. Durable, quiet, and easy to maintain.","og_url":"https:\/\/www.hsymachinery.com\/sk\/produkt\/podbijacka-ch-d100\/","og_site_name":"HSY Construction Machinery","article_modified_time":"2025-06-28T06:59:29+00:00","og_image":[{"width":800,"height":800,"url":"https:\/\/www.hsymachinery.com\/wp-content\/uploads\/2025\/06\/Tamping-Rammer-CH-D100-1.jpg","type":"image\/jpeg"}],"twitter_card":"summary_large_image","twitter_misc":{"Predpokladan\u00fd \u010das \u010d\u00edtania":"2 min\u00faty"},"schema":{"@context":"https:\/\/schema.org","@graph":[{"@type":"WebPage","@id":"https:\/\/www.hsymachinery.com\/product\/tamping-rammer-ch-d100\/","url":"https:\/\/www.hsymachinery.com\/product\/tamping-rammer-ch-d100\/","name":"Podb\u00edja\u010dka CH-D100 - Stavebn\u00e9 stroje HSY","isPartOf":{"@id":"https:\/\/www.hsymachinery.com\/#website"},"primaryImageOfPage":{"@id":"https:\/\/www.hsymachinery.com\/product\/tamping-rammer-ch-d100\/#primaryimage"},"image":{"@id":"https:\/\/www.hsymachinery.com\/product\/tamping-rammer-ch-d100\/#primaryimage"},"thumbnailUrl":"https:\/\/www.hsymachinery.com\/wp-content\/uploads\/2025\/06\/Tamping-Rammer-CH-D100-1.jpg","datePublished":"2025-06-18T08:14:34+00:00","dateModified":"2025-06-28T06:59:29+00:00","description":"Elektrick\u00e1 podb\u00edja\u010dka CH-D100 poskytuje \u010dist\u00e9 zhut\u0148ovanie p\u00f4dy bez paliva. Ide\u00e1lne na pr\u00e1ce v interi\u00e9ri, v\u00fdkopy a z\u00e1klady. Odoln\u00e9, tich\u00e9 a jednoduch\u00e9 na \u00fadr\u017ebu.","breadcrumb":{"@id":"https:\/\/www.hsymachinery.com\/product\/tamping-rammer-ch-d100\/#breadcrumb"},"inLanguage":"sk-SK","potentialAction":[{"@type":"ReadAction","target":["https:\/\/www.hsymachinery.com\/product\/tamping-rammer-ch-d100\/"]}]},{"@type":"ImageObject","inLanguage":"sk-SK","@id":"https:\/\/www.hsymachinery.com\/product\/tamping-rammer-ch-d100\/#primaryimage","url":"https:\/\/www.hsymachinery.com\/wp-content\/uploads\/2025\/06\/Tamping-Rammer-CH-D100-1.jpg","contentUrl":"https:\/\/www.hsymachinery.com\/wp-content\/uploads\/2025\/06\/Tamping-Rammer-CH-D100-1.jpg","width":800,"height":800},{"@type":"BreadcrumbList","@id":"https:\/\/www.hsymachinery.com\/product\/tamping-rammer-ch-d100\/#breadcrumb","itemListElement":[{"@type":"ListItem","position":1,"name":"home","item":"https:\/\/www.hsymachinery.com\/"},{"@type":"ListItem","position":2,"name":"products","item":"https:\/\/www.hsymachinery.com\/products\/"},{"@type":"ListItem","position":3,"name":"Tamping Rammer CH-D100"}]},{"@type":"WebSite","@id":"https:\/\/www.hsymachinery.com\/#website","url":"https:\/\/www.hsymachinery.com\/","name":"Stavebn\u00e9 stroje HSY","description":"HSY Machinery - popredn\u00fd dod\u00e1vate\u013e stavebn\u00fdch strojov v \u010c\u00edne, ktor\u00fd pon\u00faka \u0161irok\u00fd sortiment \u013eahk\u00fdch stavebn\u00fdch strojov. Medzi na\u0161e hlavn\u00e9 produkty patr\u00ed stroj na rezanie ty\u010d\u00ed, stroj na oh\u00fdbanie ty\u010d\u00ed, stroj na oh\u00fdbanie ty\u010d\u00ed, stroj na oh\u00fdbanie obl\u00fakov ty\u010d\u00ed, stroj na rovnanie ty\u010d\u00ed, p\u00e4\u0165hlav\u0148ov\u00fd stroj na oh\u00fdbanie ty\u010d\u00ed, podb\u00edja\u010dka, zhut\u0148ova\u010d dosiek, fr\u00e9za na bet\u00f3n, elektrick\u00e1 stierka a \u010fal\u0161ie stavebn\u00e9 stroje. Sme vybaven\u00ed modern\u00fdmi CNC strojmi a presadzujeme pr\u00edsne normy kontroly kvality spolu s komplexn\u00fdm popredajn\u00fdm servisom. Ak m\u00e1te z\u00e1ujem o na\u0161e v\u00fdrobky alebo slu\u017eby, srde\u010dne priv\u00edtame va\u0161e ot\u00e1zky prostredn\u00edctvom spr\u00e1vy.","publisher":{"@id":"https:\/\/www.hsymachinery.com\/#organization"},"potentialAction":[{"@type":"SearchAction","target":{"@type":"EntryPoint","urlTemplate":"https:\/\/www.hsymachinery.com\/?s={search_term_string}"},"query-input":{"@type":"PropertyValueSpecification","valueRequired":true,"valueName":"search_term_string"}}],"inLanguage":"sk-SK"},{"@type":"Organization","@id":"https:\/\/www.hsymachinery.com\/#organization","name":"Stavebn\u00e9 stroje HSY","url":"https:\/\/www.hsymachinery.com\/","logo":{"@type":"ImageObject","inLanguage":"sk-SK","@id":"https:\/\/www.hsymachinery.com\/#\/schema\/logo\/image\/","url":"https:\/\/www.hsymachinery.com\/wp-content\/uploads\/2025\/06\/cropped-HSY-machinery.png","contentUrl":"https:\/\/www.hsymachinery.com\/wp-content\/uploads\/2025\/06\/cropped-HSY-machinery.png","width":600,"height":240,"caption":"HSY Construction Machinery"},"image":{"@id":"https:\/\/www.hsymachinery.com\/#\/schema\/logo\/image\/"}}]}},"_links":{"self":[{"href":"https:\/\/www.hsymachinery.com\/sk\/wp-json\/wp\/v2\/product\/9058","targetHints":{"allow":["GET"]}}],"collection":[{"href":"https:\/\/www.hsymachinery.com\/sk\/wp-json\/wp\/v2\/product"}],"about":[{"href":"https:\/\/www.hsymachinery.com\/sk\/wp-json\/wp\/v2\/types\/product"}],"version-history":[{"count":3,"href":"https:\/\/www.hsymachinery.com\/sk\/wp-json\/wp\/v2\/product\/9058\/revisions"}],"predecessor-version":[{"id":9491,"href":"https:\/\/www.hsymachinery.com\/sk\/wp-json\/wp\/v2\/product\/9058\/revisions\/9491"}],"wp:featuredmedia":[{"embeddable":true,"href":"https:\/\/www.hsymachinery.com\/sk\/wp-json\/wp\/v2\/media\/9060"}],"wp:attachment":[{"href":"https:\/\/www.hsymachinery.com\/sk\/wp-json\/wp\/v2\/media?parent=9058"}],"wp:term":[{"taxonomy":"product_brand","embeddable":true,"href":"https:\/\/www.hsymachinery.com\/sk\/wp-json\/wp\/v2\/product_brand?post=9058"},{"taxonomy":"product_cat","embeddable":true,"href":"https:\/\/www.hsymachinery.com\/sk\/wp-json\/wp\/v2\/product_cat?post=9058"},{"taxonomy":"product_tag","embeddable":true,"href":"https:\/\/www.hsymachinery.com\/sk\/wp-json\/wp\/v2\/product_tag?post=9058"}],"curies":[{"name":"wp","href":"https:\/\/api.w.org\/{rel}","templated":true}]}}