{"id":9050,"date":"2025-06-18T15:35:27","date_gmt":"2025-06-18T07:35:27","guid":{"rendered":"https:\/\/www.hsymachinery.com\/?post_type=product&#038;p=9050"},"modified":"2025-06-28T13:46:51","modified_gmt":"2025-06-28T05:46:51","slug":"automaticka-ohybacka-strmenov-stwq4-14b","status":"publish","type":"product","link":"https:\/\/www.hsymachinery.com\/sk\/produkt\/automaticka-ohybacka-strmenov-stwq4-14b\/","title":{"rendered":"Automatick\u00fd stroj na oh\u00fdbanie strme\u0148ov STWQ4-14B"},"content":{"rendered":"<h2 data-start=\"124\" data-end=\"175\">Automatick\u00fd stroj na oh\u00fdbanie strme\u0148ov STWQ4-14B<\/h2>\n<h3 data-start=\"176\" data-end=\"296\">STWQ4-14B Automatick\u00e9 oh\u00fdbanie ty\u010dov\u00fdch ty\u010d\u00ed | Pokro\u010dil\u00fd CNC stroj na oh\u00fdbanie oce\u013eov\u00fdch ty\u010d\u00ed typu Coil pre 4-12mm v\u00fdstu\u017e<\/h3>\n<h3 data-start=\"303\" data-end=\"382\">Preh\u013ead produktov - Optimalizovan\u00e9 pre flexibiln\u00fa, vysokor\u00fdchlostn\u00fa v\u00fdrobu mie\u0161adiel<a href=\"https:\/\/www.hsymachinery.com\/sk\/produkty\/automaticky-stroj-na-ohybanie-strmenov\/\" target=\"_blank\" rel=\"noopener\"><img fetchpriority=\"high\" decoding=\"async\" class=\"wp-image-9051 alignright\" src=\"https:\/\/www.hsymachinery.com\/wp-content\/uploads\/2025\/06\/Automatic-Stirrup-Bending-Machine-STWQ4-14B-parameter-300x300.jpg\" alt=\"\" width=\"502\" height=\"502\" srcset=\"https:\/\/www.hsymachinery.com\/wp-content\/uploads\/2025\/06\/Automatic-Stirrup-Bending-Machine-STWQ4-14B-parameter-300x300.jpg 300w, https:\/\/www.hsymachinery.com\/wp-content\/uploads\/2025\/06\/Automatic-Stirrup-Bending-Machine-STWQ4-14B-parameter-150x150.jpg 150w, https:\/\/www.hsymachinery.com\/wp-content\/uploads\/2025\/06\/Automatic-Stirrup-Bending-Machine-STWQ4-14B-parameter-100x100.jpg 100w, https:\/\/www.hsymachinery.com\/wp-content\/uploads\/2025\/06\/Automatic-Stirrup-Bending-Machine-STWQ4-14B-parameter.jpg 600w\" sizes=\"(max-width: 502px) 100vw, 502px\" \/><\/a><\/h3>\n<p data-start=\"384\" data-end=\"782\">Str\u00e1nka <strong data-start=\"388\" data-end=\"435\">STWQ4-14B Automatick\u00fd stroj na oh\u00fdbanie strme\u0148ov<\/strong> je skon\u0161truovan\u00fd na presn\u00e9, vysokor\u00fdchlostn\u00e9 tvarovanie strme\u0148ov zo zvinutej v\u00fdstu\u017ee od 4 mm do 12 mm. Tento model vynik\u00e1 zv\u00fd\u0161enou stabilitou r\u00e1mu, plynulej\u0161\u00edm syst\u00e9mom pod\u00e1vania a r\u00fdchlej\u0161\u00edm \u010dasom cyklu, v\u010faka \u010domu je \u0161pi\u010dkovou vo\u013ebou pre vysoko efekt\u00edvne stavenisk\u00e1, modul\u00e1rne v\u00fdrobn\u00e9 sklady a stredisk\u00e1 na spracovanie v\u00fdstu\u017ee.<\/p>\n<p data-start=\"784\" data-end=\"943\">Integr\u00e1ciou plne automatizovan\u00fdch procesov rovnania, rezania a oh\u00fdbania stroj zefekt\u00edv\u0148uje v\u00fdrobu a z\u00e1rove\u0148 zni\u017euje plytvanie materi\u00e1lom a n\u00e1klady na pracovn\u00fa silu.<\/p>\n<h3 data-start=\"950\" data-end=\"1005\">Inteligentn\u00e1 prev\u00e1dzka, r\u00fdchle prep\u00ednanie a \u010dist\u00e9 ohyby<\/h3>\n<p data-start=\"1007\" data-end=\"1303\">STWQ4-14B sa dod\u00e1va s modernizovan\u00fdm ovl\u00e1dac\u00edm panelom CNC, ktor\u00fd podporuje ukladanie do tvarovej pam\u00e4te, \u010do umo\u017e\u0148uje obsluhe prep\u00edna\u0165 medzi kon\u0161trukciami v priebehu nieko\u013ek\u00fdch sek\u00fand. Jeho vysoko presn\u00e9 servomotory poh\u00e1\u0148aj\u00fa automatick\u00e9 pod\u00e1vacie a oh\u00fdbacie ramen\u00e1, \u010d\u00edm zabezpe\u010duj\u00fa jednotn\u00fa kvalitu aj pri ve\u013ek\u00fdch v\u00fdrobn\u00fdch s\u00e9ri\u00e1ch.<\/p>\n<p data-start=\"1305\" data-end=\"1462\">Nastavite\u013en\u00fd rovnac\u00ed valec minimalizuje deform\u00e1ciu a podporuje presn\u00e9 vykonanie uhla, vhodn\u00fd pre symetrick\u00e9 aj zlo\u017eit\u00e9 kon\u0161trukcie strme\u0148ov.<\/p>\n<h3 data-start=\"1469\" data-end=\"1526\">Posilnen\u00fd dizajn s medzin\u00e1rodnou kompatibilitou<\/h3>\n<p data-start=\"1528\" data-end=\"1801\">Model STWQ4-14B m\u00e1 hrub\u0161\u00ed oce\u013eov\u00fd r\u00e1m, ktor\u00fd zni\u017euje vibr\u00e1cie a zvy\u0161uje dlhodob\u00fa odolnos\u0165. Jeho modul\u00e1rna kon\u0161trukcia umo\u017e\u0148uje \u013eah\u0161\u00ed pr\u00edstup k \u00fadr\u017ebe a stroj obsahuje bezpe\u010dnostn\u00e9 alarmy, centr\u00e1lne mazanie a funkcie ochrany nap\u00e1jania.<\/p>\n<p data-start=\"1803\" data-end=\"1931\">Pracuje s nap\u00e4t\u00edm 380 V\/50 Hz a mo\u017eno ho prisp\u00f4sobi\u0165 medzin\u00e1rodn\u00fdm nap\u00e4\u0165ov\u00fdm norm\u00e1m, \u010d\u00edm \u013eahko sp\u013a\u0148a glob\u00e1lne exportn\u00e9 potreby.<\/p>\n<h3 data-start=\"1938\" data-end=\"1994\">K\u013e\u00fa\u010dov\u00e9 vlastnosti automatick\u00e9ho oh\u00fdba\u010da strme\u0148ov STWQ4-14B<\/h3>\n<ul data-start=\"1996\" data-end=\"2313\">\n<li data-start=\"1996\" data-end=\"2062\">\n<p data-start=\"1998\" data-end=\"2062\">Spracov\u00e1va 4-12 mm zvinut\u00e9 oce\u013eov\u00e9 ty\u010de do r\u00f4znych tvarov strme\u0148ov<\/p>\n<\/li>\n<li data-start=\"2063\" data-end=\"2133\">\n<p data-start=\"2065\" data-end=\"2133\">Pokro\u010dil\u00e9 rozhranie CNC s tvarovou pam\u00e4\u0165ou na r\u00fdchle zmeny programu<\/p>\n<\/li>\n<li data-start=\"2134\" data-end=\"2190\">\n<p data-start=\"2136\" data-end=\"2190\">Vylep\u0161en\u00fd syst\u00e9m motora a r\u00fdchloformuj\u00face oh\u00fdbacie hlavy<\/p>\n<\/li>\n<li data-start=\"2191\" data-end=\"2252\">\n<p data-start=\"2193\" data-end=\"2252\">Robustn\u00fd r\u00e1m s integrovan\u00fdm mazan\u00edm a signaliz\u00e1ciou poruchy<\/p>\n<\/li>\n<li data-start=\"2253\" data-end=\"2313\">\n<p data-start=\"2255\" data-end=\"2313\">Navrhnut\u00e9 pre exportn\u00e9 trhy a priemyseln\u00e9 pou\u017eitie po\u010das dlh\u00fdch hod\u00edn<\/p>\n<\/li>\n<\/ul>\n<p><iframe title=\"Stroj na oh\u00fdbanie strme\u0148ov, stroj na oh\u00fdbanie ty\u010d\u00ed cnc, stroj na oh\u00fdbanie ty\u010d\u00ed, oh\u00fdba\u010dka strme\u0148ov\" width=\"720\" height=\"540\" src=\"https:\/\/www.youtube.com\/embed\/7lyC3GtmOvI?feature=oembed\" frameborder=\"0\" allow=\"accelerometer; autoplay; clipboard-write; encrypted-media; gyroscope; picture-in-picture; web-share\" referrerpolicy=\"strict-origin-when-cross-origin\" allowfullscreen><\/iframe><\/p>","protected":false},"excerpt":{"rendered":"<p>STWQ4-14B formuje 4-12 mm zvinut\u00fa v\u00fdstu\u017e do strme\u0148ov s CNC presnos\u0165ou. Vyzna\u010duje sa r\u00fdchlym prep\u00ednan\u00edm programov, silnou stabilitou a vysokor\u00fdchlostn\u00fdm tvarovan\u00edm pre priemyseln\u00e9 pr\u00e1ce.<\/p>","protected":false},"featured_media":9052,"template":"","meta":{"_kad_post_transparent":"default","_kad_post_title":"","_kad_post_layout":"default","_kad_post_sidebar_id":"","_kad_post_content_style":"default","_kad_post_vertical_padding":"default","_kad_post_feature":"","_kad_post_feature_position":"","_kad_post_header":false,"_kad_post_footer":false},"product_brand":[],"product_cat":[61],"product_tag":[998,1043,1042,1044,1046,1048,1045,1050,1047,1049],"class_list":{"0":"post-9050","1":"product","2":"type-product","3":"status-publish","4":"has-post-thumbnail","6":"product_cat-automatic-stirrup-bending-machine","7":"product_tag-automatic-rebar-bending-machine","8":"product_tag-automatic-rebar-stirrup-bending-and-cutting-machine","9":"product_tag-cnc-automatic-stirrup-bending-and-cutting-machine","10":"product_tag-cnc-stirrup-bending-machine","11":"product_tag-rebar-stirrup-making-machine","12":"product_tag-reinforcement-bar-stirrup-bender","13":"product_tag-steel-bar-stirrup-bender","14":"product_tag-stirrup-bender-for-construction-steel","15":"product_tag-stirrup-forming-machine","16":"product_tag-wire-stirrup-bending-equipment","18":"first","19":"instock","20":"featured","21":"shipping-taxable","22":"product-type-simple","23":"entry","24":"content-bg","25":"loop-entry"},"yoast_head":"<!-- This site is optimized with the Yoast SEO plugin v25.3.1 - https:\/\/yoast.com\/wordpress\/plugins\/seo\/ -->\n<title>Automatic Stirrup Bending Machine STWQ4-14B - HSY Construction Machinery<\/title>\n<meta name=\"description\" content=\"Automatic Stirrup Bending Machine STWQ4-14B bends 4\u201312mm coiled steel bars into stirrups. Stable, fast, and built for heavy-duty fabrication and global use.\" \/>\n<meta name=\"robots\" content=\"index, follow, max-snippet:-1, max-image-preview:large, max-video-preview:-1\" \/>\n<link rel=\"canonical\" href=\"https:\/\/www.hsymachinery.com\/sk\/produkt\/automaticka-ohybacka-strmenov-stwq4-14b\/\" \/>\n<meta property=\"og:locale\" content=\"sk_SK\" \/>\n<meta property=\"og:type\" content=\"article\" \/>\n<meta property=\"og:title\" content=\"Automatic Stirrup Bending Machine STWQ4-14B - HSY Construction Machinery\" \/>\n<meta property=\"og:description\" content=\"Automatic Stirrup Bending Machine STWQ4-14B bends 4\u201312mm coiled steel bars into stirrups. Stable, fast, and built for heavy-duty fabrication and global use.\" \/>\n<meta property=\"og:url\" content=\"https:\/\/www.hsymachinery.com\/sk\/produkt\/automaticka-ohybacka-strmenov-stwq4-14b\/\" \/>\n<meta property=\"og:site_name\" content=\"HSY Construction Machinery\" \/>\n<meta property=\"article:modified_time\" content=\"2025-06-28T05:46:51+00:00\" \/>\n<meta property=\"og:image\" content=\"https:\/\/www.hsymachinery.com\/wp-content\/uploads\/2025\/06\/Automatic-Stirrup-Bending-Machine-STWQ4-14B.jpg\" \/>\n\t<meta property=\"og:image:width\" content=\"600\" \/>\n\t<meta property=\"og:image:height\" content=\"600\" \/>\n\t<meta property=\"og:image:type\" content=\"image\/jpeg\" \/>\n<meta name=\"twitter:card\" content=\"summary_large_image\" \/>\n<meta name=\"twitter:label1\" content=\"Predpokladan\u00fd \u010das \u010d\u00edtania\" \/>\n\t<meta name=\"twitter:data1\" content=\"2 min\u00faty\" \/>\n<script type=\"application\/ld+json\" class=\"yoast-schema-graph\">{\"@context\":\"https:\/\/schema.org\",\"@graph\":[{\"@type\":\"WebPage\",\"@id\":\"https:\/\/www.hsymachinery.com\/product\/automatic-stirrup-bending-machine-stwq4-14b\/\",\"url\":\"https:\/\/www.hsymachinery.com\/product\/automatic-stirrup-bending-machine-stwq4-14b\/\",\"name\":\"Automatic Stirrup Bending Machine STWQ4-14B - HSY Construction Machinery\",\"isPartOf\":{\"@id\":\"https:\/\/www.hsymachinery.com\/#website\"},\"primaryImageOfPage\":{\"@id\":\"https:\/\/www.hsymachinery.com\/product\/automatic-stirrup-bending-machine-stwq4-14b\/#primaryimage\"},\"image\":{\"@id\":\"https:\/\/www.hsymachinery.com\/product\/automatic-stirrup-bending-machine-stwq4-14b\/#primaryimage\"},\"thumbnailUrl\":\"https:\/\/www.hsymachinery.com\/wp-content\/uploads\/2025\/06\/Automatic-Stirrup-Bending-Machine-STWQ4-14B.jpg\",\"datePublished\":\"2025-06-18T07:35:27+00:00\",\"dateModified\":\"2025-06-28T05:46:51+00:00\",\"description\":\"Automatic Stirrup Bending Machine STWQ4-14B bends 4\u201312mm coiled steel bars into stirrups. Stable, fast, and built for heavy-duty fabrication and global use.\",\"breadcrumb\":{\"@id\":\"https:\/\/www.hsymachinery.com\/product\/automatic-stirrup-bending-machine-stwq4-14b\/#breadcrumb\"},\"inLanguage\":\"sk-SK\",\"potentialAction\":[{\"@type\":\"ReadAction\",\"target\":[\"https:\/\/www.hsymachinery.com\/product\/automatic-stirrup-bending-machine-stwq4-14b\/\"]}]},{\"@type\":\"ImageObject\",\"inLanguage\":\"sk-SK\",\"@id\":\"https:\/\/www.hsymachinery.com\/product\/automatic-stirrup-bending-machine-stwq4-14b\/#primaryimage\",\"url\":\"https:\/\/www.hsymachinery.com\/wp-content\/uploads\/2025\/06\/Automatic-Stirrup-Bending-Machine-STWQ4-14B.jpg\",\"contentUrl\":\"https:\/\/www.hsymachinery.com\/wp-content\/uploads\/2025\/06\/Automatic-Stirrup-Bending-Machine-STWQ4-14B.jpg\",\"width\":600,\"height\":600},{\"@type\":\"BreadcrumbList\",\"@id\":\"https:\/\/www.hsymachinery.com\/product\/automatic-stirrup-bending-machine-stwq4-14b\/#breadcrumb\",\"itemListElement\":[{\"@type\":\"ListItem\",\"position\":1,\"name\":\"home\",\"item\":\"https:\/\/www.hsymachinery.com\/\"},{\"@type\":\"ListItem\",\"position\":2,\"name\":\"products\",\"item\":\"https:\/\/www.hsymachinery.com\/products\/\"},{\"@type\":\"ListItem\",\"position\":3,\"name\":\"Automatic Stirrup Bending Machine STWQ4-14B\"}]},{\"@type\":\"WebSite\",\"@id\":\"https:\/\/www.hsymachinery.com\/#website\",\"url\":\"https:\/\/www.hsymachinery.com\/\",\"name\":\"HSY Construction Machinery\",\"description\":\"HSY Machinery \u2013 A leading China construction machinery supplier, offering a wide range of light construction equipment. Our main products include Rebar Cutting Machine, Rebar Bending Machine, Rebar Stirrup Bending Machine, Rebar Arc Bending Machine, Rebar Straightening Machine, Five-Head Rebar Stirrup Bending Machine, Tamping Rammer, Plate Compactor, Concrete Cutter, Power Trowel, and other construction machinery. We are equipped with advanced CNC machines, and we enforce strict quality inspection standards along with comprehensive after-sales service. If you are interested in our products or services, we warmly welcome your inquiries via message.\",\"publisher\":{\"@id\":\"https:\/\/www.hsymachinery.com\/#organization\"},\"potentialAction\":[{\"@type\":\"SearchAction\",\"target\":{\"@type\":\"EntryPoint\",\"urlTemplate\":\"https:\/\/www.hsymachinery.com\/?s={search_term_string}\"},\"query-input\":{\"@type\":\"PropertyValueSpecification\",\"valueRequired\":true,\"valueName\":\"search_term_string\"}}],\"inLanguage\":\"sk-SK\"},{\"@type\":\"Organization\",\"@id\":\"https:\/\/www.hsymachinery.com\/#organization\",\"name\":\"HSY Construction Machinery\",\"url\":\"https:\/\/www.hsymachinery.com\/\",\"logo\":{\"@type\":\"ImageObject\",\"inLanguage\":\"sk-SK\",\"@id\":\"https:\/\/www.hsymachinery.com\/#\/schema\/logo\/image\/\",\"url\":\"https:\/\/www.hsymachinery.com\/wp-content\/uploads\/2025\/06\/cropped-HSY-machinery.png\",\"contentUrl\":\"https:\/\/www.hsymachinery.com\/wp-content\/uploads\/2025\/06\/cropped-HSY-machinery.png\",\"width\":600,\"height\":240,\"caption\":\"HSY Construction Machinery\"},\"image\":{\"@id\":\"https:\/\/www.hsymachinery.com\/#\/schema\/logo\/image\/\"}}]}<\/script>\n<!-- \/ Yoast SEO plugin. -->","yoast_head_json":{"title":"Automatick\u00fd stroj na oh\u00fdbanie strme\u0148ov STWQ4-14B - Stavebn\u00e9 stroje HSY","description":"Automatick\u00fd stroj na oh\u00fdbanie strme\u0148ov STWQ4-14B oh\u00fdba 4-12 mm zvinut\u00e9 oce\u013eov\u00e9 ty\u010de do strme\u0148ov. Stabiln\u00fd, r\u00fdchly a kon\u0161truovan\u00fd pre n\u00e1ro\u010dn\u00fa v\u00fdrobu a glob\u00e1lne pou\u017eitie.","robots":{"index":"index","follow":"follow","max-snippet":"max-snippet:-1","max-image-preview":"max-image-preview:large","max-video-preview":"max-video-preview:-1"},"canonical":"https:\/\/www.hsymachinery.com\/sk\/produkt\/automaticka-ohybacka-strmenov-stwq4-14b\/","og_locale":"sk_SK","og_type":"article","og_title":"Automatic Stirrup Bending Machine STWQ4-14B - HSY Construction Machinery","og_description":"Automatic Stirrup Bending Machine STWQ4-14B bends 4\u201312mm coiled steel bars into stirrups. Stable, fast, and built for heavy-duty fabrication and global use.","og_url":"https:\/\/www.hsymachinery.com\/sk\/produkt\/automaticka-ohybacka-strmenov-stwq4-14b\/","og_site_name":"HSY Construction Machinery","article_modified_time":"2025-06-28T05:46:51+00:00","og_image":[{"width":600,"height":600,"url":"https:\/\/www.hsymachinery.com\/wp-content\/uploads\/2025\/06\/Automatic-Stirrup-Bending-Machine-STWQ4-14B.jpg","type":"image\/jpeg"}],"twitter_card":"summary_large_image","twitter_misc":{"Predpokladan\u00fd \u010das \u010d\u00edtania":"2 min\u00faty"},"schema":{"@context":"https:\/\/schema.org","@graph":[{"@type":"WebPage","@id":"https:\/\/www.hsymachinery.com\/product\/automatic-stirrup-bending-machine-stwq4-14b\/","url":"https:\/\/www.hsymachinery.com\/product\/automatic-stirrup-bending-machine-stwq4-14b\/","name":"Automatick\u00fd stroj na oh\u00fdbanie strme\u0148ov STWQ4-14B - Stavebn\u00e9 stroje HSY","isPartOf":{"@id":"https:\/\/www.hsymachinery.com\/#website"},"primaryImageOfPage":{"@id":"https:\/\/www.hsymachinery.com\/product\/automatic-stirrup-bending-machine-stwq4-14b\/#primaryimage"},"image":{"@id":"https:\/\/www.hsymachinery.com\/product\/automatic-stirrup-bending-machine-stwq4-14b\/#primaryimage"},"thumbnailUrl":"https:\/\/www.hsymachinery.com\/wp-content\/uploads\/2025\/06\/Automatic-Stirrup-Bending-Machine-STWQ4-14B.jpg","datePublished":"2025-06-18T07:35:27+00:00","dateModified":"2025-06-28T05:46:51+00:00","description":"Automatick\u00fd stroj na oh\u00fdbanie strme\u0148ov STWQ4-14B oh\u00fdba 4-12 mm zvinut\u00e9 oce\u013eov\u00e9 ty\u010de do strme\u0148ov. Stabiln\u00fd, r\u00fdchly a kon\u0161truovan\u00fd pre n\u00e1ro\u010dn\u00fa v\u00fdrobu a glob\u00e1lne pou\u017eitie.","breadcrumb":{"@id":"https:\/\/www.hsymachinery.com\/product\/automatic-stirrup-bending-machine-stwq4-14b\/#breadcrumb"},"inLanguage":"sk-SK","potentialAction":[{"@type":"ReadAction","target":["https:\/\/www.hsymachinery.com\/product\/automatic-stirrup-bending-machine-stwq4-14b\/"]}]},{"@type":"ImageObject","inLanguage":"sk-SK","@id":"https:\/\/www.hsymachinery.com\/product\/automatic-stirrup-bending-machine-stwq4-14b\/#primaryimage","url":"https:\/\/www.hsymachinery.com\/wp-content\/uploads\/2025\/06\/Automatic-Stirrup-Bending-Machine-STWQ4-14B.jpg","contentUrl":"https:\/\/www.hsymachinery.com\/wp-content\/uploads\/2025\/06\/Automatic-Stirrup-Bending-Machine-STWQ4-14B.jpg","width":600,"height":600},{"@type":"BreadcrumbList","@id":"https:\/\/www.hsymachinery.com\/product\/automatic-stirrup-bending-machine-stwq4-14b\/#breadcrumb","itemListElement":[{"@type":"ListItem","position":1,"name":"home","item":"https:\/\/www.hsymachinery.com\/"},{"@type":"ListItem","position":2,"name":"products","item":"https:\/\/www.hsymachinery.com\/products\/"},{"@type":"ListItem","position":3,"name":"Automatic Stirrup Bending Machine STWQ4-14B"}]},{"@type":"WebSite","@id":"https:\/\/www.hsymachinery.com\/#website","url":"https:\/\/www.hsymachinery.com\/","name":"Stavebn\u00e9 stroje HSY","description":"HSY Machinery - popredn\u00fd dod\u00e1vate\u013e stavebn\u00fdch strojov v \u010c\u00edne, ktor\u00fd pon\u00faka \u0161irok\u00fd sortiment \u013eahk\u00fdch stavebn\u00fdch strojov. Medzi na\u0161e hlavn\u00e9 produkty patr\u00ed stroj na rezanie ty\u010d\u00ed, stroj na oh\u00fdbanie ty\u010d\u00ed, stroj na oh\u00fdbanie ty\u010d\u00ed, stroj na oh\u00fdbanie obl\u00fakov ty\u010d\u00ed, stroj na rovnanie ty\u010d\u00ed, p\u00e4\u0165hlav\u0148ov\u00fd stroj na oh\u00fdbanie ty\u010d\u00ed, podb\u00edja\u010dka, zhut\u0148ova\u010d dosiek, fr\u00e9za na bet\u00f3n, elektrick\u00e1 stierka a \u010fal\u0161ie stavebn\u00e9 stroje. Sme vybaven\u00ed modern\u00fdmi CNC strojmi a presadzujeme pr\u00edsne normy kontroly kvality spolu s komplexn\u00fdm popredajn\u00fdm servisom. Ak m\u00e1te z\u00e1ujem o na\u0161e v\u00fdrobky alebo slu\u017eby, srde\u010dne priv\u00edtame va\u0161e ot\u00e1zky prostredn\u00edctvom spr\u00e1vy.","publisher":{"@id":"https:\/\/www.hsymachinery.com\/#organization"},"potentialAction":[{"@type":"SearchAction","target":{"@type":"EntryPoint","urlTemplate":"https:\/\/www.hsymachinery.com\/?s={search_term_string}"},"query-input":{"@type":"PropertyValueSpecification","valueRequired":true,"valueName":"search_term_string"}}],"inLanguage":"sk-SK"},{"@type":"Organization","@id":"https:\/\/www.hsymachinery.com\/#organization","name":"Stavebn\u00e9 stroje HSY","url":"https:\/\/www.hsymachinery.com\/","logo":{"@type":"ImageObject","inLanguage":"sk-SK","@id":"https:\/\/www.hsymachinery.com\/#\/schema\/logo\/image\/","url":"https:\/\/www.hsymachinery.com\/wp-content\/uploads\/2025\/06\/cropped-HSY-machinery.png","contentUrl":"https:\/\/www.hsymachinery.com\/wp-content\/uploads\/2025\/06\/cropped-HSY-machinery.png","width":600,"height":240,"caption":"HSY Construction Machinery"},"image":{"@id":"https:\/\/www.hsymachinery.com\/#\/schema\/logo\/image\/"}}]}},"_links":{"self":[{"href":"https:\/\/www.hsymachinery.com\/sk\/wp-json\/wp\/v2\/product\/9050","targetHints":{"allow":["GET"]}}],"collection":[{"href":"https:\/\/www.hsymachinery.com\/sk\/wp-json\/wp\/v2\/product"}],"about":[{"href":"https:\/\/www.hsymachinery.com\/sk\/wp-json\/wp\/v2\/types\/product"}],"version-history":[{"count":3,"href":"https:\/\/www.hsymachinery.com\/sk\/wp-json\/wp\/v2\/product\/9050\/revisions"}],"predecessor-version":[{"id":9482,"href":"https:\/\/www.hsymachinery.com\/sk\/wp-json\/wp\/v2\/product\/9050\/revisions\/9482"}],"wp:featuredmedia":[{"embeddable":true,"href":"https:\/\/www.hsymachinery.com\/sk\/wp-json\/wp\/v2\/media\/9052"}],"wp:attachment":[{"href":"https:\/\/www.hsymachinery.com\/sk\/wp-json\/wp\/v2\/media?parent=9050"}],"wp:term":[{"taxonomy":"product_brand","embeddable":true,"href":"https:\/\/www.hsymachinery.com\/sk\/wp-json\/wp\/v2\/product_brand?post=9050"},{"taxonomy":"product_cat","embeddable":true,"href":"https:\/\/www.hsymachinery.com\/sk\/wp-json\/wp\/v2\/product_cat?post=9050"},{"taxonomy":"product_tag","embeddable":true,"href":"https:\/\/www.hsymachinery.com\/sk\/wp-json\/wp\/v2\/product_tag?post=9050"}],"curies":[{"name":"wp","href":"https:\/\/api.w.org\/{rel}","templated":true}]}}