{"id":9046,"date":"2025-06-18T15:34:18","date_gmt":"2025-06-18T07:34:18","guid":{"rendered":"https:\/\/www.hsymachinery.com\/?post_type=product&#038;p=9046"},"modified":"2025-06-28T13:40:23","modified_gmt":"2025-06-28T05:40:23","slug":"automaticka-ohybacka-strmenov-stwq4-14a","status":"publish","type":"product","link":"https:\/\/www.hsymachinery.com\/sk\/produkt\/automaticka-ohybacka-strmenov-stwq4-14a\/","title":{"rendered":"Automatick\u00fd stroj na oh\u00fdbanie strme\u0148ov STWQ4-14A"},"content":{"rendered":"<h2 data-start=\"114\" data-end=\"165\">Automatick\u00fd stroj na oh\u00fdbanie strme\u0148ov STWQ4-14A<\/h2>\n<h3 data-start=\"166\" data-end=\"276\">STWQ4-14A CNC Coil Rebar Stirrup Bender | Automatick\u00fd syst\u00e9m oh\u00fdbania oce\u013eov\u00fdch ty\u010d\u00ed pre 4-12mm v\u00fdstu\u017en\u00e9 ty\u010de<\/h3>\n<h3 data-start=\"283\" data-end=\"357\">Preh\u013ead produktov - Vysoko v\u00fdkonn\u00e9 tvarovanie strme\u0148ov zo zvitkovej v\u00fdstu\u017ee<a href=\"https:\/\/www.hsymachinery.com\/sk\/produkty\/automaticky-stroj-na-ohybanie-strmenov\/\" target=\"_blank\" rel=\"noopener\"><img fetchpriority=\"high\" decoding=\"async\" class=\"wp-image-9047 alignright\" src=\"https:\/\/www.hsymachinery.com\/wp-content\/uploads\/2025\/06\/Automatic-Stirrup-Bending-Machine-STWQ4-14A-parameter-300x300.jpg\" alt=\"\" width=\"498\" height=\"498\" srcset=\"https:\/\/www.hsymachinery.com\/wp-content\/uploads\/2025\/06\/Automatic-Stirrup-Bending-Machine-STWQ4-14A-parameter-300x300.jpg 300w, https:\/\/www.hsymachinery.com\/wp-content\/uploads\/2025\/06\/Automatic-Stirrup-Bending-Machine-STWQ4-14A-parameter-150x150.jpg 150w, https:\/\/www.hsymachinery.com\/wp-content\/uploads\/2025\/06\/Automatic-Stirrup-Bending-Machine-STWQ4-14A-parameter-100x100.jpg 100w, https:\/\/www.hsymachinery.com\/wp-content\/uploads\/2025\/06\/Automatic-Stirrup-Bending-Machine-STWQ4-14A-parameter.jpg 600w\" sizes=\"(max-width: 498px) 100vw, 498px\" \/><\/a><\/h3>\n<p data-start=\"359\" data-end=\"760\">Str\u00e1nka <strong data-start=\"363\" data-end=\"410\">Automatick\u00fd stroj na oh\u00fdbanie strme\u0148ov STWQ4-14A<\/strong> je v\u00fdkonn\u00fd, CNC riaden\u00fd stroj ur\u010den\u00fd na spracovanie 4 a\u017e 12 mm zvinut\u00fdch ty\u010d\u00ed do r\u00f4znych tvarov strme\u0148ov s mimoriadnou presnos\u0165ou. Tento model je ide\u00e1lny pre beton\u00e1rne, stavby dia\u013enic a mostov a ve\u013ekokapacitn\u00e9 v\u00fdrobn\u00e9 centr\u00e1 na v\u00fdrobu v\u00fdstu\u017ee, ktor\u00e9 vy\u017eaduj\u00fa nepretr\u017eit\u00fa, automatizovan\u00fa v\u00fdrobu s minim\u00e1lnym vstupom pracovnej sily.<\/p>\n<p data-start=\"762\" data-end=\"901\">V\u010faka roz\u0161\u00edren\u00e9mu rozsahu spracovania a inteligentnej automatiz\u00e1cii efekt\u00edvne zvl\u00e1da ve\u013ek\u00e9 pracovn\u00e9 za\u0165a\u017eenie pri zachovan\u00ed konzistentnej kvality.<\/p>\n<h3 data-start=\"908\" data-end=\"966\">Roz\u0161\u00edren\u00e1 kapacita priemeru s inteligentn\u00fdm riaden\u00edm CNC<\/h3>\n<p data-start=\"968\" data-end=\"1298\">STWQ4-14A je vybaven\u00fd syst\u00e9mom poh\u00e1\u0148an\u00fdm servomotorom a programovate\u013en\u00fdm rozhran\u00edm CNC, ktor\u00e9 pou\u017e\u00edvate\u013eom umo\u017e\u0148uje zad\u00e1va\u0165 zlo\u017eit\u00e9 geometrie strme\u0148ov pomocou jednoduch\u00fdch oper\u00e1ci\u00ed na dotykovej obrazovke. Stroj vykon\u00e1va automatick\u00e9 pod\u00e1vanie, rovnanie, rezanie a oh\u00fdbanie pod viacer\u00fdmi uhlami, \u010d\u00edm zefekt\u00edv\u0148uje cel\u00fd proces od za\u010diatku a\u017e do konca.<\/p>\n<p data-start=\"1300\" data-end=\"1469\">Integrovan\u00fd rovnac\u00ed val\u010dekov\u00fd mechanizmus zabezpe\u010duje presn\u00e9 zarovnanie, zatia\u013e \u010do presn\u00fd oh\u00fdbac\u00ed syst\u00e9m poskytuje ostr\u00e9 a \u010dist\u00e9 uhly aj pri hrub\u0161\u00edch oce\u013eov\u00fdch ty\u010diach.<\/p>\n<h3 data-start=\"1476\" data-end=\"1525\">Robustn\u00e1 kon\u0161trukcia s nap\u00e4t\u00edm pripraven\u00fdm na export<\/h3>\n<p data-start=\"1527\" data-end=\"1851\">Model STWQ4-14A je skon\u0161truovan\u00fd tak, aby zvl\u00e1dol n\u00e1ro\u010dn\u00e9 cykly, a je umiestnen\u00fd v zosilnenom oce\u013eovom r\u00e1me priemyselnej triedy, ktor\u00fd je navrhnut\u00fd tak, aby odol\u00e1val mechanick\u00e9mu nam\u00e1haniu po\u010das vysokor\u00fdchlostnej prev\u00e1dzky. Obsahuje centr\u00e1lny mazac\u00ed syst\u00e9m, signaliz\u00e1ciu poruchy a pracuje na 380 V\/50 Hz, pri\u010dom pre medzin\u00e1rodn\u00fdch z\u00e1kazn\u00edkov je k dispoz\u00edcii prisp\u00f4sobenie.<\/p>\n<p data-start=\"1853\" data-end=\"1963\">Tento stroj s kompaktnou kon\u0161trukciou a siln\u00fdm v\u00fdkonom sa \u013eahko prisp\u00f4sob\u00ed usporiadaniu tov\u00e1rne a po\u017eiadavk\u00e1m na v\u00fdvoz.<\/p>\n<h3 data-start=\"1970\" data-end=\"2022\">K\u013e\u00fa\u010dov\u00e9 vlastnosti oh\u00fdba\u010dky STWQ4-14A Rebar Stirrup<\/h3>\n<ul data-start=\"2024\" data-end=\"2329\">\n<li data-start=\"2024\" data-end=\"2085\">\n<p data-start=\"2026\" data-end=\"2085\">Automaticky spracov\u00e1va 4-12 mm zvinut\u00fa v\u00fdstu\u017e do strme\u0148ov<\/p>\n<\/li>\n<li data-start=\"2086\" data-end=\"2144\">\n<p data-start=\"2088\" data-end=\"2144\">Funkcie dotykov\u00e9ho ovl\u00e1dania CNC na programovanie tvarov<\/p>\n<\/li>\n<li data-start=\"2145\" data-end=\"2206\">\n<p data-start=\"2147\" data-end=\"2206\">Syst\u00e9m poh\u00e1\u0148an\u00fd servopohonom zabezpe\u010duje r\u00fdchly a presn\u00fd v\u00fdkon<\/p>\n<\/li>\n<li data-start=\"2207\" data-end=\"2270\">\n<p data-start=\"2209\" data-end=\"2270\">Odoln\u00fd r\u00e1m s centr\u00e1lnym mazan\u00edm a diagnostikou ch\u00fdb<\/p>\n<\/li>\n<li data-start=\"2271\" data-end=\"2329\">\n<p data-start=\"2273\" data-end=\"2329\">Nap\u00e4tie kompatibiln\u00e9 s exportom pre medzin\u00e1rodn\u00e9 nasadenie<\/p>\n<\/li>\n<\/ul>\n<p><iframe title=\"Stroj na oh\u00fdbanie strme\u0148ov, stroj na oh\u00fdbanie ty\u010d\u00ed, stroj na oh\u00fdbanie strme\u0148ov, stroj na oh\u00fdbanie oce\u013eov\u00fdch ty\u010d\u00ed\" width=\"720\" height=\"405\" src=\"https:\/\/www.youtube.com\/embed\/nJ3TTscPlaE?feature=oembed\" frameborder=\"0\" allow=\"accelerometer; autoplay; clipboard-write; encrypted-media; gyroscope; picture-in-picture; web-share\" referrerpolicy=\"strict-origin-when-cross-origin\" allowfullscreen><\/iframe><\/p>","protected":false},"excerpt":{"rendered":"<p>STWQ4-14A oh\u00fdba 4-12 mm zvinut\u00fa v\u00fdstu\u017e do presn\u00fdch strme\u0148ov pomocou automatiz\u00e1cie CNC. Je vysokokapacitn\u00fd, nen\u00e1ro\u010dn\u00fd na \u00fadr\u017ebu a ide\u00e1lny pre prefabrikovan\u00e9 stavby.<\/p>","protected":false},"featured_media":9048,"template":"","meta":{"_kad_post_transparent":"default","_kad_post_title":"","_kad_post_layout":"default","_kad_post_sidebar_id":"","_kad_post_content_style":"default","_kad_post_vertical_padding":"default","_kad_post_feature":"","_kad_post_feature_position":"","_kad_post_header":false,"_kad_post_footer":false},"product_brand":[],"product_cat":[61],"product_tag":[998,1043,1042,1044,1046,1048,1045,1050,1047,1049],"class_list":{"0":"post-9046","1":"product","2":"type-product","3":"status-publish","4":"has-post-thumbnail","6":"product_cat-automatic-stirrup-bending-machine","7":"product_tag-automatic-rebar-bending-machine","8":"product_tag-automatic-rebar-stirrup-bending-and-cutting-machine","9":"product_tag-cnc-automatic-stirrup-bending-and-cutting-machine","10":"product_tag-cnc-stirrup-bending-machine","11":"product_tag-rebar-stirrup-making-machine","12":"product_tag-reinforcement-bar-stirrup-bender","13":"product_tag-steel-bar-stirrup-bender","14":"product_tag-stirrup-bender-for-construction-steel","15":"product_tag-stirrup-forming-machine","16":"product_tag-wire-stirrup-bending-equipment","18":"first","19":"instock","20":"shipping-taxable","21":"product-type-simple","22":"entry","23":"content-bg","24":"loop-entry"},"yoast_head":"<!-- This site is optimized with the Yoast SEO plugin v25.3.1 - https:\/\/yoast.com\/wordpress\/plugins\/seo\/ -->\n<title>Automatic Stirrup Bending Machine STWQ4-14A - HSY Construction Machinery<\/title>\n<meta name=\"description\" content=\"Automatic Stirrup Bending Machine STWQ4-14A bends 4\u201312mm coiled steel bars into stirrups. Fast, accurate, and built for industrial and export applications.\" \/>\n<meta name=\"robots\" content=\"index, follow, max-snippet:-1, max-image-preview:large, max-video-preview:-1\" \/>\n<link rel=\"canonical\" href=\"https:\/\/www.hsymachinery.com\/sk\/produkt\/automaticka-ohybacka-strmenov-stwq4-14a\/\" \/>\n<meta property=\"og:locale\" content=\"sk_SK\" \/>\n<meta property=\"og:type\" content=\"article\" \/>\n<meta property=\"og:title\" content=\"Automatic Stirrup Bending Machine STWQ4-14A - HSY Construction Machinery\" \/>\n<meta property=\"og:description\" content=\"Automatic Stirrup Bending Machine STWQ4-14A bends 4\u201312mm coiled steel bars into stirrups. Fast, accurate, and built for industrial and export applications.\" \/>\n<meta property=\"og:url\" content=\"https:\/\/www.hsymachinery.com\/sk\/produkt\/automaticka-ohybacka-strmenov-stwq4-14a\/\" \/>\n<meta property=\"og:site_name\" content=\"HSY Construction Machinery\" \/>\n<meta property=\"article:modified_time\" content=\"2025-06-28T05:40:23+00:00\" \/>\n<meta property=\"og:image\" content=\"https:\/\/www.hsymachinery.com\/wp-content\/uploads\/2025\/06\/Automatic-Stirrup-Bending-Machine-STWQ4-14A.jpg\" \/>\n\t<meta property=\"og:image:width\" content=\"600\" \/>\n\t<meta property=\"og:image:height\" content=\"600\" \/>\n\t<meta property=\"og:image:type\" content=\"image\/jpeg\" \/>\n<meta name=\"twitter:card\" content=\"summary_large_image\" \/>\n<meta name=\"twitter:label1\" content=\"Predpokladan\u00fd \u010das \u010d\u00edtania\" \/>\n\t<meta name=\"twitter:data1\" content=\"2 min\u00faty\" \/>\n<script type=\"application\/ld+json\" class=\"yoast-schema-graph\">{\"@context\":\"https:\/\/schema.org\",\"@graph\":[{\"@type\":\"WebPage\",\"@id\":\"https:\/\/www.hsymachinery.com\/product\/automatic-stirrup-bending-machine-stwq4-14a\/\",\"url\":\"https:\/\/www.hsymachinery.com\/product\/automatic-stirrup-bending-machine-stwq4-14a\/\",\"name\":\"Automatic Stirrup Bending Machine STWQ4-14A - HSY Construction Machinery\",\"isPartOf\":{\"@id\":\"https:\/\/www.hsymachinery.com\/#website\"},\"primaryImageOfPage\":{\"@id\":\"https:\/\/www.hsymachinery.com\/product\/automatic-stirrup-bending-machine-stwq4-14a\/#primaryimage\"},\"image\":{\"@id\":\"https:\/\/www.hsymachinery.com\/product\/automatic-stirrup-bending-machine-stwq4-14a\/#primaryimage\"},\"thumbnailUrl\":\"https:\/\/www.hsymachinery.com\/wp-content\/uploads\/2025\/06\/Automatic-Stirrup-Bending-Machine-STWQ4-14A.jpg\",\"datePublished\":\"2025-06-18T07:34:18+00:00\",\"dateModified\":\"2025-06-28T05:40:23+00:00\",\"description\":\"Automatic Stirrup Bending Machine STWQ4-14A bends 4\u201312mm coiled steel bars into stirrups. Fast, accurate, and built for industrial and export applications.\",\"breadcrumb\":{\"@id\":\"https:\/\/www.hsymachinery.com\/product\/automatic-stirrup-bending-machine-stwq4-14a\/#breadcrumb\"},\"inLanguage\":\"sk-SK\",\"potentialAction\":[{\"@type\":\"ReadAction\",\"target\":[\"https:\/\/www.hsymachinery.com\/product\/automatic-stirrup-bending-machine-stwq4-14a\/\"]}]},{\"@type\":\"ImageObject\",\"inLanguage\":\"sk-SK\",\"@id\":\"https:\/\/www.hsymachinery.com\/product\/automatic-stirrup-bending-machine-stwq4-14a\/#primaryimage\",\"url\":\"https:\/\/www.hsymachinery.com\/wp-content\/uploads\/2025\/06\/Automatic-Stirrup-Bending-Machine-STWQ4-14A.jpg\",\"contentUrl\":\"https:\/\/www.hsymachinery.com\/wp-content\/uploads\/2025\/06\/Automatic-Stirrup-Bending-Machine-STWQ4-14A.jpg\",\"width\":600,\"height\":600},{\"@type\":\"BreadcrumbList\",\"@id\":\"https:\/\/www.hsymachinery.com\/product\/automatic-stirrup-bending-machine-stwq4-14a\/#breadcrumb\",\"itemListElement\":[{\"@type\":\"ListItem\",\"position\":1,\"name\":\"home\",\"item\":\"https:\/\/www.hsymachinery.com\/\"},{\"@type\":\"ListItem\",\"position\":2,\"name\":\"products\",\"item\":\"https:\/\/www.hsymachinery.com\/products\/\"},{\"@type\":\"ListItem\",\"position\":3,\"name\":\"Automatic Stirrup Bending Machine STWQ4-14A\"}]},{\"@type\":\"WebSite\",\"@id\":\"https:\/\/www.hsymachinery.com\/#website\",\"url\":\"https:\/\/www.hsymachinery.com\/\",\"name\":\"HSY Construction Machinery\",\"description\":\"HSY Machinery \u2013 A leading China construction machinery supplier, offering a wide range of light construction equipment. Our main products include Rebar Cutting Machine, Rebar Bending Machine, Rebar Stirrup Bending Machine, Rebar Arc Bending Machine, Rebar Straightening Machine, Five-Head Rebar Stirrup Bending Machine, Tamping Rammer, Plate Compactor, Concrete Cutter, Power Trowel, and other construction machinery. We are equipped with advanced CNC machines, and we enforce strict quality inspection standards along with comprehensive after-sales service. If you are interested in our products or services, we warmly welcome your inquiries via message.\",\"publisher\":{\"@id\":\"https:\/\/www.hsymachinery.com\/#organization\"},\"potentialAction\":[{\"@type\":\"SearchAction\",\"target\":{\"@type\":\"EntryPoint\",\"urlTemplate\":\"https:\/\/www.hsymachinery.com\/?s={search_term_string}\"},\"query-input\":{\"@type\":\"PropertyValueSpecification\",\"valueRequired\":true,\"valueName\":\"search_term_string\"}}],\"inLanguage\":\"sk-SK\"},{\"@type\":\"Organization\",\"@id\":\"https:\/\/www.hsymachinery.com\/#organization\",\"name\":\"HSY Construction Machinery\",\"url\":\"https:\/\/www.hsymachinery.com\/\",\"logo\":{\"@type\":\"ImageObject\",\"inLanguage\":\"sk-SK\",\"@id\":\"https:\/\/www.hsymachinery.com\/#\/schema\/logo\/image\/\",\"url\":\"https:\/\/www.hsymachinery.com\/wp-content\/uploads\/2025\/06\/cropped-HSY-machinery.png\",\"contentUrl\":\"https:\/\/www.hsymachinery.com\/wp-content\/uploads\/2025\/06\/cropped-HSY-machinery.png\",\"width\":600,\"height\":240,\"caption\":\"HSY Construction Machinery\"},\"image\":{\"@id\":\"https:\/\/www.hsymachinery.com\/#\/schema\/logo\/image\/\"}}]}<\/script>\n<!-- \/ Yoast SEO plugin. -->","yoast_head_json":{"title":"Automatick\u00fd stroj na oh\u00fdbanie strme\u0148ov STWQ4-14A - Stavebn\u00e9 stroje HSY","description":"Automatick\u00fd stroj na oh\u00fdbanie strme\u0148ov STWQ4-14A oh\u00fdba 4-12 mm zvinut\u00e9 oce\u013eov\u00e9 ty\u010de do strme\u0148ov. R\u00fdchly, presn\u00fd a ur\u010den\u00fd pre priemyseln\u00e9 a exportn\u00e9 aplik\u00e1cie.","robots":{"index":"index","follow":"follow","max-snippet":"max-snippet:-1","max-image-preview":"max-image-preview:large","max-video-preview":"max-video-preview:-1"},"canonical":"https:\/\/www.hsymachinery.com\/sk\/produkt\/automaticka-ohybacka-strmenov-stwq4-14a\/","og_locale":"sk_SK","og_type":"article","og_title":"Automatic Stirrup Bending Machine STWQ4-14A - HSY Construction Machinery","og_description":"Automatic Stirrup Bending Machine STWQ4-14A bends 4\u201312mm coiled steel bars into stirrups. Fast, accurate, and built for industrial and export applications.","og_url":"https:\/\/www.hsymachinery.com\/sk\/produkt\/automaticka-ohybacka-strmenov-stwq4-14a\/","og_site_name":"HSY Construction Machinery","article_modified_time":"2025-06-28T05:40:23+00:00","og_image":[{"width":600,"height":600,"url":"https:\/\/www.hsymachinery.com\/wp-content\/uploads\/2025\/06\/Automatic-Stirrup-Bending-Machine-STWQ4-14A.jpg","type":"image\/jpeg"}],"twitter_card":"summary_large_image","twitter_misc":{"Predpokladan\u00fd \u010das \u010d\u00edtania":"2 min\u00faty"},"schema":{"@context":"https:\/\/schema.org","@graph":[{"@type":"WebPage","@id":"https:\/\/www.hsymachinery.com\/product\/automatic-stirrup-bending-machine-stwq4-14a\/","url":"https:\/\/www.hsymachinery.com\/product\/automatic-stirrup-bending-machine-stwq4-14a\/","name":"Automatick\u00fd stroj na oh\u00fdbanie strme\u0148ov STWQ4-14A - Stavebn\u00e9 stroje HSY","isPartOf":{"@id":"https:\/\/www.hsymachinery.com\/#website"},"primaryImageOfPage":{"@id":"https:\/\/www.hsymachinery.com\/product\/automatic-stirrup-bending-machine-stwq4-14a\/#primaryimage"},"image":{"@id":"https:\/\/www.hsymachinery.com\/product\/automatic-stirrup-bending-machine-stwq4-14a\/#primaryimage"},"thumbnailUrl":"https:\/\/www.hsymachinery.com\/wp-content\/uploads\/2025\/06\/Automatic-Stirrup-Bending-Machine-STWQ4-14A.jpg","datePublished":"2025-06-18T07:34:18+00:00","dateModified":"2025-06-28T05:40:23+00:00","description":"Automatick\u00fd stroj na oh\u00fdbanie strme\u0148ov STWQ4-14A oh\u00fdba 4-12 mm zvinut\u00e9 oce\u013eov\u00e9 ty\u010de do strme\u0148ov. R\u00fdchly, presn\u00fd a ur\u010den\u00fd pre priemyseln\u00e9 a exportn\u00e9 aplik\u00e1cie.","breadcrumb":{"@id":"https:\/\/www.hsymachinery.com\/product\/automatic-stirrup-bending-machine-stwq4-14a\/#breadcrumb"},"inLanguage":"sk-SK","potentialAction":[{"@type":"ReadAction","target":["https:\/\/www.hsymachinery.com\/product\/automatic-stirrup-bending-machine-stwq4-14a\/"]}]},{"@type":"ImageObject","inLanguage":"sk-SK","@id":"https:\/\/www.hsymachinery.com\/product\/automatic-stirrup-bending-machine-stwq4-14a\/#primaryimage","url":"https:\/\/www.hsymachinery.com\/wp-content\/uploads\/2025\/06\/Automatic-Stirrup-Bending-Machine-STWQ4-14A.jpg","contentUrl":"https:\/\/www.hsymachinery.com\/wp-content\/uploads\/2025\/06\/Automatic-Stirrup-Bending-Machine-STWQ4-14A.jpg","width":600,"height":600},{"@type":"BreadcrumbList","@id":"https:\/\/www.hsymachinery.com\/product\/automatic-stirrup-bending-machine-stwq4-14a\/#breadcrumb","itemListElement":[{"@type":"ListItem","position":1,"name":"home","item":"https:\/\/www.hsymachinery.com\/"},{"@type":"ListItem","position":2,"name":"products","item":"https:\/\/www.hsymachinery.com\/products\/"},{"@type":"ListItem","position":3,"name":"Automatic Stirrup Bending Machine STWQ4-14A"}]},{"@type":"WebSite","@id":"https:\/\/www.hsymachinery.com\/#website","url":"https:\/\/www.hsymachinery.com\/","name":"Stavebn\u00e9 stroje HSY","description":"HSY Machinery - popredn\u00fd dod\u00e1vate\u013e stavebn\u00fdch strojov v \u010c\u00edne, ktor\u00fd pon\u00faka \u0161irok\u00fd sortiment \u013eahk\u00fdch stavebn\u00fdch strojov. Medzi na\u0161e hlavn\u00e9 produkty patr\u00ed stroj na rezanie ty\u010d\u00ed, stroj na oh\u00fdbanie ty\u010d\u00ed, stroj na oh\u00fdbanie ty\u010d\u00ed, stroj na oh\u00fdbanie obl\u00fakov ty\u010d\u00ed, stroj na rovnanie ty\u010d\u00ed, p\u00e4\u0165hlav\u0148ov\u00fd stroj na oh\u00fdbanie ty\u010d\u00ed, podb\u00edja\u010dka, zhut\u0148ova\u010d dosiek, fr\u00e9za na bet\u00f3n, elektrick\u00e1 stierka a \u010fal\u0161ie stavebn\u00e9 stroje. Sme vybaven\u00ed modern\u00fdmi CNC strojmi a presadzujeme pr\u00edsne normy kontroly kvality spolu s komplexn\u00fdm popredajn\u00fdm servisom. Ak m\u00e1te z\u00e1ujem o na\u0161e v\u00fdrobky alebo slu\u017eby, srde\u010dne priv\u00edtame va\u0161e ot\u00e1zky prostredn\u00edctvom spr\u00e1vy.","publisher":{"@id":"https:\/\/www.hsymachinery.com\/#organization"},"potentialAction":[{"@type":"SearchAction","target":{"@type":"EntryPoint","urlTemplate":"https:\/\/www.hsymachinery.com\/?s={search_term_string}"},"query-input":{"@type":"PropertyValueSpecification","valueRequired":true,"valueName":"search_term_string"}}],"inLanguage":"sk-SK"},{"@type":"Organization","@id":"https:\/\/www.hsymachinery.com\/#organization","name":"Stavebn\u00e9 stroje HSY","url":"https:\/\/www.hsymachinery.com\/","logo":{"@type":"ImageObject","inLanguage":"sk-SK","@id":"https:\/\/www.hsymachinery.com\/#\/schema\/logo\/image\/","url":"https:\/\/www.hsymachinery.com\/wp-content\/uploads\/2025\/06\/cropped-HSY-machinery.png","contentUrl":"https:\/\/www.hsymachinery.com\/wp-content\/uploads\/2025\/06\/cropped-HSY-machinery.png","width":600,"height":240,"caption":"HSY Construction Machinery"},"image":{"@id":"https:\/\/www.hsymachinery.com\/#\/schema\/logo\/image\/"}}]}},"_links":{"self":[{"href":"https:\/\/www.hsymachinery.com\/sk\/wp-json\/wp\/v2\/product\/9046","targetHints":{"allow":["GET"]}}],"collection":[{"href":"https:\/\/www.hsymachinery.com\/sk\/wp-json\/wp\/v2\/product"}],"about":[{"href":"https:\/\/www.hsymachinery.com\/sk\/wp-json\/wp\/v2\/types\/product"}],"version-history":[{"count":4,"href":"https:\/\/www.hsymachinery.com\/sk\/wp-json\/wp\/v2\/product\/9046\/revisions"}],"predecessor-version":[{"id":9480,"href":"https:\/\/www.hsymachinery.com\/sk\/wp-json\/wp\/v2\/product\/9046\/revisions\/9480"}],"wp:featuredmedia":[{"embeddable":true,"href":"https:\/\/www.hsymachinery.com\/sk\/wp-json\/wp\/v2\/media\/9048"}],"wp:attachment":[{"href":"https:\/\/www.hsymachinery.com\/sk\/wp-json\/wp\/v2\/media?parent=9046"}],"wp:term":[{"taxonomy":"product_brand","embeddable":true,"href":"https:\/\/www.hsymachinery.com\/sk\/wp-json\/wp\/v2\/product_brand?post=9046"},{"taxonomy":"product_cat","embeddable":true,"href":"https:\/\/www.hsymachinery.com\/sk\/wp-json\/wp\/v2\/product_cat?post=9046"},{"taxonomy":"product_tag","embeddable":true,"href":"https:\/\/www.hsymachinery.com\/sk\/wp-json\/wp\/v2\/product_tag?post=9046"}],"curies":[{"name":"wp","href":"https:\/\/api.w.org\/{rel}","templated":true}]}}