{"id":9042,"date":"2025-06-18T15:30:53","date_gmt":"2025-06-18T07:30:53","guid":{"rendered":"https:\/\/www.hsymachinery.com\/?post_type=product&#038;p=9042"},"modified":"2025-06-28T13:28:00","modified_gmt":"2025-06-28T05:28:00","slug":"automaticka-ohybacka-strmenov-stwq4-12a","status":"publish","type":"product","link":"https:\/\/www.hsymachinery.com\/sk\/produkt\/automaticka-ohybacka-strmenov-stwq4-12a\/","title":{"rendered":"Automatick\u00fd stroj na oh\u00fdbanie strme\u0148ov STWQ4-12A"},"content":{"rendered":"<h2 data-start=\"110\" data-end=\"161\">Automatick\u00fd stroj na oh\u00fdbanie strme\u0148ov STWQ4-12A<\/h2>\n<h3 data-start=\"162\" data-end=\"265\">STWQ4-12A CNC automatick\u00e9 oh\u00fdbanie ty\u010dov\u00fdch ty\u010d\u00ed | Oh\u00fdbac\u00ed stroj na oce\u013eov\u00e9 ty\u010de typu Coil pre 4-10 mm ty\u010de<\/h3>\n<h3 data-start=\"272\" data-end=\"361\">Preh\u013ead produktov - Efekt\u00edvne oh\u00fdbanie zvitkovej v\u00fdstu\u017ee pre stavebn\u00e9 a montovan\u00e9 z\u00e1vody<a href=\"https:\/\/www.hsymachinery.com\/sk\/produkty\/automaticky-stroj-na-ohybanie-strmenov\/\" target=\"_blank\" rel=\"noopener\"><img fetchpriority=\"high\" decoding=\"async\" class=\"wp-image-9043 alignright\" src=\"https:\/\/www.hsymachinery.com\/wp-content\/uploads\/2025\/06\/Automatic-Stirrup-Bending-Machine-STWQ4-12A-parameter-300x300.jpg\" alt=\"\" width=\"491\" height=\"491\" srcset=\"https:\/\/www.hsymachinery.com\/wp-content\/uploads\/2025\/06\/Automatic-Stirrup-Bending-Machine-STWQ4-12A-parameter-300x300.jpg 300w, https:\/\/www.hsymachinery.com\/wp-content\/uploads\/2025\/06\/Automatic-Stirrup-Bending-Machine-STWQ4-12A-parameter-150x150.jpg 150w, https:\/\/www.hsymachinery.com\/wp-content\/uploads\/2025\/06\/Automatic-Stirrup-Bending-Machine-STWQ4-12A-parameter-100x100.jpg 100w, https:\/\/www.hsymachinery.com\/wp-content\/uploads\/2025\/06\/Automatic-Stirrup-Bending-Machine-STWQ4-12A-parameter.jpg 600w\" sizes=\"(max-width: 491px) 100vw, 491px\" \/><\/a><\/h3>\n<p data-start=\"363\" data-end=\"801\">Str\u00e1nka <strong data-start=\"367\" data-end=\"414\">Automatick\u00fd stroj na oh\u00fdbanie strme\u0148ov STWQ4-12A<\/strong> pon\u00faka spo\u013eahliv\u00e9 rie\u0161enie na spracovanie zvinutej v\u00fdstu\u017ee od 4 mm do 10 mm do presn\u00fdch tvarov strme\u0148ov. Tento stroj navrhnut\u00fd s automatiz\u00e1ciou CNC a dvoma servomotormi zaru\u010duje vysok\u00fa v\u00fdrobn\u00fa r\u00fdchlos\u0165, presn\u00e9 uhly ohybu a konzistentn\u00fd v\u00fdstup, v\u010faka \u010domu je ob\u013e\u00fabenou vo\u013ebou v tov\u00e1r\u0148ach na v\u00fdrobu prefabrik\u00e1tov, na dvoroch na spracovanie oce\u013eov\u00fdch ty\u010d\u00ed a v mestsk\u00fdch stavebn\u00fdch projektoch.<\/p>\n<p data-start=\"803\" data-end=\"920\">Jeho kompaktn\u00e1 kon\u0161trukcia a automatick\u00fd syst\u00e9m pod\u00e1vania zni\u017euj\u00fa po\u010det ru\u010dn\u00fdch manipul\u00e1ci\u00ed a z\u00e1rove\u0148 zvy\u0161uj\u00fa celkov\u00fa \u00fa\u010dinnos\u0165 oh\u00fdbania.<\/p>\n<h3 data-start=\"927\" data-end=\"974\">Inteligentn\u00e9 riadenie a presn\u00fd syst\u00e9m tvarovania<\/h3>\n<p data-start=\"976\" data-end=\"1287\">STWQ4-12A integruje po\u010d\u00edta\u010dov\u00fd riadiaci syst\u00e9m s rozhran\u00edm dotykovej obrazovky, ktor\u00fd umo\u017e\u0148uje obsluhe jednoducho naprogramova\u0165 viacero tvarov a uhlov strme\u0148ov. Stroj automaticky vtiahne zvinut\u00fa oce\u013e, narovn\u00e1 ju, nare\u017ee na d\u013a\u017eku a ohne do ur\u010den\u00e9ho tvaru - v\u0161etko v jednom nepretr\u017eitom cykle.<\/p>\n<p data-start=\"1289\" data-end=\"1444\">Oh\u00fdbacia hlava poh\u00e1\u0148an\u00e1 servopohonom zabezpe\u010duje \u010dist\u00e9, konzistentn\u00e9 uhly a r\u00fdchle oh\u00fdbanie, zatia\u013e \u010do val\u010dekov\u00fd syst\u00e9m rovnania minimalizuje deform\u00e1cie.<\/p>\n<h3 data-start=\"1451\" data-end=\"1499\">Kompaktn\u00fd a odoln\u00fd, ur\u010den\u00fd na exportn\u00e9 pou\u017eitie<\/h3>\n<p data-start=\"1501\" data-end=\"1791\">STWQ4-12A je vyroben\u00fd z vysokopevnostnej ocele a navrhnut\u00fd s oh\u013eadom na odolnos\u0165 vo\u010di vibr\u00e1ci\u00e1m, je odoln\u00fd a priestorovo \u00fasporn\u00fd. Obsahuje syst\u00e9m detekcie por\u00fach, centr\u00e1lne mazanie a podporuje \u0161tandardn\u00e9 priemyseln\u00e9 nap\u00e1janie 380 V\/50 Hz (prisp\u00f4sobite\u013en\u00e9 na export).<\/p>\n<p data-start=\"1793\" data-end=\"1936\">Jeho automatizovan\u00fd pracovn\u00fd postup a stabiln\u00fd v\u00fdkon z neho robia ide\u00e1lny stroj na ve\u013ekoobjemov\u00fa v\u00fdrobu strme\u0148ov na svetov\u00fdch stavebn\u00fdch trhoch.<\/p>\n<h3 data-start=\"1943\" data-end=\"1998\">K\u013e\u00fa\u010dov\u00e9 vlastnosti oh\u00fdbacieho stroja STWQ4-12A<\/h3>\n<ul data-start=\"2000\" data-end=\"2305\">\n<li data-start=\"2000\" data-end=\"2066\">\n<p data-start=\"2002\" data-end=\"2066\">Automaticky narovn\u00e1va, re\u017ee a oh\u00fdba 4-10 mm zvinut\u00fa v\u00fdstu\u017e<\/p>\n<\/li>\n<li data-start=\"2067\" data-end=\"2125\">\n<p data-start=\"2069\" data-end=\"2125\">Dotykov\u00fd riadiaci syst\u00e9m CNC s programovan\u00edm s tvarovou pam\u00e4\u0165ou<\/p>\n<\/li>\n<li data-start=\"2126\" data-end=\"2183\">\n<p data-start=\"2128\" data-end=\"2183\">Vysokor\u00fdchlostn\u00e9 servomotory na r\u00fdchle a presn\u00e9 tvarovanie<\/p>\n<\/li>\n<li data-start=\"2184\" data-end=\"2247\">\n<p data-start=\"2186\" data-end=\"2247\">Kompaktn\u00fd dizajn vhodn\u00fd na in\u0161tal\u00e1ciu v tov\u00e1rni alebo na mieste<\/p>\n<\/li>\n<li data-start=\"2248\" data-end=\"2305\">\n<p data-start=\"2250\" data-end=\"2305\">Nap\u00e4tie vhodn\u00e9 na export s odolnou priemyselnou kon\u0161trukciou<\/p>\n<\/li>\n<\/ul>\n<p><iframe title=\"Stroj na oh\u00fdbanie strme\u0148ov, stroj na oh\u00fdbanie ty\u010d\u00ed cnc, stroj na oh\u00fdbanie ty\u010d\u00ed, oh\u00fdba\u010dka strme\u0148ov, oh\u00fdba\u010dka oce\u013eov\u00fdch ty\u010d\u00ed\" width=\"720\" height=\"405\" src=\"https:\/\/www.youtube.com\/embed\/20OwGP6WX-M?feature=oembed\" frameborder=\"0\" allow=\"accelerometer; autoplay; clipboard-write; encrypted-media; gyroscope; picture-in-picture; web-share\" referrerpolicy=\"strict-origin-when-cross-origin\" allowfullscreen><\/iframe><\/p>","protected":false},"excerpt":{"rendered":"<p>STWQ4-12A automaticky oh\u00fdba 4-10 mm zvitkov\u00fa v\u00fdstu\u017e do strme\u0148ov pomocou CNC riadenia. Je r\u00fdchly, presn\u00fd a ide\u00e1lny pre projekty prefabrik\u00e1cie a spracovania ocele.<\/p>","protected":false},"featured_media":9044,"template":"","meta":{"_kad_post_transparent":"default","_kad_post_title":"","_kad_post_layout":"default","_kad_post_sidebar_id":"","_kad_post_content_style":"default","_kad_post_vertical_padding":"default","_kad_post_feature":"","_kad_post_feature_position":"","_kad_post_header":false,"_kad_post_footer":false},"product_brand":[],"product_cat":[61],"product_tag":[998,1043,1042,1044,1046,1048,1045,1050,1047,1049],"class_list":{"0":"post-9042","1":"product","2":"type-product","3":"status-publish","4":"has-post-thumbnail","6":"product_cat-automatic-stirrup-bending-machine","7":"product_tag-automatic-rebar-bending-machine","8":"product_tag-automatic-rebar-stirrup-bending-and-cutting-machine","9":"product_tag-cnc-automatic-stirrup-bending-and-cutting-machine","10":"product_tag-cnc-stirrup-bending-machine","11":"product_tag-rebar-stirrup-making-machine","12":"product_tag-reinforcement-bar-stirrup-bender","13":"product_tag-steel-bar-stirrup-bender","14":"product_tag-stirrup-bender-for-construction-steel","15":"product_tag-stirrup-forming-machine","16":"product_tag-wire-stirrup-bending-equipment","18":"first","19":"instock","20":"shipping-taxable","21":"product-type-simple","22":"entry","23":"content-bg","24":"loop-entry"},"yoast_head":"<!-- This site is optimized with the Yoast SEO plugin v25.3.1 - https:\/\/yoast.com\/wordpress\/plugins\/seo\/ -->\n<title>Automatic Stirrup Bending Machine STWQ4-12A - HSY Construction Machinery<\/title>\n<meta name=\"description\" content=\"Automatic Stirrup Bending Machine STWQ4-12A processes 4\u201310mm coiled rebar into stirrups. CNC-controlled, compact, and built for high-efficiency production lines.\" \/>\n<meta name=\"robots\" content=\"index, follow, max-snippet:-1, max-image-preview:large, max-video-preview:-1\" \/>\n<link rel=\"canonical\" href=\"https:\/\/www.hsymachinery.com\/sk\/produkt\/automaticka-ohybacka-strmenov-stwq4-12a\/\" \/>\n<meta property=\"og:locale\" content=\"sk_SK\" \/>\n<meta property=\"og:type\" content=\"article\" \/>\n<meta property=\"og:title\" content=\"Automatic Stirrup Bending Machine STWQ4-12A - HSY Construction Machinery\" \/>\n<meta property=\"og:description\" content=\"Automatic Stirrup Bending Machine STWQ4-12A processes 4\u201310mm coiled rebar into stirrups. CNC-controlled, compact, and built for high-efficiency production lines.\" \/>\n<meta property=\"og:url\" content=\"https:\/\/www.hsymachinery.com\/sk\/produkt\/automaticka-ohybacka-strmenov-stwq4-12a\/\" \/>\n<meta property=\"og:site_name\" content=\"HSY Construction Machinery\" \/>\n<meta property=\"article:modified_time\" content=\"2025-06-28T05:28:00+00:00\" \/>\n<meta property=\"og:image\" content=\"https:\/\/www.hsymachinery.com\/wp-content\/uploads\/2025\/06\/Automatic-Stirrup-Bending-Machine-STWQ4-12A.jpg\" \/>\n\t<meta property=\"og:image:width\" content=\"600\" \/>\n\t<meta property=\"og:image:height\" content=\"600\" \/>\n\t<meta property=\"og:image:type\" content=\"image\/jpeg\" \/>\n<meta name=\"twitter:card\" content=\"summary_large_image\" \/>\n<meta name=\"twitter:label1\" content=\"Predpokladan\u00fd \u010das \u010d\u00edtania\" \/>\n\t<meta name=\"twitter:data1\" content=\"2 min\u00faty\" \/>\n<script type=\"application\/ld+json\" class=\"yoast-schema-graph\">{\"@context\":\"https:\/\/schema.org\",\"@graph\":[{\"@type\":\"WebPage\",\"@id\":\"https:\/\/www.hsymachinery.com\/product\/automatic-stirrup-bending-machine-stwq4-12a\/\",\"url\":\"https:\/\/www.hsymachinery.com\/product\/automatic-stirrup-bending-machine-stwq4-12a\/\",\"name\":\"Automatic Stirrup Bending Machine STWQ4-12A - HSY Construction Machinery\",\"isPartOf\":{\"@id\":\"https:\/\/www.hsymachinery.com\/#website\"},\"primaryImageOfPage\":{\"@id\":\"https:\/\/www.hsymachinery.com\/product\/automatic-stirrup-bending-machine-stwq4-12a\/#primaryimage\"},\"image\":{\"@id\":\"https:\/\/www.hsymachinery.com\/product\/automatic-stirrup-bending-machine-stwq4-12a\/#primaryimage\"},\"thumbnailUrl\":\"https:\/\/www.hsymachinery.com\/wp-content\/uploads\/2025\/06\/Automatic-Stirrup-Bending-Machine-STWQ4-12A.jpg\",\"datePublished\":\"2025-06-18T07:30:53+00:00\",\"dateModified\":\"2025-06-28T05:28:00+00:00\",\"description\":\"Automatic Stirrup Bending Machine STWQ4-12A processes 4\u201310mm coiled rebar into stirrups. CNC-controlled, compact, and built for high-efficiency production lines.\",\"breadcrumb\":{\"@id\":\"https:\/\/www.hsymachinery.com\/product\/automatic-stirrup-bending-machine-stwq4-12a\/#breadcrumb\"},\"inLanguage\":\"sk-SK\",\"potentialAction\":[{\"@type\":\"ReadAction\",\"target\":[\"https:\/\/www.hsymachinery.com\/product\/automatic-stirrup-bending-machine-stwq4-12a\/\"]}]},{\"@type\":\"ImageObject\",\"inLanguage\":\"sk-SK\",\"@id\":\"https:\/\/www.hsymachinery.com\/product\/automatic-stirrup-bending-machine-stwq4-12a\/#primaryimage\",\"url\":\"https:\/\/www.hsymachinery.com\/wp-content\/uploads\/2025\/06\/Automatic-Stirrup-Bending-Machine-STWQ4-12A.jpg\",\"contentUrl\":\"https:\/\/www.hsymachinery.com\/wp-content\/uploads\/2025\/06\/Automatic-Stirrup-Bending-Machine-STWQ4-12A.jpg\",\"width\":600,\"height\":600},{\"@type\":\"BreadcrumbList\",\"@id\":\"https:\/\/www.hsymachinery.com\/product\/automatic-stirrup-bending-machine-stwq4-12a\/#breadcrumb\",\"itemListElement\":[{\"@type\":\"ListItem\",\"position\":1,\"name\":\"home\",\"item\":\"https:\/\/www.hsymachinery.com\/\"},{\"@type\":\"ListItem\",\"position\":2,\"name\":\"products\",\"item\":\"https:\/\/www.hsymachinery.com\/products\/\"},{\"@type\":\"ListItem\",\"position\":3,\"name\":\"Automatic Stirrup Bending Machine STWQ4-12A\"}]},{\"@type\":\"WebSite\",\"@id\":\"https:\/\/www.hsymachinery.com\/#website\",\"url\":\"https:\/\/www.hsymachinery.com\/\",\"name\":\"HSY Construction Machinery\",\"description\":\"HSY Machinery \u2013 A leading China construction machinery supplier, offering a wide range of light construction equipment. Our main products include Rebar Cutting Machine, Rebar Bending Machine, Rebar Stirrup Bending Machine, Rebar Arc Bending Machine, Rebar Straightening Machine, Five-Head Rebar Stirrup Bending Machine, Tamping Rammer, Plate Compactor, Concrete Cutter, Power Trowel, and other construction machinery. We are equipped with advanced CNC machines, and we enforce strict quality inspection standards along with comprehensive after-sales service. If you are interested in our products or services, we warmly welcome your inquiries via message.\",\"publisher\":{\"@id\":\"https:\/\/www.hsymachinery.com\/#organization\"},\"potentialAction\":[{\"@type\":\"SearchAction\",\"target\":{\"@type\":\"EntryPoint\",\"urlTemplate\":\"https:\/\/www.hsymachinery.com\/?s={search_term_string}\"},\"query-input\":{\"@type\":\"PropertyValueSpecification\",\"valueRequired\":true,\"valueName\":\"search_term_string\"}}],\"inLanguage\":\"sk-SK\"},{\"@type\":\"Organization\",\"@id\":\"https:\/\/www.hsymachinery.com\/#organization\",\"name\":\"HSY Construction Machinery\",\"url\":\"https:\/\/www.hsymachinery.com\/\",\"logo\":{\"@type\":\"ImageObject\",\"inLanguage\":\"sk-SK\",\"@id\":\"https:\/\/www.hsymachinery.com\/#\/schema\/logo\/image\/\",\"url\":\"https:\/\/www.hsymachinery.com\/wp-content\/uploads\/2025\/06\/cropped-HSY-machinery.png\",\"contentUrl\":\"https:\/\/www.hsymachinery.com\/wp-content\/uploads\/2025\/06\/cropped-HSY-machinery.png\",\"width\":600,\"height\":240,\"caption\":\"HSY Construction Machinery\"},\"image\":{\"@id\":\"https:\/\/www.hsymachinery.com\/#\/schema\/logo\/image\/\"}}]}<\/script>\n<!-- \/ Yoast SEO plugin. -->","yoast_head_json":{"title":"Automatick\u00fd stroj na oh\u00fdbanie strme\u0148ov STWQ4-12A - Stavebn\u00e9 stroje HSY","description":"Automatick\u00fd stroj na oh\u00fdbanie strme\u0148ov STWQ4-12A sprac\u00fava 4-10 mm zvinut\u00fa v\u00fdstu\u017e do strme\u0148ov. Je riaden\u00fd CNC, kompaktn\u00fd a kon\u0161truovan\u00fd pre vysoko v\u00fdkonn\u00e9 v\u00fdrobn\u00e9 linky.","robots":{"index":"index","follow":"follow","max-snippet":"max-snippet:-1","max-image-preview":"max-image-preview:large","max-video-preview":"max-video-preview:-1"},"canonical":"https:\/\/www.hsymachinery.com\/sk\/produkt\/automaticka-ohybacka-strmenov-stwq4-12a\/","og_locale":"sk_SK","og_type":"article","og_title":"Automatic Stirrup Bending Machine STWQ4-12A - HSY Construction Machinery","og_description":"Automatic Stirrup Bending Machine STWQ4-12A processes 4\u201310mm coiled rebar into stirrups. CNC-controlled, compact, and built for high-efficiency production lines.","og_url":"https:\/\/www.hsymachinery.com\/sk\/produkt\/automaticka-ohybacka-strmenov-stwq4-12a\/","og_site_name":"HSY Construction Machinery","article_modified_time":"2025-06-28T05:28:00+00:00","og_image":[{"width":600,"height":600,"url":"https:\/\/www.hsymachinery.com\/wp-content\/uploads\/2025\/06\/Automatic-Stirrup-Bending-Machine-STWQ4-12A.jpg","type":"image\/jpeg"}],"twitter_card":"summary_large_image","twitter_misc":{"Predpokladan\u00fd \u010das \u010d\u00edtania":"2 min\u00faty"},"schema":{"@context":"https:\/\/schema.org","@graph":[{"@type":"WebPage","@id":"https:\/\/www.hsymachinery.com\/product\/automatic-stirrup-bending-machine-stwq4-12a\/","url":"https:\/\/www.hsymachinery.com\/product\/automatic-stirrup-bending-machine-stwq4-12a\/","name":"Automatick\u00fd stroj na oh\u00fdbanie strme\u0148ov STWQ4-12A - Stavebn\u00e9 stroje HSY","isPartOf":{"@id":"https:\/\/www.hsymachinery.com\/#website"},"primaryImageOfPage":{"@id":"https:\/\/www.hsymachinery.com\/product\/automatic-stirrup-bending-machine-stwq4-12a\/#primaryimage"},"image":{"@id":"https:\/\/www.hsymachinery.com\/product\/automatic-stirrup-bending-machine-stwq4-12a\/#primaryimage"},"thumbnailUrl":"https:\/\/www.hsymachinery.com\/wp-content\/uploads\/2025\/06\/Automatic-Stirrup-Bending-Machine-STWQ4-12A.jpg","datePublished":"2025-06-18T07:30:53+00:00","dateModified":"2025-06-28T05:28:00+00:00","description":"Automatick\u00fd stroj na oh\u00fdbanie strme\u0148ov STWQ4-12A sprac\u00fava 4-10 mm zvinut\u00fa v\u00fdstu\u017e do strme\u0148ov. Je riaden\u00fd CNC, kompaktn\u00fd a kon\u0161truovan\u00fd pre vysoko v\u00fdkonn\u00e9 v\u00fdrobn\u00e9 linky.","breadcrumb":{"@id":"https:\/\/www.hsymachinery.com\/product\/automatic-stirrup-bending-machine-stwq4-12a\/#breadcrumb"},"inLanguage":"sk-SK","potentialAction":[{"@type":"ReadAction","target":["https:\/\/www.hsymachinery.com\/product\/automatic-stirrup-bending-machine-stwq4-12a\/"]}]},{"@type":"ImageObject","inLanguage":"sk-SK","@id":"https:\/\/www.hsymachinery.com\/product\/automatic-stirrup-bending-machine-stwq4-12a\/#primaryimage","url":"https:\/\/www.hsymachinery.com\/wp-content\/uploads\/2025\/06\/Automatic-Stirrup-Bending-Machine-STWQ4-12A.jpg","contentUrl":"https:\/\/www.hsymachinery.com\/wp-content\/uploads\/2025\/06\/Automatic-Stirrup-Bending-Machine-STWQ4-12A.jpg","width":600,"height":600},{"@type":"BreadcrumbList","@id":"https:\/\/www.hsymachinery.com\/product\/automatic-stirrup-bending-machine-stwq4-12a\/#breadcrumb","itemListElement":[{"@type":"ListItem","position":1,"name":"home","item":"https:\/\/www.hsymachinery.com\/"},{"@type":"ListItem","position":2,"name":"products","item":"https:\/\/www.hsymachinery.com\/products\/"},{"@type":"ListItem","position":3,"name":"Automatic Stirrup Bending Machine STWQ4-12A"}]},{"@type":"WebSite","@id":"https:\/\/www.hsymachinery.com\/#website","url":"https:\/\/www.hsymachinery.com\/","name":"Stavebn\u00e9 stroje HSY","description":"HSY Machinery - popredn\u00fd dod\u00e1vate\u013e stavebn\u00fdch strojov v \u010c\u00edne, ktor\u00fd pon\u00faka \u0161irok\u00fd sortiment \u013eahk\u00fdch stavebn\u00fdch strojov. Medzi na\u0161e hlavn\u00e9 produkty patr\u00ed stroj na rezanie ty\u010d\u00ed, stroj na oh\u00fdbanie ty\u010d\u00ed, stroj na oh\u00fdbanie ty\u010d\u00ed, stroj na oh\u00fdbanie obl\u00fakov ty\u010d\u00ed, stroj na rovnanie ty\u010d\u00ed, p\u00e4\u0165hlav\u0148ov\u00fd stroj na oh\u00fdbanie ty\u010d\u00ed, podb\u00edja\u010dka, zhut\u0148ova\u010d dosiek, fr\u00e9za na bet\u00f3n, elektrick\u00e1 stierka a \u010fal\u0161ie stavebn\u00e9 stroje. Sme vybaven\u00ed modern\u00fdmi CNC strojmi a presadzujeme pr\u00edsne normy kontroly kvality spolu s komplexn\u00fdm popredajn\u00fdm servisom. Ak m\u00e1te z\u00e1ujem o na\u0161e v\u00fdrobky alebo slu\u017eby, srde\u010dne priv\u00edtame va\u0161e ot\u00e1zky prostredn\u00edctvom spr\u00e1vy.","publisher":{"@id":"https:\/\/www.hsymachinery.com\/#organization"},"potentialAction":[{"@type":"SearchAction","target":{"@type":"EntryPoint","urlTemplate":"https:\/\/www.hsymachinery.com\/?s={search_term_string}"},"query-input":{"@type":"PropertyValueSpecification","valueRequired":true,"valueName":"search_term_string"}}],"inLanguage":"sk-SK"},{"@type":"Organization","@id":"https:\/\/www.hsymachinery.com\/#organization","name":"Stavebn\u00e9 stroje HSY","url":"https:\/\/www.hsymachinery.com\/","logo":{"@type":"ImageObject","inLanguage":"sk-SK","@id":"https:\/\/www.hsymachinery.com\/#\/schema\/logo\/image\/","url":"https:\/\/www.hsymachinery.com\/wp-content\/uploads\/2025\/06\/cropped-HSY-machinery.png","contentUrl":"https:\/\/www.hsymachinery.com\/wp-content\/uploads\/2025\/06\/cropped-HSY-machinery.png","width":600,"height":240,"caption":"HSY Construction Machinery"},"image":{"@id":"https:\/\/www.hsymachinery.com\/#\/schema\/logo\/image\/"}}]}},"_links":{"self":[{"href":"https:\/\/www.hsymachinery.com\/sk\/wp-json\/wp\/v2\/product\/9042","targetHints":{"allow":["GET"]}}],"collection":[{"href":"https:\/\/www.hsymachinery.com\/sk\/wp-json\/wp\/v2\/product"}],"about":[{"href":"https:\/\/www.hsymachinery.com\/sk\/wp-json\/wp\/v2\/types\/product"}],"version-history":[{"count":4,"href":"https:\/\/www.hsymachinery.com\/sk\/wp-json\/wp\/v2\/product\/9042\/revisions"}],"predecessor-version":[{"id":9476,"href":"https:\/\/www.hsymachinery.com\/sk\/wp-json\/wp\/v2\/product\/9042\/revisions\/9476"}],"wp:featuredmedia":[{"embeddable":true,"href":"https:\/\/www.hsymachinery.com\/sk\/wp-json\/wp\/v2\/media\/9044"}],"wp:attachment":[{"href":"https:\/\/www.hsymachinery.com\/sk\/wp-json\/wp\/v2\/media?parent=9042"}],"wp:term":[{"taxonomy":"product_brand","embeddable":true,"href":"https:\/\/www.hsymachinery.com\/sk\/wp-json\/wp\/v2\/product_brand?post=9042"},{"taxonomy":"product_cat","embeddable":true,"href":"https:\/\/www.hsymachinery.com\/sk\/wp-json\/wp\/v2\/product_cat?post=9042"},{"taxonomy":"product_tag","embeddable":true,"href":"https:\/\/www.hsymachinery.com\/sk\/wp-json\/wp\/v2\/product_tag?post=9042"}],"curies":[{"name":"wp","href":"https:\/\/api.w.org\/{rel}","templated":true}]}}