{"id":9038,"date":"2025-06-18T14:54:00","date_gmt":"2025-06-18T06:54:00","guid":{"rendered":"https:\/\/www.hsymachinery.com\/?post_type=product&#038;p=9038"},"modified":"2025-06-28T13:29:55","modified_gmt":"2025-06-28T05:29:55","slug":"pathlavy-automaticky-stroj-na-ohybanie-strmenov-gffq-18","status":"publish","type":"product","link":"https:\/\/www.hsymachinery.com\/sk\/produkt\/pathlavy-automaticky-stroj-na-ohybanie-strmenov-gffq-18\/","title":{"rendered":"P\u00e4\u0165hlav\u00fd automatick\u00fd pod\u00e1vac\u00ed stroj na oh\u00fdbanie strme\u0148ov GFFQ-18"},"content":{"rendered":"<h2 data-start=\"129\" data-end=\"196\">P\u00e4\u0165hlav\u00fd automatick\u00fd pod\u00e1vac\u00ed stroj na oh\u00fdbanie strme\u0148ov GFFQ-18<\/h2>\n<h3 data-start=\"197\" data-end=\"323\">GFFQ-18 Plne automatick\u00fd stroj na oh\u00fdbanie strme\u0148ov s piatimi hlavami | Inteligentn\u00e9 CNC spracovanie v\u00fdstu\u017ee pre 6-18 mm zvinut\u00fa oce\u013e<\/h3>\n<h3 data-start=\"330\" data-end=\"407\">Preh\u013ead produktov - automatiz\u00e1cia sp\u013a\u0148a po\u017eiadavky vysoko\u00fa\u010dinnej v\u00fdroby mie\u0161adiel<a href=\"https:\/\/www.hsymachinery.com\/sk\/produkty\/pathlavy-stroj-na-ohybanie-tycovych-strmenov\/\" target=\"_blank\" rel=\"noopener\"><img fetchpriority=\"high\" decoding=\"async\" class=\"wp-image-9455 alignright\" src=\"https:\/\/www.hsymachinery.com\/wp-content\/uploads\/2025\/06\/Automatic-Stirrup-Bender-with-Five-Heads-191x300.jpg\" alt=\"\" width=\"420\" height=\"660\" srcset=\"https:\/\/www.hsymachinery.com\/wp-content\/uploads\/2025\/06\/Automatic-Stirrup-Bender-with-Five-Heads-191x300.jpg 191w, https:\/\/www.hsymachinery.com\/wp-content\/uploads\/2025\/06\/Automatic-Stirrup-Bender-with-Five-Heads-653x1024.jpg 653w, https:\/\/www.hsymachinery.com\/wp-content\/uploads\/2025\/06\/Automatic-Stirrup-Bender-with-Five-Heads-600x941.jpg 600w\" sizes=\"(max-width: 420px) 100vw, 420px\" \/><\/a><\/h3>\n<p data-start=\"409\" data-end=\"803\">Str\u00e1nka <strong data-start=\"413\" data-end=\"466\">GFFQ-18 Automatick\u00fd stroj na oh\u00fdbanie strme\u0148ov<\/strong> prin\u00e1\u0161a revol\u00faciu v spracovan\u00ed v\u00fdstu\u017ee t\u00fdm, \u017ee integruje automatick\u00e9 pod\u00e1vanie zvitkov s technol\u00f3giou synchronizovan\u00e9ho oh\u00fdbania s piatimi hlavami. Je navrhnut\u00fd na spracovanie 6 mm a\u017e 18 mm zvinutej v\u00fdstu\u017ee a zefekt\u00edv\u0148uje v\u00fdrobu strme\u0148ov v z\u00e1vodoch na v\u00fdrobu prefabrik\u00e1tov, priemyseln\u00fdch oceliar\u0148ach a na stavb\u00e1ch vy\u017eaduj\u00facich presnos\u0165 a produktivitu.<\/p>\n<p data-start=\"805\" data-end=\"923\">V\u010faka pokro\u010dilej automatiz\u00e1cii a kon\u0161trukcii s viacer\u00fdmi hlavami minimalizuje GFFQ-18 manu\u00e1lne z\u00e1sahy a z\u00e1rove\u0148 maximalizuje v\u00fdkon.<\/p>\n<h3 data-start=\"930\" data-end=\"991\">Inteligentn\u00fd syst\u00e9m pod\u00e1vania cievok a p\u00e4\u0165bodov\u00e9ho oh\u00fdbania<\/h3>\n<p data-start=\"993\" data-end=\"1316\">Automatick\u00fd pod\u00e1vac\u00ed mechanizmus v\u0165ahuje zvinut\u00fa v\u00fdstu\u017e priamo do rovnacej a oh\u00fdbacej z\u00f3ny, \u010d\u00edm sa skracuje \u010das manipul\u00e1cie a zvy\u0161uje priepustnos\u0165. P\u00e4\u0165 nez\u00e1visl\u00fdch oh\u00fdbac\u00edch hl\u00e1v pracuje synchr\u00f3nne a vytv\u00e1ra viacero ohybov s\u00fa\u010dasne alebo v r\u00fdchlom slede za sebou, pri\u010dom sa prisp\u00f4sobuje r\u00f4znym tvarom strme\u0148ov s vysokou presnos\u0165ou.<\/p>\n<p data-start=\"1318\" data-end=\"1480\">Oper\u00e1tori m\u00f4\u017eu ovl\u00e1da\u0165 uhly ohybu, d\u013a\u017eky ty\u010d\u00ed a programy s tvarovou pam\u00e4\u0165ou prostredn\u00edctvom dotykov\u00e9ho rozhrania CNC, \u010do zjednodu\u0161uje s\u00e9riov\u00fa v\u00fdrobu a prep\u00ednanie tvarov.<\/p>\n<h3 data-start=\"1487\" data-end=\"1543\">Priemyseln\u00e1 kon\u0161trukcia so \u0161pecifik\u00e1ciami pripraven\u00fdmi na export<\/h3>\n<p data-start=\"1545\" data-end=\"1784\">Model GFFQ-18 je postaven\u00fd na odolnom oce\u013eovom podvozku a je odoln\u00fd vo\u010di opotrebovaniu a vibr\u00e1ci\u00e1m pri vysokor\u00fdchlostnej prev\u00e1dzke. Jeho servomotory, centr\u00e1lne mazanie a monitorovanie por\u00fach v re\u00e1lnom \u010dase zabezpe\u010duj\u00fa spo\u013eahliv\u00fd v\u00fdkon pri nepretr\u017eitom za\u0165a\u017een\u00ed.<\/p>\n<p data-start=\"1786\" data-end=\"1997\">Stroj podporuje \u0161tandardn\u00e9 nap\u00e1janie 380 V\/50 Hz, pri\u010dom pre medzin\u00e1rodn\u00e9 pou\u017eitie s\u00fa k dispoz\u00edcii vlastn\u00e9 konfigur\u00e1cie nap\u00e4tia. \u010ci u\u017e v \u00c1zii, Eur\u00f3pe alebo na Bl\u00edzkom v\u00fdchode, GFFQ-18 je pripraven\u00fd na glob\u00e1lne nasadenie.<\/p>\n<h3 data-start=\"2004\" data-end=\"2057\">K\u013e\u00fa\u010dov\u00e9 vlastnosti oh\u00fdbacieho stroja GFFQ-18<\/h3>\n<ul data-start=\"2059\" data-end=\"2392\">\n<li data-start=\"2059\" data-end=\"2109\">\n<p data-start=\"2061\" data-end=\"2109\">Automatick\u00fd pod\u00e1vac\u00ed syst\u00e9m pre 6-18 mm zvitkov\u00fa v\u00fdstu\u017e<\/p>\n<\/li>\n<li data-start=\"2110\" data-end=\"2175\">\n<p data-start=\"2112\" data-end=\"2175\">P\u00e4\u0165 synchronizovan\u00fdch hl\u00e1v na r\u00fdchle a presn\u00e9 oh\u00fdbanie strme\u0148ov<\/p>\n<\/li>\n<li data-start=\"2176\" data-end=\"2243\">\n<p data-start=\"2178\" data-end=\"2243\">\u00dapln\u00e9 dotykov\u00e9 rozhranie CNC s pam\u00e4\u0165ov\u00fdmi nastaveniami a kni\u017enicou tvarov<\/p>\n<\/li>\n<li data-start=\"2244\" data-end=\"2318\">\n<p data-start=\"2246\" data-end=\"2318\">Centralizovan\u00e9 mazanie, ochrana proti pre\u0165a\u017eeniu a nap\u00e4tie pripraven\u00e9 na export<\/p>\n<\/li>\n<li data-start=\"2319\" data-end=\"2392\">\n<p data-start=\"2321\" data-end=\"2392\">Ide\u00e1lne pre prefabrik\u00e1ciu, z\u00e1vody na spracovanie ocele a glob\u00e1lne trhy<\/p>\n<\/li>\n<\/ul>\n<div class=\"entry-content-asset videofit\"><iframe title=\"oh\u00fdba\u010dka v\u00fdstu\u017ee, stroj na v\u00fdstu\u017ee, oh\u00fdba\u010dka v\u00fdstu\u017ee, oh\u00fdba\u010dka oce\u013eov\u00fdch ty\u010d\u00ed, oh\u00fdba\u010dka oce\u013eov\u00fdch ty\u010d\u00ed\" width=\"720\" height=\"405\" src=\"https:\/\/www.youtube.com\/embed\/89706ar3n-E?feature=oembed\" frameborder=\"0\" allow=\"accelerometer; autoplay; clipboard-write; encrypted-media; gyroscope; picture-in-picture; web-share\" referrerpolicy=\"strict-origin-when-cross-origin\" allowfullscreen><\/iframe><\/div>","protected":false},"excerpt":{"rendered":"<p>Stroj na oh\u00fdbanie strme\u0148ov GFFQ-18 automatizuje pod\u00e1vanie a tvarovanie 6-18 mm zvitkovej v\u00fdstu\u017ee pomocou piatich synchronizovan\u00fdch hl\u00e1v. Ide\u00e1lny pre vysokor\u00fdchlostn\u00e9, inteligentn\u00e9 v\u00fdrobn\u00e9 linky.<\/p>","protected":false},"featured_media":9457,"template":"","meta":{"_kad_post_transparent":"default","_kad_post_title":"","_kad_post_layout":"default","_kad_post_sidebar_id":"","_kad_post_content_style":"default","_kad_post_vertical_padding":"default","_kad_post_feature":"","_kad_post_feature_position":"","_kad_post_header":false,"_kad_post_footer":false},"product_brand":[],"product_cat":[60],"product_tag":[1039,1036,1038,1037,1035,1041,1040],"class_list":{"0":"post-9038","1":"product","2":"type-product","3":"status-publish","4":"has-post-thumbnail","6":"product_cat-five-head-rebar-stirrup-bending-machine","7":"product_tag-5-head-rebar-bender-for-stirrup","8":"product_tag-automatic-stirrup-bender-with-five-heads","9":"product_tag-cnc-stirrup-bending-equipment","10":"product_tag-high-speed-rebar-stirrup-machine","11":"product_tag-multi-head-rebar-stirrup-bending-machine","12":"product_tag-rebar-stirrup-forming-machine","13":"product_tag-steel-bar-stirrup-making-machine","15":"first","16":"instock","17":"shipping-taxable","18":"product-type-simple","19":"entry","20":"content-bg","21":"loop-entry"},"yoast_head":"<!-- This site is optimized with the Yoast SEO plugin v25.3.1 - https:\/\/yoast.com\/wordpress\/plugins\/seo\/ -->\n<title>Five-Head Automatic Feeding Stirrup Bending Machine GFFQ-18 - HSY Construction Machinery<\/title>\n<meta name=\"description\" content=\"Five-Head Automatic Feeding Stirrup Bending Machine GFFQ-18 straightens and bends 6\u201318mm coil rebar. CNC-controlled, five-head system with full automation for global use.\" \/>\n<meta name=\"robots\" content=\"index, follow, max-snippet:-1, max-image-preview:large, max-video-preview:-1\" \/>\n<link rel=\"canonical\" href=\"https:\/\/www.hsymachinery.com\/sk\/produkt\/pathlavy-automaticky-stroj-na-ohybanie-strmenov-gffq-18\/\" \/>\n<meta property=\"og:locale\" content=\"sk_SK\" \/>\n<meta property=\"og:type\" content=\"article\" \/>\n<meta property=\"og:title\" content=\"Five-Head Automatic Feeding Stirrup Bending Machine GFFQ-18 - HSY Construction Machinery\" \/>\n<meta property=\"og:description\" content=\"Five-Head Automatic Feeding Stirrup Bending Machine GFFQ-18 straightens and bends 6\u201318mm coil rebar. CNC-controlled, five-head system with full automation for global use.\" \/>\n<meta property=\"og:url\" content=\"https:\/\/www.hsymachinery.com\/sk\/produkt\/pathlavy-automaticky-stroj-na-ohybanie-strmenov-gffq-18\/\" \/>\n<meta property=\"og:site_name\" content=\"HSY Construction Machinery\" \/>\n<meta property=\"article:modified_time\" content=\"2025-06-28T05:29:55+00:00\" \/>\n<meta property=\"og:image\" content=\"https:\/\/www.hsymachinery.com\/wp-content\/uploads\/2025\/06\/Five-Head-Automatic-Feeding-Stirrup-Bending-Machine-GFFQ-181.jpg\" \/>\n\t<meta property=\"og:image:width\" content=\"600\" \/>\n\t<meta property=\"og:image:height\" content=\"600\" \/>\n\t<meta property=\"og:image:type\" content=\"image\/jpeg\" \/>\n<meta name=\"twitter:card\" content=\"summary_large_image\" \/>\n<meta name=\"twitter:label1\" content=\"Predpokladan\u00fd \u010das \u010d\u00edtania\" \/>\n\t<meta name=\"twitter:data1\" content=\"2 min\u00faty\" \/>\n<script type=\"application\/ld+json\" class=\"yoast-schema-graph\">{\"@context\":\"https:\/\/schema.org\",\"@graph\":[{\"@type\":\"WebPage\",\"@id\":\"https:\/\/www.hsymachinery.com\/product\/five-head-automatic-feeding-stirrup-bending-machine-gffq-18\/\",\"url\":\"https:\/\/www.hsymachinery.com\/product\/five-head-automatic-feeding-stirrup-bending-machine-gffq-18\/\",\"name\":\"Five-Head Automatic Feeding Stirrup Bending Machine GFFQ-18 - HSY Construction Machinery\",\"isPartOf\":{\"@id\":\"https:\/\/www.hsymachinery.com\/#website\"},\"primaryImageOfPage\":{\"@id\":\"https:\/\/www.hsymachinery.com\/product\/five-head-automatic-feeding-stirrup-bending-machine-gffq-18\/#primaryimage\"},\"image\":{\"@id\":\"https:\/\/www.hsymachinery.com\/product\/five-head-automatic-feeding-stirrup-bending-machine-gffq-18\/#primaryimage\"},\"thumbnailUrl\":\"https:\/\/www.hsymachinery.com\/wp-content\/uploads\/2025\/06\/Five-Head-Automatic-Feeding-Stirrup-Bending-Machine-GFFQ-181.jpg\",\"datePublished\":\"2025-06-18T06:54:00+00:00\",\"dateModified\":\"2025-06-28T05:29:55+00:00\",\"description\":\"Five-Head Automatic Feeding Stirrup Bending Machine GFFQ-18 straightens and bends 6\u201318mm coil rebar. CNC-controlled, five-head system with full automation for global use.\",\"breadcrumb\":{\"@id\":\"https:\/\/www.hsymachinery.com\/product\/five-head-automatic-feeding-stirrup-bending-machine-gffq-18\/#breadcrumb\"},\"inLanguage\":\"sk-SK\",\"potentialAction\":[{\"@type\":\"ReadAction\",\"target\":[\"https:\/\/www.hsymachinery.com\/product\/five-head-automatic-feeding-stirrup-bending-machine-gffq-18\/\"]}]},{\"@type\":\"ImageObject\",\"inLanguage\":\"sk-SK\",\"@id\":\"https:\/\/www.hsymachinery.com\/product\/five-head-automatic-feeding-stirrup-bending-machine-gffq-18\/#primaryimage\",\"url\":\"https:\/\/www.hsymachinery.com\/wp-content\/uploads\/2025\/06\/Five-Head-Automatic-Feeding-Stirrup-Bending-Machine-GFFQ-181.jpg\",\"contentUrl\":\"https:\/\/www.hsymachinery.com\/wp-content\/uploads\/2025\/06\/Five-Head-Automatic-Feeding-Stirrup-Bending-Machine-GFFQ-181.jpg\",\"width\":600,\"height\":600},{\"@type\":\"BreadcrumbList\",\"@id\":\"https:\/\/www.hsymachinery.com\/product\/five-head-automatic-feeding-stirrup-bending-machine-gffq-18\/#breadcrumb\",\"itemListElement\":[{\"@type\":\"ListItem\",\"position\":1,\"name\":\"home\",\"item\":\"https:\/\/www.hsymachinery.com\/\"},{\"@type\":\"ListItem\",\"position\":2,\"name\":\"products\",\"item\":\"https:\/\/www.hsymachinery.com\/products\/\"},{\"@type\":\"ListItem\",\"position\":3,\"name\":\"Five-Head Automatic Feeding Stirrup Bending Machine GFFQ-18\"}]},{\"@type\":\"WebSite\",\"@id\":\"https:\/\/www.hsymachinery.com\/#website\",\"url\":\"https:\/\/www.hsymachinery.com\/\",\"name\":\"HSY Construction Machinery\",\"description\":\"HSY Machinery \u2013 A leading China construction machinery supplier, offering a wide range of light construction equipment. Our main products include Rebar Cutting Machine, Rebar Bending Machine, Rebar Stirrup Bending Machine, Rebar Arc Bending Machine, Rebar Straightening Machine, Five-Head Rebar Stirrup Bending Machine, Tamping Rammer, Plate Compactor, Concrete Cutter, Power Trowel, and other construction machinery. We are equipped with advanced CNC machines, and we enforce strict quality inspection standards along with comprehensive after-sales service. If you are interested in our products or services, we warmly welcome your inquiries via message.\",\"publisher\":{\"@id\":\"https:\/\/www.hsymachinery.com\/#organization\"},\"potentialAction\":[{\"@type\":\"SearchAction\",\"target\":{\"@type\":\"EntryPoint\",\"urlTemplate\":\"https:\/\/www.hsymachinery.com\/?s={search_term_string}\"},\"query-input\":{\"@type\":\"PropertyValueSpecification\",\"valueRequired\":true,\"valueName\":\"search_term_string\"}}],\"inLanguage\":\"sk-SK\"},{\"@type\":\"Organization\",\"@id\":\"https:\/\/www.hsymachinery.com\/#organization\",\"name\":\"HSY Construction Machinery\",\"url\":\"https:\/\/www.hsymachinery.com\/\",\"logo\":{\"@type\":\"ImageObject\",\"inLanguage\":\"sk-SK\",\"@id\":\"https:\/\/www.hsymachinery.com\/#\/schema\/logo\/image\/\",\"url\":\"https:\/\/www.hsymachinery.com\/wp-content\/uploads\/2025\/06\/cropped-HSY-machinery.png\",\"contentUrl\":\"https:\/\/www.hsymachinery.com\/wp-content\/uploads\/2025\/06\/cropped-HSY-machinery.png\",\"width\":600,\"height\":240,\"caption\":\"HSY Construction Machinery\"},\"image\":{\"@id\":\"https:\/\/www.hsymachinery.com\/#\/schema\/logo\/image\/\"}}]}<\/script>\n<!-- \/ Yoast SEO plugin. -->","yoast_head_json":{"title":"P\u00e4\u0165hlav\u00fd automatick\u00fd pod\u00e1vac\u00ed stroj na oh\u00fdbanie strme\u0148ov GFFQ-18 - Stavebn\u00e9 stroje HSY","description":"P\u00e4\u0165hlavov\u00fd automatick\u00fd oh\u00fdbac\u00ed stroj GFFQ-18 narovn\u00e1va a oh\u00fdba 6-18 mm zvitkov\u00fa v\u00fdstu\u017e. CNC riaden\u00fd p\u00e4\u0165hlav\u00fd syst\u00e9m s plnou automatiz\u00e1ciou na celosvetov\u00e9 pou\u017eitie.","robots":{"index":"index","follow":"follow","max-snippet":"max-snippet:-1","max-image-preview":"max-image-preview:large","max-video-preview":"max-video-preview:-1"},"canonical":"https:\/\/www.hsymachinery.com\/sk\/produkt\/pathlavy-automaticky-stroj-na-ohybanie-strmenov-gffq-18\/","og_locale":"sk_SK","og_type":"article","og_title":"Five-Head Automatic Feeding Stirrup Bending Machine GFFQ-18 - HSY Construction Machinery","og_description":"Five-Head Automatic Feeding Stirrup Bending Machine GFFQ-18 straightens and bends 6\u201318mm coil rebar. CNC-controlled, five-head system with full automation for global use.","og_url":"https:\/\/www.hsymachinery.com\/sk\/produkt\/pathlavy-automaticky-stroj-na-ohybanie-strmenov-gffq-18\/","og_site_name":"HSY Construction Machinery","article_modified_time":"2025-06-28T05:29:55+00:00","og_image":[{"width":600,"height":600,"url":"https:\/\/www.hsymachinery.com\/wp-content\/uploads\/2025\/06\/Five-Head-Automatic-Feeding-Stirrup-Bending-Machine-GFFQ-181.jpg","type":"image\/jpeg"}],"twitter_card":"summary_large_image","twitter_misc":{"Predpokladan\u00fd \u010das \u010d\u00edtania":"2 min\u00faty"},"schema":{"@context":"https:\/\/schema.org","@graph":[{"@type":"WebPage","@id":"https:\/\/www.hsymachinery.com\/product\/five-head-automatic-feeding-stirrup-bending-machine-gffq-18\/","url":"https:\/\/www.hsymachinery.com\/product\/five-head-automatic-feeding-stirrup-bending-machine-gffq-18\/","name":"P\u00e4\u0165hlav\u00fd automatick\u00fd pod\u00e1vac\u00ed stroj na oh\u00fdbanie strme\u0148ov GFFQ-18 - Stavebn\u00e9 stroje HSY","isPartOf":{"@id":"https:\/\/www.hsymachinery.com\/#website"},"primaryImageOfPage":{"@id":"https:\/\/www.hsymachinery.com\/product\/five-head-automatic-feeding-stirrup-bending-machine-gffq-18\/#primaryimage"},"image":{"@id":"https:\/\/www.hsymachinery.com\/product\/five-head-automatic-feeding-stirrup-bending-machine-gffq-18\/#primaryimage"},"thumbnailUrl":"https:\/\/www.hsymachinery.com\/wp-content\/uploads\/2025\/06\/Five-Head-Automatic-Feeding-Stirrup-Bending-Machine-GFFQ-181.jpg","datePublished":"2025-06-18T06:54:00+00:00","dateModified":"2025-06-28T05:29:55+00:00","description":"P\u00e4\u0165hlavov\u00fd automatick\u00fd oh\u00fdbac\u00ed stroj GFFQ-18 narovn\u00e1va a oh\u00fdba 6-18 mm zvitkov\u00fa v\u00fdstu\u017e. CNC riaden\u00fd p\u00e4\u0165hlav\u00fd syst\u00e9m s plnou automatiz\u00e1ciou na celosvetov\u00e9 pou\u017eitie.","breadcrumb":{"@id":"https:\/\/www.hsymachinery.com\/product\/five-head-automatic-feeding-stirrup-bending-machine-gffq-18\/#breadcrumb"},"inLanguage":"sk-SK","potentialAction":[{"@type":"ReadAction","target":["https:\/\/www.hsymachinery.com\/product\/five-head-automatic-feeding-stirrup-bending-machine-gffq-18\/"]}]},{"@type":"ImageObject","inLanguage":"sk-SK","@id":"https:\/\/www.hsymachinery.com\/product\/five-head-automatic-feeding-stirrup-bending-machine-gffq-18\/#primaryimage","url":"https:\/\/www.hsymachinery.com\/wp-content\/uploads\/2025\/06\/Five-Head-Automatic-Feeding-Stirrup-Bending-Machine-GFFQ-181.jpg","contentUrl":"https:\/\/www.hsymachinery.com\/wp-content\/uploads\/2025\/06\/Five-Head-Automatic-Feeding-Stirrup-Bending-Machine-GFFQ-181.jpg","width":600,"height":600},{"@type":"BreadcrumbList","@id":"https:\/\/www.hsymachinery.com\/product\/five-head-automatic-feeding-stirrup-bending-machine-gffq-18\/#breadcrumb","itemListElement":[{"@type":"ListItem","position":1,"name":"home","item":"https:\/\/www.hsymachinery.com\/"},{"@type":"ListItem","position":2,"name":"products","item":"https:\/\/www.hsymachinery.com\/products\/"},{"@type":"ListItem","position":3,"name":"Five-Head Automatic Feeding Stirrup Bending Machine GFFQ-18"}]},{"@type":"WebSite","@id":"https:\/\/www.hsymachinery.com\/#website","url":"https:\/\/www.hsymachinery.com\/","name":"Stavebn\u00e9 stroje HSY","description":"HSY Machinery - popredn\u00fd dod\u00e1vate\u013e stavebn\u00fdch strojov v \u010c\u00edne, ktor\u00fd pon\u00faka \u0161irok\u00fd sortiment \u013eahk\u00fdch stavebn\u00fdch strojov. Medzi na\u0161e hlavn\u00e9 produkty patr\u00ed stroj na rezanie ty\u010d\u00ed, stroj na oh\u00fdbanie ty\u010d\u00ed, stroj na oh\u00fdbanie ty\u010d\u00ed, stroj na oh\u00fdbanie obl\u00fakov ty\u010d\u00ed, stroj na rovnanie ty\u010d\u00ed, p\u00e4\u0165hlav\u0148ov\u00fd stroj na oh\u00fdbanie ty\u010d\u00ed, podb\u00edja\u010dka, zhut\u0148ova\u010d dosiek, fr\u00e9za na bet\u00f3n, elektrick\u00e1 stierka a \u010fal\u0161ie stavebn\u00e9 stroje. Sme vybaven\u00ed modern\u00fdmi CNC strojmi a presadzujeme pr\u00edsne normy kontroly kvality spolu s komplexn\u00fdm popredajn\u00fdm servisom. Ak m\u00e1te z\u00e1ujem o na\u0161e v\u00fdrobky alebo slu\u017eby, srde\u010dne priv\u00edtame va\u0161e ot\u00e1zky prostredn\u00edctvom spr\u00e1vy.","publisher":{"@id":"https:\/\/www.hsymachinery.com\/#organization"},"potentialAction":[{"@type":"SearchAction","target":{"@type":"EntryPoint","urlTemplate":"https:\/\/www.hsymachinery.com\/?s={search_term_string}"},"query-input":{"@type":"PropertyValueSpecification","valueRequired":true,"valueName":"search_term_string"}}],"inLanguage":"sk-SK"},{"@type":"Organization","@id":"https:\/\/www.hsymachinery.com\/#organization","name":"Stavebn\u00e9 stroje HSY","url":"https:\/\/www.hsymachinery.com\/","logo":{"@type":"ImageObject","inLanguage":"sk-SK","@id":"https:\/\/www.hsymachinery.com\/#\/schema\/logo\/image\/","url":"https:\/\/www.hsymachinery.com\/wp-content\/uploads\/2025\/06\/cropped-HSY-machinery.png","contentUrl":"https:\/\/www.hsymachinery.com\/wp-content\/uploads\/2025\/06\/cropped-HSY-machinery.png","width":600,"height":240,"caption":"HSY Construction Machinery"},"image":{"@id":"https:\/\/www.hsymachinery.com\/#\/schema\/logo\/image\/"}}]}},"_links":{"self":[{"href":"https:\/\/www.hsymachinery.com\/sk\/wp-json\/wp\/v2\/product\/9038","targetHints":{"allow":["GET"]}}],"collection":[{"href":"https:\/\/www.hsymachinery.com\/sk\/wp-json\/wp\/v2\/product"}],"about":[{"href":"https:\/\/www.hsymachinery.com\/sk\/wp-json\/wp\/v2\/types\/product"}],"version-history":[{"count":5,"href":"https:\/\/www.hsymachinery.com\/sk\/wp-json\/wp\/v2\/product\/9038\/revisions"}],"predecessor-version":[{"id":9477,"href":"https:\/\/www.hsymachinery.com\/sk\/wp-json\/wp\/v2\/product\/9038\/revisions\/9477"}],"wp:featuredmedia":[{"embeddable":true,"href":"https:\/\/www.hsymachinery.com\/sk\/wp-json\/wp\/v2\/media\/9457"}],"wp:attachment":[{"href":"https:\/\/www.hsymachinery.com\/sk\/wp-json\/wp\/v2\/media?parent=9038"}],"wp:term":[{"taxonomy":"product_brand","embeddable":true,"href":"https:\/\/www.hsymachinery.com\/sk\/wp-json\/wp\/v2\/product_brand?post=9038"},{"taxonomy":"product_cat","embeddable":true,"href":"https:\/\/www.hsymachinery.com\/sk\/wp-json\/wp\/v2\/product_cat?post=9038"},{"taxonomy":"product_tag","embeddable":true,"href":"https:\/\/www.hsymachinery.com\/sk\/wp-json\/wp\/v2\/product_tag?post=9038"}],"curies":[{"name":"wp","href":"https:\/\/api.w.org\/{rel}","templated":true}]}}