{"id":9035,"date":"2025-06-18T14:51:23","date_gmt":"2025-06-18T06:51:23","guid":{"rendered":"https:\/\/www.hsymachinery.com\/?post_type=product&#038;p=9035"},"modified":"2025-06-28T11:54:06","modified_gmt":"2025-06-28T03:54:06","slug":"pathlavy-stroj-na-ohybanie-tyci-gff-22","status":"publish","type":"product","link":"https:\/\/www.hsymachinery.com\/sk\/produkt\/pathlavy-stroj-na-ohybanie-tyci-gff-22\/","title":{"rendered":"P\u00e4\u0165hlav\u00fd stroj na oh\u00fdbanie ty\u010d\u00ed GFF-22"},"content":{"rendered":"<h2 data-start=\"116\" data-end=\"170\">P\u00e4\u0165hlav\u00fd stroj na oh\u00fdbanie ty\u010d\u00ed GFF-22<\/h2>\n<h3 data-start=\"171\" data-end=\"277\">GFF-22 CNC p\u00e4\u0165hlav\u00fd stroj na oh\u00fdbanie pr\u00fatov | Zariadenie na presn\u00e9 tvarovanie strmienkov pre oce\u013eov\u00e9 ty\u010de 6-22 mm<\/h3>\n<h3 data-start=\"284\" data-end=\"362\">Preh\u013ead produktov - Oh\u00fdbanie \u0165a\u017ek\u00fdch strme\u0148ov pre v\u00e4\u010d\u0161\u00ed priemer v\u00fdstu\u017ee<a href=\"https:\/\/www.hsymachinery.com\/sk\/produkty\/pathlavy-stroj-na-ohybanie-tycovych-strmenov\/\" target=\"_blank\" rel=\"noopener\"><img fetchpriority=\"high\" decoding=\"async\" class=\"wp-image-9454 alignright\" src=\"https:\/\/www.hsymachinery.com\/wp-content\/uploads\/2025\/06\/5-Head-Rebar-Bender-for-Stirrup-225x300.jpg\" alt=\"\" width=\"401\" height=\"535\" srcset=\"https:\/\/www.hsymachinery.com\/wp-content\/uploads\/2025\/06\/5-Head-Rebar-Bender-for-Stirrup-225x300.jpg 225w, https:\/\/www.hsymachinery.com\/wp-content\/uploads\/2025\/06\/5-Head-Rebar-Bender-for-Stirrup-768x1024.jpg 768w, https:\/\/www.hsymachinery.com\/wp-content\/uploads\/2025\/06\/5-Head-Rebar-Bender-for-Stirrup-600x800.jpg 600w, https:\/\/www.hsymachinery.com\/wp-content\/uploads\/2025\/06\/5-Head-Rebar-Bender-for-Stirrup.jpg 800w\" sizes=\"(max-width: 401px) 100vw, 401px\" \/><\/a><\/h3>\n<p data-start=\"364\" data-end=\"706\">Str\u00e1nka <strong data-start=\"368\" data-end=\"418\">P\u00e4\u0165hlav\u00fd stroj na oh\u00fdbanie ty\u010d\u00ed GFF-22<\/strong> je robustn\u00fd a inteligentn\u00fd syst\u00e9m navrhnut\u00fd na spracovanie 6 a\u017e 22 mm oce\u013eov\u00fdch ty\u010d\u00ed do presn\u00fdch tvarov strme\u0148ov. V\u010faka piatim nez\u00e1visle ovl\u00e1dan\u00fdm oh\u00fdbac\u00edm ramen\u00e1m pon\u00faka GFF-22 v\u00e4\u010d\u0161iu flexibilitu, ktor\u00e1 pou\u017e\u00edvate\u013eom umo\u017e\u0148uje vytv\u00e1ra\u0165 v\u00e4\u010d\u0161ie a zlo\u017eitej\u0161ie konfigur\u00e1cie strme\u0148ov pri vysokej r\u00fdchlosti.<\/p>\n<p data-start=\"708\" data-end=\"895\">Tento model je obzvl\u00e1\u0161\u0165 \u00fa\u010dinn\u00fd pri projektoch infra\u0161trukt\u00fary, v diel\u0148ach na v\u00fdrobu ocele a v zariadeniach na hromadn\u00fa v\u00fdrobu v\u00fdstu\u017ee, kde s\u00fa v\u00fdkon a presnos\u0165 rovnako d\u00f4le\u017eit\u00e9.<\/p>\n<h3 data-start=\"902\" data-end=\"964\">\u00da\u010dinnos\u0165 riaden\u00e1 CNC s flexibiln\u00fdmi kon\u0161trukciami strme\u0148ov<\/h3>\n<p data-start=\"966\" data-end=\"1314\">Model GFF-22 integruje riadiaci syst\u00e9m CNC a p\u00e4\u0165 synchronizovan\u00fdch oh\u00fdbac\u00edch hl\u00e1v, \u010do umo\u017e\u0148uje plynul\u00fa a r\u00fdchlu v\u00fdrobu obd\u013a\u017enikov\u00fdch, \u0161tvorcov\u00fdch, U-tvarov alebo vlastn\u00fdch strme\u0148ov. Oper\u00e1tori m\u00f4\u017eu nastavova\u0165 uhly ohybu, polomer a d\u013a\u017eku ty\u010de priamo prostredn\u00edctvom rozhrania dotykovej obrazovky, \u010do umo\u017e\u0148uje programovanie d\u00e1vok a prep\u00ednanie \u00faloh v priebehu nieko\u013ek\u00fdch min\u00fat.<\/p>\n<p data-start=\"1316\" data-end=\"1474\">Syst\u00e9m poh\u00e1\u0148an\u00fd servopohonom zabezpe\u010duje n\u00edzke chybov\u00e9 rozp\u00e4tie a minim\u00e1lne mechanick\u00e9 opotrebenie, \u010do vedie k rovn\u00fdm a ostr\u00fdm ohybom r\u00f4znych typov ocele.<\/p>\n<h3 data-start=\"1481\" data-end=\"1537\">Navrhnut\u00e9 na vysokokapacitn\u00fa a dlhodob\u00fa prev\u00e1dzku<\/h3>\n<p data-start=\"1539\" data-end=\"1852\">Tento stroj je postaven\u00fd na zosilnenej kon\u0161truk\u010dnej oce\u013eovej platforme s proti\u00fanavovou kon\u0161trukciou, ktor\u00e1 zabezpe\u010duje spo\u013eahliv\u00fa funkciu aj pri nepretr\u017eitom pou\u017e\u00edvan\u00ed vysokou r\u00fdchlos\u0165ou. Je vybaven\u00fd automatick\u00fdm pod\u00e1van\u00edm ty\u010d\u00ed, centralizovan\u00fdm mazan\u00edm a syst\u00e9mami ochrany proti pre\u0165a\u017eeniu, ktor\u00e9 skracuj\u00fa prestoje a predl\u017euj\u00fa \u017eivotnos\u0165.<\/p>\n<p data-start=\"1854\" data-end=\"1991\">Nap\u00e1jac\u00ed vstup podporuje trojf\u00e1zov\u00e9 nap\u00e4tie 380 V (prisp\u00f4sobite\u013en\u00e9 pre export), v\u010faka \u010domu je GFF-22 ide\u00e1lny pre dom\u00e1ce aj medzin\u00e1rodn\u00e9 trhy.<\/p>\n<h3 data-start=\"1998\" data-end=\"2057\">K\u013e\u00fa\u010dov\u00e9 vlastnosti p\u00e4\u0165hlav\u00e9ho oh\u00fdba\u010da pr\u00fatov GFF-22<\/h3>\n<ul data-start=\"2059\" data-end=\"2383\">\n<li data-start=\"2059\" data-end=\"2114\">\n<p data-start=\"2061\" data-end=\"2114\">Oh\u00fdbanie 6-22 mm oce\u013eov\u00fdch ty\u010d\u00ed do zlo\u017eit\u00fdch tvarov strme\u0148ov<\/p>\n<\/li>\n<li data-start=\"2115\" data-end=\"2182\">\n<p data-start=\"2117\" data-end=\"2182\">P\u00e4\u0165 nez\u00e1visl\u00fdch hl\u00e1v zabezpe\u010duje synchronizovan\u00e9 viacbodov\u00e9 oh\u00fdbanie<\/p>\n<\/li>\n<li data-start=\"2183\" data-end=\"2245\">\n<p data-start=\"2185\" data-end=\"2245\">Vybaven\u00e9 rozhran\u00edm CNC a pam\u00e4\u0165ou na ukladanie tvarov<\/p>\n<\/li>\n<li data-start=\"2246\" data-end=\"2313\">\n<p data-start=\"2248\" data-end=\"2313\">Stabiln\u00fd r\u00e1m s automatick\u00fdm mazan\u00edm a ochranou proti pre\u0165a\u017eeniu<\/p>\n<\/li>\n<li data-start=\"2314\" data-end=\"2383\">\n<p data-start=\"2316\" data-end=\"2383\">Ide\u00e1lne na v\u00fdrobu s vysok\u00fdm v\u00fdkonom v stavebn\u00fdch a priemyseln\u00fdch projektoch<\/p>\n<\/li>\n<\/ul>\n<p><iframe title=\"Oh\u00fdba\u010dka v\u00fdstu\u017ee. Oh\u00fdba\u010dka v\u00fdstu\u017ee. Stroje na rezanie v\u00fdstu\u017ee #rebarbending #rebarbender #rebarcuttingmachine\" width=\"720\" height=\"405\" src=\"https:\/\/www.youtube.com\/embed\/wGf4SMojvYY?feature=oembed\" frameborder=\"0\" allow=\"accelerometer; autoplay; clipboard-write; encrypted-media; gyroscope; picture-in-picture; web-share\" referrerpolicy=\"strict-origin-when-cross-origin\" allowfullscreen><\/iframe><\/p>","protected":false},"excerpt":{"rendered":"<p>P\u00e4\u0165hlavov\u00e1 oh\u00fdba\u010dka strme\u0148ov GFF-22 formuje 6-22 mm armovaciu ty\u010d do presn\u00fdch strme\u0148ov. Je vybaven\u00fd CNC riaden\u00edm, r\u00fdchlym prep\u00ednan\u00edm \u00faloh a \u0165a\u017ekou kon\u0161trukciou pripravenou na export.<\/p>","protected":false},"featured_media":9036,"template":"","meta":{"_kad_post_transparent":"default","_kad_post_title":"","_kad_post_layout":"default","_kad_post_sidebar_id":"","_kad_post_content_style":"default","_kad_post_vertical_padding":"default","_kad_post_feature":"","_kad_post_feature_position":"","_kad_post_header":false,"_kad_post_footer":false},"product_brand":[],"product_cat":[60],"product_tag":[1039,1036,1038,1037,1035,1041,1040],"class_list":{"0":"post-9035","1":"product","2":"type-product","3":"status-publish","4":"has-post-thumbnail","6":"product_cat-five-head-rebar-stirrup-bending-machine","7":"product_tag-5-head-rebar-bender-for-stirrup","8":"product_tag-automatic-stirrup-bender-with-five-heads","9":"product_tag-cnc-stirrup-bending-equipment","10":"product_tag-high-speed-rebar-stirrup-machine","11":"product_tag-multi-head-rebar-stirrup-bending-machine","12":"product_tag-rebar-stirrup-forming-machine","13":"product_tag-steel-bar-stirrup-making-machine","15":"first","16":"instock","17":"featured","18":"shipping-taxable","19":"product-type-simple","20":"entry","21":"content-bg","22":"loop-entry"},"yoast_head":"<!-- This site is optimized with the Yoast SEO plugin v25.3.1 - https:\/\/yoast.com\/wordpress\/plugins\/seo\/ -->\n<title>Five-Head Rebar Stirrup Bending Machine GFF-22 - HSY Construction Machinery<\/title>\n<meta name=\"description\" content=\"The Five-Head Rebar Stirrup Bending Machine GFF-22 bends 6\u201322mm steel bars into stirrups. CNC-controlled, durable, and ideal for high-speed, industrial production.\" \/>\n<meta name=\"robots\" content=\"index, follow, max-snippet:-1, max-image-preview:large, max-video-preview:-1\" \/>\n<link rel=\"canonical\" href=\"https:\/\/www.hsymachinery.com\/sk\/produkt\/pathlavy-stroj-na-ohybanie-tyci-gff-22\/\" \/>\n<meta property=\"og:locale\" content=\"sk_SK\" \/>\n<meta property=\"og:type\" content=\"article\" \/>\n<meta property=\"og:title\" content=\"Five-Head Rebar Stirrup Bending Machine GFF-22 - HSY Construction Machinery\" \/>\n<meta property=\"og:description\" content=\"The Five-Head Rebar Stirrup Bending Machine GFF-22 bends 6\u201322mm steel bars into stirrups. CNC-controlled, durable, and ideal for high-speed, industrial production.\" \/>\n<meta property=\"og:url\" content=\"https:\/\/www.hsymachinery.com\/sk\/produkt\/pathlavy-stroj-na-ohybanie-tyci-gff-22\/\" \/>\n<meta property=\"og:site_name\" content=\"HSY Construction Machinery\" \/>\n<meta property=\"article:modified_time\" content=\"2025-06-28T03:54:06+00:00\" \/>\n<meta property=\"og:image\" content=\"https:\/\/www.hsymachinery.com\/wp-content\/uploads\/2025\/06\/Five-Head-Rebar-Stirrup-Bending-Machine-GFF-22.jpg\" \/>\n\t<meta property=\"og:image:width\" content=\"600\" \/>\n\t<meta property=\"og:image:height\" content=\"600\" \/>\n\t<meta property=\"og:image:type\" content=\"image\/jpeg\" \/>\n<meta name=\"twitter:card\" content=\"summary_large_image\" \/>\n<meta name=\"twitter:label1\" content=\"Predpokladan\u00fd \u010das \u010d\u00edtania\" \/>\n\t<meta name=\"twitter:data1\" content=\"2 min\u00faty\" \/>\n<script type=\"application\/ld+json\" class=\"yoast-schema-graph\">{\"@context\":\"https:\/\/schema.org\",\"@graph\":[{\"@type\":\"WebPage\",\"@id\":\"https:\/\/www.hsymachinery.com\/product\/five-head-rebar-stirrup-bending-machine-gff-22\/\",\"url\":\"https:\/\/www.hsymachinery.com\/product\/five-head-rebar-stirrup-bending-machine-gff-22\/\",\"name\":\"Five-Head Rebar Stirrup Bending Machine GFF-22 - HSY Construction Machinery\",\"isPartOf\":{\"@id\":\"https:\/\/www.hsymachinery.com\/#website\"},\"primaryImageOfPage\":{\"@id\":\"https:\/\/www.hsymachinery.com\/product\/five-head-rebar-stirrup-bending-machine-gff-22\/#primaryimage\"},\"image\":{\"@id\":\"https:\/\/www.hsymachinery.com\/product\/five-head-rebar-stirrup-bending-machine-gff-22\/#primaryimage\"},\"thumbnailUrl\":\"https:\/\/www.hsymachinery.com\/wp-content\/uploads\/2025\/06\/Five-Head-Rebar-Stirrup-Bending-Machine-GFF-22.jpg\",\"datePublished\":\"2025-06-18T06:51:23+00:00\",\"dateModified\":\"2025-06-28T03:54:06+00:00\",\"description\":\"The Five-Head Rebar Stirrup Bending Machine GFF-22 bends 6\u201322mm steel bars into stirrups. CNC-controlled, durable, and ideal for high-speed, industrial production.\",\"breadcrumb\":{\"@id\":\"https:\/\/www.hsymachinery.com\/product\/five-head-rebar-stirrup-bending-machine-gff-22\/#breadcrumb\"},\"inLanguage\":\"sk-SK\",\"potentialAction\":[{\"@type\":\"ReadAction\",\"target\":[\"https:\/\/www.hsymachinery.com\/product\/five-head-rebar-stirrup-bending-machine-gff-22\/\"]}]},{\"@type\":\"ImageObject\",\"inLanguage\":\"sk-SK\",\"@id\":\"https:\/\/www.hsymachinery.com\/product\/five-head-rebar-stirrup-bending-machine-gff-22\/#primaryimage\",\"url\":\"https:\/\/www.hsymachinery.com\/wp-content\/uploads\/2025\/06\/Five-Head-Rebar-Stirrup-Bending-Machine-GFF-22.jpg\",\"contentUrl\":\"https:\/\/www.hsymachinery.com\/wp-content\/uploads\/2025\/06\/Five-Head-Rebar-Stirrup-Bending-Machine-GFF-22.jpg\",\"width\":600,\"height\":600},{\"@type\":\"BreadcrumbList\",\"@id\":\"https:\/\/www.hsymachinery.com\/product\/five-head-rebar-stirrup-bending-machine-gff-22\/#breadcrumb\",\"itemListElement\":[{\"@type\":\"ListItem\",\"position\":1,\"name\":\"home\",\"item\":\"https:\/\/www.hsymachinery.com\/\"},{\"@type\":\"ListItem\",\"position\":2,\"name\":\"products\",\"item\":\"https:\/\/www.hsymachinery.com\/products\/\"},{\"@type\":\"ListItem\",\"position\":3,\"name\":\"Five-Head Rebar Stirrup Bending Machine GFF-22\"}]},{\"@type\":\"WebSite\",\"@id\":\"https:\/\/www.hsymachinery.com\/#website\",\"url\":\"https:\/\/www.hsymachinery.com\/\",\"name\":\"HSY Construction Machinery\",\"description\":\"HSY Machinery \u2013 A leading China construction machinery supplier, offering a wide range of light construction equipment. Our main products include Rebar Cutting Machine, Rebar Bending Machine, Rebar Stirrup Bending Machine, Rebar Arc Bending Machine, Rebar Straightening Machine, Five-Head Rebar Stirrup Bending Machine, Tamping Rammer, Plate Compactor, Concrete Cutter, Power Trowel, and other construction machinery. We are equipped with advanced CNC machines, and we enforce strict quality inspection standards along with comprehensive after-sales service. If you are interested in our products or services, we warmly welcome your inquiries via message.\",\"publisher\":{\"@id\":\"https:\/\/www.hsymachinery.com\/#organization\"},\"potentialAction\":[{\"@type\":\"SearchAction\",\"target\":{\"@type\":\"EntryPoint\",\"urlTemplate\":\"https:\/\/www.hsymachinery.com\/?s={search_term_string}\"},\"query-input\":{\"@type\":\"PropertyValueSpecification\",\"valueRequired\":true,\"valueName\":\"search_term_string\"}}],\"inLanguage\":\"sk-SK\"},{\"@type\":\"Organization\",\"@id\":\"https:\/\/www.hsymachinery.com\/#organization\",\"name\":\"HSY Construction Machinery\",\"url\":\"https:\/\/www.hsymachinery.com\/\",\"logo\":{\"@type\":\"ImageObject\",\"inLanguage\":\"sk-SK\",\"@id\":\"https:\/\/www.hsymachinery.com\/#\/schema\/logo\/image\/\",\"url\":\"https:\/\/www.hsymachinery.com\/wp-content\/uploads\/2025\/06\/cropped-HSY-machinery.png\",\"contentUrl\":\"https:\/\/www.hsymachinery.com\/wp-content\/uploads\/2025\/06\/cropped-HSY-machinery.png\",\"width\":600,\"height\":240,\"caption\":\"HSY Construction Machinery\"},\"image\":{\"@id\":\"https:\/\/www.hsymachinery.com\/#\/schema\/logo\/image\/\"}}]}<\/script>\n<!-- \/ Yoast SEO plugin. -->","yoast_head_json":{"title":"P\u00e4\u0165hlav\u00fd stroj na oh\u00fdbanie ty\u010d\u00ed GFF-22 - Stavebn\u00e9 stroje HSY","description":"P\u00e4\u0165hlavov\u00e1 oh\u00fdba\u010dka ty\u010d\u00ed GFF-22 oh\u00fdba oce\u013eov\u00e9 ty\u010de s priemerom 6-22 mm do strme\u0148ov. Je riaden\u00fd CNC, odoln\u00fd a ide\u00e1lny pre vysokor\u00fdchlostn\u00fa priemyseln\u00fa v\u00fdrobu.","robots":{"index":"index","follow":"follow","max-snippet":"max-snippet:-1","max-image-preview":"max-image-preview:large","max-video-preview":"max-video-preview:-1"},"canonical":"https:\/\/www.hsymachinery.com\/sk\/produkt\/pathlavy-stroj-na-ohybanie-tyci-gff-22\/","og_locale":"sk_SK","og_type":"article","og_title":"Five-Head Rebar Stirrup Bending Machine GFF-22 - HSY Construction Machinery","og_description":"The Five-Head Rebar Stirrup Bending Machine GFF-22 bends 6\u201322mm steel bars into stirrups. CNC-controlled, durable, and ideal for high-speed, industrial production.","og_url":"https:\/\/www.hsymachinery.com\/sk\/produkt\/pathlavy-stroj-na-ohybanie-tyci-gff-22\/","og_site_name":"HSY Construction Machinery","article_modified_time":"2025-06-28T03:54:06+00:00","og_image":[{"width":600,"height":600,"url":"https:\/\/www.hsymachinery.com\/wp-content\/uploads\/2025\/06\/Five-Head-Rebar-Stirrup-Bending-Machine-GFF-22.jpg","type":"image\/jpeg"}],"twitter_card":"summary_large_image","twitter_misc":{"Predpokladan\u00fd \u010das \u010d\u00edtania":"2 min\u00faty"},"schema":{"@context":"https:\/\/schema.org","@graph":[{"@type":"WebPage","@id":"https:\/\/www.hsymachinery.com\/product\/five-head-rebar-stirrup-bending-machine-gff-22\/","url":"https:\/\/www.hsymachinery.com\/product\/five-head-rebar-stirrup-bending-machine-gff-22\/","name":"P\u00e4\u0165hlav\u00fd stroj na oh\u00fdbanie ty\u010d\u00ed GFF-22 - Stavebn\u00e9 stroje HSY","isPartOf":{"@id":"https:\/\/www.hsymachinery.com\/#website"},"primaryImageOfPage":{"@id":"https:\/\/www.hsymachinery.com\/product\/five-head-rebar-stirrup-bending-machine-gff-22\/#primaryimage"},"image":{"@id":"https:\/\/www.hsymachinery.com\/product\/five-head-rebar-stirrup-bending-machine-gff-22\/#primaryimage"},"thumbnailUrl":"https:\/\/www.hsymachinery.com\/wp-content\/uploads\/2025\/06\/Five-Head-Rebar-Stirrup-Bending-Machine-GFF-22.jpg","datePublished":"2025-06-18T06:51:23+00:00","dateModified":"2025-06-28T03:54:06+00:00","description":"P\u00e4\u0165hlavov\u00e1 oh\u00fdba\u010dka ty\u010d\u00ed GFF-22 oh\u00fdba oce\u013eov\u00e9 ty\u010de s priemerom 6-22 mm do strme\u0148ov. Je riaden\u00fd CNC, odoln\u00fd a ide\u00e1lny pre vysokor\u00fdchlostn\u00fa priemyseln\u00fa v\u00fdrobu.","breadcrumb":{"@id":"https:\/\/www.hsymachinery.com\/product\/five-head-rebar-stirrup-bending-machine-gff-22\/#breadcrumb"},"inLanguage":"sk-SK","potentialAction":[{"@type":"ReadAction","target":["https:\/\/www.hsymachinery.com\/product\/five-head-rebar-stirrup-bending-machine-gff-22\/"]}]},{"@type":"ImageObject","inLanguage":"sk-SK","@id":"https:\/\/www.hsymachinery.com\/product\/five-head-rebar-stirrup-bending-machine-gff-22\/#primaryimage","url":"https:\/\/www.hsymachinery.com\/wp-content\/uploads\/2025\/06\/Five-Head-Rebar-Stirrup-Bending-Machine-GFF-22.jpg","contentUrl":"https:\/\/www.hsymachinery.com\/wp-content\/uploads\/2025\/06\/Five-Head-Rebar-Stirrup-Bending-Machine-GFF-22.jpg","width":600,"height":600},{"@type":"BreadcrumbList","@id":"https:\/\/www.hsymachinery.com\/product\/five-head-rebar-stirrup-bending-machine-gff-22\/#breadcrumb","itemListElement":[{"@type":"ListItem","position":1,"name":"home","item":"https:\/\/www.hsymachinery.com\/"},{"@type":"ListItem","position":2,"name":"products","item":"https:\/\/www.hsymachinery.com\/products\/"},{"@type":"ListItem","position":3,"name":"Five-Head Rebar Stirrup Bending Machine GFF-22"}]},{"@type":"WebSite","@id":"https:\/\/www.hsymachinery.com\/#website","url":"https:\/\/www.hsymachinery.com\/","name":"Stavebn\u00e9 stroje HSY","description":"HSY Machinery - popredn\u00fd dod\u00e1vate\u013e stavebn\u00fdch strojov v \u010c\u00edne, ktor\u00fd pon\u00faka \u0161irok\u00fd sortiment \u013eahk\u00fdch stavebn\u00fdch strojov. Medzi na\u0161e hlavn\u00e9 produkty patr\u00ed stroj na rezanie ty\u010d\u00ed, stroj na oh\u00fdbanie ty\u010d\u00ed, stroj na oh\u00fdbanie ty\u010d\u00ed, stroj na oh\u00fdbanie obl\u00fakov ty\u010d\u00ed, stroj na rovnanie ty\u010d\u00ed, p\u00e4\u0165hlav\u0148ov\u00fd stroj na oh\u00fdbanie ty\u010d\u00ed, podb\u00edja\u010dka, zhut\u0148ova\u010d dosiek, fr\u00e9za na bet\u00f3n, elektrick\u00e1 stierka a \u010fal\u0161ie stavebn\u00e9 stroje. Sme vybaven\u00ed modern\u00fdmi CNC strojmi a presadzujeme pr\u00edsne normy kontroly kvality spolu s komplexn\u00fdm popredajn\u00fdm servisom. Ak m\u00e1te z\u00e1ujem o na\u0161e v\u00fdrobky alebo slu\u017eby, srde\u010dne priv\u00edtame va\u0161e ot\u00e1zky prostredn\u00edctvom spr\u00e1vy.","publisher":{"@id":"https:\/\/www.hsymachinery.com\/#organization"},"potentialAction":[{"@type":"SearchAction","target":{"@type":"EntryPoint","urlTemplate":"https:\/\/www.hsymachinery.com\/?s={search_term_string}"},"query-input":{"@type":"PropertyValueSpecification","valueRequired":true,"valueName":"search_term_string"}}],"inLanguage":"sk-SK"},{"@type":"Organization","@id":"https:\/\/www.hsymachinery.com\/#organization","name":"Stavebn\u00e9 stroje HSY","url":"https:\/\/www.hsymachinery.com\/","logo":{"@type":"ImageObject","inLanguage":"sk-SK","@id":"https:\/\/www.hsymachinery.com\/#\/schema\/logo\/image\/","url":"https:\/\/www.hsymachinery.com\/wp-content\/uploads\/2025\/06\/cropped-HSY-machinery.png","contentUrl":"https:\/\/www.hsymachinery.com\/wp-content\/uploads\/2025\/06\/cropped-HSY-machinery.png","width":600,"height":240,"caption":"HSY Construction Machinery"},"image":{"@id":"https:\/\/www.hsymachinery.com\/#\/schema\/logo\/image\/"}}]}},"_links":{"self":[{"href":"https:\/\/www.hsymachinery.com\/sk\/wp-json\/wp\/v2\/product\/9035","targetHints":{"allow":["GET"]}}],"collection":[{"href":"https:\/\/www.hsymachinery.com\/sk\/wp-json\/wp\/v2\/product"}],"about":[{"href":"https:\/\/www.hsymachinery.com\/sk\/wp-json\/wp\/v2\/types\/product"}],"version-history":[{"count":3,"href":"https:\/\/www.hsymachinery.com\/sk\/wp-json\/wp\/v2\/product\/9035\/revisions"}],"predecessor-version":[{"id":9464,"href":"https:\/\/www.hsymachinery.com\/sk\/wp-json\/wp\/v2\/product\/9035\/revisions\/9464"}],"wp:featuredmedia":[{"embeddable":true,"href":"https:\/\/www.hsymachinery.com\/sk\/wp-json\/wp\/v2\/media\/9036"}],"wp:attachment":[{"href":"https:\/\/www.hsymachinery.com\/sk\/wp-json\/wp\/v2\/media?parent=9035"}],"wp:term":[{"taxonomy":"product_brand","embeddable":true,"href":"https:\/\/www.hsymachinery.com\/sk\/wp-json\/wp\/v2\/product_brand?post=9035"},{"taxonomy":"product_cat","embeddable":true,"href":"https:\/\/www.hsymachinery.com\/sk\/wp-json\/wp\/v2\/product_cat?post=9035"},{"taxonomy":"product_tag","embeddable":true,"href":"https:\/\/www.hsymachinery.com\/sk\/wp-json\/wp\/v2\/product_tag?post=9035"}],"curies":[{"name":"wp","href":"https:\/\/api.w.org\/{rel}","templated":true}]}}