{"id":9030,"date":"2025-06-18T14:39:16","date_gmt":"2025-06-18T06:39:16","guid":{"rendered":"https:\/\/www.hsymachinery.com\/?post_type=product&#038;p=9030"},"modified":"2025-06-28T11:42:45","modified_gmt":"2025-06-28T03:42:45","slug":"pathlavy-stroj-na-ohybanie-tyci-gff-18","status":"publish","type":"product","link":"https:\/\/www.hsymachinery.com\/sk\/produkt\/pathlavy-stroj-na-ohybanie-tyci-gff-18\/","title":{"rendered":"P\u00e4\u0165hlav\u00fd stroj na oh\u00fdbanie ty\u010d\u00ed GFF-18"},"content":{"rendered":"<h2 data-start=\"117\" data-end=\"171\">P\u00e4\u0165hlav\u00fd stroj na oh\u00fdbanie ty\u010d\u00ed GFF-18<\/h2>\n<h3 data-start=\"172\" data-end=\"271\">GFF-18 p\u00e4\u0165hlav\u00fd oh\u00fdba\u010d ty\u010d\u00ed | Vysokor\u00fdchlostn\u00fd CNC stroj na tvarovanie ty\u010d\u00ed pre ty\u010de 6-18 mm<\/h3>\n<h3 data-start=\"278\" data-end=\"345\">Preh\u013ead produktu - r\u00fdchla, presn\u00e1 a viacn\u00e1sobne efekt\u00edvna<a href=\"https:\/\/www.hsymachinery.com\/sk\/produkty\/pathlavy-stroj-na-ohybanie-tycovych-strmenov\/\" target=\"_blank\" rel=\"noopener\"><img fetchpriority=\"high\" decoding=\"async\" class=\"wp-image-9456 alignright\" src=\"https:\/\/www.hsymachinery.com\/wp-content\/uploads\/2025\/06\/CNC-Stirrup-Bending-Equipment-225x300.jpg\" alt=\"\" width=\"400\" height=\"533\" srcset=\"https:\/\/www.hsymachinery.com\/wp-content\/uploads\/2025\/06\/CNC-Stirrup-Bending-Equipment-225x300.jpg 225w, https:\/\/www.hsymachinery.com\/wp-content\/uploads\/2025\/06\/CNC-Stirrup-Bending-Equipment-768x1024.jpg 768w, https:\/\/www.hsymachinery.com\/wp-content\/uploads\/2025\/06\/CNC-Stirrup-Bending-Equipment-600x800.jpg 600w, https:\/\/www.hsymachinery.com\/wp-content\/uploads\/2025\/06\/CNC-Stirrup-Bending-Equipment.jpg 800w\" sizes=\"(max-width: 400px) 100vw, 400px\" \/><\/a><\/h3>\n<p data-start=\"347\" data-end=\"741\">Str\u00e1nka <strong data-start=\"351\" data-end=\"401\">P\u00e4\u0165hlav\u00fd stroj na oh\u00fdbanie ty\u010d\u00ed GFF-18<\/strong> je vysoko v\u00fdkonn\u00fd stroj ur\u010den\u00fd na presn\u00e9 oh\u00fdbanie oce\u013eov\u00fdch ty\u010d\u00ed s priemerom 6 a\u017e 18 mm do strme\u0148ov a zlo\u017eit\u00fdch tvarov. Je vybaven\u00fd piatimi nez\u00e1visl\u00fdmi oh\u00fdbac\u00edmi hlavami, ktor\u00e9 umo\u017e\u0148uj\u00fa s\u00fa\u010dasn\u00e9 alebo postupn\u00e9 oh\u00fdbanie, \u010d\u00edm sa v\u00fdrazne zvy\u0161uje produktivita na stavb\u00e1ch prefabrik\u00e1tov, v tov\u00e1r\u0148ach na v\u00fdrobu v\u00fdstu\u017ee a na stavb\u00e1ch.<\/p>\n<p data-start=\"743\" data-end=\"916\">V\u010faka programovate\u013en\u00e9mu logick\u00e9mu riadiacemu syst\u00e9mu (PLC) a automatickej prev\u00e1dzke tento stroj v\u00fdrazne obmedzuje manu\u00e1lnu pr\u00e1cu a z\u00e1rove\u0148 zvy\u0161uje presnos\u0165 tvaru a r\u00fdchlos\u0165 v\u00fdroby.<\/p>\n<h3 data-start=\"923\" data-end=\"980\">Flexibiln\u00e1 prev\u00e1dzka s viacer\u00fdmi hlavicami a spo\u013eahliv\u00fdm v\u00fdstupom<\/h3>\n<p data-start=\"982\" data-end=\"1308\">Ka\u017ed\u00e1 z piatich oh\u00fdbac\u00edch hl\u00e1v pracuje s nez\u00e1visl\u00fdmi motormi a synchronizovan\u00fdm pohybom, \u010do pon\u00faka flexibilitu pri oh\u00fdban\u00ed viacer\u00fdch strme\u0148ov naraz alebo pri vykon\u00e1van\u00ed zlo\u017eit\u00fdch uhlov v r\u00fdchlom slede za sebou. Stroj m\u00f4\u017eete naprogramova\u0165 na r\u00f4zne tvary a ve\u013ekosti, pri\u010dom parametre m\u00f4\u017eete nastavi\u0165 priamo z palubn\u00e9ho ovl\u00e1dacieho panela.<\/p>\n<p data-start=\"1310\" data-end=\"1558\">Jeho zosilnen\u00e9 oh\u00fdbacie ramen\u00e1, vysoko presn\u00e9 servomotory a odoln\u00e9 valce zabezpe\u010duj\u00fa konzistenciu pri ve\u013ekoobjemov\u00fdch oper\u00e1ci\u00e1ch. Model GFF-18 poskytuje bezkonkuren\u010dn\u00fd v\u00fdkon, \u010di u\u017e ide o v\u00fdrobu \u0161tvorcov\u00fdch, obd\u013a\u017enikov\u00fdch alebo vlastn\u00fdch strme\u0148ov.<\/p>\n<h3 data-start=\"1565\" data-end=\"1617\">Robustn\u00fd dizajn so stabilitou priemyselnej triedy<\/h3>\n<p data-start=\"1619\" data-end=\"1954\">Model GFF-18 je postaven\u00fd na odolnom oce\u013eovom r\u00e1me, ktor\u00fd odol\u00e1va vibr\u00e1ci\u00e1m a deform\u00e1ci\u00e1m po\u010das vysokor\u00fdchlostnej prev\u00e1dzky. Je navrhnut\u00fd na jednoduch\u00fa \u00fadr\u017ebu a dlh\u00fa \u017eivotnos\u0165, obsahuje syst\u00e9m automatick\u00e9ho mazania a displej s alarmom poruchy. Podporuje trojf\u00e1zov\u00e9 nap\u00e4tie (zvy\u010dajne 380 V, prisp\u00f4sobite\u013en\u00e9) na glob\u00e1lny export.<\/p>\n<p data-start=\"1956\" data-end=\"2082\">Tento stroj je ide\u00e1lny na s\u00e9riov\u00fa v\u00fdrobu strme\u0148ov a pom\u00e1ha v\u00fdrobcom \u013eahko dodr\u017eiava\u0165 n\u00e1ro\u010dn\u00e9 term\u00edny v\u00fdstavby.<\/p>\n<h3 data-start=\"2089\" data-end=\"2151\">K\u013e\u00fa\u010dov\u00e9 vlastnosti p\u00e4\u0165hlav\u00e9ho oh\u00fdbacieho stroja GFF-18<\/h3>\n<ul data-start=\"2153\" data-end=\"2472\">\n<li data-start=\"2153\" data-end=\"2208\">\n<p data-start=\"2155\" data-end=\"2208\">Oh\u00fdba 6-18 mm armovaciu ty\u010d do strme\u0148ov a zlo\u017eit\u00fdch tvarov<\/p>\n<\/li>\n<li data-start=\"2209\" data-end=\"2277\">\n<p data-start=\"2211\" data-end=\"2277\">M\u00e1 p\u00e4\u0165 synchronizovan\u00fdch oh\u00fdbac\u00edch hl\u00e1v na viacbodov\u00e9 tvarovanie<\/p>\n<\/li>\n<li data-start=\"2278\" data-end=\"2335\">\n<p data-start=\"2280\" data-end=\"2335\">Vybaven\u00e9 inteligentn\u00fdm riaden\u00edm PLC a dotykov\u00fdm panelom<\/p>\n<\/li>\n<li data-start=\"2336\" data-end=\"2399\">\n<p data-start=\"2338\" data-end=\"2399\">Odoln\u00fd r\u00e1m, automatick\u00e9 mazanie a diagnostika por\u00fach<\/p>\n<\/li>\n<li data-start=\"2400\" data-end=\"2472\">\n<p data-start=\"2402\" data-end=\"2472\">Vhodn\u00e9 na prefabrik\u00e1ciu a spracovanie v\u00fdstu\u017ee vo ve\u013ekom meradle<\/p>\n<\/li>\n<\/ul>\n<p><iframe title=\"Oh\u00fdba\u010dka ty\u010d\u00ed, oh\u00fdba\u010dka ty\u010d\u00ed, stroj na oh\u00fdbanie ty\u010d\u00ed, stroj na oh\u00fdbanie ty\u010d\u00ed, stroj na oh\u00fdbanie ty\u010d\u00ed\" width=\"720\" height=\"405\" src=\"https:\/\/www.youtube.com\/embed\/Xle14Q0gqpc?feature=oembed\" frameborder=\"0\" allow=\"accelerometer; autoplay; clipboard-write; encrypted-media; gyroscope; picture-in-picture; web-share\" referrerpolicy=\"strict-origin-when-cross-origin\" allowfullscreen><\/iframe><\/p>","protected":false},"excerpt":{"rendered":"<p>Stroj na oh\u00fdbanie strme\u0148ov GFF-18 vyu\u017e\u00edva p\u00e4\u0165 synchronizovan\u00fdch hl\u00e1v na efekt\u00edvne oh\u00fdbanie 6-18 mm ty\u010d\u00ed do strme\u0148ov. Ide\u00e1lny pre vysokor\u00fdchlostn\u00e9, ve\u013ekoobjemov\u00e9 v\u00fdrobn\u00e9 linky.<\/p>","protected":false},"featured_media":9033,"template":"","meta":{"_kad_post_transparent":"default","_kad_post_title":"","_kad_post_layout":"default","_kad_post_sidebar_id":"","_kad_post_content_style":"default","_kad_post_vertical_padding":"default","_kad_post_feature":"","_kad_post_feature_position":"","_kad_post_header":false,"_kad_post_footer":false},"product_brand":[],"product_cat":[60],"product_tag":[1039,1036,1038,1037,1035,1041,1040],"class_list":{"0":"post-9030","1":"product","2":"type-product","3":"status-publish","4":"has-post-thumbnail","6":"product_cat-five-head-rebar-stirrup-bending-machine","7":"product_tag-5-head-rebar-bender-for-stirrup","8":"product_tag-automatic-stirrup-bender-with-five-heads","9":"product_tag-cnc-stirrup-bending-equipment","10":"product_tag-high-speed-rebar-stirrup-machine","11":"product_tag-multi-head-rebar-stirrup-bending-machine","12":"product_tag-rebar-stirrup-forming-machine","13":"product_tag-steel-bar-stirrup-making-machine","15":"first","16":"instock","17":"shipping-taxable","18":"product-type-simple","19":"entry","20":"content-bg","21":"loop-entry"},"yoast_head":"<!-- This site is optimized with the Yoast SEO plugin v25.3.1 - https:\/\/yoast.com\/wordpress\/plugins\/seo\/ -->\n<title>Five-Head Rebar Stirrup Bending Machine GFF-18 - HSY Construction Machinery<\/title>\n<meta name=\"description\" content=\"GFF-18 Five-Head Stirrup Bending Machine bends 6\u201318mm rebar into stirrups with speed and precision. Features PLC control and multi-head efficiency.\" \/>\n<meta name=\"robots\" content=\"index, follow, max-snippet:-1, max-image-preview:large, max-video-preview:-1\" \/>\n<link rel=\"canonical\" href=\"https:\/\/www.hsymachinery.com\/sk\/produkt\/pathlavy-stroj-na-ohybanie-tyci-gff-18\/\" \/>\n<meta property=\"og:locale\" content=\"sk_SK\" \/>\n<meta property=\"og:type\" content=\"article\" \/>\n<meta property=\"og:title\" content=\"Five-Head Rebar Stirrup Bending Machine GFF-18 - HSY Construction Machinery\" \/>\n<meta property=\"og:description\" content=\"GFF-18 Five-Head Stirrup Bending Machine bends 6\u201318mm rebar into stirrups with speed and precision. Features PLC control and multi-head efficiency.\" \/>\n<meta property=\"og:url\" content=\"https:\/\/www.hsymachinery.com\/sk\/produkt\/pathlavy-stroj-na-ohybanie-tyci-gff-18\/\" \/>\n<meta property=\"og:site_name\" content=\"HSY Construction Machinery\" \/>\n<meta property=\"article:modified_time\" content=\"2025-06-28T03:42:45+00:00\" \/>\n<meta property=\"og:image\" content=\"https:\/\/www.hsymachinery.com\/wp-content\/uploads\/2025\/06\/Five-Head-Rebar-Stirrup-Bending-Machine-GFF-18-e1750229454438.jpg\" \/>\n\t<meta property=\"og:image:width\" content=\"600\" \/>\n\t<meta property=\"og:image:height\" content=\"600\" \/>\n\t<meta property=\"og:image:type\" content=\"image\/jpeg\" \/>\n<meta name=\"twitter:card\" content=\"summary_large_image\" \/>\n<meta name=\"twitter:label1\" content=\"Predpokladan\u00fd \u010das \u010d\u00edtania\" \/>\n\t<meta name=\"twitter:data1\" content=\"2 min\u00faty\" \/>\n<script type=\"application\/ld+json\" class=\"yoast-schema-graph\">{\"@context\":\"https:\/\/schema.org\",\"@graph\":[{\"@type\":\"WebPage\",\"@id\":\"https:\/\/www.hsymachinery.com\/product\/five-head-rebar-stirrup-bending-machine-gff-18\/\",\"url\":\"https:\/\/www.hsymachinery.com\/product\/five-head-rebar-stirrup-bending-machine-gff-18\/\",\"name\":\"Five-Head Rebar Stirrup Bending Machine GFF-18 - HSY Construction Machinery\",\"isPartOf\":{\"@id\":\"https:\/\/www.hsymachinery.com\/#website\"},\"primaryImageOfPage\":{\"@id\":\"https:\/\/www.hsymachinery.com\/product\/five-head-rebar-stirrup-bending-machine-gff-18\/#primaryimage\"},\"image\":{\"@id\":\"https:\/\/www.hsymachinery.com\/product\/five-head-rebar-stirrup-bending-machine-gff-18\/#primaryimage\"},\"thumbnailUrl\":\"https:\/\/www.hsymachinery.com\/wp-content\/uploads\/2025\/06\/Five-Head-Rebar-Stirrup-Bending-Machine-GFF-18-e1750229454438.jpg\",\"datePublished\":\"2025-06-18T06:39:16+00:00\",\"dateModified\":\"2025-06-28T03:42:45+00:00\",\"description\":\"GFF-18 Five-Head Stirrup Bending Machine bends 6\u201318mm rebar into stirrups with speed and precision. Features PLC control and multi-head efficiency.\",\"breadcrumb\":{\"@id\":\"https:\/\/www.hsymachinery.com\/product\/five-head-rebar-stirrup-bending-machine-gff-18\/#breadcrumb\"},\"inLanguage\":\"sk-SK\",\"potentialAction\":[{\"@type\":\"ReadAction\",\"target\":[\"https:\/\/www.hsymachinery.com\/product\/five-head-rebar-stirrup-bending-machine-gff-18\/\"]}]},{\"@type\":\"ImageObject\",\"inLanguage\":\"sk-SK\",\"@id\":\"https:\/\/www.hsymachinery.com\/product\/five-head-rebar-stirrup-bending-machine-gff-18\/#primaryimage\",\"url\":\"https:\/\/www.hsymachinery.com\/wp-content\/uploads\/2025\/06\/Five-Head-Rebar-Stirrup-Bending-Machine-GFF-18-e1750229454438.jpg\",\"contentUrl\":\"https:\/\/www.hsymachinery.com\/wp-content\/uploads\/2025\/06\/Five-Head-Rebar-Stirrup-Bending-Machine-GFF-18-e1750229454438.jpg\",\"width\":600,\"height\":600},{\"@type\":\"BreadcrumbList\",\"@id\":\"https:\/\/www.hsymachinery.com\/product\/five-head-rebar-stirrup-bending-machine-gff-18\/#breadcrumb\",\"itemListElement\":[{\"@type\":\"ListItem\",\"position\":1,\"name\":\"home\",\"item\":\"https:\/\/www.hsymachinery.com\/\"},{\"@type\":\"ListItem\",\"position\":2,\"name\":\"products\",\"item\":\"https:\/\/www.hsymachinery.com\/products\/\"},{\"@type\":\"ListItem\",\"position\":3,\"name\":\"Five-Head Rebar Stirrup Bending Machine GFF-18\"}]},{\"@type\":\"WebSite\",\"@id\":\"https:\/\/www.hsymachinery.com\/#website\",\"url\":\"https:\/\/www.hsymachinery.com\/\",\"name\":\"HSY Construction Machinery\",\"description\":\"HSY Machinery \u2013 A leading China construction machinery supplier, offering a wide range of light construction equipment. Our main products include Rebar Cutting Machine, Rebar Bending Machine, Rebar Stirrup Bending Machine, Rebar Arc Bending Machine, Rebar Straightening Machine, Five-Head Rebar Stirrup Bending Machine, Tamping Rammer, Plate Compactor, Concrete Cutter, Power Trowel, and other construction machinery. We are equipped with advanced CNC machines, and we enforce strict quality inspection standards along with comprehensive after-sales service. If you are interested in our products or services, we warmly welcome your inquiries via message.\",\"publisher\":{\"@id\":\"https:\/\/www.hsymachinery.com\/#organization\"},\"potentialAction\":[{\"@type\":\"SearchAction\",\"target\":{\"@type\":\"EntryPoint\",\"urlTemplate\":\"https:\/\/www.hsymachinery.com\/?s={search_term_string}\"},\"query-input\":{\"@type\":\"PropertyValueSpecification\",\"valueRequired\":true,\"valueName\":\"search_term_string\"}}],\"inLanguage\":\"sk-SK\"},{\"@type\":\"Organization\",\"@id\":\"https:\/\/www.hsymachinery.com\/#organization\",\"name\":\"HSY Construction Machinery\",\"url\":\"https:\/\/www.hsymachinery.com\/\",\"logo\":{\"@type\":\"ImageObject\",\"inLanguage\":\"sk-SK\",\"@id\":\"https:\/\/www.hsymachinery.com\/#\/schema\/logo\/image\/\",\"url\":\"https:\/\/www.hsymachinery.com\/wp-content\/uploads\/2025\/06\/cropped-HSY-machinery.png\",\"contentUrl\":\"https:\/\/www.hsymachinery.com\/wp-content\/uploads\/2025\/06\/cropped-HSY-machinery.png\",\"width\":600,\"height\":240,\"caption\":\"HSY Construction Machinery\"},\"image\":{\"@id\":\"https:\/\/www.hsymachinery.com\/#\/schema\/logo\/image\/\"}}]}<\/script>\n<!-- \/ Yoast SEO plugin. -->","yoast_head_json":{"title":"P\u00e4\u0165hlav\u00fd stroj na oh\u00fdbanie ty\u010d\u00ed GFF-18 - Stavebn\u00e9 stroje HSY","description":"P\u00e4\u0165hlavov\u00e1 oh\u00fdba\u010dka strme\u0148ov GFF-18 oh\u00fdba 6-18 mm ty\u010de do strme\u0148ov s r\u00fdchlos\u0165ou a presnos\u0165ou. Vyzna\u010duje sa riaden\u00edm PLC a \u00fa\u010dinnos\u0165ou viacer\u00fdch hl\u00e1v.","robots":{"index":"index","follow":"follow","max-snippet":"max-snippet:-1","max-image-preview":"max-image-preview:large","max-video-preview":"max-video-preview:-1"},"canonical":"https:\/\/www.hsymachinery.com\/sk\/produkt\/pathlavy-stroj-na-ohybanie-tyci-gff-18\/","og_locale":"sk_SK","og_type":"article","og_title":"Five-Head Rebar Stirrup Bending Machine GFF-18 - HSY Construction Machinery","og_description":"GFF-18 Five-Head Stirrup Bending Machine bends 6\u201318mm rebar into stirrups with speed and precision. Features PLC control and multi-head efficiency.","og_url":"https:\/\/www.hsymachinery.com\/sk\/produkt\/pathlavy-stroj-na-ohybanie-tyci-gff-18\/","og_site_name":"HSY Construction Machinery","article_modified_time":"2025-06-28T03:42:45+00:00","og_image":[{"width":600,"height":600,"url":"https:\/\/www.hsymachinery.com\/wp-content\/uploads\/2025\/06\/Five-Head-Rebar-Stirrup-Bending-Machine-GFF-18-e1750229454438.jpg","type":"image\/jpeg"}],"twitter_card":"summary_large_image","twitter_misc":{"Predpokladan\u00fd \u010das \u010d\u00edtania":"2 min\u00faty"},"schema":{"@context":"https:\/\/schema.org","@graph":[{"@type":"WebPage","@id":"https:\/\/www.hsymachinery.com\/product\/five-head-rebar-stirrup-bending-machine-gff-18\/","url":"https:\/\/www.hsymachinery.com\/product\/five-head-rebar-stirrup-bending-machine-gff-18\/","name":"P\u00e4\u0165hlav\u00fd stroj na oh\u00fdbanie ty\u010d\u00ed GFF-18 - Stavebn\u00e9 stroje HSY","isPartOf":{"@id":"https:\/\/www.hsymachinery.com\/#website"},"primaryImageOfPage":{"@id":"https:\/\/www.hsymachinery.com\/product\/five-head-rebar-stirrup-bending-machine-gff-18\/#primaryimage"},"image":{"@id":"https:\/\/www.hsymachinery.com\/product\/five-head-rebar-stirrup-bending-machine-gff-18\/#primaryimage"},"thumbnailUrl":"https:\/\/www.hsymachinery.com\/wp-content\/uploads\/2025\/06\/Five-Head-Rebar-Stirrup-Bending-Machine-GFF-18-e1750229454438.jpg","datePublished":"2025-06-18T06:39:16+00:00","dateModified":"2025-06-28T03:42:45+00:00","description":"P\u00e4\u0165hlavov\u00e1 oh\u00fdba\u010dka strme\u0148ov GFF-18 oh\u00fdba 6-18 mm ty\u010de do strme\u0148ov s r\u00fdchlos\u0165ou a presnos\u0165ou. Vyzna\u010duje sa riaden\u00edm PLC a \u00fa\u010dinnos\u0165ou viacer\u00fdch hl\u00e1v.","breadcrumb":{"@id":"https:\/\/www.hsymachinery.com\/product\/five-head-rebar-stirrup-bending-machine-gff-18\/#breadcrumb"},"inLanguage":"sk-SK","potentialAction":[{"@type":"ReadAction","target":["https:\/\/www.hsymachinery.com\/product\/five-head-rebar-stirrup-bending-machine-gff-18\/"]}]},{"@type":"ImageObject","inLanguage":"sk-SK","@id":"https:\/\/www.hsymachinery.com\/product\/five-head-rebar-stirrup-bending-machine-gff-18\/#primaryimage","url":"https:\/\/www.hsymachinery.com\/wp-content\/uploads\/2025\/06\/Five-Head-Rebar-Stirrup-Bending-Machine-GFF-18-e1750229454438.jpg","contentUrl":"https:\/\/www.hsymachinery.com\/wp-content\/uploads\/2025\/06\/Five-Head-Rebar-Stirrup-Bending-Machine-GFF-18-e1750229454438.jpg","width":600,"height":600},{"@type":"BreadcrumbList","@id":"https:\/\/www.hsymachinery.com\/product\/five-head-rebar-stirrup-bending-machine-gff-18\/#breadcrumb","itemListElement":[{"@type":"ListItem","position":1,"name":"home","item":"https:\/\/www.hsymachinery.com\/"},{"@type":"ListItem","position":2,"name":"products","item":"https:\/\/www.hsymachinery.com\/products\/"},{"@type":"ListItem","position":3,"name":"Five-Head Rebar Stirrup Bending Machine GFF-18"}]},{"@type":"WebSite","@id":"https:\/\/www.hsymachinery.com\/#website","url":"https:\/\/www.hsymachinery.com\/","name":"Stavebn\u00e9 stroje HSY","description":"HSY Machinery - popredn\u00fd dod\u00e1vate\u013e stavebn\u00fdch strojov v \u010c\u00edne, ktor\u00fd pon\u00faka \u0161irok\u00fd sortiment \u013eahk\u00fdch stavebn\u00fdch strojov. Medzi na\u0161e hlavn\u00e9 produkty patr\u00ed stroj na rezanie ty\u010d\u00ed, stroj na oh\u00fdbanie ty\u010d\u00ed, stroj na oh\u00fdbanie ty\u010d\u00ed, stroj na oh\u00fdbanie obl\u00fakov ty\u010d\u00ed, stroj na rovnanie ty\u010d\u00ed, p\u00e4\u0165hlav\u0148ov\u00fd stroj na oh\u00fdbanie ty\u010d\u00ed, podb\u00edja\u010dka, zhut\u0148ova\u010d dosiek, fr\u00e9za na bet\u00f3n, elektrick\u00e1 stierka a \u010fal\u0161ie stavebn\u00e9 stroje. Sme vybaven\u00ed modern\u00fdmi CNC strojmi a presadzujeme pr\u00edsne normy kontroly kvality spolu s komplexn\u00fdm popredajn\u00fdm servisom. Ak m\u00e1te z\u00e1ujem o na\u0161e v\u00fdrobky alebo slu\u017eby, srde\u010dne priv\u00edtame va\u0161e ot\u00e1zky prostredn\u00edctvom spr\u00e1vy.","publisher":{"@id":"https:\/\/www.hsymachinery.com\/#organization"},"potentialAction":[{"@type":"SearchAction","target":{"@type":"EntryPoint","urlTemplate":"https:\/\/www.hsymachinery.com\/?s={search_term_string}"},"query-input":{"@type":"PropertyValueSpecification","valueRequired":true,"valueName":"search_term_string"}}],"inLanguage":"sk-SK"},{"@type":"Organization","@id":"https:\/\/www.hsymachinery.com\/#organization","name":"Stavebn\u00e9 stroje HSY","url":"https:\/\/www.hsymachinery.com\/","logo":{"@type":"ImageObject","inLanguage":"sk-SK","@id":"https:\/\/www.hsymachinery.com\/#\/schema\/logo\/image\/","url":"https:\/\/www.hsymachinery.com\/wp-content\/uploads\/2025\/06\/cropped-HSY-machinery.png","contentUrl":"https:\/\/www.hsymachinery.com\/wp-content\/uploads\/2025\/06\/cropped-HSY-machinery.png","width":600,"height":240,"caption":"HSY Construction Machinery"},"image":{"@id":"https:\/\/www.hsymachinery.com\/#\/schema\/logo\/image\/"}}]}},"_links":{"self":[{"href":"https:\/\/www.hsymachinery.com\/sk\/wp-json\/wp\/v2\/product\/9030","targetHints":{"allow":["GET"]}}],"collection":[{"href":"https:\/\/www.hsymachinery.com\/sk\/wp-json\/wp\/v2\/product"}],"about":[{"href":"https:\/\/www.hsymachinery.com\/sk\/wp-json\/wp\/v2\/types\/product"}],"version-history":[{"count":7,"href":"https:\/\/www.hsymachinery.com\/sk\/wp-json\/wp\/v2\/product\/9030\/revisions"}],"predecessor-version":[{"id":9462,"href":"https:\/\/www.hsymachinery.com\/sk\/wp-json\/wp\/v2\/product\/9030\/revisions\/9462"}],"wp:featuredmedia":[{"embeddable":true,"href":"https:\/\/www.hsymachinery.com\/sk\/wp-json\/wp\/v2\/media\/9033"}],"wp:attachment":[{"href":"https:\/\/www.hsymachinery.com\/sk\/wp-json\/wp\/v2\/media?parent=9030"}],"wp:term":[{"taxonomy":"product_brand","embeddable":true,"href":"https:\/\/www.hsymachinery.com\/sk\/wp-json\/wp\/v2\/product_brand?post=9030"},{"taxonomy":"product_cat","embeddable":true,"href":"https:\/\/www.hsymachinery.com\/sk\/wp-json\/wp\/v2\/product_cat?post=9030"},{"taxonomy":"product_tag","embeddable":true,"href":"https:\/\/www.hsymachinery.com\/sk\/wp-json\/wp\/v2\/product_tag?post=9030"}],"curies":[{"name":"wp","href":"https:\/\/api.w.org\/{rel}","templated":true}]}}