{"id":8995,"date":"2025-06-18T12:28:44","date_gmt":"2025-06-18T04:28:44","guid":{"rendered":"https:\/\/www.hsymachinery.com\/?post_type=product&#038;p=8995"},"modified":"2025-06-27T22:55:02","modified_gmt":"2025-06-27T14:55:02","slug":"oblukovy-ohybaci-stroj-na-vystuze-gwh45","status":"publish","type":"product","link":"https:\/\/www.hsymachinery.com\/sk\/produkt\/oblukovy-ohybaci-stroj-na-vystuze-gwh45\/","title":{"rendered":"Obl\u00fakov\u00fd oh\u00fdbac\u00ed stroj GWH45"},"content":{"rendered":"<h2 data-start=\"115\" data-end=\"154\">Obl\u00fakov\u00fd oh\u00fdbac\u00ed stroj GWH45<\/h2>\n<h3 data-start=\"155\" data-end=\"274\">GWH45 Heavy Rebar Arc Bender pre 20-45mm oce\u013eov\u00e9 ty\u010de | Presn\u00fd stroj na oh\u00fdbanie kriviek pre stavebn\u00e9 projekty<\/h3>\n<h3 data-start=\"281\" data-end=\"362\">Preh\u013ead produktu - R\u00fdchla a presn\u00e1 manipul\u00e1cia s obl\u00fakmi ty\u010d\u00ed s ve\u013ek\u00fdm priemerom<\/h3>\n<p data-start=\"364\" data-end=\"696\">Str\u00e1nka <strong data-start=\"368\" data-end=\"403\"><a href=\"https:\/\/www.hsymachinery.com\/sk\/produkty\/oblukovy-ohybaci-stroj-na-vystuze\/\" target=\"_blank\" rel=\"noopener\">Obl\u00fakov\u00fd oh\u00fdbac\u00ed stroj na v\u00fdstu\u017e<\/a> GWH45<\/strong> efekt\u00edvne oh\u00fdba 20 mm a\u017e 45 mm oce\u013eov\u00e9 v\u00fdstu\u017en\u00e9 ty\u010de do obl\u00fakov, polkruhov a vlastn\u00fdch zakriven\u00fdch tvarov. Podporuje n\u00e1ro\u010dn\u00e9 \u00falohy v oblasti civilnej infra\u0161trukt\u00fary, v\u00fdroby prefabrikovan\u00fdch komponentov a segmentov ostenia tunelov, kde sa musia konzistentne a presne formova\u0165 hrub\u00e9 v\u00fdstu\u017en\u00e9 pr\u00faty.<\/p>\n<p data-start=\"698\" data-end=\"802\">M\u00f4\u017eete sa spo\u013eahn\u00fa\u0165, \u017ee tento stroj poskytne hrub\u00fd v\u00fdkon aj presnos\u0165 oh\u00fdbania v jednom spo\u013eahlivom balen\u00ed.<\/p>\n<h3 data-start=\"809\" data-end=\"866\">Nastavite\u013en\u00fd polomer ohybu a siln\u00fd v\u00fdstupn\u00fd kr\u00fatiaci moment<\/h3>\n<p data-start=\"868\" data-end=\"1112\">Medzeru medzi valcami a polohu obl\u00faka na stroji GWH45 m\u00f4\u017eete upravi\u0165 tak, aby zodpovedali po\u017eadovan\u00fdm nastaveniam polomeru. Jeho zosilnen\u00fd motor a prevodovka s vysok\u00fdm za\u0165a\u017een\u00edm rovnomerne aplikuj\u00fa siln\u00fd kr\u00fatiaci moment, \u010do umo\u017e\u0148uje \u010dist\u00e9 ohyby ve\u013ek\u00fdch ty\u010d\u00ed bez praskania alebo splo\u0161tenia.<\/p>\n<p data-start=\"1114\" data-end=\"1346\">V z\u00e1vislosti od nastavenia v\u00e1\u0161ho t\u00edmu si m\u00f4\u017eete vybra\u0165 medzi manu\u00e1lnou rukov\u00e4\u0165ou alebo no\u017en\u00fdm ped\u00e1lom. Jeho stabiln\u00e1 kon\u0161trukcia zaru\u010duje, \u017ee stroj zostane po\u010das prev\u00e1dzky pevne na mieste, a to aj pri manipul\u00e1cii s naj\u0165a\u017e\u0161\u00edmi ve\u013ekos\u0165ami ty\u010d\u00ed.<\/p>\n<h3 data-start=\"1353\" data-end=\"1398\">Vyroben\u00e9 pre medzin\u00e1rodn\u00e9 projekty<\/h3>\n<p data-start=\"1400\" data-end=\"1677\">Model GWH45 m\u00e1 celooce\u013eov\u00e9 telo, ktor\u00e9 je navrhnut\u00e9 tak, aby odol\u00e1valo \u00fanave v podmienkach nepretr\u017eitej prev\u00e1dzky. M\u00f4\u017eete ho premiest\u0148ova\u0165 na mieste pomocou \u0165a\u017ek\u00fdch koliesok, zatia\u013e \u010do podpora dvoch nap\u00e4t\u00ed (220 V\/380 V, 50\/60 Hz) umo\u017e\u0148uje bezprobl\u00e9mov\u00fa integr\u00e1ciu do energetick\u00fdch syst\u00e9mov po celom svete.<\/p>\n<p data-start=\"1679\" data-end=\"1800\">Ak potrebujete vyr\u00e1ba\u0165 presn\u00e9 zakriven\u00e9 formy na v\u00fdstu\u017ee vo ve\u013ek\u00fdch objemoch, model GWH45 je pripraven\u00fd na t\u00fato pr\u00e1cu - kdeko\u013evek na svete.<\/p>\n<h3 data-start=\"1807\" data-end=\"1860\">K\u013e\u00fa\u010dov\u00e9 vlastnosti oh\u00fdba\u010dky obl\u00fakov GWH45<\/h3>\n<ul data-start=\"1862\" data-end=\"2125\">\n<li data-start=\"1862\" data-end=\"1911\">\n<p data-start=\"1864\" data-end=\"1911\">Oh\u00fdba 20-45 mm armovaciu ty\u010d do obl\u00fakov a zakriven\u00fdch tvarov<\/p>\n<\/li>\n<li data-start=\"1912\" data-end=\"1990\">\n<p data-start=\"1914\" data-end=\"1990\">Ide\u00e1lne pre \u0165a\u017ek\u00e9 stavebn\u00e9 projekty, ako s\u00fa tunely, metro a prefabrik\u00e1ty<\/p>\n<\/li>\n<li data-start=\"1991\" data-end=\"2061\">\n<p data-start=\"1993\" data-end=\"2061\">Siln\u00fd motor a stabiln\u00fd r\u00e1m pre spo\u013eahliv\u00fd a opakovate\u013en\u00fd v\u00fdkon<\/p>\n<\/li>\n<li data-start=\"2062\" data-end=\"2125\">\n<p data-start=\"2064\" data-end=\"2125\">Du\u00e1lne mo\u017enosti ovl\u00e1dania a konfigur\u00e1cia nap\u00e4tia pripraven\u00e1 na export<\/p>\n<\/li>\n<\/ul>\n<p><iframe title=\"# stavebn\u00fd robotn\u00edk # stavebn\u00fd robotn\u00edk # stavebn\u00fd stroj # stavebn\u00fd stroj # stavebn\u00fd stroj # stavebn\u00fd stroj # stavebn\u00fd stroj # stavebn\u00fd stroj\" width=\"720\" height=\"405\" src=\"https:\/\/www.youtube.com\/embed\/kZFU0Z3IPgM?feature=oembed\" frameborder=\"0\" allow=\"accelerometer; autoplay; clipboard-write; encrypted-media; gyroscope; picture-in-picture; web-share\" referrerpolicy=\"strict-origin-when-cross-origin\" allowfullscreen><\/iframe><\/p>","protected":false},"excerpt":{"rendered":"<p>Obl\u00fakov\u00fd oh\u00fdbac\u00ed stroj GWH45 \u013eahko oh\u00fdba 20-45 mm oce\u013eov\u00e9 ty\u010de. Je ur\u010den\u00fd na pr\u00e1ce v tuneloch a infra\u0161trukt\u00fare, pon\u00faka vysok\u00fd kr\u00fatiaci moment, presn\u00e9 oh\u00fdbanie a podporu glob\u00e1lneho nap\u00e4tia.<\/p>","protected":false},"featured_media":8996,"template":"","meta":{"_kad_post_transparent":"default","_kad_post_title":"","_kad_post_layout":"default","_kad_post_sidebar_id":"","_kad_post_content_style":"default","_kad_post_vertical_padding":"default","_kad_post_feature":"","_kad_post_feature_position":"","_kad_post_header":false,"_kad_post_footer":false},"product_brand":[],"product_cat":[54],"product_tag":[1022,1016,1024,1018,1023,1017,1019,1021,1020,1015],"class_list":{"0":"post-8995","1":"product","2":"type-product","3":"status-publish","4":"has-post-thumbnail","6":"product_cat-rebar-arc-bending-machine","7":"product_tag-arc-shape-bending-machine-for-rebar","8":"product_tag-automatic-rebar-arc-bender","9":"product_tag-bar-arc-bending-machine-for-construction","10":"product_tag-cnc-rebar-arc-bending-equipment","11":"product_tag-curved-rebar-bending-tool","12":"product_tag-hydraulic-arc-bending-machine","13":"product_tag-rebar-circular-bending-machine","14":"product_tag-rebar-radius-bending-machine","15":"product_tag-round-bending-machine-for-steel-bars","16":"product_tag-steel-arc-bending-machine","18":"first","19":"instock","20":"shipping-taxable","21":"product-type-simple","22":"entry","23":"content-bg","24":"loop-entry"},"yoast_head":"<!-- This site is optimized with the Yoast SEO plugin v25.3.1 - https:\/\/yoast.com\/wordpress\/plugins\/seo\/ -->\n<title>Rebar Arc Bending Machine GWH45 - HSY Construction Machinery<\/title>\n<meta name=\"description\" content=\"Rebar Arc Bending Machine GWH45 bends 20\u201345mm rebar into arcs. Perfect for civil projects and exports, with strong torque and high bending accuracy.\" \/>\n<meta name=\"robots\" content=\"index, follow, max-snippet:-1, max-image-preview:large, max-video-preview:-1\" \/>\n<link rel=\"canonical\" href=\"https:\/\/www.hsymachinery.com\/sk\/produkt\/oblukovy-ohybaci-stroj-na-vystuze-gwh45\/\" \/>\n<meta property=\"og:locale\" content=\"sk_SK\" \/>\n<meta property=\"og:type\" content=\"article\" \/>\n<meta property=\"og:title\" content=\"Rebar Arc Bending Machine GWH45 - HSY Construction Machinery\" \/>\n<meta property=\"og:description\" content=\"Rebar Arc Bending Machine GWH45 bends 20\u201345mm rebar into arcs. Perfect for civil projects and exports, with strong torque and high bending accuracy.\" \/>\n<meta property=\"og:url\" content=\"https:\/\/www.hsymachinery.com\/sk\/produkt\/oblukovy-ohybaci-stroj-na-vystuze-gwh45\/\" \/>\n<meta property=\"og:site_name\" content=\"HSY Construction Machinery\" \/>\n<meta property=\"article:modified_time\" content=\"2025-06-27T14:55:02+00:00\" \/>\n<meta property=\"og:image\" content=\"https:\/\/www.hsymachinery.com\/wp-content\/uploads\/2025\/06\/Rebar-Arc-Bending-Machine-GWH45.jpg\" \/>\n\t<meta property=\"og:image:width\" content=\"600\" \/>\n\t<meta property=\"og:image:height\" content=\"600\" \/>\n\t<meta property=\"og:image:type\" content=\"image\/jpeg\" \/>\n<meta name=\"twitter:card\" content=\"summary_large_image\" \/>\n<meta name=\"twitter:label1\" content=\"Predpokladan\u00fd \u010das \u010d\u00edtania\" \/>\n\t<meta name=\"twitter:data1\" content=\"2 min\u00faty\" \/>\n<script type=\"application\/ld+json\" class=\"yoast-schema-graph\">{\"@context\":\"https:\/\/schema.org\",\"@graph\":[{\"@type\":\"WebPage\",\"@id\":\"https:\/\/www.hsymachinery.com\/product\/rebar-arc-bending-machine-gwh45\/\",\"url\":\"https:\/\/www.hsymachinery.com\/product\/rebar-arc-bending-machine-gwh45\/\",\"name\":\"Rebar Arc Bending Machine GWH45 - HSY Construction Machinery\",\"isPartOf\":{\"@id\":\"https:\/\/www.hsymachinery.com\/#website\"},\"primaryImageOfPage\":{\"@id\":\"https:\/\/www.hsymachinery.com\/product\/rebar-arc-bending-machine-gwh45\/#primaryimage\"},\"image\":{\"@id\":\"https:\/\/www.hsymachinery.com\/product\/rebar-arc-bending-machine-gwh45\/#primaryimage\"},\"thumbnailUrl\":\"https:\/\/www.hsymachinery.com\/wp-content\/uploads\/2025\/06\/Rebar-Arc-Bending-Machine-GWH45.jpg\",\"datePublished\":\"2025-06-18T04:28:44+00:00\",\"dateModified\":\"2025-06-27T14:55:02+00:00\",\"description\":\"Rebar Arc Bending Machine GWH45 bends 20\u201345mm rebar into arcs. Perfect for civil projects and exports, with strong torque and high bending accuracy.\",\"breadcrumb\":{\"@id\":\"https:\/\/www.hsymachinery.com\/product\/rebar-arc-bending-machine-gwh45\/#breadcrumb\"},\"inLanguage\":\"sk-SK\",\"potentialAction\":[{\"@type\":\"ReadAction\",\"target\":[\"https:\/\/www.hsymachinery.com\/product\/rebar-arc-bending-machine-gwh45\/\"]}]},{\"@type\":\"ImageObject\",\"inLanguage\":\"sk-SK\",\"@id\":\"https:\/\/www.hsymachinery.com\/product\/rebar-arc-bending-machine-gwh45\/#primaryimage\",\"url\":\"https:\/\/www.hsymachinery.com\/wp-content\/uploads\/2025\/06\/Rebar-Arc-Bending-Machine-GWH45.jpg\",\"contentUrl\":\"https:\/\/www.hsymachinery.com\/wp-content\/uploads\/2025\/06\/Rebar-Arc-Bending-Machine-GWH45.jpg\",\"width\":600,\"height\":600},{\"@type\":\"BreadcrumbList\",\"@id\":\"https:\/\/www.hsymachinery.com\/product\/rebar-arc-bending-machine-gwh45\/#breadcrumb\",\"itemListElement\":[{\"@type\":\"ListItem\",\"position\":1,\"name\":\"home\",\"item\":\"https:\/\/www.hsymachinery.com\/\"},{\"@type\":\"ListItem\",\"position\":2,\"name\":\"products\",\"item\":\"https:\/\/www.hsymachinery.com\/products\/\"},{\"@type\":\"ListItem\",\"position\":3,\"name\":\"Rebar Arc Bending Machine GWH45\"}]},{\"@type\":\"WebSite\",\"@id\":\"https:\/\/www.hsymachinery.com\/#website\",\"url\":\"https:\/\/www.hsymachinery.com\/\",\"name\":\"HSY Construction Machinery\",\"description\":\"HSY Machinery \u2013 A leading China construction machinery supplier, offering a wide range of light construction equipment. Our main products include Rebar Cutting Machine, Rebar Bending Machine, Rebar Stirrup Bending Machine, Rebar Arc Bending Machine, Rebar Straightening Machine, Five-Head Rebar Stirrup Bending Machine, Tamping Rammer, Plate Compactor, Concrete Cutter, Power Trowel, and other construction machinery. We are equipped with advanced CNC machines, and we enforce strict quality inspection standards along with comprehensive after-sales service. If you are interested in our products or services, we warmly welcome your inquiries via message.\",\"publisher\":{\"@id\":\"https:\/\/www.hsymachinery.com\/#organization\"},\"potentialAction\":[{\"@type\":\"SearchAction\",\"target\":{\"@type\":\"EntryPoint\",\"urlTemplate\":\"https:\/\/www.hsymachinery.com\/?s={search_term_string}\"},\"query-input\":{\"@type\":\"PropertyValueSpecification\",\"valueRequired\":true,\"valueName\":\"search_term_string\"}}],\"inLanguage\":\"sk-SK\"},{\"@type\":\"Organization\",\"@id\":\"https:\/\/www.hsymachinery.com\/#organization\",\"name\":\"HSY Construction Machinery\",\"url\":\"https:\/\/www.hsymachinery.com\/\",\"logo\":{\"@type\":\"ImageObject\",\"inLanguage\":\"sk-SK\",\"@id\":\"https:\/\/www.hsymachinery.com\/#\/schema\/logo\/image\/\",\"url\":\"https:\/\/www.hsymachinery.com\/wp-content\/uploads\/2025\/06\/cropped-HSY-machinery.png\",\"contentUrl\":\"https:\/\/www.hsymachinery.com\/wp-content\/uploads\/2025\/06\/cropped-HSY-machinery.png\",\"width\":600,\"height\":240,\"caption\":\"HSY Construction Machinery\"},\"image\":{\"@id\":\"https:\/\/www.hsymachinery.com\/#\/schema\/logo\/image\/\"}}]}<\/script>\n<!-- \/ Yoast SEO plugin. -->","yoast_head_json":{"title":"Obl\u00fakov\u00fd oh\u00fdbac\u00ed stroj GWH45 - Stavebn\u00e9 stroje HSY","description":"Obl\u00fakov\u00fd oh\u00fdba\u010d v\u00fdstu\u017ee GWH45 oh\u00fdba 20-45 mm v\u00fdstu\u017ee do obl\u00fakov. Ide\u00e1lny pre stavebn\u00e9 projekty a export, so siln\u00fdm kr\u00fatiacim momentom a vysokou presnos\u0165ou oh\u00fdbania.","robots":{"index":"index","follow":"follow","max-snippet":"max-snippet:-1","max-image-preview":"max-image-preview:large","max-video-preview":"max-video-preview:-1"},"canonical":"https:\/\/www.hsymachinery.com\/sk\/produkt\/oblukovy-ohybaci-stroj-na-vystuze-gwh45\/","og_locale":"sk_SK","og_type":"article","og_title":"Rebar Arc Bending Machine GWH45 - HSY Construction Machinery","og_description":"Rebar Arc Bending Machine GWH45 bends 20\u201345mm rebar into arcs. Perfect for civil projects and exports, with strong torque and high bending accuracy.","og_url":"https:\/\/www.hsymachinery.com\/sk\/produkt\/oblukovy-ohybaci-stroj-na-vystuze-gwh45\/","og_site_name":"HSY Construction Machinery","article_modified_time":"2025-06-27T14:55:02+00:00","og_image":[{"width":600,"height":600,"url":"https:\/\/www.hsymachinery.com\/wp-content\/uploads\/2025\/06\/Rebar-Arc-Bending-Machine-GWH45.jpg","type":"image\/jpeg"}],"twitter_card":"summary_large_image","twitter_misc":{"Predpokladan\u00fd \u010das \u010d\u00edtania":"2 min\u00faty"},"schema":{"@context":"https:\/\/schema.org","@graph":[{"@type":"WebPage","@id":"https:\/\/www.hsymachinery.com\/product\/rebar-arc-bending-machine-gwh45\/","url":"https:\/\/www.hsymachinery.com\/product\/rebar-arc-bending-machine-gwh45\/","name":"Obl\u00fakov\u00fd oh\u00fdbac\u00ed stroj GWH45 - Stavebn\u00e9 stroje HSY","isPartOf":{"@id":"https:\/\/www.hsymachinery.com\/#website"},"primaryImageOfPage":{"@id":"https:\/\/www.hsymachinery.com\/product\/rebar-arc-bending-machine-gwh45\/#primaryimage"},"image":{"@id":"https:\/\/www.hsymachinery.com\/product\/rebar-arc-bending-machine-gwh45\/#primaryimage"},"thumbnailUrl":"https:\/\/www.hsymachinery.com\/wp-content\/uploads\/2025\/06\/Rebar-Arc-Bending-Machine-GWH45.jpg","datePublished":"2025-06-18T04:28:44+00:00","dateModified":"2025-06-27T14:55:02+00:00","description":"Obl\u00fakov\u00fd oh\u00fdba\u010d v\u00fdstu\u017ee GWH45 oh\u00fdba 20-45 mm v\u00fdstu\u017ee do obl\u00fakov. Ide\u00e1lny pre stavebn\u00e9 projekty a export, so siln\u00fdm kr\u00fatiacim momentom a vysokou presnos\u0165ou oh\u00fdbania.","breadcrumb":{"@id":"https:\/\/www.hsymachinery.com\/product\/rebar-arc-bending-machine-gwh45\/#breadcrumb"},"inLanguage":"sk-SK","potentialAction":[{"@type":"ReadAction","target":["https:\/\/www.hsymachinery.com\/product\/rebar-arc-bending-machine-gwh45\/"]}]},{"@type":"ImageObject","inLanguage":"sk-SK","@id":"https:\/\/www.hsymachinery.com\/product\/rebar-arc-bending-machine-gwh45\/#primaryimage","url":"https:\/\/www.hsymachinery.com\/wp-content\/uploads\/2025\/06\/Rebar-Arc-Bending-Machine-GWH45.jpg","contentUrl":"https:\/\/www.hsymachinery.com\/wp-content\/uploads\/2025\/06\/Rebar-Arc-Bending-Machine-GWH45.jpg","width":600,"height":600},{"@type":"BreadcrumbList","@id":"https:\/\/www.hsymachinery.com\/product\/rebar-arc-bending-machine-gwh45\/#breadcrumb","itemListElement":[{"@type":"ListItem","position":1,"name":"home","item":"https:\/\/www.hsymachinery.com\/"},{"@type":"ListItem","position":2,"name":"products","item":"https:\/\/www.hsymachinery.com\/products\/"},{"@type":"ListItem","position":3,"name":"Rebar Arc Bending Machine GWH45"}]},{"@type":"WebSite","@id":"https:\/\/www.hsymachinery.com\/#website","url":"https:\/\/www.hsymachinery.com\/","name":"Stavebn\u00e9 stroje HSY","description":"HSY Machinery - popredn\u00fd dod\u00e1vate\u013e stavebn\u00fdch strojov v \u010c\u00edne, ktor\u00fd pon\u00faka \u0161irok\u00fd sortiment \u013eahk\u00fdch stavebn\u00fdch strojov. Medzi na\u0161e hlavn\u00e9 produkty patr\u00ed stroj na rezanie ty\u010d\u00ed, stroj na oh\u00fdbanie ty\u010d\u00ed, stroj na oh\u00fdbanie ty\u010d\u00ed, stroj na oh\u00fdbanie obl\u00fakov ty\u010d\u00ed, stroj na rovnanie ty\u010d\u00ed, p\u00e4\u0165hlav\u0148ov\u00fd stroj na oh\u00fdbanie ty\u010d\u00ed, podb\u00edja\u010dka, zhut\u0148ova\u010d dosiek, fr\u00e9za na bet\u00f3n, elektrick\u00e1 stierka a \u010fal\u0161ie stavebn\u00e9 stroje. Sme vybaven\u00ed modern\u00fdmi CNC strojmi a presadzujeme pr\u00edsne normy kontroly kvality spolu s komplexn\u00fdm popredajn\u00fdm servisom. Ak m\u00e1te z\u00e1ujem o na\u0161e v\u00fdrobky alebo slu\u017eby, srde\u010dne priv\u00edtame va\u0161e ot\u00e1zky prostredn\u00edctvom spr\u00e1vy.","publisher":{"@id":"https:\/\/www.hsymachinery.com\/#organization"},"potentialAction":[{"@type":"SearchAction","target":{"@type":"EntryPoint","urlTemplate":"https:\/\/www.hsymachinery.com\/?s={search_term_string}"},"query-input":{"@type":"PropertyValueSpecification","valueRequired":true,"valueName":"search_term_string"}}],"inLanguage":"sk-SK"},{"@type":"Organization","@id":"https:\/\/www.hsymachinery.com\/#organization","name":"Stavebn\u00e9 stroje HSY","url":"https:\/\/www.hsymachinery.com\/","logo":{"@type":"ImageObject","inLanguage":"sk-SK","@id":"https:\/\/www.hsymachinery.com\/#\/schema\/logo\/image\/","url":"https:\/\/www.hsymachinery.com\/wp-content\/uploads\/2025\/06\/cropped-HSY-machinery.png","contentUrl":"https:\/\/www.hsymachinery.com\/wp-content\/uploads\/2025\/06\/cropped-HSY-machinery.png","width":600,"height":240,"caption":"HSY Construction Machinery"},"image":{"@id":"https:\/\/www.hsymachinery.com\/#\/schema\/logo\/image\/"}}]}},"_links":{"self":[{"href":"https:\/\/www.hsymachinery.com\/sk\/wp-json\/wp\/v2\/product\/8995","targetHints":{"allow":["GET"]}}],"collection":[{"href":"https:\/\/www.hsymachinery.com\/sk\/wp-json\/wp\/v2\/product"}],"about":[{"href":"https:\/\/www.hsymachinery.com\/sk\/wp-json\/wp\/v2\/types\/product"}],"version-history":[{"count":3,"href":"https:\/\/www.hsymachinery.com\/sk\/wp-json\/wp\/v2\/product\/8995\/revisions"}],"predecessor-version":[{"id":9413,"href":"https:\/\/www.hsymachinery.com\/sk\/wp-json\/wp\/v2\/product\/8995\/revisions\/9413"}],"wp:featuredmedia":[{"embeddable":true,"href":"https:\/\/www.hsymachinery.com\/sk\/wp-json\/wp\/v2\/media\/8996"}],"wp:attachment":[{"href":"https:\/\/www.hsymachinery.com\/sk\/wp-json\/wp\/v2\/media?parent=8995"}],"wp:term":[{"taxonomy":"product_brand","embeddable":true,"href":"https:\/\/www.hsymachinery.com\/sk\/wp-json\/wp\/v2\/product_brand?post=8995"},{"taxonomy":"product_cat","embeddable":true,"href":"https:\/\/www.hsymachinery.com\/sk\/wp-json\/wp\/v2\/product_cat?post=8995"},{"taxonomy":"product_tag","embeddable":true,"href":"https:\/\/www.hsymachinery.com\/sk\/wp-json\/wp\/v2\/product_tag?post=8995"}],"curies":[{"name":"wp","href":"https:\/\/api.w.org\/{rel}","templated":true}]}}