{"id":8989,"date":"2025-06-18T12:26:12","date_gmt":"2025-06-18T04:26:12","guid":{"rendered":"https:\/\/www.hsymachinery.com\/?post_type=product&#038;p=8989"},"modified":"2025-06-27T22:44:18","modified_gmt":"2025-06-27T14:44:18","slug":"oblukovy-ohybaci-stroj-na-vystuze-gwh36","status":"publish","type":"product","link":"https:\/\/www.hsymachinery.com\/sk\/produkt\/oblukovy-ohybaci-stroj-na-vystuze-gwh36\/","title":{"rendered":"Obl\u00fakov\u00fd oh\u00fdbac\u00ed stroj GWH36"},"content":{"rendered":"<h2 data-start=\"99\" data-end=\"138\">Obl\u00fakov\u00fd oh\u00fdbac\u00ed stroj GWH36<\/h2>\n<h3 data-start=\"139\" data-end=\"257\">GWH36 oh\u00fdba\u010dka oce\u013eov\u00fdch ty\u010d\u00ed pre 16-36 mm ty\u010de | Zakriven\u00fd oh\u00fdbac\u00ed stroj s vysok\u00fdm kr\u00fatiacim momentom pre ve\u013ek\u00e9 infra\u0161trukt\u00farne projekty<\/h3>\n<h3 data-start=\"264\" data-end=\"334\">Preh\u013ead produktu - Navrhnut\u00e9 pre pevnos\u0165 a presnos\u0165 zakrivenia<\/h3>\n<p data-start=\"336\" data-end=\"618\">Str\u00e1nka <strong data-start=\"340\" data-end=\"375\"><a href=\"https:\/\/www.hsymachinery.com\/sk\/produkty\/oblukovy-ohybaci-stroj-na-vystuze\/\" target=\"_blank\" rel=\"noopener\">Obl\u00fakov\u00fd oh\u00fdbac\u00ed stroj na v\u00fdstu\u017e<\/a> GWH36<\/strong> oh\u00fdba 16 mm a\u017e 36 mm armovaciu ty\u010d do konzistentn\u00fdch obl\u00fakov a slu\u010diek. Stavebn\u00ed odborn\u00edci sa spoliehaj\u00fa na tento model pri stavbe dia\u013eni\u010dn\u00fdch tunelov, mestsk\u00fdch \u017eelezn\u00edc, letiskov\u00fdch dr\u00e1h a \u010fal\u0161\u00edch projektov infra\u0161trukt\u00fary, kde zohr\u00e1va k\u013e\u00fa\u010dov\u00fa \u00falohu zakriven\u00e1 v\u00fdstu\u017e.<\/p>\n<p data-start=\"620\" data-end=\"754\">V\u010faka svojej robustnej kon\u0161trukcii a presn\u00e9mu ovl\u00e1daniu pom\u00e1ha GWH36 t\u00edmom \u0161etri\u0165 \u010das a zni\u017eova\u0165 plytvanie materi\u00e1lom na stavbe alebo v tov\u00e1rni.<\/p>\n<h3 data-start=\"761\" data-end=\"809\">\u00dapln\u00e1 kontrola polomeru a tvaru obl\u00faka<\/h3>\n<p data-start=\"811\" data-end=\"1166\">Polomer obl\u00faka m\u00f4\u017eete \u013eahko upravi\u0165 zmenou polohy val\u010dekov a presn\u00fdm nastaven\u00edm uhlov\u00fdch dorazov. Motor priemyselnej triedy poskytuje siln\u00fd, stabiln\u00fd kr\u00fatiaci moment, tak\u017ee m\u00f4\u017eete formova\u0165 ohyby v\u00fdstu\u017ee \u010disto - dokonca aj pri ve\u013ek\u00fdch priemeroch. Ovl\u00e1dac\u00ed syst\u00e9m GWH36 umo\u017e\u0148uje prep\u00ednanie medzi ru\u010dnou p\u00e1kou a no\u017en\u00fdm ped\u00e1lom, \u010do pon\u00faka \u00fapln\u00fa prev\u00e1dzkov\u00fa flexibilitu.<\/p>\n<p data-start=\"1168\" data-end=\"1260\">Jeho oh\u00fdbacia platforma podporuje plynul\u00e9 pod\u00e1vanie a konzistentn\u00e9 tvarovanie aj pri opakovan\u00fdch \u00fakonoch.<\/p>\n<h3 data-start=\"1267\" data-end=\"1316\">Vytvoren\u00e9 pre odolnos\u0165 a exportn\u00e9 nasadenie<\/h3>\n<p data-start=\"1318\" data-end=\"1641\">Model GWH36 m\u00e1 oce\u013eov\u00fd r\u00e1m odoln\u00fd vo\u010di vibr\u00e1ci\u00e1m, ktor\u00fd vydr\u017e\u00ed aj pri nepretr\u017eitom intenz\u00edvnom pou\u017e\u00edvan\u00ed. Stroj m\u00f4\u017eete premiest\u0148ova\u0165 pomocou koliesok a robustn\u00fdch rukov\u00e4t\u00ed r\u00e1mu. V\u010faka kompatibilite s dvoma nap\u00e4tiami (220 V alebo 380 V, 50 Hz\/60 Hz) sa tento stroj \u013eahko prisp\u00f4sob\u00ed miestnym aj medzin\u00e1rodn\u00fdm energetick\u00fdm syst\u00e9mom.<\/p>\n<p data-start=\"1643\" data-end=\"1795\">V\u010faka svojej kvalite kon\u0161trukcie a v\u00fdkonu je preferovanou vo\u013ebou pre dod\u00e1vate\u013eov a v\u00fdrobcov v\u00fdstu\u017ee, ktor\u00ed pracuj\u00fa na ve\u013ek\u00fdch po\u017eiadavk\u00e1ch na zakriven\u00fa oce\u013e.<\/p>\n<h3 data-start=\"1802\" data-end=\"1855\">K\u013e\u00fa\u010dov\u00e9 vlastnosti oh\u00fdba\u010dky obl\u00fakov GWH36<\/h3>\n<ul data-start=\"1857\" data-end=\"2103\">\n<li data-start=\"1857\" data-end=\"1914\">\n<p data-start=\"1859\" data-end=\"1914\">Presn\u00e9 oh\u00fdbanie 16-36 mm ty\u010d\u00ed do obl\u00fakov a kruhov<\/p>\n<\/li>\n<li data-start=\"1915\" data-end=\"1991\">\n<p data-start=\"1917\" data-end=\"1991\">Ide\u00e1lne pre infra\u0161trukt\u00faru, ako s\u00fa podchody, mosty a oporn\u00e9 m\u00fary<\/p>\n<\/li>\n<li data-start=\"1992\" data-end=\"2047\">\n<p data-start=\"1994\" data-end=\"2047\">Motor s vysok\u00fdm kr\u00fatiacim momentom si stabilne porad\u00ed s n\u00e1ro\u010dn\u00fdmi ty\u010dami<\/p>\n<\/li>\n<li data-start=\"2048\" data-end=\"2103\">\n<p data-start=\"2050\" data-end=\"2103\">Flexibiln\u00e9 ovl\u00e1danie a pripravenos\u0165 na export dvoch nap\u00e4t\u00ed<\/p>\n<\/li>\n<\/ul>\n<p><iframe title=\"# stavebn\u00fd robotn\u00edk # stavebn\u00fd robotn\u00edk # stavebn\u00fd stroj # stavebn\u00fd stroj # stavebn\u00fd stroj # stavebn\u00fd stroj # stavebn\u00fd stroj # stavebn\u00fd stroj\" width=\"720\" height=\"405\" src=\"https:\/\/www.youtube.com\/embed\/kZFU0Z3IPgM?feature=oembed\" frameborder=\"0\" allow=\"accelerometer; autoplay; clipboard-write; encrypted-media; gyroscope; picture-in-picture; web-share\" referrerpolicy=\"strict-origin-when-cross-origin\" allowfullscreen><\/iframe><\/p>","protected":false},"excerpt":{"rendered":"<p>Obl\u00fakov\u00e1 oh\u00fdba\u010dka GWH36 oh\u00fdba 16-36 mm ty\u010de do hladk\u00fdch obl\u00fakov. Je skon\u0161truovan\u00fd pre ve\u013ek\u00e9 pr\u00e1ce v infra\u0161trukt\u00fare, podporuje glob\u00e1lne energetick\u00e9 syst\u00e9my a dlhodob\u00e9 n\u00e1ro\u010dn\u00e9 pou\u017e\u00edvanie.<\/p>","protected":false},"featured_media":8990,"template":"","meta":{"_kad_post_transparent":"default","_kad_post_title":"","_kad_post_layout":"default","_kad_post_sidebar_id":"","_kad_post_content_style":"default","_kad_post_vertical_padding":"default","_kad_post_feature":"","_kad_post_feature_position":"","_kad_post_header":false,"_kad_post_footer":false},"product_brand":[],"product_cat":[54],"product_tag":[1022,1016,1024,1018,1023,1017,1019,1021,1020,1015],"class_list":{"0":"post-8989","1":"product","2":"type-product","3":"status-publish","4":"has-post-thumbnail","6":"product_cat-rebar-arc-bending-machine","7":"product_tag-arc-shape-bending-machine-for-rebar","8":"product_tag-automatic-rebar-arc-bender","9":"product_tag-bar-arc-bending-machine-for-construction","10":"product_tag-cnc-rebar-arc-bending-equipment","11":"product_tag-curved-rebar-bending-tool","12":"product_tag-hydraulic-arc-bending-machine","13":"product_tag-rebar-circular-bending-machine","14":"product_tag-rebar-radius-bending-machine","15":"product_tag-round-bending-machine-for-steel-bars","16":"product_tag-steel-arc-bending-machine","18":"first","19":"instock","20":"featured","21":"shipping-taxable","22":"product-type-simple","23":"entry","24":"content-bg","25":"loop-entry"},"yoast_head":"<!-- This site is optimized with the Yoast SEO plugin v25.3.1 - https:\/\/yoast.com\/wordpress\/plugins\/seo\/ -->\n<title>Rebar Arc Bending Machine GWH36 - HSY Construction Machinery<\/title>\n<meta name=\"description\" content=\"Rebar Arc Bending Machine GWH36 bends 16\u201336mm steel bars into smooth curves. Ideal for tunnels, highways, and export construction use.\" \/>\n<meta name=\"robots\" content=\"index, follow, max-snippet:-1, max-image-preview:large, max-video-preview:-1\" \/>\n<link rel=\"canonical\" href=\"https:\/\/www.hsymachinery.com\/sk\/produkt\/oblukovy-ohybaci-stroj-na-vystuze-gwh36\/\" \/>\n<meta property=\"og:locale\" content=\"sk_SK\" \/>\n<meta property=\"og:type\" content=\"article\" \/>\n<meta property=\"og:title\" content=\"Rebar Arc Bending Machine GWH36 - HSY Construction Machinery\" \/>\n<meta property=\"og:description\" content=\"Rebar Arc Bending Machine GWH36 bends 16\u201336mm steel bars into smooth curves. Ideal for tunnels, highways, and export construction use.\" \/>\n<meta property=\"og:url\" content=\"https:\/\/www.hsymachinery.com\/sk\/produkt\/oblukovy-ohybaci-stroj-na-vystuze-gwh36\/\" \/>\n<meta property=\"og:site_name\" content=\"HSY Construction Machinery\" \/>\n<meta property=\"article:modified_time\" content=\"2025-06-27T14:44:18+00:00\" \/>\n<meta property=\"og:image\" content=\"https:\/\/www.hsymachinery.com\/wp-content\/uploads\/2025\/06\/Rebar-Arc-Bending-Machine-GWH36.jpg\" \/>\n\t<meta property=\"og:image:width\" content=\"600\" \/>\n\t<meta property=\"og:image:height\" content=\"600\" \/>\n\t<meta property=\"og:image:type\" content=\"image\/jpeg\" \/>\n<meta name=\"twitter:card\" content=\"summary_large_image\" \/>\n<meta name=\"twitter:label1\" content=\"Predpokladan\u00fd \u010das \u010d\u00edtania\" \/>\n\t<meta name=\"twitter:data1\" content=\"2 min\u00faty\" \/>\n<script type=\"application\/ld+json\" class=\"yoast-schema-graph\">{\"@context\":\"https:\/\/schema.org\",\"@graph\":[{\"@type\":\"WebPage\",\"@id\":\"https:\/\/www.hsymachinery.com\/product\/rebar-arc-bending-machine-gwh36\/\",\"url\":\"https:\/\/www.hsymachinery.com\/product\/rebar-arc-bending-machine-gwh36\/\",\"name\":\"Rebar Arc Bending Machine GWH36 - HSY Construction Machinery\",\"isPartOf\":{\"@id\":\"https:\/\/www.hsymachinery.com\/#website\"},\"primaryImageOfPage\":{\"@id\":\"https:\/\/www.hsymachinery.com\/product\/rebar-arc-bending-machine-gwh36\/#primaryimage\"},\"image\":{\"@id\":\"https:\/\/www.hsymachinery.com\/product\/rebar-arc-bending-machine-gwh36\/#primaryimage\"},\"thumbnailUrl\":\"https:\/\/www.hsymachinery.com\/wp-content\/uploads\/2025\/06\/Rebar-Arc-Bending-Machine-GWH36.jpg\",\"datePublished\":\"2025-06-18T04:26:12+00:00\",\"dateModified\":\"2025-06-27T14:44:18+00:00\",\"description\":\"Rebar Arc Bending Machine GWH36 bends 16\u201336mm steel bars into smooth curves. Ideal for tunnels, highways, and export construction use.\",\"breadcrumb\":{\"@id\":\"https:\/\/www.hsymachinery.com\/product\/rebar-arc-bending-machine-gwh36\/#breadcrumb\"},\"inLanguage\":\"sk-SK\",\"potentialAction\":[{\"@type\":\"ReadAction\",\"target\":[\"https:\/\/www.hsymachinery.com\/product\/rebar-arc-bending-machine-gwh36\/\"]}]},{\"@type\":\"ImageObject\",\"inLanguage\":\"sk-SK\",\"@id\":\"https:\/\/www.hsymachinery.com\/product\/rebar-arc-bending-machine-gwh36\/#primaryimage\",\"url\":\"https:\/\/www.hsymachinery.com\/wp-content\/uploads\/2025\/06\/Rebar-Arc-Bending-Machine-GWH36.jpg\",\"contentUrl\":\"https:\/\/www.hsymachinery.com\/wp-content\/uploads\/2025\/06\/Rebar-Arc-Bending-Machine-GWH36.jpg\",\"width\":600,\"height\":600},{\"@type\":\"BreadcrumbList\",\"@id\":\"https:\/\/www.hsymachinery.com\/product\/rebar-arc-bending-machine-gwh36\/#breadcrumb\",\"itemListElement\":[{\"@type\":\"ListItem\",\"position\":1,\"name\":\"home\",\"item\":\"https:\/\/www.hsymachinery.com\/\"},{\"@type\":\"ListItem\",\"position\":2,\"name\":\"products\",\"item\":\"https:\/\/www.hsymachinery.com\/products\/\"},{\"@type\":\"ListItem\",\"position\":3,\"name\":\"Rebar Arc Bending Machine GWH36\"}]},{\"@type\":\"WebSite\",\"@id\":\"https:\/\/www.hsymachinery.com\/#website\",\"url\":\"https:\/\/www.hsymachinery.com\/\",\"name\":\"HSY Construction Machinery\",\"description\":\"HSY Machinery \u2013 A leading China construction machinery supplier, offering a wide range of light construction equipment. Our main products include Rebar Cutting Machine, Rebar Bending Machine, Rebar Stirrup Bending Machine, Rebar Arc Bending Machine, Rebar Straightening Machine, Five-Head Rebar Stirrup Bending Machine, Tamping Rammer, Plate Compactor, Concrete Cutter, Power Trowel, and other construction machinery. We are equipped with advanced CNC machines, and we enforce strict quality inspection standards along with comprehensive after-sales service. If you are interested in our products or services, we warmly welcome your inquiries via message.\",\"publisher\":{\"@id\":\"https:\/\/www.hsymachinery.com\/#organization\"},\"potentialAction\":[{\"@type\":\"SearchAction\",\"target\":{\"@type\":\"EntryPoint\",\"urlTemplate\":\"https:\/\/www.hsymachinery.com\/?s={search_term_string}\"},\"query-input\":{\"@type\":\"PropertyValueSpecification\",\"valueRequired\":true,\"valueName\":\"search_term_string\"}}],\"inLanguage\":\"sk-SK\"},{\"@type\":\"Organization\",\"@id\":\"https:\/\/www.hsymachinery.com\/#organization\",\"name\":\"HSY Construction Machinery\",\"url\":\"https:\/\/www.hsymachinery.com\/\",\"logo\":{\"@type\":\"ImageObject\",\"inLanguage\":\"sk-SK\",\"@id\":\"https:\/\/www.hsymachinery.com\/#\/schema\/logo\/image\/\",\"url\":\"https:\/\/www.hsymachinery.com\/wp-content\/uploads\/2025\/06\/cropped-HSY-machinery.png\",\"contentUrl\":\"https:\/\/www.hsymachinery.com\/wp-content\/uploads\/2025\/06\/cropped-HSY-machinery.png\",\"width\":600,\"height\":240,\"caption\":\"HSY Construction Machinery\"},\"image\":{\"@id\":\"https:\/\/www.hsymachinery.com\/#\/schema\/logo\/image\/\"}}]}<\/script>\n<!-- \/ Yoast SEO plugin. -->","yoast_head_json":{"title":"Obl\u00fakov\u00fd oh\u00fdbac\u00ed stroj GWH36 - Stavebn\u00e9 stroje HSY","description":"Obl\u00fakov\u00e1 oh\u00fdba\u010dka GWH36 oh\u00fdba 16-36 mm oce\u013eov\u00e9 ty\u010de do hladk\u00fdch kriviek. Ide\u00e1lny pre tunely, dia\u013enice a exportn\u00e9 stavby.","robots":{"index":"index","follow":"follow","max-snippet":"max-snippet:-1","max-image-preview":"max-image-preview:large","max-video-preview":"max-video-preview:-1"},"canonical":"https:\/\/www.hsymachinery.com\/sk\/produkt\/oblukovy-ohybaci-stroj-na-vystuze-gwh36\/","og_locale":"sk_SK","og_type":"article","og_title":"Rebar Arc Bending Machine GWH36 - HSY Construction Machinery","og_description":"Rebar Arc Bending Machine GWH36 bends 16\u201336mm steel bars into smooth curves. Ideal for tunnels, highways, and export construction use.","og_url":"https:\/\/www.hsymachinery.com\/sk\/produkt\/oblukovy-ohybaci-stroj-na-vystuze-gwh36\/","og_site_name":"HSY Construction Machinery","article_modified_time":"2025-06-27T14:44:18+00:00","og_image":[{"width":600,"height":600,"url":"https:\/\/www.hsymachinery.com\/wp-content\/uploads\/2025\/06\/Rebar-Arc-Bending-Machine-GWH36.jpg","type":"image\/jpeg"}],"twitter_card":"summary_large_image","twitter_misc":{"Predpokladan\u00fd \u010das \u010d\u00edtania":"2 min\u00faty"},"schema":{"@context":"https:\/\/schema.org","@graph":[{"@type":"WebPage","@id":"https:\/\/www.hsymachinery.com\/product\/rebar-arc-bending-machine-gwh36\/","url":"https:\/\/www.hsymachinery.com\/product\/rebar-arc-bending-machine-gwh36\/","name":"Obl\u00fakov\u00fd oh\u00fdbac\u00ed stroj GWH36 - Stavebn\u00e9 stroje HSY","isPartOf":{"@id":"https:\/\/www.hsymachinery.com\/#website"},"primaryImageOfPage":{"@id":"https:\/\/www.hsymachinery.com\/product\/rebar-arc-bending-machine-gwh36\/#primaryimage"},"image":{"@id":"https:\/\/www.hsymachinery.com\/product\/rebar-arc-bending-machine-gwh36\/#primaryimage"},"thumbnailUrl":"https:\/\/www.hsymachinery.com\/wp-content\/uploads\/2025\/06\/Rebar-Arc-Bending-Machine-GWH36.jpg","datePublished":"2025-06-18T04:26:12+00:00","dateModified":"2025-06-27T14:44:18+00:00","description":"Obl\u00fakov\u00e1 oh\u00fdba\u010dka GWH36 oh\u00fdba 16-36 mm oce\u013eov\u00e9 ty\u010de do hladk\u00fdch kriviek. Ide\u00e1lny pre tunely, dia\u013enice a exportn\u00e9 stavby.","breadcrumb":{"@id":"https:\/\/www.hsymachinery.com\/product\/rebar-arc-bending-machine-gwh36\/#breadcrumb"},"inLanguage":"sk-SK","potentialAction":[{"@type":"ReadAction","target":["https:\/\/www.hsymachinery.com\/product\/rebar-arc-bending-machine-gwh36\/"]}]},{"@type":"ImageObject","inLanguage":"sk-SK","@id":"https:\/\/www.hsymachinery.com\/product\/rebar-arc-bending-machine-gwh36\/#primaryimage","url":"https:\/\/www.hsymachinery.com\/wp-content\/uploads\/2025\/06\/Rebar-Arc-Bending-Machine-GWH36.jpg","contentUrl":"https:\/\/www.hsymachinery.com\/wp-content\/uploads\/2025\/06\/Rebar-Arc-Bending-Machine-GWH36.jpg","width":600,"height":600},{"@type":"BreadcrumbList","@id":"https:\/\/www.hsymachinery.com\/product\/rebar-arc-bending-machine-gwh36\/#breadcrumb","itemListElement":[{"@type":"ListItem","position":1,"name":"home","item":"https:\/\/www.hsymachinery.com\/"},{"@type":"ListItem","position":2,"name":"products","item":"https:\/\/www.hsymachinery.com\/products\/"},{"@type":"ListItem","position":3,"name":"Rebar Arc Bending Machine GWH36"}]},{"@type":"WebSite","@id":"https:\/\/www.hsymachinery.com\/#website","url":"https:\/\/www.hsymachinery.com\/","name":"Stavebn\u00e9 stroje HSY","description":"HSY Machinery - popredn\u00fd dod\u00e1vate\u013e stavebn\u00fdch strojov v \u010c\u00edne, ktor\u00fd pon\u00faka \u0161irok\u00fd sortiment \u013eahk\u00fdch stavebn\u00fdch strojov. Medzi na\u0161e hlavn\u00e9 produkty patr\u00ed stroj na rezanie ty\u010d\u00ed, stroj na oh\u00fdbanie ty\u010d\u00ed, stroj na oh\u00fdbanie ty\u010d\u00ed, stroj na oh\u00fdbanie obl\u00fakov ty\u010d\u00ed, stroj na rovnanie ty\u010d\u00ed, p\u00e4\u0165hlav\u0148ov\u00fd stroj na oh\u00fdbanie ty\u010d\u00ed, podb\u00edja\u010dka, zhut\u0148ova\u010d dosiek, fr\u00e9za na bet\u00f3n, elektrick\u00e1 stierka a \u010fal\u0161ie stavebn\u00e9 stroje. Sme vybaven\u00ed modern\u00fdmi CNC strojmi a presadzujeme pr\u00edsne normy kontroly kvality spolu s komplexn\u00fdm popredajn\u00fdm servisom. Ak m\u00e1te z\u00e1ujem o na\u0161e v\u00fdrobky alebo slu\u017eby, srde\u010dne priv\u00edtame va\u0161e ot\u00e1zky prostredn\u00edctvom spr\u00e1vy.","publisher":{"@id":"https:\/\/www.hsymachinery.com\/#organization"},"potentialAction":[{"@type":"SearchAction","target":{"@type":"EntryPoint","urlTemplate":"https:\/\/www.hsymachinery.com\/?s={search_term_string}"},"query-input":{"@type":"PropertyValueSpecification","valueRequired":true,"valueName":"search_term_string"}}],"inLanguage":"sk-SK"},{"@type":"Organization","@id":"https:\/\/www.hsymachinery.com\/#organization","name":"Stavebn\u00e9 stroje HSY","url":"https:\/\/www.hsymachinery.com\/","logo":{"@type":"ImageObject","inLanguage":"sk-SK","@id":"https:\/\/www.hsymachinery.com\/#\/schema\/logo\/image\/","url":"https:\/\/www.hsymachinery.com\/wp-content\/uploads\/2025\/06\/cropped-HSY-machinery.png","contentUrl":"https:\/\/www.hsymachinery.com\/wp-content\/uploads\/2025\/06\/cropped-HSY-machinery.png","width":600,"height":240,"caption":"HSY Construction Machinery"},"image":{"@id":"https:\/\/www.hsymachinery.com\/#\/schema\/logo\/image\/"}}]}},"_links":{"self":[{"href":"https:\/\/www.hsymachinery.com\/sk\/wp-json\/wp\/v2\/product\/8989","targetHints":{"allow":["GET"]}}],"collection":[{"href":"https:\/\/www.hsymachinery.com\/sk\/wp-json\/wp\/v2\/product"}],"about":[{"href":"https:\/\/www.hsymachinery.com\/sk\/wp-json\/wp\/v2\/types\/product"}],"version-history":[{"count":4,"href":"https:\/\/www.hsymachinery.com\/sk\/wp-json\/wp\/v2\/product\/8989\/revisions"}],"predecessor-version":[{"id":9409,"href":"https:\/\/www.hsymachinery.com\/sk\/wp-json\/wp\/v2\/product\/8989\/revisions\/9409"}],"wp:featuredmedia":[{"embeddable":true,"href":"https:\/\/www.hsymachinery.com\/sk\/wp-json\/wp\/v2\/media\/8990"}],"wp:attachment":[{"href":"https:\/\/www.hsymachinery.com\/sk\/wp-json\/wp\/v2\/media?parent=8989"}],"wp:term":[{"taxonomy":"product_brand","embeddable":true,"href":"https:\/\/www.hsymachinery.com\/sk\/wp-json\/wp\/v2\/product_brand?post=8989"},{"taxonomy":"product_cat","embeddable":true,"href":"https:\/\/www.hsymachinery.com\/sk\/wp-json\/wp\/v2\/product_cat?post=8989"},{"taxonomy":"product_tag","embeddable":true,"href":"https:\/\/www.hsymachinery.com\/sk\/wp-json\/wp\/v2\/product_tag?post=8989"}],"curies":[{"name":"wp","href":"https:\/\/api.w.org\/{rel}","templated":true}]}}