{"id":8983,"date":"2025-06-18T12:22:53","date_gmt":"2025-06-18T04:22:53","guid":{"rendered":"https:\/\/www.hsymachinery.com\/?post_type=product&#038;p=8983"},"modified":"2025-06-27T22:31:07","modified_gmt":"2025-06-27T14:31:07","slug":"oblukovy-ohybaci-stroj-na-vystuze-gwh24","status":"publish","type":"product","link":"https:\/\/www.hsymachinery.com\/sk\/produkt\/oblukovy-ohybaci-stroj-na-vystuze-gwh24\/","title":{"rendered":"Obl\u00fakov\u00fd oh\u00fdbac\u00ed stroj GWH24"},"content":{"rendered":"<h2 data-start=\"96\" data-end=\"135\">Obl\u00fakov\u00fd oh\u00fdbac\u00ed stroj GWH24<\/h2>\n<h3 data-start=\"136\" data-end=\"257\">Stredne \u0165a\u017ek\u00fd obl\u00fakov\u00fd oh\u00fdbac\u00ed stroj pre 12-24mm ty\u010de | GWH24 Zariadenie na zakrivenie oce\u013eov\u00fdch ty\u010d\u00ed pre stavebn\u00edctvo a krajin\u00e1rstvo<\/h3>\n<h3 data-start=\"264\" data-end=\"348\">Preh\u013ead produktov - Univerz\u00e1lna oh\u00fdba\u010dka ty\u010d\u00ed na vystu\u017eovanie kon\u0161trukci\u00ed<\/h3>\n<p data-start=\"350\" data-end=\"651\">Str\u00e1nka <strong data-start=\"354\" data-end=\"389\"><a href=\"https:\/\/www.hsymachinery.com\/sk\/produkty\/oblukovy-ohybaci-stroj-na-vystuze\/\" target=\"_blank\" rel=\"noopener\">Obl\u00fakov\u00fd oh\u00fdbac\u00ed stroj na v\u00fdstu\u017e<\/a> GWH24<\/strong> poskytuje spo\u013eahliv\u00e9 a efekt\u00edvne rie\u0161enie na tvarovanie 6 mm a\u017e 24 mm v\u00fdstu\u017ee do obl\u00fakov, slu\u010diek a kriviek. Je navrhnut\u00fd pre stredne n\u00e1ro\u010dn\u00e9 armovacie pr\u00e1ce a be\u017ene sa pou\u017e\u00edva v krajinn\u00fdch sten\u00e1ch, prefabrikovan\u00fdch nosn\u00edkoch, dia\u013eni\u010dn\u00fdch bari\u00e9rach a zakriven\u00fdch bet\u00f3nov\u00fdch prvkoch.<\/p>\n<p data-start=\"653\" data-end=\"821\">Bez oh\u013eadu na to, \u010di pracuje vo v\u00fdrobnej dielni alebo na stavenisku v r\u00e1mci stavebn\u00e9ho projektu, GWH24 poskytuje vysoko presn\u00fd v\u00fdkon na tvarovanie konzistentn\u00fdch a hladk\u00fdch kriviek v\u00fdstu\u017ee.<\/p>\n<h3 data-start=\"828\" data-end=\"885\">Konzistentn\u00fd v\u00fdstup obl\u00faka so zlep\u0161enou regul\u00e1ciou polomeru<\/h3>\n<p data-start=\"887\" data-end=\"1144\">Stroj obsahuje nastavite\u013en\u00fa valcov\u00fa plo\u0161inu a odoln\u00fd riadiaci syst\u00e9m, ktor\u00fd umo\u017e\u0148uje pou\u017e\u00edvate\u013eom presne nastavi\u0165 polomer ohybu. Jeho motor s vysok\u00fdm kr\u00fatiacim momentom poh\u00e1\u0148a rovnomern\u00e9 ot\u00e1\u010danie ty\u010de, \u010d\u00edm sa zachov\u00e1va presnos\u0165 a celistvos\u0165 povrchu v celom ohybu.<\/p>\n<p data-start=\"1146\" data-end=\"1311\">Na prisp\u00f4sobenie r\u00f4znym potreb\u00e1m pracoviska podporuje GWH24 manu\u00e1lne ovl\u00e1danie rukov\u00e4\u0165ou alebo volite\u013en\u00e9 ovl\u00e1danie ped\u00e1lom, \u010do zaru\u010duje bezpe\u010dn\u00e9 a flexibiln\u00e9 pou\u017e\u00edvanie v r\u00f4znych podmienkach.<\/p>\n<h3 data-start=\"1318\" data-end=\"1373\">Vytvoren\u00e9 pre n\u00e1ro\u010dn\u00e9 pracovn\u00e9 miesta so \u0161pecifik\u00e1ciami exportnej triedy<\/h3>\n<p data-start=\"1375\" data-end=\"1700\">Obl\u00fakov\u00e1 oh\u00fdba\u010dka GWH24 m\u00e1 zosilnen\u00e9 oce\u013eov\u00e9 telo, ktor\u00e9 je skon\u0161truovan\u00e9 tak, aby odol\u00e1valo nam\u00e1haniu a vibr\u00e1ci\u00e1m po\u010das dlhodob\u00e9ho pou\u017e\u00edvania. Jej kompaktn\u00fd r\u00e1m je na mobilitu vybaven\u00fd kolieskami, zatia\u013e \u010do elektrick\u00e9 komponenty je mo\u017en\u00e9 nakonfigurova\u0165 pre 220V alebo 380V vstupy, v\u010faka \u010domu je vhodn\u00e1 na export na svetov\u00e9 trhy.<\/p>\n<p data-start=\"1702\" data-end=\"1810\">Tento model pon\u00faka dokonal\u00fa rovnov\u00e1hu medzi v\u00fdkonom, presnos\u0165ou a prenosnos\u0165ou - ide\u00e1lny na kon\u0161truk\u010dn\u00e9 obl\u00fakov\u00e9 tv\u00e1rnenie.<\/p>\n<h3 data-start=\"1817\" data-end=\"1870\">K\u013e\u00fa\u010dov\u00e9 vlastnosti oh\u00fdba\u010dky obl\u00fakov GWH24<\/h3>\n<ul data-start=\"1872\" data-end=\"2095\">\n<li data-start=\"1872\" data-end=\"1917\">\n<p data-start=\"1874\" data-end=\"1917\">Spracov\u00e1va 12-24 mm armovaciu ty\u010d do zakriven\u00fdch tvarov<\/p>\n<\/li>\n<li data-start=\"1918\" data-end=\"1985\">\n<p data-start=\"1920\" data-end=\"1985\">Uplat\u0148uje sa na dia\u013enice, oporn\u00e9 m\u00fary a prefabrik\u00e1ty<\/p>\n<\/li>\n<li data-start=\"1986\" data-end=\"2042\">\n<p data-start=\"1988\" data-end=\"2042\">Nastavite\u013en\u00fd polomer obl\u00faka pre r\u00f4zne potreby oh\u00fdbania<\/p>\n<\/li>\n<li data-start=\"2043\" data-end=\"2095\">\n<p data-start=\"2045\" data-end=\"2095\">Konfigur\u00e1cia s dvojit\u00fdm nap\u00e4t\u00edm na medzin\u00e1rodn\u00e9 pou\u017eitie<\/p>\n<\/li>\n<\/ul>\n<p><iframe title=\"# stavebn\u00fd robotn\u00edk # stavebn\u00fd robotn\u00edk # stavebn\u00fd stroj # stavebn\u00fd stroj # stavebn\u00fd stroj # stavebn\u00fd stroj # stavebn\u00fd stroj # stavebn\u00fd stroj\" width=\"720\" height=\"405\" src=\"https:\/\/www.youtube.com\/embed\/kZFU0Z3IPgM?feature=oembed\" frameborder=\"0\" allow=\"accelerometer; autoplay; clipboard-write; encrypted-media; gyroscope; picture-in-picture; web-share\" referrerpolicy=\"strict-origin-when-cross-origin\" allowfullscreen><\/iframe><\/p>","protected":false},"excerpt":{"rendered":"<p>Obl\u00fakov\u00e1 oh\u00fdba\u010dka GWH24 oh\u00fdba 12-24 mm oce\u013eov\u00e9 ty\u010de do presn\u00fdch obl\u00fakov. Navrhnut\u00e1 pre potreby stredne ve\u013ek\u00fdch kon\u0161trukci\u00ed s mo\u017enos\u0165ami nap\u00e1jania kompatibiln\u00fdmi s exportom a stabiln\u00fdm v\u00fdkonom.<\/p>","protected":false},"featured_media":8984,"template":"","meta":{"_kad_post_transparent":"default","_kad_post_title":"","_kad_post_layout":"default","_kad_post_sidebar_id":"","_kad_post_content_style":"default","_kad_post_vertical_padding":"default","_kad_post_feature":"","_kad_post_feature_position":"","_kad_post_header":false,"_kad_post_footer":false},"product_brand":[],"product_cat":[54],"product_tag":[1022,1016,1024,1018,1023,1017,1019,1021,1020,1015],"class_list":{"0":"post-8983","1":"product","2":"type-product","3":"status-publish","4":"has-post-thumbnail","6":"product_cat-rebar-arc-bending-machine","7":"product_tag-arc-shape-bending-machine-for-rebar","8":"product_tag-automatic-rebar-arc-bender","9":"product_tag-bar-arc-bending-machine-for-construction","10":"product_tag-cnc-rebar-arc-bending-equipment","11":"product_tag-curved-rebar-bending-tool","12":"product_tag-hydraulic-arc-bending-machine","13":"product_tag-rebar-circular-bending-machine","14":"product_tag-rebar-radius-bending-machine","15":"product_tag-round-bending-machine-for-steel-bars","16":"product_tag-steel-arc-bending-machine","18":"first","19":"instock","20":"shipping-taxable","21":"product-type-simple","22":"entry","23":"content-bg","24":"loop-entry"},"yoast_head":"<!-- This site is optimized with the Yoast SEO plugin v25.3.1 - https:\/\/yoast.com\/wordpress\/plugins\/seo\/ -->\n<title>Rebar Arc Bending Machine GWH24 - HSY Construction Machinery<\/title>\n<meta name=\"description\" content=\"Rebar Arc Bending Machine GWH24 bends 12\u201324mm steel bars into curves. Reliable for mid-size projects and export-friendly with flexible voltage support.\" \/>\n<meta name=\"robots\" content=\"index, follow, max-snippet:-1, max-image-preview:large, max-video-preview:-1\" \/>\n<link rel=\"canonical\" href=\"https:\/\/www.hsymachinery.com\/sk\/produkt\/oblukovy-ohybaci-stroj-na-vystuze-gwh24\/\" \/>\n<meta property=\"og:locale\" content=\"sk_SK\" \/>\n<meta property=\"og:type\" content=\"article\" \/>\n<meta property=\"og:title\" content=\"Rebar Arc Bending Machine GWH24 - HSY Construction Machinery\" \/>\n<meta property=\"og:description\" content=\"Rebar Arc Bending Machine GWH24 bends 12\u201324mm steel bars into curves. Reliable for mid-size projects and export-friendly with flexible voltage support.\" \/>\n<meta property=\"og:url\" content=\"https:\/\/www.hsymachinery.com\/sk\/produkt\/oblukovy-ohybaci-stroj-na-vystuze-gwh24\/\" \/>\n<meta property=\"og:site_name\" content=\"HSY Construction Machinery\" \/>\n<meta property=\"article:modified_time\" content=\"2025-06-27T14:31:07+00:00\" \/>\n<meta property=\"og:image\" content=\"https:\/\/www.hsymachinery.com\/wp-content\/uploads\/2025\/06\/Rebar-Arc-Bending-Machine-GWH24.jpg\" \/>\n\t<meta property=\"og:image:width\" content=\"600\" \/>\n\t<meta property=\"og:image:height\" content=\"600\" \/>\n\t<meta property=\"og:image:type\" content=\"image\/jpeg\" \/>\n<meta name=\"twitter:card\" content=\"summary_large_image\" \/>\n<meta name=\"twitter:label1\" content=\"Predpokladan\u00fd \u010das \u010d\u00edtania\" \/>\n\t<meta name=\"twitter:data1\" content=\"2 min\u00faty\" \/>\n<script type=\"application\/ld+json\" class=\"yoast-schema-graph\">{\"@context\":\"https:\/\/schema.org\",\"@graph\":[{\"@type\":\"WebPage\",\"@id\":\"https:\/\/www.hsymachinery.com\/product\/rebar-arc-bending-machine-gwh24\/\",\"url\":\"https:\/\/www.hsymachinery.com\/product\/rebar-arc-bending-machine-gwh24\/\",\"name\":\"Rebar Arc Bending Machine GWH24 - HSY Construction Machinery\",\"isPartOf\":{\"@id\":\"https:\/\/www.hsymachinery.com\/#website\"},\"primaryImageOfPage\":{\"@id\":\"https:\/\/www.hsymachinery.com\/product\/rebar-arc-bending-machine-gwh24\/#primaryimage\"},\"image\":{\"@id\":\"https:\/\/www.hsymachinery.com\/product\/rebar-arc-bending-machine-gwh24\/#primaryimage\"},\"thumbnailUrl\":\"https:\/\/www.hsymachinery.com\/wp-content\/uploads\/2025\/06\/Rebar-Arc-Bending-Machine-GWH24.jpg\",\"datePublished\":\"2025-06-18T04:22:53+00:00\",\"dateModified\":\"2025-06-27T14:31:07+00:00\",\"description\":\"Rebar Arc Bending Machine GWH24 bends 12\u201324mm steel bars into curves. Reliable for mid-size projects and export-friendly with flexible voltage support.\",\"breadcrumb\":{\"@id\":\"https:\/\/www.hsymachinery.com\/product\/rebar-arc-bending-machine-gwh24\/#breadcrumb\"},\"inLanguage\":\"sk-SK\",\"potentialAction\":[{\"@type\":\"ReadAction\",\"target\":[\"https:\/\/www.hsymachinery.com\/product\/rebar-arc-bending-machine-gwh24\/\"]}]},{\"@type\":\"ImageObject\",\"inLanguage\":\"sk-SK\",\"@id\":\"https:\/\/www.hsymachinery.com\/product\/rebar-arc-bending-machine-gwh24\/#primaryimage\",\"url\":\"https:\/\/www.hsymachinery.com\/wp-content\/uploads\/2025\/06\/Rebar-Arc-Bending-Machine-GWH24.jpg\",\"contentUrl\":\"https:\/\/www.hsymachinery.com\/wp-content\/uploads\/2025\/06\/Rebar-Arc-Bending-Machine-GWH24.jpg\",\"width\":600,\"height\":600},{\"@type\":\"BreadcrumbList\",\"@id\":\"https:\/\/www.hsymachinery.com\/product\/rebar-arc-bending-machine-gwh24\/#breadcrumb\",\"itemListElement\":[{\"@type\":\"ListItem\",\"position\":1,\"name\":\"home\",\"item\":\"https:\/\/www.hsymachinery.com\/\"},{\"@type\":\"ListItem\",\"position\":2,\"name\":\"products\",\"item\":\"https:\/\/www.hsymachinery.com\/products\/\"},{\"@type\":\"ListItem\",\"position\":3,\"name\":\"Rebar Arc Bending Machine GWH24\"}]},{\"@type\":\"WebSite\",\"@id\":\"https:\/\/www.hsymachinery.com\/#website\",\"url\":\"https:\/\/www.hsymachinery.com\/\",\"name\":\"HSY Construction Machinery\",\"description\":\"HSY Machinery \u2013 A leading China construction machinery supplier, offering a wide range of light construction equipment. Our main products include Rebar Cutting Machine, Rebar Bending Machine, Rebar Stirrup Bending Machine, Rebar Arc Bending Machine, Rebar Straightening Machine, Five-Head Rebar Stirrup Bending Machine, Tamping Rammer, Plate Compactor, Concrete Cutter, Power Trowel, and other construction machinery. We are equipped with advanced CNC machines, and we enforce strict quality inspection standards along with comprehensive after-sales service. If you are interested in our products or services, we warmly welcome your inquiries via message.\",\"publisher\":{\"@id\":\"https:\/\/www.hsymachinery.com\/#organization\"},\"potentialAction\":[{\"@type\":\"SearchAction\",\"target\":{\"@type\":\"EntryPoint\",\"urlTemplate\":\"https:\/\/www.hsymachinery.com\/?s={search_term_string}\"},\"query-input\":{\"@type\":\"PropertyValueSpecification\",\"valueRequired\":true,\"valueName\":\"search_term_string\"}}],\"inLanguage\":\"sk-SK\"},{\"@type\":\"Organization\",\"@id\":\"https:\/\/www.hsymachinery.com\/#organization\",\"name\":\"HSY Construction Machinery\",\"url\":\"https:\/\/www.hsymachinery.com\/\",\"logo\":{\"@type\":\"ImageObject\",\"inLanguage\":\"sk-SK\",\"@id\":\"https:\/\/www.hsymachinery.com\/#\/schema\/logo\/image\/\",\"url\":\"https:\/\/www.hsymachinery.com\/wp-content\/uploads\/2025\/06\/cropped-HSY-machinery.png\",\"contentUrl\":\"https:\/\/www.hsymachinery.com\/wp-content\/uploads\/2025\/06\/cropped-HSY-machinery.png\",\"width\":600,\"height\":240,\"caption\":\"HSY Construction Machinery\"},\"image\":{\"@id\":\"https:\/\/www.hsymachinery.com\/#\/schema\/logo\/image\/\"}}]}<\/script>\n<!-- \/ Yoast SEO plugin. -->","yoast_head_json":{"title":"Obl\u00fakov\u00fd oh\u00fdbac\u00ed stroj GWH24 - Stavebn\u00e9 stroje HSY","description":"Obl\u00fakov\u00fd oh\u00fdba\u010d ty\u010d\u00ed GWH24 oh\u00fdba 12-24 mm oce\u013eov\u00e9 ty\u010de do obl\u00fakov. Spo\u013eahliv\u00fd pre stredne ve\u013ek\u00e9 projekty a vhodn\u00fd na export s flexibilnou podporou nap\u00e4tia.","robots":{"index":"index","follow":"follow","max-snippet":"max-snippet:-1","max-image-preview":"max-image-preview:large","max-video-preview":"max-video-preview:-1"},"canonical":"https:\/\/www.hsymachinery.com\/sk\/produkt\/oblukovy-ohybaci-stroj-na-vystuze-gwh24\/","og_locale":"sk_SK","og_type":"article","og_title":"Rebar Arc Bending Machine GWH24 - HSY Construction Machinery","og_description":"Rebar Arc Bending Machine GWH24 bends 12\u201324mm steel bars into curves. Reliable for mid-size projects and export-friendly with flexible voltage support.","og_url":"https:\/\/www.hsymachinery.com\/sk\/produkt\/oblukovy-ohybaci-stroj-na-vystuze-gwh24\/","og_site_name":"HSY Construction Machinery","article_modified_time":"2025-06-27T14:31:07+00:00","og_image":[{"width":600,"height":600,"url":"https:\/\/www.hsymachinery.com\/wp-content\/uploads\/2025\/06\/Rebar-Arc-Bending-Machine-GWH24.jpg","type":"image\/jpeg"}],"twitter_card":"summary_large_image","twitter_misc":{"Predpokladan\u00fd \u010das \u010d\u00edtania":"2 min\u00faty"},"schema":{"@context":"https:\/\/schema.org","@graph":[{"@type":"WebPage","@id":"https:\/\/www.hsymachinery.com\/product\/rebar-arc-bending-machine-gwh24\/","url":"https:\/\/www.hsymachinery.com\/product\/rebar-arc-bending-machine-gwh24\/","name":"Obl\u00fakov\u00fd oh\u00fdbac\u00ed stroj GWH24 - Stavebn\u00e9 stroje HSY","isPartOf":{"@id":"https:\/\/www.hsymachinery.com\/#website"},"primaryImageOfPage":{"@id":"https:\/\/www.hsymachinery.com\/product\/rebar-arc-bending-machine-gwh24\/#primaryimage"},"image":{"@id":"https:\/\/www.hsymachinery.com\/product\/rebar-arc-bending-machine-gwh24\/#primaryimage"},"thumbnailUrl":"https:\/\/www.hsymachinery.com\/wp-content\/uploads\/2025\/06\/Rebar-Arc-Bending-Machine-GWH24.jpg","datePublished":"2025-06-18T04:22:53+00:00","dateModified":"2025-06-27T14:31:07+00:00","description":"Obl\u00fakov\u00fd oh\u00fdba\u010d ty\u010d\u00ed GWH24 oh\u00fdba 12-24 mm oce\u013eov\u00e9 ty\u010de do obl\u00fakov. Spo\u013eahliv\u00fd pre stredne ve\u013ek\u00e9 projekty a vhodn\u00fd na export s flexibilnou podporou nap\u00e4tia.","breadcrumb":{"@id":"https:\/\/www.hsymachinery.com\/product\/rebar-arc-bending-machine-gwh24\/#breadcrumb"},"inLanguage":"sk-SK","potentialAction":[{"@type":"ReadAction","target":["https:\/\/www.hsymachinery.com\/product\/rebar-arc-bending-machine-gwh24\/"]}]},{"@type":"ImageObject","inLanguage":"sk-SK","@id":"https:\/\/www.hsymachinery.com\/product\/rebar-arc-bending-machine-gwh24\/#primaryimage","url":"https:\/\/www.hsymachinery.com\/wp-content\/uploads\/2025\/06\/Rebar-Arc-Bending-Machine-GWH24.jpg","contentUrl":"https:\/\/www.hsymachinery.com\/wp-content\/uploads\/2025\/06\/Rebar-Arc-Bending-Machine-GWH24.jpg","width":600,"height":600},{"@type":"BreadcrumbList","@id":"https:\/\/www.hsymachinery.com\/product\/rebar-arc-bending-machine-gwh24\/#breadcrumb","itemListElement":[{"@type":"ListItem","position":1,"name":"home","item":"https:\/\/www.hsymachinery.com\/"},{"@type":"ListItem","position":2,"name":"products","item":"https:\/\/www.hsymachinery.com\/products\/"},{"@type":"ListItem","position":3,"name":"Rebar Arc Bending Machine GWH24"}]},{"@type":"WebSite","@id":"https:\/\/www.hsymachinery.com\/#website","url":"https:\/\/www.hsymachinery.com\/","name":"Stavebn\u00e9 stroje HSY","description":"HSY Machinery - popredn\u00fd dod\u00e1vate\u013e stavebn\u00fdch strojov v \u010c\u00edne, ktor\u00fd pon\u00faka \u0161irok\u00fd sortiment \u013eahk\u00fdch stavebn\u00fdch strojov. Medzi na\u0161e hlavn\u00e9 produkty patr\u00ed stroj na rezanie ty\u010d\u00ed, stroj na oh\u00fdbanie ty\u010d\u00ed, stroj na oh\u00fdbanie ty\u010d\u00ed, stroj na oh\u00fdbanie obl\u00fakov ty\u010d\u00ed, stroj na rovnanie ty\u010d\u00ed, p\u00e4\u0165hlav\u0148ov\u00fd stroj na oh\u00fdbanie ty\u010d\u00ed, podb\u00edja\u010dka, zhut\u0148ova\u010d dosiek, fr\u00e9za na bet\u00f3n, elektrick\u00e1 stierka a \u010fal\u0161ie stavebn\u00e9 stroje. Sme vybaven\u00ed modern\u00fdmi CNC strojmi a presadzujeme pr\u00edsne normy kontroly kvality spolu s komplexn\u00fdm popredajn\u00fdm servisom. Ak m\u00e1te z\u00e1ujem o na\u0161e v\u00fdrobky alebo slu\u017eby, srde\u010dne priv\u00edtame va\u0161e ot\u00e1zky prostredn\u00edctvom spr\u00e1vy.","publisher":{"@id":"https:\/\/www.hsymachinery.com\/#organization"},"potentialAction":[{"@type":"SearchAction","target":{"@type":"EntryPoint","urlTemplate":"https:\/\/www.hsymachinery.com\/?s={search_term_string}"},"query-input":{"@type":"PropertyValueSpecification","valueRequired":true,"valueName":"search_term_string"}}],"inLanguage":"sk-SK"},{"@type":"Organization","@id":"https:\/\/www.hsymachinery.com\/#organization","name":"Stavebn\u00e9 stroje HSY","url":"https:\/\/www.hsymachinery.com\/","logo":{"@type":"ImageObject","inLanguage":"sk-SK","@id":"https:\/\/www.hsymachinery.com\/#\/schema\/logo\/image\/","url":"https:\/\/www.hsymachinery.com\/wp-content\/uploads\/2025\/06\/cropped-HSY-machinery.png","contentUrl":"https:\/\/www.hsymachinery.com\/wp-content\/uploads\/2025\/06\/cropped-HSY-machinery.png","width":600,"height":240,"caption":"HSY Construction Machinery"},"image":{"@id":"https:\/\/www.hsymachinery.com\/#\/schema\/logo\/image\/"}}]}},"_links":{"self":[{"href":"https:\/\/www.hsymachinery.com\/sk\/wp-json\/wp\/v2\/product\/8983","targetHints":{"allow":["GET"]}}],"collection":[{"href":"https:\/\/www.hsymachinery.com\/sk\/wp-json\/wp\/v2\/product"}],"about":[{"href":"https:\/\/www.hsymachinery.com\/sk\/wp-json\/wp\/v2\/types\/product"}],"version-history":[{"count":4,"href":"https:\/\/www.hsymachinery.com\/sk\/wp-json\/wp\/v2\/product\/8983\/revisions"}],"predecessor-version":[{"id":9402,"href":"https:\/\/www.hsymachinery.com\/sk\/wp-json\/wp\/v2\/product\/8983\/revisions\/9402"}],"wp:featuredmedia":[{"embeddable":true,"href":"https:\/\/www.hsymachinery.com\/sk\/wp-json\/wp\/v2\/media\/8984"}],"wp:attachment":[{"href":"https:\/\/www.hsymachinery.com\/sk\/wp-json\/wp\/v2\/media?parent=8983"}],"wp:term":[{"taxonomy":"product_brand","embeddable":true,"href":"https:\/\/www.hsymachinery.com\/sk\/wp-json\/wp\/v2\/product_brand?post=8983"},{"taxonomy":"product_cat","embeddable":true,"href":"https:\/\/www.hsymachinery.com\/sk\/wp-json\/wp\/v2\/product_cat?post=8983"},{"taxonomy":"product_tag","embeddable":true,"href":"https:\/\/www.hsymachinery.com\/sk\/wp-json\/wp\/v2\/product_tag?post=8983"}],"curies":[{"name":"wp","href":"https:\/\/api.w.org\/{rel}","templated":true}]}}