{"id":8977,"date":"2025-06-18T12:20:08","date_gmt":"2025-06-18T04:20:08","guid":{"rendered":"https:\/\/www.hsymachinery.com\/?post_type=product&#038;p=8977"},"modified":"2025-06-27T22:32:05","modified_gmt":"2025-06-27T14:32:05","slug":"oblukovy-ohybaci-stroj-na-vystuze-gwh12","status":"publish","type":"product","link":"https:\/\/www.hsymachinery.com\/sk\/produkt\/oblukovy-ohybaci-stroj-na-vystuze-gwh12\/","title":{"rendered":"Obl\u00fakov\u00fd oh\u00fdbac\u00ed stroj GWH12"},"content":{"rendered":"<h2 data-start=\"98\" data-end=\"137\">Obl\u00fakov\u00fd oh\u00fdbac\u00ed stroj GWH12<\/h2>\n<h3 data-start=\"138\" data-end=\"261\">Kompaktn\u00fd obl\u00fakov\u00fd oh\u00fdba\u010d GWH12 pre 6-12mm ty\u010de | Zakriven\u00fd stroj na oh\u00fdbanie oce\u013eov\u00fdch ty\u010d\u00ed pre dekorat\u00edvne a \u0161truktur\u00e1lne aplik\u00e1cie<\/h3>\n<h3 data-start=\"268\" data-end=\"349\">Preh\u013ead produktov - Zariadenie na presn\u00e9 obl\u00fakov\u00e9 oh\u00fdbanie pre \u013eahk\u00e9 tvarovanie v\u00fdstu\u017ee<\/h3>\n<p data-start=\"351\" data-end=\"692\">Str\u00e1nka <strong data-start=\"355\" data-end=\"390\"><a href=\"https:\/\/www.hsymachinery.com\/sk\/produkty\/oblukovy-ohybaci-stroj-na-vystuze\/\" target=\"_blank\" rel=\"noopener\">Obl\u00fakov\u00fd oh\u00fdbac\u00ed stroj na v\u00fdstu\u017e<\/a> GWH12<\/strong> je \u0161pecializovan\u00fd n\u00e1stroj ur\u010den\u00fd na oh\u00fdbanie 6 mm a\u017e 12 mm armovacej ty\u010de do hladk\u00fdch obl\u00fakov, kruhov a zakriven\u00fdch tvarov. Model GWH12, ktor\u00fd sa be\u017ene pou\u017e\u00edva v dekorat\u00edvnej v\u00fdstavbe, pri ter\u00e9nnych \u00faprav\u00e1ch, plotoch, z\u00e1bradliach a architektonick\u00fdch v\u00fdstuh\u00e1ch, je kompaktn\u00fd, ale v\u00fdkonn\u00fd stroj na \u013eahk\u00e9 spracovanie zakrivenej ocele.<\/p>\n<p data-start=\"694\" data-end=\"832\">V\u010faka \u013eahk\u00e9mu r\u00e1mu, jednoduch\u00e9mu ovl\u00e1daniu a vysokej presnosti je ide\u00e1lna na pou\u017eitie v mal\u00fdch diel\u0148ach, na prisp\u00f4sobovanie na mieste a na remeseln\u00fa pr\u00e1cu s kovom.<\/p>\n<h3 data-start=\"839\" data-end=\"893\">\u00a0Hladk\u00e9 tvarovanie obl\u00faka s flexibiln\u00fdm ovl\u00e1dan\u00edm polomeru<\/h3>\n<p data-start=\"895\" data-end=\"1203\">Model GWH12 je vybaven\u00fd nastavite\u013en\u00fdm obl\u00fakov\u00fdm val\u010dekom, ktor\u00fd umo\u017e\u0148uje pou\u017e\u00edvate\u013eom presne nastavi\u0165 po\u017eadovan\u00e9 zakrivenie. Motor s meden\u00fdm vinut\u00edm poskytuje konzistentn\u00fa silu ot\u00e1\u010dania, \u010d\u00edm zabezpe\u010duje hladk\u00e9 ohyby bez povrchov\u00e9ho po\u0161kodenia ty\u010de. Obsluha m\u00f4\u017ee na z\u00e1klade potrieb projektu vytv\u00e1ra\u0165 jednoduch\u00e9 aj zlo\u017een\u00e9 obl\u00faky.<\/p>\n<p data-start=\"1205\" data-end=\"1330\">V\u010faka manu\u00e1lnemu ovl\u00e1daniu rukov\u00e4\u0165ou aj volite\u013en\u00e9mu ovl\u00e1daniu no\u017en\u00fdm ped\u00e1lom si pou\u017e\u00edvatelia m\u00f4\u017eu vybra\u0165 najpohodlnej\u0161\u00ed pracovn\u00fd re\u017eim.<\/p>\n<h3 data-start=\"1337\" data-end=\"1382\">\u013dahk\u00fd, odoln\u00fd a pripraven\u00fd na export<\/h3>\n<p data-start=\"1384\" data-end=\"1698\">Hoci je obl\u00fakov\u00e1 oh\u00fdba\u010dka GWH12 kompaktn\u00e1, je vyroben\u00e1 zo zosilnenej ocele na zv\u00fd\u0161enie odolnosti a stability pri pr\u00e1ci. Stroj obsahuje proti\u0161mykov\u00e9 no\u017ei\u010dky, prenosn\u00e9 rukov\u00e4te a kompatibilitu s nap\u00e4t\u00edm 220 V alebo 380 V (50\/60 Hz), \u010do z neho rob\u00ed vynikaj\u00facu vo\u013ebu pre glob\u00e1lny export a mal\u00fdch dod\u00e1vate\u013eov.<\/p>\n<p data-start=\"1700\" data-end=\"1811\">Je obzvl\u00e1\u0161\u0165 vhodn\u00e1 na \u00falohy oh\u00fdbania ty\u010d\u00ed na po\u017eiadanie, pri ktor\u00fdch sa vy\u017eaduje presnos\u0165 a prenosnos\u0165.<\/p>\n<h3 data-start=\"1818\" data-end=\"1871\">K\u013e\u00fa\u010dov\u00e9 vlastnosti oh\u00fdba\u010dky obl\u00fakov GWH12<\/h3>\n<ul data-start=\"1873\" data-end=\"2100\">\n<li data-start=\"1873\" data-end=\"1924\">\n<p data-start=\"1875\" data-end=\"1924\">Oh\u00fdba 6-12 mm armovaciu ty\u010d do obl\u00fakov, kruhov a obl\u00fakov<\/p>\n<\/li>\n<li data-start=\"1925\" data-end=\"1995\">\n<p data-start=\"1927\" data-end=\"1995\">Ide\u00e1lne na architektonick\u00fa v\u00fdzdobu a mal\u00e9 stavebn\u00e9 pr\u00e1ce<\/p>\n<\/li>\n<li data-start=\"1996\" data-end=\"2044\">\n<p data-start=\"1998\" data-end=\"2044\">Kompaktn\u00e9 telo s jednoduch\u00fdm nastaven\u00edm polomeru<\/p>\n<\/li>\n<li data-start=\"2045\" data-end=\"2100\">\n<p data-start=\"2047\" data-end=\"2100\">Pripraven\u00e9 na export s podporou medzin\u00e1rodn\u00e9ho nap\u00e4tia<\/p>\n<\/li>\n<\/ul>\n<p><iframe title=\"# stavebn\u00fd robotn\u00edk # stavebn\u00fd robotn\u00edk # stavebn\u00fd stroj # stavebn\u00fd stroj # stavebn\u00fd stroj # stavebn\u00fd stroj # stavebn\u00fd stroj # stavebn\u00fd stroj\" width=\"720\" height=\"405\" src=\"https:\/\/www.youtube.com\/embed\/kZFU0Z3IPgM?feature=oembed\" frameborder=\"0\" allow=\"accelerometer; autoplay; clipboard-write; encrypted-media; gyroscope; picture-in-picture; web-share\" referrerpolicy=\"strict-origin-when-cross-origin\" allowfullscreen><\/iframe><\/p>","protected":false},"excerpt":{"rendered":"<p>Obl\u00fakov\u00e1 oh\u00fdba\u010dka GWH12 oh\u00fdba 6-12 mm oce\u013eov\u00e9 ty\u010de do hladk\u00fdch kriviek na kon\u0161trukciu a dekor\u00e1ciu. Je kompaktn\u00fd, prenosn\u00fd a ide\u00e1lny do dielne alebo na nen\u00e1ro\u010dn\u00e9 pr\u00e1ce.<\/p>","protected":false},"featured_media":8981,"template":"","meta":{"_kad_post_transparent":"default","_kad_post_title":"","_kad_post_layout":"default","_kad_post_sidebar_id":"","_kad_post_content_style":"default","_kad_post_vertical_padding":"default","_kad_post_feature":"","_kad_post_feature_position":"","_kad_post_header":false,"_kad_post_footer":false},"product_brand":[],"product_cat":[54],"product_tag":[1022,1016,1024,1018,1023,1017,1019,1021,1020,1015],"class_list":{"0":"post-8977","1":"product","2":"type-product","3":"status-publish","4":"has-post-thumbnail","6":"product_cat-rebar-arc-bending-machine","7":"product_tag-arc-shape-bending-machine-for-rebar","8":"product_tag-automatic-rebar-arc-bender","9":"product_tag-bar-arc-bending-machine-for-construction","10":"product_tag-cnc-rebar-arc-bending-equipment","11":"product_tag-curved-rebar-bending-tool","12":"product_tag-hydraulic-arc-bending-machine","13":"product_tag-rebar-circular-bending-machine","14":"product_tag-rebar-radius-bending-machine","15":"product_tag-round-bending-machine-for-steel-bars","16":"product_tag-steel-arc-bending-machine","18":"first","19":"instock","20":"shipping-taxable","21":"product-type-simple","22":"entry","23":"content-bg","24":"loop-entry"},"yoast_head":"<!-- This site is optimized with the Yoast SEO plugin v25.3.1 - https:\/\/yoast.com\/wordpress\/plugins\/seo\/ -->\n<title>Rebar Arc Bending Machine GWH12 - HSY Construction Machinery<\/title>\n<meta name=\"description\" content=\"Rebar Arc Bending Machine GWH12 curves 6\u201312mm steel bars with precision. Ideal for decorative and small structural use. Lightweight and export-ready.\" \/>\n<meta name=\"robots\" content=\"index, follow, max-snippet:-1, max-image-preview:large, max-video-preview:-1\" \/>\n<link rel=\"canonical\" href=\"https:\/\/www.hsymachinery.com\/sk\/produkt\/oblukovy-ohybaci-stroj-na-vystuze-gwh12\/\" \/>\n<meta property=\"og:locale\" content=\"sk_SK\" \/>\n<meta property=\"og:type\" content=\"article\" \/>\n<meta property=\"og:title\" content=\"Rebar Arc Bending Machine GWH12 - HSY Construction Machinery\" \/>\n<meta property=\"og:description\" content=\"Rebar Arc Bending Machine GWH12 curves 6\u201312mm steel bars with precision. Ideal for decorative and small structural use. Lightweight and export-ready.\" \/>\n<meta property=\"og:url\" content=\"https:\/\/www.hsymachinery.com\/sk\/produkt\/oblukovy-ohybaci-stroj-na-vystuze-gwh12\/\" \/>\n<meta property=\"og:site_name\" content=\"HSY Construction Machinery\" \/>\n<meta property=\"article:modified_time\" content=\"2025-06-27T14:32:05+00:00\" \/>\n<meta property=\"og:image\" content=\"https:\/\/www.hsymachinery.com\/wp-content\/uploads\/2025\/06\/Rebar-Arc-Bending-Machine-GWH12.jpg\" \/>\n\t<meta property=\"og:image:width\" content=\"600\" \/>\n\t<meta property=\"og:image:height\" content=\"600\" \/>\n\t<meta property=\"og:image:type\" content=\"image\/jpeg\" \/>\n<meta name=\"twitter:card\" content=\"summary_large_image\" \/>\n<meta name=\"twitter:label1\" content=\"Predpokladan\u00fd \u010das \u010d\u00edtania\" \/>\n\t<meta name=\"twitter:data1\" content=\"2 min\u00faty\" \/>\n<script type=\"application\/ld+json\" class=\"yoast-schema-graph\">{\"@context\":\"https:\/\/schema.org\",\"@graph\":[{\"@type\":\"WebPage\",\"@id\":\"https:\/\/www.hsymachinery.com\/product\/rebar-arc-bending-machine-gwh12\/\",\"url\":\"https:\/\/www.hsymachinery.com\/product\/rebar-arc-bending-machine-gwh12\/\",\"name\":\"Rebar Arc Bending Machine GWH12 - HSY Construction Machinery\",\"isPartOf\":{\"@id\":\"https:\/\/www.hsymachinery.com\/#website\"},\"primaryImageOfPage\":{\"@id\":\"https:\/\/www.hsymachinery.com\/product\/rebar-arc-bending-machine-gwh12\/#primaryimage\"},\"image\":{\"@id\":\"https:\/\/www.hsymachinery.com\/product\/rebar-arc-bending-machine-gwh12\/#primaryimage\"},\"thumbnailUrl\":\"https:\/\/www.hsymachinery.com\/wp-content\/uploads\/2025\/06\/Rebar-Arc-Bending-Machine-GWH12.jpg\",\"datePublished\":\"2025-06-18T04:20:08+00:00\",\"dateModified\":\"2025-06-27T14:32:05+00:00\",\"description\":\"Rebar Arc Bending Machine GWH12 curves 6\u201312mm steel bars with precision. Ideal for decorative and small structural use. Lightweight and export-ready.\",\"breadcrumb\":{\"@id\":\"https:\/\/www.hsymachinery.com\/product\/rebar-arc-bending-machine-gwh12\/#breadcrumb\"},\"inLanguage\":\"sk-SK\",\"potentialAction\":[{\"@type\":\"ReadAction\",\"target\":[\"https:\/\/www.hsymachinery.com\/product\/rebar-arc-bending-machine-gwh12\/\"]}]},{\"@type\":\"ImageObject\",\"inLanguage\":\"sk-SK\",\"@id\":\"https:\/\/www.hsymachinery.com\/product\/rebar-arc-bending-machine-gwh12\/#primaryimage\",\"url\":\"https:\/\/www.hsymachinery.com\/wp-content\/uploads\/2025\/06\/Rebar-Arc-Bending-Machine-GWH12.jpg\",\"contentUrl\":\"https:\/\/www.hsymachinery.com\/wp-content\/uploads\/2025\/06\/Rebar-Arc-Bending-Machine-GWH12.jpg\",\"width\":600,\"height\":600},{\"@type\":\"BreadcrumbList\",\"@id\":\"https:\/\/www.hsymachinery.com\/product\/rebar-arc-bending-machine-gwh12\/#breadcrumb\",\"itemListElement\":[{\"@type\":\"ListItem\",\"position\":1,\"name\":\"home\",\"item\":\"https:\/\/www.hsymachinery.com\/\"},{\"@type\":\"ListItem\",\"position\":2,\"name\":\"products\",\"item\":\"https:\/\/www.hsymachinery.com\/products\/\"},{\"@type\":\"ListItem\",\"position\":3,\"name\":\"Rebar Arc Bending Machine GWH12\"}]},{\"@type\":\"WebSite\",\"@id\":\"https:\/\/www.hsymachinery.com\/#website\",\"url\":\"https:\/\/www.hsymachinery.com\/\",\"name\":\"HSY Construction Machinery\",\"description\":\"HSY Machinery \u2013 A leading China construction machinery supplier, offering a wide range of light construction equipment. Our main products include Rebar Cutting Machine, Rebar Bending Machine, Rebar Stirrup Bending Machine, Rebar Arc Bending Machine, Rebar Straightening Machine, Five-Head Rebar Stirrup Bending Machine, Tamping Rammer, Plate Compactor, Concrete Cutter, Power Trowel, and other construction machinery. We are equipped with advanced CNC machines, and we enforce strict quality inspection standards along with comprehensive after-sales service. If you are interested in our products or services, we warmly welcome your inquiries via message.\",\"publisher\":{\"@id\":\"https:\/\/www.hsymachinery.com\/#organization\"},\"potentialAction\":[{\"@type\":\"SearchAction\",\"target\":{\"@type\":\"EntryPoint\",\"urlTemplate\":\"https:\/\/www.hsymachinery.com\/?s={search_term_string}\"},\"query-input\":{\"@type\":\"PropertyValueSpecification\",\"valueRequired\":true,\"valueName\":\"search_term_string\"}}],\"inLanguage\":\"sk-SK\"},{\"@type\":\"Organization\",\"@id\":\"https:\/\/www.hsymachinery.com\/#organization\",\"name\":\"HSY Construction Machinery\",\"url\":\"https:\/\/www.hsymachinery.com\/\",\"logo\":{\"@type\":\"ImageObject\",\"inLanguage\":\"sk-SK\",\"@id\":\"https:\/\/www.hsymachinery.com\/#\/schema\/logo\/image\/\",\"url\":\"https:\/\/www.hsymachinery.com\/wp-content\/uploads\/2025\/06\/cropped-HSY-machinery.png\",\"contentUrl\":\"https:\/\/www.hsymachinery.com\/wp-content\/uploads\/2025\/06\/cropped-HSY-machinery.png\",\"width\":600,\"height\":240,\"caption\":\"HSY Construction Machinery\"},\"image\":{\"@id\":\"https:\/\/www.hsymachinery.com\/#\/schema\/logo\/image\/\"}}]}<\/script>\n<!-- \/ Yoast SEO plugin. -->","yoast_head_json":{"title":"Obl\u00fakov\u00fd oh\u00fdbac\u00ed stroj GWH12 - Stavebn\u00e9 stroje HSY","description":"Obl\u00fakov\u00fd oh\u00fdbac\u00ed stroj GWH12 presne oh\u00fdba 6-12 mm oce\u013eov\u00e9 ty\u010de. Ide\u00e1lny na dekorat\u00edvne a mal\u00e9 kon\u0161truk\u010dn\u00e9 pou\u017eitie. \u013dahk\u00fd a pripraven\u00fd na export.","robots":{"index":"index","follow":"follow","max-snippet":"max-snippet:-1","max-image-preview":"max-image-preview:large","max-video-preview":"max-video-preview:-1"},"canonical":"https:\/\/www.hsymachinery.com\/sk\/produkt\/oblukovy-ohybaci-stroj-na-vystuze-gwh12\/","og_locale":"sk_SK","og_type":"article","og_title":"Rebar Arc Bending Machine GWH12 - HSY Construction Machinery","og_description":"Rebar Arc Bending Machine GWH12 curves 6\u201312mm steel bars with precision. Ideal for decorative and small structural use. Lightweight and export-ready.","og_url":"https:\/\/www.hsymachinery.com\/sk\/produkt\/oblukovy-ohybaci-stroj-na-vystuze-gwh12\/","og_site_name":"HSY Construction Machinery","article_modified_time":"2025-06-27T14:32:05+00:00","og_image":[{"width":600,"height":600,"url":"https:\/\/www.hsymachinery.com\/wp-content\/uploads\/2025\/06\/Rebar-Arc-Bending-Machine-GWH12.jpg","type":"image\/jpeg"}],"twitter_card":"summary_large_image","twitter_misc":{"Predpokladan\u00fd \u010das \u010d\u00edtania":"2 min\u00faty"},"schema":{"@context":"https:\/\/schema.org","@graph":[{"@type":"WebPage","@id":"https:\/\/www.hsymachinery.com\/product\/rebar-arc-bending-machine-gwh12\/","url":"https:\/\/www.hsymachinery.com\/product\/rebar-arc-bending-machine-gwh12\/","name":"Obl\u00fakov\u00fd oh\u00fdbac\u00ed stroj GWH12 - Stavebn\u00e9 stroje HSY","isPartOf":{"@id":"https:\/\/www.hsymachinery.com\/#website"},"primaryImageOfPage":{"@id":"https:\/\/www.hsymachinery.com\/product\/rebar-arc-bending-machine-gwh12\/#primaryimage"},"image":{"@id":"https:\/\/www.hsymachinery.com\/product\/rebar-arc-bending-machine-gwh12\/#primaryimage"},"thumbnailUrl":"https:\/\/www.hsymachinery.com\/wp-content\/uploads\/2025\/06\/Rebar-Arc-Bending-Machine-GWH12.jpg","datePublished":"2025-06-18T04:20:08+00:00","dateModified":"2025-06-27T14:32:05+00:00","description":"Obl\u00fakov\u00fd oh\u00fdbac\u00ed stroj GWH12 presne oh\u00fdba 6-12 mm oce\u013eov\u00e9 ty\u010de. Ide\u00e1lny na dekorat\u00edvne a mal\u00e9 kon\u0161truk\u010dn\u00e9 pou\u017eitie. \u013dahk\u00fd a pripraven\u00fd na export.","breadcrumb":{"@id":"https:\/\/www.hsymachinery.com\/product\/rebar-arc-bending-machine-gwh12\/#breadcrumb"},"inLanguage":"sk-SK","potentialAction":[{"@type":"ReadAction","target":["https:\/\/www.hsymachinery.com\/product\/rebar-arc-bending-machine-gwh12\/"]}]},{"@type":"ImageObject","inLanguage":"sk-SK","@id":"https:\/\/www.hsymachinery.com\/product\/rebar-arc-bending-machine-gwh12\/#primaryimage","url":"https:\/\/www.hsymachinery.com\/wp-content\/uploads\/2025\/06\/Rebar-Arc-Bending-Machine-GWH12.jpg","contentUrl":"https:\/\/www.hsymachinery.com\/wp-content\/uploads\/2025\/06\/Rebar-Arc-Bending-Machine-GWH12.jpg","width":600,"height":600},{"@type":"BreadcrumbList","@id":"https:\/\/www.hsymachinery.com\/product\/rebar-arc-bending-machine-gwh12\/#breadcrumb","itemListElement":[{"@type":"ListItem","position":1,"name":"home","item":"https:\/\/www.hsymachinery.com\/"},{"@type":"ListItem","position":2,"name":"products","item":"https:\/\/www.hsymachinery.com\/products\/"},{"@type":"ListItem","position":3,"name":"Rebar Arc Bending Machine GWH12"}]},{"@type":"WebSite","@id":"https:\/\/www.hsymachinery.com\/#website","url":"https:\/\/www.hsymachinery.com\/","name":"Stavebn\u00e9 stroje HSY","description":"HSY Machinery - popredn\u00fd dod\u00e1vate\u013e stavebn\u00fdch strojov v \u010c\u00edne, ktor\u00fd pon\u00faka \u0161irok\u00fd sortiment \u013eahk\u00fdch stavebn\u00fdch strojov. Medzi na\u0161e hlavn\u00e9 produkty patr\u00ed stroj na rezanie ty\u010d\u00ed, stroj na oh\u00fdbanie ty\u010d\u00ed, stroj na oh\u00fdbanie ty\u010d\u00ed, stroj na oh\u00fdbanie obl\u00fakov ty\u010d\u00ed, stroj na rovnanie ty\u010d\u00ed, p\u00e4\u0165hlav\u0148ov\u00fd stroj na oh\u00fdbanie ty\u010d\u00ed, podb\u00edja\u010dka, zhut\u0148ova\u010d dosiek, fr\u00e9za na bet\u00f3n, elektrick\u00e1 stierka a \u010fal\u0161ie stavebn\u00e9 stroje. Sme vybaven\u00ed modern\u00fdmi CNC strojmi a presadzujeme pr\u00edsne normy kontroly kvality spolu s komplexn\u00fdm popredajn\u00fdm servisom. Ak m\u00e1te z\u00e1ujem o na\u0161e v\u00fdrobky alebo slu\u017eby, srde\u010dne priv\u00edtame va\u0161e ot\u00e1zky prostredn\u00edctvom spr\u00e1vy.","publisher":{"@id":"https:\/\/www.hsymachinery.com\/#organization"},"potentialAction":[{"@type":"SearchAction","target":{"@type":"EntryPoint","urlTemplate":"https:\/\/www.hsymachinery.com\/?s={search_term_string}"},"query-input":{"@type":"PropertyValueSpecification","valueRequired":true,"valueName":"search_term_string"}}],"inLanguage":"sk-SK"},{"@type":"Organization","@id":"https:\/\/www.hsymachinery.com\/#organization","name":"Stavebn\u00e9 stroje HSY","url":"https:\/\/www.hsymachinery.com\/","logo":{"@type":"ImageObject","inLanguage":"sk-SK","@id":"https:\/\/www.hsymachinery.com\/#\/schema\/logo\/image\/","url":"https:\/\/www.hsymachinery.com\/wp-content\/uploads\/2025\/06\/cropped-HSY-machinery.png","contentUrl":"https:\/\/www.hsymachinery.com\/wp-content\/uploads\/2025\/06\/cropped-HSY-machinery.png","width":600,"height":240,"caption":"HSY Construction Machinery"},"image":{"@id":"https:\/\/www.hsymachinery.com\/#\/schema\/logo\/image\/"}}]}},"_links":{"self":[{"href":"https:\/\/www.hsymachinery.com\/sk\/wp-json\/wp\/v2\/product\/8977","targetHints":{"allow":["GET"]}}],"collection":[{"href":"https:\/\/www.hsymachinery.com\/sk\/wp-json\/wp\/v2\/product"}],"about":[{"href":"https:\/\/www.hsymachinery.com\/sk\/wp-json\/wp\/v2\/types\/product"}],"version-history":[{"count":4,"href":"https:\/\/www.hsymachinery.com\/sk\/wp-json\/wp\/v2\/product\/8977\/revisions"}],"predecessor-version":[{"id":9403,"href":"https:\/\/www.hsymachinery.com\/sk\/wp-json\/wp\/v2\/product\/8977\/revisions\/9403"}],"wp:featuredmedia":[{"embeddable":true,"href":"https:\/\/www.hsymachinery.com\/sk\/wp-json\/wp\/v2\/media\/8981"}],"wp:attachment":[{"href":"https:\/\/www.hsymachinery.com\/sk\/wp-json\/wp\/v2\/media?parent=8977"}],"wp:term":[{"taxonomy":"product_brand","embeddable":true,"href":"https:\/\/www.hsymachinery.com\/sk\/wp-json\/wp\/v2\/product_brand?post=8977"},{"taxonomy":"product_cat","embeddable":true,"href":"https:\/\/www.hsymachinery.com\/sk\/wp-json\/wp\/v2\/product_cat?post=8977"},{"taxonomy":"product_tag","embeddable":true,"href":"https:\/\/www.hsymachinery.com\/sk\/wp-json\/wp\/v2\/product_tag?post=8977"}],"curies":[{"name":"wp","href":"https:\/\/api.w.org\/{rel}","templated":true}]}}