{"id":8968,"date":"2025-06-18T12:10:02","date_gmt":"2025-06-18T04:10:02","guid":{"rendered":"https:\/\/www.hsymachinery.com\/?post_type=product&#038;p=8968"},"modified":"2025-06-27T19:29:41","modified_gmt":"2025-06-27T11:29:41","slug":"stroj-na-ohybanie-tycovych-strmenov-gf32","status":"publish","type":"product","link":"https:\/\/www.hsymachinery.com\/sk\/produkt\/stroj-na-ohybanie-tycovych-strmenov-gf32\/","title":{"rendered":"Stroj na oh\u00fdbanie ty\u010d\u00ed GF32"},"content":{"rendered":"<h2 data-start=\"100\" data-end=\"142\">Stroj na oh\u00fdbanie ty\u010d\u00ed GF32<\/h2>\n<h3 data-start=\"143\" data-end=\"266\">Automatick\u00fd stroj na oh\u00fdbanie strme\u0148ov GF32 pre ty\u010de 6-28 mm | Efekt\u00edvny oce\u013eov\u00fd stroj na oh\u00fdbanie strme\u0148ov pre spracovanie kon\u0161truk\u010dn\u00fdch ty\u010d\u00ed<\/h3>\n<h3 data-start=\"143\" data-end=\"266\">Preh\u013ead produktov - zefekt\u00edvnen\u00e1 v\u00fdroba strme\u0148ov pre ve\u013ek\u00e9 stavebn\u00e9 projekty<\/h3>\n<p data-start=\"369\" data-end=\"650\">Str\u00e1nka <strong data-start=\"373\" data-end=\"411\"><a href=\"https:\/\/www.hsymachinery.com\/sk\/produkty\/stroj-na-ohybanie-tycovych-strmenov\/\" target=\"_blank\" rel=\"noopener\">Stroj na oh\u00fdbanie ty\u010d\u00ed<\/a> GF32<\/strong> je navrhnut\u00fd na tvarovanie 6 a\u017e 28 mm oce\u013eov\u00fdch ty\u010d\u00ed do strme\u0148ov r\u00f4znych tvarov. Sl\u00fa\u017ei stavebn\u00fdm odborn\u00edkom pracuj\u00facim na tuneloch, mostoch, dia\u013eniciach a inej infra\u0161trukt\u00fare, ktor\u00e1 si vy\u017eaduje vysok\u00fa oh\u00fdbate\u013enos\u0165 a presnos\u0165.<\/p>\n<p data-start=\"652\" data-end=\"834\">Model GF32 kombinuje robustn\u00fa kon\u0161trukciu s ovl\u00e1dac\u00edmi prvkami pr\u00edjemn\u00fdmi pre obsluhu, \u010do z neho rob\u00ed ide\u00e1lne rie\u0161enie na vysoko\u00fa\u010dinn\u00fa v\u00fdrobu strme\u0148ov v mobilnom aj stacion\u00e1rnom prostred\u00ed.<\/p>\n<h3 data-start=\"841\" data-end=\"896\">Vysok\u00fd kr\u00fatiaci moment s plynul\u00fdmi uhlov\u00fdmi prechodmi<\/h3>\n<p data-start=\"898\" data-end=\"1169\">V\u010faka motoru priemyselnej triedy a zosilnen\u00e9mu oh\u00fdbaciemu kot\u00fa\u010du pon\u00faka GF32 stabiln\u00fd a siln\u00fd v\u00fdkon pri vysokom pracovnom za\u0165a\u017een\u00ed. Nastavite\u013en\u00e9 obmedzova\u010de uhla umo\u017e\u0148uj\u00fa pou\u017e\u00edvate\u013eom oh\u00fdba\u0165 ty\u010de a\u017e do 180 stup\u0148ov bez toho, aby bolo potrebn\u00e9 po ka\u017edom cykle vykona\u0165 rekalibr\u00e1ciu.<\/p>\n<p data-start=\"1171\" data-end=\"1420\">Na podporu produktivity stroj pracuje s minim\u00e1lnymi vibr\u00e1ciami, zatia\u013e \u010do utesnen\u00e1 prevodovka zaru\u010duje dlh\u00fa \u017eivotnos\u0165 s minim\u00e1lnou \u00fadr\u017ebou. Pou\u017e\u00edvatelia si m\u00f4\u017eu vybra\u0165 medzi manu\u00e1lnym re\u017eimom alebo ovl\u00e1dan\u00edm no\u017en\u00fdm ped\u00e1lom v z\u00e1vislosti od pracovn\u00fdch podmienok.<\/p>\n<h3 data-start=\"1427\" data-end=\"1480\">Skon\u0161truovan\u00e9 pre dlh\u00fa \u017eivotnos\u0165 a glob\u00e1lne v\u00fdkonov\u00e9 \u0161tandardy<\/h3>\n<p data-start=\"1482\" data-end=\"1767\">V\u010faka zv\u00e1ran\u00e9mu oce\u013eov\u00e9mu krytu a r\u00e1mu tlmiacemu vibr\u00e1cie vydr\u017e\u00ed GF32 aj n\u00e1ro\u010dn\u00e9 pou\u017e\u00edvanie na stavenisku. V\u010faka \u0165a\u017ek\u00fdm koles\u00e1m je premiest\u0148ovanie r\u00fdchle a jednoduch\u00e9. A \u010do je najd\u00f4le\u017eitej\u0161ie, v\u010faka kompatibilite s 220V alebo 380V elektrick\u00fdmi syst\u00e9mami (50 Hz\/60 Hz) je pripraven\u00fd na export a pou\u017eite\u013en\u00fd po celom svete.<\/p>\n<p data-start=\"1769\" data-end=\"1894\">V\u010faka vyv\u00e1\u017eenosti presnosti a v\u00fdkonu je GF32 spo\u013eahliv\u00fdm n\u00e1strojom v diel\u0148ach na v\u00fdrobu beton\u00e1rskej ocele aj na stavb\u00e1ch.<\/p>\n<h3 data-start=\"1901\" data-end=\"1957\">K\u013e\u00fa\u010dov\u00e9 vlastnosti oh\u00fdba\u010dky ty\u010d\u00ed GF32<\/h3>\n<ul data-start=\"1959\" data-end=\"2179\">\n<li data-start=\"1959\" data-end=\"2018\">\n<p data-start=\"1961\" data-end=\"2018\">Zvl\u00e1dne priemer ty\u010de 6-28 mm na r\u00fdchlu v\u00fdrobu strme\u0148ov<\/p>\n<\/li>\n<li data-start=\"2019\" data-end=\"2069\">\n<p data-start=\"2021\" data-end=\"2069\">Siln\u00fd kr\u00fatiaci moment s \u010dist\u00fdmi, rovnomern\u00fdmi ohybmi<\/p>\n<\/li>\n<li data-start=\"2070\" data-end=\"2116\">\n<p data-start=\"2072\" data-end=\"2116\">Jednoduch\u00e1 obsluha s dvoma mo\u017enos\u0165ami ovl\u00e1dania<\/p>\n<\/li>\n<li data-start=\"2117\" data-end=\"2179\">\n<p data-start=\"2119\" data-end=\"2179\">Sp\u013a\u0148a medzin\u00e1rodn\u00e9 po\u017eiadavky na nap\u00e4tie pre glob\u00e1lne trhy<\/p>\n<\/li>\n<\/ul>\n<p><iframe title=\"2023\u5e748\u67086\u65e5\" width=\"720\" height=\"405\" src=\"https:\/\/www.youtube.com\/embed\/LeishYuXLvc?feature=oembed\" frameborder=\"0\" allow=\"accelerometer; autoplay; clipboard-write; encrypted-media; gyroscope; picture-in-picture; web-share\" referrerpolicy=\"strict-origin-when-cross-origin\" allowfullscreen><\/iframe><\/p>","protected":false},"excerpt":{"rendered":"<p>Stroj na oh\u00fdbanie ty\u010d\u00ed GF32 tvaruje ty\u010de s priemerom 6-28 mm s presnos\u0165ou a kr\u00fatiacim momentom. Je navrhnut\u00e1 na celosvetov\u00e9 pou\u017eitie a je ide\u00e1lna na vystu\u017eovanie mostov, tunelov a v\u00fd\u0161kov\u00fdch stavieb.<\/p>","protected":false},"featured_media":8969,"template":"","meta":{"_kad_post_transparent":"default","_kad_post_title":"","_kad_post_layout":"default","_kad_post_sidebar_id":"","_kad_post_content_style":"default","_kad_post_vertical_padding":"default","_kad_post_feature":"","_kad_post_feature_position":"","_kad_post_header":false,"_kad_post_footer":false},"product_brand":[],"product_cat":[46],"product_tag":[1005,1006,1010,1008,1009,1013,1012,1014,1007,1011],"class_list":{"0":"post-8968","1":"product","2":"type-product","3":"status-publish","4":"has-post-thumbnail","6":"product_cat-rebar-stirrup-bending-machine","7":"product_tag-automatic-stirrup-bending-machine","8":"product_tag-cnc-rebar-stirrup-bender","9":"product_tag-hydraulic-stirrup-bender","10":"product_tag-rebar-stirrup-bender-machine","11":"product_tag-steel-stirrup-bending-machine","12":"product_tag-stirrup-bender-for-construction","13":"product_tag-stirrup-bending-equipment","14":"product_tag-stirrup-bending-machine-price","15":"product_tag-stirrup-making-machine","16":"product_tag-wire-stirrup-bending-machine","18":"first","19":"instock","20":"shipping-taxable","21":"product-type-simple","22":"entry","23":"content-bg","24":"loop-entry"},"yoast_head":"<!-- This site is optimized with the Yoast SEO plugin v25.3.1 - https:\/\/yoast.com\/wordpress\/plugins\/seo\/ -->\n<title>Rebar Stirrup Bending Machine GF32 - HSY Construction Machinery<\/title>\n<meta name=\"description\" content=\"Rebar Stirrup Bending Machine GF32 processes 6\u201328mm rebar into stirrups efficiently. Built for industrial construction and compatible with international voltage.\" \/>\n<meta name=\"robots\" content=\"index, follow, max-snippet:-1, max-image-preview:large, max-video-preview:-1\" \/>\n<link rel=\"canonical\" href=\"https:\/\/www.hsymachinery.com\/sk\/produkt\/stroj-na-ohybanie-tycovych-strmenov-gf32\/\" \/>\n<meta property=\"og:locale\" content=\"sk_SK\" \/>\n<meta property=\"og:type\" content=\"article\" \/>\n<meta property=\"og:title\" content=\"Rebar Stirrup Bending Machine GF32 - HSY Construction Machinery\" \/>\n<meta property=\"og:description\" content=\"Rebar Stirrup Bending Machine GF32 processes 6\u201328mm rebar into stirrups efficiently. Built for industrial construction and compatible with international voltage.\" \/>\n<meta property=\"og:url\" content=\"https:\/\/www.hsymachinery.com\/sk\/produkt\/stroj-na-ohybanie-tycovych-strmenov-gf32\/\" \/>\n<meta property=\"og:site_name\" content=\"HSY Construction Machinery\" \/>\n<meta property=\"article:modified_time\" content=\"2025-06-27T11:29:41+00:00\" \/>\n<meta property=\"og:image\" content=\"https:\/\/www.hsymachinery.com\/wp-content\/uploads\/2025\/06\/Rebar-Stirrup-Bending-Machine-GF32.jpg\" \/>\n\t<meta property=\"og:image:width\" content=\"600\" \/>\n\t<meta property=\"og:image:height\" content=\"600\" \/>\n\t<meta property=\"og:image:type\" content=\"image\/jpeg\" \/>\n<meta name=\"twitter:card\" content=\"summary_large_image\" \/>\n<meta name=\"twitter:label1\" content=\"Predpokladan\u00fd \u010das \u010d\u00edtania\" \/>\n\t<meta name=\"twitter:data1\" content=\"2 min\u00faty\" \/>\n<script type=\"application\/ld+json\" class=\"yoast-schema-graph\">{\"@context\":\"https:\/\/schema.org\",\"@graph\":[{\"@type\":\"WebPage\",\"@id\":\"https:\/\/www.hsymachinery.com\/product\/rebar-stirrup-bending-machine-gf32\/\",\"url\":\"https:\/\/www.hsymachinery.com\/product\/rebar-stirrup-bending-machine-gf32\/\",\"name\":\"Rebar Stirrup Bending Machine GF32 - HSY Construction Machinery\",\"isPartOf\":{\"@id\":\"https:\/\/www.hsymachinery.com\/#website\"},\"primaryImageOfPage\":{\"@id\":\"https:\/\/www.hsymachinery.com\/product\/rebar-stirrup-bending-machine-gf32\/#primaryimage\"},\"image\":{\"@id\":\"https:\/\/www.hsymachinery.com\/product\/rebar-stirrup-bending-machine-gf32\/#primaryimage\"},\"thumbnailUrl\":\"https:\/\/www.hsymachinery.com\/wp-content\/uploads\/2025\/06\/Rebar-Stirrup-Bending-Machine-GF32.jpg\",\"datePublished\":\"2025-06-18T04:10:02+00:00\",\"dateModified\":\"2025-06-27T11:29:41+00:00\",\"description\":\"Rebar Stirrup Bending Machine GF32 processes 6\u201328mm rebar into stirrups efficiently. Built for industrial construction and compatible with international voltage.\",\"breadcrumb\":{\"@id\":\"https:\/\/www.hsymachinery.com\/product\/rebar-stirrup-bending-machine-gf32\/#breadcrumb\"},\"inLanguage\":\"sk-SK\",\"potentialAction\":[{\"@type\":\"ReadAction\",\"target\":[\"https:\/\/www.hsymachinery.com\/product\/rebar-stirrup-bending-machine-gf32\/\"]}]},{\"@type\":\"ImageObject\",\"inLanguage\":\"sk-SK\",\"@id\":\"https:\/\/www.hsymachinery.com\/product\/rebar-stirrup-bending-machine-gf32\/#primaryimage\",\"url\":\"https:\/\/www.hsymachinery.com\/wp-content\/uploads\/2025\/06\/Rebar-Stirrup-Bending-Machine-GF32.jpg\",\"contentUrl\":\"https:\/\/www.hsymachinery.com\/wp-content\/uploads\/2025\/06\/Rebar-Stirrup-Bending-Machine-GF32.jpg\",\"width\":600,\"height\":600},{\"@type\":\"BreadcrumbList\",\"@id\":\"https:\/\/www.hsymachinery.com\/product\/rebar-stirrup-bending-machine-gf32\/#breadcrumb\",\"itemListElement\":[{\"@type\":\"ListItem\",\"position\":1,\"name\":\"home\",\"item\":\"https:\/\/www.hsymachinery.com\/\"},{\"@type\":\"ListItem\",\"position\":2,\"name\":\"products\",\"item\":\"https:\/\/www.hsymachinery.com\/products\/\"},{\"@type\":\"ListItem\",\"position\":3,\"name\":\"Rebar Stirrup Bending Machine GF32\"}]},{\"@type\":\"WebSite\",\"@id\":\"https:\/\/www.hsymachinery.com\/#website\",\"url\":\"https:\/\/www.hsymachinery.com\/\",\"name\":\"HSY Construction Machinery\",\"description\":\"HSY Machinery \u2013 A leading China construction machinery supplier, offering a wide range of light construction equipment. Our main products include Rebar Cutting Machine, Rebar Bending Machine, Rebar Stirrup Bending Machine, Rebar Arc Bending Machine, Rebar Straightening Machine, Five-Head Rebar Stirrup Bending Machine, Tamping Rammer, Plate Compactor, Concrete Cutter, Power Trowel, and other construction machinery. We are equipped with advanced CNC machines, and we enforce strict quality inspection standards along with comprehensive after-sales service. If you are interested in our products or services, we warmly welcome your inquiries via message.\",\"publisher\":{\"@id\":\"https:\/\/www.hsymachinery.com\/#organization\"},\"potentialAction\":[{\"@type\":\"SearchAction\",\"target\":{\"@type\":\"EntryPoint\",\"urlTemplate\":\"https:\/\/www.hsymachinery.com\/?s={search_term_string}\"},\"query-input\":{\"@type\":\"PropertyValueSpecification\",\"valueRequired\":true,\"valueName\":\"search_term_string\"}}],\"inLanguage\":\"sk-SK\"},{\"@type\":\"Organization\",\"@id\":\"https:\/\/www.hsymachinery.com\/#organization\",\"name\":\"HSY Construction Machinery\",\"url\":\"https:\/\/www.hsymachinery.com\/\",\"logo\":{\"@type\":\"ImageObject\",\"inLanguage\":\"sk-SK\",\"@id\":\"https:\/\/www.hsymachinery.com\/#\/schema\/logo\/image\/\",\"url\":\"https:\/\/www.hsymachinery.com\/wp-content\/uploads\/2025\/06\/cropped-HSY-machinery.png\",\"contentUrl\":\"https:\/\/www.hsymachinery.com\/wp-content\/uploads\/2025\/06\/cropped-HSY-machinery.png\",\"width\":600,\"height\":240,\"caption\":\"HSY Construction Machinery\"},\"image\":{\"@id\":\"https:\/\/www.hsymachinery.com\/#\/schema\/logo\/image\/\"}}]}<\/script>\n<!-- \/ Yoast SEO plugin. -->","yoast_head_json":{"title":"Stroj na oh\u00fdbanie ty\u010d\u00ed GF32 - Stavebn\u00e9 stroje HSY","description":"Stroj na oh\u00fdbanie strme\u0148ov GF32 efekt\u00edvne sprac\u00fava 6-28 mm ty\u010de na strmene. Skon\u0161truovan\u00fd pre priemyseln\u00e9 stavby a kompatibiln\u00fd s medzin\u00e1rodn\u00fdm nap\u00e4t\u00edm.","robots":{"index":"index","follow":"follow","max-snippet":"max-snippet:-1","max-image-preview":"max-image-preview:large","max-video-preview":"max-video-preview:-1"},"canonical":"https:\/\/www.hsymachinery.com\/sk\/produkt\/stroj-na-ohybanie-tycovych-strmenov-gf32\/","og_locale":"sk_SK","og_type":"article","og_title":"Rebar Stirrup Bending Machine GF32 - HSY Construction Machinery","og_description":"Rebar Stirrup Bending Machine GF32 processes 6\u201328mm rebar into stirrups efficiently. Built for industrial construction and compatible with international voltage.","og_url":"https:\/\/www.hsymachinery.com\/sk\/produkt\/stroj-na-ohybanie-tycovych-strmenov-gf32\/","og_site_name":"HSY Construction Machinery","article_modified_time":"2025-06-27T11:29:41+00:00","og_image":[{"width":600,"height":600,"url":"https:\/\/www.hsymachinery.com\/wp-content\/uploads\/2025\/06\/Rebar-Stirrup-Bending-Machine-GF32.jpg","type":"image\/jpeg"}],"twitter_card":"summary_large_image","twitter_misc":{"Predpokladan\u00fd \u010das \u010d\u00edtania":"2 min\u00faty"},"schema":{"@context":"https:\/\/schema.org","@graph":[{"@type":"WebPage","@id":"https:\/\/www.hsymachinery.com\/product\/rebar-stirrup-bending-machine-gf32\/","url":"https:\/\/www.hsymachinery.com\/product\/rebar-stirrup-bending-machine-gf32\/","name":"Stroj na oh\u00fdbanie ty\u010d\u00ed GF32 - Stavebn\u00e9 stroje HSY","isPartOf":{"@id":"https:\/\/www.hsymachinery.com\/#website"},"primaryImageOfPage":{"@id":"https:\/\/www.hsymachinery.com\/product\/rebar-stirrup-bending-machine-gf32\/#primaryimage"},"image":{"@id":"https:\/\/www.hsymachinery.com\/product\/rebar-stirrup-bending-machine-gf32\/#primaryimage"},"thumbnailUrl":"https:\/\/www.hsymachinery.com\/wp-content\/uploads\/2025\/06\/Rebar-Stirrup-Bending-Machine-GF32.jpg","datePublished":"2025-06-18T04:10:02+00:00","dateModified":"2025-06-27T11:29:41+00:00","description":"Stroj na oh\u00fdbanie strme\u0148ov GF32 efekt\u00edvne sprac\u00fava 6-28 mm ty\u010de na strmene. Skon\u0161truovan\u00fd pre priemyseln\u00e9 stavby a kompatibiln\u00fd s medzin\u00e1rodn\u00fdm nap\u00e4t\u00edm.","breadcrumb":{"@id":"https:\/\/www.hsymachinery.com\/product\/rebar-stirrup-bending-machine-gf32\/#breadcrumb"},"inLanguage":"sk-SK","potentialAction":[{"@type":"ReadAction","target":["https:\/\/www.hsymachinery.com\/product\/rebar-stirrup-bending-machine-gf32\/"]}]},{"@type":"ImageObject","inLanguage":"sk-SK","@id":"https:\/\/www.hsymachinery.com\/product\/rebar-stirrup-bending-machine-gf32\/#primaryimage","url":"https:\/\/www.hsymachinery.com\/wp-content\/uploads\/2025\/06\/Rebar-Stirrup-Bending-Machine-GF32.jpg","contentUrl":"https:\/\/www.hsymachinery.com\/wp-content\/uploads\/2025\/06\/Rebar-Stirrup-Bending-Machine-GF32.jpg","width":600,"height":600},{"@type":"BreadcrumbList","@id":"https:\/\/www.hsymachinery.com\/product\/rebar-stirrup-bending-machine-gf32\/#breadcrumb","itemListElement":[{"@type":"ListItem","position":1,"name":"home","item":"https:\/\/www.hsymachinery.com\/"},{"@type":"ListItem","position":2,"name":"products","item":"https:\/\/www.hsymachinery.com\/products\/"},{"@type":"ListItem","position":3,"name":"Rebar Stirrup Bending Machine GF32"}]},{"@type":"WebSite","@id":"https:\/\/www.hsymachinery.com\/#website","url":"https:\/\/www.hsymachinery.com\/","name":"Stavebn\u00e9 stroje HSY","description":"HSY Machinery - popredn\u00fd dod\u00e1vate\u013e stavebn\u00fdch strojov v \u010c\u00edne, ktor\u00fd pon\u00faka \u0161irok\u00fd sortiment \u013eahk\u00fdch stavebn\u00fdch strojov. Medzi na\u0161e hlavn\u00e9 produkty patr\u00ed stroj na rezanie ty\u010d\u00ed, stroj na oh\u00fdbanie ty\u010d\u00ed, stroj na oh\u00fdbanie ty\u010d\u00ed, stroj na oh\u00fdbanie obl\u00fakov ty\u010d\u00ed, stroj na rovnanie ty\u010d\u00ed, p\u00e4\u0165hlav\u0148ov\u00fd stroj na oh\u00fdbanie ty\u010d\u00ed, podb\u00edja\u010dka, zhut\u0148ova\u010d dosiek, fr\u00e9za na bet\u00f3n, elektrick\u00e1 stierka a \u010fal\u0161ie stavebn\u00e9 stroje. Sme vybaven\u00ed modern\u00fdmi CNC strojmi a presadzujeme pr\u00edsne normy kontroly kvality spolu s komplexn\u00fdm popredajn\u00fdm servisom. Ak m\u00e1te z\u00e1ujem o na\u0161e v\u00fdrobky alebo slu\u017eby, srde\u010dne priv\u00edtame va\u0161e ot\u00e1zky prostredn\u00edctvom spr\u00e1vy.","publisher":{"@id":"https:\/\/www.hsymachinery.com\/#organization"},"potentialAction":[{"@type":"SearchAction","target":{"@type":"EntryPoint","urlTemplate":"https:\/\/www.hsymachinery.com\/?s={search_term_string}"},"query-input":{"@type":"PropertyValueSpecification","valueRequired":true,"valueName":"search_term_string"}}],"inLanguage":"sk-SK"},{"@type":"Organization","@id":"https:\/\/www.hsymachinery.com\/#organization","name":"Stavebn\u00e9 stroje HSY","url":"https:\/\/www.hsymachinery.com\/","logo":{"@type":"ImageObject","inLanguage":"sk-SK","@id":"https:\/\/www.hsymachinery.com\/#\/schema\/logo\/image\/","url":"https:\/\/www.hsymachinery.com\/wp-content\/uploads\/2025\/06\/cropped-HSY-machinery.png","contentUrl":"https:\/\/www.hsymachinery.com\/wp-content\/uploads\/2025\/06\/cropped-HSY-machinery.png","width":600,"height":240,"caption":"HSY Construction Machinery"},"image":{"@id":"https:\/\/www.hsymachinery.com\/#\/schema\/logo\/image\/"}}]}},"_links":{"self":[{"href":"https:\/\/www.hsymachinery.com\/sk\/wp-json\/wp\/v2\/product\/8968","targetHints":{"allow":["GET"]}}],"collection":[{"href":"https:\/\/www.hsymachinery.com\/sk\/wp-json\/wp\/v2\/product"}],"about":[{"href":"https:\/\/www.hsymachinery.com\/sk\/wp-json\/wp\/v2\/types\/product"}],"version-history":[{"count":4,"href":"https:\/\/www.hsymachinery.com\/sk\/wp-json\/wp\/v2\/product\/8968\/revisions"}],"predecessor-version":[{"id":9386,"href":"https:\/\/www.hsymachinery.com\/sk\/wp-json\/wp\/v2\/product\/8968\/revisions\/9386"}],"wp:featuredmedia":[{"embeddable":true,"href":"https:\/\/www.hsymachinery.com\/sk\/wp-json\/wp\/v2\/media\/8969"}],"wp:attachment":[{"href":"https:\/\/www.hsymachinery.com\/sk\/wp-json\/wp\/v2\/media?parent=8968"}],"wp:term":[{"taxonomy":"product_brand","embeddable":true,"href":"https:\/\/www.hsymachinery.com\/sk\/wp-json\/wp\/v2\/product_brand?post=8968"},{"taxonomy":"product_cat","embeddable":true,"href":"https:\/\/www.hsymachinery.com\/sk\/wp-json\/wp\/v2\/product_cat?post=8968"},{"taxonomy":"product_tag","embeddable":true,"href":"https:\/\/www.hsymachinery.com\/sk\/wp-json\/wp\/v2\/product_tag?post=8968"}],"curies":[{"name":"wp","href":"https:\/\/api.w.org\/{rel}","templated":true}]}}