{"id":8965,"date":"2025-06-18T12:09:00","date_gmt":"2025-06-18T04:09:00","guid":{"rendered":"https:\/\/www.hsymachinery.com\/?post_type=product&#038;p=8965"},"modified":"2025-06-27T17:54:45","modified_gmt":"2025-06-27T09:54:45","slug":"stroj-na-ohybanie-tycovych-strmenov-gf28","status":"publish","type":"product","link":"https:\/\/www.hsymachinery.com\/sk\/produkt\/stroj-na-ohybanie-tycovych-strmenov-gf28\/","title":{"rendered":"Stroj na oh\u00fdbanie ty\u010d\u00ed GF28"},"content":{"rendered":"<h2 data-start=\"100\" data-end=\"142\">Stroj na oh\u00fdbanie ty\u010d\u00ed GF28<\/h2>\n<h3 data-start=\"143\" data-end=\"263\">Heavy-Duty Stirrup Bender pre 6-22mm Rebar | Presn\u00fd stroj na oh\u00fdbanie ty\u010d\u00ed GF28 pre bet\u00f3nov\u00fa v\u00fdstu\u017e<\/h3>\n<h3 data-start=\"270\" data-end=\"362\">\u00a0Preh\u013ead produktov - Spo\u013eahliv\u00e9 zariadenie na tvarovanie strmienkov na vystu\u017eovanie nosn\u00edkov a dosiek<\/h3>\n<p data-start=\"364\" data-end=\"678\">Str\u00e1nka <strong data-start=\"368\" data-end=\"406\"><a href=\"https:\/\/www.hsymachinery.com\/sk\/produkty\/stroj-na-ohybanie-tycovych-strmenov\/\" target=\"_blank\" rel=\"noopener\">Stroj na oh\u00fdbanie ty\u010d\u00ed<\/a> GF28<\/strong> pon\u00faka r\u00fdchlu, spo\u013eahliv\u00fa a konzistentn\u00fa met\u00f3du oh\u00fdbania 6 mm a\u017e 25 mm armovac\u00edch ty\u010d\u00ed do tvarov strme\u0148ov. Tento stroj je navrhnut\u00fd pre n\u00e1ro\u010dn\u00e9 pracovisk\u00e1, \u0161iroko sa pou\u017e\u00edva pri v\u00fdstavbe infra\u0161trukt\u00fary, v\u00fd\u0161kov\u00fdch projektoch a pri spracovan\u00ed prefabrikovanej ocele.<\/p>\n<p data-start=\"680\" data-end=\"826\">V\u010faka pevnej kon\u0161trukcii, v\u00fdkonn\u00e9mu motoru a jednoduchej obsluhe je model GF28 ide\u00e1lny na v\u00fdrobu strme\u0148ov potrebn\u00fdch pre nosn\u00edky, st\u013apy a dosky.<\/p>\n<h3 data-start=\"833\" data-end=\"876\">Hladk\u00e9 oh\u00fdbanie s priemyseln\u00fdm v\u00fdkonom<\/h3>\n<p data-start=\"878\" data-end=\"1247\">Str\u00e1nka <strong data-start=\"882\" data-end=\"905\">Oh\u00fdba\u010dka strme\u0148ov GF28<\/strong> je vybaven\u00fd vysoko presn\u00fdm kot\u00fa\u010dov\u00fdm syst\u00e9mom a dvojit\u00fdmi uhlov\u00fdmi zar\u00e1\u017ekami, ktor\u00e9 pom\u00e1haj\u00fa vytv\u00e1ra\u0165 presn\u00e9 tvary strme\u0148ov s minim\u00e1lnym \u00fasil\u00edm. \u010ci u\u017e ide o tvarovanie \u0161tvorcov\u00fdch, obd\u013a\u017enikov\u00fdch alebo polyg\u00f3nov\u00fdch strme\u0148ov, obsluha m\u00f4\u017ee dosiahnu\u0165 opakovate\u013en\u00fa kontrolu uhla a\u017e do 180\u00b0. V\u00fdkonn\u00fd motor s meden\u00fdm jadrom zabezpe\u010duje plynul\u00fd, nepreru\u0161ovan\u00fd kr\u00fatiaci moment po\u010das dlh\u0161ej prev\u00e1dzky.<\/p>\n<p data-start=\"1249\" data-end=\"1414\">Utesnen\u00e1, olejom mazan\u00e1 prevodovka zni\u017euje hlu\u010dnos\u0165 a chr\u00e1ni vn\u00fatorn\u00e9 komponenty, zatia\u013e \u010do manu\u00e1lne alebo no\u017en\u00fdm ped\u00e1lom ovl\u00e1dan\u00e9 zariadenie poskytuje pou\u017e\u00edvate\u013eom \u00fapln\u00fa flexibilitu a bezpe\u010dnos\u0165.<\/p>\n<h3 data-start=\"1421\" data-end=\"1464\">Vytvoren\u00e9 na v\u00fdkon na glob\u00e1lnych pracovisk\u00e1ch<\/h3>\n<p data-start=\"1466\" data-end=\"1782\">Kon\u0161trukcia GF28 je vyroben\u00e1 zo zosilnenej ocele a je odoln\u00e1 vo\u010di vibr\u00e1ci\u00e1m a tlaku s vysok\u00fdm kr\u00fatiacim momentom. Jeho priemyseln\u00e9 pojazdn\u00e9 kolieska podporuj\u00fa premiest\u0148ovanie v r\u00e1mci pracovn\u00fdch z\u00f3n a v\u010faka mo\u017enostiam nap\u00e4tia (220 V\/380 V, 50 Hz\/60 Hz) je kompatibiln\u00fd s energetick\u00fdmi normami v \u00c1zii, na Strednom v\u00fdchode, v Afrike a Ju\u017enej Amerike.<\/p>\n<p data-start=\"1784\" data-end=\"1902\">V\u010faka svojej vysokej \u00fa\u010dinnosti a jednoduchej krivke u\u010denia pom\u00e1ha GF28 zni\u017eova\u0165 n\u00e1klady na pr\u00e1cu a z\u00e1rove\u0148 zvy\u0161ova\u0165 produktivitu.<\/p>\n<h3 data-start=\"1909\" data-end=\"1965\">K\u013e\u00fa\u010dov\u00e9 vlastnosti oh\u00fdba\u010dky armovac\u00edch ty\u010d\u00ed GF28<\/h3>\n<ul data-start=\"1967\" data-end=\"2218\">\n<li data-start=\"1967\" data-end=\"2026\">\n<p data-start=\"1969\" data-end=\"2026\">Tvaruje 6-25 mm oce\u013eov\u00e9 ty\u010de do strme\u0148ov s \u010dist\u00fdmi uhlami<\/p>\n<\/li>\n<li data-start=\"2027\" data-end=\"2095\">\n<p data-start=\"2029\" data-end=\"2095\">Odoln\u00e1 prevodovka, priemyseln\u00fd motor a r\u00e1m odoln\u00fd vo\u010di vibr\u00e1ci\u00e1m<\/p>\n<\/li>\n<li data-start=\"2096\" data-end=\"2152\">\n<p data-start=\"2098\" data-end=\"2152\">Dvojit\u00fd syst\u00e9m ovl\u00e1dania: no\u017en\u00fd ped\u00e1l a manu\u00e1lne ovl\u00e1danie<\/p>\n<\/li>\n<li data-start=\"2153\" data-end=\"2218\">\n<p data-start=\"2155\" data-end=\"2218\">Prisp\u00f4sobenie nap\u00e4tia pre export a medzin\u00e1rodn\u00e9 nasadenie<\/p>\n<\/li>\n<\/ul>\n<p><iframe title=\"# stavebn\u00fd robotn\u00edk # stavebn\u00fd robotn\u00edk # stavebn\u00fd stroj # stavebn\u00fd stroj # stavebn\u00fd stroj # stavebn\u00fd stroj # stavebn\u00fd stroj # stavebn\u00fd stroj\" width=\"720\" height=\"405\" src=\"https:\/\/www.youtube.com\/embed\/lK_ZDXYgtu0?feature=oembed\" frameborder=\"0\" allow=\"accelerometer; autoplay; clipboard-write; encrypted-media; gyroscope; picture-in-picture; web-share\" referrerpolicy=\"strict-origin-when-cross-origin\" allowfullscreen><\/iframe><\/p>","protected":false},"excerpt":{"rendered":"<p data-start=\"2258\" data-end=\"2438\">Stroj na oh\u00fdbanie strme\u0148ov GF28 oh\u00fdba 6-25 mm armovacie ty\u010de do strme\u0148ov na stavebn\u00e9 \u00fa\u010dely. V\u010faka v\u00fdkonn\u00e9mu motoru a robustn\u00e9mu r\u00e1mu spo\u013eahlivo pracuje v n\u00e1ro\u010dn\u00fdch podmienkach.<\/p>","protected":false},"featured_media":8966,"template":"","meta":{"_kad_post_transparent":"default","_kad_post_title":"","_kad_post_layout":"default","_kad_post_sidebar_id":"","_kad_post_content_style":"default","_kad_post_vertical_padding":"default","_kad_post_feature":"","_kad_post_feature_position":"","_kad_post_header":false,"_kad_post_footer":false},"product_brand":[],"product_cat":[46],"product_tag":[1005,1006,1010,1008,1009,1013,1012,1014,1007,1011],"class_list":{"0":"post-8965","1":"product","2":"type-product","3":"status-publish","4":"has-post-thumbnail","6":"product_cat-rebar-stirrup-bending-machine","7":"product_tag-automatic-stirrup-bending-machine","8":"product_tag-cnc-rebar-stirrup-bender","9":"product_tag-hydraulic-stirrup-bender","10":"product_tag-rebar-stirrup-bender-machine","11":"product_tag-steel-stirrup-bending-machine","12":"product_tag-stirrup-bender-for-construction","13":"product_tag-stirrup-bending-equipment","14":"product_tag-stirrup-bending-machine-price","15":"product_tag-stirrup-making-machine","16":"product_tag-wire-stirrup-bending-machine","18":"first","19":"instock","20":"featured","21":"shipping-taxable","22":"product-type-simple","23":"entry","24":"content-bg","25":"loop-entry"},"yoast_head":"<!-- This site is optimized with the Yoast SEO plugin v25.3.1 - https:\/\/yoast.com\/wordpress\/plugins\/seo\/ -->\n<title>Rebar Stirrup Bending Machine GF28 - HSY Construction Machinery<\/title>\n<meta name=\"description\" content=\"Rebar Stirrup Bending Machine GF28 bends 6\u201325mm bars into stirrups with speed and precision. Heavy-duty, export-ready, and ideal for beam and slab reinforcement.\" \/>\n<meta name=\"robots\" content=\"index, follow, max-snippet:-1, max-image-preview:large, max-video-preview:-1\" \/>\n<link rel=\"canonical\" href=\"https:\/\/www.hsymachinery.com\/sk\/produkt\/stroj-na-ohybanie-tycovych-strmenov-gf28\/\" \/>\n<meta property=\"og:locale\" content=\"sk_SK\" \/>\n<meta property=\"og:type\" content=\"article\" \/>\n<meta property=\"og:title\" content=\"Rebar Stirrup Bending Machine GF28 - HSY Construction Machinery\" \/>\n<meta property=\"og:description\" content=\"Rebar Stirrup Bending Machine GF28 bends 6\u201325mm bars into stirrups with speed and precision. Heavy-duty, export-ready, and ideal for beam and slab reinforcement.\" \/>\n<meta property=\"og:url\" content=\"https:\/\/www.hsymachinery.com\/sk\/produkt\/stroj-na-ohybanie-tycovych-strmenov-gf28\/\" \/>\n<meta property=\"og:site_name\" content=\"HSY Construction Machinery\" \/>\n<meta property=\"article:modified_time\" content=\"2025-06-27T09:54:45+00:00\" \/>\n<meta property=\"og:image\" content=\"https:\/\/www.hsymachinery.com\/wp-content\/uploads\/2025\/06\/Rebar-Stirrup-Bending-Machine-GF28.jpg\" \/>\n\t<meta property=\"og:image:width\" content=\"600\" \/>\n\t<meta property=\"og:image:height\" content=\"600\" \/>\n\t<meta property=\"og:image:type\" content=\"image\/jpeg\" \/>\n<meta name=\"twitter:card\" content=\"summary_large_image\" \/>\n<meta name=\"twitter:label1\" content=\"Predpokladan\u00fd \u010das \u010d\u00edtania\" \/>\n\t<meta name=\"twitter:data1\" content=\"2 min\u00faty\" \/>\n<script type=\"application\/ld+json\" class=\"yoast-schema-graph\">{\"@context\":\"https:\/\/schema.org\",\"@graph\":[{\"@type\":\"WebPage\",\"@id\":\"https:\/\/www.hsymachinery.com\/product\/rebar-stirrup-bending-machine-gf28\/\",\"url\":\"https:\/\/www.hsymachinery.com\/product\/rebar-stirrup-bending-machine-gf28\/\",\"name\":\"Rebar Stirrup Bending Machine GF28 - HSY Construction Machinery\",\"isPartOf\":{\"@id\":\"https:\/\/www.hsymachinery.com\/#website\"},\"primaryImageOfPage\":{\"@id\":\"https:\/\/www.hsymachinery.com\/product\/rebar-stirrup-bending-machine-gf28\/#primaryimage\"},\"image\":{\"@id\":\"https:\/\/www.hsymachinery.com\/product\/rebar-stirrup-bending-machine-gf28\/#primaryimage\"},\"thumbnailUrl\":\"https:\/\/www.hsymachinery.com\/wp-content\/uploads\/2025\/06\/Rebar-Stirrup-Bending-Machine-GF28.jpg\",\"datePublished\":\"2025-06-18T04:09:00+00:00\",\"dateModified\":\"2025-06-27T09:54:45+00:00\",\"description\":\"Rebar Stirrup Bending Machine GF28 bends 6\u201325mm bars into stirrups with speed and precision. Heavy-duty, export-ready, and ideal for beam and slab reinforcement.\",\"breadcrumb\":{\"@id\":\"https:\/\/www.hsymachinery.com\/product\/rebar-stirrup-bending-machine-gf28\/#breadcrumb\"},\"inLanguage\":\"sk-SK\",\"potentialAction\":[{\"@type\":\"ReadAction\",\"target\":[\"https:\/\/www.hsymachinery.com\/product\/rebar-stirrup-bending-machine-gf28\/\"]}]},{\"@type\":\"ImageObject\",\"inLanguage\":\"sk-SK\",\"@id\":\"https:\/\/www.hsymachinery.com\/product\/rebar-stirrup-bending-machine-gf28\/#primaryimage\",\"url\":\"https:\/\/www.hsymachinery.com\/wp-content\/uploads\/2025\/06\/Rebar-Stirrup-Bending-Machine-GF28.jpg\",\"contentUrl\":\"https:\/\/www.hsymachinery.com\/wp-content\/uploads\/2025\/06\/Rebar-Stirrup-Bending-Machine-GF28.jpg\",\"width\":600,\"height\":600},{\"@type\":\"BreadcrumbList\",\"@id\":\"https:\/\/www.hsymachinery.com\/product\/rebar-stirrup-bending-machine-gf28\/#breadcrumb\",\"itemListElement\":[{\"@type\":\"ListItem\",\"position\":1,\"name\":\"home\",\"item\":\"https:\/\/www.hsymachinery.com\/\"},{\"@type\":\"ListItem\",\"position\":2,\"name\":\"products\",\"item\":\"https:\/\/www.hsymachinery.com\/products\/\"},{\"@type\":\"ListItem\",\"position\":3,\"name\":\"Rebar Stirrup Bending Machine GF28\"}]},{\"@type\":\"WebSite\",\"@id\":\"https:\/\/www.hsymachinery.com\/#website\",\"url\":\"https:\/\/www.hsymachinery.com\/\",\"name\":\"HSY Construction Machinery\",\"description\":\"HSY Machinery \u2013 A leading China construction machinery supplier, offering a wide range of light construction equipment. Our main products include Rebar Cutting Machine, Rebar Bending Machine, Rebar Stirrup Bending Machine, Rebar Arc Bending Machine, Rebar Straightening Machine, Five-Head Rebar Stirrup Bending Machine, Tamping Rammer, Plate Compactor, Concrete Cutter, Power Trowel, and other construction machinery. We are equipped with advanced CNC machines, and we enforce strict quality inspection standards along with comprehensive after-sales service. If you are interested in our products or services, we warmly welcome your inquiries via message.\",\"publisher\":{\"@id\":\"https:\/\/www.hsymachinery.com\/#organization\"},\"potentialAction\":[{\"@type\":\"SearchAction\",\"target\":{\"@type\":\"EntryPoint\",\"urlTemplate\":\"https:\/\/www.hsymachinery.com\/?s={search_term_string}\"},\"query-input\":{\"@type\":\"PropertyValueSpecification\",\"valueRequired\":true,\"valueName\":\"search_term_string\"}}],\"inLanguage\":\"sk-SK\"},{\"@type\":\"Organization\",\"@id\":\"https:\/\/www.hsymachinery.com\/#organization\",\"name\":\"HSY Construction Machinery\",\"url\":\"https:\/\/www.hsymachinery.com\/\",\"logo\":{\"@type\":\"ImageObject\",\"inLanguage\":\"sk-SK\",\"@id\":\"https:\/\/www.hsymachinery.com\/#\/schema\/logo\/image\/\",\"url\":\"https:\/\/www.hsymachinery.com\/wp-content\/uploads\/2025\/06\/cropped-HSY-machinery.png\",\"contentUrl\":\"https:\/\/www.hsymachinery.com\/wp-content\/uploads\/2025\/06\/cropped-HSY-machinery.png\",\"width\":600,\"height\":240,\"caption\":\"HSY Construction Machinery\"},\"image\":{\"@id\":\"https:\/\/www.hsymachinery.com\/#\/schema\/logo\/image\/\"}}]}<\/script>\n<!-- \/ Yoast SEO plugin. -->","yoast_head_json":{"title":"Stroj na oh\u00fdbanie ty\u010d\u00ed GF28 - Stavebn\u00e9 stroje HSY","description":"Stroj na oh\u00fdbanie strme\u0148ov GF28 oh\u00fdba 6-25 mm ty\u010de do strme\u0148ov s r\u00fdchlos\u0165ou a presnos\u0165ou. Je odoln\u00fd, pripraven\u00fd na export a ide\u00e1lny na vystu\u017eovanie nosn\u00edkov a dosiek.","robots":{"index":"index","follow":"follow","max-snippet":"max-snippet:-1","max-image-preview":"max-image-preview:large","max-video-preview":"max-video-preview:-1"},"canonical":"https:\/\/www.hsymachinery.com\/sk\/produkt\/stroj-na-ohybanie-tycovych-strmenov-gf28\/","og_locale":"sk_SK","og_type":"article","og_title":"Rebar Stirrup Bending Machine GF28 - HSY Construction Machinery","og_description":"Rebar Stirrup Bending Machine GF28 bends 6\u201325mm bars into stirrups with speed and precision. Heavy-duty, export-ready, and ideal for beam and slab reinforcement.","og_url":"https:\/\/www.hsymachinery.com\/sk\/produkt\/stroj-na-ohybanie-tycovych-strmenov-gf28\/","og_site_name":"HSY Construction Machinery","article_modified_time":"2025-06-27T09:54:45+00:00","og_image":[{"width":600,"height":600,"url":"https:\/\/www.hsymachinery.com\/wp-content\/uploads\/2025\/06\/Rebar-Stirrup-Bending-Machine-GF28.jpg","type":"image\/jpeg"}],"twitter_card":"summary_large_image","twitter_misc":{"Predpokladan\u00fd \u010das \u010d\u00edtania":"2 min\u00faty"},"schema":{"@context":"https:\/\/schema.org","@graph":[{"@type":"WebPage","@id":"https:\/\/www.hsymachinery.com\/product\/rebar-stirrup-bending-machine-gf28\/","url":"https:\/\/www.hsymachinery.com\/product\/rebar-stirrup-bending-machine-gf28\/","name":"Stroj na oh\u00fdbanie ty\u010d\u00ed GF28 - Stavebn\u00e9 stroje HSY","isPartOf":{"@id":"https:\/\/www.hsymachinery.com\/#website"},"primaryImageOfPage":{"@id":"https:\/\/www.hsymachinery.com\/product\/rebar-stirrup-bending-machine-gf28\/#primaryimage"},"image":{"@id":"https:\/\/www.hsymachinery.com\/product\/rebar-stirrup-bending-machine-gf28\/#primaryimage"},"thumbnailUrl":"https:\/\/www.hsymachinery.com\/wp-content\/uploads\/2025\/06\/Rebar-Stirrup-Bending-Machine-GF28.jpg","datePublished":"2025-06-18T04:09:00+00:00","dateModified":"2025-06-27T09:54:45+00:00","description":"Stroj na oh\u00fdbanie strme\u0148ov GF28 oh\u00fdba 6-25 mm ty\u010de do strme\u0148ov s r\u00fdchlos\u0165ou a presnos\u0165ou. Je odoln\u00fd, pripraven\u00fd na export a ide\u00e1lny na vystu\u017eovanie nosn\u00edkov a dosiek.","breadcrumb":{"@id":"https:\/\/www.hsymachinery.com\/product\/rebar-stirrup-bending-machine-gf28\/#breadcrumb"},"inLanguage":"sk-SK","potentialAction":[{"@type":"ReadAction","target":["https:\/\/www.hsymachinery.com\/product\/rebar-stirrup-bending-machine-gf28\/"]}]},{"@type":"ImageObject","inLanguage":"sk-SK","@id":"https:\/\/www.hsymachinery.com\/product\/rebar-stirrup-bending-machine-gf28\/#primaryimage","url":"https:\/\/www.hsymachinery.com\/wp-content\/uploads\/2025\/06\/Rebar-Stirrup-Bending-Machine-GF28.jpg","contentUrl":"https:\/\/www.hsymachinery.com\/wp-content\/uploads\/2025\/06\/Rebar-Stirrup-Bending-Machine-GF28.jpg","width":600,"height":600},{"@type":"BreadcrumbList","@id":"https:\/\/www.hsymachinery.com\/product\/rebar-stirrup-bending-machine-gf28\/#breadcrumb","itemListElement":[{"@type":"ListItem","position":1,"name":"home","item":"https:\/\/www.hsymachinery.com\/"},{"@type":"ListItem","position":2,"name":"products","item":"https:\/\/www.hsymachinery.com\/products\/"},{"@type":"ListItem","position":3,"name":"Rebar Stirrup Bending Machine GF28"}]},{"@type":"WebSite","@id":"https:\/\/www.hsymachinery.com\/#website","url":"https:\/\/www.hsymachinery.com\/","name":"Stavebn\u00e9 stroje HSY","description":"HSY Machinery - popredn\u00fd dod\u00e1vate\u013e stavebn\u00fdch strojov v \u010c\u00edne, ktor\u00fd pon\u00faka \u0161irok\u00fd sortiment \u013eahk\u00fdch stavebn\u00fdch strojov. Medzi na\u0161e hlavn\u00e9 produkty patr\u00ed stroj na rezanie ty\u010d\u00ed, stroj na oh\u00fdbanie ty\u010d\u00ed, stroj na oh\u00fdbanie ty\u010d\u00ed, stroj na oh\u00fdbanie obl\u00fakov ty\u010d\u00ed, stroj na rovnanie ty\u010d\u00ed, p\u00e4\u0165hlav\u0148ov\u00fd stroj na oh\u00fdbanie ty\u010d\u00ed, podb\u00edja\u010dka, zhut\u0148ova\u010d dosiek, fr\u00e9za na bet\u00f3n, elektrick\u00e1 stierka a \u010fal\u0161ie stavebn\u00e9 stroje. Sme vybaven\u00ed modern\u00fdmi CNC strojmi a presadzujeme pr\u00edsne normy kontroly kvality spolu s komplexn\u00fdm popredajn\u00fdm servisom. Ak m\u00e1te z\u00e1ujem o na\u0161e v\u00fdrobky alebo slu\u017eby, srde\u010dne priv\u00edtame va\u0161e ot\u00e1zky prostredn\u00edctvom spr\u00e1vy.","publisher":{"@id":"https:\/\/www.hsymachinery.com\/#organization"},"potentialAction":[{"@type":"SearchAction","target":{"@type":"EntryPoint","urlTemplate":"https:\/\/www.hsymachinery.com\/?s={search_term_string}"},"query-input":{"@type":"PropertyValueSpecification","valueRequired":true,"valueName":"search_term_string"}}],"inLanguage":"sk-SK"},{"@type":"Organization","@id":"https:\/\/www.hsymachinery.com\/#organization","name":"Stavebn\u00e9 stroje HSY","url":"https:\/\/www.hsymachinery.com\/","logo":{"@type":"ImageObject","inLanguage":"sk-SK","@id":"https:\/\/www.hsymachinery.com\/#\/schema\/logo\/image\/","url":"https:\/\/www.hsymachinery.com\/wp-content\/uploads\/2025\/06\/cropped-HSY-machinery.png","contentUrl":"https:\/\/www.hsymachinery.com\/wp-content\/uploads\/2025\/06\/cropped-HSY-machinery.png","width":600,"height":240,"caption":"HSY Construction Machinery"},"image":{"@id":"https:\/\/www.hsymachinery.com\/#\/schema\/logo\/image\/"}}]}},"_links":{"self":[{"href":"https:\/\/www.hsymachinery.com\/sk\/wp-json\/wp\/v2\/product\/8965","targetHints":{"allow":["GET"]}}],"collection":[{"href":"https:\/\/www.hsymachinery.com\/sk\/wp-json\/wp\/v2\/product"}],"about":[{"href":"https:\/\/www.hsymachinery.com\/sk\/wp-json\/wp\/v2\/types\/product"}],"version-history":[{"count":3,"href":"https:\/\/www.hsymachinery.com\/sk\/wp-json\/wp\/v2\/product\/8965\/revisions"}],"predecessor-version":[{"id":9381,"href":"https:\/\/www.hsymachinery.com\/sk\/wp-json\/wp\/v2\/product\/8965\/revisions\/9381"}],"wp:featuredmedia":[{"embeddable":true,"href":"https:\/\/www.hsymachinery.com\/sk\/wp-json\/wp\/v2\/media\/8966"}],"wp:attachment":[{"href":"https:\/\/www.hsymachinery.com\/sk\/wp-json\/wp\/v2\/media?parent=8965"}],"wp:term":[{"taxonomy":"product_brand","embeddable":true,"href":"https:\/\/www.hsymachinery.com\/sk\/wp-json\/wp\/v2\/product_brand?post=8965"},{"taxonomy":"product_cat","embeddable":true,"href":"https:\/\/www.hsymachinery.com\/sk\/wp-json\/wp\/v2\/product_cat?post=8965"},{"taxonomy":"product_tag","embeddable":true,"href":"https:\/\/www.hsymachinery.com\/sk\/wp-json\/wp\/v2\/product_tag?post=8965"}],"curies":[{"name":"wp","href":"https:\/\/api.w.org\/{rel}","templated":true}]}}