{"id":8958,"date":"2025-06-18T12:05:35","date_gmt":"2025-06-18T04:05:35","guid":{"rendered":"https:\/\/www.hsymachinery.com\/?post_type=product&#038;p=8958"},"modified":"2025-06-27T17:33:18","modified_gmt":"2025-06-27T09:33:18","slug":"stroj-na-ohybanie-tycovych-strmenov-gf20","status":"publish","type":"product","link":"https:\/\/www.hsymachinery.com\/sk\/produkt\/stroj-na-ohybanie-tycovych-strmenov-gf20\/","title":{"rendered":"Stroj na oh\u00fdbanie ty\u010d\u00ed GF20"},"content":{"rendered":"<h3 data-start=\"137\" data-end=\"227\">Kompaktn\u00fd oh\u00fdba\u010d strme\u0148ov pre oce\u013e 6-16 mm | Automatick\u00fd stroj na oh\u00fdbanie strme\u0148ov GF20<\/h3>\n<h3 data-start=\"234\" data-end=\"332\">Preh\u013ead produktov - Presn\u00e9 oh\u00fdba\u010dky na v\u00fdstu\u017en\u00e9 ty\u010de pre mal\u00e9 a stredn\u00e9 stavebn\u00e9 projekty<\/h3>\n<p data-start=\"334\" data-end=\"634\">Str\u00e1nka <strong data-start=\"338\" data-end=\"376\">Stroj na oh\u00fdbanie ty\u010d\u00ed GF20<\/strong> je kompaktn\u00fd a \u00fa\u010dinn\u00fd n\u00e1stroj ur\u010den\u00fd na spracovanie 6 mm a\u017e 16 mm armovac\u00edch pr\u00fatov do presn\u00fdch tvarov strme\u0148ov. Tento stroj je ide\u00e1lny pre bytov\u00fa a komer\u010dn\u00fa v\u00fdstavbu, tvaruje \u0161tvorcov\u00e9, obd\u013a\u017enikov\u00e9 a polygon\u00e1lne strmene s vysokou r\u00fdchlos\u0165ou a opakovate\u013enos\u0165ou.<\/p>\n<p data-start=\"636\" data-end=\"809\">V\u010faka mal\u00fdm rozmerom a n\u00edzkej spotrebe energie je ide\u00e1lny na stavenisk\u00e1 alebo do dieln\u00ed s obmedzen\u00fdm priestorom, zatia\u013e \u010do pou\u017e\u00edvate\u013esky pr\u00edvetiv\u00fd dizajn zaru\u010duje r\u00fdchle nastavenie a prev\u00e1dzku.<\/p>\n<h3 data-start=\"816\" data-end=\"865\">Jednoduch\u00e9 nastavenie uhla a spo\u013eahliv\u00e1 prev\u00e1dzka<\/h3>\n<p data-start=\"867\" data-end=\"1205\">Str\u00e1nka <strong data-start=\"871\" data-end=\"909\">GF20 <a href=\"https:\/\/www.hsymachinery.com\/sk\/produkty\/stroj-na-ohybanie-tycovych-strmenov\/\" target=\"_blank\" rel=\"noopener\">stroj na oh\u00fdbanie ty\u010dov\u00fdch strme\u0148ov<\/a><\/strong> je vybaven\u00fd prednastaven\u00fdmi voli\u010dmi uhlov a oto\u010dnou oh\u00fdbacou doskou, ktor\u00e1 umo\u017e\u0148uje uhly a\u017e do 180\u00b0. Oper\u00e1tori m\u00f4\u017eu oh\u00fdba\u0165 strmene opakovane s minim\u00e1lnou odch\u00fdlkou. Meden\u00fd motor poskytuje plynul\u00fd kr\u00fatiaci moment a dlhotrvaj\u00faci v\u00fdkon, zatia\u013e \u010do utesnen\u00e1 prevodovka nevy\u017eaduje n\u00e1ro\u010dn\u00fa \u00fadr\u017ebu.<\/p>\n<p data-start=\"1207\" data-end=\"1348\">V\u010faka dvom prev\u00e1dzkov\u00fdm re\u017eimom (ru\u010dn\u00e9mu a no\u017en\u00e9mu ovl\u00e1daniu) sa stroj prisp\u00f4sob\u00ed r\u00f4znym preferenci\u00e1m pou\u017e\u00edvate\u013ea a zvy\u0161uje bezpe\u010dnos\u0165 na pracovisku.<\/p>\n<h3 data-start=\"1355\" data-end=\"1400\">\u013dahk\u00fd, odoln\u00fd a pripraven\u00fd na export<\/h3>\n<p data-start=\"1402\" data-end=\"1691\">Napriek kompaktn\u00fdm rozmerom m\u00e1 GF20 robustn\u00fd oce\u013eov\u00fd r\u00e1m, komponenty odoln\u00e9 vo\u010di vibr\u00e1ci\u00e1m a odoln\u00e9 kolieska na pren\u00e1\u0161anie. Pracuje na prisp\u00f4sobite\u013enom nap\u00e4t\u00ed (220 V\/380 V, 50 Hz\/60 Hz), v\u010faka \u010domu je vhodn\u00fd pre glob\u00e1lne exportn\u00e9 trhy v \u00c1zii, Afrike a Ju\u017enej Amerike.<\/p>\n<p data-start=\"1693\" data-end=\"1819\">V\u010faka svojej r\u00fdchlosti, flexibilite a n\u00edzkym prev\u00e1dzkov\u00fdm n\u00e1kladom je jednou z najspo\u013eahlivej\u0161\u00edch oh\u00fdba\u010diek strme\u0148ov na ka\u017edodenn\u00e9 pou\u017eitie v stavebn\u00edctve.<\/p>\n<h3 data-start=\"1826\" data-end=\"1882\">K\u013e\u00fa\u010dov\u00e9 vlastnosti oh\u00fdba\u010dky ty\u010d\u00ed GF20<\/h3>\n<ul data-start=\"1884\" data-end=\"2119\">\n<li data-start=\"1884\" data-end=\"1940\">\n<p data-start=\"1886\" data-end=\"1940\">Presn\u00e9 oh\u00fdbanie 6-16 mm oce\u013eov\u00fdch ty\u010d\u00ed do strme\u0148ov<\/p>\n<\/li>\n<li data-start=\"1941\" data-end=\"2006\">\n<p data-start=\"1943\" data-end=\"2006\">Ide\u00e1lne pre st\u013apy, nosn\u00edky, p\u00e4tky a prefabrikovan\u00e9 v\u00fdstu\u017ee<\/p>\n<\/li>\n<li data-start=\"2007\" data-end=\"2060\">\n<p data-start=\"2009\" data-end=\"2060\">Manu\u00e1lne a no\u017en\u00fd ovl\u00e1da\u010d pre flexibilitu<\/p>\n<\/li>\n<li data-start=\"2061\" data-end=\"2119\">\n<p data-start=\"2063\" data-end=\"2119\">Prenosn\u00e9 a kon\u0161truovan\u00e9 pre medzin\u00e1rodn\u00e9 normy nap\u00e4tia<\/p>\n<\/li>\n<\/ul>\n<p><iframe title=\"# stavebn\u00fd robotn\u00edk # stavebn\u00fd robotn\u00edk # stavebn\u00fd stroj # stavebn\u00fd stroj # stavebn\u00fd stroj # stavebn\u00fd stroj # stavebn\u00fd stroj # stavebn\u00fd stroj\" width=\"720\" height=\"405\" src=\"https:\/\/www.youtube.com\/embed\/S_YQidcqUDg?feature=oembed\" frameborder=\"0\" allow=\"accelerometer; autoplay; clipboard-write; encrypted-media; gyroscope; picture-in-picture; web-share\" referrerpolicy=\"strict-origin-when-cross-origin\" allowfullscreen><\/iframe><\/p>","protected":false},"excerpt":{"rendered":"<p>Stroj na oh\u00fdbanie strme\u0148ov GF20 efekt\u00edvne formuje 6-16 mm oce\u013e do strme\u0148ov. V\u010faka kompaktnej kon\u0161trukcii, spo\u013eahliv\u00e9mu motoru a uhlovej presnosti je ide\u00e1lny pre glob\u00e1lne stavenisk\u00e1.<\/p>","protected":false},"featured_media":8960,"template":"","meta":{"_kad_post_transparent":"default","_kad_post_title":"","_kad_post_layout":"default","_kad_post_sidebar_id":"","_kad_post_content_style":"default","_kad_post_vertical_padding":"default","_kad_post_feature":"","_kad_post_feature_position":"","_kad_post_header":false,"_kad_post_footer":false},"product_brand":[],"product_cat":[46],"product_tag":[1005,1006,1010,1008,1009,1013,1012,1014,1007,1011],"class_list":{"0":"post-8958","1":"product","2":"type-product","3":"status-publish","4":"has-post-thumbnail","6":"product_cat-rebar-stirrup-bending-machine","7":"product_tag-automatic-stirrup-bending-machine","8":"product_tag-cnc-rebar-stirrup-bender","9":"product_tag-hydraulic-stirrup-bender","10":"product_tag-rebar-stirrup-bender-machine","11":"product_tag-steel-stirrup-bending-machine","12":"product_tag-stirrup-bender-for-construction","13":"product_tag-stirrup-bending-equipment","14":"product_tag-stirrup-bending-machine-price","15":"product_tag-stirrup-making-machine","16":"product_tag-wire-stirrup-bending-machine","18":"first","19":"instock","20":"shipping-taxable","21":"product-type-simple","22":"entry","23":"content-bg","24":"loop-entry"},"yoast_head":"<!-- This site is optimized with the Yoast SEO plugin v25.3.1 - https:\/\/yoast.com\/wordpress\/plugins\/seo\/ -->\n<title>Rebar Stirrup Bending Machine GF20 - HSY Construction Machinery<\/title>\n<meta name=\"description\" content=\"Rebar Stirrup Bending Machine GF20 bends 6\u201316mm steel bars into stirrups quickly and accurately. Compact, reliable, and ready for export.\" \/>\n<meta name=\"robots\" content=\"index, follow, max-snippet:-1, max-image-preview:large, max-video-preview:-1\" \/>\n<link rel=\"canonical\" href=\"https:\/\/www.hsymachinery.com\/sk\/produkt\/stroj-na-ohybanie-tycovych-strmenov-gf20\/\" \/>\n<meta property=\"og:locale\" content=\"sk_SK\" \/>\n<meta property=\"og:type\" content=\"article\" \/>\n<meta property=\"og:title\" content=\"Rebar Stirrup Bending Machine GF20 - HSY Construction Machinery\" \/>\n<meta property=\"og:description\" content=\"Rebar Stirrup Bending Machine GF20 bends 6\u201316mm steel bars into stirrups quickly and accurately. Compact, reliable, and ready for export.\" \/>\n<meta property=\"og:url\" content=\"https:\/\/www.hsymachinery.com\/sk\/produkt\/stroj-na-ohybanie-tycovych-strmenov-gf20\/\" \/>\n<meta property=\"og:site_name\" content=\"HSY Construction Machinery\" \/>\n<meta property=\"article:modified_time\" content=\"2025-06-27T09:33:18+00:00\" \/>\n<meta property=\"og:image\" content=\"https:\/\/www.hsymachinery.com\/wp-content\/uploads\/2025\/06\/Rebar-Stirrup-Bending-Machine-GF20.jpg\" \/>\n\t<meta property=\"og:image:width\" content=\"600\" \/>\n\t<meta property=\"og:image:height\" content=\"600\" \/>\n\t<meta property=\"og:image:type\" content=\"image\/jpeg\" \/>\n<meta name=\"twitter:card\" content=\"summary_large_image\" \/>\n<meta name=\"twitter:label1\" content=\"Predpokladan\u00fd \u010das \u010d\u00edtania\" \/>\n\t<meta name=\"twitter:data1\" content=\"2 min\u00faty\" \/>\n<script type=\"application\/ld+json\" class=\"yoast-schema-graph\">{\"@context\":\"https:\/\/schema.org\",\"@graph\":[{\"@type\":\"WebPage\",\"@id\":\"https:\/\/www.hsymachinery.com\/product\/rebar-stirrup-bending-machine-gf20\/\",\"url\":\"https:\/\/www.hsymachinery.com\/product\/rebar-stirrup-bending-machine-gf20\/\",\"name\":\"Rebar Stirrup Bending Machine GF20 - HSY Construction Machinery\",\"isPartOf\":{\"@id\":\"https:\/\/www.hsymachinery.com\/#website\"},\"primaryImageOfPage\":{\"@id\":\"https:\/\/www.hsymachinery.com\/product\/rebar-stirrup-bending-machine-gf20\/#primaryimage\"},\"image\":{\"@id\":\"https:\/\/www.hsymachinery.com\/product\/rebar-stirrup-bending-machine-gf20\/#primaryimage\"},\"thumbnailUrl\":\"https:\/\/www.hsymachinery.com\/wp-content\/uploads\/2025\/06\/Rebar-Stirrup-Bending-Machine-GF20.jpg\",\"datePublished\":\"2025-06-18T04:05:35+00:00\",\"dateModified\":\"2025-06-27T09:33:18+00:00\",\"description\":\"Rebar Stirrup Bending Machine GF20 bends 6\u201316mm steel bars into stirrups quickly and accurately. Compact, reliable, and ready for export.\",\"breadcrumb\":{\"@id\":\"https:\/\/www.hsymachinery.com\/product\/rebar-stirrup-bending-machine-gf20\/#breadcrumb\"},\"inLanguage\":\"sk-SK\",\"potentialAction\":[{\"@type\":\"ReadAction\",\"target\":[\"https:\/\/www.hsymachinery.com\/product\/rebar-stirrup-bending-machine-gf20\/\"]}]},{\"@type\":\"ImageObject\",\"inLanguage\":\"sk-SK\",\"@id\":\"https:\/\/www.hsymachinery.com\/product\/rebar-stirrup-bending-machine-gf20\/#primaryimage\",\"url\":\"https:\/\/www.hsymachinery.com\/wp-content\/uploads\/2025\/06\/Rebar-Stirrup-Bending-Machine-GF20.jpg\",\"contentUrl\":\"https:\/\/www.hsymachinery.com\/wp-content\/uploads\/2025\/06\/Rebar-Stirrup-Bending-Machine-GF20.jpg\",\"width\":600,\"height\":600},{\"@type\":\"BreadcrumbList\",\"@id\":\"https:\/\/www.hsymachinery.com\/product\/rebar-stirrup-bending-machine-gf20\/#breadcrumb\",\"itemListElement\":[{\"@type\":\"ListItem\",\"position\":1,\"name\":\"home\",\"item\":\"https:\/\/www.hsymachinery.com\/\"},{\"@type\":\"ListItem\",\"position\":2,\"name\":\"products\",\"item\":\"https:\/\/www.hsymachinery.com\/products\/\"},{\"@type\":\"ListItem\",\"position\":3,\"name\":\"Rebar Stirrup Bending Machine GF20\"}]},{\"@type\":\"WebSite\",\"@id\":\"https:\/\/www.hsymachinery.com\/#website\",\"url\":\"https:\/\/www.hsymachinery.com\/\",\"name\":\"HSY Construction Machinery\",\"description\":\"HSY Machinery \u2013 A leading China construction machinery supplier, offering a wide range of light construction equipment. Our main products include Rebar Cutting Machine, Rebar Bending Machine, Rebar Stirrup Bending Machine, Rebar Arc Bending Machine, Rebar Straightening Machine, Five-Head Rebar Stirrup Bending Machine, Tamping Rammer, Plate Compactor, Concrete Cutter, Power Trowel, and other construction machinery. We are equipped with advanced CNC machines, and we enforce strict quality inspection standards along with comprehensive after-sales service. If you are interested in our products or services, we warmly welcome your inquiries via message.\",\"publisher\":{\"@id\":\"https:\/\/www.hsymachinery.com\/#organization\"},\"potentialAction\":[{\"@type\":\"SearchAction\",\"target\":{\"@type\":\"EntryPoint\",\"urlTemplate\":\"https:\/\/www.hsymachinery.com\/?s={search_term_string}\"},\"query-input\":{\"@type\":\"PropertyValueSpecification\",\"valueRequired\":true,\"valueName\":\"search_term_string\"}}],\"inLanguage\":\"sk-SK\"},{\"@type\":\"Organization\",\"@id\":\"https:\/\/www.hsymachinery.com\/#organization\",\"name\":\"HSY Construction Machinery\",\"url\":\"https:\/\/www.hsymachinery.com\/\",\"logo\":{\"@type\":\"ImageObject\",\"inLanguage\":\"sk-SK\",\"@id\":\"https:\/\/www.hsymachinery.com\/#\/schema\/logo\/image\/\",\"url\":\"https:\/\/www.hsymachinery.com\/wp-content\/uploads\/2025\/06\/cropped-HSY-machinery.png\",\"contentUrl\":\"https:\/\/www.hsymachinery.com\/wp-content\/uploads\/2025\/06\/cropped-HSY-machinery.png\",\"width\":600,\"height\":240,\"caption\":\"HSY Construction Machinery\"},\"image\":{\"@id\":\"https:\/\/www.hsymachinery.com\/#\/schema\/logo\/image\/\"}}]}<\/script>\n<!-- \/ Yoast SEO plugin. -->","yoast_head_json":{"title":"Stroj na oh\u00fdbanie ty\u010d\u00ed GF20 - Stavebn\u00e9 stroje HSY","description":"Stroj na oh\u00fdbanie strme\u0148ov GF20 oh\u00fdba 6-16 mm oce\u013eov\u00e9 ty\u010de do strme\u0148ov r\u00fdchlo a presne. Kompaktn\u00fd, spo\u013eahliv\u00fd a pripraven\u00fd na export.","robots":{"index":"index","follow":"follow","max-snippet":"max-snippet:-1","max-image-preview":"max-image-preview:large","max-video-preview":"max-video-preview:-1"},"canonical":"https:\/\/www.hsymachinery.com\/sk\/produkt\/stroj-na-ohybanie-tycovych-strmenov-gf20\/","og_locale":"sk_SK","og_type":"article","og_title":"Rebar Stirrup Bending Machine GF20 - HSY Construction Machinery","og_description":"Rebar Stirrup Bending Machine GF20 bends 6\u201316mm steel bars into stirrups quickly and accurately. Compact, reliable, and ready for export.","og_url":"https:\/\/www.hsymachinery.com\/sk\/produkt\/stroj-na-ohybanie-tycovych-strmenov-gf20\/","og_site_name":"HSY Construction Machinery","article_modified_time":"2025-06-27T09:33:18+00:00","og_image":[{"width":600,"height":600,"url":"https:\/\/www.hsymachinery.com\/wp-content\/uploads\/2025\/06\/Rebar-Stirrup-Bending-Machine-GF20.jpg","type":"image\/jpeg"}],"twitter_card":"summary_large_image","twitter_misc":{"Predpokladan\u00fd \u010das \u010d\u00edtania":"2 min\u00faty"},"schema":{"@context":"https:\/\/schema.org","@graph":[{"@type":"WebPage","@id":"https:\/\/www.hsymachinery.com\/product\/rebar-stirrup-bending-machine-gf20\/","url":"https:\/\/www.hsymachinery.com\/product\/rebar-stirrup-bending-machine-gf20\/","name":"Stroj na oh\u00fdbanie ty\u010d\u00ed GF20 - Stavebn\u00e9 stroje HSY","isPartOf":{"@id":"https:\/\/www.hsymachinery.com\/#website"},"primaryImageOfPage":{"@id":"https:\/\/www.hsymachinery.com\/product\/rebar-stirrup-bending-machine-gf20\/#primaryimage"},"image":{"@id":"https:\/\/www.hsymachinery.com\/product\/rebar-stirrup-bending-machine-gf20\/#primaryimage"},"thumbnailUrl":"https:\/\/www.hsymachinery.com\/wp-content\/uploads\/2025\/06\/Rebar-Stirrup-Bending-Machine-GF20.jpg","datePublished":"2025-06-18T04:05:35+00:00","dateModified":"2025-06-27T09:33:18+00:00","description":"Stroj na oh\u00fdbanie strme\u0148ov GF20 oh\u00fdba 6-16 mm oce\u013eov\u00e9 ty\u010de do strme\u0148ov r\u00fdchlo a presne. Kompaktn\u00fd, spo\u013eahliv\u00fd a pripraven\u00fd na export.","breadcrumb":{"@id":"https:\/\/www.hsymachinery.com\/product\/rebar-stirrup-bending-machine-gf20\/#breadcrumb"},"inLanguage":"sk-SK","potentialAction":[{"@type":"ReadAction","target":["https:\/\/www.hsymachinery.com\/product\/rebar-stirrup-bending-machine-gf20\/"]}]},{"@type":"ImageObject","inLanguage":"sk-SK","@id":"https:\/\/www.hsymachinery.com\/product\/rebar-stirrup-bending-machine-gf20\/#primaryimage","url":"https:\/\/www.hsymachinery.com\/wp-content\/uploads\/2025\/06\/Rebar-Stirrup-Bending-Machine-GF20.jpg","contentUrl":"https:\/\/www.hsymachinery.com\/wp-content\/uploads\/2025\/06\/Rebar-Stirrup-Bending-Machine-GF20.jpg","width":600,"height":600},{"@type":"BreadcrumbList","@id":"https:\/\/www.hsymachinery.com\/product\/rebar-stirrup-bending-machine-gf20\/#breadcrumb","itemListElement":[{"@type":"ListItem","position":1,"name":"home","item":"https:\/\/www.hsymachinery.com\/"},{"@type":"ListItem","position":2,"name":"products","item":"https:\/\/www.hsymachinery.com\/products\/"},{"@type":"ListItem","position":3,"name":"Rebar Stirrup Bending Machine GF20"}]},{"@type":"WebSite","@id":"https:\/\/www.hsymachinery.com\/#website","url":"https:\/\/www.hsymachinery.com\/","name":"Stavebn\u00e9 stroje HSY","description":"HSY Machinery - popredn\u00fd dod\u00e1vate\u013e stavebn\u00fdch strojov v \u010c\u00edne, ktor\u00fd pon\u00faka \u0161irok\u00fd sortiment \u013eahk\u00fdch stavebn\u00fdch strojov. Medzi na\u0161e hlavn\u00e9 produkty patr\u00ed stroj na rezanie ty\u010d\u00ed, stroj na oh\u00fdbanie ty\u010d\u00ed, stroj na oh\u00fdbanie ty\u010d\u00ed, stroj na oh\u00fdbanie obl\u00fakov ty\u010d\u00ed, stroj na rovnanie ty\u010d\u00ed, p\u00e4\u0165hlav\u0148ov\u00fd stroj na oh\u00fdbanie ty\u010d\u00ed, podb\u00edja\u010dka, zhut\u0148ova\u010d dosiek, fr\u00e9za na bet\u00f3n, elektrick\u00e1 stierka a \u010fal\u0161ie stavebn\u00e9 stroje. Sme vybaven\u00ed modern\u00fdmi CNC strojmi a presadzujeme pr\u00edsne normy kontroly kvality spolu s komplexn\u00fdm popredajn\u00fdm servisom. Ak m\u00e1te z\u00e1ujem o na\u0161e v\u00fdrobky alebo slu\u017eby, srde\u010dne priv\u00edtame va\u0161e ot\u00e1zky prostredn\u00edctvom spr\u00e1vy.","publisher":{"@id":"https:\/\/www.hsymachinery.com\/#organization"},"potentialAction":[{"@type":"SearchAction","target":{"@type":"EntryPoint","urlTemplate":"https:\/\/www.hsymachinery.com\/?s={search_term_string}"},"query-input":{"@type":"PropertyValueSpecification","valueRequired":true,"valueName":"search_term_string"}}],"inLanguage":"sk-SK"},{"@type":"Organization","@id":"https:\/\/www.hsymachinery.com\/#organization","name":"Stavebn\u00e9 stroje HSY","url":"https:\/\/www.hsymachinery.com\/","logo":{"@type":"ImageObject","inLanguage":"sk-SK","@id":"https:\/\/www.hsymachinery.com\/#\/schema\/logo\/image\/","url":"https:\/\/www.hsymachinery.com\/wp-content\/uploads\/2025\/06\/cropped-HSY-machinery.png","contentUrl":"https:\/\/www.hsymachinery.com\/wp-content\/uploads\/2025\/06\/cropped-HSY-machinery.png","width":600,"height":240,"caption":"HSY Construction Machinery"},"image":{"@id":"https:\/\/www.hsymachinery.com\/#\/schema\/logo\/image\/"}}]}},"_links":{"self":[{"href":"https:\/\/www.hsymachinery.com\/sk\/wp-json\/wp\/v2\/product\/8958","targetHints":{"allow":["GET"]}}],"collection":[{"href":"https:\/\/www.hsymachinery.com\/sk\/wp-json\/wp\/v2\/product"}],"about":[{"href":"https:\/\/www.hsymachinery.com\/sk\/wp-json\/wp\/v2\/types\/product"}],"version-history":[{"count":4,"href":"https:\/\/www.hsymachinery.com\/sk\/wp-json\/wp\/v2\/product\/8958\/revisions"}],"predecessor-version":[{"id":9376,"href":"https:\/\/www.hsymachinery.com\/sk\/wp-json\/wp\/v2\/product\/8958\/revisions\/9376"}],"wp:featuredmedia":[{"embeddable":true,"href":"https:\/\/www.hsymachinery.com\/sk\/wp-json\/wp\/v2\/media\/8960"}],"wp:attachment":[{"href":"https:\/\/www.hsymachinery.com\/sk\/wp-json\/wp\/v2\/media?parent=8958"}],"wp:term":[{"taxonomy":"product_brand","embeddable":true,"href":"https:\/\/www.hsymachinery.com\/sk\/wp-json\/wp\/v2\/product_brand?post=8958"},{"taxonomy":"product_cat","embeddable":true,"href":"https:\/\/www.hsymachinery.com\/sk\/wp-json\/wp\/v2\/product_cat?post=8958"},{"taxonomy":"product_tag","embeddable":true,"href":"https:\/\/www.hsymachinery.com\/sk\/wp-json\/wp\/v2\/product_tag?post=8958"}],"curies":[{"name":"wp","href":"https:\/\/api.w.org\/{rel}","templated":true}]}}