{"id":8955,"date":"2025-06-18T12:03:51","date_gmt":"2025-06-18T04:03:51","guid":{"rendered":"https:\/\/www.hsymachinery.com\/?post_type=product&#038;p=8955"},"modified":"2025-06-25T23:47:42","modified_gmt":"2025-06-25T15:47:42","slug":"stroj-na-ohybanie-vystuze-gw70","status":"publish","type":"product","link":"https:\/\/www.hsymachinery.com\/sk\/produkt\/stroj-na-ohybanie-vystuze-gw70\/","title":{"rendered":"Stroj na oh\u00fdbanie v\u00fdstu\u017ee GW70"},"content":{"rendered":"<h3 data-start=\"134\" data-end=\"255\">Ultra-\u0165a\u017ek\u00fd stroj na oh\u00fdbanie v\u00fdstu\u017ee GW70 pre oce\u013e 6-60 mm | Vysokokapacitn\u00fd oh\u00fdba\u010d v\u00fdstu\u017ee pre mega projekty<\/h3>\n<h3 data-start=\"262\" data-end=\"355\">Preh\u013ead produktov - Ve\u013ekorozmern\u00e9 zariadenia na oh\u00fdbanie stavebnej ocele na priemyseln\u00e9 pou\u017eitie<\/h3>\n<p data-start=\"357\" data-end=\"702\">Str\u00e1nka <strong data-start=\"361\" data-end=\"391\"><a href=\"https:\/\/www.hsymachinery.com\/sk\/produkty\/stroj-na-ohybanie-vystuze\/\" target=\"_blank\" rel=\"noopener\">Stroj na oh\u00fdbanie v\u00fdstu\u017ee<\/a> GW70<\/strong> je vytvoren\u00e1 pre <strong data-start=\"405\" data-end=\"439\">oh\u00fdbanie v\u00fdstu\u017ee od 6 mm do 60 mm<\/strong>, ktor\u00e9 pon\u00fakaj\u00fa bezkonkuren\u010dn\u00fd v\u00fdkon a stabilitu pre n\u00e1ro\u010dn\u00e9 kon\u0161truk\u010dn\u00e9 aplik\u00e1cie. T\u00e1to vysokokapacitn\u00e1 oh\u00fdba\u010dka ty\u010d\u00ed, navrhnut\u00e1 \u0161peci\u00e1lne pre megaprojekty v oblasti infra\u0161trukt\u00fary, sa \u0161iroko pou\u017e\u00edva v mostn\u00fdch pilieroch, tuneloch, z\u00e1kladoch vysokor\u00fdchlostn\u00fdch \u017eelezn\u00edc a na stavb\u00e1ch prefabrik\u00e1tov.<\/p>\n<p data-start=\"704\" data-end=\"870\">So zosilnen\u00fdm r\u00e1mom, motorom s vysok\u00fdm kr\u00fatiacim momentom a roz\u0161\u00edrenou oh\u00fdbacou doskou stanovuje oh\u00fdba\u010dka v\u00fdstu\u017ee GW70 nov\u00fd \u0161tandard na tvarovanie ty\u010d\u00ed pri vysok\u00fdch za\u0165a\u017eeniach.<\/p>\n<h3 data-start=\"877\" data-end=\"927\">Maxim\u00e1lna pevnos\u0165 v ohybe s inteligentn\u00fdm ovl\u00e1dan\u00edm<\/h3>\n<p data-start=\"929\" data-end=\"1169\">Stroj GW70 integruje presn\u00fd prevodov\u00fd syst\u00e9m, vysokokvalitn\u00fd oh\u00fdbac\u00ed kot\u00fa\u010d a nastavite\u013en\u00e9 dvojit\u00e9 zar\u00e1\u017eky, ktor\u00e9 umo\u017e\u0148uj\u00fa presn\u00e9 riadenie uhla. Oper\u00e1tori m\u00f4\u017eu oh\u00fdba\u0165 oce\u013eov\u00e9 ty\u010de a\u017e do 180\u00b0 pri zachovan\u00ed presnosti tvaru vo viacer\u00fdch ve\u013ekostiach.<\/p>\n<p data-start=\"1171\" data-end=\"1364\">Jeho nadrozmern\u00fd motor s meden\u00fdm jadrom vytv\u00e1ra konzistentn\u00fd kr\u00fatiaci moment a zabezpe\u010duje \u010dist\u00e9 ohyby aj pri hrub\u00fdch ty\u010diach. Medzit\u00fdm olejom utesnen\u00e1 prevodovka pracuje ticho a vy\u017eaduje minim\u00e1lnu \u00fadr\u017ebu.<\/p>\n<p data-start=\"1366\" data-end=\"1509\">Okrem toho zabudovan\u00fd syst\u00e9m n\u00fadzovej brzdy a dva re\u017eimy ovl\u00e1dania (ru\u010dn\u00fd sp\u00edna\u010d a no\u017en\u00fd ped\u00e1l) zvy\u0161uj\u00fa bezpe\u010dnos\u0165 a flexibilitu prev\u00e1dzky.<\/p>\n<h3 data-start=\"1516\" data-end=\"1576\">Navrhnut\u00e9 pre drsn\u00e9 prostredie a glob\u00e1lne nasadenie<\/h3>\n<p data-start=\"1578\" data-end=\"1883\">V\u010faka kon\u0161trukcii z liatej ocele odolnej vo\u010di n\u00e1razom zost\u00e1va model GW70 stabiln\u00fd po\u010das dlh\u00fdch pracovn\u00fdch zmien. Odol\u00e1va deform\u00e1cii pri ve\u013ekom za\u0165a\u017een\u00ed a dobre sa prisp\u00f4sobuje drsn\u00fdm podmienkam na stavenisku. Priemyseln\u00e9 kolieska zariadenia pon\u00fakaj\u00fa mobilitu, zatia\u013e \u010do jeho panel odoln\u00fd vo\u010di poveternostn\u00fdm vplyvom umo\u017e\u0148uje \u010diasto\u010dne vonkaj\u0161ie pou\u017eitie.<\/p>\n<p data-start=\"1885\" data-end=\"2066\">V\u010faka podpore \u0161tandardov nap\u00e1jania 220 V aj 380 V (50 Hz\/60 Hz) je oh\u00fdba\u010dka v\u00fdstu\u017ee GW70 pripraven\u00e1 na export a kompatibiln\u00e1 so stavebn\u00fdmi predpismi vo viacer\u00fdch krajin\u00e1ch.<\/p>\n<h3 data-start=\"2073\" data-end=\"2125\">K\u013e\u00fa\u010dov\u00e9 vlastnosti a v\u00fdhody oh\u00fdba\u010dky ty\u010d\u00ed GW70<\/h3>\n<ul data-start=\"2127\" data-end=\"2347\">\n<li data-start=\"2127\" data-end=\"2184\">\n<p data-start=\"2129\" data-end=\"2184\">Zvl\u00e1dne 6-60 mm v\u00fdstu\u017ee s vysokou pevnos\u0165ou a n\u00edzkou chybovos\u0165ou<\/p>\n<\/li>\n<li data-start=\"2185\" data-end=\"2242\">\n<p data-start=\"2187\" data-end=\"2242\">Nadrozmern\u00fd disk a pred\u013a\u017een\u00fd r\u00e1m pre maxim\u00e1lnu oporu<\/p>\n<\/li>\n<li data-start=\"2243\" data-end=\"2292\">\n<p data-start=\"2245\" data-end=\"2292\">Navrhnut\u00e9 pre priemyseln\u00e9 prev\u00e1dzky s dlhou pracovnou zmenou<\/p>\n<\/li>\n<li data-start=\"2293\" data-end=\"2347\">\n<p data-start=\"2295\" data-end=\"2347\">Prisp\u00f4sobenie nap\u00e4tia pre exportn\u00e9 trhy<\/p>\n<\/li>\n<\/ul>\n<p><iframe title=\"# stavebn\u00fd robotn\u00edk # stavebn\u00fd robotn\u00edk #rebarbender #rebarbending #rebarbending\" width=\"720\" height=\"405\" src=\"https:\/\/www.youtube.com\/embed\/PJ1hngSXwUg?feature=oembed\" frameborder=\"0\" allow=\"accelerometer; autoplay; clipboard-write; encrypted-media; gyroscope; picture-in-picture; web-share\" referrerpolicy=\"strict-origin-when-cross-origin\" allowfullscreen><\/iframe><\/p>","protected":false},"excerpt":{"rendered":"<p>Oh\u00fdba\u010dka v\u00fdstu\u017ee GW70 spracov\u00e1va v\u00fdstu\u017ee s priemerom 6-60 mm s vysok\u00fdm kr\u00fatiacim momentom, \u0161irok\u00fdmi uhlami ohybu a robustnou kon\u0161trukciou. Ide\u00e1lny pre megaprojekty, prefabrikovan\u00e9 sklady a glob\u00e1lne stavenisk\u00e1.<\/p>","protected":false},"featured_media":8956,"template":"","meta":{"_kad_post_transparent":"default","_kad_post_title":"","_kad_post_layout":"default","_kad_post_sidebar_id":"","_kad_post_content_style":"default","_kad_post_vertical_padding":"default","_kad_post_feature":"","_kad_post_feature_position":"","_kad_post_header":false,"_kad_post_footer":false},"product_brand":[],"product_cat":[28],"product_tag":[998,1004,996,1003,997,1000,1001,999,995,1002],"class_list":{"0":"post-8955","1":"product","2":"type-product","3":"status-publish","4":"has-post-thumbnail","6":"product_cat-rebar-bending-machine","7":"product_tag-automatic-rebar-bending-machine","8":"product_tag-bar-bending-machine-price","9":"product_tag-cnc-rebar-bending-machine","10":"product_tag-construction-rebar-bender","11":"product_tag-electric-rebar-bender","12":"product_tag-electric-rebar-bending-machine","13":"product_tag-hydraulic-rebar-bending-machine","14":"product_tag-portable-rebar-bender","15":"product_tag-rebar-bender","16":"product_tag-steel-bar-bender","18":"first","19":"instock","20":"shipping-taxable","21":"product-type-simple","22":"entry","23":"content-bg","24":"loop-entry"},"yoast_head":"<!-- This site is optimized with the Yoast SEO plugin v25.3.1 - https:\/\/yoast.com\/wordpress\/plugins\/seo\/ -->\n<title>Rebar Bending Machine GW70 - HSY Construction Machinery<\/title>\n<meta name=\"description\" content=\"Rebar Bending Machine GW70 bends 6\u201360mm steel bars with powerful torque and high stability. Designed for industrial-scale rebar shaping and export to international markets.\" \/>\n<meta name=\"robots\" content=\"index, follow, max-snippet:-1, max-image-preview:large, max-video-preview:-1\" \/>\n<link rel=\"canonical\" href=\"https:\/\/www.hsymachinery.com\/sk\/produkt\/stroj-na-ohybanie-vystuze-gw70\/\" \/>\n<meta property=\"og:locale\" content=\"sk_SK\" \/>\n<meta property=\"og:type\" content=\"article\" \/>\n<meta property=\"og:title\" content=\"Rebar Bending Machine GW70 - HSY Construction Machinery\" \/>\n<meta property=\"og:description\" content=\"Rebar Bending Machine GW70 bends 6\u201360mm steel bars with powerful torque and high stability. Designed for industrial-scale rebar shaping and export to international markets.\" \/>\n<meta property=\"og:url\" content=\"https:\/\/www.hsymachinery.com\/sk\/produkt\/stroj-na-ohybanie-vystuze-gw70\/\" \/>\n<meta property=\"og:site_name\" content=\"HSY Construction Machinery\" \/>\n<meta property=\"article:modified_time\" content=\"2025-06-25T15:47:42+00:00\" \/>\n<meta property=\"og:image\" content=\"https:\/\/www.hsymachinery.com\/wp-content\/uploads\/2025\/06\/Rebar-Bending-Machine-GW70.jpg\" \/>\n\t<meta property=\"og:image:width\" content=\"600\" \/>\n\t<meta property=\"og:image:height\" content=\"600\" \/>\n\t<meta property=\"og:image:type\" content=\"image\/jpeg\" \/>\n<meta name=\"twitter:card\" content=\"summary_large_image\" \/>\n<meta name=\"twitter:label1\" content=\"Predpokladan\u00fd \u010das \u010d\u00edtania\" \/>\n\t<meta name=\"twitter:data1\" content=\"2 min\u00faty\" \/>\n<script type=\"application\/ld+json\" class=\"yoast-schema-graph\">{\"@context\":\"https:\/\/schema.org\",\"@graph\":[{\"@type\":\"WebPage\",\"@id\":\"https:\/\/www.hsymachinery.com\/product\/rebar-bending-machine-gw70\/\",\"url\":\"https:\/\/www.hsymachinery.com\/product\/rebar-bending-machine-gw70\/\",\"name\":\"Rebar Bending Machine GW70 - HSY Construction Machinery\",\"isPartOf\":{\"@id\":\"https:\/\/www.hsymachinery.com\/#website\"},\"primaryImageOfPage\":{\"@id\":\"https:\/\/www.hsymachinery.com\/product\/rebar-bending-machine-gw70\/#primaryimage\"},\"image\":{\"@id\":\"https:\/\/www.hsymachinery.com\/product\/rebar-bending-machine-gw70\/#primaryimage\"},\"thumbnailUrl\":\"https:\/\/www.hsymachinery.com\/wp-content\/uploads\/2025\/06\/Rebar-Bending-Machine-GW70.jpg\",\"datePublished\":\"2025-06-18T04:03:51+00:00\",\"dateModified\":\"2025-06-25T15:47:42+00:00\",\"description\":\"Rebar Bending Machine GW70 bends 6\u201360mm steel bars with powerful torque and high stability. Designed for industrial-scale rebar shaping and export to international markets.\",\"breadcrumb\":{\"@id\":\"https:\/\/www.hsymachinery.com\/product\/rebar-bending-machine-gw70\/#breadcrumb\"},\"inLanguage\":\"sk-SK\",\"potentialAction\":[{\"@type\":\"ReadAction\",\"target\":[\"https:\/\/www.hsymachinery.com\/product\/rebar-bending-machine-gw70\/\"]}]},{\"@type\":\"ImageObject\",\"inLanguage\":\"sk-SK\",\"@id\":\"https:\/\/www.hsymachinery.com\/product\/rebar-bending-machine-gw70\/#primaryimage\",\"url\":\"https:\/\/www.hsymachinery.com\/wp-content\/uploads\/2025\/06\/Rebar-Bending-Machine-GW70.jpg\",\"contentUrl\":\"https:\/\/www.hsymachinery.com\/wp-content\/uploads\/2025\/06\/Rebar-Bending-Machine-GW70.jpg\",\"width\":600,\"height\":600},{\"@type\":\"BreadcrumbList\",\"@id\":\"https:\/\/www.hsymachinery.com\/product\/rebar-bending-machine-gw70\/#breadcrumb\",\"itemListElement\":[{\"@type\":\"ListItem\",\"position\":1,\"name\":\"home\",\"item\":\"https:\/\/www.hsymachinery.com\/\"},{\"@type\":\"ListItem\",\"position\":2,\"name\":\"products\",\"item\":\"https:\/\/www.hsymachinery.com\/products\/\"},{\"@type\":\"ListItem\",\"position\":3,\"name\":\"Rebar Bending Machine GW70\"}]},{\"@type\":\"WebSite\",\"@id\":\"https:\/\/www.hsymachinery.com\/#website\",\"url\":\"https:\/\/www.hsymachinery.com\/\",\"name\":\"HSY Construction Machinery\",\"description\":\"HSY Machinery \u2013 A leading China construction machinery supplier, offering a wide range of light construction equipment. Our main products include Rebar Cutting Machine, Rebar Bending Machine, Rebar Stirrup Bending Machine, Rebar Arc Bending Machine, Rebar Straightening Machine, Five-Head Rebar Stirrup Bending Machine, Tamping Rammer, Plate Compactor, Concrete Cutter, Power Trowel, and other construction machinery. We are equipped with advanced CNC machines, and we enforce strict quality inspection standards along with comprehensive after-sales service. If you are interested in our products or services, we warmly welcome your inquiries via message.\",\"publisher\":{\"@id\":\"https:\/\/www.hsymachinery.com\/#organization\"},\"potentialAction\":[{\"@type\":\"SearchAction\",\"target\":{\"@type\":\"EntryPoint\",\"urlTemplate\":\"https:\/\/www.hsymachinery.com\/?s={search_term_string}\"},\"query-input\":{\"@type\":\"PropertyValueSpecification\",\"valueRequired\":true,\"valueName\":\"search_term_string\"}}],\"inLanguage\":\"sk-SK\"},{\"@type\":\"Organization\",\"@id\":\"https:\/\/www.hsymachinery.com\/#organization\",\"name\":\"HSY Construction Machinery\",\"url\":\"https:\/\/www.hsymachinery.com\/\",\"logo\":{\"@type\":\"ImageObject\",\"inLanguage\":\"sk-SK\",\"@id\":\"https:\/\/www.hsymachinery.com\/#\/schema\/logo\/image\/\",\"url\":\"https:\/\/www.hsymachinery.com\/wp-content\/uploads\/2025\/06\/cropped-HSY-machinery.png\",\"contentUrl\":\"https:\/\/www.hsymachinery.com\/wp-content\/uploads\/2025\/06\/cropped-HSY-machinery.png\",\"width\":600,\"height\":240,\"caption\":\"HSY Construction Machinery\"},\"image\":{\"@id\":\"https:\/\/www.hsymachinery.com\/#\/schema\/logo\/image\/\"}}]}<\/script>\n<!-- \/ Yoast SEO plugin. -->","yoast_head_json":{"title":"Stroj na oh\u00fdbanie v\u00fdstu\u017ee GW70 - Stavebn\u00e9 stroje HSY","description":"Oh\u00fdbac\u00ed stroj GW70 oh\u00fdba oce\u013eov\u00e9 ty\u010de s priemerom 6-60 mm so siln\u00fdm kr\u00fatiacim momentom a vysokou stabilitou. Je ur\u010den\u00fd na tvarovanie v\u00fdstu\u017ee v priemyselnom meradle a na v\u00fdvoz na medzin\u00e1rodn\u00e9 trhy.","robots":{"index":"index","follow":"follow","max-snippet":"max-snippet:-1","max-image-preview":"max-image-preview:large","max-video-preview":"max-video-preview:-1"},"canonical":"https:\/\/www.hsymachinery.com\/sk\/produkt\/stroj-na-ohybanie-vystuze-gw70\/","og_locale":"sk_SK","og_type":"article","og_title":"Rebar Bending Machine GW70 - HSY Construction Machinery","og_description":"Rebar Bending Machine GW70 bends 6\u201360mm steel bars with powerful torque and high stability. Designed for industrial-scale rebar shaping and export to international markets.","og_url":"https:\/\/www.hsymachinery.com\/sk\/produkt\/stroj-na-ohybanie-vystuze-gw70\/","og_site_name":"HSY Construction Machinery","article_modified_time":"2025-06-25T15:47:42+00:00","og_image":[{"width":600,"height":600,"url":"https:\/\/www.hsymachinery.com\/wp-content\/uploads\/2025\/06\/Rebar-Bending-Machine-GW70.jpg","type":"image\/jpeg"}],"twitter_card":"summary_large_image","twitter_misc":{"Predpokladan\u00fd \u010das \u010d\u00edtania":"2 min\u00faty"},"schema":{"@context":"https:\/\/schema.org","@graph":[{"@type":"WebPage","@id":"https:\/\/www.hsymachinery.com\/product\/rebar-bending-machine-gw70\/","url":"https:\/\/www.hsymachinery.com\/product\/rebar-bending-machine-gw70\/","name":"Stroj na oh\u00fdbanie v\u00fdstu\u017ee GW70 - Stavebn\u00e9 stroje HSY","isPartOf":{"@id":"https:\/\/www.hsymachinery.com\/#website"},"primaryImageOfPage":{"@id":"https:\/\/www.hsymachinery.com\/product\/rebar-bending-machine-gw70\/#primaryimage"},"image":{"@id":"https:\/\/www.hsymachinery.com\/product\/rebar-bending-machine-gw70\/#primaryimage"},"thumbnailUrl":"https:\/\/www.hsymachinery.com\/wp-content\/uploads\/2025\/06\/Rebar-Bending-Machine-GW70.jpg","datePublished":"2025-06-18T04:03:51+00:00","dateModified":"2025-06-25T15:47:42+00:00","description":"Oh\u00fdbac\u00ed stroj GW70 oh\u00fdba oce\u013eov\u00e9 ty\u010de s priemerom 6-60 mm so siln\u00fdm kr\u00fatiacim momentom a vysokou stabilitou. Je ur\u010den\u00fd na tvarovanie v\u00fdstu\u017ee v priemyselnom meradle a na v\u00fdvoz na medzin\u00e1rodn\u00e9 trhy.","breadcrumb":{"@id":"https:\/\/www.hsymachinery.com\/product\/rebar-bending-machine-gw70\/#breadcrumb"},"inLanguage":"sk-SK","potentialAction":[{"@type":"ReadAction","target":["https:\/\/www.hsymachinery.com\/product\/rebar-bending-machine-gw70\/"]}]},{"@type":"ImageObject","inLanguage":"sk-SK","@id":"https:\/\/www.hsymachinery.com\/product\/rebar-bending-machine-gw70\/#primaryimage","url":"https:\/\/www.hsymachinery.com\/wp-content\/uploads\/2025\/06\/Rebar-Bending-Machine-GW70.jpg","contentUrl":"https:\/\/www.hsymachinery.com\/wp-content\/uploads\/2025\/06\/Rebar-Bending-Machine-GW70.jpg","width":600,"height":600},{"@type":"BreadcrumbList","@id":"https:\/\/www.hsymachinery.com\/product\/rebar-bending-machine-gw70\/#breadcrumb","itemListElement":[{"@type":"ListItem","position":1,"name":"home","item":"https:\/\/www.hsymachinery.com\/"},{"@type":"ListItem","position":2,"name":"products","item":"https:\/\/www.hsymachinery.com\/products\/"},{"@type":"ListItem","position":3,"name":"Rebar Bending Machine GW70"}]},{"@type":"WebSite","@id":"https:\/\/www.hsymachinery.com\/#website","url":"https:\/\/www.hsymachinery.com\/","name":"Stavebn\u00e9 stroje HSY","description":"HSY Machinery - popredn\u00fd dod\u00e1vate\u013e stavebn\u00fdch strojov v \u010c\u00edne, ktor\u00fd pon\u00faka \u0161irok\u00fd sortiment \u013eahk\u00fdch stavebn\u00fdch strojov. Medzi na\u0161e hlavn\u00e9 produkty patr\u00ed stroj na rezanie ty\u010d\u00ed, stroj na oh\u00fdbanie ty\u010d\u00ed, stroj na oh\u00fdbanie ty\u010d\u00ed, stroj na oh\u00fdbanie obl\u00fakov ty\u010d\u00ed, stroj na rovnanie ty\u010d\u00ed, p\u00e4\u0165hlav\u0148ov\u00fd stroj na oh\u00fdbanie ty\u010d\u00ed, podb\u00edja\u010dka, zhut\u0148ova\u010d dosiek, fr\u00e9za na bet\u00f3n, elektrick\u00e1 stierka a \u010fal\u0161ie stavebn\u00e9 stroje. Sme vybaven\u00ed modern\u00fdmi CNC strojmi a presadzujeme pr\u00edsne normy kontroly kvality spolu s komplexn\u00fdm popredajn\u00fdm servisom. Ak m\u00e1te z\u00e1ujem o na\u0161e v\u00fdrobky alebo slu\u017eby, srde\u010dne priv\u00edtame va\u0161e ot\u00e1zky prostredn\u00edctvom spr\u00e1vy.","publisher":{"@id":"https:\/\/www.hsymachinery.com\/#organization"},"potentialAction":[{"@type":"SearchAction","target":{"@type":"EntryPoint","urlTemplate":"https:\/\/www.hsymachinery.com\/?s={search_term_string}"},"query-input":{"@type":"PropertyValueSpecification","valueRequired":true,"valueName":"search_term_string"}}],"inLanguage":"sk-SK"},{"@type":"Organization","@id":"https:\/\/www.hsymachinery.com\/#organization","name":"Stavebn\u00e9 stroje HSY","url":"https:\/\/www.hsymachinery.com\/","logo":{"@type":"ImageObject","inLanguage":"sk-SK","@id":"https:\/\/www.hsymachinery.com\/#\/schema\/logo\/image\/","url":"https:\/\/www.hsymachinery.com\/wp-content\/uploads\/2025\/06\/cropped-HSY-machinery.png","contentUrl":"https:\/\/www.hsymachinery.com\/wp-content\/uploads\/2025\/06\/cropped-HSY-machinery.png","width":600,"height":240,"caption":"HSY Construction Machinery"},"image":{"@id":"https:\/\/www.hsymachinery.com\/#\/schema\/logo\/image\/"}}]}},"_links":{"self":[{"href":"https:\/\/www.hsymachinery.com\/sk\/wp-json\/wp\/v2\/product\/8955","targetHints":{"allow":["GET"]}}],"collection":[{"href":"https:\/\/www.hsymachinery.com\/sk\/wp-json\/wp\/v2\/product"}],"about":[{"href":"https:\/\/www.hsymachinery.com\/sk\/wp-json\/wp\/v2\/types\/product"}],"version-history":[{"count":5,"href":"https:\/\/www.hsymachinery.com\/sk\/wp-json\/wp\/v2\/product\/8955\/revisions"}],"predecessor-version":[{"id":9363,"href":"https:\/\/www.hsymachinery.com\/sk\/wp-json\/wp\/v2\/product\/8955\/revisions\/9363"}],"wp:featuredmedia":[{"embeddable":true,"href":"https:\/\/www.hsymachinery.com\/sk\/wp-json\/wp\/v2\/media\/8956"}],"wp:attachment":[{"href":"https:\/\/www.hsymachinery.com\/sk\/wp-json\/wp\/v2\/media?parent=8955"}],"wp:term":[{"taxonomy":"product_brand","embeddable":true,"href":"https:\/\/www.hsymachinery.com\/sk\/wp-json\/wp\/v2\/product_brand?post=8955"},{"taxonomy":"product_cat","embeddable":true,"href":"https:\/\/www.hsymachinery.com\/sk\/wp-json\/wp\/v2\/product_cat?post=8955"},{"taxonomy":"product_tag","embeddable":true,"href":"https:\/\/www.hsymachinery.com\/sk\/wp-json\/wp\/v2\/product_tag?post=8955"}],"curies":[{"name":"wp","href":"https:\/\/api.w.org\/{rel}","templated":true}]}}