{"id":8943,"date":"2025-06-18T11:59:17","date_gmt":"2025-06-18T03:59:17","guid":{"rendered":"https:\/\/www.hsymachinery.com\/?post_type=product&#038;p=8943"},"modified":"2025-06-25T23:11:34","modified_gmt":"2025-06-25T15:11:34","slug":"stroj-na-ohybanie-vystuze-gw45","status":"publish","type":"product","link":"https:\/\/www.hsymachinery.com\/sk\/produkt\/stroj-na-ohybanie-vystuze-gw45\/","title":{"rendered":"Stroj na oh\u00fdbanie v\u00fdstu\u017ee GW45"},"content":{"rendered":"<h3 data-start=\"110\" data-end=\"191\">Oh\u00fdba\u010dka oce\u013eov\u00fdch pr\u00fatov strednej ve\u013ekosti pre ty\u010de 6-36 mm | Stavebn\u00e9 oh\u00fdbacie zariadenia<\/h3>\n<h3 data-start=\"198\" data-end=\"297\">Preh\u013ead produktov - oh\u00fdbac\u00ed stroj na \u0165a\u017ek\u00fa v\u00fdstu\u017e pre stavebn\u00e9 a infra\u0161trukt\u00farne projekty<\/h3>\n<p data-start=\"299\" data-end=\"609\">Str\u00e1nka <strong data-start=\"303\" data-end=\"333\">Stroj na oh\u00fdbanie v\u00fdstu\u017ee GW45<\/strong> je navrhnut\u00fd tak, aby zvl\u00e1dol <strong data-start=\"358\" data-end=\"373\">6 mm a\u017e 36 mm<\/strong> oce\u013eov\u00e9 ty\u010de s vysokou presnos\u0165ou a \u00fa\u010dinnos\u0165ou oh\u00fdbania. T\u00e1to stavebn\u00e1 oh\u00fdba\u010dka v\u00fdstu\u017ee je vhodn\u00e1 na pr\u00e1ce na stavbe aj vo v\u00fdrobn\u00fdch hal\u00e1ch, najm\u00e4 pri projektoch, ako s\u00fa dia\u013enice, obytn\u00e9 komplexy, mosty a tunely.<\/p>\n<p data-start=\"611\" data-end=\"796\">V\u010faka odoln\u00e9mu r\u00e1mu, v\u00fdkonn\u00e9mu motoru a nastavite\u013en\u00fdm uhlom ohybu je GW45 ide\u00e1lna pre profesion\u00e1lov, ktor\u00ed h\u013eadaj\u00fa spo\u013eahlivos\u0165 a flexibilitu pri ka\u017edodennej pr\u00e1ci s oce\u013eovou v\u00fdstu\u017eou.<\/p>\n<h3 data-start=\"803\" data-end=\"853\">Vylep\u0161en\u00e9 ovl\u00e1danie a vysoko presn\u00e9 oh\u00fdbanie<\/h3>\n<p data-start=\"855\" data-end=\"1182\">Str\u00e1nka <strong data-start=\"859\" data-end=\"889\"><a href=\"https:\/\/www.hsymachinery.com\/sk\/produkty\/stroj-na-ohybanie-vystuze\/\" target=\"_blank\" rel=\"noopener\">Stroj na oh\u00fdbanie v\u00fdstu\u017ee<\/a> GW45<\/strong> vyu\u017e\u00edva rota\u010dn\u00fd oh\u00fdbac\u00ed kot\u00fa\u010d a mechanick\u00fa z\u00e1tku na vytv\u00e1ranie presn\u00fdch ohybov od 0\u00b0 do 180\u00b0. Obsluha m\u00f4\u017ee r\u00fdchlo a d\u00f4sledne nastavi\u0165 r\u00f4zne uhly pre zlo\u017eit\u00e9 strmene alebo vlastn\u00e9 tvary v\u00fdstu\u017ee. Siln\u00fd ploch\u00fd oh\u00fdbac\u00ed kot\u00fa\u010d navy\u0161e zvl\u00e1dne oce\u013e s ve\u013ek\u00fdm priemerom bez deform\u00e1cie.<\/p>\n<p data-start=\"1184\" data-end=\"1384\">A <strong data-start=\"1186\" data-end=\"1207\">motor s meden\u00fdm jadrom<\/strong> poh\u00e1\u0148a stroj, poskytuje kon\u0161tantn\u00fd kr\u00fatiaci moment a n\u00edzku hlu\u010dnos\u0165. Str\u00e1nka <strong data-start=\"1281\" data-end=\"1299\">utesnen\u00e1 prevodovka<\/strong> zabezpe\u010duje hlad\u0161\u00ed prenos, ni\u017e\u0161iu \u00fadr\u017ebu a dlh\u0161iu \u017eivotnos\u0165.<\/p>\n<h3 data-start=\"1391\" data-end=\"1446\">\u00a0Vyroben\u00e9 tak, aby odolali n\u00e1ro\u010dn\u00fdm stavebn\u00fdm podmienkam<\/h3>\n<p data-start=\"1448\" data-end=\"1709\">Model GW45 m\u00e1 zosilnen\u00fd oce\u013eov\u00fd r\u00e1m a oh\u00fdbacie komponenty s vysokou odolnos\u0165ou proti n\u00e1razom. Spo\u013eahlivo funguje v n\u00e1ro\u010dn\u00fdch podmienkach, ako s\u00fa pra\u0161n\u00e9 stavenisk\u00e1 a mobiln\u00e9 dielne. V\u010faka pevn\u00fdm koles\u00e1m m\u00f4\u017eu pou\u017e\u00edvatelia stroj \u013eahko premiest\u0148ova\u0165 pod\u013ea potreby.<\/p>\n<p data-start=\"1711\" data-end=\"1936\">Okrem toho je t\u00e1to oh\u00fdba\u010dka v\u00fdstu\u017ee vybaven\u00e1 no\u017en\u00fdm ped\u00e1lom alebo ru\u010dn\u00fdm sp\u00edna\u010dom pre bezpe\u010dnos\u0165 a pohodlie pri pr\u00e1ci. V\u010faka mo\u017enosti v\u00fdberu nap\u00e4tia a frekvencie (220V\/380V, 50Hz\/60Hz) je GW45 vhodn\u00fd pre glob\u00e1lne trhy.<\/p>\n<h3 data-start=\"1943\" data-end=\"1991\">Pre\u010do si vybra\u0165 stroj na oh\u00fdbanie v\u00fdstu\u017ee GW45?<\/h3>\n<ul data-start=\"1993\" data-end=\"2219\">\n<li data-start=\"1993\" data-end=\"2060\">\n<p data-start=\"1995\" data-end=\"2060\">Presn\u00e9 oh\u00fdbanie oce\u013eov\u00fdch ty\u010d\u00ed 6-36 mm s d\u00f4slednou kontrolou uhla<\/p>\n<\/li>\n<li data-start=\"2061\" data-end=\"2112\">\n<p data-start=\"2063\" data-end=\"2112\">Siln\u00fd meden\u00fd motor a prevodovka nen\u00e1ro\u010dn\u00e1 na \u00fadr\u017ebu<\/p>\n<\/li>\n<li data-start=\"2113\" data-end=\"2169\">\n<p data-start=\"2115\" data-end=\"2169\">Odoln\u00e9, mobiln\u00e9 a vhodn\u00e9 do podmienok na stavenisku<\/p>\n<\/li>\n<li data-start=\"2170\" data-end=\"2219\">\n<p data-start=\"2172\" data-end=\"2219\">Pripraven\u00e9 na export s viacnap\u00e4\u0165ovou konfigur\u00e1ciou<\/p>\n<\/li>\n<\/ul>\n<p><iframe title=\"# stavebn\u00fd robotn\u00edk # stavebn\u00fd robotn\u00edk #rebarbender #rebarbending #rebarbending\" width=\"720\" height=\"405\" src=\"https:\/\/www.youtube.com\/embed\/PJ1hngSXwUg?feature=oembed\" frameborder=\"0\" allow=\"accelerometer; autoplay; clipboard-write; encrypted-media; gyroscope; picture-in-picture; web-share\" referrerpolicy=\"strict-origin-when-cross-origin\" allowfullscreen><\/iframe><\/p>","protected":false},"excerpt":{"rendered":"<p>Oh\u00fdba\u010dka v\u00fdstuh GW45 oh\u00fdba oce\u013eov\u00e9 ty\u010de s priemerom 6-36 mm s plynul\u00fdm kr\u00fatiacim momentom a vysokou presnos\u0165ou. V\u010faka robustnej kon\u0161trukcii a flexibiln\u00e9mu ovl\u00e1daniu je ide\u00e1lny na pou\u017eitie na stavenisku a v dielni.<\/p>","protected":false},"featured_media":8944,"template":"","meta":{"_kad_post_transparent":"default","_kad_post_title":"","_kad_post_layout":"default","_kad_post_sidebar_id":"","_kad_post_content_style":"default","_kad_post_vertical_padding":"default","_kad_post_feature":"","_kad_post_feature_position":"","_kad_post_header":false,"_kad_post_footer":false},"product_brand":[],"product_cat":[28],"product_tag":[998,1004,996,1003,997,1000,1001,999,995,1002],"class_list":{"0":"post-8943","1":"product","2":"type-product","3":"status-publish","4":"has-post-thumbnail","6":"product_cat-rebar-bending-machine","7":"product_tag-automatic-rebar-bending-machine","8":"product_tag-bar-bending-machine-price","9":"product_tag-cnc-rebar-bending-machine","10":"product_tag-construction-rebar-bender","11":"product_tag-electric-rebar-bender","12":"product_tag-electric-rebar-bending-machine","13":"product_tag-hydraulic-rebar-bending-machine","14":"product_tag-portable-rebar-bender","15":"product_tag-rebar-bender","16":"product_tag-steel-bar-bender","18":"first","19":"instock","20":"shipping-taxable","21":"product-type-simple","22":"entry","23":"content-bg","24":"loop-entry"},"yoast_head":"<!-- This site is optimized with the Yoast SEO plugin v25.3.1 - https:\/\/yoast.com\/wordpress\/plugins\/seo\/ -->\n<title>Rebar Bending Machine GW45 - HSY Construction Machinery<\/title>\n<meta name=\"description\" content=\"Rebar Bending Machine GW45 bends 6\u201336mm rebar with excellent control. Reliable, mobile, and ideal for medium-scale construction and steel reinforcement projects.\" \/>\n<meta name=\"robots\" content=\"index, follow, max-snippet:-1, max-image-preview:large, max-video-preview:-1\" \/>\n<link rel=\"canonical\" href=\"https:\/\/www.hsymachinery.com\/sk\/produkt\/stroj-na-ohybanie-vystuze-gw45\/\" \/>\n<meta property=\"og:locale\" content=\"sk_SK\" \/>\n<meta property=\"og:type\" content=\"article\" \/>\n<meta property=\"og:title\" content=\"Rebar Bending Machine GW45 - HSY Construction Machinery\" \/>\n<meta property=\"og:description\" content=\"Rebar Bending Machine GW45 bends 6\u201336mm rebar with excellent control. Reliable, mobile, and ideal for medium-scale construction and steel reinforcement projects.\" \/>\n<meta property=\"og:url\" content=\"https:\/\/www.hsymachinery.com\/sk\/produkt\/stroj-na-ohybanie-vystuze-gw45\/\" \/>\n<meta property=\"og:site_name\" content=\"HSY Construction Machinery\" \/>\n<meta property=\"article:modified_time\" content=\"2025-06-25T15:11:34+00:00\" \/>\n<meta property=\"og:image\" content=\"https:\/\/www.hsymachinery.com\/wp-content\/uploads\/2025\/06\/Rebar-Bending-Machine-GW45.jpg\" \/>\n\t<meta property=\"og:image:width\" content=\"600\" \/>\n\t<meta property=\"og:image:height\" content=\"600\" \/>\n\t<meta property=\"og:image:type\" content=\"image\/jpeg\" \/>\n<meta name=\"twitter:card\" content=\"summary_large_image\" \/>\n<meta name=\"twitter:label1\" content=\"Predpokladan\u00fd \u010das \u010d\u00edtania\" \/>\n\t<meta name=\"twitter:data1\" content=\"2 min\u00faty\" \/>\n<script type=\"application\/ld+json\" class=\"yoast-schema-graph\">{\"@context\":\"https:\/\/schema.org\",\"@graph\":[{\"@type\":\"WebPage\",\"@id\":\"https:\/\/www.hsymachinery.com\/product\/rebar-bending-machine-gw45\/\",\"url\":\"https:\/\/www.hsymachinery.com\/product\/rebar-bending-machine-gw45\/\",\"name\":\"Rebar Bending Machine GW45 - HSY Construction Machinery\",\"isPartOf\":{\"@id\":\"https:\/\/www.hsymachinery.com\/#website\"},\"primaryImageOfPage\":{\"@id\":\"https:\/\/www.hsymachinery.com\/product\/rebar-bending-machine-gw45\/#primaryimage\"},\"image\":{\"@id\":\"https:\/\/www.hsymachinery.com\/product\/rebar-bending-machine-gw45\/#primaryimage\"},\"thumbnailUrl\":\"https:\/\/www.hsymachinery.com\/wp-content\/uploads\/2025\/06\/Rebar-Bending-Machine-GW45.jpg\",\"datePublished\":\"2025-06-18T03:59:17+00:00\",\"dateModified\":\"2025-06-25T15:11:34+00:00\",\"description\":\"Rebar Bending Machine GW45 bends 6\u201336mm rebar with excellent control. Reliable, mobile, and ideal for medium-scale construction and steel reinforcement projects.\",\"breadcrumb\":{\"@id\":\"https:\/\/www.hsymachinery.com\/product\/rebar-bending-machine-gw45\/#breadcrumb\"},\"inLanguage\":\"sk-SK\",\"potentialAction\":[{\"@type\":\"ReadAction\",\"target\":[\"https:\/\/www.hsymachinery.com\/product\/rebar-bending-machine-gw45\/\"]}]},{\"@type\":\"ImageObject\",\"inLanguage\":\"sk-SK\",\"@id\":\"https:\/\/www.hsymachinery.com\/product\/rebar-bending-machine-gw45\/#primaryimage\",\"url\":\"https:\/\/www.hsymachinery.com\/wp-content\/uploads\/2025\/06\/Rebar-Bending-Machine-GW45.jpg\",\"contentUrl\":\"https:\/\/www.hsymachinery.com\/wp-content\/uploads\/2025\/06\/Rebar-Bending-Machine-GW45.jpg\",\"width\":600,\"height\":600},{\"@type\":\"BreadcrumbList\",\"@id\":\"https:\/\/www.hsymachinery.com\/product\/rebar-bending-machine-gw45\/#breadcrumb\",\"itemListElement\":[{\"@type\":\"ListItem\",\"position\":1,\"name\":\"home\",\"item\":\"https:\/\/www.hsymachinery.com\/\"},{\"@type\":\"ListItem\",\"position\":2,\"name\":\"products\",\"item\":\"https:\/\/www.hsymachinery.com\/products\/\"},{\"@type\":\"ListItem\",\"position\":3,\"name\":\"Rebar Bending Machine GW45\"}]},{\"@type\":\"WebSite\",\"@id\":\"https:\/\/www.hsymachinery.com\/#website\",\"url\":\"https:\/\/www.hsymachinery.com\/\",\"name\":\"HSY Construction Machinery\",\"description\":\"HSY Machinery \u2013 A leading China construction machinery supplier, offering a wide range of light construction equipment. Our main products include Rebar Cutting Machine, Rebar Bending Machine, Rebar Stirrup Bending Machine, Rebar Arc Bending Machine, Rebar Straightening Machine, Five-Head Rebar Stirrup Bending Machine, Tamping Rammer, Plate Compactor, Concrete Cutter, Power Trowel, and other construction machinery. We are equipped with advanced CNC machines, and we enforce strict quality inspection standards along with comprehensive after-sales service. If you are interested in our products or services, we warmly welcome your inquiries via message.\",\"publisher\":{\"@id\":\"https:\/\/www.hsymachinery.com\/#organization\"},\"potentialAction\":[{\"@type\":\"SearchAction\",\"target\":{\"@type\":\"EntryPoint\",\"urlTemplate\":\"https:\/\/www.hsymachinery.com\/?s={search_term_string}\"},\"query-input\":{\"@type\":\"PropertyValueSpecification\",\"valueRequired\":true,\"valueName\":\"search_term_string\"}}],\"inLanguage\":\"sk-SK\"},{\"@type\":\"Organization\",\"@id\":\"https:\/\/www.hsymachinery.com\/#organization\",\"name\":\"HSY Construction Machinery\",\"url\":\"https:\/\/www.hsymachinery.com\/\",\"logo\":{\"@type\":\"ImageObject\",\"inLanguage\":\"sk-SK\",\"@id\":\"https:\/\/www.hsymachinery.com\/#\/schema\/logo\/image\/\",\"url\":\"https:\/\/www.hsymachinery.com\/wp-content\/uploads\/2025\/06\/cropped-HSY-machinery.png\",\"contentUrl\":\"https:\/\/www.hsymachinery.com\/wp-content\/uploads\/2025\/06\/cropped-HSY-machinery.png\",\"width\":600,\"height\":240,\"caption\":\"HSY Construction Machinery\"},\"image\":{\"@id\":\"https:\/\/www.hsymachinery.com\/#\/schema\/logo\/image\/\"}}]}<\/script>\n<!-- \/ Yoast SEO plugin. -->","yoast_head_json":{"title":"Stroj na oh\u00fdbanie v\u00fdstu\u017ee GW45 - Stavebn\u00e9 stroje HSY","description":"Oh\u00fdba\u010dka v\u00fdstu\u017ee GW45 oh\u00fdba 6-36 mm v\u00fdstu\u017ee s vynikaj\u00facou kontrolou. Je spo\u013eahliv\u00fd, mobiln\u00fd a ide\u00e1lny pre stredne ve\u013ek\u00e9 stavebn\u00e9 projekty a projekty oce\u013eovej v\u00fdstu\u017ee.","robots":{"index":"index","follow":"follow","max-snippet":"max-snippet:-1","max-image-preview":"max-image-preview:large","max-video-preview":"max-video-preview:-1"},"canonical":"https:\/\/www.hsymachinery.com\/sk\/produkt\/stroj-na-ohybanie-vystuze-gw45\/","og_locale":"sk_SK","og_type":"article","og_title":"Rebar Bending Machine GW45 - HSY Construction Machinery","og_description":"Rebar Bending Machine GW45 bends 6\u201336mm rebar with excellent control. Reliable, mobile, and ideal for medium-scale construction and steel reinforcement projects.","og_url":"https:\/\/www.hsymachinery.com\/sk\/produkt\/stroj-na-ohybanie-vystuze-gw45\/","og_site_name":"HSY Construction Machinery","article_modified_time":"2025-06-25T15:11:34+00:00","og_image":[{"width":600,"height":600,"url":"https:\/\/www.hsymachinery.com\/wp-content\/uploads\/2025\/06\/Rebar-Bending-Machine-GW45.jpg","type":"image\/jpeg"}],"twitter_card":"summary_large_image","twitter_misc":{"Predpokladan\u00fd \u010das \u010d\u00edtania":"2 min\u00faty"},"schema":{"@context":"https:\/\/schema.org","@graph":[{"@type":"WebPage","@id":"https:\/\/www.hsymachinery.com\/product\/rebar-bending-machine-gw45\/","url":"https:\/\/www.hsymachinery.com\/product\/rebar-bending-machine-gw45\/","name":"Stroj na oh\u00fdbanie v\u00fdstu\u017ee GW45 - Stavebn\u00e9 stroje HSY","isPartOf":{"@id":"https:\/\/www.hsymachinery.com\/#website"},"primaryImageOfPage":{"@id":"https:\/\/www.hsymachinery.com\/product\/rebar-bending-machine-gw45\/#primaryimage"},"image":{"@id":"https:\/\/www.hsymachinery.com\/product\/rebar-bending-machine-gw45\/#primaryimage"},"thumbnailUrl":"https:\/\/www.hsymachinery.com\/wp-content\/uploads\/2025\/06\/Rebar-Bending-Machine-GW45.jpg","datePublished":"2025-06-18T03:59:17+00:00","dateModified":"2025-06-25T15:11:34+00:00","description":"Oh\u00fdba\u010dka v\u00fdstu\u017ee GW45 oh\u00fdba 6-36 mm v\u00fdstu\u017ee s vynikaj\u00facou kontrolou. Je spo\u013eahliv\u00fd, mobiln\u00fd a ide\u00e1lny pre stredne ve\u013ek\u00e9 stavebn\u00e9 projekty a projekty oce\u013eovej v\u00fdstu\u017ee.","breadcrumb":{"@id":"https:\/\/www.hsymachinery.com\/product\/rebar-bending-machine-gw45\/#breadcrumb"},"inLanguage":"sk-SK","potentialAction":[{"@type":"ReadAction","target":["https:\/\/www.hsymachinery.com\/product\/rebar-bending-machine-gw45\/"]}]},{"@type":"ImageObject","inLanguage":"sk-SK","@id":"https:\/\/www.hsymachinery.com\/product\/rebar-bending-machine-gw45\/#primaryimage","url":"https:\/\/www.hsymachinery.com\/wp-content\/uploads\/2025\/06\/Rebar-Bending-Machine-GW45.jpg","contentUrl":"https:\/\/www.hsymachinery.com\/wp-content\/uploads\/2025\/06\/Rebar-Bending-Machine-GW45.jpg","width":600,"height":600},{"@type":"BreadcrumbList","@id":"https:\/\/www.hsymachinery.com\/product\/rebar-bending-machine-gw45\/#breadcrumb","itemListElement":[{"@type":"ListItem","position":1,"name":"home","item":"https:\/\/www.hsymachinery.com\/"},{"@type":"ListItem","position":2,"name":"products","item":"https:\/\/www.hsymachinery.com\/products\/"},{"@type":"ListItem","position":3,"name":"Rebar Bending Machine GW45"}]},{"@type":"WebSite","@id":"https:\/\/www.hsymachinery.com\/#website","url":"https:\/\/www.hsymachinery.com\/","name":"Stavebn\u00e9 stroje HSY","description":"HSY Machinery - popredn\u00fd dod\u00e1vate\u013e stavebn\u00fdch strojov v \u010c\u00edne, ktor\u00fd pon\u00faka \u0161irok\u00fd sortiment \u013eahk\u00fdch stavebn\u00fdch strojov. Medzi na\u0161e hlavn\u00e9 produkty patr\u00ed stroj na rezanie ty\u010d\u00ed, stroj na oh\u00fdbanie ty\u010d\u00ed, stroj na oh\u00fdbanie ty\u010d\u00ed, stroj na oh\u00fdbanie obl\u00fakov ty\u010d\u00ed, stroj na rovnanie ty\u010d\u00ed, p\u00e4\u0165hlav\u0148ov\u00fd stroj na oh\u00fdbanie ty\u010d\u00ed, podb\u00edja\u010dka, zhut\u0148ova\u010d dosiek, fr\u00e9za na bet\u00f3n, elektrick\u00e1 stierka a \u010fal\u0161ie stavebn\u00e9 stroje. Sme vybaven\u00ed modern\u00fdmi CNC strojmi a presadzujeme pr\u00edsne normy kontroly kvality spolu s komplexn\u00fdm popredajn\u00fdm servisom. Ak m\u00e1te z\u00e1ujem o na\u0161e v\u00fdrobky alebo slu\u017eby, srde\u010dne priv\u00edtame va\u0161e ot\u00e1zky prostredn\u00edctvom spr\u00e1vy.","publisher":{"@id":"https:\/\/www.hsymachinery.com\/#organization"},"potentialAction":[{"@type":"SearchAction","target":{"@type":"EntryPoint","urlTemplate":"https:\/\/www.hsymachinery.com\/?s={search_term_string}"},"query-input":{"@type":"PropertyValueSpecification","valueRequired":true,"valueName":"search_term_string"}}],"inLanguage":"sk-SK"},{"@type":"Organization","@id":"https:\/\/www.hsymachinery.com\/#organization","name":"Stavebn\u00e9 stroje HSY","url":"https:\/\/www.hsymachinery.com\/","logo":{"@type":"ImageObject","inLanguage":"sk-SK","@id":"https:\/\/www.hsymachinery.com\/#\/schema\/logo\/image\/","url":"https:\/\/www.hsymachinery.com\/wp-content\/uploads\/2025\/06\/cropped-HSY-machinery.png","contentUrl":"https:\/\/www.hsymachinery.com\/wp-content\/uploads\/2025\/06\/cropped-HSY-machinery.png","width":600,"height":240,"caption":"HSY Construction Machinery"},"image":{"@id":"https:\/\/www.hsymachinery.com\/#\/schema\/logo\/image\/"}}]}},"_links":{"self":[{"href":"https:\/\/www.hsymachinery.com\/sk\/wp-json\/wp\/v2\/product\/8943","targetHints":{"allow":["GET"]}}],"collection":[{"href":"https:\/\/www.hsymachinery.com\/sk\/wp-json\/wp\/v2\/product"}],"about":[{"href":"https:\/\/www.hsymachinery.com\/sk\/wp-json\/wp\/v2\/types\/product"}],"version-history":[{"count":3,"href":"https:\/\/www.hsymachinery.com\/sk\/wp-json\/wp\/v2\/product\/8943\/revisions"}],"predecessor-version":[{"id":9352,"href":"https:\/\/www.hsymachinery.com\/sk\/wp-json\/wp\/v2\/product\/8943\/revisions\/9352"}],"wp:featuredmedia":[{"embeddable":true,"href":"https:\/\/www.hsymachinery.com\/sk\/wp-json\/wp\/v2\/media\/8944"}],"wp:attachment":[{"href":"https:\/\/www.hsymachinery.com\/sk\/wp-json\/wp\/v2\/media?parent=8943"}],"wp:term":[{"taxonomy":"product_brand","embeddable":true,"href":"https:\/\/www.hsymachinery.com\/sk\/wp-json\/wp\/v2\/product_brand?post=8943"},{"taxonomy":"product_cat","embeddable":true,"href":"https:\/\/www.hsymachinery.com\/sk\/wp-json\/wp\/v2\/product_cat?post=8943"},{"taxonomy":"product_tag","embeddable":true,"href":"https:\/\/www.hsymachinery.com\/sk\/wp-json\/wp\/v2\/product_tag?post=8943"}],"curies":[{"name":"wp","href":"https:\/\/api.w.org\/{rel}","templated":true}]}}