{"id":8939,"date":"2025-06-18T11:56:04","date_gmt":"2025-06-18T03:56:04","guid":{"rendered":"https:\/\/www.hsymachinery.com\/?post_type=product&#038;p=8939"},"modified":"2025-06-25T23:05:29","modified_gmt":"2025-06-25T15:05:29","slug":"stroj-na-ohybanie-vystuze-gw40","status":"publish","type":"product","link":"https:\/\/www.hsymachinery.com\/sk\/produkt\/stroj-na-ohybanie-vystuze-gw40\/","title":{"rendered":"Stroj na oh\u00fdbanie v\u00fdstu\u017ee GW40"},"content":{"rendered":"<h3 data-start=\"323\" data-end=\"410\">Kompaktn\u00fd stroj na oh\u00fdbanie ty\u010d\u00ed pre ty\u010de 6-32 mm | Oh\u00fdba\u010dka oce\u013eov\u00fdch ty\u010d\u00ed pre stavebn\u00edctvo<\/h3>\n<h3 data-start=\"417\" data-end=\"491\">Preh\u013ead produktov - Prenosn\u00e9 zariadenie na oh\u00fdbanie ocele na mieste<\/h3>\n<p data-start=\"493\" data-end=\"869\">Str\u00e1nka <strong data-start=\"497\" data-end=\"527\">Stroj na oh\u00fdbanie v\u00fdstu\u017ee GW40<\/strong> je kompaktn\u00fd, odoln\u00fd a vysoko \u00fa\u010dinn\u00fd <strong data-start=\"572\" data-end=\"596\">rie\u0161enie oh\u00fdbania ty\u010d\u00ed<\/strong> ur\u010den\u00e9 na spracovanie <strong data-start=\"621\" data-end=\"636\">6 mm a\u017e 32 mm<\/strong> oce\u013eov\u00e9 ty\u010de. \u010ci u\u017e pracujete na mal\u00fdch obytn\u00fdch stavb\u00e1ch alebo na stredne ve\u013ek\u00fdch stavebn\u00fdch projektoch, tento stroj zaka\u017ed\u00fdm zabezpe\u010d\u00ed \u010dist\u00e9 a presn\u00e9 ohyby. Je ide\u00e1lny na z\u00e1klady, st\u013apy, nosn\u00edky a v\u0161eobecn\u00e9 armovacie pr\u00e1ce.<\/p>\n<p data-start=\"871\" data-end=\"1062\">V\u010faka \u013eahk\u00e9mu r\u00e1mu a jednoduchej obsluhe m\u00f4\u017eu pracovn\u00edci pres\u00fava\u0165 a obsluhova\u0165 <strong data-start=\"956\" data-end=\"975\">Oh\u00fdba\u010dka ty\u010d\u00ed GW40<\/strong> s minim\u00e1lnym \u0161kolen\u00edm. V d\u00f4sledku toho sa zvy\u0161uje produktivita a zni\u017euje pr\u00e1cnos\u0165.<\/p>\n<h3 data-start=\"1069\" data-end=\"1128\">\u00a0Presn\u00e9 ovl\u00e1danie uhla a plynul\u00e9 oh\u00fdbanie<\/h3>\n<p data-start=\"1130\" data-end=\"1439\">Str\u00e1nka <strong data-start=\"1134\" data-end=\"1164\">Stroj na oh\u00fdbanie v\u00fdstu\u017ee GW40<\/strong> pou\u017e\u00edva tvrden\u00fd oh\u00fdbac\u00ed kot\u00fa\u010d s nastavite\u013en\u00fdmi zar\u00e1\u017ekami na regul\u00e1ciu uhla ohybu. Oper\u00e1tori m\u00f4\u017eu r\u00fdchlo prep\u00edna\u0165 medzi r\u00f4znymi uhlami - zvy\u010dajne a\u017e do 180\u00b0 - s vysokou konzistenciou. V\u010faka tejto funkcii je stroj vhodn\u00fd na \u0161tandardn\u00e9 ohyby aj na z\u00e1kazkov\u00e9 tvary v\u00fdstu\u017ee.<\/p>\n<p data-start=\"1441\" data-end=\"1648\">Stroj be\u017e\u00ed na v\u00fdkonnom <strong data-start=\"1472\" data-end=\"1493\">motor s meden\u00fdm vodi\u010dom<\/strong> ktor\u00fd zabezpe\u010duje stabiln\u00fd kr\u00fatiaci moment. Okrem toho uzavret\u00e1, mazan\u00e1 prevodovka zni\u017euje mechanick\u00e9 opotrebenie a predl\u017euje \u017eivotnos\u0165 vn\u00fatorn\u00fdch komponentov.<\/p>\n<h3 data-start=\"1655\" data-end=\"1704\">Odoln\u00e1 \u0161trukt\u00fara a glob\u00e1lna kompatibilita<\/h3>\n<p data-start=\"1706\" data-end=\"1978\">Str\u00e1nka <strong data-start=\"1710\" data-end=\"1740\">GW40 stroj na oh\u00fdbanie v\u00fdstu\u017ee<\/strong> m\u00e1 zosilnen\u00e9 liatinov\u00e9 telo, ktor\u00e9 je navrhnut\u00e9 tak, aby odol\u00e1valo n\u00e1razom a deform\u00e1ci\u00e1m. Pevn\u00e9 koles\u00e1 zlep\u0161uj\u00fa prenosnos\u0165 a volite\u013en\u00e9 no\u017en\u00fd alebo ru\u010dn\u00fd ovl\u00e1da\u010d zvy\u0161uje bezpe\u010dnos\u0165 prev\u00e1dzky. Kompaktn\u00e9 rozmery stroja s\u00fa ide\u00e1lne pre miesta s obmedzen\u00fdm priestorom.<\/p>\n<p data-start=\"1980\" data-end=\"2197\">Okrem toho podporuje <strong data-start=\"2005\" data-end=\"2052\">vlastn\u00e9 vstupn\u00e9 nap\u00e4tie (220V\/380V, 50Hz\/60Hz)<\/strong> pre bezprobl\u00e9mov\u00e9 medzin\u00e1rodn\u00e9 nasadenie. Jeho robustn\u00e1 kon\u0161trukcia a flexibiln\u00e9 funkcie z neho robia vynikaj\u00facu vo\u013ebu pre stavebn\u00e9 spolo\u010dnosti na celom svete.<\/p>\n<h3 data-start=\"2204\" data-end=\"2252\">Pre\u010do si vybra\u0165 stroj na oh\u00fdbanie v\u00fdstu\u017ee GW40?<\/h3>\n<ul data-start=\"2254\" data-end=\"2436\">\n<li data-start=\"2254\" data-end=\"2292\">\n<p data-start=\"2256\" data-end=\"2292\">Presne oh\u00fdba oce\u013eov\u00e9 ty\u010de 6-32 mm<\/p>\n<\/li>\n<li data-start=\"2293\" data-end=\"2344\">\n<p data-start=\"2295\" data-end=\"2344\">Prenosn\u00e9 a \u013eahko ovl\u00e1date\u013en\u00e9 na stiesnen\u00fdch pracovisk\u00e1ch<\/p>\n<\/li>\n<li data-start=\"2345\" data-end=\"2387\">\n<p data-start=\"2347\" data-end=\"2387\">Odoln\u00e1 prevodovka a motor s dlhou \u017eivotnos\u0165ou<\/p>\n<\/li>\n<li data-start=\"2388\" data-end=\"2436\">\n<p data-start=\"2390\" data-end=\"2436\">Ide\u00e1lne na export a glob\u00e1lne pou\u017eitie v stavebn\u00edctve<\/p>\n<\/li>\n<\/ul>\n<p><iframe title=\"# stavebn\u00fd robotn\u00edk # stavebn\u00fd robotn\u00edk # stavebn\u00fd stroj # stavebn\u00fd stroj # stavebn\u00fd stroj # stavebn\u00fd stroj # stavebn\u00fd stroj # stavebn\u00fd stroj\" width=\"720\" height=\"405\" src=\"https:\/\/www.youtube.com\/embed\/GX-U7SGMcVc?feature=oembed\" frameborder=\"0\" allow=\"accelerometer; autoplay; clipboard-write; encrypted-media; gyroscope; picture-in-picture; web-share\" referrerpolicy=\"strict-origin-when-cross-origin\" allowfullscreen><\/iframe><\/p>","protected":false},"excerpt":{"rendered":"<p>Oh\u00fdba\u010dka GW40 oh\u00fdba 6-32 mm ty\u010de s presnos\u0165ou a kontrolou. V\u010faka kompaktn\u00fdm rozmerom a jednoduchej obsluhe je ide\u00e1lny na v\u0161eobecn\u00e9 pou\u017eitie na stavb\u00e1ch.<\/p>","protected":false},"featured_media":8941,"template":"","meta":{"_kad_post_transparent":"default","_kad_post_title":"","_kad_post_layout":"default","_kad_post_sidebar_id":"","_kad_post_content_style":"default","_kad_post_vertical_padding":"default","_kad_post_feature":"","_kad_post_feature_position":"","_kad_post_header":false,"_kad_post_footer":false},"product_brand":[],"product_cat":[28],"product_tag":[998,1004,996,1003,997,1000,1001,999,995,1002],"class_list":{"0":"post-8939","1":"product","2":"type-product","3":"status-publish","4":"has-post-thumbnail","6":"product_cat-rebar-bending-machine","7":"product_tag-automatic-rebar-bending-machine","8":"product_tag-bar-bending-machine-price","9":"product_tag-cnc-rebar-bending-machine","10":"product_tag-construction-rebar-bender","11":"product_tag-electric-rebar-bender","12":"product_tag-electric-rebar-bending-machine","13":"product_tag-hydraulic-rebar-bending-machine","14":"product_tag-portable-rebar-bender","15":"product_tag-rebar-bender","16":"product_tag-steel-bar-bender","18":"first","19":"instock","20":"featured","21":"shipping-taxable","22":"product-type-simple","23":"entry","24":"content-bg","25":"loop-entry"},"yoast_head":"<!-- This site is optimized with the Yoast SEO plugin v25.3.1 - https:\/\/yoast.com\/wordpress\/plugins\/seo\/ -->\n<title>Rebar Bending Machine GW40 - HSY Construction Machinery<\/title>\n<meta name=\"description\" content=\"Rebar Bending Machine GW40 bends 6\u201332mm steel bars with high accuracy. Compact, portable, and suitable for export to construction markets worldwide.\" \/>\n<meta name=\"robots\" content=\"index, follow, max-snippet:-1, max-image-preview:large, max-video-preview:-1\" \/>\n<link rel=\"canonical\" href=\"https:\/\/www.hsymachinery.com\/sk\/produkt\/stroj-na-ohybanie-vystuze-gw40\/\" \/>\n<meta property=\"og:locale\" content=\"sk_SK\" \/>\n<meta property=\"og:type\" content=\"article\" \/>\n<meta property=\"og:title\" content=\"Rebar Bending Machine GW40 - HSY Construction Machinery\" \/>\n<meta property=\"og:description\" content=\"Rebar Bending Machine GW40 bends 6\u201332mm steel bars with high accuracy. Compact, portable, and suitable for export to construction markets worldwide.\" \/>\n<meta property=\"og:url\" content=\"https:\/\/www.hsymachinery.com\/sk\/produkt\/stroj-na-ohybanie-vystuze-gw40\/\" \/>\n<meta property=\"og:site_name\" content=\"HSY Construction Machinery\" \/>\n<meta property=\"article:modified_time\" content=\"2025-06-25T15:05:29+00:00\" \/>\n<meta property=\"og:image\" content=\"https:\/\/www.hsymachinery.com\/wp-content\/uploads\/2025\/06\/Rebar-Bending-Machine-GW40.jpg\" \/>\n\t<meta property=\"og:image:width\" content=\"600\" \/>\n\t<meta property=\"og:image:height\" content=\"600\" \/>\n\t<meta property=\"og:image:type\" content=\"image\/jpeg\" \/>\n<meta name=\"twitter:card\" content=\"summary_large_image\" \/>\n<meta name=\"twitter:label1\" content=\"Predpokladan\u00fd \u010das \u010d\u00edtania\" \/>\n\t<meta name=\"twitter:data1\" content=\"2 min\u00faty\" \/>\n<script type=\"application\/ld+json\" class=\"yoast-schema-graph\">{\"@context\":\"https:\/\/schema.org\",\"@graph\":[{\"@type\":\"WebPage\",\"@id\":\"https:\/\/www.hsymachinery.com\/product\/rebar-bending-machine-gw40\/\",\"url\":\"https:\/\/www.hsymachinery.com\/product\/rebar-bending-machine-gw40\/\",\"name\":\"Rebar Bending Machine GW40 - HSY Construction Machinery\",\"isPartOf\":{\"@id\":\"https:\/\/www.hsymachinery.com\/#website\"},\"primaryImageOfPage\":{\"@id\":\"https:\/\/www.hsymachinery.com\/product\/rebar-bending-machine-gw40\/#primaryimage\"},\"image\":{\"@id\":\"https:\/\/www.hsymachinery.com\/product\/rebar-bending-machine-gw40\/#primaryimage\"},\"thumbnailUrl\":\"https:\/\/www.hsymachinery.com\/wp-content\/uploads\/2025\/06\/Rebar-Bending-Machine-GW40.jpg\",\"datePublished\":\"2025-06-18T03:56:04+00:00\",\"dateModified\":\"2025-06-25T15:05:29+00:00\",\"description\":\"Rebar Bending Machine GW40 bends 6\u201332mm steel bars with high accuracy. Compact, portable, and suitable for export to construction markets worldwide.\",\"breadcrumb\":{\"@id\":\"https:\/\/www.hsymachinery.com\/product\/rebar-bending-machine-gw40\/#breadcrumb\"},\"inLanguage\":\"sk-SK\",\"potentialAction\":[{\"@type\":\"ReadAction\",\"target\":[\"https:\/\/www.hsymachinery.com\/product\/rebar-bending-machine-gw40\/\"]}]},{\"@type\":\"ImageObject\",\"inLanguage\":\"sk-SK\",\"@id\":\"https:\/\/www.hsymachinery.com\/product\/rebar-bending-machine-gw40\/#primaryimage\",\"url\":\"https:\/\/www.hsymachinery.com\/wp-content\/uploads\/2025\/06\/Rebar-Bending-Machine-GW40.jpg\",\"contentUrl\":\"https:\/\/www.hsymachinery.com\/wp-content\/uploads\/2025\/06\/Rebar-Bending-Machine-GW40.jpg\",\"width\":600,\"height\":600},{\"@type\":\"BreadcrumbList\",\"@id\":\"https:\/\/www.hsymachinery.com\/product\/rebar-bending-machine-gw40\/#breadcrumb\",\"itemListElement\":[{\"@type\":\"ListItem\",\"position\":1,\"name\":\"home\",\"item\":\"https:\/\/www.hsymachinery.com\/\"},{\"@type\":\"ListItem\",\"position\":2,\"name\":\"products\",\"item\":\"https:\/\/www.hsymachinery.com\/products\/\"},{\"@type\":\"ListItem\",\"position\":3,\"name\":\"Rebar Bending Machine GW40\"}]},{\"@type\":\"WebSite\",\"@id\":\"https:\/\/www.hsymachinery.com\/#website\",\"url\":\"https:\/\/www.hsymachinery.com\/\",\"name\":\"HSY Construction Machinery\",\"description\":\"HSY Machinery \u2013 A leading China construction machinery supplier, offering a wide range of light construction equipment. Our main products include Rebar Cutting Machine, Rebar Bending Machine, Rebar Stirrup Bending Machine, Rebar Arc Bending Machine, Rebar Straightening Machine, Five-Head Rebar Stirrup Bending Machine, Tamping Rammer, Plate Compactor, Concrete Cutter, Power Trowel, and other construction machinery. We are equipped with advanced CNC machines, and we enforce strict quality inspection standards along with comprehensive after-sales service. If you are interested in our products or services, we warmly welcome your inquiries via message.\",\"publisher\":{\"@id\":\"https:\/\/www.hsymachinery.com\/#organization\"},\"potentialAction\":[{\"@type\":\"SearchAction\",\"target\":{\"@type\":\"EntryPoint\",\"urlTemplate\":\"https:\/\/www.hsymachinery.com\/?s={search_term_string}\"},\"query-input\":{\"@type\":\"PropertyValueSpecification\",\"valueRequired\":true,\"valueName\":\"search_term_string\"}}],\"inLanguage\":\"sk-SK\"},{\"@type\":\"Organization\",\"@id\":\"https:\/\/www.hsymachinery.com\/#organization\",\"name\":\"HSY Construction Machinery\",\"url\":\"https:\/\/www.hsymachinery.com\/\",\"logo\":{\"@type\":\"ImageObject\",\"inLanguage\":\"sk-SK\",\"@id\":\"https:\/\/www.hsymachinery.com\/#\/schema\/logo\/image\/\",\"url\":\"https:\/\/www.hsymachinery.com\/wp-content\/uploads\/2025\/06\/cropped-HSY-machinery.png\",\"contentUrl\":\"https:\/\/www.hsymachinery.com\/wp-content\/uploads\/2025\/06\/cropped-HSY-machinery.png\",\"width\":600,\"height\":240,\"caption\":\"HSY Construction Machinery\"},\"image\":{\"@id\":\"https:\/\/www.hsymachinery.com\/#\/schema\/logo\/image\/\"}}]}<\/script>\n<!-- \/ Yoast SEO plugin. -->","yoast_head_json":{"title":"Stroj na oh\u00fdbanie v\u00fdstu\u017ee GW40 - Stavebn\u00e9 stroje HSY","description":"Oh\u00fdbac\u00ed stroj GW40 oh\u00fdba 6-32 mm oce\u013eov\u00e9 ty\u010de s vysokou presnos\u0165ou. Je kompaktn\u00fd, prenosn\u00fd a vhodn\u00fd na v\u00fdvoz na stavebn\u00e9 trhy po celom svete.","robots":{"index":"index","follow":"follow","max-snippet":"max-snippet:-1","max-image-preview":"max-image-preview:large","max-video-preview":"max-video-preview:-1"},"canonical":"https:\/\/www.hsymachinery.com\/sk\/produkt\/stroj-na-ohybanie-vystuze-gw40\/","og_locale":"sk_SK","og_type":"article","og_title":"Rebar Bending Machine GW40 - HSY Construction Machinery","og_description":"Rebar Bending Machine GW40 bends 6\u201332mm steel bars with high accuracy. Compact, portable, and suitable for export to construction markets worldwide.","og_url":"https:\/\/www.hsymachinery.com\/sk\/produkt\/stroj-na-ohybanie-vystuze-gw40\/","og_site_name":"HSY Construction Machinery","article_modified_time":"2025-06-25T15:05:29+00:00","og_image":[{"width":600,"height":600,"url":"https:\/\/www.hsymachinery.com\/wp-content\/uploads\/2025\/06\/Rebar-Bending-Machine-GW40.jpg","type":"image\/jpeg"}],"twitter_card":"summary_large_image","twitter_misc":{"Predpokladan\u00fd \u010das \u010d\u00edtania":"2 min\u00faty"},"schema":{"@context":"https:\/\/schema.org","@graph":[{"@type":"WebPage","@id":"https:\/\/www.hsymachinery.com\/product\/rebar-bending-machine-gw40\/","url":"https:\/\/www.hsymachinery.com\/product\/rebar-bending-machine-gw40\/","name":"Stroj na oh\u00fdbanie v\u00fdstu\u017ee GW40 - Stavebn\u00e9 stroje HSY","isPartOf":{"@id":"https:\/\/www.hsymachinery.com\/#website"},"primaryImageOfPage":{"@id":"https:\/\/www.hsymachinery.com\/product\/rebar-bending-machine-gw40\/#primaryimage"},"image":{"@id":"https:\/\/www.hsymachinery.com\/product\/rebar-bending-machine-gw40\/#primaryimage"},"thumbnailUrl":"https:\/\/www.hsymachinery.com\/wp-content\/uploads\/2025\/06\/Rebar-Bending-Machine-GW40.jpg","datePublished":"2025-06-18T03:56:04+00:00","dateModified":"2025-06-25T15:05:29+00:00","description":"Oh\u00fdbac\u00ed stroj GW40 oh\u00fdba 6-32 mm oce\u013eov\u00e9 ty\u010de s vysokou presnos\u0165ou. Je kompaktn\u00fd, prenosn\u00fd a vhodn\u00fd na v\u00fdvoz na stavebn\u00e9 trhy po celom svete.","breadcrumb":{"@id":"https:\/\/www.hsymachinery.com\/product\/rebar-bending-machine-gw40\/#breadcrumb"},"inLanguage":"sk-SK","potentialAction":[{"@type":"ReadAction","target":["https:\/\/www.hsymachinery.com\/product\/rebar-bending-machine-gw40\/"]}]},{"@type":"ImageObject","inLanguage":"sk-SK","@id":"https:\/\/www.hsymachinery.com\/product\/rebar-bending-machine-gw40\/#primaryimage","url":"https:\/\/www.hsymachinery.com\/wp-content\/uploads\/2025\/06\/Rebar-Bending-Machine-GW40.jpg","contentUrl":"https:\/\/www.hsymachinery.com\/wp-content\/uploads\/2025\/06\/Rebar-Bending-Machine-GW40.jpg","width":600,"height":600},{"@type":"BreadcrumbList","@id":"https:\/\/www.hsymachinery.com\/product\/rebar-bending-machine-gw40\/#breadcrumb","itemListElement":[{"@type":"ListItem","position":1,"name":"home","item":"https:\/\/www.hsymachinery.com\/"},{"@type":"ListItem","position":2,"name":"products","item":"https:\/\/www.hsymachinery.com\/products\/"},{"@type":"ListItem","position":3,"name":"Rebar Bending Machine GW40"}]},{"@type":"WebSite","@id":"https:\/\/www.hsymachinery.com\/#website","url":"https:\/\/www.hsymachinery.com\/","name":"Stavebn\u00e9 stroje HSY","description":"HSY Machinery - popredn\u00fd dod\u00e1vate\u013e stavebn\u00fdch strojov v \u010c\u00edne, ktor\u00fd pon\u00faka \u0161irok\u00fd sortiment \u013eahk\u00fdch stavebn\u00fdch strojov. Medzi na\u0161e hlavn\u00e9 produkty patr\u00ed stroj na rezanie ty\u010d\u00ed, stroj na oh\u00fdbanie ty\u010d\u00ed, stroj na oh\u00fdbanie ty\u010d\u00ed, stroj na oh\u00fdbanie obl\u00fakov ty\u010d\u00ed, stroj na rovnanie ty\u010d\u00ed, p\u00e4\u0165hlav\u0148ov\u00fd stroj na oh\u00fdbanie ty\u010d\u00ed, podb\u00edja\u010dka, zhut\u0148ova\u010d dosiek, fr\u00e9za na bet\u00f3n, elektrick\u00e1 stierka a \u010fal\u0161ie stavebn\u00e9 stroje. Sme vybaven\u00ed modern\u00fdmi CNC strojmi a presadzujeme pr\u00edsne normy kontroly kvality spolu s komplexn\u00fdm popredajn\u00fdm servisom. Ak m\u00e1te z\u00e1ujem o na\u0161e v\u00fdrobky alebo slu\u017eby, srde\u010dne priv\u00edtame va\u0161e ot\u00e1zky prostredn\u00edctvom spr\u00e1vy.","publisher":{"@id":"https:\/\/www.hsymachinery.com\/#organization"},"potentialAction":[{"@type":"SearchAction","target":{"@type":"EntryPoint","urlTemplate":"https:\/\/www.hsymachinery.com\/?s={search_term_string}"},"query-input":{"@type":"PropertyValueSpecification","valueRequired":true,"valueName":"search_term_string"}}],"inLanguage":"sk-SK"},{"@type":"Organization","@id":"https:\/\/www.hsymachinery.com\/#organization","name":"Stavebn\u00e9 stroje HSY","url":"https:\/\/www.hsymachinery.com\/","logo":{"@type":"ImageObject","inLanguage":"sk-SK","@id":"https:\/\/www.hsymachinery.com\/#\/schema\/logo\/image\/","url":"https:\/\/www.hsymachinery.com\/wp-content\/uploads\/2025\/06\/cropped-HSY-machinery.png","contentUrl":"https:\/\/www.hsymachinery.com\/wp-content\/uploads\/2025\/06\/cropped-HSY-machinery.png","width":600,"height":240,"caption":"HSY Construction Machinery"},"image":{"@id":"https:\/\/www.hsymachinery.com\/#\/schema\/logo\/image\/"}}]}},"_links":{"self":[{"href":"https:\/\/www.hsymachinery.com\/sk\/wp-json\/wp\/v2\/product\/8939","targetHints":{"allow":["GET"]}}],"collection":[{"href":"https:\/\/www.hsymachinery.com\/sk\/wp-json\/wp\/v2\/product"}],"about":[{"href":"https:\/\/www.hsymachinery.com\/sk\/wp-json\/wp\/v2\/types\/product"}],"version-history":[{"count":3,"href":"https:\/\/www.hsymachinery.com\/sk\/wp-json\/wp\/v2\/product\/8939\/revisions"}],"predecessor-version":[{"id":9350,"href":"https:\/\/www.hsymachinery.com\/sk\/wp-json\/wp\/v2\/product\/8939\/revisions\/9350"}],"wp:featuredmedia":[{"embeddable":true,"href":"https:\/\/www.hsymachinery.com\/sk\/wp-json\/wp\/v2\/media\/8941"}],"wp:attachment":[{"href":"https:\/\/www.hsymachinery.com\/sk\/wp-json\/wp\/v2\/media?parent=8939"}],"wp:term":[{"taxonomy":"product_brand","embeddable":true,"href":"https:\/\/www.hsymachinery.com\/sk\/wp-json\/wp\/v2\/product_brand?post=8939"},{"taxonomy":"product_cat","embeddable":true,"href":"https:\/\/www.hsymachinery.com\/sk\/wp-json\/wp\/v2\/product_cat?post=8939"},{"taxonomy":"product_tag","embeddable":true,"href":"https:\/\/www.hsymachinery.com\/sk\/wp-json\/wp\/v2\/product_tag?post=8939"}],"curies":[{"name":"wp","href":"https:\/\/api.w.org\/{rel}","templated":true}]}}