{"id":8930,"date":"2025-06-18T11:28:57","date_gmt":"2025-06-18T03:28:57","guid":{"rendered":"https:\/\/www.hsymachinery.com\/?post_type=product&#038;p=8930"},"modified":"2025-06-25T21:06:25","modified_gmt":"2025-06-25T13:06:25","slug":"stroj-na-rezanie-vystuze-gq55-okruhly-noz","status":"publish","type":"product","link":"https:\/\/www.hsymachinery.com\/sk\/produkt\/stroj-na-rezanie-vystuze-gq55-okruhly-noz\/","title":{"rendered":"Stroj na rezanie v\u00fdstu\u017ee GQ55 (okr\u00fahly n\u00f4\u017e)"},"content":{"rendered":"<h3 data-start=\"136\" data-end=\"210\">Vystu\u017een\u00e1 reza\u010dka na okr\u00fahle li\u0161ty na vysoko\u00fa\u010dinn\u00e9 spracovanie ty\u010d\u00ed<\/h3>\n<h3 data-start=\"217\" data-end=\"286\">Preh\u013ead produktu - Rez\u00e1k na oce\u013e s valcovou \u010depe\u013eou pre 6-42 mm armovaciu ty\u010d<\/h3>\n<p data-start=\"288\" data-end=\"741\">Stroj na rezanie v\u00fdstu\u017ee GQ55 (okr\u00fahly n\u00f4\u017e) je profesion\u00e1lne rie\u0161enie na rezanie v\u00fdstu\u017ee optimalizovan\u00e9 na strihanie oce\u013eov\u00fdch ty\u010d\u00ed s ve\u013ek\u00fdm priemerom. Efekt\u00edvne sprac\u00fava v\u00fdstu\u017ee s priemerom od 6 do 42 mm vr\u00e1tane hladk\u00fdch kruhov\u00fdch ty\u010d\u00ed, rebrovan\u00fdch ty\u010d\u00ed a ty\u010d\u00ed z uhl\u00edkovej ocele. V\u010faka syst\u00e9mu kruhov\u00fdch no\u017eov s valiv\u00fdm strihom tento stroj v\u00fdrazne zni\u017euje trenie po\u010das strihania, \u010do vedie k r\u00fdchlej\u0161\u00edm v\u00fdsledkom, pred\u013a\u017eeniu \u017eivotnosti no\u017eov a plynulej\u0161ej prev\u00e1dzke.<\/p>\n<p data-start=\"743\" data-end=\"860\">Tento model sa \u0161iroko pou\u017e\u00edva pri rozvoji infra\u0161trukt\u00fary, priemyselnom spracovan\u00ed ocele a pri zakladan\u00ed v\u00fd\u0161kov\u00fdch budov.<\/p>\n<h3 data-start=\"867\" data-end=\"913\">Hladk\u00fd valiv\u00fd rez s men\u0161\u00edm odporom<\/h3>\n<p data-start=\"915\" data-end=\"1235\">Okr\u00fahly no\u017eov\u00fd mechanizmus sa po\u010das rezania mierne ot\u00e1\u010da, \u010d\u00edm namiesto priameho \u00faderu vytv\u00e1ra k\u013azav\u00fd strihac\u00ed efekt. T\u00fdm sa nielen zvy\u0161uje presnos\u0165 rezania, ale aj zni\u017euje za\u0165a\u017eenie motora. V\u00fdsledkom je, \u017ee v\u00e1\u0161 t\u00edm m\u00f4\u017ee reza\u0165 viac ty\u010d\u00ed za zmenu s men\u0161\u00edm hlukom, men\u0161\u00edmi vibr\u00e1ciami a lep\u0161ou energetickou \u00fa\u010dinnos\u0165ou.<\/p>\n<p data-start=\"1237\" data-end=\"1486\">Rezac\u00ed stroj na v\u00fdstu\u017ee GQ55 (okr\u00fahly n\u00f4\u017e) poh\u00e1\u0148an\u00fd meden\u00fdm motorom s vysok\u00fdm kr\u00fatiacim momentom pracuje konzistentne v n\u00e1ro\u010dn\u00fdch podmienkach na stavenisku. Jeho vn\u00fatorn\u00e1 prevodovka je zosilnen\u00e1 a tepelne spracovan\u00e1, \u010do zaru\u010duje dlhodob\u00fa mechanick\u00fa spo\u013eahlivos\u0165.<\/p>\n<h3 data-start=\"1493\" data-end=\"1543\">Vyroben\u00e9 tak, aby vydr\u017eali n\u00e1ro\u010dn\u00e9 podmienky na stavenisku<\/h3>\n<p data-start=\"1545\" data-end=\"1808\">Na zvl\u00e1dnutie hmotnosti v\u00e4\u010d\u0161\u00edch v\u00fdstuh a dlh\u00fdch prev\u00e1dzkov\u00fdch cyklov m\u00e1 tento stroj zosilnen\u00fd liatinov\u00fd r\u00e1m. Celkov\u00e1 kon\u0161trukcia je odoln\u00e1 vo\u010di deform\u00e1cii a nam\u00e1haniu n\u00e1razom, zatia\u013e \u010do pevn\u00e9 prepravn\u00e9 koles\u00e1 zabezpe\u010duj\u00fa jednoduch\u00e9 premiest\u0148ovanie aj v nerovnom ter\u00e9ne.<\/p>\n<p data-start=\"1810\" data-end=\"2074\">Okrem toho ru\u010dn\u00e1 p\u00e1ka poskytuje obsluhe pln\u00fa kontrolu nad ka\u017ed\u00fdm rezom, zatia\u013e \u010do pr\u00edstup k no\u017eom je r\u00fdchly a jednoduch\u00fd, \u010do pom\u00e1ha skr\u00e1ti\u0165 prestoje po\u010das \u00fadr\u017eby. Medzin\u00e1rodn\u00e1 prisp\u00f4sobite\u013enos\u0165 nap\u00e1jania (220 V\/380 V, 50 Hz\/60 Hz) \u010falej podporuje jeho glob\u00e1lnu pou\u017eite\u013enos\u0165.<\/p>\n<h3 data-start=\"2081\" data-end=\"2145\">Pre\u010do si profesion\u00e1li vyberaj\u00fa okr\u00fahly n\u00f4\u017e GQ55<\/h3>\n<ul data-start=\"2147\" data-end=\"2376\">\n<li data-start=\"2147\" data-end=\"2210\">\n<p data-start=\"2149\" data-end=\"2210\">Efekt\u00edvne sprac\u00fava oce\u013eov\u00e9 ty\u010de s priemerom 6-42 mm pomocou valcov\u00fdch no\u017en\u00edc<\/p>\n<\/li>\n<li data-start=\"2211\" data-end=\"2259\">\n<p data-start=\"2213\" data-end=\"2259\">Menej vibr\u00e1ci\u00ed a dlh\u0161ia \u017eivotnos\u0165 \u010depele<\/p>\n<\/li>\n<li data-start=\"2260\" data-end=\"2328\">\n<p data-start=\"2262\" data-end=\"2328\">Vhodn\u00e9 na nepretr\u017eit\u00fa prev\u00e1dzku v n\u00e1ro\u010dn\u00fdch priemyseln\u00fdch podmienkach<\/p>\n<\/li>\n<li data-start=\"2329\" data-end=\"2376\">\n<p data-start=\"2331\" data-end=\"2376\">Ide\u00e1lne na export s podporou viacer\u00fdch nap\u00e4t\u00ed<\/p>\n<\/li>\n<\/ul>\n<p><iframe title=\"reza\u010dka v\u00fdstu\u017ee stroj na rezanie v\u00fdstu\u017ee stroj na rezanie v\u00fdstu\u017ee, stroj na rezanie oce\u013eov\u00fdch ty\u010d\u00ed, stavebn\u00e9 stroje\" width=\"720\" height=\"405\" src=\"https:\/\/www.youtube.com\/embed\/cIrJPBezWsw?feature=oembed\" frameborder=\"0\" allow=\"accelerometer; autoplay; clipboard-write; encrypted-media; gyroscope; picture-in-picture; web-share\" referrerpolicy=\"strict-origin-when-cross-origin\" allowfullscreen><\/iframe><\/p>","protected":false},"excerpt":{"rendered":"<p>Reza\u010dka GQ55 s okr\u00fahlym no\u017eom poskytuje vysokor\u00fdchlostn\u00e9 rezanie s n\u00edzkym odporom pre ty\u010de s priemerom 6-42 mm. Jeho valcov\u00e1 kon\u0161trukcia zvy\u0161uje v\u00fdkon a minimalizuje opotrebovanie po\u010das dlhotrvaj\u00facej prev\u00e1dzky.<\/p>","protected":false},"featured_media":8931,"template":"","meta":{"_kad_post_transparent":"default","_kad_post_title":"","_kad_post_layout":"default","_kad_post_sidebar_id":"","_kad_post_content_style":"default","_kad_post_vertical_padding":"default","_kad_post_feature":"","_kad_post_feature_position":"","_kad_post_header":false,"_kad_post_footer":false},"product_brand":[],"product_cat":[51],"product_tag":[988,992,990,989,993,985,994,987,984,991,986],"class_list":{"0":"post-8930","1":"product","2":"type-product","3":"status-publish","4":"has-post-thumbnail","6":"product_cat-rebar-cutting-machine","7":"product_tag-automatic-rebar-cutter","8":"product_tag-construction-steel-bar-cutter","9":"product_tag-electric-rebar-cutting-tool","10":"product_tag-hydraulic-rebar-cutting-machine","11":"product_tag-portable-rebar-cutting-machine","12":"product_tag-rebar-cutter","13":"product_tag-rebar-cutting-machine","14":"product_tag-reinforcement-bar-cutter","15":"product_tag-steel-bar-cutting-machine","16":"product_tag-steel-rod-cutter-machine","17":"product_tag-tmt-bar-cutting-machine","19":"first","20":"instock","21":"shipping-taxable","22":"product-type-simple","23":"entry","24":"content-bg","25":"loop-entry"},"yoast_head":"<!-- This site is optimized with the Yoast SEO plugin v25.3.1 - https:\/\/yoast.com\/wordpress\/plugins\/seo\/ -->\n<title>Rebar Cutting Machine GQ55 (Round knife) - HSY Construction Machinery<\/title>\n<meta name=\"description\" content=\"Rebar Cutting Machine GQ55 (Round Knife) processes 6\u201342mm rebar using rolling-shear action. Built for durability, smooth cuts, and global export needs.\" \/>\n<meta name=\"robots\" content=\"index, follow, max-snippet:-1, max-image-preview:large, max-video-preview:-1\" \/>\n<link rel=\"canonical\" href=\"https:\/\/www.hsymachinery.com\/sk\/produkt\/stroj-na-rezanie-vystuze-gq55-okruhly-noz\/\" \/>\n<meta property=\"og:locale\" content=\"sk_SK\" \/>\n<meta property=\"og:type\" content=\"article\" \/>\n<meta property=\"og:title\" content=\"Rebar Cutting Machine GQ55 (Round knife) - HSY Construction Machinery\" \/>\n<meta property=\"og:description\" content=\"Rebar Cutting Machine GQ55 (Round Knife) processes 6\u201342mm rebar using rolling-shear action. Built for durability, smooth cuts, and global export needs.\" \/>\n<meta property=\"og:url\" content=\"https:\/\/www.hsymachinery.com\/sk\/produkt\/stroj-na-rezanie-vystuze-gq55-okruhly-noz\/\" \/>\n<meta property=\"og:site_name\" content=\"HSY Construction Machinery\" \/>\n<meta property=\"article:modified_time\" content=\"2025-06-25T13:06:25+00:00\" \/>\n<meta property=\"og:image\" content=\"https:\/\/www.hsymachinery.com\/wp-content\/uploads\/2025\/06\/Rebar-Cutting-Machine-GQ55-Round-knife.jpg\" \/>\n\t<meta property=\"og:image:width\" content=\"600\" \/>\n\t<meta property=\"og:image:height\" content=\"600\" \/>\n\t<meta property=\"og:image:type\" content=\"image\/jpeg\" \/>\n<meta name=\"twitter:card\" content=\"summary_large_image\" \/>\n<meta name=\"twitter:label1\" content=\"Predpokladan\u00fd \u010das \u010d\u00edtania\" \/>\n\t<meta name=\"twitter:data1\" content=\"2 min\u00faty\" \/>\n<script type=\"application\/ld+json\" class=\"yoast-schema-graph\">{\"@context\":\"https:\/\/schema.org\",\"@graph\":[{\"@type\":\"WebPage\",\"@id\":\"https:\/\/www.hsymachinery.com\/product\/rebar-cutting-machine-gq55-round-knife\/\",\"url\":\"https:\/\/www.hsymachinery.com\/product\/rebar-cutting-machine-gq55-round-knife\/\",\"name\":\"Rebar Cutting Machine GQ55 (Round knife) - HSY Construction Machinery\",\"isPartOf\":{\"@id\":\"https:\/\/www.hsymachinery.com\/#website\"},\"primaryImageOfPage\":{\"@id\":\"https:\/\/www.hsymachinery.com\/product\/rebar-cutting-machine-gq55-round-knife\/#primaryimage\"},\"image\":{\"@id\":\"https:\/\/www.hsymachinery.com\/product\/rebar-cutting-machine-gq55-round-knife\/#primaryimage\"},\"thumbnailUrl\":\"https:\/\/www.hsymachinery.com\/wp-content\/uploads\/2025\/06\/Rebar-Cutting-Machine-GQ55-Round-knife.jpg\",\"datePublished\":\"2025-06-18T03:28:57+00:00\",\"dateModified\":\"2025-06-25T13:06:25+00:00\",\"description\":\"Rebar Cutting Machine GQ55 (Round Knife) processes 6\u201342mm rebar using rolling-shear action. Built for durability, smooth cuts, and global export needs.\",\"breadcrumb\":{\"@id\":\"https:\/\/www.hsymachinery.com\/product\/rebar-cutting-machine-gq55-round-knife\/#breadcrumb\"},\"inLanguage\":\"sk-SK\",\"potentialAction\":[{\"@type\":\"ReadAction\",\"target\":[\"https:\/\/www.hsymachinery.com\/product\/rebar-cutting-machine-gq55-round-knife\/\"]}]},{\"@type\":\"ImageObject\",\"inLanguage\":\"sk-SK\",\"@id\":\"https:\/\/www.hsymachinery.com\/product\/rebar-cutting-machine-gq55-round-knife\/#primaryimage\",\"url\":\"https:\/\/www.hsymachinery.com\/wp-content\/uploads\/2025\/06\/Rebar-Cutting-Machine-GQ55-Round-knife.jpg\",\"contentUrl\":\"https:\/\/www.hsymachinery.com\/wp-content\/uploads\/2025\/06\/Rebar-Cutting-Machine-GQ55-Round-knife.jpg\",\"width\":600,\"height\":600},{\"@type\":\"BreadcrumbList\",\"@id\":\"https:\/\/www.hsymachinery.com\/product\/rebar-cutting-machine-gq55-round-knife\/#breadcrumb\",\"itemListElement\":[{\"@type\":\"ListItem\",\"position\":1,\"name\":\"home\",\"item\":\"https:\/\/www.hsymachinery.com\/\"},{\"@type\":\"ListItem\",\"position\":2,\"name\":\"products\",\"item\":\"https:\/\/www.hsymachinery.com\/products\/\"},{\"@type\":\"ListItem\",\"position\":3,\"name\":\"Rebar Cutting Machine GQ55 (Round knife)\"}]},{\"@type\":\"WebSite\",\"@id\":\"https:\/\/www.hsymachinery.com\/#website\",\"url\":\"https:\/\/www.hsymachinery.com\/\",\"name\":\"HSY Construction Machinery\",\"description\":\"HSY Machinery \u2013 A leading China construction machinery supplier, offering a wide range of light construction equipment. Our main products include Rebar Cutting Machine, Rebar Bending Machine, Rebar Stirrup Bending Machine, Rebar Arc Bending Machine, Rebar Straightening Machine, Five-Head Rebar Stirrup Bending Machine, Tamping Rammer, Plate Compactor, Concrete Cutter, Power Trowel, and other construction machinery. We are equipped with advanced CNC machines, and we enforce strict quality inspection standards along with comprehensive after-sales service. If you are interested in our products or services, we warmly welcome your inquiries via message.\",\"publisher\":{\"@id\":\"https:\/\/www.hsymachinery.com\/#organization\"},\"potentialAction\":[{\"@type\":\"SearchAction\",\"target\":{\"@type\":\"EntryPoint\",\"urlTemplate\":\"https:\/\/www.hsymachinery.com\/?s={search_term_string}\"},\"query-input\":{\"@type\":\"PropertyValueSpecification\",\"valueRequired\":true,\"valueName\":\"search_term_string\"}}],\"inLanguage\":\"sk-SK\"},{\"@type\":\"Organization\",\"@id\":\"https:\/\/www.hsymachinery.com\/#organization\",\"name\":\"HSY Construction Machinery\",\"url\":\"https:\/\/www.hsymachinery.com\/\",\"logo\":{\"@type\":\"ImageObject\",\"inLanguage\":\"sk-SK\",\"@id\":\"https:\/\/www.hsymachinery.com\/#\/schema\/logo\/image\/\",\"url\":\"https:\/\/www.hsymachinery.com\/wp-content\/uploads\/2025\/06\/cropped-HSY-machinery.png\",\"contentUrl\":\"https:\/\/www.hsymachinery.com\/wp-content\/uploads\/2025\/06\/cropped-HSY-machinery.png\",\"width\":600,\"height\":240,\"caption\":\"HSY Construction Machinery\"},\"image\":{\"@id\":\"https:\/\/www.hsymachinery.com\/#\/schema\/logo\/image\/\"}}]}<\/script>\n<!-- \/ Yoast SEO plugin. -->","yoast_head_json":{"title":"Stroj na rezanie v\u00fdstu\u017ee GQ55 (okr\u00fahly n\u00f4\u017e) - stavebn\u00e9 stroje HSY","description":"Stroj na rezanie v\u00fdstu\u017ee GQ55 (okr\u00fahly n\u00f4\u017e) spracov\u00e1va 6-42 mm v\u00fdstu\u017ee pomocou valiv\u00e9ho strihu. Je skon\u0161truovan\u00fd pre trvanlivos\u0165, hladk\u00e9 rezy a potreby glob\u00e1lneho exportu.","robots":{"index":"index","follow":"follow","max-snippet":"max-snippet:-1","max-image-preview":"max-image-preview:large","max-video-preview":"max-video-preview:-1"},"canonical":"https:\/\/www.hsymachinery.com\/sk\/produkt\/stroj-na-rezanie-vystuze-gq55-okruhly-noz\/","og_locale":"sk_SK","og_type":"article","og_title":"Rebar Cutting Machine GQ55 (Round knife) - HSY Construction Machinery","og_description":"Rebar Cutting Machine GQ55 (Round Knife) processes 6\u201342mm rebar using rolling-shear action. Built for durability, smooth cuts, and global export needs.","og_url":"https:\/\/www.hsymachinery.com\/sk\/produkt\/stroj-na-rezanie-vystuze-gq55-okruhly-noz\/","og_site_name":"HSY Construction Machinery","article_modified_time":"2025-06-25T13:06:25+00:00","og_image":[{"width":600,"height":600,"url":"https:\/\/www.hsymachinery.com\/wp-content\/uploads\/2025\/06\/Rebar-Cutting-Machine-GQ55-Round-knife.jpg","type":"image\/jpeg"}],"twitter_card":"summary_large_image","twitter_misc":{"Predpokladan\u00fd \u010das \u010d\u00edtania":"2 min\u00faty"},"schema":{"@context":"https:\/\/schema.org","@graph":[{"@type":"WebPage","@id":"https:\/\/www.hsymachinery.com\/product\/rebar-cutting-machine-gq55-round-knife\/","url":"https:\/\/www.hsymachinery.com\/product\/rebar-cutting-machine-gq55-round-knife\/","name":"Stroj na rezanie v\u00fdstu\u017ee GQ55 (okr\u00fahly n\u00f4\u017e) - stavebn\u00e9 stroje HSY","isPartOf":{"@id":"https:\/\/www.hsymachinery.com\/#website"},"primaryImageOfPage":{"@id":"https:\/\/www.hsymachinery.com\/product\/rebar-cutting-machine-gq55-round-knife\/#primaryimage"},"image":{"@id":"https:\/\/www.hsymachinery.com\/product\/rebar-cutting-machine-gq55-round-knife\/#primaryimage"},"thumbnailUrl":"https:\/\/www.hsymachinery.com\/wp-content\/uploads\/2025\/06\/Rebar-Cutting-Machine-GQ55-Round-knife.jpg","datePublished":"2025-06-18T03:28:57+00:00","dateModified":"2025-06-25T13:06:25+00:00","description":"Stroj na rezanie v\u00fdstu\u017ee GQ55 (okr\u00fahly n\u00f4\u017e) spracov\u00e1va 6-42 mm v\u00fdstu\u017ee pomocou valiv\u00e9ho strihu. Je skon\u0161truovan\u00fd pre trvanlivos\u0165, hladk\u00e9 rezy a potreby glob\u00e1lneho exportu.","breadcrumb":{"@id":"https:\/\/www.hsymachinery.com\/product\/rebar-cutting-machine-gq55-round-knife\/#breadcrumb"},"inLanguage":"sk-SK","potentialAction":[{"@type":"ReadAction","target":["https:\/\/www.hsymachinery.com\/product\/rebar-cutting-machine-gq55-round-knife\/"]}]},{"@type":"ImageObject","inLanguage":"sk-SK","@id":"https:\/\/www.hsymachinery.com\/product\/rebar-cutting-machine-gq55-round-knife\/#primaryimage","url":"https:\/\/www.hsymachinery.com\/wp-content\/uploads\/2025\/06\/Rebar-Cutting-Machine-GQ55-Round-knife.jpg","contentUrl":"https:\/\/www.hsymachinery.com\/wp-content\/uploads\/2025\/06\/Rebar-Cutting-Machine-GQ55-Round-knife.jpg","width":600,"height":600},{"@type":"BreadcrumbList","@id":"https:\/\/www.hsymachinery.com\/product\/rebar-cutting-machine-gq55-round-knife\/#breadcrumb","itemListElement":[{"@type":"ListItem","position":1,"name":"home","item":"https:\/\/www.hsymachinery.com\/"},{"@type":"ListItem","position":2,"name":"products","item":"https:\/\/www.hsymachinery.com\/products\/"},{"@type":"ListItem","position":3,"name":"Rebar Cutting Machine GQ55 (Round knife)"}]},{"@type":"WebSite","@id":"https:\/\/www.hsymachinery.com\/#website","url":"https:\/\/www.hsymachinery.com\/","name":"Stavebn\u00e9 stroje HSY","description":"HSY Machinery - popredn\u00fd dod\u00e1vate\u013e stavebn\u00fdch strojov v \u010c\u00edne, ktor\u00fd pon\u00faka \u0161irok\u00fd sortiment \u013eahk\u00fdch stavebn\u00fdch strojov. Medzi na\u0161e hlavn\u00e9 produkty patr\u00ed stroj na rezanie ty\u010d\u00ed, stroj na oh\u00fdbanie ty\u010d\u00ed, stroj na oh\u00fdbanie ty\u010d\u00ed, stroj na oh\u00fdbanie obl\u00fakov ty\u010d\u00ed, stroj na rovnanie ty\u010d\u00ed, p\u00e4\u0165hlav\u0148ov\u00fd stroj na oh\u00fdbanie ty\u010d\u00ed, podb\u00edja\u010dka, zhut\u0148ova\u010d dosiek, fr\u00e9za na bet\u00f3n, elektrick\u00e1 stierka a \u010fal\u0161ie stavebn\u00e9 stroje. Sme vybaven\u00ed modern\u00fdmi CNC strojmi a presadzujeme pr\u00edsne normy kontroly kvality spolu s komplexn\u00fdm popredajn\u00fdm servisom. Ak m\u00e1te z\u00e1ujem o na\u0161e v\u00fdrobky alebo slu\u017eby, srde\u010dne priv\u00edtame va\u0161e ot\u00e1zky prostredn\u00edctvom spr\u00e1vy.","publisher":{"@id":"https:\/\/www.hsymachinery.com\/#organization"},"potentialAction":[{"@type":"SearchAction","target":{"@type":"EntryPoint","urlTemplate":"https:\/\/www.hsymachinery.com\/?s={search_term_string}"},"query-input":{"@type":"PropertyValueSpecification","valueRequired":true,"valueName":"search_term_string"}}],"inLanguage":"sk-SK"},{"@type":"Organization","@id":"https:\/\/www.hsymachinery.com\/#organization","name":"Stavebn\u00e9 stroje HSY","url":"https:\/\/www.hsymachinery.com\/","logo":{"@type":"ImageObject","inLanguage":"sk-SK","@id":"https:\/\/www.hsymachinery.com\/#\/schema\/logo\/image\/","url":"https:\/\/www.hsymachinery.com\/wp-content\/uploads\/2025\/06\/cropped-HSY-machinery.png","contentUrl":"https:\/\/www.hsymachinery.com\/wp-content\/uploads\/2025\/06\/cropped-HSY-machinery.png","width":600,"height":240,"caption":"HSY Construction Machinery"},"image":{"@id":"https:\/\/www.hsymachinery.com\/#\/schema\/logo\/image\/"}}]}},"_links":{"self":[{"href":"https:\/\/www.hsymachinery.com\/sk\/wp-json\/wp\/v2\/product\/8930","targetHints":{"allow":["GET"]}}],"collection":[{"href":"https:\/\/www.hsymachinery.com\/sk\/wp-json\/wp\/v2\/product"}],"about":[{"href":"https:\/\/www.hsymachinery.com\/sk\/wp-json\/wp\/v2\/types\/product"}],"version-history":[{"count":3,"href":"https:\/\/www.hsymachinery.com\/sk\/wp-json\/wp\/v2\/product\/8930\/revisions"}],"predecessor-version":[{"id":9335,"href":"https:\/\/www.hsymachinery.com\/sk\/wp-json\/wp\/v2\/product\/8930\/revisions\/9335"}],"wp:featuredmedia":[{"embeddable":true,"href":"https:\/\/www.hsymachinery.com\/sk\/wp-json\/wp\/v2\/media\/8931"}],"wp:attachment":[{"href":"https:\/\/www.hsymachinery.com\/sk\/wp-json\/wp\/v2\/media?parent=8930"}],"wp:term":[{"taxonomy":"product_brand","embeddable":true,"href":"https:\/\/www.hsymachinery.com\/sk\/wp-json\/wp\/v2\/product_brand?post=8930"},{"taxonomy":"product_cat","embeddable":true,"href":"https:\/\/www.hsymachinery.com\/sk\/wp-json\/wp\/v2\/product_cat?post=8930"},{"taxonomy":"product_tag","embeddable":true,"href":"https:\/\/www.hsymachinery.com\/sk\/wp-json\/wp\/v2\/product_tag?post=8930"}],"curies":[{"name":"wp","href":"https:\/\/api.w.org\/{rel}","templated":true}]}}