{"id":8921,"date":"2025-06-18T11:24:46","date_gmt":"2025-06-18T03:24:46","guid":{"rendered":"https:\/\/www.hsymachinery.com\/?post_type=product&#038;p=8921"},"modified":"2025-06-25T20:50:31","modified_gmt":"2025-06-25T12:50:31","slug":"stroj-na-rezanie-vystuze-gq50-plochy-noz","status":"publish","type":"product","link":"https:\/\/www.hsymachinery.com\/sk\/produkt\/stroj-na-rezanie-vystuze-gq50-plochy-noz\/","title":{"rendered":"Stroj na rezanie v\u00fdstu\u017ee GQ50 (ploch\u00fd n\u00f4\u017e)"},"content":{"rendered":"<h3 data-start=\"419\" data-end=\"476\">\u0164a\u017ek\u00fd stroj na rezanie ocele pre v\u00fdstu\u017e do 40 mm<\/h3>\n<h3 data-start=\"483\" data-end=\"570\">\u00a0Preh\u013ead produktov - Zariadenia na spracovanie priemyselnej v\u00fdstu\u017ee pre ve\u013ekoplo\u0161n\u00e9 rezanie<\/h3>\n<p data-start=\"572\" data-end=\"990\">Str\u00e1nka <strong data-start=\"576\" data-end=\"619\">Stroj na rezanie v\u00fdstu\u017ee GQ50 (ploch\u00fd n\u00f4\u017e)<\/strong> je vysokokapacitn\u00fd stroj na rezanie ocele, ktor\u00fd je ur\u010den\u00fd na n\u00e1ro\u010dn\u00e9 stavebn\u00e9 pr\u00e1ce. Navrhnut\u00fd na rezanie <strong data-start=\"724\" data-end=\"739\">6 mm a\u017e 40 mm<\/strong> Tento model je ide\u00e1lny pre aplik\u00e1cie v oblasti infra\u0161trukt\u00fary, mostov, tunelov a prefabrik\u00e1cie. Jeho rezac\u00ed mechanizmus s ploch\u00fdm no\u017eom zabezpe\u010duje stabiln\u00fd a \u010dist\u00fd proces strihania, \u010d\u00edm poskytuje trvalo hladk\u00e9 hrany a zni\u017euje straty materi\u00e1lu.<\/p>\n<h3 data-start=\"997\" data-end=\"1062\">Stabiln\u00fd rezn\u00fd v\u00fdkon s vysokopevnostnou kon\u0161trukciou \u010depele<\/h3>\n<p data-start=\"1064\" data-end=\"1407\">Tento model pou\u017e\u00edva <strong data-start=\"1082\" data-end=\"1112\">syst\u00e9m strihania ploch\u00fdm no\u017eom<\/strong> ktor\u00fd vyv\u00edja rovnomern\u00fd tlak na ka\u017ed\u00fd segment v\u00fdstu\u017ee. V\u00fdsledkom s\u00fa presn\u00e9 a \u010dist\u00e9 rezy bez deform\u00e1ci\u00ed a otrepov. Robustn\u00fd n\u00f4\u017e vydr\u017e\u00ed vysok\u00e9 pracovn\u00e9 za\u0165a\u017eenie a z\u00e1rove\u0148 si zachov\u00e1va presnos\u0165 v priebehu \u010dasu. V\u010faka syst\u00e9mu r\u00fdchlej v\u00fdmeny \u010depele je navy\u0161e \u00fadr\u017eba r\u00fdchla a nen\u00e1ro\u010dn\u00e1 na n\u00e1radie.<\/p>\n<p data-start=\"1409\" data-end=\"1692\">Str\u00e1nka <strong data-start=\"1413\" data-end=\"1456\"><a href=\"https:\/\/www.hsymachinery.com\/sk\/produkty\/stroj-na-rezanie-vystuze\/\" target=\"_blank\" rel=\"noopener\">Rezac\u00ed stroj na v\u00fdstu\u017ee<\/a> GQ50 (ploch\u00fd n\u00f4\u017e)<\/strong> je poh\u00e1\u0148an\u00fd vysoko \u00fa\u010dinn\u00fdm meden\u00fdm motorom, ktor\u00fd poskytuje siln\u00fd kr\u00fatiaci moment pri n\u00edzkej spotrebe energie. V kombin\u00e1cii s prec\u00edzne spracovanou prevodovkou pracuje tento stroj s minim\u00e1lnymi vibr\u00e1ciami a n\u00edzkou hlu\u010dnos\u0165ou, a to aj pri nepretr\u017eitej prev\u00e1dzke.<\/p>\n<h3 data-start=\"1699\" data-end=\"1749\">Robustn\u00fd r\u00e1m a dizajn pripraven\u00fd na glob\u00e1lny export<\/h3>\n<p data-start=\"1751\" data-end=\"2081\">Stroj m\u00e1 zosilnen\u00e9 liatinov\u00e9 teleso, ktor\u00e9 zais\u0165uje \u0161truktur\u00e1lnu integritu pri dlhodobom mechanickom nam\u00e1han\u00ed. Pevn\u00e9 gumen\u00e9 koles\u00e1 zlep\u0161uj\u00fa mobilitu na mieste, zatia\u013e \u010do ru\u010dn\u00e1 ovl\u00e1dacia rukov\u00e4\u0165 poskytuje u\u017e\u00edvate\u013esky pr\u00edvetiv\u00e9 ovl\u00e1danie. Otvoren\u00fd vrchn\u00fd kryt navy\u0161e umo\u017e\u0148uje \u013eahk\u00fd pr\u00edstup po\u010das \u00fadr\u017eby a v\u00fdmeny no\u017eov.<\/p>\n<p data-start=\"2083\" data-end=\"2335\">V\u010faka podpore viacer\u00fdch \u0161tandardov nap\u00e4tia (220 V\/380 V, 50 Hz\/60 Hz) je tento stroj vhodn\u00fd pre medzin\u00e1rodn\u00e9 trhy. Profesion\u00e1li si model s ploch\u00fdm no\u017eom GQ50 vyberaj\u00fa pre jeho dlhodob\u00fa spo\u013eahlivos\u0165, konzistentnos\u0165 rezania a vysok\u00fa n\u00e1vratnos\u0165 invest\u00edci\u00ed.<\/p>\n<h3 data-start=\"2342\" data-end=\"2388\">\u00a0Pre\u010do si vybra\u0165 reza\u010dku na ploch\u00e9 no\u017ee GQ50?<\/h3>\n<ul data-start=\"2390\" data-end=\"2631\">\n<li data-start=\"2390\" data-end=\"2452\">\n<p data-start=\"2392\" data-end=\"2452\">Rezanie v\u00fdstu\u017ee od 6 mm do 40 mm s \u010dist\u00fdm a stabiln\u00fdm v\u00fdkonom<\/p>\n<\/li>\n<li data-start=\"2453\" data-end=\"2525\">\n<p data-start=\"2455\" data-end=\"2525\">Odoln\u00e1 kon\u0161trukcia na dlh\u00e9 hodiny rezania bez straty presnosti<\/p>\n<\/li>\n<li data-start=\"2526\" data-end=\"2574\">\n<p data-start=\"2528\" data-end=\"2574\">R\u00fdchla v\u00fdmena no\u017eov a jednoduch\u00e1 \u00fadr\u017eba<\/p>\n<\/li>\n<li data-start=\"2575\" data-end=\"2631\">\n<p data-start=\"2577\" data-end=\"2631\">Pripraven\u00e9 na export s prisp\u00f4soben\u00edm nap\u00e4tia na glob\u00e1lne pou\u017eitie<\/p>\n<\/li>\n<\/ul>\n<p><iframe title=\"reza\u010dka v\u00fdstu\u017ee stroj na rezanie v\u00fdstu\u017ee stroj na rezanie v\u00fdstu\u017ee, stroj na rezanie oce\u013eov\u00fdch ty\u010d\u00ed, stavebn\u00e9 stroje\" width=\"720\" height=\"405\" src=\"https:\/\/www.youtube.com\/embed\/cIrJPBezWsw?feature=oembed\" frameborder=\"0\" allow=\"accelerometer; autoplay; clipboard-write; encrypted-media; gyroscope; picture-in-picture; web-share\" referrerpolicy=\"strict-origin-when-cross-origin\" allowfullscreen><\/iframe><\/p>","protected":false},"excerpt":{"rendered":"<p>Ploch\u00e1 no\u017eov\u00e1 reza\u010dka GQ50 poskytuje stabiln\u00e9 a \u010dist\u00e9 rezy pre oce\u013eov\u00e9 ty\u010de s priemerom 6-40 mm. Ide\u00e1lne pre stavebn\u00e9 prostredie s vysok\u00fdm za\u0165a\u017een\u00edm a dlhodob\u00e9 pou\u017e\u00edvanie na stavenisk\u00e1ch.<\/p>","protected":false},"featured_media":8922,"template":"","meta":{"_kad_post_transparent":"default","_kad_post_title":"","_kad_post_layout":"default","_kad_post_sidebar_id":"","_kad_post_content_style":"default","_kad_post_vertical_padding":"default","_kad_post_feature":"","_kad_post_feature_position":"","_kad_post_header":false,"_kad_post_footer":false},"product_brand":[],"product_cat":[51],"product_tag":[988,992,990,989,993,985,994,987,984,991,986],"class_list":{"0":"post-8921","1":"product","2":"type-product","3":"status-publish","4":"has-post-thumbnail","6":"product_cat-rebar-cutting-machine","7":"product_tag-automatic-rebar-cutter","8":"product_tag-construction-steel-bar-cutter","9":"product_tag-electric-rebar-cutting-tool","10":"product_tag-hydraulic-rebar-cutting-machine","11":"product_tag-portable-rebar-cutting-machine","12":"product_tag-rebar-cutter","13":"product_tag-rebar-cutting-machine","14":"product_tag-reinforcement-bar-cutter","15":"product_tag-steel-bar-cutting-machine","16":"product_tag-steel-rod-cutter-machine","17":"product_tag-tmt-bar-cutting-machine","19":"first","20":"instock","21":"shipping-taxable","22":"product-type-simple","23":"entry","24":"content-bg","25":"loop-entry"},"yoast_head":"<!-- This site is optimized with the Yoast SEO plugin v25.3.1 - https:\/\/yoast.com\/wordpress\/plugins\/seo\/ -->\n<title>Rebar Cutting Machine GQ50 (Flat knife) - HSY Construction Machinery<\/title>\n<meta name=\"description\" content=\"Rebar Cutting Machine GQ50 (Flat Knife) cuts 6\u201340mm rebar with clean edges and high efficiency. Designed for heavy-duty construction and export demands.\" \/>\n<meta name=\"robots\" content=\"index, follow, max-snippet:-1, max-image-preview:large, max-video-preview:-1\" \/>\n<link rel=\"canonical\" href=\"https:\/\/www.hsymachinery.com\/sk\/produkt\/stroj-na-rezanie-vystuze-gq50-plochy-noz\/\" \/>\n<meta property=\"og:locale\" content=\"sk_SK\" \/>\n<meta property=\"og:type\" content=\"article\" \/>\n<meta property=\"og:title\" content=\"Rebar Cutting Machine GQ50 (Flat knife) - HSY Construction Machinery\" \/>\n<meta property=\"og:description\" content=\"Rebar Cutting Machine GQ50 (Flat Knife) cuts 6\u201340mm rebar with clean edges and high efficiency. Designed for heavy-duty construction and export demands.\" \/>\n<meta property=\"og:url\" content=\"https:\/\/www.hsymachinery.com\/sk\/produkt\/stroj-na-rezanie-vystuze-gq50-plochy-noz\/\" \/>\n<meta property=\"og:site_name\" content=\"HSY Construction Machinery\" \/>\n<meta property=\"article:modified_time\" content=\"2025-06-25T12:50:31+00:00\" \/>\n<meta property=\"og:image\" content=\"https:\/\/www.hsymachinery.com\/wp-content\/uploads\/2025\/06\/Rebar-Cutting-Machine-GQ50-Flat-knife.jpg\" \/>\n\t<meta property=\"og:image:width\" content=\"600\" \/>\n\t<meta property=\"og:image:height\" content=\"600\" \/>\n\t<meta property=\"og:image:type\" content=\"image\/jpeg\" \/>\n<meta name=\"twitter:card\" content=\"summary_large_image\" \/>\n<meta name=\"twitter:label1\" content=\"Predpokladan\u00fd \u010das \u010d\u00edtania\" \/>\n\t<meta name=\"twitter:data1\" content=\"2 min\u00faty\" \/>\n<script type=\"application\/ld+json\" class=\"yoast-schema-graph\">{\"@context\":\"https:\/\/schema.org\",\"@graph\":[{\"@type\":\"WebPage\",\"@id\":\"https:\/\/www.hsymachinery.com\/product\/rebar-cutting-machine-gq50-flat-knife\/\",\"url\":\"https:\/\/www.hsymachinery.com\/product\/rebar-cutting-machine-gq50-flat-knife\/\",\"name\":\"Rebar Cutting Machine GQ50 (Flat knife) - HSY Construction Machinery\",\"isPartOf\":{\"@id\":\"https:\/\/www.hsymachinery.com\/#website\"},\"primaryImageOfPage\":{\"@id\":\"https:\/\/www.hsymachinery.com\/product\/rebar-cutting-machine-gq50-flat-knife\/#primaryimage\"},\"image\":{\"@id\":\"https:\/\/www.hsymachinery.com\/product\/rebar-cutting-machine-gq50-flat-knife\/#primaryimage\"},\"thumbnailUrl\":\"https:\/\/www.hsymachinery.com\/wp-content\/uploads\/2025\/06\/Rebar-Cutting-Machine-GQ50-Flat-knife.jpg\",\"datePublished\":\"2025-06-18T03:24:46+00:00\",\"dateModified\":\"2025-06-25T12:50:31+00:00\",\"description\":\"Rebar Cutting Machine GQ50 (Flat Knife) cuts 6\u201340mm rebar with clean edges and high efficiency. Designed for heavy-duty construction and export demands.\",\"breadcrumb\":{\"@id\":\"https:\/\/www.hsymachinery.com\/product\/rebar-cutting-machine-gq50-flat-knife\/#breadcrumb\"},\"inLanguage\":\"sk-SK\",\"potentialAction\":[{\"@type\":\"ReadAction\",\"target\":[\"https:\/\/www.hsymachinery.com\/product\/rebar-cutting-machine-gq50-flat-knife\/\"]}]},{\"@type\":\"ImageObject\",\"inLanguage\":\"sk-SK\",\"@id\":\"https:\/\/www.hsymachinery.com\/product\/rebar-cutting-machine-gq50-flat-knife\/#primaryimage\",\"url\":\"https:\/\/www.hsymachinery.com\/wp-content\/uploads\/2025\/06\/Rebar-Cutting-Machine-GQ50-Flat-knife.jpg\",\"contentUrl\":\"https:\/\/www.hsymachinery.com\/wp-content\/uploads\/2025\/06\/Rebar-Cutting-Machine-GQ50-Flat-knife.jpg\",\"width\":600,\"height\":600},{\"@type\":\"BreadcrumbList\",\"@id\":\"https:\/\/www.hsymachinery.com\/product\/rebar-cutting-machine-gq50-flat-knife\/#breadcrumb\",\"itemListElement\":[{\"@type\":\"ListItem\",\"position\":1,\"name\":\"home\",\"item\":\"https:\/\/www.hsymachinery.com\/\"},{\"@type\":\"ListItem\",\"position\":2,\"name\":\"products\",\"item\":\"https:\/\/www.hsymachinery.com\/products\/\"},{\"@type\":\"ListItem\",\"position\":3,\"name\":\"Rebar Cutting Machine GQ50 (Flat knife)\"}]},{\"@type\":\"WebSite\",\"@id\":\"https:\/\/www.hsymachinery.com\/#website\",\"url\":\"https:\/\/www.hsymachinery.com\/\",\"name\":\"HSY Construction Machinery\",\"description\":\"HSY Machinery \u2013 A leading China construction machinery supplier, offering a wide range of light construction equipment. Our main products include Rebar Cutting Machine, Rebar Bending Machine, Rebar Stirrup Bending Machine, Rebar Arc Bending Machine, Rebar Straightening Machine, Five-Head Rebar Stirrup Bending Machine, Tamping Rammer, Plate Compactor, Concrete Cutter, Power Trowel, and other construction machinery. We are equipped with advanced CNC machines, and we enforce strict quality inspection standards along with comprehensive after-sales service. If you are interested in our products or services, we warmly welcome your inquiries via message.\",\"publisher\":{\"@id\":\"https:\/\/www.hsymachinery.com\/#organization\"},\"potentialAction\":[{\"@type\":\"SearchAction\",\"target\":{\"@type\":\"EntryPoint\",\"urlTemplate\":\"https:\/\/www.hsymachinery.com\/?s={search_term_string}\"},\"query-input\":{\"@type\":\"PropertyValueSpecification\",\"valueRequired\":true,\"valueName\":\"search_term_string\"}}],\"inLanguage\":\"sk-SK\"},{\"@type\":\"Organization\",\"@id\":\"https:\/\/www.hsymachinery.com\/#organization\",\"name\":\"HSY Construction Machinery\",\"url\":\"https:\/\/www.hsymachinery.com\/\",\"logo\":{\"@type\":\"ImageObject\",\"inLanguage\":\"sk-SK\",\"@id\":\"https:\/\/www.hsymachinery.com\/#\/schema\/logo\/image\/\",\"url\":\"https:\/\/www.hsymachinery.com\/wp-content\/uploads\/2025\/06\/cropped-HSY-machinery.png\",\"contentUrl\":\"https:\/\/www.hsymachinery.com\/wp-content\/uploads\/2025\/06\/cropped-HSY-machinery.png\",\"width\":600,\"height\":240,\"caption\":\"HSY Construction Machinery\"},\"image\":{\"@id\":\"https:\/\/www.hsymachinery.com\/#\/schema\/logo\/image\/\"}}]}<\/script>\n<!-- \/ Yoast SEO plugin. -->","yoast_head_json":{"title":"Stroj na rezanie v\u00fdstu\u017ee GQ50 (ploch\u00fd n\u00f4\u017e) - stavebn\u00e9 stroje HSY","description":"Rezac\u00ed stroj na v\u00fdstu\u017ee GQ50 (ploch\u00fd n\u00f4\u017e) re\u017ee 6-40 mm v\u00fdstu\u017ee s \u010dist\u00fdmi hranami a vysokou \u00fa\u010dinnos\u0165ou. Ur\u010den\u00fd pre n\u00e1ro\u010dn\u00e9 stavebn\u00e9 pr\u00e1ce a po\u017eiadavky na export.","robots":{"index":"index","follow":"follow","max-snippet":"max-snippet:-1","max-image-preview":"max-image-preview:large","max-video-preview":"max-video-preview:-1"},"canonical":"https:\/\/www.hsymachinery.com\/sk\/produkt\/stroj-na-rezanie-vystuze-gq50-plochy-noz\/","og_locale":"sk_SK","og_type":"article","og_title":"Rebar Cutting Machine GQ50 (Flat knife) - HSY Construction Machinery","og_description":"Rebar Cutting Machine GQ50 (Flat Knife) cuts 6\u201340mm rebar with clean edges and high efficiency. Designed for heavy-duty construction and export demands.","og_url":"https:\/\/www.hsymachinery.com\/sk\/produkt\/stroj-na-rezanie-vystuze-gq50-plochy-noz\/","og_site_name":"HSY Construction Machinery","article_modified_time":"2025-06-25T12:50:31+00:00","og_image":[{"width":600,"height":600,"url":"https:\/\/www.hsymachinery.com\/wp-content\/uploads\/2025\/06\/Rebar-Cutting-Machine-GQ50-Flat-knife.jpg","type":"image\/jpeg"}],"twitter_card":"summary_large_image","twitter_misc":{"Predpokladan\u00fd \u010das \u010d\u00edtania":"2 min\u00faty"},"schema":{"@context":"https:\/\/schema.org","@graph":[{"@type":"WebPage","@id":"https:\/\/www.hsymachinery.com\/product\/rebar-cutting-machine-gq50-flat-knife\/","url":"https:\/\/www.hsymachinery.com\/product\/rebar-cutting-machine-gq50-flat-knife\/","name":"Stroj na rezanie v\u00fdstu\u017ee GQ50 (ploch\u00fd n\u00f4\u017e) - stavebn\u00e9 stroje HSY","isPartOf":{"@id":"https:\/\/www.hsymachinery.com\/#website"},"primaryImageOfPage":{"@id":"https:\/\/www.hsymachinery.com\/product\/rebar-cutting-machine-gq50-flat-knife\/#primaryimage"},"image":{"@id":"https:\/\/www.hsymachinery.com\/product\/rebar-cutting-machine-gq50-flat-knife\/#primaryimage"},"thumbnailUrl":"https:\/\/www.hsymachinery.com\/wp-content\/uploads\/2025\/06\/Rebar-Cutting-Machine-GQ50-Flat-knife.jpg","datePublished":"2025-06-18T03:24:46+00:00","dateModified":"2025-06-25T12:50:31+00:00","description":"Rezac\u00ed stroj na v\u00fdstu\u017ee GQ50 (ploch\u00fd n\u00f4\u017e) re\u017ee 6-40 mm v\u00fdstu\u017ee s \u010dist\u00fdmi hranami a vysokou \u00fa\u010dinnos\u0165ou. Ur\u010den\u00fd pre n\u00e1ro\u010dn\u00e9 stavebn\u00e9 pr\u00e1ce a po\u017eiadavky na export.","breadcrumb":{"@id":"https:\/\/www.hsymachinery.com\/product\/rebar-cutting-machine-gq50-flat-knife\/#breadcrumb"},"inLanguage":"sk-SK","potentialAction":[{"@type":"ReadAction","target":["https:\/\/www.hsymachinery.com\/product\/rebar-cutting-machine-gq50-flat-knife\/"]}]},{"@type":"ImageObject","inLanguage":"sk-SK","@id":"https:\/\/www.hsymachinery.com\/product\/rebar-cutting-machine-gq50-flat-knife\/#primaryimage","url":"https:\/\/www.hsymachinery.com\/wp-content\/uploads\/2025\/06\/Rebar-Cutting-Machine-GQ50-Flat-knife.jpg","contentUrl":"https:\/\/www.hsymachinery.com\/wp-content\/uploads\/2025\/06\/Rebar-Cutting-Machine-GQ50-Flat-knife.jpg","width":600,"height":600},{"@type":"BreadcrumbList","@id":"https:\/\/www.hsymachinery.com\/product\/rebar-cutting-machine-gq50-flat-knife\/#breadcrumb","itemListElement":[{"@type":"ListItem","position":1,"name":"home","item":"https:\/\/www.hsymachinery.com\/"},{"@type":"ListItem","position":2,"name":"products","item":"https:\/\/www.hsymachinery.com\/products\/"},{"@type":"ListItem","position":3,"name":"Rebar Cutting Machine GQ50 (Flat knife)"}]},{"@type":"WebSite","@id":"https:\/\/www.hsymachinery.com\/#website","url":"https:\/\/www.hsymachinery.com\/","name":"Stavebn\u00e9 stroje HSY","description":"HSY Machinery - popredn\u00fd dod\u00e1vate\u013e stavebn\u00fdch strojov v \u010c\u00edne, ktor\u00fd pon\u00faka \u0161irok\u00fd sortiment \u013eahk\u00fdch stavebn\u00fdch strojov. Medzi na\u0161e hlavn\u00e9 produkty patr\u00ed stroj na rezanie ty\u010d\u00ed, stroj na oh\u00fdbanie ty\u010d\u00ed, stroj na oh\u00fdbanie ty\u010d\u00ed, stroj na oh\u00fdbanie obl\u00fakov ty\u010d\u00ed, stroj na rovnanie ty\u010d\u00ed, p\u00e4\u0165hlav\u0148ov\u00fd stroj na oh\u00fdbanie ty\u010d\u00ed, podb\u00edja\u010dka, zhut\u0148ova\u010d dosiek, fr\u00e9za na bet\u00f3n, elektrick\u00e1 stierka a \u010fal\u0161ie stavebn\u00e9 stroje. Sme vybaven\u00ed modern\u00fdmi CNC strojmi a presadzujeme pr\u00edsne normy kontroly kvality spolu s komplexn\u00fdm popredajn\u00fdm servisom. Ak m\u00e1te z\u00e1ujem o na\u0161e v\u00fdrobky alebo slu\u017eby, srde\u010dne priv\u00edtame va\u0161e ot\u00e1zky prostredn\u00edctvom spr\u00e1vy.","publisher":{"@id":"https:\/\/www.hsymachinery.com\/#organization"},"potentialAction":[{"@type":"SearchAction","target":{"@type":"EntryPoint","urlTemplate":"https:\/\/www.hsymachinery.com\/?s={search_term_string}"},"query-input":{"@type":"PropertyValueSpecification","valueRequired":true,"valueName":"search_term_string"}}],"inLanguage":"sk-SK"},{"@type":"Organization","@id":"https:\/\/www.hsymachinery.com\/#organization","name":"Stavebn\u00e9 stroje HSY","url":"https:\/\/www.hsymachinery.com\/","logo":{"@type":"ImageObject","inLanguage":"sk-SK","@id":"https:\/\/www.hsymachinery.com\/#\/schema\/logo\/image\/","url":"https:\/\/www.hsymachinery.com\/wp-content\/uploads\/2025\/06\/cropped-HSY-machinery.png","contentUrl":"https:\/\/www.hsymachinery.com\/wp-content\/uploads\/2025\/06\/cropped-HSY-machinery.png","width":600,"height":240,"caption":"HSY Construction Machinery"},"image":{"@id":"https:\/\/www.hsymachinery.com\/#\/schema\/logo\/image\/"}}]}},"_links":{"self":[{"href":"https:\/\/www.hsymachinery.com\/sk\/wp-json\/wp\/v2\/product\/8921","targetHints":{"allow":["GET"]}}],"collection":[{"href":"https:\/\/www.hsymachinery.com\/sk\/wp-json\/wp\/v2\/product"}],"about":[{"href":"https:\/\/www.hsymachinery.com\/sk\/wp-json\/wp\/v2\/types\/product"}],"version-history":[{"count":3,"href":"https:\/\/www.hsymachinery.com\/sk\/wp-json\/wp\/v2\/product\/8921\/revisions"}],"predecessor-version":[{"id":9329,"href":"https:\/\/www.hsymachinery.com\/sk\/wp-json\/wp\/v2\/product\/8921\/revisions\/9329"}],"wp:featuredmedia":[{"embeddable":true,"href":"https:\/\/www.hsymachinery.com\/sk\/wp-json\/wp\/v2\/media\/8922"}],"wp:attachment":[{"href":"https:\/\/www.hsymachinery.com\/sk\/wp-json\/wp\/v2\/media?parent=8921"}],"wp:term":[{"taxonomy":"product_brand","embeddable":true,"href":"https:\/\/www.hsymachinery.com\/sk\/wp-json\/wp\/v2\/product_brand?post=8921"},{"taxonomy":"product_cat","embeddable":true,"href":"https:\/\/www.hsymachinery.com\/sk\/wp-json\/wp\/v2\/product_cat?post=8921"},{"taxonomy":"product_tag","embeddable":true,"href":"https:\/\/www.hsymachinery.com\/sk\/wp-json\/wp\/v2\/product_tag?post=8921"}],"curies":[{"name":"wp","href":"https:\/\/api.w.org\/{rel}","templated":true}]}}