{"id":8915,"date":"2025-06-18T11:20:51","date_gmt":"2025-06-18T03:20:51","guid":{"rendered":"https:\/\/www.hsymachinery.com\/?post_type=product&#038;p=8915"},"modified":"2025-06-25T20:44:22","modified_gmt":"2025-06-25T12:44:22","slug":"stroj-na-rezanie-vystuze-gq45-plochy-noz","status":"publish","type":"product","link":"https:\/\/www.hsymachinery.com\/sk\/produkt\/stroj-na-rezanie-vystuze-gq45-plochy-noz\/","title":{"rendered":"Stroj na rezanie v\u00fdstu\u017ee GQ45 (ploch\u00fd n\u00f4\u017e)"},"content":{"rendered":"<h3 data-start=\"349\" data-end=\"433\">Stredne ve\u013ek\u00e9 zariadenia na rezanie v\u00fdstu\u017ee pre stavebn\u00e9 projekty a projekty v\u00fdroby ocele<\/h3>\n<h3 data-start=\"440\" data-end=\"510\">Preh\u013ead produktu - Ploch\u00e9 no\u017enice na oce\u013eov\u00e9 ty\u010de 6-36 mm<\/h3>\n<p data-start=\"512\" data-end=\"969\">Str\u00e1nka <strong data-start=\"516\" data-end=\"559\">Stroj na rezanie v\u00fdstu\u017ee GQ45 (ploch\u00fd n\u00f4\u017e)<\/strong> je profesion\u00e1lny stroj na rezanie ocele ur\u010den\u00fd pre stredne ve\u013ek\u00e9 a\u017e ve\u013ek\u00e9 stavebn\u00e9 projekty. V\u010faka svojej silnej reznej kapacite je tento stroj na spracovanie v\u00fdstu\u017ee ide\u00e1lny na rezanie uhl\u00edkovej ocele, deformovan\u00fdch ty\u010d\u00ed a kruhov\u00fdch ty\u010d\u00ed z <strong data-start=\"798\" data-end=\"813\">6 mm a\u017e 36 mm<\/strong> v priemere. V porovnan\u00ed s predch\u00e1dzaj\u00facimi modelmi pon\u00faka model GQ45 vy\u0161\u0161iu pevnos\u0165, odolnos\u0165 a \u00fa\u010dinnos\u0165 rezania, tak\u017ee je ide\u00e1lny na n\u00e1ro\u010dn\u00e9 pr\u00e1ce na stavenisku.<\/p>\n<h3 data-start=\"976\" data-end=\"1044\">\u00a0Vysoko v\u00fdkonn\u00e9 ploch\u00e9 no\u017enice na rezanie pr\u00fatov s plynul\u00fdm strihan\u00edm<\/h3>\n<p data-start=\"1046\" data-end=\"1335\">Stroj je vybaven\u00fd syst\u00e9mom rezania ploch\u00fdm no\u017eom, ktor\u00fd zabezpe\u010duje \u010dist\u00e9 rezy bez otrepov a minimalizuje deform\u00e1ciu ty\u010d\u00ed. To zaru\u010duje vysokokvalitn\u00e9 v\u00fdsledky a zni\u017euje plytvanie materi\u00e1lom. Okrem toho zostava no\u017eov umo\u017e\u0148uje r\u00fdchlu a jednoduch\u00fa v\u00fdmenu, \u010d\u00edm sa zvy\u0161uje efekt\u00edvnos\u0165 prev\u00e1dzky.<\/p>\n<p data-start=\"1337\" data-end=\"1634\">Jednotku poh\u00e1\u0148a v\u00fdkonn\u00fd meden\u00fd motor, ktor\u00fd poskytuje st\u00e1ly kr\u00fatiaci moment po\u010das dlh\u0161ej prev\u00e1dzky. Presn\u00e1 prevodovka a tvrden\u00e9 ozuben\u00e9 koles\u00e1 zabezpe\u010duj\u00fa plynul\u00fd prenos a men\u0161ie opotrebovanie. V\u00fdsledkom je, \u017ee <a href=\"https:\/\/www.hsymachinery.com\/sk\/produkty\/stroj-na-rezanie-vystuze\/\" target=\"_blank\" rel=\"noopener\">Rezac\u00ed stroj na v\u00fdstu\u017ee<\/a> GQ45 (ploch\u00fd n\u00f4\u017e) spo\u013eahlivo funguje v n\u00e1ro\u010dn\u00fdch podmienkach na stavenisku.<\/p>\n<h3 data-start=\"1641\" data-end=\"1720\">Odoln\u00e9 stavebn\u00e9 rezacie zariadenia s mobilitou a bezpe\u010dnostn\u00fdmi funkciami<\/h3>\n<p data-start=\"1722\" data-end=\"2072\">Tento stroj m\u00e1 zosilnen\u00fd liatinov\u00fd r\u00e1m, ktor\u00fd odol\u00e1va n\u00e1razom, deform\u00e1ci\u00e1m a dlhodobej \u00fanave. Okrem toho je vybaven\u00fd odoln\u00fdmi kolesami, ktor\u00e9 umo\u017e\u0148uj\u00fa \u013eahk\u00fd pohyb po bet\u00f3ne alebo nerovnom ter\u00e9ne. Ru\u010dn\u00e1 ovl\u00e1dacia rukov\u00e4\u0165 poskytuje lep\u0161ie ovl\u00e1danie, zatia\u013e \u010do bezpe\u010dnostn\u00e9 kryty a otv\u00e1rate\u013en\u00fd kryt umo\u017e\u0148uj\u00fa r\u00fdchlu a bezpe\u010dn\u00fa \u00fadr\u017ebu.<\/p>\n<p data-start=\"2074\" data-end=\"2350\">GQ45 podporuje viacero konfigur\u00e1ci\u00ed nap\u00e4tia vr\u00e1tane <strong data-start=\"2135\" data-end=\"2162\">220V\/380V a 50Hz\/60Hz<\/strong>, tak\u017ee je pripraven\u00fd na medzin\u00e1rodn\u00fa prepravu a pou\u017e\u00edvanie v r\u00f4znych krajin\u00e1ch. Profesion\u00e1li v stavebn\u00edctve si tento stroj vyberaj\u00fa pre jeho vyv\u00e1\u017eenos\u0165 medzi rezn\u00fdm v\u00fdkonom, mobilitou a bezpe\u010dnos\u0165ou.<\/p>\n<h3 data-start=\"2357\" data-end=\"2416\">Pre\u010do si vybra\u0165 stroj na rezanie ocele s ploch\u00fdm no\u017eom GQ45?<\/h3>\n<ul data-start=\"2418\" data-end=\"2635\">\n<li data-start=\"2418\" data-end=\"2469\">\n<p data-start=\"2420\" data-end=\"2469\">Rezanie v\u00fdstu\u017ee od 6 mm do 36 mm s vysokou presnos\u0165ou<\/p>\n<\/li>\n<li data-start=\"2470\" data-end=\"2532\">\n<p data-start=\"2472\" data-end=\"2532\">Ide\u00e1lne pre stavebn\u00edctvo, most\u00e1rske pr\u00e1ce, oceliarske prev\u00e1dzky<\/p>\n<\/li>\n<li data-start=\"2533\" data-end=\"2589\">\n<p data-start=\"2535\" data-end=\"2589\">Jednoduch\u00e1 obsluha, nen\u00e1ro\u010dn\u00e1 \u00fadr\u017eba, dlh\u00e1 \u017eivotnos\u0165<\/p>\n<\/li>\n<li data-start=\"2590\" data-end=\"2635\">\n<p data-start=\"2592\" data-end=\"2635\">Podpora exportu s glob\u00e1lnym nap\u00e4t\u00edm<\/p>\n<\/li>\n<\/ul>\n<p data-start=\"2637\" data-end=\"2778\">Vyberte si <strong data-start=\"2648\" data-end=\"2691\">Stroj na rezanie v\u00fdstu\u017ee GQ45 (ploch\u00fd n\u00f4\u017e)<\/strong> ak potrebujete spo\u013eahliv\u00fa stredne ve\u013ek\u00fa fr\u00e9zu na oce\u013e, ktor\u00e1 funguje ka\u017ed\u00fd de\u0148 pod tlakom.<\/p>\n<p><iframe title=\"# stavebn\u00fd stroj # stavebn\u00fd robotn\u00edk #reb\u00e1rsky stroj #reb\u00e1rsky stroj #reb\u00e1rsky stroj #reb\u00e1rsky stroj #reb\u00e1rsky stroj\" width=\"720\" height=\"405\" src=\"https:\/\/www.youtube.com\/embed\/tdc4TA5-zRc?feature=oembed\" frameborder=\"0\" allow=\"accelerometer; autoplay; clipboard-write; encrypted-media; gyroscope; picture-in-picture; web-share\" referrerpolicy=\"strict-origin-when-cross-origin\" allowfullscreen><\/iframe><\/p>","protected":false},"excerpt":{"rendered":"<p>Ploch\u00e9 no\u017eov\u00e9 reza\u010dky GQ45 prec\u00edzne a pevne sprac\u00favaj\u00fa ty\u010de s priemerom 6-36 mm. Vytvoren\u00e1 na ka\u017edodenn\u00e9 pou\u017e\u00edvanie na profesion\u00e1lnych stavb\u00e1ch.<\/p>","protected":false},"featured_media":8916,"template":"","meta":{"_kad_post_transparent":"default","_kad_post_title":"","_kad_post_layout":"default","_kad_post_sidebar_id":"","_kad_post_content_style":"default","_kad_post_vertical_padding":"default","_kad_post_feature":"","_kad_post_feature_position":"","_kad_post_header":false,"_kad_post_footer":false},"product_brand":[],"product_cat":[51],"product_tag":[988,992,990,989,993,985,994,987,984,991,986],"class_list":{"0":"post-8915","1":"product","2":"type-product","3":"status-publish","4":"has-post-thumbnail","6":"product_cat-rebar-cutting-machine","7":"product_tag-automatic-rebar-cutter","8":"product_tag-construction-steel-bar-cutter","9":"product_tag-electric-rebar-cutting-tool","10":"product_tag-hydraulic-rebar-cutting-machine","11":"product_tag-portable-rebar-cutting-machine","12":"product_tag-rebar-cutter","13":"product_tag-rebar-cutting-machine","14":"product_tag-reinforcement-bar-cutter","15":"product_tag-steel-bar-cutting-machine","16":"product_tag-steel-rod-cutter-machine","17":"product_tag-tmt-bar-cutting-machine","19":"first","20":"instock","21":"featured","22":"shipping-taxable","23":"product-type-simple","24":"entry","25":"content-bg","26":"loop-entry"},"yoast_head":"<!-- This site is optimized with the Yoast SEO plugin v25.3.1 - https:\/\/yoast.com\/wordpress\/plugins\/seo\/ -->\n<title>Rebar Cutting Machine GQ45 (Flat knife) - HSY Construction Machinery<\/title>\n<meta name=\"description\" content=\"Rebar Cutting Machine GQ45 (Flat Knife) cuts 6\u201336mm steel bars cleanly and efficiently. Ideal for construction sites and export use.\" \/>\n<meta name=\"robots\" content=\"index, follow, max-snippet:-1, max-image-preview:large, max-video-preview:-1\" \/>\n<link rel=\"canonical\" href=\"https:\/\/www.hsymachinery.com\/sk\/produkt\/stroj-na-rezanie-vystuze-gq45-plochy-noz\/\" \/>\n<meta property=\"og:locale\" content=\"sk_SK\" \/>\n<meta property=\"og:type\" content=\"article\" \/>\n<meta property=\"og:title\" content=\"Rebar Cutting Machine GQ45 (Flat knife) - HSY Construction Machinery\" \/>\n<meta property=\"og:description\" content=\"Rebar Cutting Machine GQ45 (Flat Knife) cuts 6\u201336mm steel bars cleanly and efficiently. Ideal for construction sites and export use.\" \/>\n<meta property=\"og:url\" content=\"https:\/\/www.hsymachinery.com\/sk\/produkt\/stroj-na-rezanie-vystuze-gq45-plochy-noz\/\" \/>\n<meta property=\"og:site_name\" content=\"HSY Construction Machinery\" \/>\n<meta property=\"article:modified_time\" content=\"2025-06-25T12:44:22+00:00\" \/>\n<meta property=\"og:image\" content=\"https:\/\/www.hsymachinery.com\/wp-content\/uploads\/2025\/06\/Rebar-Cutting-Machine-GQ45-Flat-knife.jpg\" \/>\n\t<meta property=\"og:image:width\" content=\"600\" \/>\n\t<meta property=\"og:image:height\" content=\"600\" \/>\n\t<meta property=\"og:image:type\" content=\"image\/jpeg\" \/>\n<meta name=\"twitter:card\" content=\"summary_large_image\" \/>\n<meta name=\"twitter:label1\" content=\"Predpokladan\u00fd \u010das \u010d\u00edtania\" \/>\n\t<meta name=\"twitter:data1\" content=\"2 min\u00faty\" \/>\n<script type=\"application\/ld+json\" class=\"yoast-schema-graph\">{\"@context\":\"https:\/\/schema.org\",\"@graph\":[{\"@type\":\"WebPage\",\"@id\":\"https:\/\/www.hsymachinery.com\/product\/rebar-cutting-machine-gq45-flat-knife\/\",\"url\":\"https:\/\/www.hsymachinery.com\/product\/rebar-cutting-machine-gq45-flat-knife\/\",\"name\":\"Rebar Cutting Machine GQ45 (Flat knife) - HSY Construction Machinery\",\"isPartOf\":{\"@id\":\"https:\/\/www.hsymachinery.com\/#website\"},\"primaryImageOfPage\":{\"@id\":\"https:\/\/www.hsymachinery.com\/product\/rebar-cutting-machine-gq45-flat-knife\/#primaryimage\"},\"image\":{\"@id\":\"https:\/\/www.hsymachinery.com\/product\/rebar-cutting-machine-gq45-flat-knife\/#primaryimage\"},\"thumbnailUrl\":\"https:\/\/www.hsymachinery.com\/wp-content\/uploads\/2025\/06\/Rebar-Cutting-Machine-GQ45-Flat-knife.jpg\",\"datePublished\":\"2025-06-18T03:20:51+00:00\",\"dateModified\":\"2025-06-25T12:44:22+00:00\",\"description\":\"Rebar Cutting Machine GQ45 (Flat Knife) cuts 6\u201336mm steel bars cleanly and efficiently. Ideal for construction sites and export use.\",\"breadcrumb\":{\"@id\":\"https:\/\/www.hsymachinery.com\/product\/rebar-cutting-machine-gq45-flat-knife\/#breadcrumb\"},\"inLanguage\":\"sk-SK\",\"potentialAction\":[{\"@type\":\"ReadAction\",\"target\":[\"https:\/\/www.hsymachinery.com\/product\/rebar-cutting-machine-gq45-flat-knife\/\"]}]},{\"@type\":\"ImageObject\",\"inLanguage\":\"sk-SK\",\"@id\":\"https:\/\/www.hsymachinery.com\/product\/rebar-cutting-machine-gq45-flat-knife\/#primaryimage\",\"url\":\"https:\/\/www.hsymachinery.com\/wp-content\/uploads\/2025\/06\/Rebar-Cutting-Machine-GQ45-Flat-knife.jpg\",\"contentUrl\":\"https:\/\/www.hsymachinery.com\/wp-content\/uploads\/2025\/06\/Rebar-Cutting-Machine-GQ45-Flat-knife.jpg\",\"width\":600,\"height\":600},{\"@type\":\"BreadcrumbList\",\"@id\":\"https:\/\/www.hsymachinery.com\/product\/rebar-cutting-machine-gq45-flat-knife\/#breadcrumb\",\"itemListElement\":[{\"@type\":\"ListItem\",\"position\":1,\"name\":\"home\",\"item\":\"https:\/\/www.hsymachinery.com\/\"},{\"@type\":\"ListItem\",\"position\":2,\"name\":\"products\",\"item\":\"https:\/\/www.hsymachinery.com\/products\/\"},{\"@type\":\"ListItem\",\"position\":3,\"name\":\"Rebar Cutting Machine GQ45 (Flat knife)\"}]},{\"@type\":\"WebSite\",\"@id\":\"https:\/\/www.hsymachinery.com\/#website\",\"url\":\"https:\/\/www.hsymachinery.com\/\",\"name\":\"HSY Construction Machinery\",\"description\":\"HSY Machinery \u2013 A leading China construction machinery supplier, offering a wide range of light construction equipment. Our main products include Rebar Cutting Machine, Rebar Bending Machine, Rebar Stirrup Bending Machine, Rebar Arc Bending Machine, Rebar Straightening Machine, Five-Head Rebar Stirrup Bending Machine, Tamping Rammer, Plate Compactor, Concrete Cutter, Power Trowel, and other construction machinery. We are equipped with advanced CNC machines, and we enforce strict quality inspection standards along with comprehensive after-sales service. If you are interested in our products or services, we warmly welcome your inquiries via message.\",\"publisher\":{\"@id\":\"https:\/\/www.hsymachinery.com\/#organization\"},\"potentialAction\":[{\"@type\":\"SearchAction\",\"target\":{\"@type\":\"EntryPoint\",\"urlTemplate\":\"https:\/\/www.hsymachinery.com\/?s={search_term_string}\"},\"query-input\":{\"@type\":\"PropertyValueSpecification\",\"valueRequired\":true,\"valueName\":\"search_term_string\"}}],\"inLanguage\":\"sk-SK\"},{\"@type\":\"Organization\",\"@id\":\"https:\/\/www.hsymachinery.com\/#organization\",\"name\":\"HSY Construction Machinery\",\"url\":\"https:\/\/www.hsymachinery.com\/\",\"logo\":{\"@type\":\"ImageObject\",\"inLanguage\":\"sk-SK\",\"@id\":\"https:\/\/www.hsymachinery.com\/#\/schema\/logo\/image\/\",\"url\":\"https:\/\/www.hsymachinery.com\/wp-content\/uploads\/2025\/06\/cropped-HSY-machinery.png\",\"contentUrl\":\"https:\/\/www.hsymachinery.com\/wp-content\/uploads\/2025\/06\/cropped-HSY-machinery.png\",\"width\":600,\"height\":240,\"caption\":\"HSY Construction Machinery\"},\"image\":{\"@id\":\"https:\/\/www.hsymachinery.com\/#\/schema\/logo\/image\/\"}}]}<\/script>\n<!-- \/ Yoast SEO plugin. -->","yoast_head_json":{"title":"Stroj na rezanie v\u00fdstu\u017ee GQ45 (ploch\u00fd n\u00f4\u017e) - stavebn\u00e9 stroje HSY","description":"Rezac\u00ed stroj na v\u00fdstu\u017ee GQ45 (ploch\u00fd n\u00f4\u017e) re\u017ee oce\u013eov\u00e9 ty\u010de 6-36 mm \u010disto a efekt\u00edvne. Ide\u00e1lny na stavenisk\u00e1 a exportn\u00e9 pou\u017eitie.","robots":{"index":"index","follow":"follow","max-snippet":"max-snippet:-1","max-image-preview":"max-image-preview:large","max-video-preview":"max-video-preview:-1"},"canonical":"https:\/\/www.hsymachinery.com\/sk\/produkt\/stroj-na-rezanie-vystuze-gq45-plochy-noz\/","og_locale":"sk_SK","og_type":"article","og_title":"Rebar Cutting Machine GQ45 (Flat knife) - HSY Construction Machinery","og_description":"Rebar Cutting Machine GQ45 (Flat Knife) cuts 6\u201336mm steel bars cleanly and efficiently. Ideal for construction sites and export use.","og_url":"https:\/\/www.hsymachinery.com\/sk\/produkt\/stroj-na-rezanie-vystuze-gq45-plochy-noz\/","og_site_name":"HSY Construction Machinery","article_modified_time":"2025-06-25T12:44:22+00:00","og_image":[{"width":600,"height":600,"url":"https:\/\/www.hsymachinery.com\/wp-content\/uploads\/2025\/06\/Rebar-Cutting-Machine-GQ45-Flat-knife.jpg","type":"image\/jpeg"}],"twitter_card":"summary_large_image","twitter_misc":{"Predpokladan\u00fd \u010das \u010d\u00edtania":"2 min\u00faty"},"schema":{"@context":"https:\/\/schema.org","@graph":[{"@type":"WebPage","@id":"https:\/\/www.hsymachinery.com\/product\/rebar-cutting-machine-gq45-flat-knife\/","url":"https:\/\/www.hsymachinery.com\/product\/rebar-cutting-machine-gq45-flat-knife\/","name":"Stroj na rezanie v\u00fdstu\u017ee GQ45 (ploch\u00fd n\u00f4\u017e) - stavebn\u00e9 stroje HSY","isPartOf":{"@id":"https:\/\/www.hsymachinery.com\/#website"},"primaryImageOfPage":{"@id":"https:\/\/www.hsymachinery.com\/product\/rebar-cutting-machine-gq45-flat-knife\/#primaryimage"},"image":{"@id":"https:\/\/www.hsymachinery.com\/product\/rebar-cutting-machine-gq45-flat-knife\/#primaryimage"},"thumbnailUrl":"https:\/\/www.hsymachinery.com\/wp-content\/uploads\/2025\/06\/Rebar-Cutting-Machine-GQ45-Flat-knife.jpg","datePublished":"2025-06-18T03:20:51+00:00","dateModified":"2025-06-25T12:44:22+00:00","description":"Rezac\u00ed stroj na v\u00fdstu\u017ee GQ45 (ploch\u00fd n\u00f4\u017e) re\u017ee oce\u013eov\u00e9 ty\u010de 6-36 mm \u010disto a efekt\u00edvne. Ide\u00e1lny na stavenisk\u00e1 a exportn\u00e9 pou\u017eitie.","breadcrumb":{"@id":"https:\/\/www.hsymachinery.com\/product\/rebar-cutting-machine-gq45-flat-knife\/#breadcrumb"},"inLanguage":"sk-SK","potentialAction":[{"@type":"ReadAction","target":["https:\/\/www.hsymachinery.com\/product\/rebar-cutting-machine-gq45-flat-knife\/"]}]},{"@type":"ImageObject","inLanguage":"sk-SK","@id":"https:\/\/www.hsymachinery.com\/product\/rebar-cutting-machine-gq45-flat-knife\/#primaryimage","url":"https:\/\/www.hsymachinery.com\/wp-content\/uploads\/2025\/06\/Rebar-Cutting-Machine-GQ45-Flat-knife.jpg","contentUrl":"https:\/\/www.hsymachinery.com\/wp-content\/uploads\/2025\/06\/Rebar-Cutting-Machine-GQ45-Flat-knife.jpg","width":600,"height":600},{"@type":"BreadcrumbList","@id":"https:\/\/www.hsymachinery.com\/product\/rebar-cutting-machine-gq45-flat-knife\/#breadcrumb","itemListElement":[{"@type":"ListItem","position":1,"name":"home","item":"https:\/\/www.hsymachinery.com\/"},{"@type":"ListItem","position":2,"name":"products","item":"https:\/\/www.hsymachinery.com\/products\/"},{"@type":"ListItem","position":3,"name":"Rebar Cutting Machine GQ45 (Flat knife)"}]},{"@type":"WebSite","@id":"https:\/\/www.hsymachinery.com\/#website","url":"https:\/\/www.hsymachinery.com\/","name":"Stavebn\u00e9 stroje HSY","description":"HSY Machinery - popredn\u00fd dod\u00e1vate\u013e stavebn\u00fdch strojov v \u010c\u00edne, ktor\u00fd pon\u00faka \u0161irok\u00fd sortiment \u013eahk\u00fdch stavebn\u00fdch strojov. Medzi na\u0161e hlavn\u00e9 produkty patr\u00ed stroj na rezanie ty\u010d\u00ed, stroj na oh\u00fdbanie ty\u010d\u00ed, stroj na oh\u00fdbanie ty\u010d\u00ed, stroj na oh\u00fdbanie obl\u00fakov ty\u010d\u00ed, stroj na rovnanie ty\u010d\u00ed, p\u00e4\u0165hlav\u0148ov\u00fd stroj na oh\u00fdbanie ty\u010d\u00ed, podb\u00edja\u010dka, zhut\u0148ova\u010d dosiek, fr\u00e9za na bet\u00f3n, elektrick\u00e1 stierka a \u010fal\u0161ie stavebn\u00e9 stroje. Sme vybaven\u00ed modern\u00fdmi CNC strojmi a presadzujeme pr\u00edsne normy kontroly kvality spolu s komplexn\u00fdm popredajn\u00fdm servisom. Ak m\u00e1te z\u00e1ujem o na\u0161e v\u00fdrobky alebo slu\u017eby, srde\u010dne priv\u00edtame va\u0161e ot\u00e1zky prostredn\u00edctvom spr\u00e1vy.","publisher":{"@id":"https:\/\/www.hsymachinery.com\/#organization"},"potentialAction":[{"@type":"SearchAction","target":{"@type":"EntryPoint","urlTemplate":"https:\/\/www.hsymachinery.com\/?s={search_term_string}"},"query-input":{"@type":"PropertyValueSpecification","valueRequired":true,"valueName":"search_term_string"}}],"inLanguage":"sk-SK"},{"@type":"Organization","@id":"https:\/\/www.hsymachinery.com\/#organization","name":"Stavebn\u00e9 stroje HSY","url":"https:\/\/www.hsymachinery.com\/","logo":{"@type":"ImageObject","inLanguage":"sk-SK","@id":"https:\/\/www.hsymachinery.com\/#\/schema\/logo\/image\/","url":"https:\/\/www.hsymachinery.com\/wp-content\/uploads\/2025\/06\/cropped-HSY-machinery.png","contentUrl":"https:\/\/www.hsymachinery.com\/wp-content\/uploads\/2025\/06\/cropped-HSY-machinery.png","width":600,"height":240,"caption":"HSY Construction Machinery"},"image":{"@id":"https:\/\/www.hsymachinery.com\/#\/schema\/logo\/image\/"}}]}},"_links":{"self":[{"href":"https:\/\/www.hsymachinery.com\/sk\/wp-json\/wp\/v2\/product\/8915","targetHints":{"allow":["GET"]}}],"collection":[{"href":"https:\/\/www.hsymachinery.com\/sk\/wp-json\/wp\/v2\/product"}],"about":[{"href":"https:\/\/www.hsymachinery.com\/sk\/wp-json\/wp\/v2\/types\/product"}],"version-history":[{"count":4,"href":"https:\/\/www.hsymachinery.com\/sk\/wp-json\/wp\/v2\/product\/8915\/revisions"}],"predecessor-version":[{"id":9325,"href":"https:\/\/www.hsymachinery.com\/sk\/wp-json\/wp\/v2\/product\/8915\/revisions\/9325"}],"wp:featuredmedia":[{"embeddable":true,"href":"https:\/\/www.hsymachinery.com\/sk\/wp-json\/wp\/v2\/media\/8916"}],"wp:attachment":[{"href":"https:\/\/www.hsymachinery.com\/sk\/wp-json\/wp\/v2\/media?parent=8915"}],"wp:term":[{"taxonomy":"product_brand","embeddable":true,"href":"https:\/\/www.hsymachinery.com\/sk\/wp-json\/wp\/v2\/product_brand?post=8915"},{"taxonomy":"product_cat","embeddable":true,"href":"https:\/\/www.hsymachinery.com\/sk\/wp-json\/wp\/v2\/product_cat?post=8915"},{"taxonomy":"product_tag","embeddable":true,"href":"https:\/\/www.hsymachinery.com\/sk\/wp-json\/wp\/v2\/product_tag?post=8915"}],"curies":[{"name":"wp","href":"https:\/\/api.w.org\/{rel}","templated":true}]}}