{"id":9139,"date":"2025-06-18T18:00:19","date_gmt":"2025-06-18T10:00:19","guid":{"rendered":"https:\/\/www.hsymachinery.com\/?post_type=product&#038;p=9139"},"modified":"2025-06-28T20:46:32","modified_gmt":"2025-06-28T12:46:32","slug":"taietor-de-beton-hq-l400a","status":"publish","type":"product","link":"https:\/\/www.hsymachinery.com\/ro\/product\/taietor-de-beton-hq-l400a\/","title":{"rendered":"T\u0103ietor de beton HQ-L400A"},"content":{"rendered":"<h2 data-start=\"91\" data-end=\"123\">T\u0103ietor de beton HQ-L400A<\/h2>\n<h3 data-start=\"124\" data-end=\"235\">HQ-L400A Longxin T\u0103ietor de beton pe benzin\u0103 | Fer\u0103str\u0103u de beton modernizat pentru proiecte de t\u0103iere a drumurilor, podurilor \u0219i podelelor<\/h3>\n<h3 data-start=\"242\" data-end=\"332\">Descrierea produsului - Longevitate \u0219i eficien\u021b\u0103 de t\u0103iere \u00eembun\u0103t\u0103\u021bite cu motorul Longxin<a href=\"https:\/\/www.hsymachinery.com\/ro\/produse\/taietor-de-beton\/\" target=\"_blank\" rel=\"noopener\"><img fetchpriority=\"high\" decoding=\"async\" class=\"wp-image-9548 alignright\" src=\"https:\/\/www.hsymachinery.com\/wp-content\/uploads\/2025\/06\/Floor-Saw-Machine-146x300.jpg\" alt=\"\" width=\"450\" height=\"925\" srcset=\"https:\/\/www.hsymachinery.com\/wp-content\/uploads\/2025\/06\/Floor-Saw-Machine-146x300.jpg 146w, https:\/\/www.hsymachinery.com\/wp-content\/uploads\/2025\/06\/Floor-Saw-Machine-768x1581.jpg 768w, https:\/\/www.hsymachinery.com\/wp-content\/uploads\/2025\/06\/Floor-Saw-Machine-600x1235.jpg 600w, https:\/\/www.hsymachinery.com\/wp-content\/uploads\/2025\/06\/Floor-Saw-Machine.jpg 800w\" sizes=\"(max-width: 450px) 100vw, 450px\" \/><\/a><\/h3>\n<p data-start=\"334\" data-end=\"724\">The <strong data-start=\"338\" data-end=\"366\">T\u0103ietor de beton HQ-L400A<\/strong> este o versiune \u00eembun\u0103t\u0103\u021bit\u0103 a modelului HQ-L400, propulsat\u0103 de un motor Longxin pe benzin\u0103 \u0219i proiectat\u0103 pentru sarcini de t\u0103iere mai dificile. Cu o stabilitate sporit\u0103, un cadru ranforsat \u0219i un control \u00eembun\u0103t\u0103\u021bit al ad\u00e2ncimii de t\u0103iere, acest model ofer\u0103 performan\u021be remarcabile \u00een t\u0103ierea suprafe\u021bei drumurilor, t\u0103ierea rosturilor de dilatare a podelei \u0219i prelucrarea pun\u021bilor de pod.<\/p>\n<p data-start=\"726\" data-end=\"897\">Aceast\u0103 frez\u0103 combin\u0103 cuplul puternic cu manevrabilitatea rafinat\u0103, oferind operatorilor un control sporit chiar \u0219i \u00een timpul t\u0103ierilor ad\u00e2nci \u0219i continue pe suprafe\u021be dure de beton sau asfalt.<\/p>\n<h3 data-start=\"904\" data-end=\"950\">Caracteristici principale \u0219i avantaje de performan\u021b\u0103<\/h3>\n<ul data-start=\"952\" data-end=\"1312\">\n<li data-start=\"952\" data-end=\"1012\">\n<p data-start=\"954\" data-end=\"1012\">Echipat cu un motor pe benzin\u0103 Longxin de \u00eenalt\u0103 performan\u021b\u0103<\/p>\n<\/li>\n<li data-start=\"1013\" data-end=\"1076\">\n<p data-start=\"1015\" data-end=\"1076\">\u0218asiu \u00eembun\u0103t\u0103\u021bit \u0219i amortizare a vibra\u021biilor pentru o func\u021bionare stabil\u0103<\/p>\n<\/li>\n<li data-start=\"1077\" data-end=\"1122\">\n<p data-start=\"1079\" data-end=\"1122\">Sistem de reglare precis\u0103 a ad\u00e2ncimii de t\u0103iere<\/p>\n<\/li>\n<li data-start=\"1123\" data-end=\"1190\">\n<p data-start=\"1125\" data-end=\"1190\">Potrivit pentru t\u0103ieri continue pe beton, asfalt \u0219i pavaj<\/p>\n<\/li>\n<li data-start=\"1191\" data-end=\"1252\">\n<p data-start=\"1193\" data-end=\"1252\">Corpul din o\u021bel rezistent rezist\u0103 condi\u021biilor intense de pe teren<\/p>\n<\/li>\n<li data-start=\"1253\" data-end=\"1312\">\n<p data-start=\"1255\" data-end=\"1312\">Compact \u0219i ergonomic pentru o ghidare \u0219i un control mai u\u0219oare<\/p>\n<\/li>\n<\/ul>\n<h3 data-start=\"1319\" data-end=\"1396\">Fiabil pentru drumuri urbane, \u0219antiere de construc\u021bii \u0219i moderniz\u0103ri de infrastructur\u0103<\/h3>\n<p data-start=\"1398\" data-end=\"1673\">HQ-L400A exceleaz\u0103 \u00een mediile profesionale, de la \u00eentre\u021binerea drumurilor municipale la refacerea suprafe\u021bei parc\u0103rilor \u0219i renovarea pl\u0103cilor comerciale. Durata sa de func\u021bionare extins\u0103 \u0219i construc\u021bia robust\u0103 \u00eel fac alegerea preferat\u0103 pentru turele lungi \u0219i modelele de t\u0103iere solicitante.<\/p>\n<p data-start=\"1675\" data-end=\"1817\">Fie c\u0103 t\u0103ia\u021bi rosturi de dilatare, \u0219an\u021buri de canalizare sau linii de utilit\u0103\u021bi, acest utilaj asigur\u0103 t\u0103ieri curate, drepte \u0219i sigure de fiecare dat\u0103.<\/p>\n<p><iframe title=\"t\u0103ietor de beton, t\u0103iere beton, powercutter, beton\" width=\"720\" height=\"405\" src=\"https:\/\/www.youtube.com\/embed\/egJcI18gCcg?feature=oembed\" frameborder=\"0\" allow=\"accelerometer; autoplay; clipboard-write; encrypted-media; gyroscope; picture-in-picture; web-share\" referrerpolicy=\"strict-origin-when-cross-origin\" allowfullscreen><\/iframe><\/p>","protected":false},"excerpt":{"rendered":"<p>T\u0103ietorul de beton HQ-L400A Longxin dispune de control \u00eembun\u0103t\u0103\u021bit al ad\u00e2ncimii \u0219i stabilitate, ideal pentru lucr\u0103ri grele de t\u0103iere a betonului, drumurilor \u0219i rosturilor de dilatare.<\/p>","protected":false},"featured_media":9140,"template":"","meta":{"_kad_post_transparent":"default","_kad_post_title":"","_kad_post_layout":"default","_kad_post_sidebar_id":"","_kad_post_content_style":"default","_kad_post_vertical_padding":"default","_kad_post_feature":"","_kad_post_feature_position":"","_kad_post_header":false,"_kad_post_footer":false},"product_brand":[],"product_cat":[57],"product_tag":[1073,1071,1080,1076,1078,1074,1077,1079,1072,1075],"class_list":{"0":"post-9139","1":"product","2":"type-product","3":"status-publish","4":"has-post-thumbnail","6":"product_cat-concrete-cutter","7":"product_tag-asphalt-cutter","8":"product_tag-concrete-cutting-machine","9":"product_tag-concrete-groove-cutting-machine","10":"product_tag-diesel-concrete-cutter","11":"product_tag-electric-concrete-cutter","12":"product_tag-floor-saw-machine","13":"product_tag-gasoline-concrete-cutter","14":"product_tag-pavement-cutter-machine","15":"product_tag-road-cutting-machine","16":"product_tag-walk-behind-concrete-cutter","18":"first","19":"instock","20":"shipping-taxable","21":"product-type-simple","22":"entry","23":"content-bg","24":"loop-entry"},"yoast_head":"<!-- This site is optimized with the Yoast SEO plugin v25.3.1 - https:\/\/yoast.com\/wordpress\/plugins\/seo\/ -->\n<title>Concrete Cutter HQ-L400A - HSY Construction Machinery<\/title>\n<meta name=\"description\" content=\"HQ-L400A Longxin concrete cutter offers deep, precise cuts with upgraded stability for roads, bridge decks, and floor joints. Reliable for tough construction projects.\" \/>\n<meta name=\"robots\" content=\"index, follow, max-snippet:-1, max-image-preview:large, max-video-preview:-1\" \/>\n<link rel=\"canonical\" href=\"https:\/\/www.hsymachinery.com\/ro\/product\/taietor-de-beton-hq-l400a\/\" \/>\n<meta property=\"og:locale\" content=\"ro_RO\" \/>\n<meta property=\"og:type\" content=\"article\" \/>\n<meta property=\"og:title\" content=\"Concrete Cutter HQ-L400A - HSY Construction Machinery\" \/>\n<meta property=\"og:description\" content=\"HQ-L400A Longxin concrete cutter offers deep, precise cuts with upgraded stability for roads, bridge decks, and floor joints. Reliable for tough construction projects.\" \/>\n<meta property=\"og:url\" content=\"https:\/\/www.hsymachinery.com\/ro\/product\/taietor-de-beton-hq-l400a\/\" \/>\n<meta property=\"og:site_name\" content=\"HSY Construction Machinery\" \/>\n<meta property=\"article:modified_time\" content=\"2025-06-28T12:46:32+00:00\" \/>\n<meta property=\"og:image\" content=\"https:\/\/www.hsymachinery.com\/wp-content\/uploads\/2025\/06\/Concrete-Cutter-HQ-L400A.jpg\" \/>\n\t<meta property=\"og:image:width\" content=\"600\" \/>\n\t<meta property=\"og:image:height\" content=\"600\" \/>\n\t<meta property=\"og:image:type\" content=\"image\/jpeg\" \/>\n<meta name=\"twitter:card\" content=\"summary_large_image\" \/>\n<meta name=\"twitter:label1\" content=\"Timp estimat pentru citire\" \/>\n\t<meta name=\"twitter:data1\" content=\"2 minute\" \/>\n<script type=\"application\/ld+json\" class=\"yoast-schema-graph\">{\"@context\":\"https:\/\/schema.org\",\"@graph\":[{\"@type\":\"WebPage\",\"@id\":\"https:\/\/www.hsymachinery.com\/product\/concrete-cutter-hq-l400a\/\",\"url\":\"https:\/\/www.hsymachinery.com\/product\/concrete-cutter-hq-l400a\/\",\"name\":\"Concrete Cutter HQ-L400A - HSY Construction Machinery\",\"isPartOf\":{\"@id\":\"https:\/\/www.hsymachinery.com\/#website\"},\"primaryImageOfPage\":{\"@id\":\"https:\/\/www.hsymachinery.com\/product\/concrete-cutter-hq-l400a\/#primaryimage\"},\"image\":{\"@id\":\"https:\/\/www.hsymachinery.com\/product\/concrete-cutter-hq-l400a\/#primaryimage\"},\"thumbnailUrl\":\"https:\/\/www.hsymachinery.com\/wp-content\/uploads\/2025\/06\/Concrete-Cutter-HQ-L400A.jpg\",\"datePublished\":\"2025-06-18T10:00:19+00:00\",\"dateModified\":\"2025-06-28T12:46:32+00:00\",\"description\":\"HQ-L400A Longxin concrete cutter offers deep, precise cuts with upgraded stability for roads, bridge decks, and floor joints. Reliable for tough construction projects.\",\"breadcrumb\":{\"@id\":\"https:\/\/www.hsymachinery.com\/product\/concrete-cutter-hq-l400a\/#breadcrumb\"},\"inLanguage\":\"ro-RO\",\"potentialAction\":[{\"@type\":\"ReadAction\",\"target\":[\"https:\/\/www.hsymachinery.com\/product\/concrete-cutter-hq-l400a\/\"]}]},{\"@type\":\"ImageObject\",\"inLanguage\":\"ro-RO\",\"@id\":\"https:\/\/www.hsymachinery.com\/product\/concrete-cutter-hq-l400a\/#primaryimage\",\"url\":\"https:\/\/www.hsymachinery.com\/wp-content\/uploads\/2025\/06\/Concrete-Cutter-HQ-L400A.jpg\",\"contentUrl\":\"https:\/\/www.hsymachinery.com\/wp-content\/uploads\/2025\/06\/Concrete-Cutter-HQ-L400A.jpg\",\"width\":600,\"height\":600},{\"@type\":\"BreadcrumbList\",\"@id\":\"https:\/\/www.hsymachinery.com\/product\/concrete-cutter-hq-l400a\/#breadcrumb\",\"itemListElement\":[{\"@type\":\"ListItem\",\"position\":1,\"name\":\"home\",\"item\":\"https:\/\/www.hsymachinery.com\/\"},{\"@type\":\"ListItem\",\"position\":2,\"name\":\"products\",\"item\":\"https:\/\/www.hsymachinery.com\/products\/\"},{\"@type\":\"ListItem\",\"position\":3,\"name\":\"Concrete Cutter HQ-L400A\"}]},{\"@type\":\"WebSite\",\"@id\":\"https:\/\/www.hsymachinery.com\/#website\",\"url\":\"https:\/\/www.hsymachinery.com\/\",\"name\":\"HSY Construction Machinery\",\"description\":\"HSY Machinery \u2013 A leading China construction machinery supplier, offering a wide range of light construction equipment. Our main products include Rebar Cutting Machine, Rebar Bending Machine, Rebar Stirrup Bending Machine, Rebar Arc Bending Machine, Rebar Straightening Machine, Five-Head Rebar Stirrup Bending Machine, Tamping Rammer, Plate Compactor, Concrete Cutter, Power Trowel, and other construction machinery. We are equipped with advanced CNC machines, and we enforce strict quality inspection standards along with comprehensive after-sales service. If you are interested in our products or services, we warmly welcome your inquiries via message.\",\"publisher\":{\"@id\":\"https:\/\/www.hsymachinery.com\/#organization\"},\"potentialAction\":[{\"@type\":\"SearchAction\",\"target\":{\"@type\":\"EntryPoint\",\"urlTemplate\":\"https:\/\/www.hsymachinery.com\/?s={search_term_string}\"},\"query-input\":{\"@type\":\"PropertyValueSpecification\",\"valueRequired\":true,\"valueName\":\"search_term_string\"}}],\"inLanguage\":\"ro-RO\"},{\"@type\":\"Organization\",\"@id\":\"https:\/\/www.hsymachinery.com\/#organization\",\"name\":\"HSY Construction Machinery\",\"url\":\"https:\/\/www.hsymachinery.com\/\",\"logo\":{\"@type\":\"ImageObject\",\"inLanguage\":\"ro-RO\",\"@id\":\"https:\/\/www.hsymachinery.com\/#\/schema\/logo\/image\/\",\"url\":\"https:\/\/www.hsymachinery.com\/wp-content\/uploads\/2025\/06\/cropped-HSY-machinery.png\",\"contentUrl\":\"https:\/\/www.hsymachinery.com\/wp-content\/uploads\/2025\/06\/cropped-HSY-machinery.png\",\"width\":600,\"height\":240,\"caption\":\"HSY Construction Machinery\"},\"image\":{\"@id\":\"https:\/\/www.hsymachinery.com\/#\/schema\/logo\/image\/\"}}]}<\/script>\n<!-- \/ Yoast SEO plugin. -->","yoast_head_json":{"title":"T\u0103ietor de beton HQ-L400A - HSY Ma\u0219ini de construc\u021bii","description":"T\u0103ietorul de beton HQ-L400A Longxin ofer\u0103 t\u0103ieturi ad\u00e2nci \u0219i precise cu stabilitate \u00eembun\u0103t\u0103\u021bit\u0103 pentru drumuri, pun\u021bi \u0219i rosturi de podele. Fiabil\u0103 pentru proiecte de construc\u021bii dificile.","robots":{"index":"index","follow":"follow","max-snippet":"max-snippet:-1","max-image-preview":"max-image-preview:large","max-video-preview":"max-video-preview:-1"},"canonical":"https:\/\/www.hsymachinery.com\/ro\/product\/taietor-de-beton-hq-l400a\/","og_locale":"ro_RO","og_type":"article","og_title":"Concrete Cutter HQ-L400A - HSY Construction Machinery","og_description":"HQ-L400A Longxin concrete cutter offers deep, precise cuts with upgraded stability for roads, bridge decks, and floor joints. Reliable for tough construction projects.","og_url":"https:\/\/www.hsymachinery.com\/ro\/product\/taietor-de-beton-hq-l400a\/","og_site_name":"HSY Construction Machinery","article_modified_time":"2025-06-28T12:46:32+00:00","og_image":[{"width":600,"height":600,"url":"https:\/\/www.hsymachinery.com\/wp-content\/uploads\/2025\/06\/Concrete-Cutter-HQ-L400A.jpg","type":"image\/jpeg"}],"twitter_card":"summary_large_image","twitter_misc":{"Timp estimat pentru citire":"2 minute"},"schema":{"@context":"https:\/\/schema.org","@graph":[{"@type":"WebPage","@id":"https:\/\/www.hsymachinery.com\/product\/concrete-cutter-hq-l400a\/","url":"https:\/\/www.hsymachinery.com\/product\/concrete-cutter-hq-l400a\/","name":"T\u0103ietor de beton HQ-L400A - HSY Ma\u0219ini de construc\u021bii","isPartOf":{"@id":"https:\/\/www.hsymachinery.com\/#website"},"primaryImageOfPage":{"@id":"https:\/\/www.hsymachinery.com\/product\/concrete-cutter-hq-l400a\/#primaryimage"},"image":{"@id":"https:\/\/www.hsymachinery.com\/product\/concrete-cutter-hq-l400a\/#primaryimage"},"thumbnailUrl":"https:\/\/www.hsymachinery.com\/wp-content\/uploads\/2025\/06\/Concrete-Cutter-HQ-L400A.jpg","datePublished":"2025-06-18T10:00:19+00:00","dateModified":"2025-06-28T12:46:32+00:00","description":"T\u0103ietorul de beton HQ-L400A Longxin ofer\u0103 t\u0103ieturi ad\u00e2nci \u0219i precise cu stabilitate \u00eembun\u0103t\u0103\u021bit\u0103 pentru drumuri, pun\u021bi \u0219i rosturi de podele. Fiabil\u0103 pentru proiecte de construc\u021bii dificile.","breadcrumb":{"@id":"https:\/\/www.hsymachinery.com\/product\/concrete-cutter-hq-l400a\/#breadcrumb"},"inLanguage":"ro-RO","potentialAction":[{"@type":"ReadAction","target":["https:\/\/www.hsymachinery.com\/product\/concrete-cutter-hq-l400a\/"]}]},{"@type":"ImageObject","inLanguage":"ro-RO","@id":"https:\/\/www.hsymachinery.com\/product\/concrete-cutter-hq-l400a\/#primaryimage","url":"https:\/\/www.hsymachinery.com\/wp-content\/uploads\/2025\/06\/Concrete-Cutter-HQ-L400A.jpg","contentUrl":"https:\/\/www.hsymachinery.com\/wp-content\/uploads\/2025\/06\/Concrete-Cutter-HQ-L400A.jpg","width":600,"height":600},{"@type":"BreadcrumbList","@id":"https:\/\/www.hsymachinery.com\/product\/concrete-cutter-hq-l400a\/#breadcrumb","itemListElement":[{"@type":"ListItem","position":1,"name":"home","item":"https:\/\/www.hsymachinery.com\/"},{"@type":"ListItem","position":2,"name":"products","item":"https:\/\/www.hsymachinery.com\/products\/"},{"@type":"ListItem","position":3,"name":"Concrete Cutter HQ-L400A"}]},{"@type":"WebSite","@id":"https:\/\/www.hsymachinery.com\/#website","url":"https:\/\/www.hsymachinery.com\/","name":"HSY Ma\u0219ini de construc\u021bii","description":"HSY Machinery - Un furnizor lider de ma\u0219ini de construc\u021bii din China, care ofer\u0103 o gam\u0103 larg\u0103 de echipamente de construc\u021bii u\u0219oare. Produsele noastre principale includ Ma\u0219ina de t\u0103iat arm\u0103turi, Ma\u0219ina de \u00eendoit arm\u0103turi, Ma\u0219ina de \u00eendoit st\u00e2lpi de arm\u0103turi, Ma\u0219ina de \u00eendoit arcuri de arm\u0103turi, Ma\u0219ina de \u00eendreptat arm\u0103turi, Ma\u0219ina de \u00eendoit st\u00e2lpi de arm\u0103turi cu cinci capete, Rammer de compactare, Compactor de pl\u0103ci, T\u0103ietor de beton, Mistrie electric\u0103 \u0219i alte utilaje de construc\u021bii. Suntem echipa\u021bi cu ma\u0219ini CNC avansate \u0219i aplic\u0103m standarde stricte de inspec\u021bie a calit\u0103\u021bii, \u00eempreun\u0103 cu servicii post-v\u00e2nzare complete. Dac\u0103 sunte\u021bi interesat de produsele sau serviciile noastre, primim cu c\u0103ldur\u0103 cererile dvs. prin mesaj.","publisher":{"@id":"https:\/\/www.hsymachinery.com\/#organization"},"potentialAction":[{"@type":"SearchAction","target":{"@type":"EntryPoint","urlTemplate":"https:\/\/www.hsymachinery.com\/?s={search_term_string}"},"query-input":{"@type":"PropertyValueSpecification","valueRequired":true,"valueName":"search_term_string"}}],"inLanguage":"ro-RO"},{"@type":"Organization","@id":"https:\/\/www.hsymachinery.com\/#organization","name":"HSY Ma\u0219ini de construc\u021bii","url":"https:\/\/www.hsymachinery.com\/","logo":{"@type":"ImageObject","inLanguage":"ro-RO","@id":"https:\/\/www.hsymachinery.com\/#\/schema\/logo\/image\/","url":"https:\/\/www.hsymachinery.com\/wp-content\/uploads\/2025\/06\/cropped-HSY-machinery.png","contentUrl":"https:\/\/www.hsymachinery.com\/wp-content\/uploads\/2025\/06\/cropped-HSY-machinery.png","width":600,"height":240,"caption":"HSY Construction Machinery"},"image":{"@id":"https:\/\/www.hsymachinery.com\/#\/schema\/logo\/image\/"}}]}},"_links":{"self":[{"href":"https:\/\/www.hsymachinery.com\/ro\/wp-json\/wp\/v2\/product\/9139","targetHints":{"allow":["GET"]}}],"collection":[{"href":"https:\/\/www.hsymachinery.com\/ro\/wp-json\/wp\/v2\/product"}],"about":[{"href":"https:\/\/www.hsymachinery.com\/ro\/wp-json\/wp\/v2\/types\/product"}],"version-history":[{"count":3,"href":"https:\/\/www.hsymachinery.com\/ro\/wp-json\/wp\/v2\/product\/9139\/revisions"}],"predecessor-version":[{"id":9554,"href":"https:\/\/www.hsymachinery.com\/ro\/wp-json\/wp\/v2\/product\/9139\/revisions\/9554"}],"wp:featuredmedia":[{"embeddable":true,"href":"https:\/\/www.hsymachinery.com\/ro\/wp-json\/wp\/v2\/media\/9140"}],"wp:attachment":[{"href":"https:\/\/www.hsymachinery.com\/ro\/wp-json\/wp\/v2\/media?parent=9139"}],"wp:term":[{"taxonomy":"product_brand","embeddable":true,"href":"https:\/\/www.hsymachinery.com\/ro\/wp-json\/wp\/v2\/product_brand?post=9139"},{"taxonomy":"product_cat","embeddable":true,"href":"https:\/\/www.hsymachinery.com\/ro\/wp-json\/wp\/v2\/product_cat?post=9139"},{"taxonomy":"product_tag","embeddable":true,"href":"https:\/\/www.hsymachinery.com\/ro\/wp-json\/wp\/v2\/product_tag?post=9139"}],"curies":[{"name":"wp","href":"https:\/\/api.w.org\/{rel}","templated":true}]}}