{"id":9133,"date":"2025-06-18T17:57:40","date_gmt":"2025-06-18T09:57:40","guid":{"rendered":"https:\/\/www.hsymachinery.com\/?post_type=product&#038;p=9133"},"modified":"2025-06-28T20:40:24","modified_gmt":"2025-06-28T12:40:24","slug":"taietor-de-beton-hq-l400","status":"publish","type":"product","link":"https:\/\/www.hsymachinery.com\/ro\/product\/taietor-de-beton-hq-l400\/","title":{"rendered":"T\u0103ietor de beton HQ-L400"},"content":{"rendered":"<h2 data-start=\"36\" data-end=\"67\">T\u0103ietor de beton HQ-L400<\/h2>\n<h3 data-start=\"68\" data-end=\"173\">HQ-L400 Longxin T\u0103ietor de beton pe benzin\u0103 | T\u0103iere puternic\u0103 \u0219i precis\u0103 pentru construc\u021bii \u0219i lucr\u0103ri rutiere<\/h3>\n<h3 data-start=\"180\" data-end=\"271\">Descriere produs - T\u0103ietor de beton eficient pe benzin\u0103 pentru lucr\u0103ri grele<a href=\"https:\/\/www.hsymachinery.com\/ro\/produse\/taietor-de-beton\/\" target=\"_blank\" rel=\"noopener\"><img fetchpriority=\"high\" decoding=\"async\" class=\"wp-image-9546 alignright\" src=\"https:\/\/www.hsymachinery.com\/wp-content\/uploads\/2025\/06\/Asphalt-Cutter-146x300.jpg\" alt=\"\" width=\"450\" height=\"925\" srcset=\"https:\/\/www.hsymachinery.com\/wp-content\/uploads\/2025\/06\/Asphalt-Cutter-146x300.jpg 146w, https:\/\/www.hsymachinery.com\/wp-content\/uploads\/2025\/06\/Asphalt-Cutter-748x1536.jpg 748w, https:\/\/www.hsymachinery.com\/wp-content\/uploads\/2025\/06\/Asphalt-Cutter-600x1232.jpg 600w, https:\/\/www.hsymachinery.com\/wp-content\/uploads\/2025\/06\/Asphalt-Cutter.jpg 800w\" sizes=\"(max-width: 450px) 100vw, 450px\" \/><\/a><\/h3>\n<p data-start=\"273\" data-end=\"643\">The <strong data-start=\"277\" data-end=\"304\">T\u0103ietor de beton HQ-L400<\/strong> este echipat cu un motor pe benzin\u0103 Longxin fiabil, care ofer\u0103 putere constant\u0103 \u0219i performan\u021be de t\u0103iere precise pentru diverse aplica\u021bii de construc\u021bii. Acest cutter manevreaz\u0103 cu u\u0219urin\u021b\u0103 betonul, asfaltul, c\u0103r\u0103mizile \u0219i alte suprafe\u021be dure, ceea ce \u00eel face un instrument ideal pentru repara\u021bii de drumuri, renov\u0103ri de cl\u0103diri \u0219i proiecte de infrastructur\u0103.<\/p>\n<p data-start=\"645\" data-end=\"952\">Proiectat pentru durabilitate \u0219i confortul operatorului, HQ-L400 are o ad\u00e2ncime de t\u0103iere reglabil\u0103, permi\u021b\u00e2nd utilizatorilor s\u0103 fac\u0103 t\u0103ieri precise p\u00e2n\u0103 la grosimea necesar\u0103. Cadrul s\u0103u robust \u0219i m\u00e2nerul ergonomic ofer\u0103 stabilitate \u0219i reduc oboseala \u00een timpul utiliz\u0103rii prelungite, cresc\u00e2nd productivitatea general\u0103 pe \u0219antier.<\/p>\n<h3 data-start=\"959\" data-end=\"1018\">Principalele caracteristici \u0219i beneficii ale ma\u0219inii de t\u0103iat drumuri HQ-L400<\/h3>\n<ul data-start=\"1020\" data-end=\"1359\">\n<li data-start=\"1020\" data-end=\"1077\">\n<p data-start=\"1022\" data-end=\"1077\">Propulsat de un motor pe benzin\u0103 Longxin de \u00eenalt\u0103 performan\u021b\u0103<\/p>\n<\/li>\n<li data-start=\"1078\" data-end=\"1129\">\n<p data-start=\"1080\" data-end=\"1129\">Ad\u00e2ncime de t\u0103iere reglabil\u0103 pentru opera\u021bii precise<\/p>\n<\/li>\n<li data-start=\"1130\" data-end=\"1184\">\n<p data-start=\"1132\" data-end=\"1184\">Potrivit pentru t\u0103ierea betonului, asfaltului \u0219i c\u0103r\u0103mizilor<\/p>\n<\/li>\n<li data-start=\"1185\" data-end=\"1246\">\n<p data-start=\"1187\" data-end=\"1246\">Cadru din o\u021bel durabil conceput pentru a rezista la locurile de munc\u0103 dificile<\/p>\n<\/li>\n<li data-start=\"1247\" data-end=\"1304\">\n<p data-start=\"1249\" data-end=\"1304\">M\u00e2nere ergonomice pentru a spori controlul \u0219i confortul utilizatorului<\/p>\n<\/li>\n<li data-start=\"1305\" data-end=\"1359\">\n<p data-start=\"1307\" data-end=\"1359\">\u00centre\u021binere u\u0219oar\u0103 cu componente ale motorului accesibile<\/p>\n<\/li>\n<\/ul>\n<h3 data-start=\"1366\" data-end=\"1442\">Aplica\u021bii - Cutter versatil pentru construc\u021bii \u0219i \u00eentre\u021binerea drumurilor<\/h3>\n<p data-start=\"1444\" data-end=\"1823\">HQ-L400 este perfect pentru repara\u021bii ale suprafe\u021bei drumurilor, t\u0103ierea trotuarelor, s\u0103parea de \u0219an\u021buri \u0219i demol\u0103ri. Antreprenorii \u0219i lucr\u0103torii municipali apreciaz\u0103 portabilitatea \u0219i puterea sa, care \u00eei permit s\u0103 abordeze eficient o gam\u0103 larg\u0103 de cerin\u021be de t\u0103iere. Indiferent dac\u0103 t\u0103ia\u021bi rosturi de dilata\u021bie sau preg\u0103ti\u021bi suprafe\u021bele pentru pavaje noi, acest cutter asigur\u0103 rezultate curate \u0219i consistente.<\/p>\n<p><iframe title=\"t\u0103ietor de beton, t\u0103iere beton, powercutter, beton\" width=\"720\" height=\"405\" src=\"https:\/\/www.youtube.com\/embed\/egJcI18gCcg?feature=oembed\" frameborder=\"0\" allow=\"accelerometer; autoplay; clipboard-write; encrypted-media; gyroscope; picture-in-picture; web-share\" referrerpolicy=\"strict-origin-when-cross-origin\" allowfullscreen><\/iframe><\/p>","protected":false},"excerpt":{"rendered":"<p>T\u0103ietorul de beton pe benzin\u0103 HQ-L400 cu motor Longxin ofer\u0103 putere fiabil\u0103 \u0219i t\u0103iere precis\u0103 pentru beton, asfalt \u0219i proiecte de \u00eentre\u021binere a drumurilor.<\/p>","protected":false},"featured_media":9137,"template":"","meta":{"_kad_post_transparent":"default","_kad_post_title":"","_kad_post_layout":"default","_kad_post_sidebar_id":"","_kad_post_content_style":"default","_kad_post_vertical_padding":"default","_kad_post_feature":"","_kad_post_feature_position":"","_kad_post_header":false,"_kad_post_footer":false},"product_brand":[],"product_cat":[57],"product_tag":[1073,1071,1080,1076,1078,1074,1077,1079,1072,1075],"class_list":{"0":"post-9133","1":"product","2":"type-product","3":"status-publish","4":"has-post-thumbnail","6":"product_cat-concrete-cutter","7":"product_tag-asphalt-cutter","8":"product_tag-concrete-cutting-machine","9":"product_tag-concrete-groove-cutting-machine","10":"product_tag-diesel-concrete-cutter","11":"product_tag-electric-concrete-cutter","12":"product_tag-floor-saw-machine","13":"product_tag-gasoline-concrete-cutter","14":"product_tag-pavement-cutter-machine","15":"product_tag-road-cutting-machine","16":"product_tag-walk-behind-concrete-cutter","18":"first","19":"instock","20":"shipping-taxable","21":"product-type-simple","22":"entry","23":"content-bg","24":"loop-entry"},"yoast_head":"<!-- This site is optimized with the Yoast SEO plugin v25.3.1 - https:\/\/yoast.com\/wordpress\/plugins\/seo\/ -->\n<title>Concrete Cutter HQ-L400 - HSY Construction Machinery<\/title>\n<meta name=\"description\" content=\"HQ-L400 Longxin gasoline concrete cutter delivers powerful, accurate cutting for road repairs, construction, and pavement maintenance. Durable and easy to operate.\" \/>\n<meta name=\"robots\" content=\"index, follow, max-snippet:-1, max-image-preview:large, max-video-preview:-1\" \/>\n<link rel=\"canonical\" href=\"https:\/\/www.hsymachinery.com\/ro\/product\/taietor-de-beton-hq-l400\/\" \/>\n<meta property=\"og:locale\" content=\"ro_RO\" \/>\n<meta property=\"og:type\" content=\"article\" \/>\n<meta property=\"og:title\" content=\"Concrete Cutter HQ-L400 - HSY Construction Machinery\" \/>\n<meta property=\"og:description\" content=\"HQ-L400 Longxin gasoline concrete cutter delivers powerful, accurate cutting for road repairs, construction, and pavement maintenance. Durable and easy to operate.\" \/>\n<meta property=\"og:url\" content=\"https:\/\/www.hsymachinery.com\/ro\/product\/taietor-de-beton-hq-l400\/\" \/>\n<meta property=\"og:site_name\" content=\"HSY Construction Machinery\" \/>\n<meta property=\"article:modified_time\" content=\"2025-06-28T12:40:24+00:00\" \/>\n<meta property=\"og:image\" content=\"https:\/\/www.hsymachinery.com\/wp-content\/uploads\/2025\/06\/Concrete-Cutter-HQ-L400.jpg\" \/>\n\t<meta property=\"og:image:width\" content=\"600\" \/>\n\t<meta property=\"og:image:height\" content=\"600\" \/>\n\t<meta property=\"og:image:type\" content=\"image\/jpeg\" \/>\n<meta name=\"twitter:card\" content=\"summary_large_image\" \/>\n<meta name=\"twitter:label1\" content=\"Timp estimat pentru citire\" \/>\n\t<meta name=\"twitter:data1\" content=\"2 minute\" \/>\n<script type=\"application\/ld+json\" class=\"yoast-schema-graph\">{\"@context\":\"https:\/\/schema.org\",\"@graph\":[{\"@type\":\"WebPage\",\"@id\":\"https:\/\/www.hsymachinery.com\/product\/concrete-cutter-hq-l400\/\",\"url\":\"https:\/\/www.hsymachinery.com\/product\/concrete-cutter-hq-l400\/\",\"name\":\"Concrete Cutter HQ-L400 - HSY Construction Machinery\",\"isPartOf\":{\"@id\":\"https:\/\/www.hsymachinery.com\/#website\"},\"primaryImageOfPage\":{\"@id\":\"https:\/\/www.hsymachinery.com\/product\/concrete-cutter-hq-l400\/#primaryimage\"},\"image\":{\"@id\":\"https:\/\/www.hsymachinery.com\/product\/concrete-cutter-hq-l400\/#primaryimage\"},\"thumbnailUrl\":\"https:\/\/www.hsymachinery.com\/wp-content\/uploads\/2025\/06\/Concrete-Cutter-HQ-L400.jpg\",\"datePublished\":\"2025-06-18T09:57:40+00:00\",\"dateModified\":\"2025-06-28T12:40:24+00:00\",\"description\":\"HQ-L400 Longxin gasoline concrete cutter delivers powerful, accurate cutting for road repairs, construction, and pavement maintenance. Durable and easy to operate.\",\"breadcrumb\":{\"@id\":\"https:\/\/www.hsymachinery.com\/product\/concrete-cutter-hq-l400\/#breadcrumb\"},\"inLanguage\":\"ro-RO\",\"potentialAction\":[{\"@type\":\"ReadAction\",\"target\":[\"https:\/\/www.hsymachinery.com\/product\/concrete-cutter-hq-l400\/\"]}]},{\"@type\":\"ImageObject\",\"inLanguage\":\"ro-RO\",\"@id\":\"https:\/\/www.hsymachinery.com\/product\/concrete-cutter-hq-l400\/#primaryimage\",\"url\":\"https:\/\/www.hsymachinery.com\/wp-content\/uploads\/2025\/06\/Concrete-Cutter-HQ-L400.jpg\",\"contentUrl\":\"https:\/\/www.hsymachinery.com\/wp-content\/uploads\/2025\/06\/Concrete-Cutter-HQ-L400.jpg\",\"width\":600,\"height\":600},{\"@type\":\"BreadcrumbList\",\"@id\":\"https:\/\/www.hsymachinery.com\/product\/concrete-cutter-hq-l400\/#breadcrumb\",\"itemListElement\":[{\"@type\":\"ListItem\",\"position\":1,\"name\":\"home\",\"item\":\"https:\/\/www.hsymachinery.com\/\"},{\"@type\":\"ListItem\",\"position\":2,\"name\":\"products\",\"item\":\"https:\/\/www.hsymachinery.com\/products\/\"},{\"@type\":\"ListItem\",\"position\":3,\"name\":\"Concrete Cutter HQ-L400\"}]},{\"@type\":\"WebSite\",\"@id\":\"https:\/\/www.hsymachinery.com\/#website\",\"url\":\"https:\/\/www.hsymachinery.com\/\",\"name\":\"HSY Construction Machinery\",\"description\":\"HSY Machinery \u2013 A leading China construction machinery supplier, offering a wide range of light construction equipment. Our main products include Rebar Cutting Machine, Rebar Bending Machine, Rebar Stirrup Bending Machine, Rebar Arc Bending Machine, Rebar Straightening Machine, Five-Head Rebar Stirrup Bending Machine, Tamping Rammer, Plate Compactor, Concrete Cutter, Power Trowel, and other construction machinery. We are equipped with advanced CNC machines, and we enforce strict quality inspection standards along with comprehensive after-sales service. If you are interested in our products or services, we warmly welcome your inquiries via message.\",\"publisher\":{\"@id\":\"https:\/\/www.hsymachinery.com\/#organization\"},\"potentialAction\":[{\"@type\":\"SearchAction\",\"target\":{\"@type\":\"EntryPoint\",\"urlTemplate\":\"https:\/\/www.hsymachinery.com\/?s={search_term_string}\"},\"query-input\":{\"@type\":\"PropertyValueSpecification\",\"valueRequired\":true,\"valueName\":\"search_term_string\"}}],\"inLanguage\":\"ro-RO\"},{\"@type\":\"Organization\",\"@id\":\"https:\/\/www.hsymachinery.com\/#organization\",\"name\":\"HSY Construction Machinery\",\"url\":\"https:\/\/www.hsymachinery.com\/\",\"logo\":{\"@type\":\"ImageObject\",\"inLanguage\":\"ro-RO\",\"@id\":\"https:\/\/www.hsymachinery.com\/#\/schema\/logo\/image\/\",\"url\":\"https:\/\/www.hsymachinery.com\/wp-content\/uploads\/2025\/06\/cropped-HSY-machinery.png\",\"contentUrl\":\"https:\/\/www.hsymachinery.com\/wp-content\/uploads\/2025\/06\/cropped-HSY-machinery.png\",\"width\":600,\"height\":240,\"caption\":\"HSY Construction Machinery\"},\"image\":{\"@id\":\"https:\/\/www.hsymachinery.com\/#\/schema\/logo\/image\/\"}}]}<\/script>\n<!-- \/ Yoast SEO plugin. -->","yoast_head_json":{"title":"T\u0103ietor de beton HQ-L400 - HSY Ma\u0219ini de construc\u021bii","description":"T\u0103ietorul de beton pe benzin\u0103 HQ-L400 Longxin asigur\u0103 o t\u0103iere puternic\u0103 \u0219i precis\u0103 pentru repararea drumurilor, construc\u021bii \u0219i \u00eentre\u021binerea pavajelor. Durabil\u0103 \u0219i u\u0219or de utilizat.","robots":{"index":"index","follow":"follow","max-snippet":"max-snippet:-1","max-image-preview":"max-image-preview:large","max-video-preview":"max-video-preview:-1"},"canonical":"https:\/\/www.hsymachinery.com\/ro\/product\/taietor-de-beton-hq-l400\/","og_locale":"ro_RO","og_type":"article","og_title":"Concrete Cutter HQ-L400 - HSY Construction Machinery","og_description":"HQ-L400 Longxin gasoline concrete cutter delivers powerful, accurate cutting for road repairs, construction, and pavement maintenance. Durable and easy to operate.","og_url":"https:\/\/www.hsymachinery.com\/ro\/product\/taietor-de-beton-hq-l400\/","og_site_name":"HSY Construction Machinery","article_modified_time":"2025-06-28T12:40:24+00:00","og_image":[{"width":600,"height":600,"url":"https:\/\/www.hsymachinery.com\/wp-content\/uploads\/2025\/06\/Concrete-Cutter-HQ-L400.jpg","type":"image\/jpeg"}],"twitter_card":"summary_large_image","twitter_misc":{"Timp estimat pentru citire":"2 minute"},"schema":{"@context":"https:\/\/schema.org","@graph":[{"@type":"WebPage","@id":"https:\/\/www.hsymachinery.com\/product\/concrete-cutter-hq-l400\/","url":"https:\/\/www.hsymachinery.com\/product\/concrete-cutter-hq-l400\/","name":"T\u0103ietor de beton HQ-L400 - HSY Ma\u0219ini de construc\u021bii","isPartOf":{"@id":"https:\/\/www.hsymachinery.com\/#website"},"primaryImageOfPage":{"@id":"https:\/\/www.hsymachinery.com\/product\/concrete-cutter-hq-l400\/#primaryimage"},"image":{"@id":"https:\/\/www.hsymachinery.com\/product\/concrete-cutter-hq-l400\/#primaryimage"},"thumbnailUrl":"https:\/\/www.hsymachinery.com\/wp-content\/uploads\/2025\/06\/Concrete-Cutter-HQ-L400.jpg","datePublished":"2025-06-18T09:57:40+00:00","dateModified":"2025-06-28T12:40:24+00:00","description":"T\u0103ietorul de beton pe benzin\u0103 HQ-L400 Longxin asigur\u0103 o t\u0103iere puternic\u0103 \u0219i precis\u0103 pentru repararea drumurilor, construc\u021bii \u0219i \u00eentre\u021binerea pavajelor. Durabil\u0103 \u0219i u\u0219or de utilizat.","breadcrumb":{"@id":"https:\/\/www.hsymachinery.com\/product\/concrete-cutter-hq-l400\/#breadcrumb"},"inLanguage":"ro-RO","potentialAction":[{"@type":"ReadAction","target":["https:\/\/www.hsymachinery.com\/product\/concrete-cutter-hq-l400\/"]}]},{"@type":"ImageObject","inLanguage":"ro-RO","@id":"https:\/\/www.hsymachinery.com\/product\/concrete-cutter-hq-l400\/#primaryimage","url":"https:\/\/www.hsymachinery.com\/wp-content\/uploads\/2025\/06\/Concrete-Cutter-HQ-L400.jpg","contentUrl":"https:\/\/www.hsymachinery.com\/wp-content\/uploads\/2025\/06\/Concrete-Cutter-HQ-L400.jpg","width":600,"height":600},{"@type":"BreadcrumbList","@id":"https:\/\/www.hsymachinery.com\/product\/concrete-cutter-hq-l400\/#breadcrumb","itemListElement":[{"@type":"ListItem","position":1,"name":"home","item":"https:\/\/www.hsymachinery.com\/"},{"@type":"ListItem","position":2,"name":"products","item":"https:\/\/www.hsymachinery.com\/products\/"},{"@type":"ListItem","position":3,"name":"Concrete Cutter HQ-L400"}]},{"@type":"WebSite","@id":"https:\/\/www.hsymachinery.com\/#website","url":"https:\/\/www.hsymachinery.com\/","name":"HSY Ma\u0219ini de construc\u021bii","description":"HSY Machinery - Un furnizor lider de ma\u0219ini de construc\u021bii din China, care ofer\u0103 o gam\u0103 larg\u0103 de echipamente de construc\u021bii u\u0219oare. Produsele noastre principale includ Ma\u0219ina de t\u0103iat arm\u0103turi, Ma\u0219ina de \u00eendoit arm\u0103turi, Ma\u0219ina de \u00eendoit st\u00e2lpi de arm\u0103turi, Ma\u0219ina de \u00eendoit arcuri de arm\u0103turi, Ma\u0219ina de \u00eendreptat arm\u0103turi, Ma\u0219ina de \u00eendoit st\u00e2lpi de arm\u0103turi cu cinci capete, Rammer de compactare, Compactor de pl\u0103ci, T\u0103ietor de beton, Mistrie electric\u0103 \u0219i alte utilaje de construc\u021bii. Suntem echipa\u021bi cu ma\u0219ini CNC avansate \u0219i aplic\u0103m standarde stricte de inspec\u021bie a calit\u0103\u021bii, \u00eempreun\u0103 cu servicii post-v\u00e2nzare complete. Dac\u0103 sunte\u021bi interesat de produsele sau serviciile noastre, primim cu c\u0103ldur\u0103 cererile dvs. prin mesaj.","publisher":{"@id":"https:\/\/www.hsymachinery.com\/#organization"},"potentialAction":[{"@type":"SearchAction","target":{"@type":"EntryPoint","urlTemplate":"https:\/\/www.hsymachinery.com\/?s={search_term_string}"},"query-input":{"@type":"PropertyValueSpecification","valueRequired":true,"valueName":"search_term_string"}}],"inLanguage":"ro-RO"},{"@type":"Organization","@id":"https:\/\/www.hsymachinery.com\/#organization","name":"HSY Ma\u0219ini de construc\u021bii","url":"https:\/\/www.hsymachinery.com\/","logo":{"@type":"ImageObject","inLanguage":"ro-RO","@id":"https:\/\/www.hsymachinery.com\/#\/schema\/logo\/image\/","url":"https:\/\/www.hsymachinery.com\/wp-content\/uploads\/2025\/06\/cropped-HSY-machinery.png","contentUrl":"https:\/\/www.hsymachinery.com\/wp-content\/uploads\/2025\/06\/cropped-HSY-machinery.png","width":600,"height":240,"caption":"HSY Construction Machinery"},"image":{"@id":"https:\/\/www.hsymachinery.com\/#\/schema\/logo\/image\/"}}]}},"_links":{"self":[{"href":"https:\/\/www.hsymachinery.com\/ro\/wp-json\/wp\/v2\/product\/9133","targetHints":{"allow":["GET"]}}],"collection":[{"href":"https:\/\/www.hsymachinery.com\/ro\/wp-json\/wp\/v2\/product"}],"about":[{"href":"https:\/\/www.hsymachinery.com\/ro\/wp-json\/wp\/v2\/types\/product"}],"version-history":[{"count":5,"href":"https:\/\/www.hsymachinery.com\/ro\/wp-json\/wp\/v2\/product\/9133\/revisions"}],"predecessor-version":[{"id":9552,"href":"https:\/\/www.hsymachinery.com\/ro\/wp-json\/wp\/v2\/product\/9133\/revisions\/9552"}],"wp:featuredmedia":[{"embeddable":true,"href":"https:\/\/www.hsymachinery.com\/ro\/wp-json\/wp\/v2\/media\/9137"}],"wp:attachment":[{"href":"https:\/\/www.hsymachinery.com\/ro\/wp-json\/wp\/v2\/media?parent=9133"}],"wp:term":[{"taxonomy":"product_brand","embeddable":true,"href":"https:\/\/www.hsymachinery.com\/ro\/wp-json\/wp\/v2\/product_brand?post=9133"},{"taxonomy":"product_cat","embeddable":true,"href":"https:\/\/www.hsymachinery.com\/ro\/wp-json\/wp\/v2\/product_cat?post=9133"},{"taxonomy":"product_tag","embeddable":true,"href":"https:\/\/www.hsymachinery.com\/ro\/wp-json\/wp\/v2\/product_tag?post=9133"}],"curies":[{"name":"wp","href":"https:\/\/api.w.org\/{rel}","templated":true}]}}