{"id":9121,"date":"2025-06-18T17:06:02","date_gmt":"2025-06-18T09:06:02","guid":{"rendered":"https:\/\/www.hsymachinery.com\/?post_type=product&#038;p=9121"},"modified":"2025-06-28T20:03:48","modified_gmt":"2025-06-28T12:03:48","slug":"compactor-cu-placi-ph-l250a","status":"publish","type":"product","link":"https:\/\/www.hsymachinery.com\/ro\/product\/compactor-cu-placi-ph-l250a\/","title":{"rendered":"Compactor cu pl\u0103ci PH-L250A"},"content":{"rendered":"<h2 data-start=\"115\" data-end=\"147\">Compactor cu pl\u0103ci PH-L250A<\/h2>\n<h3 data-start=\"148\" data-end=\"274\">PH-L250A Loncin Compactor cu pl\u0103ci pe benzin\u0103 | Compactor de sol modernizat de dimensiuni medii pentru proiecte de pavaj, funda\u021bie \u0219i asfalt<\/h3>\n<h3 data-start=\"281\" data-end=\"372\">Prezentare general\u0103 a produsului - Motor \u0219i plac\u0103 Loncin modernizate pentru o acoperire \u00eembun\u0103t\u0103\u021bit\u0103 a compact\u0103rii<a href=\"https:\/\/www.hsymachinery.com\/ro\/produse\/compactor-cu-placi\/\" target=\"_blank\" rel=\"noopener\"><img fetchpriority=\"high\" decoding=\"async\" class=\"wp-image-9122 alignright\" src=\"https:\/\/www.hsymachinery.com\/wp-content\/uploads\/2025\/06\/Plate-Compactor-PH-L250A-300x300.jpg\" alt=\"\" width=\"461\" height=\"461\" srcset=\"https:\/\/www.hsymachinery.com\/wp-content\/uploads\/2025\/06\/Plate-Compactor-PH-L250A-300x300.jpg 300w, https:\/\/www.hsymachinery.com\/wp-content\/uploads\/2025\/06\/Plate-Compactor-PH-L250A-150x150.jpg 150w, https:\/\/www.hsymachinery.com\/wp-content\/uploads\/2025\/06\/Plate-Compactor-PH-L250A-100x100.jpg 100w, https:\/\/www.hsymachinery.com\/wp-content\/uploads\/2025\/06\/Plate-Compactor-PH-L250A.jpg 600w\" sizes=\"(max-width: 461px) 100vw, 461px\" \/><\/a><\/h3>\n<p data-start=\"374\" data-end=\"751\">The <strong data-start=\"378\" data-end=\"406\">Compactor cu pl\u0103ci PH-L250A<\/strong> este o versiune \u00eembun\u0103t\u0103\u021bit\u0103 a modelului standard PH-L250, cu o plac\u0103 de o\u021bel ranforsat\u0103 \u0219i un motor pe benzin\u0103 Loncin eficient \u00een 4 timpi. Acest design \u00eembun\u0103t\u0103\u021bit ofer\u0103 o acoperire mai mare a suprafe\u021bei, o for\u021b\u0103 de impact mai mare \u0219i un control \u00eembun\u0103t\u0103\u021bit al vibra\u021biilor pentru preg\u0103tirea bazei drumurilor, repararea pavajelor \u0219i lucr\u0103rile de funda\u021bie.<\/p>\n<p data-start=\"753\" data-end=\"895\">Ideal pentru antreprenorii care au nevoie de un echilibru \u00eentre performan\u021b\u0103 \u0219i u\u0219urin\u021b\u0103 \u00een utilizare, acest model este perfect pentru proiecte medii \u0219i mari.<\/p>\n<h3 data-start=\"902\" data-end=\"964\">Motor puternic, plac\u0103 mai larg\u0103 \u0219i func\u021bionare confortabil\u0103<\/h3>\n<p data-start=\"966\" data-end=\"1337\">Motorul Loncin al PH-L250A ofer\u0103 pornire fiabil\u0103, putere stabil\u0103 \u0219i consum redus de combustibil. Placa de compactare l\u0103rgit\u0103 asigur\u0103 acoperirea unei suprafe\u021be mai mari cu fiecare trecere, cresc\u00e2nd productivitatea general\u0103. M\u00e2nerul anti-vibra\u021bii proiectat ergonomic \u00eembun\u0103t\u0103\u021be\u0219te confortul \u00een timpul utiliz\u0103rii prelungite, \u00een timp ce cadrul cu \u00eentre\u021binere redus\u0103 contribuie la reducerea timpilor mor\u021bi.<\/p>\n<p data-start=\"1339\" data-end=\"1437\">Construc\u021bia sa durabil\u0103 rezist\u0103 la transporturi frecvente \u0219i ture prelungite pe \u0219antiere de construc\u021bii dificile.<\/p>\n<h3 data-start=\"1444\" data-end=\"1502\">Construit pentru eficien\u021b\u0103 \u0219i rezultate repetabile la locul de munc\u0103<\/h3>\n<p data-start=\"1504\" data-end=\"1750\">De la acoperiri cu asfalt la platforme de pietri\u0219 \u0219i umpluturi structurale, PH-L250A manipuleaz\u0103 diverse materiale cu u\u0219urin\u021b\u0103. Geometria optimizat\u0103 a pl\u0103cii \u0219i vibra\u021biile de \u00eenalt\u0103 frecven\u021b\u0103 asigur\u0103 finisaje uniforme, plane, chiar \u0219i pe suprafe\u021be inegale.<\/p>\n<p data-start=\"1752\" data-end=\"1906\">Acest model este potrivit \u00een special pentru antreprenori, echipe municipale \u0219i flote de \u00eenchiriere care apreciaz\u0103 eficien\u021ba costurilor f\u0103r\u0103 a sacrifica performan\u021ba.<\/p>\n<h3 data-start=\"1913\" data-end=\"1959\">Caracteristici principale ale compactorului cu pl\u0103ci PH-L250A<\/h3>\n<ul data-start=\"1961\" data-end=\"2254\">\n<li data-start=\"1961\" data-end=\"2025\">\n<p data-start=\"1963\" data-end=\"2025\">Actualizat cu o plac\u0103 larg\u0103 de o\u021bel pentru o acoperire mai rapid\u0103 a suprafe\u021bei<\/p>\n<\/li>\n<li data-start=\"2026\" data-end=\"2082\">\n<p data-start=\"2028\" data-end=\"2082\">Propulsat de un motor pe benzin\u0103 Loncin \u00een 4 timpi de \u00eencredere<\/p>\n<\/li>\n<li data-start=\"2083\" data-end=\"2148\">\n<p data-start=\"2085\" data-end=\"2148\">Perfect pentru lucr\u0103ri de compactare a asfaltului, pavajelor \u0219i structurilor<\/p>\n<\/li>\n<li data-start=\"2149\" data-end=\"2195\">\n<p data-start=\"2151\" data-end=\"2195\">M\u00e2ner anti-vibra\u021bii pentru confortul operatorului<\/p>\n<\/li>\n<li data-start=\"2196\" data-end=\"2254\">\n<p data-start=\"2198\" data-end=\"2254\">Proiectat pentru utilizare frecvent\u0103 cu acces u\u0219or la \u00eentre\u021binere<\/p>\n<\/li>\n<\/ul>","protected":false},"excerpt":{"rendered":"<p>Compactorul cu pl\u0103ci PH-L250A cu motor Loncin ofer\u0103 o l\u0103\u021bime de compactare \u0219i o eficien\u021b\u0103 \u00eembun\u0103t\u0103\u021bite pentru proiecte de asfalt, funda\u021bii \u0219i drumuri. Puternic, fiabil \u0219i u\u0219or de utilizat.<\/p>","protected":false},"featured_media":9122,"template":"","meta":{"_kad_post_transparent":"default","_kad_post_title":"","_kad_post_layout":"default","_kad_post_sidebar_id":"","_kad_post_content_style":"default","_kad_post_vertical_padding":"default","_kad_post_feature":"","_kad_post_feature_position":"","_kad_post_header":false,"_kad_post_footer":false},"product_brand":[],"product_cat":[59],"product_tag":[1066,1062,1065,1070,1069,1063,1067,1064,1061,1068],"class_list":{"0":"post-9121","1":"product","2":"type-product","3":"status-publish","4":"has-post-thumbnail","6":"product_cat-plate-compactor","7":"product_tag-diesel-plate-compactor","8":"product_tag-forward-plate-compactor","9":"product_tag-gasoline-plate-compactor","10":"product_tag-heavy-duty-plate-compactor","11":"product_tag-plate-compactor-for-asphalt","12":"product_tag-reversible-plate-compactor","13":"product_tag-road-construction-compactor","14":"product_tag-soil-plate-compactor","15":"product_tag-vibratory-plate-compactor","16":"product_tag-walk-behind-plate-compactor","18":"first","19":"instock","20":"shipping-taxable","21":"product-type-simple","22":"entry","23":"content-bg","24":"loop-entry"},"yoast_head":"<!-- This site is optimized with the Yoast SEO plugin v25.3.1 - https:\/\/yoast.com\/wordpress\/plugins\/seo\/ -->\n<title>Plate Compactor PH-L250A - HSY Construction Machinery<\/title>\n<meta name=\"description\" content=\"PH-L250A Loncin Plate Compactor provides wider and more powerful soil compaction for roads, foundations, and asphalt repair. Built for performance and jobsite efficiency.\" \/>\n<meta name=\"robots\" content=\"index, follow, max-snippet:-1, max-image-preview:large, max-video-preview:-1\" \/>\n<link rel=\"canonical\" href=\"https:\/\/www.hsymachinery.com\/ro\/product\/compactor-cu-placi-ph-l250a\/\" \/>\n<meta property=\"og:locale\" content=\"ro_RO\" \/>\n<meta property=\"og:type\" content=\"article\" \/>\n<meta property=\"og:title\" content=\"Plate Compactor PH-L250A - HSY Construction Machinery\" \/>\n<meta property=\"og:description\" content=\"PH-L250A Loncin Plate Compactor provides wider and more powerful soil compaction for roads, foundations, and asphalt repair. Built for performance and jobsite efficiency.\" \/>\n<meta property=\"og:url\" content=\"https:\/\/www.hsymachinery.com\/ro\/product\/compactor-cu-placi-ph-l250a\/\" \/>\n<meta property=\"og:site_name\" content=\"HSY Construction Machinery\" \/>\n<meta property=\"article:modified_time\" content=\"2025-06-28T12:03:48+00:00\" \/>\n<meta property=\"og:image\" content=\"https:\/\/www.hsymachinery.com\/wp-content\/uploads\/2025\/06\/Plate-Compactor-PH-L250A.jpg\" \/>\n\t<meta property=\"og:image:width\" content=\"600\" \/>\n\t<meta property=\"og:image:height\" content=\"600\" \/>\n\t<meta property=\"og:image:type\" content=\"image\/jpeg\" \/>\n<meta name=\"twitter:card\" content=\"summary_large_image\" \/>\n<meta name=\"twitter:label1\" content=\"Timp estimat pentru citire\" \/>\n\t<meta name=\"twitter:data1\" content=\"2 minute\" \/>\n<script type=\"application\/ld+json\" class=\"yoast-schema-graph\">{\"@context\":\"https:\/\/schema.org\",\"@graph\":[{\"@type\":\"WebPage\",\"@id\":\"https:\/\/www.hsymachinery.com\/product\/plate-compactor-ph-l250a\/\",\"url\":\"https:\/\/www.hsymachinery.com\/product\/plate-compactor-ph-l250a\/\",\"name\":\"Plate Compactor PH-L250A - HSY Construction Machinery\",\"isPartOf\":{\"@id\":\"https:\/\/www.hsymachinery.com\/#website\"},\"primaryImageOfPage\":{\"@id\":\"https:\/\/www.hsymachinery.com\/product\/plate-compactor-ph-l250a\/#primaryimage\"},\"image\":{\"@id\":\"https:\/\/www.hsymachinery.com\/product\/plate-compactor-ph-l250a\/#primaryimage\"},\"thumbnailUrl\":\"https:\/\/www.hsymachinery.com\/wp-content\/uploads\/2025\/06\/Plate-Compactor-PH-L250A.jpg\",\"datePublished\":\"2025-06-18T09:06:02+00:00\",\"dateModified\":\"2025-06-28T12:03:48+00:00\",\"description\":\"PH-L250A Loncin Plate Compactor provides wider and more powerful soil compaction for roads, foundations, and asphalt repair. Built for performance and jobsite efficiency.\",\"breadcrumb\":{\"@id\":\"https:\/\/www.hsymachinery.com\/product\/plate-compactor-ph-l250a\/#breadcrumb\"},\"inLanguage\":\"ro-RO\",\"potentialAction\":[{\"@type\":\"ReadAction\",\"target\":[\"https:\/\/www.hsymachinery.com\/product\/plate-compactor-ph-l250a\/\"]}]},{\"@type\":\"ImageObject\",\"inLanguage\":\"ro-RO\",\"@id\":\"https:\/\/www.hsymachinery.com\/product\/plate-compactor-ph-l250a\/#primaryimage\",\"url\":\"https:\/\/www.hsymachinery.com\/wp-content\/uploads\/2025\/06\/Plate-Compactor-PH-L250A.jpg\",\"contentUrl\":\"https:\/\/www.hsymachinery.com\/wp-content\/uploads\/2025\/06\/Plate-Compactor-PH-L250A.jpg\",\"width\":600,\"height\":600},{\"@type\":\"BreadcrumbList\",\"@id\":\"https:\/\/www.hsymachinery.com\/product\/plate-compactor-ph-l250a\/#breadcrumb\",\"itemListElement\":[{\"@type\":\"ListItem\",\"position\":1,\"name\":\"home\",\"item\":\"https:\/\/www.hsymachinery.com\/\"},{\"@type\":\"ListItem\",\"position\":2,\"name\":\"products\",\"item\":\"https:\/\/www.hsymachinery.com\/products\/\"},{\"@type\":\"ListItem\",\"position\":3,\"name\":\"Plate Compactor PH-L250A\"}]},{\"@type\":\"WebSite\",\"@id\":\"https:\/\/www.hsymachinery.com\/#website\",\"url\":\"https:\/\/www.hsymachinery.com\/\",\"name\":\"HSY Construction Machinery\",\"description\":\"HSY Machinery \u2013 A leading China construction machinery supplier, offering a wide range of light construction equipment. Our main products include Rebar Cutting Machine, Rebar Bending Machine, Rebar Stirrup Bending Machine, Rebar Arc Bending Machine, Rebar Straightening Machine, Five-Head Rebar Stirrup Bending Machine, Tamping Rammer, Plate Compactor, Concrete Cutter, Power Trowel, and other construction machinery. We are equipped with advanced CNC machines, and we enforce strict quality inspection standards along with comprehensive after-sales service. If you are interested in our products or services, we warmly welcome your inquiries via message.\",\"publisher\":{\"@id\":\"https:\/\/www.hsymachinery.com\/#organization\"},\"potentialAction\":[{\"@type\":\"SearchAction\",\"target\":{\"@type\":\"EntryPoint\",\"urlTemplate\":\"https:\/\/www.hsymachinery.com\/?s={search_term_string}\"},\"query-input\":{\"@type\":\"PropertyValueSpecification\",\"valueRequired\":true,\"valueName\":\"search_term_string\"}}],\"inLanguage\":\"ro-RO\"},{\"@type\":\"Organization\",\"@id\":\"https:\/\/www.hsymachinery.com\/#organization\",\"name\":\"HSY Construction Machinery\",\"url\":\"https:\/\/www.hsymachinery.com\/\",\"logo\":{\"@type\":\"ImageObject\",\"inLanguage\":\"ro-RO\",\"@id\":\"https:\/\/www.hsymachinery.com\/#\/schema\/logo\/image\/\",\"url\":\"https:\/\/www.hsymachinery.com\/wp-content\/uploads\/2025\/06\/cropped-HSY-machinery.png\",\"contentUrl\":\"https:\/\/www.hsymachinery.com\/wp-content\/uploads\/2025\/06\/cropped-HSY-machinery.png\",\"width\":600,\"height\":240,\"caption\":\"HSY Construction Machinery\"},\"image\":{\"@id\":\"https:\/\/www.hsymachinery.com\/#\/schema\/logo\/image\/\"}}]}<\/script>\n<!-- \/ Yoast SEO plugin. -->","yoast_head_json":{"title":"Compactor cu pl\u0103ci PH-L250A - HSY Ma\u0219ini de construc\u021bii","description":"Compactorul cu pl\u0103ci Loncin PH-L250A asigur\u0103 o compactare mai ampl\u0103 \u0219i mai puternic\u0103 a solului pentru drumuri, funda\u021bii \u0219i repara\u021bii de asfalt. Construit pentru performan\u021b\u0103 \u0219i eficien\u021b\u0103 la locul de munc\u0103.","robots":{"index":"index","follow":"follow","max-snippet":"max-snippet:-1","max-image-preview":"max-image-preview:large","max-video-preview":"max-video-preview:-1"},"canonical":"https:\/\/www.hsymachinery.com\/ro\/product\/compactor-cu-placi-ph-l250a\/","og_locale":"ro_RO","og_type":"article","og_title":"Plate Compactor PH-L250A - HSY Construction Machinery","og_description":"PH-L250A Loncin Plate Compactor provides wider and more powerful soil compaction for roads, foundations, and asphalt repair. Built for performance and jobsite efficiency.","og_url":"https:\/\/www.hsymachinery.com\/ro\/product\/compactor-cu-placi-ph-l250a\/","og_site_name":"HSY Construction Machinery","article_modified_time":"2025-06-28T12:03:48+00:00","og_image":[{"width":600,"height":600,"url":"https:\/\/www.hsymachinery.com\/wp-content\/uploads\/2025\/06\/Plate-Compactor-PH-L250A.jpg","type":"image\/jpeg"}],"twitter_card":"summary_large_image","twitter_misc":{"Timp estimat pentru citire":"2 minute"},"schema":{"@context":"https:\/\/schema.org","@graph":[{"@type":"WebPage","@id":"https:\/\/www.hsymachinery.com\/product\/plate-compactor-ph-l250a\/","url":"https:\/\/www.hsymachinery.com\/product\/plate-compactor-ph-l250a\/","name":"Compactor cu pl\u0103ci PH-L250A - HSY Ma\u0219ini de construc\u021bii","isPartOf":{"@id":"https:\/\/www.hsymachinery.com\/#website"},"primaryImageOfPage":{"@id":"https:\/\/www.hsymachinery.com\/product\/plate-compactor-ph-l250a\/#primaryimage"},"image":{"@id":"https:\/\/www.hsymachinery.com\/product\/plate-compactor-ph-l250a\/#primaryimage"},"thumbnailUrl":"https:\/\/www.hsymachinery.com\/wp-content\/uploads\/2025\/06\/Plate-Compactor-PH-L250A.jpg","datePublished":"2025-06-18T09:06:02+00:00","dateModified":"2025-06-28T12:03:48+00:00","description":"Compactorul cu pl\u0103ci Loncin PH-L250A asigur\u0103 o compactare mai ampl\u0103 \u0219i mai puternic\u0103 a solului pentru drumuri, funda\u021bii \u0219i repara\u021bii de asfalt. Construit pentru performan\u021b\u0103 \u0219i eficien\u021b\u0103 la locul de munc\u0103.","breadcrumb":{"@id":"https:\/\/www.hsymachinery.com\/product\/plate-compactor-ph-l250a\/#breadcrumb"},"inLanguage":"ro-RO","potentialAction":[{"@type":"ReadAction","target":["https:\/\/www.hsymachinery.com\/product\/plate-compactor-ph-l250a\/"]}]},{"@type":"ImageObject","inLanguage":"ro-RO","@id":"https:\/\/www.hsymachinery.com\/product\/plate-compactor-ph-l250a\/#primaryimage","url":"https:\/\/www.hsymachinery.com\/wp-content\/uploads\/2025\/06\/Plate-Compactor-PH-L250A.jpg","contentUrl":"https:\/\/www.hsymachinery.com\/wp-content\/uploads\/2025\/06\/Plate-Compactor-PH-L250A.jpg","width":600,"height":600},{"@type":"BreadcrumbList","@id":"https:\/\/www.hsymachinery.com\/product\/plate-compactor-ph-l250a\/#breadcrumb","itemListElement":[{"@type":"ListItem","position":1,"name":"home","item":"https:\/\/www.hsymachinery.com\/"},{"@type":"ListItem","position":2,"name":"products","item":"https:\/\/www.hsymachinery.com\/products\/"},{"@type":"ListItem","position":3,"name":"Plate Compactor PH-L250A"}]},{"@type":"WebSite","@id":"https:\/\/www.hsymachinery.com\/#website","url":"https:\/\/www.hsymachinery.com\/","name":"HSY Ma\u0219ini de construc\u021bii","description":"HSY Machinery - Un furnizor lider de ma\u0219ini de construc\u021bii din China, care ofer\u0103 o gam\u0103 larg\u0103 de echipamente de construc\u021bii u\u0219oare. Produsele noastre principale includ Ma\u0219ina de t\u0103iat arm\u0103turi, Ma\u0219ina de \u00eendoit arm\u0103turi, Ma\u0219ina de \u00eendoit st\u00e2lpi de arm\u0103turi, Ma\u0219ina de \u00eendoit arcuri de arm\u0103turi, Ma\u0219ina de \u00eendreptat arm\u0103turi, Ma\u0219ina de \u00eendoit st\u00e2lpi de arm\u0103turi cu cinci capete, Rammer de compactare, Compactor de pl\u0103ci, T\u0103ietor de beton, Mistrie electric\u0103 \u0219i alte utilaje de construc\u021bii. Suntem echipa\u021bi cu ma\u0219ini CNC avansate \u0219i aplic\u0103m standarde stricte de inspec\u021bie a calit\u0103\u021bii, \u00eempreun\u0103 cu servicii post-v\u00e2nzare complete. Dac\u0103 sunte\u021bi interesat de produsele sau serviciile noastre, primim cu c\u0103ldur\u0103 cererile dvs. prin mesaj.","publisher":{"@id":"https:\/\/www.hsymachinery.com\/#organization"},"potentialAction":[{"@type":"SearchAction","target":{"@type":"EntryPoint","urlTemplate":"https:\/\/www.hsymachinery.com\/?s={search_term_string}"},"query-input":{"@type":"PropertyValueSpecification","valueRequired":true,"valueName":"search_term_string"}}],"inLanguage":"ro-RO"},{"@type":"Organization","@id":"https:\/\/www.hsymachinery.com\/#organization","name":"HSY Ma\u0219ini de construc\u021bii","url":"https:\/\/www.hsymachinery.com\/","logo":{"@type":"ImageObject","inLanguage":"ro-RO","@id":"https:\/\/www.hsymachinery.com\/#\/schema\/logo\/image\/","url":"https:\/\/www.hsymachinery.com\/wp-content\/uploads\/2025\/06\/cropped-HSY-machinery.png","contentUrl":"https:\/\/www.hsymachinery.com\/wp-content\/uploads\/2025\/06\/cropped-HSY-machinery.png","width":600,"height":240,"caption":"HSY Construction Machinery"},"image":{"@id":"https:\/\/www.hsymachinery.com\/#\/schema\/logo\/image\/"}}]}},"_links":{"self":[{"href":"https:\/\/www.hsymachinery.com\/ro\/wp-json\/wp\/v2\/product\/9121","targetHints":{"allow":["GET"]}}],"collection":[{"href":"https:\/\/www.hsymachinery.com\/ro\/wp-json\/wp\/v2\/product"}],"about":[{"href":"https:\/\/www.hsymachinery.com\/ro\/wp-json\/wp\/v2\/types\/product"}],"version-history":[{"count":3,"href":"https:\/\/www.hsymachinery.com\/ro\/wp-json\/wp\/v2\/product\/9121\/revisions"}],"predecessor-version":[{"id":9537,"href":"https:\/\/www.hsymachinery.com\/ro\/wp-json\/wp\/v2\/product\/9121\/revisions\/9537"}],"wp:featuredmedia":[{"embeddable":true,"href":"https:\/\/www.hsymachinery.com\/ro\/wp-json\/wp\/v2\/media\/9122"}],"wp:attachment":[{"href":"https:\/\/www.hsymachinery.com\/ro\/wp-json\/wp\/v2\/media?parent=9121"}],"wp:term":[{"taxonomy":"product_brand","embeddable":true,"href":"https:\/\/www.hsymachinery.com\/ro\/wp-json\/wp\/v2\/product_brand?post=9121"},{"taxonomy":"product_cat","embeddable":true,"href":"https:\/\/www.hsymachinery.com\/ro\/wp-json\/wp\/v2\/product_cat?post=9121"},{"taxonomy":"product_tag","embeddable":true,"href":"https:\/\/www.hsymachinery.com\/ro\/wp-json\/wp\/v2\/product_tag?post=9121"}],"curies":[{"name":"wp","href":"https:\/\/api.w.org\/{rel}","templated":true}]}}