{"id":9103,"date":"2025-06-18T16:50:53","date_gmt":"2025-06-18T08:50:53","guid":{"rendered":"https:\/\/www.hsymachinery.com\/?post_type=product&#038;p=9103"},"modified":"2025-06-28T19:39:25","modified_gmt":"2025-06-28T11:39:25","slug":"compactor-cu-placi-ph-h90","status":"publish","type":"product","link":"https:\/\/www.hsymachinery.com\/ro\/product\/compactor-cu-placi-ph-h90\/","title":{"rendered":"Compactor cu pl\u0103ci PH-H90"},"content":{"rendered":"<h2 data-start=\"96\" data-end=\"126\">Compactor cu pl\u0103ci PH-H90<\/h2>\n<h3 data-start=\"127\" data-end=\"243\">PH-H90 Honda Gasoline Plate Compactor | Compactor de sol compact \u0219i durabil pentru trotuare, repara\u021bii \u0219i amenaj\u0103ri peisagistice<\/h3>\n<h3 data-start=\"250\" data-end=\"322\">Prezentare general\u0103 a produsului - Puterea Honda pentru compactare fiabil\u0103 pentru sarcini u\u0219oare<a href=\"https:\/\/www.hsymachinery.com\/ro\/produse\/compactor-cu-placi\/\" target=\"_blank\" rel=\"noopener\"><img fetchpriority=\"high\" decoding=\"async\" class=\"wp-image-9110 alignright\" src=\"https:\/\/www.hsymachinery.com\/wp-content\/uploads\/2025\/06\/Plate-Compactor-PH-H90-1-e1750237264210-300x300.jpg\" alt=\"\" width=\"459\" height=\"459\" srcset=\"https:\/\/www.hsymachinery.com\/wp-content\/uploads\/2025\/06\/Plate-Compactor-PH-H90-1-e1750237264210-300x300.jpg 300w, https:\/\/www.hsymachinery.com\/wp-content\/uploads\/2025\/06\/Plate-Compactor-PH-H90-1-e1750237264210-150x150.jpg 150w, https:\/\/www.hsymachinery.com\/wp-content\/uploads\/2025\/06\/Plate-Compactor-PH-H90-1-e1750237264210-100x100.jpg 100w, https:\/\/www.hsymachinery.com\/wp-content\/uploads\/2025\/06\/Plate-Compactor-PH-H90-1-e1750237264210.jpg 600w\" sizes=\"(max-width: 459px) 100vw, 459px\" \/><\/a><\/h3>\n<p data-start=\"324\" data-end=\"700\">The <strong data-start=\"328\" data-end=\"354\">Compactor cu pl\u0103ci PH-H90<\/strong> este echipat cu un motor pe benzin\u0103 Honda GX160 \u00een 4 timpi, oferind performan\u021be de compactare fiabile \u0219i constante pentru aplica\u021bii u\u0219oare \u0219i medii. Este ideal\u0103 pentru peticirea pavajului, instalarea trotuarelor, proiecte de gr\u0103din\u0103 \u0219i construc\u021bii reziden\u021biale, \u00een special \u00een zonele \u00een care fiabilitatea \u0219i emisiile reduse sunt importante.<\/p>\n<p data-start=\"702\" data-end=\"859\">Cu structura sa compact\u0103 \u0219i motorul Honda dovedit, PH-H90 este preferat de antreprenorii care solicit\u0103 eficien\u021b\u0103, mobilitate \u0219i durabilitate de marc\u0103.<\/p>\n<h3 data-start=\"866\" data-end=\"933\">Func\u021bionare lin\u0103, durat\u0103 lung\u0103 de via\u021b\u0103 a motorului \u0219i design u\u0219or de utilizat<\/h3>\n<p data-start=\"935\" data-end=\"1232\">Motorul Honda GX160 ofer\u0103 pornire u\u0219oar\u0103 cu recul, zgomot redus \u0219i economie excelent\u0103 de combustibil, f\u0103c\u00e2nd acest model potrivit pentru utilizarea zilnic\u0103 pe orice \u0219antier. Placa sa de baz\u0103 din o\u021bel armat asigur\u0103 o compactare uniform\u0103, \u00een timp ce m\u00e2nerul ergonomic reduce oboseala operatorului \u00een timpul turelor lungi.<\/p>\n<p data-start=\"1234\" data-end=\"1337\">\u00centre\u021binerea este simpl\u0103, iar asisten\u021ba global\u0103 oferit\u0103 de Honda face ca piesele \u0219i service-ul s\u0103 fie accesibile pe scar\u0103 larg\u0103.<\/p>\n<h3 data-start=\"1344\" data-end=\"1396\">Potrivire perfect\u0103 pentru \u0219antiere mici \u0219i lucr\u0103ri de precizie<\/h3>\n<p data-start=\"1398\" data-end=\"1670\">Proiectat pentru a naviga prin zone de construc\u021bie \u00eenguste, PH-H90 este u\u0219or de transportat \u0219i de utilizat pe marginile trotuarelor, aleilor \u0219i \u0219an\u021burilor \u00eenguste. \u00cen ciuda amprentei sale compacte, acesta ofer\u0103 o for\u021b\u0103 de impact puternic\u0103, asigur\u00e2nd de fiecare dat\u0103 o suprafa\u021b\u0103 neted\u0103 \u0219i stabil\u0103.<\/p>\n<p data-start=\"1672\" data-end=\"1801\">Fie c\u0103 lucra\u021bi \u00een ansambluri reziden\u021biale sau \u00een moderniz\u0103ri urbane, acest utilaj ofer\u0103 performan\u021be pe care v\u0103 pute\u021bi baza.<\/p>\n<h3 data-start=\"1808\" data-end=\"1852\">Caracteristici principale ale compactorului cu pl\u0103ci PH-H90<\/h3>\n<ul data-start=\"1854\" data-end=\"2153\">\n<li data-start=\"1854\" data-end=\"1907\">\n<p data-start=\"1856\" data-end=\"1907\">Propulsat de un motor pe benzin\u0103 Honda GX160 de \u00eencredere<\/p>\n<\/li>\n<li data-start=\"1908\" data-end=\"1971\">\n<p data-start=\"1910\" data-end=\"1971\">Asigur\u0103 o compactare uniform\u0103 pe soluri cu densitate u\u0219oar\u0103 p\u00e2n\u0103 la medie<\/p>\n<\/li>\n<li data-start=\"1972\" data-end=\"2038\">\n<p data-start=\"1974\" data-end=\"2038\">Ideal pentru construc\u021bii mici, amenaj\u0103ri peisagistice \u0219i repara\u021bii de pavaj<\/p>\n<\/li>\n<li data-start=\"2039\" data-end=\"2093\">\n<p data-start=\"2041\" data-end=\"2093\">Vibra\u021bii reduse \u0219i func\u021bionare silen\u021bioas\u0103 pentru confortul utilizatorului<\/p>\n<\/li>\n<li data-start=\"2094\" data-end=\"2153\">\n<p data-start=\"2096\" data-end=\"2153\">Durabil \u0219i compact pentru transport \u0219i depozitare u\u0219oar\u0103 la fa\u021ba locului<\/p>\n<\/li>\n<\/ul>\n<p><iframe title=\"compactor, berbec de compactare, tamper, compactor cu pl\u0103ci, vibra\u021bii pentru construc\u021bii, ma\u0219in\u0103 compactoare.#tamping\" width=\"720\" height=\"405\" src=\"https:\/\/www.youtube.com\/embed\/kHw7Cpv12Zs?feature=oembed\" frameborder=\"0\" allow=\"accelerometer; autoplay; clipboard-write; encrypted-media; gyroscope; picture-in-picture; web-share\" referrerpolicy=\"strict-origin-when-cross-origin\" allowfullscreen><\/iframe><\/p>","protected":false},"excerpt":{"rendered":"<p>Compactorul cu pl\u0103ci PH-H90 cu motor Honda GX160 asigur\u0103 o compactare eficient\u0103, silen\u021bioas\u0103 \u0219i consistent\u0103. Perfect pentru amenaj\u0103ri peisagistice, repara\u021bii de trotuare \u0219i proiecte mici de construc\u021bii.<\/p>","protected":false},"featured_media":9110,"template":"","meta":{"_kad_post_transparent":"default","_kad_post_title":"","_kad_post_layout":"default","_kad_post_sidebar_id":"","_kad_post_content_style":"default","_kad_post_vertical_padding":"default","_kad_post_feature":"","_kad_post_feature_position":"","_kad_post_header":false,"_kad_post_footer":false},"product_brand":[],"product_cat":[59],"product_tag":[1066,1062,1065,1070,1069,1063,1067,1064,1061,1068],"class_list":{"0":"post-9103","1":"product","2":"type-product","3":"status-publish","4":"has-post-thumbnail","6":"product_cat-plate-compactor","7":"product_tag-diesel-plate-compactor","8":"product_tag-forward-plate-compactor","9":"product_tag-gasoline-plate-compactor","10":"product_tag-heavy-duty-plate-compactor","11":"product_tag-plate-compactor-for-asphalt","12":"product_tag-reversible-plate-compactor","13":"product_tag-road-construction-compactor","14":"product_tag-soil-plate-compactor","15":"product_tag-vibratory-plate-compactor","16":"product_tag-walk-behind-plate-compactor","18":"first","19":"instock","20":"featured","21":"shipping-taxable","22":"product-type-simple","23":"entry","24":"content-bg","25":"loop-entry"},"yoast_head":"<!-- This site is optimized with the Yoast SEO plugin v25.3.1 - https:\/\/yoast.com\/wordpress\/plugins\/seo\/ -->\n<title>Plate Compactor PH-H90 - HSY Construction Machinery<\/title>\n<meta name=\"description\" content=\"PH-H90 Honda Plate Compactor offers reliable and quiet soil compaction. Ideal for sidewalks, driveways, and light-duty construction. Powered by a GX160 engine.\" \/>\n<meta name=\"robots\" content=\"index, follow, max-snippet:-1, max-image-preview:large, max-video-preview:-1\" \/>\n<link rel=\"canonical\" href=\"https:\/\/www.hsymachinery.com\/ro\/product\/compactor-cu-placi-ph-h90\/\" \/>\n<meta property=\"og:locale\" content=\"ro_RO\" \/>\n<meta property=\"og:type\" content=\"article\" \/>\n<meta property=\"og:title\" content=\"Plate Compactor PH-H90 - HSY Construction Machinery\" \/>\n<meta property=\"og:description\" content=\"PH-H90 Honda Plate Compactor offers reliable and quiet soil compaction. Ideal for sidewalks, driveways, and light-duty construction. Powered by a GX160 engine.\" \/>\n<meta property=\"og:url\" content=\"https:\/\/www.hsymachinery.com\/ro\/product\/compactor-cu-placi-ph-h90\/\" \/>\n<meta property=\"og:site_name\" content=\"HSY Construction Machinery\" \/>\n<meta property=\"article:modified_time\" content=\"2025-06-28T11:39:25+00:00\" \/>\n<meta property=\"og:image\" content=\"https:\/\/www.hsymachinery.com\/wp-content\/uploads\/2025\/06\/Plate-Compactor-PH-H90-1-e1750237264210.jpg\" \/>\n\t<meta property=\"og:image:width\" content=\"600\" \/>\n\t<meta property=\"og:image:height\" content=\"600\" \/>\n\t<meta property=\"og:image:type\" content=\"image\/jpeg\" \/>\n<meta name=\"twitter:card\" content=\"summary_large_image\" \/>\n<meta name=\"twitter:label1\" content=\"Timp estimat pentru citire\" \/>\n\t<meta name=\"twitter:data1\" content=\"2 minute\" \/>\n<script type=\"application\/ld+json\" class=\"yoast-schema-graph\">{\"@context\":\"https:\/\/schema.org\",\"@graph\":[{\"@type\":\"WebPage\",\"@id\":\"https:\/\/www.hsymachinery.com\/product\/plate-compactor-ph-h90\/\",\"url\":\"https:\/\/www.hsymachinery.com\/product\/plate-compactor-ph-h90\/\",\"name\":\"Plate Compactor PH-H90 - HSY Construction Machinery\",\"isPartOf\":{\"@id\":\"https:\/\/www.hsymachinery.com\/#website\"},\"primaryImageOfPage\":{\"@id\":\"https:\/\/www.hsymachinery.com\/product\/plate-compactor-ph-h90\/#primaryimage\"},\"image\":{\"@id\":\"https:\/\/www.hsymachinery.com\/product\/plate-compactor-ph-h90\/#primaryimage\"},\"thumbnailUrl\":\"https:\/\/www.hsymachinery.com\/wp-content\/uploads\/2025\/06\/Plate-Compactor-PH-H90-1-e1750237264210.jpg\",\"datePublished\":\"2025-06-18T08:50:53+00:00\",\"dateModified\":\"2025-06-28T11:39:25+00:00\",\"description\":\"PH-H90 Honda Plate Compactor offers reliable and quiet soil compaction. Ideal for sidewalks, driveways, and light-duty construction. Powered by a GX160 engine.\",\"breadcrumb\":{\"@id\":\"https:\/\/www.hsymachinery.com\/product\/plate-compactor-ph-h90\/#breadcrumb\"},\"inLanguage\":\"ro-RO\",\"potentialAction\":[{\"@type\":\"ReadAction\",\"target\":[\"https:\/\/www.hsymachinery.com\/product\/plate-compactor-ph-h90\/\"]}]},{\"@type\":\"ImageObject\",\"inLanguage\":\"ro-RO\",\"@id\":\"https:\/\/www.hsymachinery.com\/product\/plate-compactor-ph-h90\/#primaryimage\",\"url\":\"https:\/\/www.hsymachinery.com\/wp-content\/uploads\/2025\/06\/Plate-Compactor-PH-H90-1-e1750237264210.jpg\",\"contentUrl\":\"https:\/\/www.hsymachinery.com\/wp-content\/uploads\/2025\/06\/Plate-Compactor-PH-H90-1-e1750237264210.jpg\",\"width\":600,\"height\":600},{\"@type\":\"BreadcrumbList\",\"@id\":\"https:\/\/www.hsymachinery.com\/product\/plate-compactor-ph-h90\/#breadcrumb\",\"itemListElement\":[{\"@type\":\"ListItem\",\"position\":1,\"name\":\"home\",\"item\":\"https:\/\/www.hsymachinery.com\/\"},{\"@type\":\"ListItem\",\"position\":2,\"name\":\"products\",\"item\":\"https:\/\/www.hsymachinery.com\/products\/\"},{\"@type\":\"ListItem\",\"position\":3,\"name\":\"Plate Compactor PH-H90\"}]},{\"@type\":\"WebSite\",\"@id\":\"https:\/\/www.hsymachinery.com\/#website\",\"url\":\"https:\/\/www.hsymachinery.com\/\",\"name\":\"HSY Construction Machinery\",\"description\":\"HSY Machinery \u2013 A leading China construction machinery supplier, offering a wide range of light construction equipment. Our main products include Rebar Cutting Machine, Rebar Bending Machine, Rebar Stirrup Bending Machine, Rebar Arc Bending Machine, Rebar Straightening Machine, Five-Head Rebar Stirrup Bending Machine, Tamping Rammer, Plate Compactor, Concrete Cutter, Power Trowel, and other construction machinery. We are equipped with advanced CNC machines, and we enforce strict quality inspection standards along with comprehensive after-sales service. If you are interested in our products or services, we warmly welcome your inquiries via message.\",\"publisher\":{\"@id\":\"https:\/\/www.hsymachinery.com\/#organization\"},\"potentialAction\":[{\"@type\":\"SearchAction\",\"target\":{\"@type\":\"EntryPoint\",\"urlTemplate\":\"https:\/\/www.hsymachinery.com\/?s={search_term_string}\"},\"query-input\":{\"@type\":\"PropertyValueSpecification\",\"valueRequired\":true,\"valueName\":\"search_term_string\"}}],\"inLanguage\":\"ro-RO\"},{\"@type\":\"Organization\",\"@id\":\"https:\/\/www.hsymachinery.com\/#organization\",\"name\":\"HSY Construction Machinery\",\"url\":\"https:\/\/www.hsymachinery.com\/\",\"logo\":{\"@type\":\"ImageObject\",\"inLanguage\":\"ro-RO\",\"@id\":\"https:\/\/www.hsymachinery.com\/#\/schema\/logo\/image\/\",\"url\":\"https:\/\/www.hsymachinery.com\/wp-content\/uploads\/2025\/06\/cropped-HSY-machinery.png\",\"contentUrl\":\"https:\/\/www.hsymachinery.com\/wp-content\/uploads\/2025\/06\/cropped-HSY-machinery.png\",\"width\":600,\"height\":240,\"caption\":\"HSY Construction Machinery\"},\"image\":{\"@id\":\"https:\/\/www.hsymachinery.com\/#\/schema\/logo\/image\/\"}}]}<\/script>\n<!-- \/ Yoast SEO plugin. -->","yoast_head_json":{"title":"Compactor cu pl\u0103ci PH-H90 - HSY Ma\u0219ini de construc\u021bii","description":"Compactorul cu pl\u0103ci PH-H90 Honda ofer\u0103 o compactare fiabil\u0103 \u0219i silen\u021bioas\u0103 a solului. Ideal pentru trotuare, alei \u0219i construc\u021bii u\u0219oare. Propulsat de un motor GX160.","robots":{"index":"index","follow":"follow","max-snippet":"max-snippet:-1","max-image-preview":"max-image-preview:large","max-video-preview":"max-video-preview:-1"},"canonical":"https:\/\/www.hsymachinery.com\/ro\/product\/compactor-cu-placi-ph-h90\/","og_locale":"ro_RO","og_type":"article","og_title":"Plate Compactor PH-H90 - HSY Construction Machinery","og_description":"PH-H90 Honda Plate Compactor offers reliable and quiet soil compaction. Ideal for sidewalks, driveways, and light-duty construction. Powered by a GX160 engine.","og_url":"https:\/\/www.hsymachinery.com\/ro\/product\/compactor-cu-placi-ph-h90\/","og_site_name":"HSY Construction Machinery","article_modified_time":"2025-06-28T11:39:25+00:00","og_image":[{"width":600,"height":600,"url":"https:\/\/www.hsymachinery.com\/wp-content\/uploads\/2025\/06\/Plate-Compactor-PH-H90-1-e1750237264210.jpg","type":"image\/jpeg"}],"twitter_card":"summary_large_image","twitter_misc":{"Timp estimat pentru citire":"2 minute"},"schema":{"@context":"https:\/\/schema.org","@graph":[{"@type":"WebPage","@id":"https:\/\/www.hsymachinery.com\/product\/plate-compactor-ph-h90\/","url":"https:\/\/www.hsymachinery.com\/product\/plate-compactor-ph-h90\/","name":"Compactor cu pl\u0103ci PH-H90 - HSY Ma\u0219ini de construc\u021bii","isPartOf":{"@id":"https:\/\/www.hsymachinery.com\/#website"},"primaryImageOfPage":{"@id":"https:\/\/www.hsymachinery.com\/product\/plate-compactor-ph-h90\/#primaryimage"},"image":{"@id":"https:\/\/www.hsymachinery.com\/product\/plate-compactor-ph-h90\/#primaryimage"},"thumbnailUrl":"https:\/\/www.hsymachinery.com\/wp-content\/uploads\/2025\/06\/Plate-Compactor-PH-H90-1-e1750237264210.jpg","datePublished":"2025-06-18T08:50:53+00:00","dateModified":"2025-06-28T11:39:25+00:00","description":"Compactorul cu pl\u0103ci PH-H90 Honda ofer\u0103 o compactare fiabil\u0103 \u0219i silen\u021bioas\u0103 a solului. Ideal pentru trotuare, alei \u0219i construc\u021bii u\u0219oare. Propulsat de un motor GX160.","breadcrumb":{"@id":"https:\/\/www.hsymachinery.com\/product\/plate-compactor-ph-h90\/#breadcrumb"},"inLanguage":"ro-RO","potentialAction":[{"@type":"ReadAction","target":["https:\/\/www.hsymachinery.com\/product\/plate-compactor-ph-h90\/"]}]},{"@type":"ImageObject","inLanguage":"ro-RO","@id":"https:\/\/www.hsymachinery.com\/product\/plate-compactor-ph-h90\/#primaryimage","url":"https:\/\/www.hsymachinery.com\/wp-content\/uploads\/2025\/06\/Plate-Compactor-PH-H90-1-e1750237264210.jpg","contentUrl":"https:\/\/www.hsymachinery.com\/wp-content\/uploads\/2025\/06\/Plate-Compactor-PH-H90-1-e1750237264210.jpg","width":600,"height":600},{"@type":"BreadcrumbList","@id":"https:\/\/www.hsymachinery.com\/product\/plate-compactor-ph-h90\/#breadcrumb","itemListElement":[{"@type":"ListItem","position":1,"name":"home","item":"https:\/\/www.hsymachinery.com\/"},{"@type":"ListItem","position":2,"name":"products","item":"https:\/\/www.hsymachinery.com\/products\/"},{"@type":"ListItem","position":3,"name":"Plate Compactor PH-H90"}]},{"@type":"WebSite","@id":"https:\/\/www.hsymachinery.com\/#website","url":"https:\/\/www.hsymachinery.com\/","name":"HSY Ma\u0219ini de construc\u021bii","description":"HSY Machinery - Un furnizor lider de ma\u0219ini de construc\u021bii din China, care ofer\u0103 o gam\u0103 larg\u0103 de echipamente de construc\u021bii u\u0219oare. Produsele noastre principale includ Ma\u0219ina de t\u0103iat arm\u0103turi, Ma\u0219ina de \u00eendoit arm\u0103turi, Ma\u0219ina de \u00eendoit st\u00e2lpi de arm\u0103turi, Ma\u0219ina de \u00eendoit arcuri de arm\u0103turi, Ma\u0219ina de \u00eendreptat arm\u0103turi, Ma\u0219ina de \u00eendoit st\u00e2lpi de arm\u0103turi cu cinci capete, Rammer de compactare, Compactor de pl\u0103ci, T\u0103ietor de beton, Mistrie electric\u0103 \u0219i alte utilaje de construc\u021bii. Suntem echipa\u021bi cu ma\u0219ini CNC avansate \u0219i aplic\u0103m standarde stricte de inspec\u021bie a calit\u0103\u021bii, \u00eempreun\u0103 cu servicii post-v\u00e2nzare complete. Dac\u0103 sunte\u021bi interesat de produsele sau serviciile noastre, primim cu c\u0103ldur\u0103 cererile dvs. prin mesaj.","publisher":{"@id":"https:\/\/www.hsymachinery.com\/#organization"},"potentialAction":[{"@type":"SearchAction","target":{"@type":"EntryPoint","urlTemplate":"https:\/\/www.hsymachinery.com\/?s={search_term_string}"},"query-input":{"@type":"PropertyValueSpecification","valueRequired":true,"valueName":"search_term_string"}}],"inLanguage":"ro-RO"},{"@type":"Organization","@id":"https:\/\/www.hsymachinery.com\/#organization","name":"HSY Ma\u0219ini de construc\u021bii","url":"https:\/\/www.hsymachinery.com\/","logo":{"@type":"ImageObject","inLanguage":"ro-RO","@id":"https:\/\/www.hsymachinery.com\/#\/schema\/logo\/image\/","url":"https:\/\/www.hsymachinery.com\/wp-content\/uploads\/2025\/06\/cropped-HSY-machinery.png","contentUrl":"https:\/\/www.hsymachinery.com\/wp-content\/uploads\/2025\/06\/cropped-HSY-machinery.png","width":600,"height":240,"caption":"HSY Construction Machinery"},"image":{"@id":"https:\/\/www.hsymachinery.com\/#\/schema\/logo\/image\/"}}]}},"_links":{"self":[{"href":"https:\/\/www.hsymachinery.com\/ro\/wp-json\/wp\/v2\/product\/9103","targetHints":{"allow":["GET"]}}],"collection":[{"href":"https:\/\/www.hsymachinery.com\/ro\/wp-json\/wp\/v2\/product"}],"about":[{"href":"https:\/\/www.hsymachinery.com\/ro\/wp-json\/wp\/v2\/types\/product"}],"version-history":[{"count":3,"href":"https:\/\/www.hsymachinery.com\/ro\/wp-json\/wp\/v2\/product\/9103\/revisions"}],"predecessor-version":[{"id":9527,"href":"https:\/\/www.hsymachinery.com\/ro\/wp-json\/wp\/v2\/product\/9103\/revisions\/9527"}],"wp:featuredmedia":[{"embeddable":true,"href":"https:\/\/www.hsymachinery.com\/ro\/wp-json\/wp\/v2\/media\/9110"}],"wp:attachment":[{"href":"https:\/\/www.hsymachinery.com\/ro\/wp-json\/wp\/v2\/media?parent=9103"}],"wp:term":[{"taxonomy":"product_brand","embeddable":true,"href":"https:\/\/www.hsymachinery.com\/ro\/wp-json\/wp\/v2\/product_brand?post=9103"},{"taxonomy":"product_cat","embeddable":true,"href":"https:\/\/www.hsymachinery.com\/ro\/wp-json\/wp\/v2\/product_cat?post=9103"},{"taxonomy":"product_tag","embeddable":true,"href":"https:\/\/www.hsymachinery.com\/ro\/wp-json\/wp\/v2\/product_tag?post=9103"}],"curies":[{"name":"wp","href":"https:\/\/api.w.org\/{rel}","templated":true}]}}