{"id":9088,"date":"2025-06-18T16:30:42","date_gmt":"2025-06-18T08:30:42","guid":{"rendered":"https:\/\/www.hsymachinery.com\/?post_type=product&#038;p=9088"},"modified":"2025-06-28T15:43:26","modified_gmt":"2025-06-28T07:43:26","slug":"compactor-ch-l125","status":"publish","type":"product","link":"https:\/\/www.hsymachinery.com\/ro\/product\/compactor-ch-l125\/","title":{"rendered":"Zdrobitor CH-L125"},"content":{"rendered":"<h2 data-start=\"111\" data-end=\"141\">Zdrobitor CH-L125<\/h2>\n<h3 data-start=\"142\" data-end=\"261\">CH-L125 Loncin compactor pe benzin\u0103 | Compactor de sol puternic \u0219i mobil pentru funda\u021bii, \u0219an\u021buri \u0219i amenaj\u0103ri peisagistice<\/h3>\n<h3 data-start=\"268\" data-end=\"353\">Prezentare general\u0103 a produsului - Rammer cu gaz de \u00eenalt\u0103 performan\u021b\u0103 pentru aplica\u021bii de \u0219antier versatile<a href=\"https:\/\/www.hsymachinery.com\/ro\/produse\/berbec-de-compactare\/\" target=\"_blank\" rel=\"noopener\"><img fetchpriority=\"high\" decoding=\"async\" class=\"wp-image-9089 alignright\" src=\"https:\/\/www.hsymachinery.com\/wp-content\/uploads\/2025\/06\/Tamping-Rammer-CH-L125-300x300.jpg\" alt=\"\" width=\"469\" height=\"469\" srcset=\"https:\/\/www.hsymachinery.com\/wp-content\/uploads\/2025\/06\/Tamping-Rammer-CH-L125-300x300.jpg 300w, https:\/\/www.hsymachinery.com\/wp-content\/uploads\/2025\/06\/Tamping-Rammer-CH-L125-150x150.jpg 150w, https:\/\/www.hsymachinery.com\/wp-content\/uploads\/2025\/06\/Tamping-Rammer-CH-L125-768x768.jpg 768w, https:\/\/www.hsymachinery.com\/wp-content\/uploads\/2025\/06\/Tamping-Rammer-CH-L125-600x600.jpg 600w, https:\/\/www.hsymachinery.com\/wp-content\/uploads\/2025\/06\/Tamping-Rammer-CH-L125-100x100.jpg 100w, https:\/\/www.hsymachinery.com\/wp-content\/uploads\/2025\/06\/Tamping-Rammer-CH-L125.jpg 800w\" sizes=\"(max-width: 469px) 100vw, 469px\" \/><\/a><\/h3>\n<p data-start=\"355\" data-end=\"751\">The <strong data-start=\"359\" data-end=\"385\">CH-L125 Ciocan de compactare<\/strong> este un utilaj puternic, eficient din punct de vedere al consumului de combustibil, propulsat de un motor Loncin pe benzin\u0103 \u00een 4 timpi de \u00eencredere. Proiectat pentru \u0219antiere de construc\u021bii, \u0219an\u021buri de utilit\u0103\u021bi, amenaj\u0103ri peisagistice \u0219i peticire de drumuri, acesta asigur\u0103 o compactare robust\u0103, r\u0103m\u00e2n\u00e2nd \u00een acela\u0219i timp foarte manevrabil. Construc\u021bia sa consolidat\u0103 \u0219i corpul bine echilibrat \u00eel fac ideal at\u00e2t pentru antreprenori, c\u00e2t \u0219i pentru companiile de \u00eenchiriere.<\/p>\n<p data-start=\"753\" data-end=\"870\">Acest model umple golul dintre portabilitatea u\u0219oar\u0103 \u0219i performan\u021ba puternic\u0103 de compactare pentru volumele de lucru medii \u0219i grele.<\/p>\n<h3 data-start=\"877\" data-end=\"933\">Pornire lin\u0103, timp de func\u021bionare lung \u0219i for\u021b\u0103 constant\u0103<\/h3>\n<p data-start=\"935\" data-end=\"1253\">Echipat cu un motor Loncin cunoscut pentru aprinderea rapid\u0103 \u0219i economia de combustibil, CH-L125 poate func\u021biona ore \u00eendelungate f\u0103r\u0103 supra\u00eenc\u0103lzire sau pierdere de performan\u021b\u0103. Acesta include un sabot de compactare durabil, rezistent la uzur\u0103, un sistem fiabil de pornire cu recul \u0219i o structur\u0103 multistrat de izolare a \u0219ocurilor pentru confortul operatorului.<\/p>\n<p data-start=\"1255\" data-end=\"1362\">Aceast\u0103 combina\u021bie asigur\u0103 o putere de impact puternic\u0103, cu o func\u021bionare lin\u0103, chiar \u0219i pe suprafe\u021be dure de lut sau pietri\u0219.<\/p>\n<h3 data-start=\"1369\" data-end=\"1422\">Construit pentru munca \u00een aer liber, urban\u0103 \u0219i la distan\u021b\u0103<\/h3>\n<p data-start=\"1424\" data-end=\"1751\">Datorit\u0103 amprentei sale compacte \u0219i motorului pe benzin\u0103 autoalimentat, CH-L125 se descurc\u0103 bine at\u00e2t \u00een zonele aglomerate din ora\u0219e, c\u00e2t \u0219i \u00een loca\u021biile f\u0103r\u0103 re\u021bea. Este deosebit de eficient \u00een construc\u021biile reziden\u021biale, \u00eentre\u021binerea drumurilor \u0219i compactarea \u0219an\u021burilor \u00eenguste, unde energia electric\u0103 nu este disponibil\u0103 \u0219i mobilitatea este esen\u021bial\u0103.<\/p>\n<p data-start=\"1753\" data-end=\"1848\">\u00centre\u021binerea de rutin\u0103 este simpl\u0103, piesele de schimb fiind disponibile pe scar\u0103 larg\u0103 pentru motoarele Loncin la nivel global.<\/p>\n<h3 data-start=\"1855\" data-end=\"1908\">Caracteristici principale ale compactorului pe benzin\u0103 CH-L125<\/h3>\n<ul data-start=\"1910\" data-end=\"2237\">\n<li data-start=\"1910\" data-end=\"1979\">\n<p data-start=\"1912\" data-end=\"1979\">Motorul pe benzin\u0103 Loncin ofer\u0103 performan\u021be puternice \u0219i consum redus de combustibil<\/p>\n<\/li>\n<li data-start=\"1980\" data-end=\"2054\">\n<p data-start=\"1982\" data-end=\"2054\">Ideal pentru s\u0103p\u0103turi, amenaj\u0103ri peisagistice, lucr\u0103ri de funda\u021bie \u0219i repara\u021bii de pavaj<\/p>\n<\/li>\n<li data-start=\"2055\" data-end=\"2122\">\n<p data-start=\"2057\" data-end=\"2122\">Designul anti-vibra\u021bii \u00eembun\u0103t\u0103\u021be\u0219te confortul operatorului pe parcursul orelor lungi<\/p>\n<\/li>\n<li data-start=\"2123\" data-end=\"2171\">\n<p data-start=\"2125\" data-end=\"2171\">Portabil, u\u0219or \u0219i u\u0219or de transportat<\/p>\n<\/li>\n<li data-start=\"2172\" data-end=\"2237\">\n<p data-start=\"2174\" data-end=\"2237\">Placa de compactare durabil\u0103 asigur\u0103 o calitate de compactare de lung\u0103 durat\u0103<\/p>\n<\/li>\n<\/ul>\n<p><iframe title=\"compactor, berbec de compactare, tamper, compactor cu pl\u0103ci, vibra\u021bii pentru construc\u021bii, ma\u0219in\u0103 compactoare.#tamping\" width=\"720\" height=\"540\" src=\"https:\/\/www.youtube.com\/embed\/j8Nod6Mcz9w?feature=oembed\" frameborder=\"0\" allow=\"accelerometer; autoplay; clipboard-write; encrypted-media; gyroscope; picture-in-picture; web-share\" referrerpolicy=\"strict-origin-when-cross-origin\" allowfullscreen><\/iframe><\/p>","protected":false},"excerpt":{"rendered":"<p>Compactorul pe benzin\u0103 CH-L125 func\u021bioneaz\u0103 cu un motor Loncin, asigur\u00e2nd o compactare consistent\u0103 \u00een funda\u021bii, \u0219an\u021buri \u0219i \u0219antiere \u00een aer liber. Fiabil \u0219i u\u0219or de manevrat.<\/p>","protected":false},"featured_media":9089,"template":"","meta":{"_kad_post_transparent":"default","_kad_post_title":"","_kad_post_layout":"default","_kad_post_sidebar_id":"","_kad_post_content_style":"default","_kad_post_vertical_padding":"default","_kad_post_feature":"","_kad_post_feature_position":"","_kad_post_header":false,"_kad_post_footer":false},"product_brand":[],"product_cat":[83],"product_tag":[1060,1057,1058,1059,1051,1052,1056,1053,1055,1054],"class_list":{"0":"post-9088","1":"product","2":"type-product","3":"status-publish","4":"has-post-thumbnail","6":"product_cat-tamping-rammer","7":"product_tag-backfill-compactor-machine","8":"product_tag-diesel-tamping-rammer","9":"product_tag-earth-tamping-machine","10":"product_tag-handheld-tamping-rammer","11":"product_tag-impact-rammer","12":"product_tag-jumping-jack-compactor","13":"product_tag-petrol-tamping-rammer","14":"product_tag-plate-tamping-rammer","15":"product_tag-soil-compaction-rammer","16":"product_tag-vibratory-tamping-rammer","18":"first","19":"instock","20":"shipping-taxable","21":"product-type-simple","22":"entry","23":"content-bg","24":"loop-entry"},"yoast_head":"<!-- This site is optimized with the Yoast SEO plugin v25.3.1 - https:\/\/yoast.com\/wordpress\/plugins\/seo\/ -->\n<title>Tamping Rammer CH-L125 - HSY Construction Machinery<\/title>\n<meta name=\"description\" content=\"CH-L125 Tamping Rammer uses a Loncin engine to deliver reliable soil compaction for trench, landscape, and urban construction projects. Portable and fuel-efficient.\" \/>\n<meta name=\"robots\" content=\"index, follow, max-snippet:-1, max-image-preview:large, max-video-preview:-1\" \/>\n<link rel=\"canonical\" href=\"https:\/\/www.hsymachinery.com\/ro\/product\/compactor-ch-l125\/\" \/>\n<meta property=\"og:locale\" content=\"ro_RO\" \/>\n<meta property=\"og:type\" content=\"article\" \/>\n<meta property=\"og:title\" content=\"Tamping Rammer CH-L125 - HSY Construction Machinery\" \/>\n<meta property=\"og:description\" content=\"CH-L125 Tamping Rammer uses a Loncin engine to deliver reliable soil compaction for trench, landscape, and urban construction projects. Portable and fuel-efficient.\" \/>\n<meta property=\"og:url\" content=\"https:\/\/www.hsymachinery.com\/ro\/product\/compactor-ch-l125\/\" \/>\n<meta property=\"og:site_name\" content=\"HSY Construction Machinery\" \/>\n<meta property=\"article:modified_time\" content=\"2025-06-28T07:43:26+00:00\" \/>\n<meta property=\"og:image\" content=\"https:\/\/www.hsymachinery.com\/wp-content\/uploads\/2025\/06\/Tamping-Rammer-CH-L125.jpg\" \/>\n\t<meta property=\"og:image:width\" content=\"800\" \/>\n\t<meta property=\"og:image:height\" content=\"800\" \/>\n\t<meta property=\"og:image:type\" content=\"image\/jpeg\" \/>\n<meta name=\"twitter:card\" content=\"summary_large_image\" \/>\n<meta name=\"twitter:label1\" content=\"Timp estimat pentru citire\" \/>\n\t<meta name=\"twitter:data1\" content=\"2 minute\" \/>\n<script type=\"application\/ld+json\" class=\"yoast-schema-graph\">{\"@context\":\"https:\/\/schema.org\",\"@graph\":[{\"@type\":\"WebPage\",\"@id\":\"https:\/\/www.hsymachinery.com\/product\/tamping-rammer-ch-l125\/\",\"url\":\"https:\/\/www.hsymachinery.com\/product\/tamping-rammer-ch-l125\/\",\"name\":\"Tamping Rammer CH-L125 - HSY Construction Machinery\",\"isPartOf\":{\"@id\":\"https:\/\/www.hsymachinery.com\/#website\"},\"primaryImageOfPage\":{\"@id\":\"https:\/\/www.hsymachinery.com\/product\/tamping-rammer-ch-l125\/#primaryimage\"},\"image\":{\"@id\":\"https:\/\/www.hsymachinery.com\/product\/tamping-rammer-ch-l125\/#primaryimage\"},\"thumbnailUrl\":\"https:\/\/www.hsymachinery.com\/wp-content\/uploads\/2025\/06\/Tamping-Rammer-CH-L125.jpg\",\"datePublished\":\"2025-06-18T08:30:42+00:00\",\"dateModified\":\"2025-06-28T07:43:26+00:00\",\"description\":\"CH-L125 Tamping Rammer uses a Loncin engine to deliver reliable soil compaction for trench, landscape, and urban construction projects. Portable and fuel-efficient.\",\"breadcrumb\":{\"@id\":\"https:\/\/www.hsymachinery.com\/product\/tamping-rammer-ch-l125\/#breadcrumb\"},\"inLanguage\":\"ro-RO\",\"potentialAction\":[{\"@type\":\"ReadAction\",\"target\":[\"https:\/\/www.hsymachinery.com\/product\/tamping-rammer-ch-l125\/\"]}]},{\"@type\":\"ImageObject\",\"inLanguage\":\"ro-RO\",\"@id\":\"https:\/\/www.hsymachinery.com\/product\/tamping-rammer-ch-l125\/#primaryimage\",\"url\":\"https:\/\/www.hsymachinery.com\/wp-content\/uploads\/2025\/06\/Tamping-Rammer-CH-L125.jpg\",\"contentUrl\":\"https:\/\/www.hsymachinery.com\/wp-content\/uploads\/2025\/06\/Tamping-Rammer-CH-L125.jpg\",\"width\":800,\"height\":800},{\"@type\":\"BreadcrumbList\",\"@id\":\"https:\/\/www.hsymachinery.com\/product\/tamping-rammer-ch-l125\/#breadcrumb\",\"itemListElement\":[{\"@type\":\"ListItem\",\"position\":1,\"name\":\"home\",\"item\":\"https:\/\/www.hsymachinery.com\/\"},{\"@type\":\"ListItem\",\"position\":2,\"name\":\"products\",\"item\":\"https:\/\/www.hsymachinery.com\/products\/\"},{\"@type\":\"ListItem\",\"position\":3,\"name\":\"Tamping Rammer CH-L125\"}]},{\"@type\":\"WebSite\",\"@id\":\"https:\/\/www.hsymachinery.com\/#website\",\"url\":\"https:\/\/www.hsymachinery.com\/\",\"name\":\"HSY Construction Machinery\",\"description\":\"HSY Machinery \u2013 A leading China construction machinery supplier, offering a wide range of light construction equipment. Our main products include Rebar Cutting Machine, Rebar Bending Machine, Rebar Stirrup Bending Machine, Rebar Arc Bending Machine, Rebar Straightening Machine, Five-Head Rebar Stirrup Bending Machine, Tamping Rammer, Plate Compactor, Concrete Cutter, Power Trowel, and other construction machinery. We are equipped with advanced CNC machines, and we enforce strict quality inspection standards along with comprehensive after-sales service. If you are interested in our products or services, we warmly welcome your inquiries via message.\",\"publisher\":{\"@id\":\"https:\/\/www.hsymachinery.com\/#organization\"},\"potentialAction\":[{\"@type\":\"SearchAction\",\"target\":{\"@type\":\"EntryPoint\",\"urlTemplate\":\"https:\/\/www.hsymachinery.com\/?s={search_term_string}\"},\"query-input\":{\"@type\":\"PropertyValueSpecification\",\"valueRequired\":true,\"valueName\":\"search_term_string\"}}],\"inLanguage\":\"ro-RO\"},{\"@type\":\"Organization\",\"@id\":\"https:\/\/www.hsymachinery.com\/#organization\",\"name\":\"HSY Construction Machinery\",\"url\":\"https:\/\/www.hsymachinery.com\/\",\"logo\":{\"@type\":\"ImageObject\",\"inLanguage\":\"ro-RO\",\"@id\":\"https:\/\/www.hsymachinery.com\/#\/schema\/logo\/image\/\",\"url\":\"https:\/\/www.hsymachinery.com\/wp-content\/uploads\/2025\/06\/cropped-HSY-machinery.png\",\"contentUrl\":\"https:\/\/www.hsymachinery.com\/wp-content\/uploads\/2025\/06\/cropped-HSY-machinery.png\",\"width\":600,\"height\":240,\"caption\":\"HSY Construction Machinery\"},\"image\":{\"@id\":\"https:\/\/www.hsymachinery.com\/#\/schema\/logo\/image\/\"}}]}<\/script>\n<!-- \/ Yoast SEO plugin. -->","yoast_head_json":{"title":"Tamponator CH-L125 - HSY Ma\u0219ini de construc\u021bii","description":"CH-L125 Tamping Rammer utilizeaz\u0103 un motor Loncin pentru a asigura o compactare fiabil\u0103 a solului pentru \u0219an\u021buri, peisaje \u0219i proiecte de construc\u021bii urbane. Portabil \u0219i cu consum redus de combustibil.","robots":{"index":"index","follow":"follow","max-snippet":"max-snippet:-1","max-image-preview":"max-image-preview:large","max-video-preview":"max-video-preview:-1"},"canonical":"https:\/\/www.hsymachinery.com\/ro\/product\/compactor-ch-l125\/","og_locale":"ro_RO","og_type":"article","og_title":"Tamping Rammer CH-L125 - HSY Construction Machinery","og_description":"CH-L125 Tamping Rammer uses a Loncin engine to deliver reliable soil compaction for trench, landscape, and urban construction projects. Portable and fuel-efficient.","og_url":"https:\/\/www.hsymachinery.com\/ro\/product\/compactor-ch-l125\/","og_site_name":"HSY Construction Machinery","article_modified_time":"2025-06-28T07:43:26+00:00","og_image":[{"width":800,"height":800,"url":"https:\/\/www.hsymachinery.com\/wp-content\/uploads\/2025\/06\/Tamping-Rammer-CH-L125.jpg","type":"image\/jpeg"}],"twitter_card":"summary_large_image","twitter_misc":{"Timp estimat pentru citire":"2 minute"},"schema":{"@context":"https:\/\/schema.org","@graph":[{"@type":"WebPage","@id":"https:\/\/www.hsymachinery.com\/product\/tamping-rammer-ch-l125\/","url":"https:\/\/www.hsymachinery.com\/product\/tamping-rammer-ch-l125\/","name":"Tamponator CH-L125 - HSY Ma\u0219ini de construc\u021bii","isPartOf":{"@id":"https:\/\/www.hsymachinery.com\/#website"},"primaryImageOfPage":{"@id":"https:\/\/www.hsymachinery.com\/product\/tamping-rammer-ch-l125\/#primaryimage"},"image":{"@id":"https:\/\/www.hsymachinery.com\/product\/tamping-rammer-ch-l125\/#primaryimage"},"thumbnailUrl":"https:\/\/www.hsymachinery.com\/wp-content\/uploads\/2025\/06\/Tamping-Rammer-CH-L125.jpg","datePublished":"2025-06-18T08:30:42+00:00","dateModified":"2025-06-28T07:43:26+00:00","description":"CH-L125 Tamping Rammer utilizeaz\u0103 un motor Loncin pentru a asigura o compactare fiabil\u0103 a solului pentru \u0219an\u021buri, peisaje \u0219i proiecte de construc\u021bii urbane. Portabil \u0219i cu consum redus de combustibil.","breadcrumb":{"@id":"https:\/\/www.hsymachinery.com\/product\/tamping-rammer-ch-l125\/#breadcrumb"},"inLanguage":"ro-RO","potentialAction":[{"@type":"ReadAction","target":["https:\/\/www.hsymachinery.com\/product\/tamping-rammer-ch-l125\/"]}]},{"@type":"ImageObject","inLanguage":"ro-RO","@id":"https:\/\/www.hsymachinery.com\/product\/tamping-rammer-ch-l125\/#primaryimage","url":"https:\/\/www.hsymachinery.com\/wp-content\/uploads\/2025\/06\/Tamping-Rammer-CH-L125.jpg","contentUrl":"https:\/\/www.hsymachinery.com\/wp-content\/uploads\/2025\/06\/Tamping-Rammer-CH-L125.jpg","width":800,"height":800},{"@type":"BreadcrumbList","@id":"https:\/\/www.hsymachinery.com\/product\/tamping-rammer-ch-l125\/#breadcrumb","itemListElement":[{"@type":"ListItem","position":1,"name":"home","item":"https:\/\/www.hsymachinery.com\/"},{"@type":"ListItem","position":2,"name":"products","item":"https:\/\/www.hsymachinery.com\/products\/"},{"@type":"ListItem","position":3,"name":"Tamping Rammer CH-L125"}]},{"@type":"WebSite","@id":"https:\/\/www.hsymachinery.com\/#website","url":"https:\/\/www.hsymachinery.com\/","name":"HSY Ma\u0219ini de construc\u021bii","description":"HSY Machinery - Un furnizor lider de ma\u0219ini de construc\u021bii din China, care ofer\u0103 o gam\u0103 larg\u0103 de echipamente de construc\u021bii u\u0219oare. Produsele noastre principale includ Ma\u0219ina de t\u0103iat arm\u0103turi, Ma\u0219ina de \u00eendoit arm\u0103turi, Ma\u0219ina de \u00eendoit st\u00e2lpi de arm\u0103turi, Ma\u0219ina de \u00eendoit arcuri de arm\u0103turi, Ma\u0219ina de \u00eendreptat arm\u0103turi, Ma\u0219ina de \u00eendoit st\u00e2lpi de arm\u0103turi cu cinci capete, Rammer de compactare, Compactor de pl\u0103ci, T\u0103ietor de beton, Mistrie electric\u0103 \u0219i alte utilaje de construc\u021bii. Suntem echipa\u021bi cu ma\u0219ini CNC avansate \u0219i aplic\u0103m standarde stricte de inspec\u021bie a calit\u0103\u021bii, \u00eempreun\u0103 cu servicii post-v\u00e2nzare complete. Dac\u0103 sunte\u021bi interesat de produsele sau serviciile noastre, primim cu c\u0103ldur\u0103 cererile dvs. prin mesaj.","publisher":{"@id":"https:\/\/www.hsymachinery.com\/#organization"},"potentialAction":[{"@type":"SearchAction","target":{"@type":"EntryPoint","urlTemplate":"https:\/\/www.hsymachinery.com\/?s={search_term_string}"},"query-input":{"@type":"PropertyValueSpecification","valueRequired":true,"valueName":"search_term_string"}}],"inLanguage":"ro-RO"},{"@type":"Organization","@id":"https:\/\/www.hsymachinery.com\/#organization","name":"HSY Ma\u0219ini de construc\u021bii","url":"https:\/\/www.hsymachinery.com\/","logo":{"@type":"ImageObject","inLanguage":"ro-RO","@id":"https:\/\/www.hsymachinery.com\/#\/schema\/logo\/image\/","url":"https:\/\/www.hsymachinery.com\/wp-content\/uploads\/2025\/06\/cropped-HSY-machinery.png","contentUrl":"https:\/\/www.hsymachinery.com\/wp-content\/uploads\/2025\/06\/cropped-HSY-machinery.png","width":600,"height":240,"caption":"HSY Construction Machinery"},"image":{"@id":"https:\/\/www.hsymachinery.com\/#\/schema\/logo\/image\/"}}]}},"_links":{"self":[{"href":"https:\/\/www.hsymachinery.com\/ro\/wp-json\/wp\/v2\/product\/9088","targetHints":{"allow":["GET"]}}],"collection":[{"href":"https:\/\/www.hsymachinery.com\/ro\/wp-json\/wp\/v2\/product"}],"about":[{"href":"https:\/\/www.hsymachinery.com\/ro\/wp-json\/wp\/v2\/types\/product"}],"version-history":[{"count":3,"href":"https:\/\/www.hsymachinery.com\/ro\/wp-json\/wp\/v2\/product\/9088\/revisions"}],"predecessor-version":[{"id":9511,"href":"https:\/\/www.hsymachinery.com\/ro\/wp-json\/wp\/v2\/product\/9088\/revisions\/9511"}],"wp:featuredmedia":[{"embeddable":true,"href":"https:\/\/www.hsymachinery.com\/ro\/wp-json\/wp\/v2\/media\/9089"}],"wp:attachment":[{"href":"https:\/\/www.hsymachinery.com\/ro\/wp-json\/wp\/v2\/media?parent=9088"}],"wp:term":[{"taxonomy":"product_brand","embeddable":true,"href":"https:\/\/www.hsymachinery.com\/ro\/wp-json\/wp\/v2\/product_brand?post=9088"},{"taxonomy":"product_cat","embeddable":true,"href":"https:\/\/www.hsymachinery.com\/ro\/wp-json\/wp\/v2\/product_cat?post=9088"},{"taxonomy":"product_tag","embeddable":true,"href":"https:\/\/www.hsymachinery.com\/ro\/wp-json\/wp\/v2\/product_tag?post=9088"}],"curies":[{"name":"wp","href":"https:\/\/api.w.org\/{rel}","templated":true}]}}