{"id":9050,"date":"2025-06-18T15:35:27","date_gmt":"2025-06-18T07:35:27","guid":{"rendered":"https:\/\/www.hsymachinery.com\/?post_type=product&#038;p=9050"},"modified":"2025-06-28T13:46:51","modified_gmt":"2025-06-28T05:46:51","slug":"masina-automata-de-indoire-a-scuturilor-stwq4-14b","status":"publish","type":"product","link":"https:\/\/www.hsymachinery.com\/ro\/product\/masina-automata-de-indoire-a-scuturilor-stwq4-14b\/","title":{"rendered":"Ma\u0219in\u0103 automat\u0103 de \u00eendoire a \u0219tirbilor STWQ4-14B"},"content":{"rendered":"<h2 data-start=\"124\" data-end=\"175\">Ma\u0219in\u0103 automat\u0103 de \u00eendoire a \u0219tirbilor STWQ4-14B<\/h2>\n<h3 data-start=\"176\" data-end=\"296\">STWQ4-14B Automat Rebar Stirrup Bender | Ma\u0219in\u0103 avansat\u0103 CNC Coil-Type Steel Bar Bending pentru armare de 4-12mm<\/h3>\n<h3 data-start=\"303\" data-end=\"382\">Prezentare general\u0103 a produsului - Optimizat pentru produc\u021bia flexibil\u0103 \u0219i de mare vitez\u0103 a scuturilor<a href=\"https:\/\/www.hsymachinery.com\/ro\/produse\/masina-automata-de-indoire-a-stalpilor\/\" target=\"_blank\" rel=\"noopener\"><img fetchpriority=\"high\" decoding=\"async\" class=\"wp-image-9051 alignright\" src=\"https:\/\/www.hsymachinery.com\/wp-content\/uploads\/2025\/06\/Automatic-Stirrup-Bending-Machine-STWQ4-14B-parameter-300x300.jpg\" alt=\"\" width=\"502\" height=\"502\" srcset=\"https:\/\/www.hsymachinery.com\/wp-content\/uploads\/2025\/06\/Automatic-Stirrup-Bending-Machine-STWQ4-14B-parameter-300x300.jpg 300w, https:\/\/www.hsymachinery.com\/wp-content\/uploads\/2025\/06\/Automatic-Stirrup-Bending-Machine-STWQ4-14B-parameter-150x150.jpg 150w, https:\/\/www.hsymachinery.com\/wp-content\/uploads\/2025\/06\/Automatic-Stirrup-Bending-Machine-STWQ4-14B-parameter-100x100.jpg 100w, https:\/\/www.hsymachinery.com\/wp-content\/uploads\/2025\/06\/Automatic-Stirrup-Bending-Machine-STWQ4-14B-parameter.jpg 600w\" sizes=\"(max-width: 502px) 100vw, 502px\" \/><\/a><\/h3>\n<p data-start=\"384\" data-end=\"782\">The <strong data-start=\"388\" data-end=\"435\">STWQ4-14B Ma\u0219in\u0103 automat\u0103 de \u00eendoire a \u0219tirpurilor<\/strong> este construit\u0103 pentru a oferi o modelare precis\u0103 \u0219i de mare vitez\u0103 a st\u00e2lpilor din bare de arm\u0103tur\u0103 spiralate de la 4 mm la 12 mm. Acest model se remarc\u0103 prin stabilitatea sporit\u0103 a cadrului, sistemul de alimentare mai lin \u0219i ciclurile mai rapide, ceea ce \u00eel face o alegere de top pentru \u0219antierele de construc\u021bii de \u00eenalt\u0103 eficien\u021b\u0103, \u0219antierele de fabricare modulare \u0219i centrele de prelucrare a arm\u0103turilor.<\/p>\n<p data-start=\"784\" data-end=\"943\">Prin integrarea proceselor complet automatizate de \u00eendreptare, t\u0103iere \u0219i \u00eendoire, ma\u0219ina eficientizeaz\u0103 produc\u021bia, reduc\u00e2nd \u00een acela\u0219i timp risipa de materiale \u0219i costurile for\u021bei de munc\u0103.<\/p>\n<h3 data-start=\"950\" data-end=\"1005\">Func\u021bionare inteligent\u0103, comutare rapid\u0103 \u0219i curbe curate<\/h3>\n<p data-start=\"1007\" data-end=\"1303\">STWQ4-14B este dotat cu un panou de comand\u0103 CNC modernizat care accept\u0103 stocarea memoriei formei, permi\u021b\u00e2nd operatorilor s\u0103 treac\u0103 de la un proiect la altul \u00een c\u00e2teva secunde. Servomotoarele sale de \u00eenalt\u0103 precizie ac\u021bioneaz\u0103 bra\u021bele automate de alimentare \u0219i \u00eendoire, asigur\u00e2nd o calitate uniform\u0103 chiar \u0219i \u00een cazul produc\u021biilor mari.<\/p>\n<p data-start=\"1305\" data-end=\"1462\">\u00cendrept\u0103torul cu role reglabil minimizeaz\u0103 deformarea \u0219i suport\u0103 executarea unghiurilor precise, fiind potrivit at\u00e2t pentru modelele simetrice, c\u00e2t \u0219i pentru modelele complexe de st\u00e2lpi.<\/p>\n<h3 data-start=\"1469\" data-end=\"1526\">Design consolidat cu compatibilitate interna\u021bional\u0103<\/h3>\n<p data-start=\"1528\" data-end=\"1801\">Proiectat cu un cadru din o\u021bel mai gros, STWQ4-14B reduce vibra\u021biile \u0219i \u00eembun\u0103t\u0103\u021be\u0219te durabilitatea pe termen lung. Structura sa modular\u0103 permite un acces mai u\u0219or la \u00eentre\u021binere, iar ma\u0219ina include alarme de siguran\u021b\u0103, lubrifiere central\u0103 \u0219i func\u021bii de protec\u021bie a aliment\u0103rii.<\/p>\n<p data-start=\"1803\" data-end=\"1931\">Func\u021bioneaz\u0103 la 380V\/50Hz \u0219i poate fi personalizat pentru standardele interna\u021bionale de tensiune, \u00eendeplinind cu u\u0219urin\u021b\u0103 nevoile globale de export.<\/p>\n<h3 data-start=\"1938\" data-end=\"1994\">Caracteristicile principale ale STWQ4-14B Automatic Stirrup Bender<\/h3>\n<ul data-start=\"1996\" data-end=\"2313\">\n<li data-start=\"1996\" data-end=\"2062\">\n<p data-start=\"1998\" data-end=\"2062\">Prelucreaz\u0103 bare de o\u021bel bobinate de 4-12 mm \u00een diverse forme de st\u00e2lpi<\/p>\n<\/li>\n<li data-start=\"2063\" data-end=\"2133\">\n<p data-start=\"2065\" data-end=\"2133\">Interfa\u021b\u0103 CNC avansat\u0103 cu memorie de form\u0103 pentru schimb\u0103ri rapide de program<\/p>\n<\/li>\n<li data-start=\"2134\" data-end=\"2190\">\n<p data-start=\"2136\" data-end=\"2190\">Sistem motorizat \u00eembun\u0103t\u0103\u021bit \u0219i capete de \u00eendoire cu formare rapid\u0103<\/p>\n<\/li>\n<li data-start=\"2191\" data-end=\"2252\">\n<p data-start=\"2193\" data-end=\"2252\">Cadru robust cu lubrifiere integrat\u0103 \u0219i alarme de defec\u021biune<\/p>\n<\/li>\n<li data-start=\"2253\" data-end=\"2313\">\n<p data-start=\"2255\" data-end=\"2313\">Conceput pentru pie\u021bele de export \u0219i pentru utilizarea industrial\u0103 de lung\u0103 durat\u0103<\/p>\n<\/li>\n<\/ul>\n<p><iframe title=\"Ma\u0219in\u0103 de \u00eendoire a st\u00e2lpilor, ma\u0219in\u0103 de \u00eendoire a arm\u0103turilor cnc, ma\u0219in\u0103 de arm\u0103tur\u0103, \u00eendoire a st\u00e2lpilor de arm\u0103tur\u0103\" width=\"720\" height=\"540\" src=\"https:\/\/www.youtube.com\/embed\/7lyC3GtmOvI?feature=oembed\" frameborder=\"0\" allow=\"accelerometer; autoplay; clipboard-write; encrypted-media; gyroscope; picture-in-picture; web-share\" referrerpolicy=\"strict-origin-when-cross-origin\" allowfullscreen><\/iframe><\/p>","protected":false},"excerpt":{"rendered":"<p>STWQ4-14B formeaz\u0103 bare de arm\u0103tur\u0103 bobinate de 4-12 mm \u00een st\u00e2lpi cu precizie CNC. Dispune de comutare rapid\u0103 a programului, stabilitate puternic\u0103 \u0219i modelare de mare vitez\u0103 pentru lucr\u0103ri industriale.<\/p>","protected":false},"featured_media":9052,"template":"","meta":{"_kad_post_transparent":"default","_kad_post_title":"","_kad_post_layout":"default","_kad_post_sidebar_id":"","_kad_post_content_style":"default","_kad_post_vertical_padding":"default","_kad_post_feature":"","_kad_post_feature_position":"","_kad_post_header":false,"_kad_post_footer":false},"product_brand":[],"product_cat":[61],"product_tag":[998,1043,1042,1044,1046,1048,1045,1050,1047,1049],"class_list":{"0":"post-9050","1":"product","2":"type-product","3":"status-publish","4":"has-post-thumbnail","6":"product_cat-automatic-stirrup-bending-machine","7":"product_tag-automatic-rebar-bending-machine","8":"product_tag-automatic-rebar-stirrup-bending-and-cutting-machine","9":"product_tag-cnc-automatic-stirrup-bending-and-cutting-machine","10":"product_tag-cnc-stirrup-bending-machine","11":"product_tag-rebar-stirrup-making-machine","12":"product_tag-reinforcement-bar-stirrup-bender","13":"product_tag-steel-bar-stirrup-bender","14":"product_tag-stirrup-bender-for-construction-steel","15":"product_tag-stirrup-forming-machine","16":"product_tag-wire-stirrup-bending-equipment","18":"first","19":"instock","20":"featured","21":"shipping-taxable","22":"product-type-simple","23":"entry","24":"content-bg","25":"loop-entry"},"yoast_head":"<!-- This site is optimized with the Yoast SEO plugin v25.3.1 - https:\/\/yoast.com\/wordpress\/plugins\/seo\/ -->\n<title>Automatic Stirrup Bending Machine STWQ4-14B - HSY Construction Machinery<\/title>\n<meta name=\"description\" content=\"Automatic Stirrup Bending Machine STWQ4-14B bends 4\u201312mm coiled steel bars into stirrups. Stable, fast, and built for heavy-duty fabrication and global use.\" \/>\n<meta name=\"robots\" content=\"index, follow, max-snippet:-1, max-image-preview:large, max-video-preview:-1\" \/>\n<link rel=\"canonical\" href=\"https:\/\/www.hsymachinery.com\/ro\/product\/masina-automata-de-indoire-a-scuturilor-stwq4-14b\/\" \/>\n<meta property=\"og:locale\" content=\"ro_RO\" \/>\n<meta property=\"og:type\" content=\"article\" \/>\n<meta property=\"og:title\" content=\"Automatic Stirrup Bending Machine STWQ4-14B - HSY Construction Machinery\" \/>\n<meta property=\"og:description\" content=\"Automatic Stirrup Bending Machine STWQ4-14B bends 4\u201312mm coiled steel bars into stirrups. Stable, fast, and built for heavy-duty fabrication and global use.\" \/>\n<meta property=\"og:url\" content=\"https:\/\/www.hsymachinery.com\/ro\/product\/masina-automata-de-indoire-a-scuturilor-stwq4-14b\/\" \/>\n<meta property=\"og:site_name\" content=\"HSY Construction Machinery\" \/>\n<meta property=\"article:modified_time\" content=\"2025-06-28T05:46:51+00:00\" \/>\n<meta property=\"og:image\" content=\"https:\/\/www.hsymachinery.com\/wp-content\/uploads\/2025\/06\/Automatic-Stirrup-Bending-Machine-STWQ4-14B.jpg\" \/>\n\t<meta property=\"og:image:width\" content=\"600\" \/>\n\t<meta property=\"og:image:height\" content=\"600\" \/>\n\t<meta property=\"og:image:type\" content=\"image\/jpeg\" \/>\n<meta name=\"twitter:card\" content=\"summary_large_image\" \/>\n<meta name=\"twitter:label1\" content=\"Timp estimat pentru citire\" \/>\n\t<meta name=\"twitter:data1\" content=\"2 minute\" \/>\n<script type=\"application\/ld+json\" class=\"yoast-schema-graph\">{\"@context\":\"https:\/\/schema.org\",\"@graph\":[{\"@type\":\"WebPage\",\"@id\":\"https:\/\/www.hsymachinery.com\/product\/automatic-stirrup-bending-machine-stwq4-14b\/\",\"url\":\"https:\/\/www.hsymachinery.com\/product\/automatic-stirrup-bending-machine-stwq4-14b\/\",\"name\":\"Automatic Stirrup Bending Machine STWQ4-14B - HSY Construction Machinery\",\"isPartOf\":{\"@id\":\"https:\/\/www.hsymachinery.com\/#website\"},\"primaryImageOfPage\":{\"@id\":\"https:\/\/www.hsymachinery.com\/product\/automatic-stirrup-bending-machine-stwq4-14b\/#primaryimage\"},\"image\":{\"@id\":\"https:\/\/www.hsymachinery.com\/product\/automatic-stirrup-bending-machine-stwq4-14b\/#primaryimage\"},\"thumbnailUrl\":\"https:\/\/www.hsymachinery.com\/wp-content\/uploads\/2025\/06\/Automatic-Stirrup-Bending-Machine-STWQ4-14B.jpg\",\"datePublished\":\"2025-06-18T07:35:27+00:00\",\"dateModified\":\"2025-06-28T05:46:51+00:00\",\"description\":\"Automatic Stirrup Bending Machine STWQ4-14B bends 4\u201312mm coiled steel bars into stirrups. Stable, fast, and built for heavy-duty fabrication and global use.\",\"breadcrumb\":{\"@id\":\"https:\/\/www.hsymachinery.com\/product\/automatic-stirrup-bending-machine-stwq4-14b\/#breadcrumb\"},\"inLanguage\":\"ro-RO\",\"potentialAction\":[{\"@type\":\"ReadAction\",\"target\":[\"https:\/\/www.hsymachinery.com\/product\/automatic-stirrup-bending-machine-stwq4-14b\/\"]}]},{\"@type\":\"ImageObject\",\"inLanguage\":\"ro-RO\",\"@id\":\"https:\/\/www.hsymachinery.com\/product\/automatic-stirrup-bending-machine-stwq4-14b\/#primaryimage\",\"url\":\"https:\/\/www.hsymachinery.com\/wp-content\/uploads\/2025\/06\/Automatic-Stirrup-Bending-Machine-STWQ4-14B.jpg\",\"contentUrl\":\"https:\/\/www.hsymachinery.com\/wp-content\/uploads\/2025\/06\/Automatic-Stirrup-Bending-Machine-STWQ4-14B.jpg\",\"width\":600,\"height\":600},{\"@type\":\"BreadcrumbList\",\"@id\":\"https:\/\/www.hsymachinery.com\/product\/automatic-stirrup-bending-machine-stwq4-14b\/#breadcrumb\",\"itemListElement\":[{\"@type\":\"ListItem\",\"position\":1,\"name\":\"home\",\"item\":\"https:\/\/www.hsymachinery.com\/\"},{\"@type\":\"ListItem\",\"position\":2,\"name\":\"products\",\"item\":\"https:\/\/www.hsymachinery.com\/products\/\"},{\"@type\":\"ListItem\",\"position\":3,\"name\":\"Automatic Stirrup Bending Machine STWQ4-14B\"}]},{\"@type\":\"WebSite\",\"@id\":\"https:\/\/www.hsymachinery.com\/#website\",\"url\":\"https:\/\/www.hsymachinery.com\/\",\"name\":\"HSY Construction Machinery\",\"description\":\"HSY Machinery \u2013 A leading China construction machinery supplier, offering a wide range of light construction equipment. Our main products include Rebar Cutting Machine, Rebar Bending Machine, Rebar Stirrup Bending Machine, Rebar Arc Bending Machine, Rebar Straightening Machine, Five-Head Rebar Stirrup Bending Machine, Tamping Rammer, Plate Compactor, Concrete Cutter, Power Trowel, and other construction machinery. We are equipped with advanced CNC machines, and we enforce strict quality inspection standards along with comprehensive after-sales service. If you are interested in our products or services, we warmly welcome your inquiries via message.\",\"publisher\":{\"@id\":\"https:\/\/www.hsymachinery.com\/#organization\"},\"potentialAction\":[{\"@type\":\"SearchAction\",\"target\":{\"@type\":\"EntryPoint\",\"urlTemplate\":\"https:\/\/www.hsymachinery.com\/?s={search_term_string}\"},\"query-input\":{\"@type\":\"PropertyValueSpecification\",\"valueRequired\":true,\"valueName\":\"search_term_string\"}}],\"inLanguage\":\"ro-RO\"},{\"@type\":\"Organization\",\"@id\":\"https:\/\/www.hsymachinery.com\/#organization\",\"name\":\"HSY Construction Machinery\",\"url\":\"https:\/\/www.hsymachinery.com\/\",\"logo\":{\"@type\":\"ImageObject\",\"inLanguage\":\"ro-RO\",\"@id\":\"https:\/\/www.hsymachinery.com\/#\/schema\/logo\/image\/\",\"url\":\"https:\/\/www.hsymachinery.com\/wp-content\/uploads\/2025\/06\/cropped-HSY-machinery.png\",\"contentUrl\":\"https:\/\/www.hsymachinery.com\/wp-content\/uploads\/2025\/06\/cropped-HSY-machinery.png\",\"width\":600,\"height\":240,\"caption\":\"HSY Construction Machinery\"},\"image\":{\"@id\":\"https:\/\/www.hsymachinery.com\/#\/schema\/logo\/image\/\"}}]}<\/script>\n<!-- \/ Yoast SEO plugin. -->","yoast_head_json":{"title":"Ma\u0219in\u0103 automat\u0103 de \u00eendoire STWQ4-14B - HSY Construction Machinery","description":"Ma\u0219ina automat\u0103 de \u00eendoit st\u00e2lpi STWQ4-14B \u00eendoaie bare de o\u021bel bobinate de 4-12 mm \u00een st\u00e2lpi. Stabil\u0103, rapid\u0103 \u0219i construit\u0103 pentru fabrica\u021bii grele \u0219i utilizare global\u0103.","robots":{"index":"index","follow":"follow","max-snippet":"max-snippet:-1","max-image-preview":"max-image-preview:large","max-video-preview":"max-video-preview:-1"},"canonical":"https:\/\/www.hsymachinery.com\/ro\/product\/masina-automata-de-indoire-a-scuturilor-stwq4-14b\/","og_locale":"ro_RO","og_type":"article","og_title":"Automatic Stirrup Bending Machine STWQ4-14B - HSY Construction Machinery","og_description":"Automatic Stirrup Bending Machine STWQ4-14B bends 4\u201312mm coiled steel bars into stirrups. Stable, fast, and built for heavy-duty fabrication and global use.","og_url":"https:\/\/www.hsymachinery.com\/ro\/product\/masina-automata-de-indoire-a-scuturilor-stwq4-14b\/","og_site_name":"HSY Construction Machinery","article_modified_time":"2025-06-28T05:46:51+00:00","og_image":[{"width":600,"height":600,"url":"https:\/\/www.hsymachinery.com\/wp-content\/uploads\/2025\/06\/Automatic-Stirrup-Bending-Machine-STWQ4-14B.jpg","type":"image\/jpeg"}],"twitter_card":"summary_large_image","twitter_misc":{"Timp estimat pentru citire":"2 minute"},"schema":{"@context":"https:\/\/schema.org","@graph":[{"@type":"WebPage","@id":"https:\/\/www.hsymachinery.com\/product\/automatic-stirrup-bending-machine-stwq4-14b\/","url":"https:\/\/www.hsymachinery.com\/product\/automatic-stirrup-bending-machine-stwq4-14b\/","name":"Ma\u0219in\u0103 automat\u0103 de \u00eendoire STWQ4-14B - HSY Construction Machinery","isPartOf":{"@id":"https:\/\/www.hsymachinery.com\/#website"},"primaryImageOfPage":{"@id":"https:\/\/www.hsymachinery.com\/product\/automatic-stirrup-bending-machine-stwq4-14b\/#primaryimage"},"image":{"@id":"https:\/\/www.hsymachinery.com\/product\/automatic-stirrup-bending-machine-stwq4-14b\/#primaryimage"},"thumbnailUrl":"https:\/\/www.hsymachinery.com\/wp-content\/uploads\/2025\/06\/Automatic-Stirrup-Bending-Machine-STWQ4-14B.jpg","datePublished":"2025-06-18T07:35:27+00:00","dateModified":"2025-06-28T05:46:51+00:00","description":"Ma\u0219ina automat\u0103 de \u00eendoit st\u00e2lpi STWQ4-14B \u00eendoaie bare de o\u021bel bobinate de 4-12 mm \u00een st\u00e2lpi. Stabil\u0103, rapid\u0103 \u0219i construit\u0103 pentru fabrica\u021bii grele \u0219i utilizare global\u0103.","breadcrumb":{"@id":"https:\/\/www.hsymachinery.com\/product\/automatic-stirrup-bending-machine-stwq4-14b\/#breadcrumb"},"inLanguage":"ro-RO","potentialAction":[{"@type":"ReadAction","target":["https:\/\/www.hsymachinery.com\/product\/automatic-stirrup-bending-machine-stwq4-14b\/"]}]},{"@type":"ImageObject","inLanguage":"ro-RO","@id":"https:\/\/www.hsymachinery.com\/product\/automatic-stirrup-bending-machine-stwq4-14b\/#primaryimage","url":"https:\/\/www.hsymachinery.com\/wp-content\/uploads\/2025\/06\/Automatic-Stirrup-Bending-Machine-STWQ4-14B.jpg","contentUrl":"https:\/\/www.hsymachinery.com\/wp-content\/uploads\/2025\/06\/Automatic-Stirrup-Bending-Machine-STWQ4-14B.jpg","width":600,"height":600},{"@type":"BreadcrumbList","@id":"https:\/\/www.hsymachinery.com\/product\/automatic-stirrup-bending-machine-stwq4-14b\/#breadcrumb","itemListElement":[{"@type":"ListItem","position":1,"name":"home","item":"https:\/\/www.hsymachinery.com\/"},{"@type":"ListItem","position":2,"name":"products","item":"https:\/\/www.hsymachinery.com\/products\/"},{"@type":"ListItem","position":3,"name":"Automatic Stirrup Bending Machine STWQ4-14B"}]},{"@type":"WebSite","@id":"https:\/\/www.hsymachinery.com\/#website","url":"https:\/\/www.hsymachinery.com\/","name":"HSY Ma\u0219ini de construc\u021bii","description":"HSY Machinery - Un furnizor lider de ma\u0219ini de construc\u021bii din China, care ofer\u0103 o gam\u0103 larg\u0103 de echipamente de construc\u021bii u\u0219oare. Produsele noastre principale includ Ma\u0219ina de t\u0103iat arm\u0103turi, Ma\u0219ina de \u00eendoit arm\u0103turi, Ma\u0219ina de \u00eendoit st\u00e2lpi de arm\u0103turi, Ma\u0219ina de \u00eendoit arcuri de arm\u0103turi, Ma\u0219ina de \u00eendreptat arm\u0103turi, Ma\u0219ina de \u00eendoit st\u00e2lpi de arm\u0103turi cu cinci capete, Rammer de compactare, Compactor de pl\u0103ci, T\u0103ietor de beton, Mistrie electric\u0103 \u0219i alte utilaje de construc\u021bii. Suntem echipa\u021bi cu ma\u0219ini CNC avansate \u0219i aplic\u0103m standarde stricte de inspec\u021bie a calit\u0103\u021bii, \u00eempreun\u0103 cu servicii post-v\u00e2nzare complete. Dac\u0103 sunte\u021bi interesat de produsele sau serviciile noastre, primim cu c\u0103ldur\u0103 cererile dvs. prin mesaj.","publisher":{"@id":"https:\/\/www.hsymachinery.com\/#organization"},"potentialAction":[{"@type":"SearchAction","target":{"@type":"EntryPoint","urlTemplate":"https:\/\/www.hsymachinery.com\/?s={search_term_string}"},"query-input":{"@type":"PropertyValueSpecification","valueRequired":true,"valueName":"search_term_string"}}],"inLanguage":"ro-RO"},{"@type":"Organization","@id":"https:\/\/www.hsymachinery.com\/#organization","name":"HSY Ma\u0219ini de construc\u021bii","url":"https:\/\/www.hsymachinery.com\/","logo":{"@type":"ImageObject","inLanguage":"ro-RO","@id":"https:\/\/www.hsymachinery.com\/#\/schema\/logo\/image\/","url":"https:\/\/www.hsymachinery.com\/wp-content\/uploads\/2025\/06\/cropped-HSY-machinery.png","contentUrl":"https:\/\/www.hsymachinery.com\/wp-content\/uploads\/2025\/06\/cropped-HSY-machinery.png","width":600,"height":240,"caption":"HSY Construction Machinery"},"image":{"@id":"https:\/\/www.hsymachinery.com\/#\/schema\/logo\/image\/"}}]}},"_links":{"self":[{"href":"https:\/\/www.hsymachinery.com\/ro\/wp-json\/wp\/v2\/product\/9050","targetHints":{"allow":["GET"]}}],"collection":[{"href":"https:\/\/www.hsymachinery.com\/ro\/wp-json\/wp\/v2\/product"}],"about":[{"href":"https:\/\/www.hsymachinery.com\/ro\/wp-json\/wp\/v2\/types\/product"}],"version-history":[{"count":3,"href":"https:\/\/www.hsymachinery.com\/ro\/wp-json\/wp\/v2\/product\/9050\/revisions"}],"predecessor-version":[{"id":9482,"href":"https:\/\/www.hsymachinery.com\/ro\/wp-json\/wp\/v2\/product\/9050\/revisions\/9482"}],"wp:featuredmedia":[{"embeddable":true,"href":"https:\/\/www.hsymachinery.com\/ro\/wp-json\/wp\/v2\/media\/9052"}],"wp:attachment":[{"href":"https:\/\/www.hsymachinery.com\/ro\/wp-json\/wp\/v2\/media?parent=9050"}],"wp:term":[{"taxonomy":"product_brand","embeddable":true,"href":"https:\/\/www.hsymachinery.com\/ro\/wp-json\/wp\/v2\/product_brand?post=9050"},{"taxonomy":"product_cat","embeddable":true,"href":"https:\/\/www.hsymachinery.com\/ro\/wp-json\/wp\/v2\/product_cat?post=9050"},{"taxonomy":"product_tag","embeddable":true,"href":"https:\/\/www.hsymachinery.com\/ro\/wp-json\/wp\/v2\/product_tag?post=9050"}],"curies":[{"name":"wp","href":"https:\/\/api.w.org\/{rel}","templated":true}]}}