{"id":9046,"date":"2025-06-18T15:34:18","date_gmt":"2025-06-18T07:34:18","guid":{"rendered":"https:\/\/www.hsymachinery.com\/?post_type=product&#038;p=9046"},"modified":"2025-06-28T13:40:23","modified_gmt":"2025-06-28T05:40:23","slug":"masina-automata-de-indoire-a-scuturilor-stwq4-14a","status":"publish","type":"product","link":"https:\/\/www.hsymachinery.com\/ro\/product\/masina-automata-de-indoire-a-scuturilor-stwq4-14a\/","title":{"rendered":"Ma\u0219in\u0103 automat\u0103 de \u00eendoire a \u0219tirbilor STWQ4-14A"},"content":{"rendered":"<h2 data-start=\"114\" data-end=\"165\">Ma\u0219in\u0103 automat\u0103 de \u00eendoire a \u0219tirbilor STWQ4-14A<\/h2>\n<h3 data-start=\"166\" data-end=\"276\">STWQ4-14A CNC Coil Rebar Stirrup Bender | Sistem automat de \u00eendoire a barelor de o\u021bel pentru bare de armare de 4-12 mm<\/h3>\n<h3 data-start=\"283\" data-end=\"357\">Prezentare general\u0103 a produsului - Formarea de \u00eenalt\u0103 performan\u021b\u0103 a scuturilor din bare de arm\u0103tur\u0103 rulate<a href=\"https:\/\/www.hsymachinery.com\/ro\/produse\/masina-automata-de-indoire-a-stalpilor\/\" target=\"_blank\" rel=\"noopener\"><img fetchpriority=\"high\" decoding=\"async\" class=\"wp-image-9047 alignright\" src=\"https:\/\/www.hsymachinery.com\/wp-content\/uploads\/2025\/06\/Automatic-Stirrup-Bending-Machine-STWQ4-14A-parameter-300x300.jpg\" alt=\"\" width=\"498\" height=\"498\" srcset=\"https:\/\/www.hsymachinery.com\/wp-content\/uploads\/2025\/06\/Automatic-Stirrup-Bending-Machine-STWQ4-14A-parameter-300x300.jpg 300w, https:\/\/www.hsymachinery.com\/wp-content\/uploads\/2025\/06\/Automatic-Stirrup-Bending-Machine-STWQ4-14A-parameter-150x150.jpg 150w, https:\/\/www.hsymachinery.com\/wp-content\/uploads\/2025\/06\/Automatic-Stirrup-Bending-Machine-STWQ4-14A-parameter-100x100.jpg 100w, https:\/\/www.hsymachinery.com\/wp-content\/uploads\/2025\/06\/Automatic-Stirrup-Bending-Machine-STWQ4-14A-parameter.jpg 600w\" sizes=\"(max-width: 498px) 100vw, 498px\" \/><\/a><\/h3>\n<p data-start=\"359\" data-end=\"760\">The <strong data-start=\"363\" data-end=\"410\">Ma\u0219in\u0103 automat\u0103 de \u00eendoire a \u0219tirbilor STWQ4-14A<\/strong> este o ma\u0219in\u0103 puternic\u0103, controlat\u0103 de CNC, proiectat\u0103 pentru a prelucra cu o precizie excep\u021bional\u0103 bare de arm\u0103tur\u0103 bobinate de 4 mm p\u00e2n\u0103 la 12 mm \u00een diverse forme de st\u00e2lpi. Acest model este ideal pentru fabricile de prefabricate din beton, construc\u021bia de autostr\u0103zi \u0219i poduri, precum \u0219i pentru centrele de fabricare a arm\u0103turilor de mare capacitate care necesit\u0103 o produc\u021bie continu\u0103, automatizat\u0103, cu un aport minim de for\u021b\u0103 de munc\u0103.<\/p>\n<p data-start=\"762\" data-end=\"901\">Cu gama sa extins\u0103 de procesare \u0219i automatizare inteligent\u0103, acesta gestioneaz\u0103 eficient volumele mari de lucru, men\u021bin\u00e2nd \u00een acela\u0219i timp o calitate constant\u0103.<\/p>\n<h3 data-start=\"908\" data-end=\"966\">Capacitate extins\u0103 de diametre cu Smart CNC Control<\/h3>\n<p data-start=\"968\" data-end=\"1298\">STWQ4-14A este echipat cu un sistem ac\u021bionat de un servomotor \u0219i cu o interfa\u021b\u0103 CNC programabil\u0103, permi\u021b\u00e2nd utilizatorilor s\u0103 introduc\u0103 geometrii complexe ale st\u00e2lpilor cu ajutorul unor opera\u021biuni simple pe ecranul tactil. Ma\u0219ina efectueaz\u0103 automat alimentarea, \u00eendreptarea, t\u0103ierea \u0219i \u00eendoirea \u00een mai multe unghiuri, eficientiz\u00e2nd \u00eentregul proces de la \u00eenceput p\u00e2n\u0103 la sf\u00e2r\u0219it.<\/p>\n<p data-start=\"1300\" data-end=\"1469\">Mecanismul integrat de \u00eendreptare cu role asigur\u0103 o aliniere precis\u0103, \u00een timp ce sistemul de \u00eendoire de precizie ofer\u0103 unghiuri clare, curate chiar \u0219i pe bare de o\u021bel mai groase.<\/p>\n<h3 data-start=\"1476\" data-end=\"1525\">Structur\u0103 robust\u0103 cu tensiune preg\u0103tit\u0103 pentru export<\/h3>\n<p data-start=\"1527\" data-end=\"1851\">Construit pentru a face fa\u021b\u0103 ciclurilor grele, STWQ4-14A este ad\u0103postit \u00eentr-un cadru din o\u021bel ranforsat, de calitate industrial\u0103, conceput pentru a rezista stresului mecanic \u00een timpul func\u021bion\u0103rii la viteze mari. Acesta include un sistem central de lubrifiere, alarm\u0103 de defec\u021biune \u0219i func\u021bioneaz\u0103 la 380V\/50Hz, cu personalizare disponibil\u0103 pentru clien\u021bii interna\u021bionali.<\/p>\n<p data-start=\"1853\" data-end=\"1963\">Cu un design compact, dar cu un randament puternic, aceast\u0103 ma\u0219in\u0103 se adapteaz\u0103 cu u\u0219urin\u021b\u0103 la aspectul fabricii \u0219i la cerin\u021bele de export.<\/p>\n<h3 data-start=\"1970\" data-end=\"2022\">Caracteristicile principale ale STWQ4-14A Rebar Stirrup Bender<\/h3>\n<ul data-start=\"2024\" data-end=\"2329\">\n<li data-start=\"2024\" data-end=\"2085\">\n<p data-start=\"2026\" data-end=\"2085\">Proceseaz\u0103 automat bare de arm\u0103tur\u0103 bobinate de 4-12 mm \u00een st\u00e2lpi<\/p>\n<\/li>\n<li data-start=\"2086\" data-end=\"2144\">\n<p data-start=\"2088\" data-end=\"2144\">Caracteristici Control CNC cu ecran tactil pentru programarea formei<\/p>\n<\/li>\n<li data-start=\"2145\" data-end=\"2206\">\n<p data-start=\"2147\" data-end=\"2206\">Sistemul servo-ac\u021bionat asigur\u0103 o performan\u021b\u0103 rapid\u0103 \u0219i precis\u0103<\/p>\n<\/li>\n<li data-start=\"2207\" data-end=\"2270\">\n<p data-start=\"2209\" data-end=\"2270\">Cadru durabil cu ungere centralizat\u0103 \u0219i diagnosticare a erorilor<\/p>\n<\/li>\n<li data-start=\"2271\" data-end=\"2329\">\n<p data-start=\"2273\" data-end=\"2329\">Tensiune compatibil\u0103 cu exportul pentru implementarea interna\u021bional\u0103<\/p>\n<\/li>\n<\/ul>\n<p><iframe title=\"Ma\u0219in\u0103 de \u00eendoire a barelor, ma\u0219in\u0103 de \u00eendoire a barelor, ma\u0219in\u0103 de \u00eendoire a barelor, ma\u0219in\u0103 de \u00eendoire a barelor de o\u021bel\" width=\"720\" height=\"405\" src=\"https:\/\/www.youtube.com\/embed\/nJ3TTscPlaE?feature=oembed\" frameborder=\"0\" allow=\"accelerometer; autoplay; clipboard-write; encrypted-media; gyroscope; picture-in-picture; web-share\" referrerpolicy=\"strict-origin-when-cross-origin\" allowfullscreen><\/iframe><\/p>","protected":false},"excerpt":{"rendered":"<p>STWQ4-14A \u00eendoaie bare de arm\u0103tur\u0103 bobinate de 4-12 mm \u00een st\u00e2lpi preci\u0219i folosind automatizarea CNC. Capacitate ridicat\u0103, \u00eentre\u021binere redus\u0103 \u0219i ideal pentru construc\u021biile prefabricate.<\/p>","protected":false},"featured_media":9048,"template":"","meta":{"_kad_post_transparent":"default","_kad_post_title":"","_kad_post_layout":"default","_kad_post_sidebar_id":"","_kad_post_content_style":"default","_kad_post_vertical_padding":"default","_kad_post_feature":"","_kad_post_feature_position":"","_kad_post_header":false,"_kad_post_footer":false},"product_brand":[],"product_cat":[61],"product_tag":[998,1043,1042,1044,1046,1048,1045,1050,1047,1049],"class_list":{"0":"post-9046","1":"product","2":"type-product","3":"status-publish","4":"has-post-thumbnail","6":"product_cat-automatic-stirrup-bending-machine","7":"product_tag-automatic-rebar-bending-machine","8":"product_tag-automatic-rebar-stirrup-bending-and-cutting-machine","9":"product_tag-cnc-automatic-stirrup-bending-and-cutting-machine","10":"product_tag-cnc-stirrup-bending-machine","11":"product_tag-rebar-stirrup-making-machine","12":"product_tag-reinforcement-bar-stirrup-bender","13":"product_tag-steel-bar-stirrup-bender","14":"product_tag-stirrup-bender-for-construction-steel","15":"product_tag-stirrup-forming-machine","16":"product_tag-wire-stirrup-bending-equipment","18":"first","19":"instock","20":"shipping-taxable","21":"product-type-simple","22":"entry","23":"content-bg","24":"loop-entry"},"yoast_head":"<!-- This site is optimized with the Yoast SEO plugin v25.3.1 - https:\/\/yoast.com\/wordpress\/plugins\/seo\/ -->\n<title>Automatic Stirrup Bending Machine STWQ4-14A - HSY Construction Machinery<\/title>\n<meta name=\"description\" content=\"Automatic Stirrup Bending Machine STWQ4-14A bends 4\u201312mm coiled steel bars into stirrups. Fast, accurate, and built for industrial and export applications.\" \/>\n<meta name=\"robots\" content=\"index, follow, max-snippet:-1, max-image-preview:large, max-video-preview:-1\" \/>\n<link rel=\"canonical\" href=\"https:\/\/www.hsymachinery.com\/ro\/product\/masina-automata-de-indoire-a-scuturilor-stwq4-14a\/\" \/>\n<meta property=\"og:locale\" content=\"ro_RO\" \/>\n<meta property=\"og:type\" content=\"article\" \/>\n<meta property=\"og:title\" content=\"Automatic Stirrup Bending Machine STWQ4-14A - HSY Construction Machinery\" \/>\n<meta property=\"og:description\" content=\"Automatic Stirrup Bending Machine STWQ4-14A bends 4\u201312mm coiled steel bars into stirrups. Fast, accurate, and built for industrial and export applications.\" \/>\n<meta property=\"og:url\" content=\"https:\/\/www.hsymachinery.com\/ro\/product\/masina-automata-de-indoire-a-scuturilor-stwq4-14a\/\" \/>\n<meta property=\"og:site_name\" content=\"HSY Construction Machinery\" \/>\n<meta property=\"article:modified_time\" content=\"2025-06-28T05:40:23+00:00\" \/>\n<meta property=\"og:image\" content=\"https:\/\/www.hsymachinery.com\/wp-content\/uploads\/2025\/06\/Automatic-Stirrup-Bending-Machine-STWQ4-14A.jpg\" \/>\n\t<meta property=\"og:image:width\" content=\"600\" \/>\n\t<meta property=\"og:image:height\" content=\"600\" \/>\n\t<meta property=\"og:image:type\" content=\"image\/jpeg\" \/>\n<meta name=\"twitter:card\" content=\"summary_large_image\" \/>\n<meta name=\"twitter:label1\" content=\"Timp estimat pentru citire\" \/>\n\t<meta name=\"twitter:data1\" content=\"2 minute\" \/>\n<script type=\"application\/ld+json\" class=\"yoast-schema-graph\">{\"@context\":\"https:\/\/schema.org\",\"@graph\":[{\"@type\":\"WebPage\",\"@id\":\"https:\/\/www.hsymachinery.com\/product\/automatic-stirrup-bending-machine-stwq4-14a\/\",\"url\":\"https:\/\/www.hsymachinery.com\/product\/automatic-stirrup-bending-machine-stwq4-14a\/\",\"name\":\"Automatic Stirrup Bending Machine STWQ4-14A - HSY Construction Machinery\",\"isPartOf\":{\"@id\":\"https:\/\/www.hsymachinery.com\/#website\"},\"primaryImageOfPage\":{\"@id\":\"https:\/\/www.hsymachinery.com\/product\/automatic-stirrup-bending-machine-stwq4-14a\/#primaryimage\"},\"image\":{\"@id\":\"https:\/\/www.hsymachinery.com\/product\/automatic-stirrup-bending-machine-stwq4-14a\/#primaryimage\"},\"thumbnailUrl\":\"https:\/\/www.hsymachinery.com\/wp-content\/uploads\/2025\/06\/Automatic-Stirrup-Bending-Machine-STWQ4-14A.jpg\",\"datePublished\":\"2025-06-18T07:34:18+00:00\",\"dateModified\":\"2025-06-28T05:40:23+00:00\",\"description\":\"Automatic Stirrup Bending Machine STWQ4-14A bends 4\u201312mm coiled steel bars into stirrups. Fast, accurate, and built for industrial and export applications.\",\"breadcrumb\":{\"@id\":\"https:\/\/www.hsymachinery.com\/product\/automatic-stirrup-bending-machine-stwq4-14a\/#breadcrumb\"},\"inLanguage\":\"ro-RO\",\"potentialAction\":[{\"@type\":\"ReadAction\",\"target\":[\"https:\/\/www.hsymachinery.com\/product\/automatic-stirrup-bending-machine-stwq4-14a\/\"]}]},{\"@type\":\"ImageObject\",\"inLanguage\":\"ro-RO\",\"@id\":\"https:\/\/www.hsymachinery.com\/product\/automatic-stirrup-bending-machine-stwq4-14a\/#primaryimage\",\"url\":\"https:\/\/www.hsymachinery.com\/wp-content\/uploads\/2025\/06\/Automatic-Stirrup-Bending-Machine-STWQ4-14A.jpg\",\"contentUrl\":\"https:\/\/www.hsymachinery.com\/wp-content\/uploads\/2025\/06\/Automatic-Stirrup-Bending-Machine-STWQ4-14A.jpg\",\"width\":600,\"height\":600},{\"@type\":\"BreadcrumbList\",\"@id\":\"https:\/\/www.hsymachinery.com\/product\/automatic-stirrup-bending-machine-stwq4-14a\/#breadcrumb\",\"itemListElement\":[{\"@type\":\"ListItem\",\"position\":1,\"name\":\"home\",\"item\":\"https:\/\/www.hsymachinery.com\/\"},{\"@type\":\"ListItem\",\"position\":2,\"name\":\"products\",\"item\":\"https:\/\/www.hsymachinery.com\/products\/\"},{\"@type\":\"ListItem\",\"position\":3,\"name\":\"Automatic Stirrup Bending Machine STWQ4-14A\"}]},{\"@type\":\"WebSite\",\"@id\":\"https:\/\/www.hsymachinery.com\/#website\",\"url\":\"https:\/\/www.hsymachinery.com\/\",\"name\":\"HSY Construction Machinery\",\"description\":\"HSY Machinery \u2013 A leading China construction machinery supplier, offering a wide range of light construction equipment. Our main products include Rebar Cutting Machine, Rebar Bending Machine, Rebar Stirrup Bending Machine, Rebar Arc Bending Machine, Rebar Straightening Machine, Five-Head Rebar Stirrup Bending Machine, Tamping Rammer, Plate Compactor, Concrete Cutter, Power Trowel, and other construction machinery. We are equipped with advanced CNC machines, and we enforce strict quality inspection standards along with comprehensive after-sales service. If you are interested in our products or services, we warmly welcome your inquiries via message.\",\"publisher\":{\"@id\":\"https:\/\/www.hsymachinery.com\/#organization\"},\"potentialAction\":[{\"@type\":\"SearchAction\",\"target\":{\"@type\":\"EntryPoint\",\"urlTemplate\":\"https:\/\/www.hsymachinery.com\/?s={search_term_string}\"},\"query-input\":{\"@type\":\"PropertyValueSpecification\",\"valueRequired\":true,\"valueName\":\"search_term_string\"}}],\"inLanguage\":\"ro-RO\"},{\"@type\":\"Organization\",\"@id\":\"https:\/\/www.hsymachinery.com\/#organization\",\"name\":\"HSY Construction Machinery\",\"url\":\"https:\/\/www.hsymachinery.com\/\",\"logo\":{\"@type\":\"ImageObject\",\"inLanguage\":\"ro-RO\",\"@id\":\"https:\/\/www.hsymachinery.com\/#\/schema\/logo\/image\/\",\"url\":\"https:\/\/www.hsymachinery.com\/wp-content\/uploads\/2025\/06\/cropped-HSY-machinery.png\",\"contentUrl\":\"https:\/\/www.hsymachinery.com\/wp-content\/uploads\/2025\/06\/cropped-HSY-machinery.png\",\"width\":600,\"height\":240,\"caption\":\"HSY Construction Machinery\"},\"image\":{\"@id\":\"https:\/\/www.hsymachinery.com\/#\/schema\/logo\/image\/\"}}]}<\/script>\n<!-- \/ Yoast SEO plugin. -->","yoast_head_json":{"title":"Ma\u0219in\u0103 automat\u0103 de \u00eendoire STWQ4-14A - HSY Construction Machinery","description":"Ma\u0219ina automat\u0103 de \u00eendoit st\u00e2lpi STWQ4-14A \u00eendoaie bare de o\u021bel bobinate de 4-12 mm \u00een st\u00e2lpi. Rapid\u0103, precis\u0103 \u0219i construit\u0103 pentru aplica\u021bii industriale \u0219i de export.","robots":{"index":"index","follow":"follow","max-snippet":"max-snippet:-1","max-image-preview":"max-image-preview:large","max-video-preview":"max-video-preview:-1"},"canonical":"https:\/\/www.hsymachinery.com\/ro\/product\/masina-automata-de-indoire-a-scuturilor-stwq4-14a\/","og_locale":"ro_RO","og_type":"article","og_title":"Automatic Stirrup Bending Machine STWQ4-14A - HSY Construction Machinery","og_description":"Automatic Stirrup Bending Machine STWQ4-14A bends 4\u201312mm coiled steel bars into stirrups. Fast, accurate, and built for industrial and export applications.","og_url":"https:\/\/www.hsymachinery.com\/ro\/product\/masina-automata-de-indoire-a-scuturilor-stwq4-14a\/","og_site_name":"HSY Construction Machinery","article_modified_time":"2025-06-28T05:40:23+00:00","og_image":[{"width":600,"height":600,"url":"https:\/\/www.hsymachinery.com\/wp-content\/uploads\/2025\/06\/Automatic-Stirrup-Bending-Machine-STWQ4-14A.jpg","type":"image\/jpeg"}],"twitter_card":"summary_large_image","twitter_misc":{"Timp estimat pentru citire":"2 minute"},"schema":{"@context":"https:\/\/schema.org","@graph":[{"@type":"WebPage","@id":"https:\/\/www.hsymachinery.com\/product\/automatic-stirrup-bending-machine-stwq4-14a\/","url":"https:\/\/www.hsymachinery.com\/product\/automatic-stirrup-bending-machine-stwq4-14a\/","name":"Ma\u0219in\u0103 automat\u0103 de \u00eendoire STWQ4-14A - HSY Construction Machinery","isPartOf":{"@id":"https:\/\/www.hsymachinery.com\/#website"},"primaryImageOfPage":{"@id":"https:\/\/www.hsymachinery.com\/product\/automatic-stirrup-bending-machine-stwq4-14a\/#primaryimage"},"image":{"@id":"https:\/\/www.hsymachinery.com\/product\/automatic-stirrup-bending-machine-stwq4-14a\/#primaryimage"},"thumbnailUrl":"https:\/\/www.hsymachinery.com\/wp-content\/uploads\/2025\/06\/Automatic-Stirrup-Bending-Machine-STWQ4-14A.jpg","datePublished":"2025-06-18T07:34:18+00:00","dateModified":"2025-06-28T05:40:23+00:00","description":"Ma\u0219ina automat\u0103 de \u00eendoit st\u00e2lpi STWQ4-14A \u00eendoaie bare de o\u021bel bobinate de 4-12 mm \u00een st\u00e2lpi. Rapid\u0103, precis\u0103 \u0219i construit\u0103 pentru aplica\u021bii industriale \u0219i de export.","breadcrumb":{"@id":"https:\/\/www.hsymachinery.com\/product\/automatic-stirrup-bending-machine-stwq4-14a\/#breadcrumb"},"inLanguage":"ro-RO","potentialAction":[{"@type":"ReadAction","target":["https:\/\/www.hsymachinery.com\/product\/automatic-stirrup-bending-machine-stwq4-14a\/"]}]},{"@type":"ImageObject","inLanguage":"ro-RO","@id":"https:\/\/www.hsymachinery.com\/product\/automatic-stirrup-bending-machine-stwq4-14a\/#primaryimage","url":"https:\/\/www.hsymachinery.com\/wp-content\/uploads\/2025\/06\/Automatic-Stirrup-Bending-Machine-STWQ4-14A.jpg","contentUrl":"https:\/\/www.hsymachinery.com\/wp-content\/uploads\/2025\/06\/Automatic-Stirrup-Bending-Machine-STWQ4-14A.jpg","width":600,"height":600},{"@type":"BreadcrumbList","@id":"https:\/\/www.hsymachinery.com\/product\/automatic-stirrup-bending-machine-stwq4-14a\/#breadcrumb","itemListElement":[{"@type":"ListItem","position":1,"name":"home","item":"https:\/\/www.hsymachinery.com\/"},{"@type":"ListItem","position":2,"name":"products","item":"https:\/\/www.hsymachinery.com\/products\/"},{"@type":"ListItem","position":3,"name":"Automatic Stirrup Bending Machine STWQ4-14A"}]},{"@type":"WebSite","@id":"https:\/\/www.hsymachinery.com\/#website","url":"https:\/\/www.hsymachinery.com\/","name":"HSY Ma\u0219ini de construc\u021bii","description":"HSY Machinery - Un furnizor lider de ma\u0219ini de construc\u021bii din China, care ofer\u0103 o gam\u0103 larg\u0103 de echipamente de construc\u021bii u\u0219oare. Produsele noastre principale includ Ma\u0219ina de t\u0103iat arm\u0103turi, Ma\u0219ina de \u00eendoit arm\u0103turi, Ma\u0219ina de \u00eendoit st\u00e2lpi de arm\u0103turi, Ma\u0219ina de \u00eendoit arcuri de arm\u0103turi, Ma\u0219ina de \u00eendreptat arm\u0103turi, Ma\u0219ina de \u00eendoit st\u00e2lpi de arm\u0103turi cu cinci capete, Rammer de compactare, Compactor de pl\u0103ci, T\u0103ietor de beton, Mistrie electric\u0103 \u0219i alte utilaje de construc\u021bii. Suntem echipa\u021bi cu ma\u0219ini CNC avansate \u0219i aplic\u0103m standarde stricte de inspec\u021bie a calit\u0103\u021bii, \u00eempreun\u0103 cu servicii post-v\u00e2nzare complete. Dac\u0103 sunte\u021bi interesat de produsele sau serviciile noastre, primim cu c\u0103ldur\u0103 cererile dvs. prin mesaj.","publisher":{"@id":"https:\/\/www.hsymachinery.com\/#organization"},"potentialAction":[{"@type":"SearchAction","target":{"@type":"EntryPoint","urlTemplate":"https:\/\/www.hsymachinery.com\/?s={search_term_string}"},"query-input":{"@type":"PropertyValueSpecification","valueRequired":true,"valueName":"search_term_string"}}],"inLanguage":"ro-RO"},{"@type":"Organization","@id":"https:\/\/www.hsymachinery.com\/#organization","name":"HSY Ma\u0219ini de construc\u021bii","url":"https:\/\/www.hsymachinery.com\/","logo":{"@type":"ImageObject","inLanguage":"ro-RO","@id":"https:\/\/www.hsymachinery.com\/#\/schema\/logo\/image\/","url":"https:\/\/www.hsymachinery.com\/wp-content\/uploads\/2025\/06\/cropped-HSY-machinery.png","contentUrl":"https:\/\/www.hsymachinery.com\/wp-content\/uploads\/2025\/06\/cropped-HSY-machinery.png","width":600,"height":240,"caption":"HSY Construction Machinery"},"image":{"@id":"https:\/\/www.hsymachinery.com\/#\/schema\/logo\/image\/"}}]}},"_links":{"self":[{"href":"https:\/\/www.hsymachinery.com\/ro\/wp-json\/wp\/v2\/product\/9046","targetHints":{"allow":["GET"]}}],"collection":[{"href":"https:\/\/www.hsymachinery.com\/ro\/wp-json\/wp\/v2\/product"}],"about":[{"href":"https:\/\/www.hsymachinery.com\/ro\/wp-json\/wp\/v2\/types\/product"}],"version-history":[{"count":4,"href":"https:\/\/www.hsymachinery.com\/ro\/wp-json\/wp\/v2\/product\/9046\/revisions"}],"predecessor-version":[{"id":9480,"href":"https:\/\/www.hsymachinery.com\/ro\/wp-json\/wp\/v2\/product\/9046\/revisions\/9480"}],"wp:featuredmedia":[{"embeddable":true,"href":"https:\/\/www.hsymachinery.com\/ro\/wp-json\/wp\/v2\/media\/9048"}],"wp:attachment":[{"href":"https:\/\/www.hsymachinery.com\/ro\/wp-json\/wp\/v2\/media?parent=9046"}],"wp:term":[{"taxonomy":"product_brand","embeddable":true,"href":"https:\/\/www.hsymachinery.com\/ro\/wp-json\/wp\/v2\/product_brand?post=9046"},{"taxonomy":"product_cat","embeddable":true,"href":"https:\/\/www.hsymachinery.com\/ro\/wp-json\/wp\/v2\/product_cat?post=9046"},{"taxonomy":"product_tag","embeddable":true,"href":"https:\/\/www.hsymachinery.com\/ro\/wp-json\/wp\/v2\/product_tag?post=9046"}],"curies":[{"name":"wp","href":"https:\/\/api.w.org\/{rel}","templated":true}]}}