{"id":9042,"date":"2025-06-18T15:30:53","date_gmt":"2025-06-18T07:30:53","guid":{"rendered":"https:\/\/www.hsymachinery.com\/?post_type=product&#038;p=9042"},"modified":"2025-06-28T13:28:00","modified_gmt":"2025-06-28T05:28:00","slug":"masina-automata-de-indoire-a-scuturilor-stwq4-12a","status":"publish","type":"product","link":"https:\/\/www.hsymachinery.com\/ro\/product\/masina-automata-de-indoire-a-scuturilor-stwq4-12a\/","title":{"rendered":"Ma\u0219in\u0103 automat\u0103 de \u00eendoire a \u0219tirbilor STWQ4-12A"},"content":{"rendered":"<h2 data-start=\"110\" data-end=\"161\">Ma\u0219in\u0103 automat\u0103 de \u00eendoire a \u0219tirbilor STWQ4-12A<\/h2>\n<h3 data-start=\"162\" data-end=\"265\">STWQ4-12A CNC Automatic Rebar Stirrup Bender | Ma\u0219in\u0103 de \u00eendoire a barelor de o\u021bel de tip bobin\u0103 pentru 4-10 mm Rebar<\/h3>\n<h3 data-start=\"272\" data-end=\"361\">Prezentare general\u0103 a produsului - \u00cendoire eficient\u0103 a arm\u0103turilor \u00een bobin\u0103 pentru construc\u021bii \u0219i instala\u021bii prefabricate<a href=\"https:\/\/www.hsymachinery.com\/ro\/produse\/masina-automata-de-indoire-a-stalpilor\/\" target=\"_blank\" rel=\"noopener\"><img fetchpriority=\"high\" decoding=\"async\" class=\"wp-image-9043 alignright\" src=\"https:\/\/www.hsymachinery.com\/wp-content\/uploads\/2025\/06\/Automatic-Stirrup-Bending-Machine-STWQ4-12A-parameter-300x300.jpg\" alt=\"\" width=\"491\" height=\"491\" srcset=\"https:\/\/www.hsymachinery.com\/wp-content\/uploads\/2025\/06\/Automatic-Stirrup-Bending-Machine-STWQ4-12A-parameter-300x300.jpg 300w, https:\/\/www.hsymachinery.com\/wp-content\/uploads\/2025\/06\/Automatic-Stirrup-Bending-Machine-STWQ4-12A-parameter-150x150.jpg 150w, https:\/\/www.hsymachinery.com\/wp-content\/uploads\/2025\/06\/Automatic-Stirrup-Bending-Machine-STWQ4-12A-parameter-100x100.jpg 100w, https:\/\/www.hsymachinery.com\/wp-content\/uploads\/2025\/06\/Automatic-Stirrup-Bending-Machine-STWQ4-12A-parameter.jpg 600w\" sizes=\"(max-width: 491px) 100vw, 491px\" \/><\/a><\/h3>\n<p data-start=\"363\" data-end=\"801\">The <strong data-start=\"367\" data-end=\"414\">Ma\u0219in\u0103 automat\u0103 de \u00eendoire a \u0219tirbilor STWQ4-12A<\/strong> ofer\u0103 o solu\u021bie fiabil\u0103 pentru procesarea barelor de arm\u0103tur\u0103 bobinate de la 4 mm la 10 mm \u00een forme precise de st\u00e2lpi. Proiectat\u0103 cu automatizare CNC \u0219i servomotoare duble, aceast\u0103 ma\u0219in\u0103 asigur\u0103 o vitez\u0103 mare de produc\u021bie, unghiuri de \u00eendoire precise \u0219i o produc\u021bie constant\u0103, ceea ce o face o alegere popular\u0103 \u00een fabricile de componente prefabricate, \u0219antierele de prelucrare a barelor de o\u021bel \u0219i proiectele de construc\u021bii urbane.<\/p>\n<p data-start=\"803\" data-end=\"920\">Structura sa compact\u0103 \u0219i sistemul automat de alimentare reduc manipularea manual\u0103, sporind \u00een acela\u0219i timp eficien\u021ba general\u0103 de \u00eendoire.<\/p>\n<h3 data-start=\"927\" data-end=\"974\">Sistem inteligent de control \u0219i formare precis\u0103<\/h3>\n<p data-start=\"976\" data-end=\"1287\">STWQ4-12A integreaz\u0103 un sistem de control computerizat cu interfa\u021b\u0103 cu ecran tactil, permi\u021b\u00e2nd operatorilor s\u0103 programeze cu u\u0219urin\u021b\u0103 mai multe forme \u0219i unghiuri de st\u00e2lpi. Ma\u0219ina trage automat o\u021belul bobinat, \u00eel \u00eendreapt\u0103, \u00eel taie la lungime \u0219i \u00eel \u00eendoaie la forma specificat\u0103 - toate \u00eentr-un singur ciclu continuu.<\/p>\n<p data-start=\"1289\" data-end=\"1444\">Capul de \u00eendoire servoac\u021bionat asigur\u0103 unghiuri curate, consecvente \u0219i \u00eendoire rapid\u0103, \u00een timp ce sistemul de \u00eendreptare cu role minimizeaz\u0103 deformarea.<\/p>\n<h3 data-start=\"1451\" data-end=\"1499\">Compact \u0219i durabil, construit pentru utilizare la export<\/h3>\n<p data-start=\"1501\" data-end=\"1791\">Construit din o\u021bel de \u00eenalt\u0103 rezisten\u021b\u0103 \u0219i proiectat av\u00e2nd \u00een vedere rezisten\u021ba la vibra\u021bii, STWQ4-12A este at\u00e2t durabil, c\u00e2t \u0219i eficient din punct de vedere al spa\u021biului. Acesta include un sistem de detectare a defec\u021biunilor, lubrifiere centralizat\u0103 \u0219i suport\u0103 alimentare industrial\u0103 standard de 380V\/50Hz (personalizabil\u0103 pentru export).<\/p>\n<p data-start=\"1793\" data-end=\"1936\">Fluxul s\u0103u de lucru automatizat \u0219i performan\u021ba stabil\u0103 \u00eel transform\u0103 \u00eentr-o ma\u0219in\u0103 ideal\u0103 pentru produc\u021bia de volume mari de st\u00e2lpi de arm\u0103tur\u0103 pe pie\u021bele globale de construc\u021bii.<\/p>\n<h3 data-start=\"1943\" data-end=\"1998\">Caracteristicile principale ale ma\u0219inii de \u00eendoire STWQ4-12A Stirrup<\/h3>\n<ul data-start=\"2000\" data-end=\"2305\">\n<li data-start=\"2000\" data-end=\"2066\">\n<p data-start=\"2002\" data-end=\"2066\">\u00cendreapt\u0103, taie \u0219i \u00eendoaie automat bare de arm\u0103tur\u0103 bobinate de 4-10 mm<\/p>\n<\/li>\n<li data-start=\"2067\" data-end=\"2125\">\n<p data-start=\"2069\" data-end=\"2125\">Sistem de control tactil CNC cu programare cu memorie de form\u0103<\/p>\n<\/li>\n<li data-start=\"2126\" data-end=\"2183\">\n<p data-start=\"2128\" data-end=\"2183\">Servomotoare de mare vitez\u0103 pentru formare rapid\u0103 \u0219i precis\u0103<\/p>\n<\/li>\n<li data-start=\"2184\" data-end=\"2247\">\n<p data-start=\"2186\" data-end=\"2247\">Design compact potrivit pentru instalare \u00een fabric\u0103 sau la fa\u021ba locului<\/p>\n<\/li>\n<li data-start=\"2248\" data-end=\"2305\">\n<p data-start=\"2250\" data-end=\"2305\">Tensiune favorabil\u0103 exportului cu construc\u021bie industrial\u0103 durabil\u0103<\/p>\n<\/li>\n<\/ul>\n<p><iframe title=\"Ma\u0219in\u0103 de \u00eendoire a st\u00e2lpilor, ma\u0219in\u0103 de \u00eendoire a arm\u0103turilor cnc, ma\u0219in\u0103 de arm\u0103tur\u0103, \u00eendoire a st\u00e2lpilor de arm\u0103tur\u0103, \u00eendoire a barelor de o\u021bel\" width=\"720\" height=\"405\" src=\"https:\/\/www.youtube.com\/embed\/20OwGP6WX-M?feature=oembed\" frameborder=\"0\" allow=\"accelerometer; autoplay; clipboard-write; encrypted-media; gyroscope; picture-in-picture; web-share\" referrerpolicy=\"strict-origin-when-cross-origin\" allowfullscreen><\/iframe><\/p>","protected":false},"excerpt":{"rendered":"<p>STWQ4-12A \u00eendoaie \u00een mod automat, cu ajutorul controlului CNC, bare de arm\u0103tur\u0103 \u00een bobin\u0103 de 4-10 mm \u00een st\u00e2lpi. Rapid, precis \u0219i ideal pentru proiecte de prefabricare \u0219i prelucrare a o\u021belului.<\/p>","protected":false},"featured_media":9044,"template":"","meta":{"_kad_post_transparent":"default","_kad_post_title":"","_kad_post_layout":"default","_kad_post_sidebar_id":"","_kad_post_content_style":"default","_kad_post_vertical_padding":"default","_kad_post_feature":"","_kad_post_feature_position":"","_kad_post_header":false,"_kad_post_footer":false},"product_brand":[],"product_cat":[61],"product_tag":[998,1043,1042,1044,1046,1048,1045,1050,1047,1049],"class_list":{"0":"post-9042","1":"product","2":"type-product","3":"status-publish","4":"has-post-thumbnail","6":"product_cat-automatic-stirrup-bending-machine","7":"product_tag-automatic-rebar-bending-machine","8":"product_tag-automatic-rebar-stirrup-bending-and-cutting-machine","9":"product_tag-cnc-automatic-stirrup-bending-and-cutting-machine","10":"product_tag-cnc-stirrup-bending-machine","11":"product_tag-rebar-stirrup-making-machine","12":"product_tag-reinforcement-bar-stirrup-bender","13":"product_tag-steel-bar-stirrup-bender","14":"product_tag-stirrup-bender-for-construction-steel","15":"product_tag-stirrup-forming-machine","16":"product_tag-wire-stirrup-bending-equipment","18":"first","19":"instock","20":"shipping-taxable","21":"product-type-simple","22":"entry","23":"content-bg","24":"loop-entry"},"yoast_head":"<!-- This site is optimized with the Yoast SEO plugin v25.3.1 - https:\/\/yoast.com\/wordpress\/plugins\/seo\/ -->\n<title>Automatic Stirrup Bending Machine STWQ4-12A - HSY Construction Machinery<\/title>\n<meta name=\"description\" content=\"Automatic Stirrup Bending Machine STWQ4-12A processes 4\u201310mm coiled rebar into stirrups. CNC-controlled, compact, and built for high-efficiency production lines.\" \/>\n<meta name=\"robots\" content=\"index, follow, max-snippet:-1, max-image-preview:large, max-video-preview:-1\" \/>\n<link rel=\"canonical\" href=\"https:\/\/www.hsymachinery.com\/ro\/product\/masina-automata-de-indoire-a-scuturilor-stwq4-12a\/\" \/>\n<meta property=\"og:locale\" content=\"ro_RO\" \/>\n<meta property=\"og:type\" content=\"article\" \/>\n<meta property=\"og:title\" content=\"Automatic Stirrup Bending Machine STWQ4-12A - HSY Construction Machinery\" \/>\n<meta property=\"og:description\" content=\"Automatic Stirrup Bending Machine STWQ4-12A processes 4\u201310mm coiled rebar into stirrups. CNC-controlled, compact, and built for high-efficiency production lines.\" \/>\n<meta property=\"og:url\" content=\"https:\/\/www.hsymachinery.com\/ro\/product\/masina-automata-de-indoire-a-scuturilor-stwq4-12a\/\" \/>\n<meta property=\"og:site_name\" content=\"HSY Construction Machinery\" \/>\n<meta property=\"article:modified_time\" content=\"2025-06-28T05:28:00+00:00\" \/>\n<meta property=\"og:image\" content=\"https:\/\/www.hsymachinery.com\/wp-content\/uploads\/2025\/06\/Automatic-Stirrup-Bending-Machine-STWQ4-12A.jpg\" \/>\n\t<meta property=\"og:image:width\" content=\"600\" \/>\n\t<meta property=\"og:image:height\" content=\"600\" \/>\n\t<meta property=\"og:image:type\" content=\"image\/jpeg\" \/>\n<meta name=\"twitter:card\" content=\"summary_large_image\" \/>\n<meta name=\"twitter:label1\" content=\"Timp estimat pentru citire\" \/>\n\t<meta name=\"twitter:data1\" content=\"2 minute\" \/>\n<script type=\"application\/ld+json\" class=\"yoast-schema-graph\">{\"@context\":\"https:\/\/schema.org\",\"@graph\":[{\"@type\":\"WebPage\",\"@id\":\"https:\/\/www.hsymachinery.com\/product\/automatic-stirrup-bending-machine-stwq4-12a\/\",\"url\":\"https:\/\/www.hsymachinery.com\/product\/automatic-stirrup-bending-machine-stwq4-12a\/\",\"name\":\"Automatic Stirrup Bending Machine STWQ4-12A - HSY Construction Machinery\",\"isPartOf\":{\"@id\":\"https:\/\/www.hsymachinery.com\/#website\"},\"primaryImageOfPage\":{\"@id\":\"https:\/\/www.hsymachinery.com\/product\/automatic-stirrup-bending-machine-stwq4-12a\/#primaryimage\"},\"image\":{\"@id\":\"https:\/\/www.hsymachinery.com\/product\/automatic-stirrup-bending-machine-stwq4-12a\/#primaryimage\"},\"thumbnailUrl\":\"https:\/\/www.hsymachinery.com\/wp-content\/uploads\/2025\/06\/Automatic-Stirrup-Bending-Machine-STWQ4-12A.jpg\",\"datePublished\":\"2025-06-18T07:30:53+00:00\",\"dateModified\":\"2025-06-28T05:28:00+00:00\",\"description\":\"Automatic Stirrup Bending Machine STWQ4-12A processes 4\u201310mm coiled rebar into stirrups. CNC-controlled, compact, and built for high-efficiency production lines.\",\"breadcrumb\":{\"@id\":\"https:\/\/www.hsymachinery.com\/product\/automatic-stirrup-bending-machine-stwq4-12a\/#breadcrumb\"},\"inLanguage\":\"ro-RO\",\"potentialAction\":[{\"@type\":\"ReadAction\",\"target\":[\"https:\/\/www.hsymachinery.com\/product\/automatic-stirrup-bending-machine-stwq4-12a\/\"]}]},{\"@type\":\"ImageObject\",\"inLanguage\":\"ro-RO\",\"@id\":\"https:\/\/www.hsymachinery.com\/product\/automatic-stirrup-bending-machine-stwq4-12a\/#primaryimage\",\"url\":\"https:\/\/www.hsymachinery.com\/wp-content\/uploads\/2025\/06\/Automatic-Stirrup-Bending-Machine-STWQ4-12A.jpg\",\"contentUrl\":\"https:\/\/www.hsymachinery.com\/wp-content\/uploads\/2025\/06\/Automatic-Stirrup-Bending-Machine-STWQ4-12A.jpg\",\"width\":600,\"height\":600},{\"@type\":\"BreadcrumbList\",\"@id\":\"https:\/\/www.hsymachinery.com\/product\/automatic-stirrup-bending-machine-stwq4-12a\/#breadcrumb\",\"itemListElement\":[{\"@type\":\"ListItem\",\"position\":1,\"name\":\"home\",\"item\":\"https:\/\/www.hsymachinery.com\/\"},{\"@type\":\"ListItem\",\"position\":2,\"name\":\"products\",\"item\":\"https:\/\/www.hsymachinery.com\/products\/\"},{\"@type\":\"ListItem\",\"position\":3,\"name\":\"Automatic Stirrup Bending Machine STWQ4-12A\"}]},{\"@type\":\"WebSite\",\"@id\":\"https:\/\/www.hsymachinery.com\/#website\",\"url\":\"https:\/\/www.hsymachinery.com\/\",\"name\":\"HSY Construction Machinery\",\"description\":\"HSY Machinery \u2013 A leading China construction machinery supplier, offering a wide range of light construction equipment. Our main products include Rebar Cutting Machine, Rebar Bending Machine, Rebar Stirrup Bending Machine, Rebar Arc Bending Machine, Rebar Straightening Machine, Five-Head Rebar Stirrup Bending Machine, Tamping Rammer, Plate Compactor, Concrete Cutter, Power Trowel, and other construction machinery. We are equipped with advanced CNC machines, and we enforce strict quality inspection standards along with comprehensive after-sales service. If you are interested in our products or services, we warmly welcome your inquiries via message.\",\"publisher\":{\"@id\":\"https:\/\/www.hsymachinery.com\/#organization\"},\"potentialAction\":[{\"@type\":\"SearchAction\",\"target\":{\"@type\":\"EntryPoint\",\"urlTemplate\":\"https:\/\/www.hsymachinery.com\/?s={search_term_string}\"},\"query-input\":{\"@type\":\"PropertyValueSpecification\",\"valueRequired\":true,\"valueName\":\"search_term_string\"}}],\"inLanguage\":\"ro-RO\"},{\"@type\":\"Organization\",\"@id\":\"https:\/\/www.hsymachinery.com\/#organization\",\"name\":\"HSY Construction Machinery\",\"url\":\"https:\/\/www.hsymachinery.com\/\",\"logo\":{\"@type\":\"ImageObject\",\"inLanguage\":\"ro-RO\",\"@id\":\"https:\/\/www.hsymachinery.com\/#\/schema\/logo\/image\/\",\"url\":\"https:\/\/www.hsymachinery.com\/wp-content\/uploads\/2025\/06\/cropped-HSY-machinery.png\",\"contentUrl\":\"https:\/\/www.hsymachinery.com\/wp-content\/uploads\/2025\/06\/cropped-HSY-machinery.png\",\"width\":600,\"height\":240,\"caption\":\"HSY Construction Machinery\"},\"image\":{\"@id\":\"https:\/\/www.hsymachinery.com\/#\/schema\/logo\/image\/\"}}]}<\/script>\n<!-- \/ Yoast SEO plugin. -->","yoast_head_json":{"title":"Ma\u0219in\u0103 automat\u0103 de \u00eendoire STWQ4-12A - HSY Ma\u0219ini de construc\u021bii","description":"Ma\u0219ina automat\u0103 de \u00eendoire a st\u00e2lpilor STWQ4-12A proceseaz\u0103 bare de arm\u0103tur\u0103 bobinate de 4-10 mm \u00een st\u00e2lpi. Controlat de CNC, compact \u0219i construit pentru linii de produc\u021bie de \u00eenalt\u0103 eficien\u021b\u0103.","robots":{"index":"index","follow":"follow","max-snippet":"max-snippet:-1","max-image-preview":"max-image-preview:large","max-video-preview":"max-video-preview:-1"},"canonical":"https:\/\/www.hsymachinery.com\/ro\/product\/masina-automata-de-indoire-a-scuturilor-stwq4-12a\/","og_locale":"ro_RO","og_type":"article","og_title":"Automatic Stirrup Bending Machine STWQ4-12A - HSY Construction Machinery","og_description":"Automatic Stirrup Bending Machine STWQ4-12A processes 4\u201310mm coiled rebar into stirrups. CNC-controlled, compact, and built for high-efficiency production lines.","og_url":"https:\/\/www.hsymachinery.com\/ro\/product\/masina-automata-de-indoire-a-scuturilor-stwq4-12a\/","og_site_name":"HSY Construction Machinery","article_modified_time":"2025-06-28T05:28:00+00:00","og_image":[{"width":600,"height":600,"url":"https:\/\/www.hsymachinery.com\/wp-content\/uploads\/2025\/06\/Automatic-Stirrup-Bending-Machine-STWQ4-12A.jpg","type":"image\/jpeg"}],"twitter_card":"summary_large_image","twitter_misc":{"Timp estimat pentru citire":"2 minute"},"schema":{"@context":"https:\/\/schema.org","@graph":[{"@type":"WebPage","@id":"https:\/\/www.hsymachinery.com\/product\/automatic-stirrup-bending-machine-stwq4-12a\/","url":"https:\/\/www.hsymachinery.com\/product\/automatic-stirrup-bending-machine-stwq4-12a\/","name":"Ma\u0219in\u0103 automat\u0103 de \u00eendoire STWQ4-12A - HSY Ma\u0219ini de construc\u021bii","isPartOf":{"@id":"https:\/\/www.hsymachinery.com\/#website"},"primaryImageOfPage":{"@id":"https:\/\/www.hsymachinery.com\/product\/automatic-stirrup-bending-machine-stwq4-12a\/#primaryimage"},"image":{"@id":"https:\/\/www.hsymachinery.com\/product\/automatic-stirrup-bending-machine-stwq4-12a\/#primaryimage"},"thumbnailUrl":"https:\/\/www.hsymachinery.com\/wp-content\/uploads\/2025\/06\/Automatic-Stirrup-Bending-Machine-STWQ4-12A.jpg","datePublished":"2025-06-18T07:30:53+00:00","dateModified":"2025-06-28T05:28:00+00:00","description":"Ma\u0219ina automat\u0103 de \u00eendoire a st\u00e2lpilor STWQ4-12A proceseaz\u0103 bare de arm\u0103tur\u0103 bobinate de 4-10 mm \u00een st\u00e2lpi. Controlat de CNC, compact \u0219i construit pentru linii de produc\u021bie de \u00eenalt\u0103 eficien\u021b\u0103.","breadcrumb":{"@id":"https:\/\/www.hsymachinery.com\/product\/automatic-stirrup-bending-machine-stwq4-12a\/#breadcrumb"},"inLanguage":"ro-RO","potentialAction":[{"@type":"ReadAction","target":["https:\/\/www.hsymachinery.com\/product\/automatic-stirrup-bending-machine-stwq4-12a\/"]}]},{"@type":"ImageObject","inLanguage":"ro-RO","@id":"https:\/\/www.hsymachinery.com\/product\/automatic-stirrup-bending-machine-stwq4-12a\/#primaryimage","url":"https:\/\/www.hsymachinery.com\/wp-content\/uploads\/2025\/06\/Automatic-Stirrup-Bending-Machine-STWQ4-12A.jpg","contentUrl":"https:\/\/www.hsymachinery.com\/wp-content\/uploads\/2025\/06\/Automatic-Stirrup-Bending-Machine-STWQ4-12A.jpg","width":600,"height":600},{"@type":"BreadcrumbList","@id":"https:\/\/www.hsymachinery.com\/product\/automatic-stirrup-bending-machine-stwq4-12a\/#breadcrumb","itemListElement":[{"@type":"ListItem","position":1,"name":"home","item":"https:\/\/www.hsymachinery.com\/"},{"@type":"ListItem","position":2,"name":"products","item":"https:\/\/www.hsymachinery.com\/products\/"},{"@type":"ListItem","position":3,"name":"Automatic Stirrup Bending Machine STWQ4-12A"}]},{"@type":"WebSite","@id":"https:\/\/www.hsymachinery.com\/#website","url":"https:\/\/www.hsymachinery.com\/","name":"HSY Ma\u0219ini de construc\u021bii","description":"HSY Machinery - Un furnizor lider de ma\u0219ini de construc\u021bii din China, care ofer\u0103 o gam\u0103 larg\u0103 de echipamente de construc\u021bii u\u0219oare. Produsele noastre principale includ Ma\u0219ina de t\u0103iat arm\u0103turi, Ma\u0219ina de \u00eendoit arm\u0103turi, Ma\u0219ina de \u00eendoit st\u00e2lpi de arm\u0103turi, Ma\u0219ina de \u00eendoit arcuri de arm\u0103turi, Ma\u0219ina de \u00eendreptat arm\u0103turi, Ma\u0219ina de \u00eendoit st\u00e2lpi de arm\u0103turi cu cinci capete, Rammer de compactare, Compactor de pl\u0103ci, T\u0103ietor de beton, Mistrie electric\u0103 \u0219i alte utilaje de construc\u021bii. Suntem echipa\u021bi cu ma\u0219ini CNC avansate \u0219i aplic\u0103m standarde stricte de inspec\u021bie a calit\u0103\u021bii, \u00eempreun\u0103 cu servicii post-v\u00e2nzare complete. Dac\u0103 sunte\u021bi interesat de produsele sau serviciile noastre, primim cu c\u0103ldur\u0103 cererile dvs. prin mesaj.","publisher":{"@id":"https:\/\/www.hsymachinery.com\/#organization"},"potentialAction":[{"@type":"SearchAction","target":{"@type":"EntryPoint","urlTemplate":"https:\/\/www.hsymachinery.com\/?s={search_term_string}"},"query-input":{"@type":"PropertyValueSpecification","valueRequired":true,"valueName":"search_term_string"}}],"inLanguage":"ro-RO"},{"@type":"Organization","@id":"https:\/\/www.hsymachinery.com\/#organization","name":"HSY Ma\u0219ini de construc\u021bii","url":"https:\/\/www.hsymachinery.com\/","logo":{"@type":"ImageObject","inLanguage":"ro-RO","@id":"https:\/\/www.hsymachinery.com\/#\/schema\/logo\/image\/","url":"https:\/\/www.hsymachinery.com\/wp-content\/uploads\/2025\/06\/cropped-HSY-machinery.png","contentUrl":"https:\/\/www.hsymachinery.com\/wp-content\/uploads\/2025\/06\/cropped-HSY-machinery.png","width":600,"height":240,"caption":"HSY Construction Machinery"},"image":{"@id":"https:\/\/www.hsymachinery.com\/#\/schema\/logo\/image\/"}}]}},"_links":{"self":[{"href":"https:\/\/www.hsymachinery.com\/ro\/wp-json\/wp\/v2\/product\/9042","targetHints":{"allow":["GET"]}}],"collection":[{"href":"https:\/\/www.hsymachinery.com\/ro\/wp-json\/wp\/v2\/product"}],"about":[{"href":"https:\/\/www.hsymachinery.com\/ro\/wp-json\/wp\/v2\/types\/product"}],"version-history":[{"count":4,"href":"https:\/\/www.hsymachinery.com\/ro\/wp-json\/wp\/v2\/product\/9042\/revisions"}],"predecessor-version":[{"id":9476,"href":"https:\/\/www.hsymachinery.com\/ro\/wp-json\/wp\/v2\/product\/9042\/revisions\/9476"}],"wp:featuredmedia":[{"embeddable":true,"href":"https:\/\/www.hsymachinery.com\/ro\/wp-json\/wp\/v2\/media\/9044"}],"wp:attachment":[{"href":"https:\/\/www.hsymachinery.com\/ro\/wp-json\/wp\/v2\/media?parent=9042"}],"wp:term":[{"taxonomy":"product_brand","embeddable":true,"href":"https:\/\/www.hsymachinery.com\/ro\/wp-json\/wp\/v2\/product_brand?post=9042"},{"taxonomy":"product_cat","embeddable":true,"href":"https:\/\/www.hsymachinery.com\/ro\/wp-json\/wp\/v2\/product_cat?post=9042"},{"taxonomy":"product_tag","embeddable":true,"href":"https:\/\/www.hsymachinery.com\/ro\/wp-json\/wp\/v2\/product_tag?post=9042"}],"curies":[{"name":"wp","href":"https:\/\/api.w.org\/{rel}","templated":true}]}}