{"id":9038,"date":"2025-06-18T14:54:00","date_gmt":"2025-06-18T06:54:00","guid":{"rendered":"https:\/\/www.hsymachinery.com\/?post_type=product&#038;p=9038"},"modified":"2025-06-28T13:29:55","modified_gmt":"2025-06-28T05:29:55","slug":"masina-de-indoit-cu-cinci-capete-cu-alimentare-automata-gffq-18","status":"publish","type":"product","link":"https:\/\/www.hsymachinery.com\/ro\/product\/masina-de-indoit-cu-cinci-capete-cu-alimentare-automata-gffq-18\/","title":{"rendered":"Ma\u0219in\u0103 de \u00eendoit cu cinci capete cu alimentare automat\u0103 GFFQ-18"},"content":{"rendered":"<h2 data-start=\"129\" data-end=\"196\">Ma\u0219in\u0103 de \u00eendoit cu cinci capete cu alimentare automat\u0103 GFFQ-18<\/h2>\n<h3 data-start=\"197\" data-end=\"323\">GFFQ-18 Ma\u0219in\u0103 de \u00eendoire complet automat\u0103 cu cinci capete | Prelucrarea inteligent\u0103 a arm\u0103turilor CNC pentru o\u021bel bobinat de 6-18 mm<\/h3>\n<h3 data-start=\"330\" data-end=\"407\">Prezentare general\u0103 a produsului - Automatizarea \u00eent\u00e2lne\u0219te produc\u021bia de tije de \u00eenalt\u0103 eficien\u021b\u0103<a href=\"https:\/\/www.hsymachinery.com\/ro\/produse\/masina-de-indoire-cu-cinci-capete-pentru-armaturi\/\" target=\"_blank\" rel=\"noopener\"><img fetchpriority=\"high\" decoding=\"async\" class=\"wp-image-9455 alignright\" src=\"https:\/\/www.hsymachinery.com\/wp-content\/uploads\/2025\/06\/Automatic-Stirrup-Bender-with-Five-Heads-191x300.jpg\" alt=\"\" width=\"420\" height=\"660\" srcset=\"https:\/\/www.hsymachinery.com\/wp-content\/uploads\/2025\/06\/Automatic-Stirrup-Bender-with-Five-Heads-191x300.jpg 191w, https:\/\/www.hsymachinery.com\/wp-content\/uploads\/2025\/06\/Automatic-Stirrup-Bender-with-Five-Heads-653x1024.jpg 653w, https:\/\/www.hsymachinery.com\/wp-content\/uploads\/2025\/06\/Automatic-Stirrup-Bender-with-Five-Heads-600x941.jpg 600w\" sizes=\"(max-width: 420px) 100vw, 420px\" \/><\/a><\/h3>\n<p data-start=\"409\" data-end=\"803\">The <strong data-start=\"413\" data-end=\"466\">GFFQ-18 Ma\u0219in\u0103 automat\u0103 de \u00eendoire a \u0219tirpurilor de alimentare<\/strong> revolu\u021bioneaz\u0103 prelucrarea arm\u0103turilor prin integrarea aliment\u0103rii automate a bobinei cu tehnologia de \u00eendoire sincronizat\u0103 cu cinci capete. Conceput pentru a prelucra bare de arm\u0103tur\u0103 bobinate de 6 mm p\u00e2n\u0103 la 18 mm, acesta eficientizeaz\u0103 fabricarea st\u00e2lpilor \u00een fabricile de prefabricate, \u00een \u0219antierele siderurgice industriale \u0219i pe \u0219antierele de construc\u021bii care necesit\u0103 precizie \u0219i productivitate.<\/p>\n<p data-start=\"805\" data-end=\"923\">Datorit\u0103 automatiz\u0103rii avansate \u0219i a designului cu mai multe capete, GFFQ-18 minimizeaz\u0103 interven\u021bia manual\u0103, maximiz\u00e2nd \u00een acela\u0219i timp produc\u021bia.<\/p>\n<h3 data-start=\"930\" data-end=\"991\">Sistem inteligent de alimentare a bobinei \u0219i sistem de \u00eendoire \u00een cinci puncte<\/h3>\n<p data-start=\"993\" data-end=\"1316\">Mecanismul automat de alimentare trage s\u00e2rma de arm\u0103tur\u0103 spiralat\u0103 direct \u00een zona de \u00eendreptare \u0219i \u00eendoire, reduc\u00e2nd timpul de manipulare \u0219i cresc\u00e2nd produc\u021bia. Cele cinci capete de \u00eendoire independente lucreaz\u0103 \u00een sincron pentru a forma mai multe \u00eendoiri simultan sau \u00een secven\u021b\u0103 rapid\u0103, adapt\u00e2ndu-se la diverse forme de st\u00e2lpi cu o precizie ridicat\u0103.<\/p>\n<p data-start=\"1318\" data-end=\"1480\">Operatorii pot controla unghiurile de \u00eendoire, lungimea barelor \u0219i programele de memorie a formei prin intermediul interfe\u021bei CNC cu ecran tactil, simplific\u00e2nd produc\u021bia de loturi \u0219i schimbarea formei.<\/p>\n<h3 data-start=\"1487\" data-end=\"1543\">Putere industrial\u0103 construit\u0103 cu specifica\u021bii preg\u0103tite pentru export<\/h3>\n<p data-start=\"1545\" data-end=\"1784\">Construit pe un \u0219asiu robust din o\u021bel, GFFQ-18 rezist\u0103 la uzur\u0103 \u0219i vibra\u021bii \u00een timpul func\u021bion\u0103rii la viteze mari. Servomotoarele sale, lubrifierea central\u0103 \u0219i monitorizarea defec\u021biunilor \u00een timp real asigur\u0103 o performan\u021b\u0103 fiabil\u0103 \u00een condi\u021bii de sarcin\u0103 continu\u0103.<\/p>\n<p data-start=\"1786\" data-end=\"1997\">Ma\u0219ina suport\u0103 o alimentare standard de 380V\/50Hz, cu configura\u021bii de tensiune personalizate disponibile pentru utilizare interna\u021bional\u0103. Indiferent dac\u0103 se afl\u0103 \u00een Asia, Europa sau Orientul Mijlociu, GFFQ-18 este preg\u0103tit pentru implementarea global\u0103.<\/p>\n<h3 data-start=\"2004\" data-end=\"2057\">Caracteristicile principale ale ma\u0219inii de \u00eendoire GFFQ-18 Stirrup<\/h3>\n<ul data-start=\"2059\" data-end=\"2392\">\n<li data-start=\"2059\" data-end=\"2109\">\n<p data-start=\"2061\" data-end=\"2109\">Sistem automat de alimentare pentru arm\u0103turi \u00een bobin\u0103 de 6-18 mm<\/p>\n<\/li>\n<li data-start=\"2110\" data-end=\"2175\">\n<p data-start=\"2112\" data-end=\"2175\">Cinci capete sincronizate pentru \u00eendoirea rapid\u0103 \u0219i precis\u0103 a st\u00e2lpilor<\/p>\n<\/li>\n<li data-start=\"2176\" data-end=\"2243\">\n<p data-start=\"2178\" data-end=\"2243\">Interfa\u021b\u0103 tactil\u0103 CNC complet\u0103 cu set\u0103ri de memorie \u0219i bibliotec\u0103 de forme<\/p>\n<\/li>\n<li data-start=\"2244\" data-end=\"2318\">\n<p data-start=\"2246\" data-end=\"2318\">Lubrifiere centralizat\u0103, protec\u021bie la suprasarcin\u0103 \u0219i tensiune preg\u0103tit\u0103 pentru export<\/p>\n<\/li>\n<li data-start=\"2319\" data-end=\"2392\">\n<p data-start=\"2321\" data-end=\"2392\">Ideal pentru prefabricate, uzine de prelucrare a o\u021belului \u0219i pie\u021be globale<\/p>\n<\/li>\n<\/ul>\n<div class=\"entry-content-asset videofit\"><iframe title=\"ma\u0219in\u0103 de \u00eendoire a barelor de o\u021bel, ma\u0219in\u0103 de bare de o\u021bel, \u00eendoire a barelor de o\u021bel, ma\u0219in\u0103 de \u00eendoire a barelor de o\u021bel, \u00eendoire a barelor de o\u021bel\" width=\"720\" height=\"405\" src=\"https:\/\/www.youtube.com\/embed\/89706ar3n-E?feature=oembed\" frameborder=\"0\" allow=\"accelerometer; autoplay; clipboard-write; encrypted-media; gyroscope; picture-in-picture; web-share\" referrerpolicy=\"strict-origin-when-cross-origin\" allowfullscreen><\/iframe><\/div>","protected":false},"excerpt":{"rendered":"<p>Ma\u0219ina de \u00eendoit st\u00e2lpi GFFQ-18 automatizeaz\u0103 alimentarea \u0219i modelarea arm\u0103turilor de 6-18 mm cu ajutorul a cinci capete sincronizate. Perfect\u0103 pentru liniile de produc\u021bie inteligente, de mare vitez\u0103.<\/p>","protected":false},"featured_media":9457,"template":"","meta":{"_kad_post_transparent":"default","_kad_post_title":"","_kad_post_layout":"default","_kad_post_sidebar_id":"","_kad_post_content_style":"default","_kad_post_vertical_padding":"default","_kad_post_feature":"","_kad_post_feature_position":"","_kad_post_header":false,"_kad_post_footer":false},"product_brand":[],"product_cat":[60],"product_tag":[1039,1036,1038,1037,1035,1041,1040],"class_list":{"0":"post-9038","1":"product","2":"type-product","3":"status-publish","4":"has-post-thumbnail","6":"product_cat-five-head-rebar-stirrup-bending-machine","7":"product_tag-5-head-rebar-bender-for-stirrup","8":"product_tag-automatic-stirrup-bender-with-five-heads","9":"product_tag-cnc-stirrup-bending-equipment","10":"product_tag-high-speed-rebar-stirrup-machine","11":"product_tag-multi-head-rebar-stirrup-bending-machine","12":"product_tag-rebar-stirrup-forming-machine","13":"product_tag-steel-bar-stirrup-making-machine","15":"first","16":"instock","17":"shipping-taxable","18":"product-type-simple","19":"entry","20":"content-bg","21":"loop-entry"},"yoast_head":"<!-- This site is optimized with the Yoast SEO plugin v25.3.1 - https:\/\/yoast.com\/wordpress\/plugins\/seo\/ -->\n<title>Five-Head Automatic Feeding Stirrup Bending Machine GFFQ-18 - HSY Construction Machinery<\/title>\n<meta name=\"description\" content=\"Five-Head Automatic Feeding Stirrup Bending Machine GFFQ-18 straightens and bends 6\u201318mm coil rebar. CNC-controlled, five-head system with full automation for global use.\" \/>\n<meta name=\"robots\" content=\"index, follow, max-snippet:-1, max-image-preview:large, max-video-preview:-1\" \/>\n<link rel=\"canonical\" href=\"https:\/\/www.hsymachinery.com\/ro\/product\/masina-de-indoit-cu-cinci-capete-cu-alimentare-automata-gffq-18\/\" \/>\n<meta property=\"og:locale\" content=\"ro_RO\" \/>\n<meta property=\"og:type\" content=\"article\" \/>\n<meta property=\"og:title\" content=\"Five-Head Automatic Feeding Stirrup Bending Machine GFFQ-18 - HSY Construction Machinery\" \/>\n<meta property=\"og:description\" content=\"Five-Head Automatic Feeding Stirrup Bending Machine GFFQ-18 straightens and bends 6\u201318mm coil rebar. CNC-controlled, five-head system with full automation for global use.\" \/>\n<meta property=\"og:url\" content=\"https:\/\/www.hsymachinery.com\/ro\/product\/masina-de-indoit-cu-cinci-capete-cu-alimentare-automata-gffq-18\/\" \/>\n<meta property=\"og:site_name\" content=\"HSY Construction Machinery\" \/>\n<meta property=\"article:modified_time\" content=\"2025-06-28T05:29:55+00:00\" \/>\n<meta property=\"og:image\" content=\"https:\/\/www.hsymachinery.com\/wp-content\/uploads\/2025\/06\/Five-Head-Automatic-Feeding-Stirrup-Bending-Machine-GFFQ-181.jpg\" \/>\n\t<meta property=\"og:image:width\" content=\"600\" \/>\n\t<meta property=\"og:image:height\" content=\"600\" \/>\n\t<meta property=\"og:image:type\" content=\"image\/jpeg\" \/>\n<meta name=\"twitter:card\" content=\"summary_large_image\" \/>\n<meta name=\"twitter:label1\" content=\"Timp estimat pentru citire\" \/>\n\t<meta name=\"twitter:data1\" content=\"2 minute\" \/>\n<script type=\"application\/ld+json\" class=\"yoast-schema-graph\">{\"@context\":\"https:\/\/schema.org\",\"@graph\":[{\"@type\":\"WebPage\",\"@id\":\"https:\/\/www.hsymachinery.com\/product\/five-head-automatic-feeding-stirrup-bending-machine-gffq-18\/\",\"url\":\"https:\/\/www.hsymachinery.com\/product\/five-head-automatic-feeding-stirrup-bending-machine-gffq-18\/\",\"name\":\"Five-Head Automatic Feeding Stirrup Bending Machine GFFQ-18 - HSY Construction Machinery\",\"isPartOf\":{\"@id\":\"https:\/\/www.hsymachinery.com\/#website\"},\"primaryImageOfPage\":{\"@id\":\"https:\/\/www.hsymachinery.com\/product\/five-head-automatic-feeding-stirrup-bending-machine-gffq-18\/#primaryimage\"},\"image\":{\"@id\":\"https:\/\/www.hsymachinery.com\/product\/five-head-automatic-feeding-stirrup-bending-machine-gffq-18\/#primaryimage\"},\"thumbnailUrl\":\"https:\/\/www.hsymachinery.com\/wp-content\/uploads\/2025\/06\/Five-Head-Automatic-Feeding-Stirrup-Bending-Machine-GFFQ-181.jpg\",\"datePublished\":\"2025-06-18T06:54:00+00:00\",\"dateModified\":\"2025-06-28T05:29:55+00:00\",\"description\":\"Five-Head Automatic Feeding Stirrup Bending Machine GFFQ-18 straightens and bends 6\u201318mm coil rebar. CNC-controlled, five-head system with full automation for global use.\",\"breadcrumb\":{\"@id\":\"https:\/\/www.hsymachinery.com\/product\/five-head-automatic-feeding-stirrup-bending-machine-gffq-18\/#breadcrumb\"},\"inLanguage\":\"ro-RO\",\"potentialAction\":[{\"@type\":\"ReadAction\",\"target\":[\"https:\/\/www.hsymachinery.com\/product\/five-head-automatic-feeding-stirrup-bending-machine-gffq-18\/\"]}]},{\"@type\":\"ImageObject\",\"inLanguage\":\"ro-RO\",\"@id\":\"https:\/\/www.hsymachinery.com\/product\/five-head-automatic-feeding-stirrup-bending-machine-gffq-18\/#primaryimage\",\"url\":\"https:\/\/www.hsymachinery.com\/wp-content\/uploads\/2025\/06\/Five-Head-Automatic-Feeding-Stirrup-Bending-Machine-GFFQ-181.jpg\",\"contentUrl\":\"https:\/\/www.hsymachinery.com\/wp-content\/uploads\/2025\/06\/Five-Head-Automatic-Feeding-Stirrup-Bending-Machine-GFFQ-181.jpg\",\"width\":600,\"height\":600},{\"@type\":\"BreadcrumbList\",\"@id\":\"https:\/\/www.hsymachinery.com\/product\/five-head-automatic-feeding-stirrup-bending-machine-gffq-18\/#breadcrumb\",\"itemListElement\":[{\"@type\":\"ListItem\",\"position\":1,\"name\":\"home\",\"item\":\"https:\/\/www.hsymachinery.com\/\"},{\"@type\":\"ListItem\",\"position\":2,\"name\":\"products\",\"item\":\"https:\/\/www.hsymachinery.com\/products\/\"},{\"@type\":\"ListItem\",\"position\":3,\"name\":\"Five-Head Automatic Feeding Stirrup Bending Machine GFFQ-18\"}]},{\"@type\":\"WebSite\",\"@id\":\"https:\/\/www.hsymachinery.com\/#website\",\"url\":\"https:\/\/www.hsymachinery.com\/\",\"name\":\"HSY Construction Machinery\",\"description\":\"HSY Machinery \u2013 A leading China construction machinery supplier, offering a wide range of light construction equipment. Our main products include Rebar Cutting Machine, Rebar Bending Machine, Rebar Stirrup Bending Machine, Rebar Arc Bending Machine, Rebar Straightening Machine, Five-Head Rebar Stirrup Bending Machine, Tamping Rammer, Plate Compactor, Concrete Cutter, Power Trowel, and other construction machinery. We are equipped with advanced CNC machines, and we enforce strict quality inspection standards along with comprehensive after-sales service. If you are interested in our products or services, we warmly welcome your inquiries via message.\",\"publisher\":{\"@id\":\"https:\/\/www.hsymachinery.com\/#organization\"},\"potentialAction\":[{\"@type\":\"SearchAction\",\"target\":{\"@type\":\"EntryPoint\",\"urlTemplate\":\"https:\/\/www.hsymachinery.com\/?s={search_term_string}\"},\"query-input\":{\"@type\":\"PropertyValueSpecification\",\"valueRequired\":true,\"valueName\":\"search_term_string\"}}],\"inLanguage\":\"ro-RO\"},{\"@type\":\"Organization\",\"@id\":\"https:\/\/www.hsymachinery.com\/#organization\",\"name\":\"HSY Construction Machinery\",\"url\":\"https:\/\/www.hsymachinery.com\/\",\"logo\":{\"@type\":\"ImageObject\",\"inLanguage\":\"ro-RO\",\"@id\":\"https:\/\/www.hsymachinery.com\/#\/schema\/logo\/image\/\",\"url\":\"https:\/\/www.hsymachinery.com\/wp-content\/uploads\/2025\/06\/cropped-HSY-machinery.png\",\"contentUrl\":\"https:\/\/www.hsymachinery.com\/wp-content\/uploads\/2025\/06\/cropped-HSY-machinery.png\",\"width\":600,\"height\":240,\"caption\":\"HSY Construction Machinery\"},\"image\":{\"@id\":\"https:\/\/www.hsymachinery.com\/#\/schema\/logo\/image\/\"}}]}<\/script>\n<!-- \/ Yoast SEO plugin. -->","yoast_head_json":{"title":"Ma\u0219in\u0103 de \u00eendoit cu cinci capete cu alimentare automat\u0103 GFFQ-18 - HSY Construction Machinery","description":"Ma\u0219ina de \u00eendoit cu cinci capete cu alimentare automat\u0103 GFFQ-18 \u00eendreapt\u0103 \u0219i \u00eendoaie arm\u0103turi \u00een bobin\u0103 de 6-18 mm. Sistem cu cinci capete, controlat de CNC, cu automatizare complet\u0103 pentru utilizare global\u0103.","robots":{"index":"index","follow":"follow","max-snippet":"max-snippet:-1","max-image-preview":"max-image-preview:large","max-video-preview":"max-video-preview:-1"},"canonical":"https:\/\/www.hsymachinery.com\/ro\/product\/masina-de-indoit-cu-cinci-capete-cu-alimentare-automata-gffq-18\/","og_locale":"ro_RO","og_type":"article","og_title":"Five-Head Automatic Feeding Stirrup Bending Machine GFFQ-18 - HSY Construction Machinery","og_description":"Five-Head Automatic Feeding Stirrup Bending Machine GFFQ-18 straightens and bends 6\u201318mm coil rebar. CNC-controlled, five-head system with full automation for global use.","og_url":"https:\/\/www.hsymachinery.com\/ro\/product\/masina-de-indoit-cu-cinci-capete-cu-alimentare-automata-gffq-18\/","og_site_name":"HSY Construction Machinery","article_modified_time":"2025-06-28T05:29:55+00:00","og_image":[{"width":600,"height":600,"url":"https:\/\/www.hsymachinery.com\/wp-content\/uploads\/2025\/06\/Five-Head-Automatic-Feeding-Stirrup-Bending-Machine-GFFQ-181.jpg","type":"image\/jpeg"}],"twitter_card":"summary_large_image","twitter_misc":{"Timp estimat pentru citire":"2 minute"},"schema":{"@context":"https:\/\/schema.org","@graph":[{"@type":"WebPage","@id":"https:\/\/www.hsymachinery.com\/product\/five-head-automatic-feeding-stirrup-bending-machine-gffq-18\/","url":"https:\/\/www.hsymachinery.com\/product\/five-head-automatic-feeding-stirrup-bending-machine-gffq-18\/","name":"Ma\u0219in\u0103 de \u00eendoit cu cinci capete cu alimentare automat\u0103 GFFQ-18 - HSY Construction Machinery","isPartOf":{"@id":"https:\/\/www.hsymachinery.com\/#website"},"primaryImageOfPage":{"@id":"https:\/\/www.hsymachinery.com\/product\/five-head-automatic-feeding-stirrup-bending-machine-gffq-18\/#primaryimage"},"image":{"@id":"https:\/\/www.hsymachinery.com\/product\/five-head-automatic-feeding-stirrup-bending-machine-gffq-18\/#primaryimage"},"thumbnailUrl":"https:\/\/www.hsymachinery.com\/wp-content\/uploads\/2025\/06\/Five-Head-Automatic-Feeding-Stirrup-Bending-Machine-GFFQ-181.jpg","datePublished":"2025-06-18T06:54:00+00:00","dateModified":"2025-06-28T05:29:55+00:00","description":"Ma\u0219ina de \u00eendoit cu cinci capete cu alimentare automat\u0103 GFFQ-18 \u00eendreapt\u0103 \u0219i \u00eendoaie arm\u0103turi \u00een bobin\u0103 de 6-18 mm. Sistem cu cinci capete, controlat de CNC, cu automatizare complet\u0103 pentru utilizare global\u0103.","breadcrumb":{"@id":"https:\/\/www.hsymachinery.com\/product\/five-head-automatic-feeding-stirrup-bending-machine-gffq-18\/#breadcrumb"},"inLanguage":"ro-RO","potentialAction":[{"@type":"ReadAction","target":["https:\/\/www.hsymachinery.com\/product\/five-head-automatic-feeding-stirrup-bending-machine-gffq-18\/"]}]},{"@type":"ImageObject","inLanguage":"ro-RO","@id":"https:\/\/www.hsymachinery.com\/product\/five-head-automatic-feeding-stirrup-bending-machine-gffq-18\/#primaryimage","url":"https:\/\/www.hsymachinery.com\/wp-content\/uploads\/2025\/06\/Five-Head-Automatic-Feeding-Stirrup-Bending-Machine-GFFQ-181.jpg","contentUrl":"https:\/\/www.hsymachinery.com\/wp-content\/uploads\/2025\/06\/Five-Head-Automatic-Feeding-Stirrup-Bending-Machine-GFFQ-181.jpg","width":600,"height":600},{"@type":"BreadcrumbList","@id":"https:\/\/www.hsymachinery.com\/product\/five-head-automatic-feeding-stirrup-bending-machine-gffq-18\/#breadcrumb","itemListElement":[{"@type":"ListItem","position":1,"name":"home","item":"https:\/\/www.hsymachinery.com\/"},{"@type":"ListItem","position":2,"name":"products","item":"https:\/\/www.hsymachinery.com\/products\/"},{"@type":"ListItem","position":3,"name":"Five-Head Automatic Feeding Stirrup Bending Machine GFFQ-18"}]},{"@type":"WebSite","@id":"https:\/\/www.hsymachinery.com\/#website","url":"https:\/\/www.hsymachinery.com\/","name":"HSY Ma\u0219ini de construc\u021bii","description":"HSY Machinery - Un furnizor lider de ma\u0219ini de construc\u021bii din China, care ofer\u0103 o gam\u0103 larg\u0103 de echipamente de construc\u021bii u\u0219oare. Produsele noastre principale includ Ma\u0219ina de t\u0103iat arm\u0103turi, Ma\u0219ina de \u00eendoit arm\u0103turi, Ma\u0219ina de \u00eendoit st\u00e2lpi de arm\u0103turi, Ma\u0219ina de \u00eendoit arcuri de arm\u0103turi, Ma\u0219ina de \u00eendreptat arm\u0103turi, Ma\u0219ina de \u00eendoit st\u00e2lpi de arm\u0103turi cu cinci capete, Rammer de compactare, Compactor de pl\u0103ci, T\u0103ietor de beton, Mistrie electric\u0103 \u0219i alte utilaje de construc\u021bii. Suntem echipa\u021bi cu ma\u0219ini CNC avansate \u0219i aplic\u0103m standarde stricte de inspec\u021bie a calit\u0103\u021bii, \u00eempreun\u0103 cu servicii post-v\u00e2nzare complete. Dac\u0103 sunte\u021bi interesat de produsele sau serviciile noastre, primim cu c\u0103ldur\u0103 cererile dvs. prin mesaj.","publisher":{"@id":"https:\/\/www.hsymachinery.com\/#organization"},"potentialAction":[{"@type":"SearchAction","target":{"@type":"EntryPoint","urlTemplate":"https:\/\/www.hsymachinery.com\/?s={search_term_string}"},"query-input":{"@type":"PropertyValueSpecification","valueRequired":true,"valueName":"search_term_string"}}],"inLanguage":"ro-RO"},{"@type":"Organization","@id":"https:\/\/www.hsymachinery.com\/#organization","name":"HSY Ma\u0219ini de construc\u021bii","url":"https:\/\/www.hsymachinery.com\/","logo":{"@type":"ImageObject","inLanguage":"ro-RO","@id":"https:\/\/www.hsymachinery.com\/#\/schema\/logo\/image\/","url":"https:\/\/www.hsymachinery.com\/wp-content\/uploads\/2025\/06\/cropped-HSY-machinery.png","contentUrl":"https:\/\/www.hsymachinery.com\/wp-content\/uploads\/2025\/06\/cropped-HSY-machinery.png","width":600,"height":240,"caption":"HSY Construction Machinery"},"image":{"@id":"https:\/\/www.hsymachinery.com\/#\/schema\/logo\/image\/"}}]}},"_links":{"self":[{"href":"https:\/\/www.hsymachinery.com\/ro\/wp-json\/wp\/v2\/product\/9038","targetHints":{"allow":["GET"]}}],"collection":[{"href":"https:\/\/www.hsymachinery.com\/ro\/wp-json\/wp\/v2\/product"}],"about":[{"href":"https:\/\/www.hsymachinery.com\/ro\/wp-json\/wp\/v2\/types\/product"}],"version-history":[{"count":5,"href":"https:\/\/www.hsymachinery.com\/ro\/wp-json\/wp\/v2\/product\/9038\/revisions"}],"predecessor-version":[{"id":9477,"href":"https:\/\/www.hsymachinery.com\/ro\/wp-json\/wp\/v2\/product\/9038\/revisions\/9477"}],"wp:featuredmedia":[{"embeddable":true,"href":"https:\/\/www.hsymachinery.com\/ro\/wp-json\/wp\/v2\/media\/9457"}],"wp:attachment":[{"href":"https:\/\/www.hsymachinery.com\/ro\/wp-json\/wp\/v2\/media?parent=9038"}],"wp:term":[{"taxonomy":"product_brand","embeddable":true,"href":"https:\/\/www.hsymachinery.com\/ro\/wp-json\/wp\/v2\/product_brand?post=9038"},{"taxonomy":"product_cat","embeddable":true,"href":"https:\/\/www.hsymachinery.com\/ro\/wp-json\/wp\/v2\/product_cat?post=9038"},{"taxonomy":"product_tag","embeddable":true,"href":"https:\/\/www.hsymachinery.com\/ro\/wp-json\/wp\/v2\/product_tag?post=9038"}],"curies":[{"name":"wp","href":"https:\/\/api.w.org\/{rel}","templated":true}]}}