{"id":9030,"date":"2025-06-18T14:39:16","date_gmt":"2025-06-18T06:39:16","guid":{"rendered":"https:\/\/www.hsymachinery.com\/?post_type=product&#038;p=9030"},"modified":"2025-06-28T11:42:45","modified_gmt":"2025-06-28T03:42:45","slug":"masina-de-indoire-cu-cinci-capete-pentru-armaturi-gff-18","status":"publish","type":"product","link":"https:\/\/www.hsymachinery.com\/ro\/product\/masina-de-indoire-cu-cinci-capete-pentru-armaturi-gff-18\/","title":{"rendered":"Ma\u0219in\u0103 de \u00eendoit cu cinci capete pentru bare de arm\u0103tur\u0103 GFF-18"},"content":{"rendered":"<h2 data-start=\"117\" data-end=\"171\">Ma\u0219in\u0103 de \u00eendoit cu cinci capete pentru bare de arm\u0103tur\u0103 GFF-18<\/h2>\n<h3 data-start=\"172\" data-end=\"271\">GFF-18 Five-Head Rebar Stirrup Bender | High-Speed CNC Stirrup Forming Machine pentru 6-18mm Rebar<\/h3>\n<h3 data-start=\"278\" data-end=\"345\">Prezentare general\u0103 a produsului - Eficien\u021b\u0103 rapid\u0103, precis\u0103 \u0219i multi-curb\u0103<a href=\"https:\/\/www.hsymachinery.com\/ro\/produse\/masina-de-indoire-cu-cinci-capete-pentru-armaturi\/\" target=\"_blank\" rel=\"noopener\"><img fetchpriority=\"high\" decoding=\"async\" class=\"wp-image-9456 alignright\" src=\"https:\/\/www.hsymachinery.com\/wp-content\/uploads\/2025\/06\/CNC-Stirrup-Bending-Equipment-225x300.jpg\" alt=\"\" width=\"400\" height=\"533\" srcset=\"https:\/\/www.hsymachinery.com\/wp-content\/uploads\/2025\/06\/CNC-Stirrup-Bending-Equipment-225x300.jpg 225w, https:\/\/www.hsymachinery.com\/wp-content\/uploads\/2025\/06\/CNC-Stirrup-Bending-Equipment-768x1024.jpg 768w, https:\/\/www.hsymachinery.com\/wp-content\/uploads\/2025\/06\/CNC-Stirrup-Bending-Equipment-600x800.jpg 600w, https:\/\/www.hsymachinery.com\/wp-content\/uploads\/2025\/06\/CNC-Stirrup-Bending-Equipment.jpg 800w\" sizes=\"(max-width: 400px) 100vw, 400px\" \/><\/a><\/h3>\n<p data-start=\"347\" data-end=\"741\">The <strong data-start=\"351\" data-end=\"401\">Ma\u0219in\u0103 de \u00eendoit cu cinci capete pentru bare de arm\u0103tur\u0103 GFF-18<\/strong> este o ma\u0219in\u0103 de \u00eenalt\u0103 performan\u021b\u0103 proiectat\u0103 pentru \u00eendoirea cu precizie a barelor de o\u021bel de 6 mm p\u00e2n\u0103 la 18 mm \u00een st\u00e2lpi \u0219i forme complexe. Are cinci capete de \u00eendoire independente, care permit ac\u021biuni de \u00eendoire simultane sau secven\u021biale, sporind semnificativ productivitatea \u00een \u0219antierele de prefabricate, fabricile de arm\u0103turi \u0219i \u0219antierele de construc\u021bii.<\/p>\n<p data-start=\"743\" data-end=\"916\">Datorit\u0103 controlerului s\u0103u logic programabil (PLC) \u0219i a func\u021bion\u0103rii automate, aceast\u0103 ma\u0219in\u0103 reduce considerabil munca manual\u0103, \u00eembun\u0103t\u0103\u021bind \u00een acela\u0219i timp precizia formei \u0219i viteza de produc\u021bie.<\/p>\n<h3 data-start=\"923\" data-end=\"980\">Func\u021bionare flexibil\u0103 cu mai multe capete cu randament fiabil<\/h3>\n<p data-start=\"982\" data-end=\"1308\">Fiecare dintre cele cinci capete de \u00eendoire func\u021bioneaz\u0103 cu motoare independente \u0219i mi\u0219care sincronizat\u0103, oferind flexibilitatea de a \u00eendoi mai multe st\u00e2lpi deodat\u0103 sau de a executa unghiuri complicate \u00een succesiune rapid\u0103. Pute\u021bi programa ma\u0219ina pentru diferite forme \u0219i dimensiuni, ajust\u00e2nd parametrii direct din panoul de control de la bord.<\/p>\n<p data-start=\"1310\" data-end=\"1558\">Bra\u021bele de \u00eendoire ranforsate, servomotoarele de \u00eenalt\u0103 precizie \u0219i rolele durabile asigur\u0103 consecven\u021ba \u00een cadrul opera\u021biunilor de volum mare. GFF-18 ofer\u0103 performan\u021be de neegalat, indiferent dac\u0103 produce modele p\u0103trate, dreptunghiulare sau personalizate.<\/p>\n<h3 data-start=\"1565\" data-end=\"1617\">Design robust cu stabilitate de nivel industrial<\/h3>\n<p data-start=\"1619\" data-end=\"1954\">GFF-18 este construit pe un cadru din o\u021bel foarte rezistent care rezist\u0103 la vibra\u021bii \u0219i deform\u0103ri \u00een timpul func\u021bion\u0103rii la viteze mari. Proiectat pentru o \u00eentre\u021binere u\u0219oar\u0103 \u0219i o durat\u0103 lung\u0103 de via\u021b\u0103, acesta include un sistem de lubrifiere automat\u0103 \u0219i un afi\u0219aj de alarm\u0103 pentru defec\u021biuni. Suport\u0103 tensiune trifazat\u0103 (de obicei 380V, personalizabil\u0103) pentru export global.<\/p>\n<p data-start=\"1956\" data-end=\"2082\">Aceast\u0103 ma\u0219in\u0103 este ideal\u0103 pentru produc\u021bia discontinu\u0103 de ag\u0103\u021b\u0103tori, ajut\u00e2nd produc\u0103torii s\u0103 respecte cu u\u0219urin\u021b\u0103 termenele exigente de construc\u021bie.<\/p>\n<h3 data-start=\"2089\" data-end=\"2151\">Caracteristicile principale ale ma\u0219inii de \u00eendoit cu cinci capete GFF-18<\/h3>\n<ul data-start=\"2153\" data-end=\"2472\">\n<li data-start=\"2153\" data-end=\"2208\">\n<p data-start=\"2155\" data-end=\"2208\">\u00cendoaie bare de arm\u0103tur\u0103 de 6-18 mm \u00een st\u00e2lpi \u0219i forme complexe<\/p>\n<\/li>\n<li data-start=\"2209\" data-end=\"2277\">\n<p data-start=\"2211\" data-end=\"2277\">Dispune de cinci capete de \u00eendoire sincronizate pentru formarea \u00een mai multe puncte<\/p>\n<\/li>\n<li data-start=\"2278\" data-end=\"2335\">\n<p data-start=\"2280\" data-end=\"2335\">Echipat cu control inteligent PLC \u0219i panou tactil<\/p>\n<\/li>\n<li data-start=\"2336\" data-end=\"2399\">\n<p data-start=\"2338\" data-end=\"2399\">Cadru durabil, lubrifiere automat\u0103 \u0219i diagnosticare a defec\u021biunilor<\/p>\n<\/li>\n<li data-start=\"2400\" data-end=\"2472\">\n<p data-start=\"2402\" data-end=\"2472\">Potrivit pentru prefabricarea pe scar\u0103 larg\u0103 \u0219i prelucrarea arm\u0103turilor<\/p>\n<\/li>\n<\/ul>\n<p><iframe title=\"Rebar bender, Stirrup bender, Stirrup ma\u0219in\u0103 de \u00eendoire, rebar ma\u0219in\u0103 de \u00eendoire, rebar ma\u0219in\u0103\" width=\"720\" height=\"405\" src=\"https:\/\/www.youtube.com\/embed\/Xle14Q0gqpc?feature=oembed\" frameborder=\"0\" allow=\"accelerometer; autoplay; clipboard-write; encrypted-media; gyroscope; picture-in-picture; web-share\" referrerpolicy=\"strict-origin-when-cross-origin\" allowfullscreen><\/iframe><\/p>","protected":false},"excerpt":{"rendered":"<p>Ma\u0219ina de \u00eendoit st\u00e2lpi GFF-18 utilizeaz\u0103 cinci capete sincronizate pentru a \u00eendoi eficient bare de arm\u0103tur\u0103 de 6-18 mm \u00een st\u00e2lpi. Ideal pentru linii de produc\u021bie de mare vitez\u0103 \u0219i volum mare.<\/p>","protected":false},"featured_media":9033,"template":"","meta":{"_kad_post_transparent":"default","_kad_post_title":"","_kad_post_layout":"default","_kad_post_sidebar_id":"","_kad_post_content_style":"default","_kad_post_vertical_padding":"default","_kad_post_feature":"","_kad_post_feature_position":"","_kad_post_header":false,"_kad_post_footer":false},"product_brand":[],"product_cat":[60],"product_tag":[1039,1036,1038,1037,1035,1041,1040],"class_list":{"0":"post-9030","1":"product","2":"type-product","3":"status-publish","4":"has-post-thumbnail","6":"product_cat-five-head-rebar-stirrup-bending-machine","7":"product_tag-5-head-rebar-bender-for-stirrup","8":"product_tag-automatic-stirrup-bender-with-five-heads","9":"product_tag-cnc-stirrup-bending-equipment","10":"product_tag-high-speed-rebar-stirrup-machine","11":"product_tag-multi-head-rebar-stirrup-bending-machine","12":"product_tag-rebar-stirrup-forming-machine","13":"product_tag-steel-bar-stirrup-making-machine","15":"first","16":"instock","17":"shipping-taxable","18":"product-type-simple","19":"entry","20":"content-bg","21":"loop-entry"},"yoast_head":"<!-- This site is optimized with the Yoast SEO plugin v25.3.1 - https:\/\/yoast.com\/wordpress\/plugins\/seo\/ -->\n<title>Five-Head Rebar Stirrup Bending Machine GFF-18 - HSY Construction Machinery<\/title>\n<meta name=\"description\" content=\"GFF-18 Five-Head Stirrup Bending Machine bends 6\u201318mm rebar into stirrups with speed and precision. Features PLC control and multi-head efficiency.\" \/>\n<meta name=\"robots\" content=\"index, follow, max-snippet:-1, max-image-preview:large, max-video-preview:-1\" \/>\n<link rel=\"canonical\" href=\"https:\/\/www.hsymachinery.com\/ro\/product\/masina-de-indoire-cu-cinci-capete-pentru-armaturi-gff-18\/\" \/>\n<meta property=\"og:locale\" content=\"ro_RO\" \/>\n<meta property=\"og:type\" content=\"article\" \/>\n<meta property=\"og:title\" content=\"Five-Head Rebar Stirrup Bending Machine GFF-18 - HSY Construction Machinery\" \/>\n<meta property=\"og:description\" content=\"GFF-18 Five-Head Stirrup Bending Machine bends 6\u201318mm rebar into stirrups with speed and precision. Features PLC control and multi-head efficiency.\" \/>\n<meta property=\"og:url\" content=\"https:\/\/www.hsymachinery.com\/ro\/product\/masina-de-indoire-cu-cinci-capete-pentru-armaturi-gff-18\/\" \/>\n<meta property=\"og:site_name\" content=\"HSY Construction Machinery\" \/>\n<meta property=\"article:modified_time\" content=\"2025-06-28T03:42:45+00:00\" \/>\n<meta property=\"og:image\" content=\"https:\/\/www.hsymachinery.com\/wp-content\/uploads\/2025\/06\/Five-Head-Rebar-Stirrup-Bending-Machine-GFF-18-e1750229454438.jpg\" \/>\n\t<meta property=\"og:image:width\" content=\"600\" \/>\n\t<meta property=\"og:image:height\" content=\"600\" \/>\n\t<meta property=\"og:image:type\" content=\"image\/jpeg\" \/>\n<meta name=\"twitter:card\" content=\"summary_large_image\" \/>\n<meta name=\"twitter:label1\" content=\"Timp estimat pentru citire\" \/>\n\t<meta name=\"twitter:data1\" content=\"2 minute\" \/>\n<script type=\"application\/ld+json\" class=\"yoast-schema-graph\">{\"@context\":\"https:\/\/schema.org\",\"@graph\":[{\"@type\":\"WebPage\",\"@id\":\"https:\/\/www.hsymachinery.com\/product\/five-head-rebar-stirrup-bending-machine-gff-18\/\",\"url\":\"https:\/\/www.hsymachinery.com\/product\/five-head-rebar-stirrup-bending-machine-gff-18\/\",\"name\":\"Five-Head Rebar Stirrup Bending Machine GFF-18 - HSY Construction Machinery\",\"isPartOf\":{\"@id\":\"https:\/\/www.hsymachinery.com\/#website\"},\"primaryImageOfPage\":{\"@id\":\"https:\/\/www.hsymachinery.com\/product\/five-head-rebar-stirrup-bending-machine-gff-18\/#primaryimage\"},\"image\":{\"@id\":\"https:\/\/www.hsymachinery.com\/product\/five-head-rebar-stirrup-bending-machine-gff-18\/#primaryimage\"},\"thumbnailUrl\":\"https:\/\/www.hsymachinery.com\/wp-content\/uploads\/2025\/06\/Five-Head-Rebar-Stirrup-Bending-Machine-GFF-18-e1750229454438.jpg\",\"datePublished\":\"2025-06-18T06:39:16+00:00\",\"dateModified\":\"2025-06-28T03:42:45+00:00\",\"description\":\"GFF-18 Five-Head Stirrup Bending Machine bends 6\u201318mm rebar into stirrups with speed and precision. Features PLC control and multi-head efficiency.\",\"breadcrumb\":{\"@id\":\"https:\/\/www.hsymachinery.com\/product\/five-head-rebar-stirrup-bending-machine-gff-18\/#breadcrumb\"},\"inLanguage\":\"ro-RO\",\"potentialAction\":[{\"@type\":\"ReadAction\",\"target\":[\"https:\/\/www.hsymachinery.com\/product\/five-head-rebar-stirrup-bending-machine-gff-18\/\"]}]},{\"@type\":\"ImageObject\",\"inLanguage\":\"ro-RO\",\"@id\":\"https:\/\/www.hsymachinery.com\/product\/five-head-rebar-stirrup-bending-machine-gff-18\/#primaryimage\",\"url\":\"https:\/\/www.hsymachinery.com\/wp-content\/uploads\/2025\/06\/Five-Head-Rebar-Stirrup-Bending-Machine-GFF-18-e1750229454438.jpg\",\"contentUrl\":\"https:\/\/www.hsymachinery.com\/wp-content\/uploads\/2025\/06\/Five-Head-Rebar-Stirrup-Bending-Machine-GFF-18-e1750229454438.jpg\",\"width\":600,\"height\":600},{\"@type\":\"BreadcrumbList\",\"@id\":\"https:\/\/www.hsymachinery.com\/product\/five-head-rebar-stirrup-bending-machine-gff-18\/#breadcrumb\",\"itemListElement\":[{\"@type\":\"ListItem\",\"position\":1,\"name\":\"home\",\"item\":\"https:\/\/www.hsymachinery.com\/\"},{\"@type\":\"ListItem\",\"position\":2,\"name\":\"products\",\"item\":\"https:\/\/www.hsymachinery.com\/products\/\"},{\"@type\":\"ListItem\",\"position\":3,\"name\":\"Five-Head Rebar Stirrup Bending Machine GFF-18\"}]},{\"@type\":\"WebSite\",\"@id\":\"https:\/\/www.hsymachinery.com\/#website\",\"url\":\"https:\/\/www.hsymachinery.com\/\",\"name\":\"HSY Construction Machinery\",\"description\":\"HSY Machinery \u2013 A leading China construction machinery supplier, offering a wide range of light construction equipment. Our main products include Rebar Cutting Machine, Rebar Bending Machine, Rebar Stirrup Bending Machine, Rebar Arc Bending Machine, Rebar Straightening Machine, Five-Head Rebar Stirrup Bending Machine, Tamping Rammer, Plate Compactor, Concrete Cutter, Power Trowel, and other construction machinery. We are equipped with advanced CNC machines, and we enforce strict quality inspection standards along with comprehensive after-sales service. If you are interested in our products or services, we warmly welcome your inquiries via message.\",\"publisher\":{\"@id\":\"https:\/\/www.hsymachinery.com\/#organization\"},\"potentialAction\":[{\"@type\":\"SearchAction\",\"target\":{\"@type\":\"EntryPoint\",\"urlTemplate\":\"https:\/\/www.hsymachinery.com\/?s={search_term_string}\"},\"query-input\":{\"@type\":\"PropertyValueSpecification\",\"valueRequired\":true,\"valueName\":\"search_term_string\"}}],\"inLanguage\":\"ro-RO\"},{\"@type\":\"Organization\",\"@id\":\"https:\/\/www.hsymachinery.com\/#organization\",\"name\":\"HSY Construction Machinery\",\"url\":\"https:\/\/www.hsymachinery.com\/\",\"logo\":{\"@type\":\"ImageObject\",\"inLanguage\":\"ro-RO\",\"@id\":\"https:\/\/www.hsymachinery.com\/#\/schema\/logo\/image\/\",\"url\":\"https:\/\/www.hsymachinery.com\/wp-content\/uploads\/2025\/06\/cropped-HSY-machinery.png\",\"contentUrl\":\"https:\/\/www.hsymachinery.com\/wp-content\/uploads\/2025\/06\/cropped-HSY-machinery.png\",\"width\":600,\"height\":240,\"caption\":\"HSY Construction Machinery\"},\"image\":{\"@id\":\"https:\/\/www.hsymachinery.com\/#\/schema\/logo\/image\/\"}}]}<\/script>\n<!-- \/ Yoast SEO plugin. -->","yoast_head_json":{"title":"Ma\u0219in\u0103 de \u00eendoit cu cinci capete pentru bare de arm\u0103tur\u0103 GFF-18 - HSY Construction Machinery","description":"GFF-18 Ma\u0219ina de \u00eendoit st\u00e2lpi cu cinci capete \u00eendoaie bare de arm\u0103tur\u0103 de 6-18 mm \u00een st\u00e2lpi cu vitez\u0103 \u0219i precizie. Dispune de control PLC \u0219i eficien\u021b\u0103 cu mai multe capete.","robots":{"index":"index","follow":"follow","max-snippet":"max-snippet:-1","max-image-preview":"max-image-preview:large","max-video-preview":"max-video-preview:-1"},"canonical":"https:\/\/www.hsymachinery.com\/ro\/product\/masina-de-indoire-cu-cinci-capete-pentru-armaturi-gff-18\/","og_locale":"ro_RO","og_type":"article","og_title":"Five-Head Rebar Stirrup Bending Machine GFF-18 - HSY Construction Machinery","og_description":"GFF-18 Five-Head Stirrup Bending Machine bends 6\u201318mm rebar into stirrups with speed and precision. Features PLC control and multi-head efficiency.","og_url":"https:\/\/www.hsymachinery.com\/ro\/product\/masina-de-indoire-cu-cinci-capete-pentru-armaturi-gff-18\/","og_site_name":"HSY Construction Machinery","article_modified_time":"2025-06-28T03:42:45+00:00","og_image":[{"width":600,"height":600,"url":"https:\/\/www.hsymachinery.com\/wp-content\/uploads\/2025\/06\/Five-Head-Rebar-Stirrup-Bending-Machine-GFF-18-e1750229454438.jpg","type":"image\/jpeg"}],"twitter_card":"summary_large_image","twitter_misc":{"Timp estimat pentru citire":"2 minute"},"schema":{"@context":"https:\/\/schema.org","@graph":[{"@type":"WebPage","@id":"https:\/\/www.hsymachinery.com\/product\/five-head-rebar-stirrup-bending-machine-gff-18\/","url":"https:\/\/www.hsymachinery.com\/product\/five-head-rebar-stirrup-bending-machine-gff-18\/","name":"Ma\u0219in\u0103 de \u00eendoit cu cinci capete pentru bare de arm\u0103tur\u0103 GFF-18 - HSY Construction Machinery","isPartOf":{"@id":"https:\/\/www.hsymachinery.com\/#website"},"primaryImageOfPage":{"@id":"https:\/\/www.hsymachinery.com\/product\/five-head-rebar-stirrup-bending-machine-gff-18\/#primaryimage"},"image":{"@id":"https:\/\/www.hsymachinery.com\/product\/five-head-rebar-stirrup-bending-machine-gff-18\/#primaryimage"},"thumbnailUrl":"https:\/\/www.hsymachinery.com\/wp-content\/uploads\/2025\/06\/Five-Head-Rebar-Stirrup-Bending-Machine-GFF-18-e1750229454438.jpg","datePublished":"2025-06-18T06:39:16+00:00","dateModified":"2025-06-28T03:42:45+00:00","description":"GFF-18 Ma\u0219ina de \u00eendoit st\u00e2lpi cu cinci capete \u00eendoaie bare de arm\u0103tur\u0103 de 6-18 mm \u00een st\u00e2lpi cu vitez\u0103 \u0219i precizie. Dispune de control PLC \u0219i eficien\u021b\u0103 cu mai multe capete.","breadcrumb":{"@id":"https:\/\/www.hsymachinery.com\/product\/five-head-rebar-stirrup-bending-machine-gff-18\/#breadcrumb"},"inLanguage":"ro-RO","potentialAction":[{"@type":"ReadAction","target":["https:\/\/www.hsymachinery.com\/product\/five-head-rebar-stirrup-bending-machine-gff-18\/"]}]},{"@type":"ImageObject","inLanguage":"ro-RO","@id":"https:\/\/www.hsymachinery.com\/product\/five-head-rebar-stirrup-bending-machine-gff-18\/#primaryimage","url":"https:\/\/www.hsymachinery.com\/wp-content\/uploads\/2025\/06\/Five-Head-Rebar-Stirrup-Bending-Machine-GFF-18-e1750229454438.jpg","contentUrl":"https:\/\/www.hsymachinery.com\/wp-content\/uploads\/2025\/06\/Five-Head-Rebar-Stirrup-Bending-Machine-GFF-18-e1750229454438.jpg","width":600,"height":600},{"@type":"BreadcrumbList","@id":"https:\/\/www.hsymachinery.com\/product\/five-head-rebar-stirrup-bending-machine-gff-18\/#breadcrumb","itemListElement":[{"@type":"ListItem","position":1,"name":"home","item":"https:\/\/www.hsymachinery.com\/"},{"@type":"ListItem","position":2,"name":"products","item":"https:\/\/www.hsymachinery.com\/products\/"},{"@type":"ListItem","position":3,"name":"Five-Head Rebar Stirrup Bending Machine GFF-18"}]},{"@type":"WebSite","@id":"https:\/\/www.hsymachinery.com\/#website","url":"https:\/\/www.hsymachinery.com\/","name":"HSY Ma\u0219ini de construc\u021bii","description":"HSY Machinery - Un furnizor lider de ma\u0219ini de construc\u021bii din China, care ofer\u0103 o gam\u0103 larg\u0103 de echipamente de construc\u021bii u\u0219oare. Produsele noastre principale includ Ma\u0219ina de t\u0103iat arm\u0103turi, Ma\u0219ina de \u00eendoit arm\u0103turi, Ma\u0219ina de \u00eendoit st\u00e2lpi de arm\u0103turi, Ma\u0219ina de \u00eendoit arcuri de arm\u0103turi, Ma\u0219ina de \u00eendreptat arm\u0103turi, Ma\u0219ina de \u00eendoit st\u00e2lpi de arm\u0103turi cu cinci capete, Rammer de compactare, Compactor de pl\u0103ci, T\u0103ietor de beton, Mistrie electric\u0103 \u0219i alte utilaje de construc\u021bii. Suntem echipa\u021bi cu ma\u0219ini CNC avansate \u0219i aplic\u0103m standarde stricte de inspec\u021bie a calit\u0103\u021bii, \u00eempreun\u0103 cu servicii post-v\u00e2nzare complete. Dac\u0103 sunte\u021bi interesat de produsele sau serviciile noastre, primim cu c\u0103ldur\u0103 cererile dvs. prin mesaj.","publisher":{"@id":"https:\/\/www.hsymachinery.com\/#organization"},"potentialAction":[{"@type":"SearchAction","target":{"@type":"EntryPoint","urlTemplate":"https:\/\/www.hsymachinery.com\/?s={search_term_string}"},"query-input":{"@type":"PropertyValueSpecification","valueRequired":true,"valueName":"search_term_string"}}],"inLanguage":"ro-RO"},{"@type":"Organization","@id":"https:\/\/www.hsymachinery.com\/#organization","name":"HSY Ma\u0219ini de construc\u021bii","url":"https:\/\/www.hsymachinery.com\/","logo":{"@type":"ImageObject","inLanguage":"ro-RO","@id":"https:\/\/www.hsymachinery.com\/#\/schema\/logo\/image\/","url":"https:\/\/www.hsymachinery.com\/wp-content\/uploads\/2025\/06\/cropped-HSY-machinery.png","contentUrl":"https:\/\/www.hsymachinery.com\/wp-content\/uploads\/2025\/06\/cropped-HSY-machinery.png","width":600,"height":240,"caption":"HSY Construction Machinery"},"image":{"@id":"https:\/\/www.hsymachinery.com\/#\/schema\/logo\/image\/"}}]}},"_links":{"self":[{"href":"https:\/\/www.hsymachinery.com\/ro\/wp-json\/wp\/v2\/product\/9030","targetHints":{"allow":["GET"]}}],"collection":[{"href":"https:\/\/www.hsymachinery.com\/ro\/wp-json\/wp\/v2\/product"}],"about":[{"href":"https:\/\/www.hsymachinery.com\/ro\/wp-json\/wp\/v2\/types\/product"}],"version-history":[{"count":7,"href":"https:\/\/www.hsymachinery.com\/ro\/wp-json\/wp\/v2\/product\/9030\/revisions"}],"predecessor-version":[{"id":9462,"href":"https:\/\/www.hsymachinery.com\/ro\/wp-json\/wp\/v2\/product\/9030\/revisions\/9462"}],"wp:featuredmedia":[{"embeddable":true,"href":"https:\/\/www.hsymachinery.com\/ro\/wp-json\/wp\/v2\/media\/9033"}],"wp:attachment":[{"href":"https:\/\/www.hsymachinery.com\/ro\/wp-json\/wp\/v2\/media?parent=9030"}],"wp:term":[{"taxonomy":"product_brand","embeddable":true,"href":"https:\/\/www.hsymachinery.com\/ro\/wp-json\/wp\/v2\/product_brand?post=9030"},{"taxonomy":"product_cat","embeddable":true,"href":"https:\/\/www.hsymachinery.com\/ro\/wp-json\/wp\/v2\/product_cat?post=9030"},{"taxonomy":"product_tag","embeddable":true,"href":"https:\/\/www.hsymachinery.com\/ro\/wp-json\/wp\/v2\/product_tag?post=9030"}],"curies":[{"name":"wp","href":"https:\/\/api.w.org\/{rel}","templated":true}]}}