{"id":9027,"date":"2025-06-18T14:25:15","date_gmt":"2025-06-18T06:25:15","guid":{"rendered":"https:\/\/www.hsymachinery.com\/?post_type=product&#038;p=9027"},"modified":"2025-06-28T00:49:19","modified_gmt":"2025-06-27T16:49:19","slug":"masina-de-indreptat-armaturi-gtf4-16b","status":"publish","type":"product","link":"https:\/\/www.hsymachinery.com\/ro\/product\/masina-de-indreptat-armaturi-gtf4-16b\/","title":{"rendered":"Ma\u0219in\u0103 de \u00eendreptare a arm\u0103turilor GTF4-16B"},"content":{"rendered":"<h2 data-start=\"151\" data-end=\"195\">Ma\u0219in\u0103 de \u00eendreptare a arm\u0103turilor GTF4-16B<\/h2>\n<h3 data-start=\"196\" data-end=\"361\">GTF4-16B Ma\u0219in\u0103 de \u00eendreptare a arm\u0103turilor cu frecven\u021b\u0103 variabil\u0103 pentru o\u021bel \u00een bobin\u0103 de 4-16 mm | Sistem inteligent de \u00eendreptare controlat de VFD pentru prelucrarea o\u021belului pentru construc\u021bii<\/h3>\n<h3 data-start=\"368\" data-end=\"453\">Prezentare general\u0103 a produsului - \u00cendreptare avansat\u0103 a barei de bobin\u0103 cu reglare inteligent\u0103 a vitezei<\/h3>\n<p data-start=\"455\" data-end=\"890\">The <strong data-start=\"459\" data-end=\"499\"><a href=\"https:\/\/www.hsymachinery.com\/ro\/produse\/masina-de-indreptare-a-armaturilor\/\" target=\"_blank\" rel=\"noopener\">Rebar \u00eendreptare ma\u0219in\u0103<\/a> GTF4-16B<\/strong> este un model de \u00eenalt\u0103 performan\u021b\u0103 conceput pentru a \u00eendrepta bare de o\u021bel bobinate de la 4 mm la 16 mm cu un control \u0219i o eficien\u021b\u0103 de neegalat. Echipat cu un dispozitiv de ac\u021bionare cu frecven\u021b\u0103 variabil\u0103 (VFD), acesta permite reglarea lin\u0103 a vitezei, reducerea stresului mecanic \u0219i utilizarea optimizat\u0103 a energiei, ceea ce \u00eel face o alegere inteligent\u0103 pentru atelierele moderne de fabricare a o\u021belului, \u0219antierele de construc\u021bii \u0219i liniile de fabrica\u021bie a arm\u0103turilor.<\/p>\n<p data-start=\"892\" data-end=\"1008\">Cu controlul s\u0103u avansat al invertorului, GTF4-16B se adapteaz\u0103 f\u0103r\u0103 efort la diferite materiale \u0219i cerin\u021be de ie\u0219ire.<\/p>\n<h3 data-start=\"1015\" data-end=\"1073\">Control inteligent al vitezei \u0219i func\u021bionare cu cuplu ridicat<\/h3>\n<p data-start=\"1075\" data-end=\"1315\">Datorit\u0103 sistemului s\u0103u invertor integrat, GTF4-16B ofer\u0103 operatorilor un control precis asupra procesului de \u00eendreptare. Pute\u021bi ajusta viteza \u00een timp real pentru a v\u0103 adapta la condi\u021biile variabile ale arm\u0103turii, cum ar fi duritatea materialului sau tensiunea bobinei.<\/p>\n<p data-start=\"1317\" data-end=\"1599\">Ma\u0219ina dispune de un motor cu cuplu mare care ofer\u0103 o putere constant\u0103, \u00een timp ce sistemul de reglare a rolelor asigur\u0103 c\u0103 fiecare bar\u0103 iese complet dreapt\u0103 \u0219i preg\u0103tit\u0103 pentru prelucrare ulterioar\u0103. Designul prioritizeaz\u0103 at\u00e2t stabilitatea, c\u00e2t \u0219i precizia, chiar \u0219i \u00een medii de utilizare continu\u0103.<\/p>\n<h3 data-start=\"1606\" data-end=\"1668\">Construc\u021bie durabil\u0103 cu suport pentru tensiune interna\u021bional\u0103<\/h3>\n<p data-start=\"1670\" data-end=\"1957\">Construit pentru uz profesional, acest aparat utilizeaz\u0103 o structur\u0103 din o\u021bel ranforsat \u0219i o funda\u021bie anti-vibra\u021bii, ceea ce \u00eel face foarte durabil \u00een condi\u021bii de volum mare de lucru. Amprenta sa compact\u0103, combinat\u0103 cu ro\u021bile de mobilitate, \u00eel face u\u0219or de transportat sau de integrat \u00eentr-un flux de produc\u021bie.<\/p>\n<p data-start=\"1959\" data-end=\"2096\">GTF4-16B suport\u0103 at\u00e2t 220V, c\u00e2t \u0219i 380V (50Hz\/60Hz), oferind compatibilitate flexibil\u0103 pentru exportul global \u0219i implementarea la fa\u021ba locului.<\/p>\n<h3 data-start=\"2103\" data-end=\"2161\">Caracteristici principale ale Rebar Straightener GTF4-16B<\/h3>\n<ul data-start=\"2163\" data-end=\"2495\">\n<li data-start=\"2163\" data-end=\"2233\">\n<p data-start=\"2165\" data-end=\"2233\">\u00cendreapt\u0103 bare de arm\u0103tur\u0103 bobinate de 4-16 mm cu precizie controlat\u0103 de invertor<\/p>\n<\/li>\n<li data-start=\"2234\" data-end=\"2302\">\n<p data-start=\"2236\" data-end=\"2302\">Ac\u021bionare cu frecven\u021b\u0103 variabil\u0103 pentru o vitez\u0103 de procesare uniform\u0103 \u0219i reglabil\u0103<\/p>\n<\/li>\n<li data-start=\"2303\" data-end=\"2365\">\n<p data-start=\"2305\" data-end=\"2365\">Trac\u021biune stabil\u0103 \u0219i aliniere a rolelor pentru o produc\u021bie constant\u0103<\/p>\n<\/li>\n<li data-start=\"2366\" data-end=\"2429\">\n<p data-start=\"2368\" data-end=\"2429\">Compact, durabil \u0219i optimizat pentru opera\u021biuni interna\u021bionale<\/p>\n<\/li>\n<li data-start=\"2430\" data-end=\"2495\">\n<p data-start=\"2432\" data-end=\"2495\">Potrivit pentru prefabricate, industriale \u0219i prelucrarea o\u021belului la fa\u021ba locului<\/p>\n<\/li>\n<\/ul>\n<p><iframe title=\"\u00cendrept\u0103tor de bare. T\u0103ietor de arm\u0103tur\u0103. Ma\u0219in\u0103 de t\u0103iat arm\u0103turi. #rebarcutter #rebarcuttingmachine\" width=\"720\" height=\"405\" src=\"https:\/\/www.youtube.com\/embed\/7FKkySPeKVQ?feature=oembed\" frameborder=\"0\" allow=\"accelerometer; autoplay; clipboard-write; encrypted-media; gyroscope; picture-in-picture; web-share\" referrerpolicy=\"strict-origin-when-cross-origin\" allowfullscreen><\/iframe><\/p>","protected":false},"excerpt":{"rendered":"<p>\u00cendrept\u0103torul de bare de arm\u0103tur\u0103 GTF4-16B gestioneaz\u0103 bare de bobin\u0103 de 4-16 mm cu control al frecven\u021bei variabile. Proiectat pentru utilizare intensiv\u0103 \u0219i la export, oferind o reglare lin\u0103 a vitezei \u0219i o ie\u0219ire precis\u0103.<\/p>","protected":false},"featured_media":9028,"template":"","meta":{"_kad_post_transparent":"default","_kad_post_title":"","_kad_post_layout":"default","_kad_post_sidebar_id":"","_kad_post_content_style":"default","_kad_post_vertical_padding":"default","_kad_post_feature":"","_kad_post_feature_position":"","_kad_post_header":false,"_kad_post_footer":false},"product_brand":[],"product_cat":[62],"product_tag":[1026,1028,1030,1031,1034,1027,1032,1025,1029,1033],"class_list":{"0":"post-9027","1":"product","2":"type-product","3":"status-publish","4":"has-post-thumbnail","6":"product_cat-rebar-straightening-machine","7":"product_tag-automatic-rebar-straightener","8":"product_tag-cnc-rebar-straightening-equipment","9":"product_tag-coiled-rebar-straightening-machine","10":"product_tag-construction-bar-straightening-machine","11":"product_tag-high-speed-rebar-straightening-tool","12":"product_tag-hydraulic-rebar-straightening-machine","13":"product_tag-rebar-leveling-and-cutting-machine","14":"product_tag-steel-bar-straightening-machine","15":"product_tag-steel-wire-straightener-and-cutter","16":"product_tag-straightening-machine-for-steel-rods","18":"first","19":"instock","20":"shipping-taxable","21":"product-type-simple","22":"entry","23":"content-bg","24":"loop-entry"},"yoast_head":"<!-- This site is optimized with the Yoast SEO plugin v25.3.1 - https:\/\/yoast.com\/wordpress\/plugins\/seo\/ -->\n<title>Rebar Straightening Machine GTF4-16B - HSY Construction Machinery<\/title>\n<meta name=\"description\" content=\"Rebar Straightening Machine GTF4-16B straightens 4\u201316mm steel bars with VFD control. Reliable, adjustable, and export-ready for industrial rebar processing.\" \/>\n<meta name=\"robots\" content=\"index, follow, max-snippet:-1, max-image-preview:large, max-video-preview:-1\" \/>\n<link rel=\"canonical\" href=\"https:\/\/www.hsymachinery.com\/ro\/product\/masina-de-indreptat-armaturi-gtf4-16b\/\" \/>\n<meta property=\"og:locale\" content=\"ro_RO\" \/>\n<meta property=\"og:type\" content=\"article\" \/>\n<meta property=\"og:title\" content=\"Rebar Straightening Machine GTF4-16B - HSY Construction Machinery\" \/>\n<meta property=\"og:description\" content=\"Rebar Straightening Machine GTF4-16B straightens 4\u201316mm steel bars with VFD control. Reliable, adjustable, and export-ready for industrial rebar processing.\" \/>\n<meta property=\"og:url\" content=\"https:\/\/www.hsymachinery.com\/ro\/product\/masina-de-indreptat-armaturi-gtf4-16b\/\" \/>\n<meta property=\"og:site_name\" content=\"HSY Construction Machinery\" \/>\n<meta property=\"article:modified_time\" content=\"2025-06-27T16:49:19+00:00\" \/>\n<meta property=\"og:image\" content=\"https:\/\/www.hsymachinery.com\/wp-content\/uploads\/2025\/06\/Rebar-Straightening-Machine-GTF4-16B.jpg\" \/>\n\t<meta property=\"og:image:width\" content=\"600\" \/>\n\t<meta property=\"og:image:height\" content=\"600\" \/>\n\t<meta property=\"og:image:type\" content=\"image\/jpeg\" \/>\n<meta name=\"twitter:card\" content=\"summary_large_image\" \/>\n<meta name=\"twitter:label1\" content=\"Timp estimat pentru citire\" \/>\n\t<meta name=\"twitter:data1\" content=\"2 minute\" \/>\n<script type=\"application\/ld+json\" class=\"yoast-schema-graph\">{\"@context\":\"https:\/\/schema.org\",\"@graph\":[{\"@type\":\"WebPage\",\"@id\":\"https:\/\/www.hsymachinery.com\/product\/rebar-straightening-machine-gtf4-16b\/\",\"url\":\"https:\/\/www.hsymachinery.com\/product\/rebar-straightening-machine-gtf4-16b\/\",\"name\":\"Rebar Straightening Machine GTF4-16B - HSY Construction Machinery\",\"isPartOf\":{\"@id\":\"https:\/\/www.hsymachinery.com\/#website\"},\"primaryImageOfPage\":{\"@id\":\"https:\/\/www.hsymachinery.com\/product\/rebar-straightening-machine-gtf4-16b\/#primaryimage\"},\"image\":{\"@id\":\"https:\/\/www.hsymachinery.com\/product\/rebar-straightening-machine-gtf4-16b\/#primaryimage\"},\"thumbnailUrl\":\"https:\/\/www.hsymachinery.com\/wp-content\/uploads\/2025\/06\/Rebar-Straightening-Machine-GTF4-16B.jpg\",\"datePublished\":\"2025-06-18T06:25:15+00:00\",\"dateModified\":\"2025-06-27T16:49:19+00:00\",\"description\":\"Rebar Straightening Machine GTF4-16B straightens 4\u201316mm steel bars with VFD control. Reliable, adjustable, and export-ready for industrial rebar processing.\",\"breadcrumb\":{\"@id\":\"https:\/\/www.hsymachinery.com\/product\/rebar-straightening-machine-gtf4-16b\/#breadcrumb\"},\"inLanguage\":\"ro-RO\",\"potentialAction\":[{\"@type\":\"ReadAction\",\"target\":[\"https:\/\/www.hsymachinery.com\/product\/rebar-straightening-machine-gtf4-16b\/\"]}]},{\"@type\":\"ImageObject\",\"inLanguage\":\"ro-RO\",\"@id\":\"https:\/\/www.hsymachinery.com\/product\/rebar-straightening-machine-gtf4-16b\/#primaryimage\",\"url\":\"https:\/\/www.hsymachinery.com\/wp-content\/uploads\/2025\/06\/Rebar-Straightening-Machine-GTF4-16B.jpg\",\"contentUrl\":\"https:\/\/www.hsymachinery.com\/wp-content\/uploads\/2025\/06\/Rebar-Straightening-Machine-GTF4-16B.jpg\",\"width\":600,\"height\":600},{\"@type\":\"BreadcrumbList\",\"@id\":\"https:\/\/www.hsymachinery.com\/product\/rebar-straightening-machine-gtf4-16b\/#breadcrumb\",\"itemListElement\":[{\"@type\":\"ListItem\",\"position\":1,\"name\":\"home\",\"item\":\"https:\/\/www.hsymachinery.com\/\"},{\"@type\":\"ListItem\",\"position\":2,\"name\":\"products\",\"item\":\"https:\/\/www.hsymachinery.com\/products\/\"},{\"@type\":\"ListItem\",\"position\":3,\"name\":\"Rebar Straightening Machine GTF4-16B\"}]},{\"@type\":\"WebSite\",\"@id\":\"https:\/\/www.hsymachinery.com\/#website\",\"url\":\"https:\/\/www.hsymachinery.com\/\",\"name\":\"HSY Construction Machinery\",\"description\":\"HSY Machinery \u2013 A leading China construction machinery supplier, offering a wide range of light construction equipment. Our main products include Rebar Cutting Machine, Rebar Bending Machine, Rebar Stirrup Bending Machine, Rebar Arc Bending Machine, Rebar Straightening Machine, Five-Head Rebar Stirrup Bending Machine, Tamping Rammer, Plate Compactor, Concrete Cutter, Power Trowel, and other construction machinery. We are equipped with advanced CNC machines, and we enforce strict quality inspection standards along with comprehensive after-sales service. If you are interested in our products or services, we warmly welcome your inquiries via message.\",\"publisher\":{\"@id\":\"https:\/\/www.hsymachinery.com\/#organization\"},\"potentialAction\":[{\"@type\":\"SearchAction\",\"target\":{\"@type\":\"EntryPoint\",\"urlTemplate\":\"https:\/\/www.hsymachinery.com\/?s={search_term_string}\"},\"query-input\":{\"@type\":\"PropertyValueSpecification\",\"valueRequired\":true,\"valueName\":\"search_term_string\"}}],\"inLanguage\":\"ro-RO\"},{\"@type\":\"Organization\",\"@id\":\"https:\/\/www.hsymachinery.com\/#organization\",\"name\":\"HSY Construction Machinery\",\"url\":\"https:\/\/www.hsymachinery.com\/\",\"logo\":{\"@type\":\"ImageObject\",\"inLanguage\":\"ro-RO\",\"@id\":\"https:\/\/www.hsymachinery.com\/#\/schema\/logo\/image\/\",\"url\":\"https:\/\/www.hsymachinery.com\/wp-content\/uploads\/2025\/06\/cropped-HSY-machinery.png\",\"contentUrl\":\"https:\/\/www.hsymachinery.com\/wp-content\/uploads\/2025\/06\/cropped-HSY-machinery.png\",\"width\":600,\"height\":240,\"caption\":\"HSY Construction Machinery\"},\"image\":{\"@id\":\"https:\/\/www.hsymachinery.com\/#\/schema\/logo\/image\/\"}}]}<\/script>\n<!-- \/ Yoast SEO plugin. -->","yoast_head_json":{"title":"Ma\u0219in\u0103 de \u00eendreptat arm\u0103turi GTF4-16B - HSY Ma\u0219ini de construc\u021bii","description":"Ma\u0219ina de \u00eendreptat arm\u0103turi GTF4-16B \u00eendreapt\u0103 bare de o\u021bel de 4-16 mm cu control VFD. Fiabil\u0103, reglabil\u0103 \u0219i preg\u0103tit\u0103 pentru export pentru prelucrarea industrial\u0103 a arm\u0103turilor.","robots":{"index":"index","follow":"follow","max-snippet":"max-snippet:-1","max-image-preview":"max-image-preview:large","max-video-preview":"max-video-preview:-1"},"canonical":"https:\/\/www.hsymachinery.com\/ro\/product\/masina-de-indreptat-armaturi-gtf4-16b\/","og_locale":"ro_RO","og_type":"article","og_title":"Rebar Straightening Machine GTF4-16B - HSY Construction Machinery","og_description":"Rebar Straightening Machine GTF4-16B straightens 4\u201316mm steel bars with VFD control. Reliable, adjustable, and export-ready for industrial rebar processing.","og_url":"https:\/\/www.hsymachinery.com\/ro\/product\/masina-de-indreptat-armaturi-gtf4-16b\/","og_site_name":"HSY Construction Machinery","article_modified_time":"2025-06-27T16:49:19+00:00","og_image":[{"width":600,"height":600,"url":"https:\/\/www.hsymachinery.com\/wp-content\/uploads\/2025\/06\/Rebar-Straightening-Machine-GTF4-16B.jpg","type":"image\/jpeg"}],"twitter_card":"summary_large_image","twitter_misc":{"Timp estimat pentru citire":"2 minute"},"schema":{"@context":"https:\/\/schema.org","@graph":[{"@type":"WebPage","@id":"https:\/\/www.hsymachinery.com\/product\/rebar-straightening-machine-gtf4-16b\/","url":"https:\/\/www.hsymachinery.com\/product\/rebar-straightening-machine-gtf4-16b\/","name":"Ma\u0219in\u0103 de \u00eendreptat arm\u0103turi GTF4-16B - HSY Ma\u0219ini de construc\u021bii","isPartOf":{"@id":"https:\/\/www.hsymachinery.com\/#website"},"primaryImageOfPage":{"@id":"https:\/\/www.hsymachinery.com\/product\/rebar-straightening-machine-gtf4-16b\/#primaryimage"},"image":{"@id":"https:\/\/www.hsymachinery.com\/product\/rebar-straightening-machine-gtf4-16b\/#primaryimage"},"thumbnailUrl":"https:\/\/www.hsymachinery.com\/wp-content\/uploads\/2025\/06\/Rebar-Straightening-Machine-GTF4-16B.jpg","datePublished":"2025-06-18T06:25:15+00:00","dateModified":"2025-06-27T16:49:19+00:00","description":"Ma\u0219ina de \u00eendreptat arm\u0103turi GTF4-16B \u00eendreapt\u0103 bare de o\u021bel de 4-16 mm cu control VFD. Fiabil\u0103, reglabil\u0103 \u0219i preg\u0103tit\u0103 pentru export pentru prelucrarea industrial\u0103 a arm\u0103turilor.","breadcrumb":{"@id":"https:\/\/www.hsymachinery.com\/product\/rebar-straightening-machine-gtf4-16b\/#breadcrumb"},"inLanguage":"ro-RO","potentialAction":[{"@type":"ReadAction","target":["https:\/\/www.hsymachinery.com\/product\/rebar-straightening-machine-gtf4-16b\/"]}]},{"@type":"ImageObject","inLanguage":"ro-RO","@id":"https:\/\/www.hsymachinery.com\/product\/rebar-straightening-machine-gtf4-16b\/#primaryimage","url":"https:\/\/www.hsymachinery.com\/wp-content\/uploads\/2025\/06\/Rebar-Straightening-Machine-GTF4-16B.jpg","contentUrl":"https:\/\/www.hsymachinery.com\/wp-content\/uploads\/2025\/06\/Rebar-Straightening-Machine-GTF4-16B.jpg","width":600,"height":600},{"@type":"BreadcrumbList","@id":"https:\/\/www.hsymachinery.com\/product\/rebar-straightening-machine-gtf4-16b\/#breadcrumb","itemListElement":[{"@type":"ListItem","position":1,"name":"home","item":"https:\/\/www.hsymachinery.com\/"},{"@type":"ListItem","position":2,"name":"products","item":"https:\/\/www.hsymachinery.com\/products\/"},{"@type":"ListItem","position":3,"name":"Rebar Straightening Machine GTF4-16B"}]},{"@type":"WebSite","@id":"https:\/\/www.hsymachinery.com\/#website","url":"https:\/\/www.hsymachinery.com\/","name":"HSY Ma\u0219ini de construc\u021bii","description":"HSY Machinery - Un furnizor lider de ma\u0219ini de construc\u021bii din China, care ofer\u0103 o gam\u0103 larg\u0103 de echipamente de construc\u021bii u\u0219oare. Produsele noastre principale includ Ma\u0219ina de t\u0103iat arm\u0103turi, Ma\u0219ina de \u00eendoit arm\u0103turi, Ma\u0219ina de \u00eendoit st\u00e2lpi de arm\u0103turi, Ma\u0219ina de \u00eendoit arcuri de arm\u0103turi, Ma\u0219ina de \u00eendreptat arm\u0103turi, Ma\u0219ina de \u00eendoit st\u00e2lpi de arm\u0103turi cu cinci capete, Rammer de compactare, Compactor de pl\u0103ci, T\u0103ietor de beton, Mistrie electric\u0103 \u0219i alte utilaje de construc\u021bii. Suntem echipa\u021bi cu ma\u0219ini CNC avansate \u0219i aplic\u0103m standarde stricte de inspec\u021bie a calit\u0103\u021bii, \u00eempreun\u0103 cu servicii post-v\u00e2nzare complete. Dac\u0103 sunte\u021bi interesat de produsele sau serviciile noastre, primim cu c\u0103ldur\u0103 cererile dvs. prin mesaj.","publisher":{"@id":"https:\/\/www.hsymachinery.com\/#organization"},"potentialAction":[{"@type":"SearchAction","target":{"@type":"EntryPoint","urlTemplate":"https:\/\/www.hsymachinery.com\/?s={search_term_string}"},"query-input":{"@type":"PropertyValueSpecification","valueRequired":true,"valueName":"search_term_string"}}],"inLanguage":"ro-RO"},{"@type":"Organization","@id":"https:\/\/www.hsymachinery.com\/#organization","name":"HSY Ma\u0219ini de construc\u021bii","url":"https:\/\/www.hsymachinery.com\/","logo":{"@type":"ImageObject","inLanguage":"ro-RO","@id":"https:\/\/www.hsymachinery.com\/#\/schema\/logo\/image\/","url":"https:\/\/www.hsymachinery.com\/wp-content\/uploads\/2025\/06\/cropped-HSY-machinery.png","contentUrl":"https:\/\/www.hsymachinery.com\/wp-content\/uploads\/2025\/06\/cropped-HSY-machinery.png","width":600,"height":240,"caption":"HSY Construction Machinery"},"image":{"@id":"https:\/\/www.hsymachinery.com\/#\/schema\/logo\/image\/"}}]}},"_links":{"self":[{"href":"https:\/\/www.hsymachinery.com\/ro\/wp-json\/wp\/v2\/product\/9027","targetHints":{"allow":["GET"]}}],"collection":[{"href":"https:\/\/www.hsymachinery.com\/ro\/wp-json\/wp\/v2\/product"}],"about":[{"href":"https:\/\/www.hsymachinery.com\/ro\/wp-json\/wp\/v2\/types\/product"}],"version-history":[{"count":3,"href":"https:\/\/www.hsymachinery.com\/ro\/wp-json\/wp\/v2\/product\/9027\/revisions"}],"predecessor-version":[{"id":9449,"href":"https:\/\/www.hsymachinery.com\/ro\/wp-json\/wp\/v2\/product\/9027\/revisions\/9449"}],"wp:featuredmedia":[{"embeddable":true,"href":"https:\/\/www.hsymachinery.com\/ro\/wp-json\/wp\/v2\/media\/9028"}],"wp:attachment":[{"href":"https:\/\/www.hsymachinery.com\/ro\/wp-json\/wp\/v2\/media?parent=9027"}],"wp:term":[{"taxonomy":"product_brand","embeddable":true,"href":"https:\/\/www.hsymachinery.com\/ro\/wp-json\/wp\/v2\/product_brand?post=9027"},{"taxonomy":"product_cat","embeddable":true,"href":"https:\/\/www.hsymachinery.com\/ro\/wp-json\/wp\/v2\/product_cat?post=9027"},{"taxonomy":"product_tag","embeddable":true,"href":"https:\/\/www.hsymachinery.com\/ro\/wp-json\/wp\/v2\/product_tag?post=9027"}],"curies":[{"name":"wp","href":"https:\/\/api.w.org\/{rel}","templated":true}]}}