{"id":9017,"date":"2025-06-18T14:20:41","date_gmt":"2025-06-18T06:20:41","guid":{"rendered":"https:\/\/www.hsymachinery.com\/?post_type=product&#038;p=9017"},"modified":"2025-06-28T00:27:56","modified_gmt":"2025-06-27T16:27:56","slug":"masina-de-indreptat-armaturi-gtu4-12b","status":"publish","type":"product","link":"https:\/\/www.hsymachinery.com\/ro\/product\/masina-de-indreptat-armaturi-gtu4-12b\/","title":{"rendered":"Ma\u0219in\u0103 de \u00eendreptare a arm\u0103turilor GTU4-12B"},"content":{"rendered":"<h2 data-start=\"112\" data-end=\"156\">Ma\u0219in\u0103 de \u00eendreptare a arm\u0103turilor GTU4-12B<\/h2>\n<h3 data-start=\"157\" data-end=\"288\">GTU4-12B Ma\u0219in\u0103 de \u00eendreptare a barelor de o\u021bel pentru 4-12 mm Rebar | \u00cendrept\u0103tor durabil de bobine de arm\u0103tur\u0103 pentru opera\u021biuni industriale \u0219i de teren<\/h3>\n<h3 data-start=\"295\" data-end=\"379\">Prezentare general\u0103 a produsului - \u00cendreptarea barei de arm\u0103tur\u0103 cu bobin\u0103 pentru sarcini grele cu randament constant<\/h3>\n<p data-start=\"381\" data-end=\"666\">The <strong data-start=\"385\" data-end=\"425\"><a href=\"https:\/\/www.hsymachinery.com\/ro\/produse\/masina-de-indreptare-a-armaturilor\/\" target=\"_blank\" rel=\"noopener\">Rebar \u00eendreptare ma\u0219in\u0103<\/a> GTU4-12B<\/strong> asigur\u0103 \u00eendreptarea de \u00eenalt\u0103 performan\u021b\u0103 a barelor de o\u021bel bobinate de la 4 mm la 12 mm. Proiectat pentru utilizare medie \u0219i grea, este utilizat \u00een mod obi\u0219nuit \u00een construc\u021biile de infrastructur\u0103, \u00een \u0219antierele de prelucrare a o\u021belului \u0219i \u00een fabricile de arm\u0103turi destinate exportului.<\/p>\n<p data-start=\"668\" data-end=\"804\">Cu un sistem de trac\u021biune fiabil \u0219i un corp din o\u021bel durabil, acest utilaj asigur\u0103 o produc\u021bie curat\u0103 \u0219i dreapt\u0103 chiar \u0219i \u00een medii de lucru solicitante.<\/p>\n<h3 data-start=\"811\" data-end=\"863\">Motor cu cuplu ridicat \u0219i sistem cu role de precizie<\/h3>\n<p data-start=\"865\" data-end=\"1202\">Pute\u021bi personaliza cu u\u0219urin\u021b\u0103 dispunerea \u0219i tensiunea rolelor pentru a v\u0103 adapta diferitelor dimensiuni ale barelor de o\u021bel. Motorul robust genereaz\u0103 suficient\u0103 putere de trac\u021biune pentru a \u00eendrepta f\u0103r\u0103 probleme \u0219i rapid bare de bobin\u0103 dense \u0219i r\u0103sucite. Fiecare bar\u0103 iese din ma\u0219in\u0103 cu un grad ridicat de \u00eendreptare \u0219i uniformitate, gata pentru sudare, t\u0103iere sau utilizare la fa\u021ba locului.<\/p>\n<p data-start=\"1204\" data-end=\"1356\">GTU4-12B dispune, de asemenea, de un sistem inteligent de control al vitezei, care permite ajust\u0103ri precise \u00een func\u021bie de propriet\u0103\u021bile materialului \u0219i de volumul de produc\u021bie.<\/p>\n<h3 data-start=\"1363\" data-end=\"1415\">Structur\u0103 preg\u0103tit\u0103 pentru export cu amprent\u0103 compact\u0103<\/h3>\n<p data-start=\"1417\" data-end=\"1666\">\u00cen ciuda cadrului s\u0103u robust, GTU4-12B are un design eficient din punct de vedere al spa\u021biului, permi\u021b\u00e2nd amplasarea flexibil\u0103 \u00een ateliere mici sau pe \u0219antiere. Func\u021bioneaz\u0103 la 220V sau 380V (50Hz\/60Hz), oferind compatibilitate complet\u0103 pentru clien\u021bii interna\u021bionali.<\/p>\n<p data-start=\"1668\" data-end=\"1791\">Construc\u021bia sa durabil\u0103, combinat\u0103 cu adaptabilitatea la tensiunea global\u0103, \u00eel face ideal pentru antreprenorii care lucreaz\u0103 \u00een regiuni diferite.<\/p>\n<h3 data-start=\"1798\" data-end=\"1856\">Caracteristicile principale ale \u00cendrept\u0103torului de arm\u0103turi GTU4-12B<\/h3>\n<ul data-start=\"1858\" data-end=\"2118\">\n<li data-start=\"1858\" data-end=\"1916\">\n<p data-start=\"1860\" data-end=\"1916\">\u00cendreapt\u0103 \u00een mod eficient \u0219i fiabil bare de arm\u0103tur\u0103 de 4-12 mm<\/p>\n<\/li>\n<li data-start=\"1917\" data-end=\"1990\">\n<p data-start=\"1919\" data-end=\"1990\">Potrivit pentru \u0219antierele siderurgice, pie\u021bele de export \u0219i aplica\u021biile industriale<\/p>\n<\/li>\n<li data-start=\"1991\" data-end=\"2053\">\n<p data-start=\"1993\" data-end=\"2053\">Trac\u021biune stabil\u0103 \u0219i role reglabile pentru o ie\u0219ire dreapt\u0103<\/p>\n<\/li>\n<li data-start=\"2054\" data-end=\"2118\">\n<p data-start=\"2056\" data-end=\"2118\">Design compact \u0219i u\u0219or de exportat cu suport pentru tensiune dubl\u0103<\/p>\n<\/li>\n<\/ul>\n<p><iframe title=\"#construc\u021bie #construc\u021bielucr\u0103tor #rebarma\u0219in\u0103 #rebarcutter #rebarcuttingmachine #rebar\" width=\"720\" height=\"405\" src=\"https:\/\/www.youtube.com\/embed\/iSdgJyeed00?feature=oembed\" frameborder=\"0\" allow=\"accelerometer; autoplay; clipboard-write; encrypted-media; gyroscope; picture-in-picture; web-share\" referrerpolicy=\"strict-origin-when-cross-origin\" allowfullscreen><\/iframe><\/p>","protected":false},"excerpt":{"rendered":"<p>GTU4-12B \u00eendreapt\u0103 bare de o\u021bel de 4-12 mm din bobin\u0103. Proiectat pentru utilizare pe teren \u0219i \u00een fabric\u0103, acesta ofer\u0103 o for\u021b\u0103 de trac\u021biune puternic\u0103 \u0219i o \u00eendreptare precis\u0103, cu compatibilitate global\u0103 de tensiune.<\/p>","protected":false},"featured_media":9018,"template":"","meta":{"_kad_post_transparent":"default","_kad_post_title":"","_kad_post_layout":"default","_kad_post_sidebar_id":"","_kad_post_content_style":"default","_kad_post_vertical_padding":"default","_kad_post_feature":"","_kad_post_feature_position":"","_kad_post_header":false,"_kad_post_footer":false},"product_brand":[],"product_cat":[62],"product_tag":[1026,1028,1030,1031,1034,1027,1032,1025,1029,1033],"class_list":{"0":"post-9017","1":"product","2":"type-product","3":"status-publish","4":"has-post-thumbnail","6":"product_cat-rebar-straightening-machine","7":"product_tag-automatic-rebar-straightener","8":"product_tag-cnc-rebar-straightening-equipment","9":"product_tag-coiled-rebar-straightening-machine","10":"product_tag-construction-bar-straightening-machine","11":"product_tag-high-speed-rebar-straightening-tool","12":"product_tag-hydraulic-rebar-straightening-machine","13":"product_tag-rebar-leveling-and-cutting-machine","14":"product_tag-steel-bar-straightening-machine","15":"product_tag-steel-wire-straightener-and-cutter","16":"product_tag-straightening-machine-for-steel-rods","18":"first","19":"instock","20":"shipping-taxable","21":"product-type-simple","22":"entry","23":"content-bg","24":"loop-entry"},"yoast_head":"<!-- This site is optimized with the Yoast SEO plugin v25.3.1 - https:\/\/yoast.com\/wordpress\/plugins\/seo\/ -->\n<title>Rebar Straightening Machine GTU4-12B - HSY Construction Machinery<\/title>\n<meta name=\"description\" content=\"Rebar Straightening Machine GTU4-12B processes 4\u201312mm coil bars. Ideal for industrial and export use with high power, precision rollers, and compact size.\" \/>\n<meta name=\"robots\" content=\"index, follow, max-snippet:-1, max-image-preview:large, max-video-preview:-1\" \/>\n<link rel=\"canonical\" href=\"https:\/\/www.hsymachinery.com\/ro\/product\/masina-de-indreptat-armaturi-gtu4-12b\/\" \/>\n<meta property=\"og:locale\" content=\"ro_RO\" \/>\n<meta property=\"og:type\" content=\"article\" \/>\n<meta property=\"og:title\" content=\"Rebar Straightening Machine GTU4-12B - HSY Construction Machinery\" \/>\n<meta property=\"og:description\" content=\"Rebar Straightening Machine GTU4-12B processes 4\u201312mm coil bars. Ideal for industrial and export use with high power, precision rollers, and compact size.\" \/>\n<meta property=\"og:url\" content=\"https:\/\/www.hsymachinery.com\/ro\/product\/masina-de-indreptat-armaturi-gtu4-12b\/\" \/>\n<meta property=\"og:site_name\" content=\"HSY Construction Machinery\" \/>\n<meta property=\"article:modified_time\" content=\"2025-06-27T16:27:56+00:00\" \/>\n<meta property=\"og:image\" content=\"https:\/\/www.hsymachinery.com\/wp-content\/uploads\/2025\/06\/Rebar-Straightening-Machine-GTU4-12B.jpg\" \/>\n\t<meta property=\"og:image:width\" content=\"600\" \/>\n\t<meta property=\"og:image:height\" content=\"600\" \/>\n\t<meta property=\"og:image:type\" content=\"image\/jpeg\" \/>\n<meta name=\"twitter:card\" content=\"summary_large_image\" \/>\n<meta name=\"twitter:label1\" content=\"Timp estimat pentru citire\" \/>\n\t<meta name=\"twitter:data1\" content=\"2 minute\" \/>\n<script type=\"application\/ld+json\" class=\"yoast-schema-graph\">{\"@context\":\"https:\/\/schema.org\",\"@graph\":[{\"@type\":\"WebPage\",\"@id\":\"https:\/\/www.hsymachinery.com\/product\/rebar-straightening-machine-gtu4-12b\/\",\"url\":\"https:\/\/www.hsymachinery.com\/product\/rebar-straightening-machine-gtu4-12b\/\",\"name\":\"Rebar Straightening Machine GTU4-12B - HSY Construction Machinery\",\"isPartOf\":{\"@id\":\"https:\/\/www.hsymachinery.com\/#website\"},\"primaryImageOfPage\":{\"@id\":\"https:\/\/www.hsymachinery.com\/product\/rebar-straightening-machine-gtu4-12b\/#primaryimage\"},\"image\":{\"@id\":\"https:\/\/www.hsymachinery.com\/product\/rebar-straightening-machine-gtu4-12b\/#primaryimage\"},\"thumbnailUrl\":\"https:\/\/www.hsymachinery.com\/wp-content\/uploads\/2025\/06\/Rebar-Straightening-Machine-GTU4-12B.jpg\",\"datePublished\":\"2025-06-18T06:20:41+00:00\",\"dateModified\":\"2025-06-27T16:27:56+00:00\",\"description\":\"Rebar Straightening Machine GTU4-12B processes 4\u201312mm coil bars. Ideal for industrial and export use with high power, precision rollers, and compact size.\",\"breadcrumb\":{\"@id\":\"https:\/\/www.hsymachinery.com\/product\/rebar-straightening-machine-gtu4-12b\/#breadcrumb\"},\"inLanguage\":\"ro-RO\",\"potentialAction\":[{\"@type\":\"ReadAction\",\"target\":[\"https:\/\/www.hsymachinery.com\/product\/rebar-straightening-machine-gtu4-12b\/\"]}]},{\"@type\":\"ImageObject\",\"inLanguage\":\"ro-RO\",\"@id\":\"https:\/\/www.hsymachinery.com\/product\/rebar-straightening-machine-gtu4-12b\/#primaryimage\",\"url\":\"https:\/\/www.hsymachinery.com\/wp-content\/uploads\/2025\/06\/Rebar-Straightening-Machine-GTU4-12B.jpg\",\"contentUrl\":\"https:\/\/www.hsymachinery.com\/wp-content\/uploads\/2025\/06\/Rebar-Straightening-Machine-GTU4-12B.jpg\",\"width\":600,\"height\":600},{\"@type\":\"BreadcrumbList\",\"@id\":\"https:\/\/www.hsymachinery.com\/product\/rebar-straightening-machine-gtu4-12b\/#breadcrumb\",\"itemListElement\":[{\"@type\":\"ListItem\",\"position\":1,\"name\":\"home\",\"item\":\"https:\/\/www.hsymachinery.com\/\"},{\"@type\":\"ListItem\",\"position\":2,\"name\":\"products\",\"item\":\"https:\/\/www.hsymachinery.com\/products\/\"},{\"@type\":\"ListItem\",\"position\":3,\"name\":\"Rebar Straightening Machine GTU4-12B\"}]},{\"@type\":\"WebSite\",\"@id\":\"https:\/\/www.hsymachinery.com\/#website\",\"url\":\"https:\/\/www.hsymachinery.com\/\",\"name\":\"HSY Construction Machinery\",\"description\":\"HSY Machinery \u2013 A leading China construction machinery supplier, offering a wide range of light construction equipment. Our main products include Rebar Cutting Machine, Rebar Bending Machine, Rebar Stirrup Bending Machine, Rebar Arc Bending Machine, Rebar Straightening Machine, Five-Head Rebar Stirrup Bending Machine, Tamping Rammer, Plate Compactor, Concrete Cutter, Power Trowel, and other construction machinery. We are equipped with advanced CNC machines, and we enforce strict quality inspection standards along with comprehensive after-sales service. If you are interested in our products or services, we warmly welcome your inquiries via message.\",\"publisher\":{\"@id\":\"https:\/\/www.hsymachinery.com\/#organization\"},\"potentialAction\":[{\"@type\":\"SearchAction\",\"target\":{\"@type\":\"EntryPoint\",\"urlTemplate\":\"https:\/\/www.hsymachinery.com\/?s={search_term_string}\"},\"query-input\":{\"@type\":\"PropertyValueSpecification\",\"valueRequired\":true,\"valueName\":\"search_term_string\"}}],\"inLanguage\":\"ro-RO\"},{\"@type\":\"Organization\",\"@id\":\"https:\/\/www.hsymachinery.com\/#organization\",\"name\":\"HSY Construction Machinery\",\"url\":\"https:\/\/www.hsymachinery.com\/\",\"logo\":{\"@type\":\"ImageObject\",\"inLanguage\":\"ro-RO\",\"@id\":\"https:\/\/www.hsymachinery.com\/#\/schema\/logo\/image\/\",\"url\":\"https:\/\/www.hsymachinery.com\/wp-content\/uploads\/2025\/06\/cropped-HSY-machinery.png\",\"contentUrl\":\"https:\/\/www.hsymachinery.com\/wp-content\/uploads\/2025\/06\/cropped-HSY-machinery.png\",\"width\":600,\"height\":240,\"caption\":\"HSY Construction Machinery\"},\"image\":{\"@id\":\"https:\/\/www.hsymachinery.com\/#\/schema\/logo\/image\/\"}}]}<\/script>\n<!-- \/ Yoast SEO plugin. -->","yoast_head_json":{"title":"Ma\u0219in\u0103 de \u00eendreptat arm\u0103turi GTU4-12B - HSY Ma\u0219ini de construc\u021bii","description":"Ma\u0219ina de \u00eendreptat bare de arm\u0103tur\u0103 GTU4-12B proceseaz\u0103 bare de bobin\u0103 de 4-12 mm. Ideal\u0103 pentru uz industrial \u0219i export, cu putere mare, role de precizie \u0219i dimensiuni compacte.","robots":{"index":"index","follow":"follow","max-snippet":"max-snippet:-1","max-image-preview":"max-image-preview:large","max-video-preview":"max-video-preview:-1"},"canonical":"https:\/\/www.hsymachinery.com\/ro\/product\/masina-de-indreptat-armaturi-gtu4-12b\/","og_locale":"ro_RO","og_type":"article","og_title":"Rebar Straightening Machine GTU4-12B - HSY Construction Machinery","og_description":"Rebar Straightening Machine GTU4-12B processes 4\u201312mm coil bars. Ideal for industrial and export use with high power, precision rollers, and compact size.","og_url":"https:\/\/www.hsymachinery.com\/ro\/product\/masina-de-indreptat-armaturi-gtu4-12b\/","og_site_name":"HSY Construction Machinery","article_modified_time":"2025-06-27T16:27:56+00:00","og_image":[{"width":600,"height":600,"url":"https:\/\/www.hsymachinery.com\/wp-content\/uploads\/2025\/06\/Rebar-Straightening-Machine-GTU4-12B.jpg","type":"image\/jpeg"}],"twitter_card":"summary_large_image","twitter_misc":{"Timp estimat pentru citire":"2 minute"},"schema":{"@context":"https:\/\/schema.org","@graph":[{"@type":"WebPage","@id":"https:\/\/www.hsymachinery.com\/product\/rebar-straightening-machine-gtu4-12b\/","url":"https:\/\/www.hsymachinery.com\/product\/rebar-straightening-machine-gtu4-12b\/","name":"Ma\u0219in\u0103 de \u00eendreptat arm\u0103turi GTU4-12B - HSY Ma\u0219ini de construc\u021bii","isPartOf":{"@id":"https:\/\/www.hsymachinery.com\/#website"},"primaryImageOfPage":{"@id":"https:\/\/www.hsymachinery.com\/product\/rebar-straightening-machine-gtu4-12b\/#primaryimage"},"image":{"@id":"https:\/\/www.hsymachinery.com\/product\/rebar-straightening-machine-gtu4-12b\/#primaryimage"},"thumbnailUrl":"https:\/\/www.hsymachinery.com\/wp-content\/uploads\/2025\/06\/Rebar-Straightening-Machine-GTU4-12B.jpg","datePublished":"2025-06-18T06:20:41+00:00","dateModified":"2025-06-27T16:27:56+00:00","description":"Ma\u0219ina de \u00eendreptat bare de arm\u0103tur\u0103 GTU4-12B proceseaz\u0103 bare de bobin\u0103 de 4-12 mm. Ideal\u0103 pentru uz industrial \u0219i export, cu putere mare, role de precizie \u0219i dimensiuni compacte.","breadcrumb":{"@id":"https:\/\/www.hsymachinery.com\/product\/rebar-straightening-machine-gtu4-12b\/#breadcrumb"},"inLanguage":"ro-RO","potentialAction":[{"@type":"ReadAction","target":["https:\/\/www.hsymachinery.com\/product\/rebar-straightening-machine-gtu4-12b\/"]}]},{"@type":"ImageObject","inLanguage":"ro-RO","@id":"https:\/\/www.hsymachinery.com\/product\/rebar-straightening-machine-gtu4-12b\/#primaryimage","url":"https:\/\/www.hsymachinery.com\/wp-content\/uploads\/2025\/06\/Rebar-Straightening-Machine-GTU4-12B.jpg","contentUrl":"https:\/\/www.hsymachinery.com\/wp-content\/uploads\/2025\/06\/Rebar-Straightening-Machine-GTU4-12B.jpg","width":600,"height":600},{"@type":"BreadcrumbList","@id":"https:\/\/www.hsymachinery.com\/product\/rebar-straightening-machine-gtu4-12b\/#breadcrumb","itemListElement":[{"@type":"ListItem","position":1,"name":"home","item":"https:\/\/www.hsymachinery.com\/"},{"@type":"ListItem","position":2,"name":"products","item":"https:\/\/www.hsymachinery.com\/products\/"},{"@type":"ListItem","position":3,"name":"Rebar Straightening Machine GTU4-12B"}]},{"@type":"WebSite","@id":"https:\/\/www.hsymachinery.com\/#website","url":"https:\/\/www.hsymachinery.com\/","name":"HSY Ma\u0219ini de construc\u021bii","description":"HSY Machinery - Un furnizor lider de ma\u0219ini de construc\u021bii din China, care ofer\u0103 o gam\u0103 larg\u0103 de echipamente de construc\u021bii u\u0219oare. Produsele noastre principale includ Ma\u0219ina de t\u0103iat arm\u0103turi, Ma\u0219ina de \u00eendoit arm\u0103turi, Ma\u0219ina de \u00eendoit st\u00e2lpi de arm\u0103turi, Ma\u0219ina de \u00eendoit arcuri de arm\u0103turi, Ma\u0219ina de \u00eendreptat arm\u0103turi, Ma\u0219ina de \u00eendoit st\u00e2lpi de arm\u0103turi cu cinci capete, Rammer de compactare, Compactor de pl\u0103ci, T\u0103ietor de beton, Mistrie electric\u0103 \u0219i alte utilaje de construc\u021bii. Suntem echipa\u021bi cu ma\u0219ini CNC avansate \u0219i aplic\u0103m standarde stricte de inspec\u021bie a calit\u0103\u021bii, \u00eempreun\u0103 cu servicii post-v\u00e2nzare complete. Dac\u0103 sunte\u021bi interesat de produsele sau serviciile noastre, primim cu c\u0103ldur\u0103 cererile dvs. prin mesaj.","publisher":{"@id":"https:\/\/www.hsymachinery.com\/#organization"},"potentialAction":[{"@type":"SearchAction","target":{"@type":"EntryPoint","urlTemplate":"https:\/\/www.hsymachinery.com\/?s={search_term_string}"},"query-input":{"@type":"PropertyValueSpecification","valueRequired":true,"valueName":"search_term_string"}}],"inLanguage":"ro-RO"},{"@type":"Organization","@id":"https:\/\/www.hsymachinery.com\/#organization","name":"HSY Ma\u0219ini de construc\u021bii","url":"https:\/\/www.hsymachinery.com\/","logo":{"@type":"ImageObject","inLanguage":"ro-RO","@id":"https:\/\/www.hsymachinery.com\/#\/schema\/logo\/image\/","url":"https:\/\/www.hsymachinery.com\/wp-content\/uploads\/2025\/06\/cropped-HSY-machinery.png","contentUrl":"https:\/\/www.hsymachinery.com\/wp-content\/uploads\/2025\/06\/cropped-HSY-machinery.png","width":600,"height":240,"caption":"HSY Construction Machinery"},"image":{"@id":"https:\/\/www.hsymachinery.com\/#\/schema\/logo\/image\/"}}]}},"_links":{"self":[{"href":"https:\/\/www.hsymachinery.com\/ro\/wp-json\/wp\/v2\/product\/9017","targetHints":{"allow":["GET"]}}],"collection":[{"href":"https:\/\/www.hsymachinery.com\/ro\/wp-json\/wp\/v2\/product"}],"about":[{"href":"https:\/\/www.hsymachinery.com\/ro\/wp-json\/wp\/v2\/types\/product"}],"version-history":[{"count":3,"href":"https:\/\/www.hsymachinery.com\/ro\/wp-json\/wp\/v2\/product\/9017\/revisions"}],"predecessor-version":[{"id":9439,"href":"https:\/\/www.hsymachinery.com\/ro\/wp-json\/wp\/v2\/product\/9017\/revisions\/9439"}],"wp:featuredmedia":[{"embeddable":true,"href":"https:\/\/www.hsymachinery.com\/ro\/wp-json\/wp\/v2\/media\/9018"}],"wp:attachment":[{"href":"https:\/\/www.hsymachinery.com\/ro\/wp-json\/wp\/v2\/media?parent=9017"}],"wp:term":[{"taxonomy":"product_brand","embeddable":true,"href":"https:\/\/www.hsymachinery.com\/ro\/wp-json\/wp\/v2\/product_brand?post=9017"},{"taxonomy":"product_cat","embeddable":true,"href":"https:\/\/www.hsymachinery.com\/ro\/wp-json\/wp\/v2\/product_cat?post=9017"},{"taxonomy":"product_tag","embeddable":true,"href":"https:\/\/www.hsymachinery.com\/ro\/wp-json\/wp\/v2\/product_tag?post=9017"}],"curies":[{"name":"wp","href":"https:\/\/api.w.org\/{rel}","templated":true}]}}